{"id":63485,"date":"2026-02-12T13:43:03","date_gmt":"2026-02-12T12:43:03","guid":{"rendered":"https:\/\/www.lavillagardendesign.com\/product\/los-angeles-silla-de-comedor\/"},"modified":"2026-02-23T11:38:01","modified_gmt":"2026-02-23T09:38:01","slug":"los-angeles-silla-de-comedor","status":"publish","type":"product","link":"https:\/\/www.lavillagardendesign.com\/es\/producto\/los-angeles-silla-de-comedor\/","title":{"rendered":"LOS ANGELES &#8211; Silla de comedor"},"content":{"rendered":"","protected":false},"excerpt":{"rendered":"<p>Aporta una sofisticada luminosidad a tu mesa con la silla de comedor de la colecci\u00f3n Los \u00c1ngeles (Edici\u00f3n Blanca). Esta pieza reinterpreta el dise\u00f1o exclusivo de la colecci\u00f3n con un acabado en blanco puro que resalta sus l\u00edneas modernas y refinadas. Con unas generosas dimensiones de 66 cm de ancho y 71,5 cm de fondo, ofrece un confort superior gracias a su acolchado t\u00e9cnico de tejido Axroma. Es la elecci\u00f3n perfecta para quienes buscan mezclar el lujo de Los \u00c1ngeles con la frescura del estilo mediterr\u00e1neo ibicenco.   <\/p>\n","protected":false},"featured_media":63265,"comment_status":"open","ping_status":"closed","template":"","meta":[],"product_brand":[4998],"product_cat":[5987,6833,3105,3107],"product_tag":[],"class_list":{"0":"post-63485","1":"product","2":"type-product","3":"status-publish","4":"has-post-thumbnail","6":"product_brand-la-villa","7":"product_cat-nuevas-colecciones","8":"product_cat-outdoor-es","9":"product_cat-sillas","10":"product_cat-sillas-de-comedor","12":"first","13":"instock","14":"taxable","15":"shipping-taxable","16":"purchasable","17":"product-type-simple"},"yoast_head":"<!-- This site is optimized with the Yoast SEO plugin v27.1.1 - https:\/\/yoast.com\/product\/yoast-seo-wordpress\/ -->\n<title>Los Angeles Silla de Comedor Blanca | Dise\u00f1o de Lujo | La Villa Jard\u00edn y Dise\u00f1o<\/title>\n<meta name=\"description\" content=\"Silla de comedor de la colecci\u00f3n Los \u00c1ngeles en acabado blanco. Dise\u00f1o espacioso y confortable con tejido Axroma. Elegancia luminosa para tu jard\u00edn.\" \/>\n<meta name=\"robots\" content=\"index, follow, max-snippet:-1, max-image-preview:large, max-video-preview:-1\" \/>\n<link rel=\"canonical\" href=\"https:\/\/www.lavillagardendesign.com\/es\/producto\/los-angeles-silla-de-comedor\/\" \/>\n<meta property=\"og:locale\" content=\"es_ES\" \/>\n<meta property=\"og:type\" content=\"article\" \/>\n<meta property=\"og:title\" content=\"Los Angeles Silla de Comedor Blanca | Dise\u00f1o de Lujo | La Villa Jard\u00edn y Dise\u00f1o\" \/>\n<meta property=\"og:description\" content=\"Silla de comedor de la colecci\u00f3n Los \u00c1ngeles en acabado blanco. Dise\u00f1o espacioso y confortable con tejido Axroma. Elegancia luminosa para tu jard\u00edn.\" \/>\n<meta property=\"og:url\" content=\"https:\/\/www.lavillagardendesign.com\/es\/producto\/los-angeles-silla-de-comedor\/\" \/>\n<meta property=\"og:site_name\" content=\"La Villa Garden&amp;Design\" \/>\n<meta property=\"article:publisher\" content=\"https:\/\/www.facebook.com\/lavillagardendesign\/\" \/>\n<meta property=\"article:modified_time\" content=\"2026-02-23T09:38:01+00:00\" \/>\n<meta property=\"og:image\" content=\"https:\/\/www.lavillagardendesign.com\/wp-content\/uploads\/2026\/02\/2-11-4.jpg\" \/>\n\t<meta property=\"og:image:width\" content=\"700\" \/>\n\t<meta property=\"og:image:height\" content=\"800\" \/>\n\t<meta property=\"og:image:type\" content=\"image\/jpeg\" \/>\n<meta name=\"twitter:card\" content=\"summary_large_image\" \/>\n<script type=\"application\/ld+json\" class=\"yoast-schema-graph\">{\"@context\":\"https:\/\/schema.org\",\"@graph\":[{\"@type\":\"WebPage\",\"@id\":\"https:\/\/www.lavillagardendesign.com\/es\/producto\/los-angeles-silla-de-comedor\/\",\"url\":\"https:\/\/www.lavillagardendesign.com\/es\/producto\/los-angeles-silla-de-comedor\/\",\"name\":\"Los Angeles Silla de Comedor Blanca | Dise\u00f1o de Lujo | La Villa Jard\u00edn y Dise\u00f1o\",\"isPartOf\":{\"@id\":\"https:\/\/www.lavillagardendesign.com\/#website\"},\"primaryImageOfPage\":{\"@id\":\"https:\/\/www.lavillagardendesign.com\/es\/producto\/los-angeles-silla-de-comedor\/#primaryimage\"},\"image\":{\"@id\":\"https:\/\/www.lavillagardendesign.com\/es\/producto\/los-angeles-silla-de-comedor\/#primaryimage\"},\"thumbnailUrl\":\"https:\/\/www.lavillagardendesign.com\/wp-content\/uploads\/2026\/02\/2-11-4.jpg\",\"datePublished\":\"2026-02-12T12:43:03+00:00\",\"dateModified\":\"2026-02-23T09:38:01+00:00\",\"description\":\"Silla de comedor de la colecci\u00f3n Los \u00c1ngeles en acabado blanco. Dise\u00f1o espacioso y confortable con tejido Axroma. Elegancia luminosa para tu jard\u00edn.\",\"breadcrumb\":{\"@id\":\"https:\/\/www.lavillagardendesign.com\/es\/producto\/los-angeles-silla-de-comedor\/#breadcrumb\"},\"inLanguage\":\"es\",\"potentialAction\":[{\"@type\":\"ReadAction\",\"target\":[\"https:\/\/www.lavillagardendesign.com\/es\/producto\/los-angeles-silla-de-comedor\/\"]}]},{\"@type\":\"ImageObject\",\"inLanguage\":\"es\",\"@id\":\"https:\/\/www.lavillagardendesign.com\/es\/producto\/los-angeles-silla-de-comedor\/#primaryimage\",\"url\":\"https:\/\/www.lavillagardendesign.com\/wp-content\/uploads\/2026\/02\/2-11-4.jpg\",\"contentUrl\":\"https:\/\/www.lavillagardendesign.com\/wp-content\/uploads\/2026\/02\/2-11-4.jpg\",\"width\":700,\"height\":800},{\"@type\":\"BreadcrumbList\",\"@id\":\"https:\/\/www.lavillagardendesign.com\/es\/producto\/los-angeles-silla-de-comedor\/#breadcrumb\",\"itemListElement\":[{\"@type\":\"ListItem\",\"position\":1,\"name\":\"Home\",\"item\":\"https:\/\/www.lavillagardendesign.com\/\"},{\"@type\":\"ListItem\",\"position\":2,\"name\":\"Tienda\",\"item\":\"https:\/\/www.lavillagardendesign.com\/es\/tienda\/\"},{\"@type\":\"ListItem\",\"position\":3,\"name\":\"LOS ANGELES &#8211; Silla de comedor\"}]},{\"@type\":\"WebSite\",\"@id\":\"https:\/\/www.lavillagardendesign.com\/#website\",\"url\":\"https:\/\/www.lavillagardendesign.com\/\",\"name\":\"La Villa Garden&Design\",\"description\":\"\",\"publisher\":{\"@id\":\"https:\/\/www.lavillagardendesign.com\/#organization\"},\"potentialAction\":[{\"@type\":\"SearchAction\",\"target\":{\"@type\":\"EntryPoint\",\"urlTemplate\":\"https:\/\/www.lavillagardendesign.com\/?s={search_term_string}\"},\"query-input\":{\"@type\":\"PropertyValueSpecification\",\"valueRequired\":true,\"valueName\":\"search_term_string\"}}],\"inLanguage\":\"es\"},{\"@type\":\"Organization\",\"@id\":\"https:\/\/www.lavillagardendesign.com\/#organization\",\"name\":\"La Villa Garden&Design\",\"url\":\"https:\/\/www.lavillagardendesign.com\/\",\"logo\":{\"@type\":\"ImageObject\",\"inLanguage\":\"es\",\"@id\":\"https:\/\/www.lavillagardendesign.com\/#\/schema\/logo\/image\/\",\"url\":\"https:\/\/www.lavillagardendesign.com\/wp-content\/uploads\/2024\/04\/logolavilla.png\",\"contentUrl\":\"https:\/\/www.lavillagardendesign.com\/wp-content\/uploads\/2024\/04\/logolavilla.png\",\"width\":682,\"height\":391,\"caption\":\"La Villa Garden&Design\"},\"image\":{\"@id\":\"https:\/\/www.lavillagardendesign.com\/#\/schema\/logo\/image\/\"},\"sameAs\":[\"https:\/\/www.facebook.com\/lavillagardendesign\/\"]}]}<\/script>\n<!-- \/ Yoast SEO plugin. -->","yoast_head_json":{"title":"Los Angeles Silla de Comedor Blanca | Dise\u00f1o de Lujo | La Villa Jard\u00edn y Dise\u00f1o","description":"Silla de comedor de la colecci\u00f3n Los \u00c1ngeles en acabado blanco. Dise\u00f1o espacioso y confortable con tejido Axroma. Elegancia luminosa para tu jard\u00edn.","robots":{"index":"index","follow":"follow","max-snippet":"max-snippet:-1","max-image-preview":"max-image-preview:large","max-video-preview":"max-video-preview:-1"},"canonical":"https:\/\/www.lavillagardendesign.com\/es\/producto\/los-angeles-silla-de-comedor\/","og_locale":"es_ES","og_type":"article","og_title":"Los Angeles Silla de Comedor Blanca | Dise\u00f1o de Lujo | La Villa Jard\u00edn y Dise\u00f1o","og_description":"Silla de comedor de la colecci\u00f3n Los \u00c1ngeles en acabado blanco. Dise\u00f1o espacioso y confortable con tejido Axroma. Elegancia luminosa para tu jard\u00edn.","og_url":"https:\/\/www.lavillagardendesign.com\/es\/producto\/los-angeles-silla-de-comedor\/","og_site_name":"La Villa Garden&amp;Design","article_publisher":"https:\/\/www.facebook.com\/lavillagardendesign\/","article_modified_time":"2026-02-23T09:38:01+00:00","og_image":[{"width":700,"height":800,"url":"https:\/\/www.lavillagardendesign.com\/wp-content\/uploads\/2026\/02\/2-11-4.jpg","type":"image\/jpeg"}],"twitter_card":"summary_large_image","schema":{"@context":"https:\/\/schema.org","@graph":[{"@type":"WebPage","@id":"https:\/\/www.lavillagardendesign.com\/es\/producto\/los-angeles-silla-de-comedor\/","url":"https:\/\/www.lavillagardendesign.com\/es\/producto\/los-angeles-silla-de-comedor\/","name":"Los Angeles Silla de Comedor Blanca | Dise\u00f1o de Lujo | La Villa Jard\u00edn y Dise\u00f1o","isPartOf":{"@id":"https:\/\/www.lavillagardendesign.com\/#website"},"primaryImageOfPage":{"@id":"https:\/\/www.lavillagardendesign.com\/es\/producto\/los-angeles-silla-de-comedor\/#primaryimage"},"image":{"@id":"https:\/\/www.lavillagardendesign.com\/es\/producto\/los-angeles-silla-de-comedor\/#primaryimage"},"thumbnailUrl":"https:\/\/www.lavillagardendesign.com\/wp-content\/uploads\/2026\/02\/2-11-4.jpg","datePublished":"2026-02-12T12:43:03+00:00","dateModified":"2026-02-23T09:38:01+00:00","description":"Silla de comedor de la colecci\u00f3n Los \u00c1ngeles en acabado blanco. Dise\u00f1o espacioso y confortable con tejido Axroma. Elegancia luminosa para tu jard\u00edn.","breadcrumb":{"@id":"https:\/\/www.lavillagardendesign.com\/es\/producto\/los-angeles-silla-de-comedor\/#breadcrumb"},"inLanguage":"es","potentialAction":[{"@type":"ReadAction","target":["https:\/\/www.lavillagardendesign.com\/es\/producto\/los-angeles-silla-de-comedor\/"]}]},{"@type":"ImageObject","inLanguage":"es","@id":"https:\/\/www.lavillagardendesign.com\/es\/producto\/los-angeles-silla-de-comedor\/#primaryimage","url":"https:\/\/www.lavillagardendesign.com\/wp-content\/uploads\/2026\/02\/2-11-4.jpg","contentUrl":"https:\/\/www.lavillagardendesign.com\/wp-content\/uploads\/2026\/02\/2-11-4.jpg","width":700,"height":800},{"@type":"BreadcrumbList","@id":"https:\/\/www.lavillagardendesign.com\/es\/producto\/los-angeles-silla-de-comedor\/#breadcrumb","itemListElement":[{"@type":"ListItem","position":1,"name":"Home","item":"https:\/\/www.lavillagardendesign.com\/"},{"@type":"ListItem","position":2,"name":"Tienda","item":"https:\/\/www.lavillagardendesign.com\/es\/tienda\/"},{"@type":"ListItem","position":3,"name":"LOS ANGELES &#8211; Silla de comedor"}]},{"@type":"WebSite","@id":"https:\/\/www.lavillagardendesign.com\/#website","url":"https:\/\/www.lavillagardendesign.com\/","name":"La Villa Garden&Design","description":"","publisher":{"@id":"https:\/\/www.lavillagardendesign.com\/#organization"},"potentialAction":[{"@type":"SearchAction","target":{"@type":"EntryPoint","urlTemplate":"https:\/\/www.lavillagardendesign.com\/?s={search_term_string}"},"query-input":{"@type":"PropertyValueSpecification","valueRequired":true,"valueName":"search_term_string"}}],"inLanguage":"es"},{"@type":"Organization","@id":"https:\/\/www.lavillagardendesign.com\/#organization","name":"La Villa Garden&Design","url":"https:\/\/www.lavillagardendesign.com\/","logo":{"@type":"ImageObject","inLanguage":"es","@id":"https:\/\/www.lavillagardendesign.com\/#\/schema\/logo\/image\/","url":"https:\/\/www.lavillagardendesign.com\/wp-content\/uploads\/2024\/04\/logolavilla.png","contentUrl":"https:\/\/www.lavillagardendesign.com\/wp-content\/uploads\/2024\/04\/logolavilla.png","width":682,"height":391,"caption":"La Villa Garden&Design"},"image":{"@id":"https:\/\/www.lavillagardendesign.com\/#\/schema\/logo\/image\/"},"sameAs":["https:\/\/www.facebook.com\/lavillagardendesign\/"]}]}},"_links":{"self":[{"href":"https:\/\/www.lavillagardendesign.com\/es\/wp-json\/wp\/v2\/product\/63485","targetHints":{"allow":["GET"]}}],"collection":[{"href":"https:\/\/www.lavillagardendesign.com\/es\/wp-json\/wp\/v2\/product"}],"about":[{"href":"https:\/\/www.lavillagardendesign.com\/es\/wp-json\/wp\/v2\/types\/product"}],"replies":[{"embeddable":true,"href":"https:\/\/www.lavillagardendesign.com\/es\/wp-json\/wp\/v2\/comments?post=63485"}],"version-history":[{"count":1,"href":"https:\/\/www.lavillagardendesign.com\/es\/wp-json\/wp\/v2\/product\/63485\/revisions"}],"predecessor-version":[{"id":63501,"href":"https:\/\/www.lavillagardendesign.com\/es\/wp-json\/wp\/v2\/product\/63485\/revisions\/63501"}],"wp:featuredmedia":[{"embeddable":true,"href":"https:\/\/www.lavillagardendesign.com\/es\/wp-json\/wp\/v2\/media\/63265"}],"wp:attachment":[{"href":"https:\/\/www.lavillagardendesign.com\/es\/wp-json\/wp\/v2\/media?parent=63485"}],"wp:term":[{"taxonomy":"product_brand","embeddable":true,"href":"https:\/\/www.lavillagardendesign.com\/es\/wp-json\/wp\/v2\/product_brand?post=63485"},{"taxonomy":"product_cat","embeddable":true,"href":"https:\/\/www.lavillagardendesign.com\/es\/wp-json\/wp\/v2\/product_cat?post=63485"},{"taxonomy":"product_tag","embeddable":true,"href":"https:\/\/www.lavillagardendesign.com\/es\/wp-json\/wp\/v2\/product_tag?post=63485"}],"curies":[{"name":"wp","href":"https:\/\/api.w.org\/{rel}","templated":true}]}}