{"id":63448,"date":"2026-02-12T10:18:12","date_gmt":"2026-02-12T09:18:12","guid":{"rendered":"https:\/\/www.lavillagardendesign.com\/product\/miami-modulo-de-2-plazas-sin-brazos\/"},"modified":"2026-02-23T11:40:09","modified_gmt":"2026-02-23T09:40:09","slug":"miami-modulo-de-2-plazas-sin-brazos","status":"publish","type":"product","link":"https:\/\/www.lavillagardendesign.com\/es\/producto\/miami-modulo-de-2-plazas-sin-brazos\/","title":{"rendered":"MIAMI &#8211; M\u00f3dulo de 2 plazas sin brazos"},"content":{"rendered":"","protected":false},"excerpt":{"rendered":"<p>Establece los cimientos de tu sal\u00f3n exterior con el m\u00f3dulo de 2 plazas de la colecci\u00f3n <span class=\"il\">Miami<\/span>. Esta pieza destaca por su impresionante anchura de 162 cm y su gran profundidad, ofreciendo un espacio de asiento generoso y envolvente. Su estructura de aluminio en acabado Charcoal contrasta elegantemente con el tejido texturizado \u00abChampagne Beige Chin\u00e9\u00bb, proporcionando una est\u00e9tica sobria y luminosa ideal para terrazas modernas que buscan funcionalidad y dise\u00f1o premium.  <\/p>\n","protected":false},"featured_media":63131,"comment_status":"open","ping_status":"closed","template":"","meta":[],"product_brand":[4998],"product_cat":[5987,6833,3111,3113],"product_tag":[],"class_list":{"0":"post-63448","1":"product","2":"type-product","3":"status-publish","4":"has-post-thumbnail","6":"product_brand-la-villa","7":"product_cat-nuevas-colecciones","8":"product_cat-outdoor-es","9":"product_cat-sofas-y-butacas","10":"product_cat-sofas-es","12":"first","13":"instock","14":"taxable","15":"shipping-taxable","16":"purchasable","17":"product-type-simple"},"yoast_head":"<!-- This site is optimized with the Yoast SEO plugin v27.1.1 - https:\/\/yoast.com\/product\/yoast-seo-wordpress\/ -->\n<title>M\u00f3dulo Sof\u00e1 2 Plazas Miami | Aluminio Carb\u00f3n | La Villa Garden &amp; Design<\/title>\n<meta name=\"description\" content=\"M\u00f3dulo central de 2 plazas de la colecci\u00f3n Miami. Amplio dise\u00f1o en aluminio Carb\u00f3n y tela Beige Champ\u00e1n. Confort profundo para jardines de lujo.\" \/>\n<meta name=\"robots\" content=\"index, follow, max-snippet:-1, max-image-preview:large, max-video-preview:-1\" \/>\n<link rel=\"canonical\" href=\"https:\/\/www.lavillagardendesign.com\/es\/producto\/miami-modulo-de-2-plazas-sin-brazos\/\" \/>\n<meta property=\"og:locale\" content=\"es_ES\" \/>\n<meta property=\"og:type\" content=\"article\" \/>\n<meta property=\"og:title\" content=\"M\u00f3dulo Sof\u00e1 2 Plazas Miami | Aluminio Carb\u00f3n | La Villa Garden &amp; Design\" \/>\n<meta property=\"og:description\" content=\"M\u00f3dulo central de 2 plazas de la colecci\u00f3n Miami. Amplio dise\u00f1o en aluminio Carb\u00f3n y tela Beige Champ\u00e1n. Confort profundo para jardines de lujo.\" \/>\n<meta property=\"og:url\" content=\"https:\/\/www.lavillagardendesign.com\/es\/producto\/miami-modulo-de-2-plazas-sin-brazos\/\" \/>\n<meta property=\"og:site_name\" content=\"La Villa Garden&amp;Design\" \/>\n<meta property=\"article:publisher\" content=\"https:\/\/www.facebook.com\/lavillagardendesign\/\" \/>\n<meta property=\"article:modified_time\" content=\"2026-02-23T09:40:09+00:00\" \/>\n<meta property=\"og:image\" content=\"https:\/\/www.lavillagardendesign.com\/wp-content\/uploads\/2026\/02\/Captura-de-pantalla-2026-01-03-a-las-15.31.14.jpg\" \/>\n\t<meta property=\"og:image:width\" content=\"544\" \/>\n\t<meta property=\"og:image:height\" content=\"396\" \/>\n\t<meta property=\"og:image:type\" content=\"image\/jpeg\" \/>\n<meta name=\"twitter:card\" content=\"summary_large_image\" \/>\n<script type=\"application\/ld+json\" class=\"yoast-schema-graph\">{\"@context\":\"https:\/\/schema.org\",\"@graph\":[{\"@type\":\"WebPage\",\"@id\":\"https:\/\/www.lavillagardendesign.com\/es\/producto\/miami-modulo-de-2-plazas-sin-brazos\/\",\"url\":\"https:\/\/www.lavillagardendesign.com\/es\/producto\/miami-modulo-de-2-plazas-sin-brazos\/\",\"name\":\"M\u00f3dulo Sof\u00e1 2 Plazas Miami | Aluminio Carb\u00f3n | La Villa Garden & Design\",\"isPartOf\":{\"@id\":\"https:\/\/www.lavillagardendesign.com\/#website\"},\"primaryImageOfPage\":{\"@id\":\"https:\/\/www.lavillagardendesign.com\/es\/producto\/miami-modulo-de-2-plazas-sin-brazos\/#primaryimage\"},\"image\":{\"@id\":\"https:\/\/www.lavillagardendesign.com\/es\/producto\/miami-modulo-de-2-plazas-sin-brazos\/#primaryimage\"},\"thumbnailUrl\":\"https:\/\/www.lavillagardendesign.com\/wp-content\/uploads\/2026\/02\/Captura-de-pantalla-2026-01-03-a-las-15.31.14.jpg\",\"datePublished\":\"2026-02-12T09:18:12+00:00\",\"dateModified\":\"2026-02-23T09:40:09+00:00\",\"description\":\"M\u00f3dulo central de 2 plazas de la colecci\u00f3n Miami. Amplio dise\u00f1o en aluminio Carb\u00f3n y tela Beige Champ\u00e1n. Confort profundo para jardines de lujo.\",\"breadcrumb\":{\"@id\":\"https:\/\/www.lavillagardendesign.com\/es\/producto\/miami-modulo-de-2-plazas-sin-brazos\/#breadcrumb\"},\"inLanguage\":\"es\",\"potentialAction\":[{\"@type\":\"ReadAction\",\"target\":[\"https:\/\/www.lavillagardendesign.com\/es\/producto\/miami-modulo-de-2-plazas-sin-brazos\/\"]}]},{\"@type\":\"ImageObject\",\"inLanguage\":\"es\",\"@id\":\"https:\/\/www.lavillagardendesign.com\/es\/producto\/miami-modulo-de-2-plazas-sin-brazos\/#primaryimage\",\"url\":\"https:\/\/www.lavillagardendesign.com\/wp-content\/uploads\/2026\/02\/Captura-de-pantalla-2026-01-03-a-las-15.31.14.jpg\",\"contentUrl\":\"https:\/\/www.lavillagardendesign.com\/wp-content\/uploads\/2026\/02\/Captura-de-pantalla-2026-01-03-a-las-15.31.14.jpg\",\"width\":544,\"height\":396},{\"@type\":\"BreadcrumbList\",\"@id\":\"https:\/\/www.lavillagardendesign.com\/es\/producto\/miami-modulo-de-2-plazas-sin-brazos\/#breadcrumb\",\"itemListElement\":[{\"@type\":\"ListItem\",\"position\":1,\"name\":\"Home\",\"item\":\"https:\/\/www.lavillagardendesign.com\/\"},{\"@type\":\"ListItem\",\"position\":2,\"name\":\"Tienda\",\"item\":\"https:\/\/www.lavillagardendesign.com\/es\/tienda\/\"},{\"@type\":\"ListItem\",\"position\":3,\"name\":\"MIAMI &#8211; M\u00f3dulo de 2 plazas sin brazos\"}]},{\"@type\":\"WebSite\",\"@id\":\"https:\/\/www.lavillagardendesign.com\/#website\",\"url\":\"https:\/\/www.lavillagardendesign.com\/\",\"name\":\"La Villa Garden&Design\",\"description\":\"\",\"publisher\":{\"@id\":\"https:\/\/www.lavillagardendesign.com\/#organization\"},\"potentialAction\":[{\"@type\":\"SearchAction\",\"target\":{\"@type\":\"EntryPoint\",\"urlTemplate\":\"https:\/\/www.lavillagardendesign.com\/?s={search_term_string}\"},\"query-input\":{\"@type\":\"PropertyValueSpecification\",\"valueRequired\":true,\"valueName\":\"search_term_string\"}}],\"inLanguage\":\"es\"},{\"@type\":\"Organization\",\"@id\":\"https:\/\/www.lavillagardendesign.com\/#organization\",\"name\":\"La Villa Garden&Design\",\"url\":\"https:\/\/www.lavillagardendesign.com\/\",\"logo\":{\"@type\":\"ImageObject\",\"inLanguage\":\"es\",\"@id\":\"https:\/\/www.lavillagardendesign.com\/#\/schema\/logo\/image\/\",\"url\":\"https:\/\/www.lavillagardendesign.com\/wp-content\/uploads\/2024\/04\/logolavilla.png\",\"contentUrl\":\"https:\/\/www.lavillagardendesign.com\/wp-content\/uploads\/2024\/04\/logolavilla.png\",\"width\":682,\"height\":391,\"caption\":\"La Villa Garden&Design\"},\"image\":{\"@id\":\"https:\/\/www.lavillagardendesign.com\/#\/schema\/logo\/image\/\"},\"sameAs\":[\"https:\/\/www.facebook.com\/lavillagardendesign\/\"]}]}<\/script>\n<!-- \/ Yoast SEO plugin. -->","yoast_head_json":{"title":"M\u00f3dulo Sof\u00e1 2 Plazas Miami | Aluminio Carb\u00f3n | La Villa Garden & Design","description":"M\u00f3dulo central de 2 plazas de la colecci\u00f3n Miami. Amplio dise\u00f1o en aluminio Carb\u00f3n y tela Beige Champ\u00e1n. Confort profundo para jardines de lujo.","robots":{"index":"index","follow":"follow","max-snippet":"max-snippet:-1","max-image-preview":"max-image-preview:large","max-video-preview":"max-video-preview:-1"},"canonical":"https:\/\/www.lavillagardendesign.com\/es\/producto\/miami-modulo-de-2-plazas-sin-brazos\/","og_locale":"es_ES","og_type":"article","og_title":"M\u00f3dulo Sof\u00e1 2 Plazas Miami | Aluminio Carb\u00f3n | La Villa Garden & Design","og_description":"M\u00f3dulo central de 2 plazas de la colecci\u00f3n Miami. Amplio dise\u00f1o en aluminio Carb\u00f3n y tela Beige Champ\u00e1n. Confort profundo para jardines de lujo.","og_url":"https:\/\/www.lavillagardendesign.com\/es\/producto\/miami-modulo-de-2-plazas-sin-brazos\/","og_site_name":"La Villa Garden&amp;Design","article_publisher":"https:\/\/www.facebook.com\/lavillagardendesign\/","article_modified_time":"2026-02-23T09:40:09+00:00","og_image":[{"width":544,"height":396,"url":"https:\/\/www.lavillagardendesign.com\/wp-content\/uploads\/2026\/02\/Captura-de-pantalla-2026-01-03-a-las-15.31.14.jpg","type":"image\/jpeg"}],"twitter_card":"summary_large_image","schema":{"@context":"https:\/\/schema.org","@graph":[{"@type":"WebPage","@id":"https:\/\/www.lavillagardendesign.com\/es\/producto\/miami-modulo-de-2-plazas-sin-brazos\/","url":"https:\/\/www.lavillagardendesign.com\/es\/producto\/miami-modulo-de-2-plazas-sin-brazos\/","name":"M\u00f3dulo Sof\u00e1 2 Plazas Miami | Aluminio Carb\u00f3n | La Villa Garden & Design","isPartOf":{"@id":"https:\/\/www.lavillagardendesign.com\/#website"},"primaryImageOfPage":{"@id":"https:\/\/www.lavillagardendesign.com\/es\/producto\/miami-modulo-de-2-plazas-sin-brazos\/#primaryimage"},"image":{"@id":"https:\/\/www.lavillagardendesign.com\/es\/producto\/miami-modulo-de-2-plazas-sin-brazos\/#primaryimage"},"thumbnailUrl":"https:\/\/www.lavillagardendesign.com\/wp-content\/uploads\/2026\/02\/Captura-de-pantalla-2026-01-03-a-las-15.31.14.jpg","datePublished":"2026-02-12T09:18:12+00:00","dateModified":"2026-02-23T09:40:09+00:00","description":"M\u00f3dulo central de 2 plazas de la colecci\u00f3n Miami. Amplio dise\u00f1o en aluminio Carb\u00f3n y tela Beige Champ\u00e1n. Confort profundo para jardines de lujo.","breadcrumb":{"@id":"https:\/\/www.lavillagardendesign.com\/es\/producto\/miami-modulo-de-2-plazas-sin-brazos\/#breadcrumb"},"inLanguage":"es","potentialAction":[{"@type":"ReadAction","target":["https:\/\/www.lavillagardendesign.com\/es\/producto\/miami-modulo-de-2-plazas-sin-brazos\/"]}]},{"@type":"ImageObject","inLanguage":"es","@id":"https:\/\/www.lavillagardendesign.com\/es\/producto\/miami-modulo-de-2-plazas-sin-brazos\/#primaryimage","url":"https:\/\/www.lavillagardendesign.com\/wp-content\/uploads\/2026\/02\/Captura-de-pantalla-2026-01-03-a-las-15.31.14.jpg","contentUrl":"https:\/\/www.lavillagardendesign.com\/wp-content\/uploads\/2026\/02\/Captura-de-pantalla-2026-01-03-a-las-15.31.14.jpg","width":544,"height":396},{"@type":"BreadcrumbList","@id":"https:\/\/www.lavillagardendesign.com\/es\/producto\/miami-modulo-de-2-plazas-sin-brazos\/#breadcrumb","itemListElement":[{"@type":"ListItem","position":1,"name":"Home","item":"https:\/\/www.lavillagardendesign.com\/"},{"@type":"ListItem","position":2,"name":"Tienda","item":"https:\/\/www.lavillagardendesign.com\/es\/tienda\/"},{"@type":"ListItem","position":3,"name":"MIAMI &#8211; M\u00f3dulo de 2 plazas sin brazos"}]},{"@type":"WebSite","@id":"https:\/\/www.lavillagardendesign.com\/#website","url":"https:\/\/www.lavillagardendesign.com\/","name":"La Villa Garden&Design","description":"","publisher":{"@id":"https:\/\/www.lavillagardendesign.com\/#organization"},"potentialAction":[{"@type":"SearchAction","target":{"@type":"EntryPoint","urlTemplate":"https:\/\/www.lavillagardendesign.com\/?s={search_term_string}"},"query-input":{"@type":"PropertyValueSpecification","valueRequired":true,"valueName":"search_term_string"}}],"inLanguage":"es"},{"@type":"Organization","@id":"https:\/\/www.lavillagardendesign.com\/#organization","name":"La Villa Garden&Design","url":"https:\/\/www.lavillagardendesign.com\/","logo":{"@type":"ImageObject","inLanguage":"es","@id":"https:\/\/www.lavillagardendesign.com\/#\/schema\/logo\/image\/","url":"https:\/\/www.lavillagardendesign.com\/wp-content\/uploads\/2024\/04\/logolavilla.png","contentUrl":"https:\/\/www.lavillagardendesign.com\/wp-content\/uploads\/2024\/04\/logolavilla.png","width":682,"height":391,"caption":"La Villa Garden&Design"},"image":{"@id":"https:\/\/www.lavillagardendesign.com\/#\/schema\/logo\/image\/"},"sameAs":["https:\/\/www.facebook.com\/lavillagardendesign\/"]}]}},"_links":{"self":[{"href":"https:\/\/www.lavillagardendesign.com\/es\/wp-json\/wp\/v2\/product\/63448","targetHints":{"allow":["GET"]}}],"collection":[{"href":"https:\/\/www.lavillagardendesign.com\/es\/wp-json\/wp\/v2\/product"}],"about":[{"href":"https:\/\/www.lavillagardendesign.com\/es\/wp-json\/wp\/v2\/types\/product"}],"replies":[{"embeddable":true,"href":"https:\/\/www.lavillagardendesign.com\/es\/wp-json\/wp\/v2\/comments?post=63448"}],"version-history":[{"count":1,"href":"https:\/\/www.lavillagardendesign.com\/es\/wp-json\/wp\/v2\/product\/63448\/revisions"}],"predecessor-version":[{"id":63451,"href":"https:\/\/www.lavillagardendesign.com\/es\/wp-json\/wp\/v2\/product\/63448\/revisions\/63451"}],"wp:featuredmedia":[{"embeddable":true,"href":"https:\/\/www.lavillagardendesign.com\/es\/wp-json\/wp\/v2\/media\/63131"}],"wp:attachment":[{"href":"https:\/\/www.lavillagardendesign.com\/es\/wp-json\/wp\/v2\/media?parent=63448"}],"wp:term":[{"taxonomy":"product_brand","embeddable":true,"href":"https:\/\/www.lavillagardendesign.com\/es\/wp-json\/wp\/v2\/product_brand?post=63448"},{"taxonomy":"product_cat","embeddable":true,"href":"https:\/\/www.lavillagardendesign.com\/es\/wp-json\/wp\/v2\/product_cat?post=63448"},{"taxonomy":"product_tag","embeddable":true,"href":"https:\/\/www.lavillagardendesign.com\/es\/wp-json\/wp\/v2\/product_tag?post=63448"}],"curies":[{"name":"wp","href":"https:\/\/api.w.org\/{rel}","templated":true}]}}