{"id":63440,"date":"2026-02-12T12:08:45","date_gmt":"2026-02-12T11:08:45","guid":{"rendered":"https:\/\/www.lavillagardendesign.com\/product\/miami-reposapies-otomano\/"},"modified":"2026-02-23T11:40:00","modified_gmt":"2026-02-23T09:40:00","slug":"miami-reposapies-otomano","status":"publish","type":"product","link":"https:\/\/www.lavillagardendesign.com\/es\/producto\/miami-reposapies-otomano\/","title":{"rendered":"MIAMI &#8211; Reposapi\u00e9s otomano"},"content":{"rendered":"","protected":false},"excerpt":{"rendered":"<p>Vers\u00e1til y elegante, el puf de la colecci\u00f3n <span class=\"il\">Miami<\/span> complementa tu conjunto modular a\u00f1adi\u00e9ndole una funcionalidad extra. Su estructura de 81&#215;81 cm permite utilizarla como un c\u00f3modo reposapi\u00e9s, un asiento auxiliar independiente o, a\u00f1adiendo una bandeja, como mesa de centro textil. Tapizado en el exclusivo tejido Chin\u00e9 Beige Champ\u00e1n sobre una base Carb\u00f3n, mantiene la sofisticada coherencia est\u00e9tica de toda la l\u00ednea.  <\/p>\n","protected":false},"featured_media":63153,"comment_status":"open","ping_status":"closed","template":"","meta":[],"product_brand":[4998],"product_cat":[5987,6833,3111,3113],"product_tag":[],"class_list":{"0":"post-63440","1":"product","2":"type-product","3":"status-publish","4":"has-post-thumbnail","6":"product_brand-la-villa","7":"product_cat-nuevas-colecciones","8":"product_cat-outdoor-es","9":"product_cat-sofas-y-butacas","10":"product_cat-sofas-es","12":"first","13":"instock","14":"taxable","15":"shipping-taxable","16":"purchasable","17":"product-type-simple"},"yoast_head":"<!-- This site is optimized with the Yoast SEO plugin v27.1.1 - https:\/\/yoast.com\/product\/yoast-seo-wordpress\/ -->\n<title>Reposapi\u00e9s Otomano Miami | Aluminio y Tela Beige | La Villa Garden &amp; Design<\/title>\n<meta name=\"description\" content=\"Puf otomano de la colecci\u00f3n Miami. Estructura de color carb\u00f3n y tejido beige champ\u00e1n. Elemento vers\u00e1til para ampliar el confort de tu terraza de lujo.\" \/>\n<meta name=\"robots\" content=\"index, follow, max-snippet:-1, max-image-preview:large, max-video-preview:-1\" \/>\n<link rel=\"canonical\" href=\"https:\/\/www.lavillagardendesign.com\/es\/producto\/miami-reposapies-otomano\/\" \/>\n<meta property=\"og:locale\" content=\"es_ES\" \/>\n<meta property=\"og:type\" content=\"article\" \/>\n<meta property=\"og:title\" content=\"Reposapi\u00e9s Otomano Miami | Aluminio y Tela Beige | La Villa Garden &amp; Design\" \/>\n<meta property=\"og:description\" content=\"Puf otomano de la colecci\u00f3n Miami. Estructura de color carb\u00f3n y tejido beige champ\u00e1n. Elemento vers\u00e1til para ampliar el confort de tu terraza de lujo.\" \/>\n<meta property=\"og:url\" content=\"https:\/\/www.lavillagardendesign.com\/es\/producto\/miami-reposapies-otomano\/\" \/>\n<meta property=\"og:site_name\" content=\"La Villa Garden&amp;Design\" \/>\n<meta property=\"article:publisher\" content=\"https:\/\/www.facebook.com\/lavillagardendesign\/\" \/>\n<meta property=\"article:modified_time\" content=\"2026-02-23T09:40:00+00:00\" \/>\n<meta property=\"og:image\" content=\"https:\/\/www.lavillagardendesign.com\/wp-content\/uploads\/2026\/02\/Design-sans-titre-2.png\" \/>\n\t<meta property=\"og:image:width\" content=\"700\" \/>\n\t<meta property=\"og:image:height\" content=\"800\" \/>\n\t<meta property=\"og:image:type\" content=\"image\/png\" \/>\n<meta name=\"twitter:card\" content=\"summary_large_image\" \/>\n<script type=\"application\/ld+json\" class=\"yoast-schema-graph\">{\"@context\":\"https:\/\/schema.org\",\"@graph\":[{\"@type\":\"WebPage\",\"@id\":\"https:\/\/www.lavillagardendesign.com\/es\/producto\/miami-reposapies-otomano\/\",\"url\":\"https:\/\/www.lavillagardendesign.com\/es\/producto\/miami-reposapies-otomano\/\",\"name\":\"Reposapi\u00e9s Otomano Miami | Aluminio y Tela Beige | La Villa Garden & Design\",\"isPartOf\":{\"@id\":\"https:\/\/www.lavillagardendesign.com\/#website\"},\"primaryImageOfPage\":{\"@id\":\"https:\/\/www.lavillagardendesign.com\/es\/producto\/miami-reposapies-otomano\/#primaryimage\"},\"image\":{\"@id\":\"https:\/\/www.lavillagardendesign.com\/es\/producto\/miami-reposapies-otomano\/#primaryimage\"},\"thumbnailUrl\":\"https:\/\/www.lavillagardendesign.com\/wp-content\/uploads\/2026\/02\/Design-sans-titre-2.png\",\"datePublished\":\"2026-02-12T11:08:45+00:00\",\"dateModified\":\"2026-02-23T09:40:00+00:00\",\"description\":\"Puf otomano de la colecci\u00f3n Miami. Estructura de color carb\u00f3n y tejido beige champ\u00e1n. Elemento vers\u00e1til para ampliar el confort de tu terraza de lujo.\",\"breadcrumb\":{\"@id\":\"https:\/\/www.lavillagardendesign.com\/es\/producto\/miami-reposapies-otomano\/#breadcrumb\"},\"inLanguage\":\"es\",\"potentialAction\":[{\"@type\":\"ReadAction\",\"target\":[\"https:\/\/www.lavillagardendesign.com\/es\/producto\/miami-reposapies-otomano\/\"]}]},{\"@type\":\"ImageObject\",\"inLanguage\":\"es\",\"@id\":\"https:\/\/www.lavillagardendesign.com\/es\/producto\/miami-reposapies-otomano\/#primaryimage\",\"url\":\"https:\/\/www.lavillagardendesign.com\/wp-content\/uploads\/2026\/02\/Design-sans-titre-2.png\",\"contentUrl\":\"https:\/\/www.lavillagardendesign.com\/wp-content\/uploads\/2026\/02\/Design-sans-titre-2.png\",\"width\":700,\"height\":800},{\"@type\":\"BreadcrumbList\",\"@id\":\"https:\/\/www.lavillagardendesign.com\/es\/producto\/miami-reposapies-otomano\/#breadcrumb\",\"itemListElement\":[{\"@type\":\"ListItem\",\"position\":1,\"name\":\"Home\",\"item\":\"https:\/\/www.lavillagardendesign.com\/\"},{\"@type\":\"ListItem\",\"position\":2,\"name\":\"Tienda\",\"item\":\"https:\/\/www.lavillagardendesign.com\/es\/tienda\/\"},{\"@type\":\"ListItem\",\"position\":3,\"name\":\"MIAMI &#8211; Reposapi\u00e9s otomano\"}]},{\"@type\":\"WebSite\",\"@id\":\"https:\/\/www.lavillagardendesign.com\/#website\",\"url\":\"https:\/\/www.lavillagardendesign.com\/\",\"name\":\"La Villa Garden&Design\",\"description\":\"\",\"publisher\":{\"@id\":\"https:\/\/www.lavillagardendesign.com\/#organization\"},\"potentialAction\":[{\"@type\":\"SearchAction\",\"target\":{\"@type\":\"EntryPoint\",\"urlTemplate\":\"https:\/\/www.lavillagardendesign.com\/?s={search_term_string}\"},\"query-input\":{\"@type\":\"PropertyValueSpecification\",\"valueRequired\":true,\"valueName\":\"search_term_string\"}}],\"inLanguage\":\"es\"},{\"@type\":\"Organization\",\"@id\":\"https:\/\/www.lavillagardendesign.com\/#organization\",\"name\":\"La Villa Garden&Design\",\"url\":\"https:\/\/www.lavillagardendesign.com\/\",\"logo\":{\"@type\":\"ImageObject\",\"inLanguage\":\"es\",\"@id\":\"https:\/\/www.lavillagardendesign.com\/#\/schema\/logo\/image\/\",\"url\":\"https:\/\/www.lavillagardendesign.com\/wp-content\/uploads\/2024\/04\/logolavilla.png\",\"contentUrl\":\"https:\/\/www.lavillagardendesign.com\/wp-content\/uploads\/2024\/04\/logolavilla.png\",\"width\":682,\"height\":391,\"caption\":\"La Villa Garden&Design\"},\"image\":{\"@id\":\"https:\/\/www.lavillagardendesign.com\/#\/schema\/logo\/image\/\"},\"sameAs\":[\"https:\/\/www.facebook.com\/lavillagardendesign\/\"]}]}<\/script>\n<!-- \/ Yoast SEO plugin. -->","yoast_head_json":{"title":"Reposapi\u00e9s Otomano Miami | Aluminio y Tela Beige | La Villa Garden & Design","description":"Puf otomano de la colecci\u00f3n Miami. Estructura de color carb\u00f3n y tejido beige champ\u00e1n. Elemento vers\u00e1til para ampliar el confort de tu terraza de lujo.","robots":{"index":"index","follow":"follow","max-snippet":"max-snippet:-1","max-image-preview":"max-image-preview:large","max-video-preview":"max-video-preview:-1"},"canonical":"https:\/\/www.lavillagardendesign.com\/es\/producto\/miami-reposapies-otomano\/","og_locale":"es_ES","og_type":"article","og_title":"Reposapi\u00e9s Otomano Miami | Aluminio y Tela Beige | La Villa Garden & Design","og_description":"Puf otomano de la colecci\u00f3n Miami. Estructura de color carb\u00f3n y tejido beige champ\u00e1n. Elemento vers\u00e1til para ampliar el confort de tu terraza de lujo.","og_url":"https:\/\/www.lavillagardendesign.com\/es\/producto\/miami-reposapies-otomano\/","og_site_name":"La Villa Garden&amp;Design","article_publisher":"https:\/\/www.facebook.com\/lavillagardendesign\/","article_modified_time":"2026-02-23T09:40:00+00:00","og_image":[{"width":700,"height":800,"url":"https:\/\/www.lavillagardendesign.com\/wp-content\/uploads\/2026\/02\/Design-sans-titre-2.png","type":"image\/png"}],"twitter_card":"summary_large_image","schema":{"@context":"https:\/\/schema.org","@graph":[{"@type":"WebPage","@id":"https:\/\/www.lavillagardendesign.com\/es\/producto\/miami-reposapies-otomano\/","url":"https:\/\/www.lavillagardendesign.com\/es\/producto\/miami-reposapies-otomano\/","name":"Reposapi\u00e9s Otomano Miami | Aluminio y Tela Beige | La Villa Garden & Design","isPartOf":{"@id":"https:\/\/www.lavillagardendesign.com\/#website"},"primaryImageOfPage":{"@id":"https:\/\/www.lavillagardendesign.com\/es\/producto\/miami-reposapies-otomano\/#primaryimage"},"image":{"@id":"https:\/\/www.lavillagardendesign.com\/es\/producto\/miami-reposapies-otomano\/#primaryimage"},"thumbnailUrl":"https:\/\/www.lavillagardendesign.com\/wp-content\/uploads\/2026\/02\/Design-sans-titre-2.png","datePublished":"2026-02-12T11:08:45+00:00","dateModified":"2026-02-23T09:40:00+00:00","description":"Puf otomano de la colecci\u00f3n Miami. Estructura de color carb\u00f3n y tejido beige champ\u00e1n. Elemento vers\u00e1til para ampliar el confort de tu terraza de lujo.","breadcrumb":{"@id":"https:\/\/www.lavillagardendesign.com\/es\/producto\/miami-reposapies-otomano\/#breadcrumb"},"inLanguage":"es","potentialAction":[{"@type":"ReadAction","target":["https:\/\/www.lavillagardendesign.com\/es\/producto\/miami-reposapies-otomano\/"]}]},{"@type":"ImageObject","inLanguage":"es","@id":"https:\/\/www.lavillagardendesign.com\/es\/producto\/miami-reposapies-otomano\/#primaryimage","url":"https:\/\/www.lavillagardendesign.com\/wp-content\/uploads\/2026\/02\/Design-sans-titre-2.png","contentUrl":"https:\/\/www.lavillagardendesign.com\/wp-content\/uploads\/2026\/02\/Design-sans-titre-2.png","width":700,"height":800},{"@type":"BreadcrumbList","@id":"https:\/\/www.lavillagardendesign.com\/es\/producto\/miami-reposapies-otomano\/#breadcrumb","itemListElement":[{"@type":"ListItem","position":1,"name":"Home","item":"https:\/\/www.lavillagardendesign.com\/"},{"@type":"ListItem","position":2,"name":"Tienda","item":"https:\/\/www.lavillagardendesign.com\/es\/tienda\/"},{"@type":"ListItem","position":3,"name":"MIAMI &#8211; Reposapi\u00e9s otomano"}]},{"@type":"WebSite","@id":"https:\/\/www.lavillagardendesign.com\/#website","url":"https:\/\/www.lavillagardendesign.com\/","name":"La Villa Garden&Design","description":"","publisher":{"@id":"https:\/\/www.lavillagardendesign.com\/#organization"},"potentialAction":[{"@type":"SearchAction","target":{"@type":"EntryPoint","urlTemplate":"https:\/\/www.lavillagardendesign.com\/?s={search_term_string}"},"query-input":{"@type":"PropertyValueSpecification","valueRequired":true,"valueName":"search_term_string"}}],"inLanguage":"es"},{"@type":"Organization","@id":"https:\/\/www.lavillagardendesign.com\/#organization","name":"La Villa Garden&Design","url":"https:\/\/www.lavillagardendesign.com\/","logo":{"@type":"ImageObject","inLanguage":"es","@id":"https:\/\/www.lavillagardendesign.com\/#\/schema\/logo\/image\/","url":"https:\/\/www.lavillagardendesign.com\/wp-content\/uploads\/2024\/04\/logolavilla.png","contentUrl":"https:\/\/www.lavillagardendesign.com\/wp-content\/uploads\/2024\/04\/logolavilla.png","width":682,"height":391,"caption":"La Villa Garden&Design"},"image":{"@id":"https:\/\/www.lavillagardendesign.com\/#\/schema\/logo\/image\/"},"sameAs":["https:\/\/www.facebook.com\/lavillagardendesign\/"]}]}},"_links":{"self":[{"href":"https:\/\/www.lavillagardendesign.com\/es\/wp-json\/wp\/v2\/product\/63440","targetHints":{"allow":["GET"]}}],"collection":[{"href":"https:\/\/www.lavillagardendesign.com\/es\/wp-json\/wp\/v2\/product"}],"about":[{"href":"https:\/\/www.lavillagardendesign.com\/es\/wp-json\/wp\/v2\/types\/product"}],"replies":[{"embeddable":true,"href":"https:\/\/www.lavillagardendesign.com\/es\/wp-json\/wp\/v2\/comments?post=63440"}],"version-history":[{"count":1,"href":"https:\/\/www.lavillagardendesign.com\/es\/wp-json\/wp\/v2\/product\/63440\/revisions"}],"predecessor-version":[{"id":63659,"href":"https:\/\/www.lavillagardendesign.com\/es\/wp-json\/wp\/v2\/product\/63440\/revisions\/63659"}],"wp:featuredmedia":[{"embeddable":true,"href":"https:\/\/www.lavillagardendesign.com\/es\/wp-json\/wp\/v2\/media\/63153"}],"wp:attachment":[{"href":"https:\/\/www.lavillagardendesign.com\/es\/wp-json\/wp\/v2\/media?parent=63440"}],"wp:term":[{"taxonomy":"product_brand","embeddable":true,"href":"https:\/\/www.lavillagardendesign.com\/es\/wp-json\/wp\/v2\/product_brand?post=63440"},{"taxonomy":"product_cat","embeddable":true,"href":"https:\/\/www.lavillagardendesign.com\/es\/wp-json\/wp\/v2\/product_cat?post=63440"},{"taxonomy":"product_tag","embeddable":true,"href":"https:\/\/www.lavillagardendesign.com\/es\/wp-json\/wp\/v2\/product_tag?post=63440"}],"curies":[{"name":"wp","href":"https:\/\/api.w.org\/{rel}","templated":true}]}}