{"id":63429,"date":"2026-02-12T14:02:53","date_gmt":"2026-02-12T13:02:53","guid":{"rendered":"https:\/\/www.lavillagardendesign.com\/product\/palma-conjunto-de-sofas-rinconera-modulo-de-2-plazas-chaise-lounge\/"},"modified":"2026-02-23T11:37:15","modified_gmt":"2026-02-23T09:37:15","slug":"palma-conjunto-de-sofas-rinconera-modulo-de-2-plazas-chaise-lounge","status":"publish","type":"product","link":"https:\/\/www.lavillagardendesign.com\/es\/producto\/palma-conjunto-de-sofas-rinconera-modulo-de-2-plazas-chaise-lounge\/","title":{"rendered":"PALMA &#8211; Conjunto de sof\u00e1s rinconera (M\u00f3dulo de 2 plazas + Chaise Lounge)"},"content":{"rendered":"","protected":false},"excerpt":{"rendered":"<p>Redefine el confort de tu terraza con el exclusivo conjunto de sof\u00e1s rinconera de la colecci\u00f3n <span class=\"il\">Palma<\/span>. Este conjunto combina la calidez natural de una base de madera de acacia con la modernidad de unas sutiles patas de aluminio acabado en blanco. Su dise\u00f1o de perfil bajo y su generosa profundidad, vestida con un acolchado beige de alta densidad con tela de exterior, invitan a la relajaci\u00f3n absoluta. Una pieza central perfecta para las villas mediterr\u00e1neas que buscan combinar lujo, naturaleza y durabilidad.   <\/p>\n<ul>\n<li>M\u00f3dulo de 2 plazas: 155 cm (Ancho) x 93 cm (Fondo) x 67 cm (Alto)<\/li>\n<li>Tumbona: 207 cm (Ancho) x 93 cm (Fondo) x 67 cm (Alto)<\/li>\n<\/ul>\n","protected":false},"featured_media":63298,"comment_status":"open","ping_status":"closed","template":"","meta":[],"product_brand":[4998],"product_cat":[5987,6833,3111,3113],"product_tag":[],"class_list":{"0":"post-63429","1":"product","2":"type-product","3":"status-publish","4":"has-post-thumbnail","6":"product_brand-la-villa","7":"product_cat-nuevas-colecciones","8":"product_cat-outdoor-es","9":"product_cat-sofas-y-butacas","10":"product_cat-sofas-es","12":"first","13":"instock","14":"taxable","15":"shipping-taxable","16":"purchasable","17":"product-type-simple"},"yoast_head":"<!-- This site is optimized with the Yoast SEO plugin v27.1.1 - https:\/\/yoast.com\/product\/yoast-seo-wordpress\/ -->\n<title>Conjunto de Sof\u00e1 de Esquina Palma | Madera de Acacia y Aluminio | La Villa Garden &amp; Design<\/title>\n<meta name=\"description\" content=\"Compra el conjunto de sof\u00e1 esquinero de exterior Palma. Dise\u00f1o exclusivo en madera de acacia con cojines beige. Muebles de lujo para terrazas amplias en La Villa Garden &amp; Design.\" \/>\n<meta name=\"robots\" content=\"index, follow, max-snippet:-1, max-image-preview:large, max-video-preview:-1\" \/>\n<link rel=\"canonical\" href=\"https:\/\/www.lavillagardendesign.com\/es\/producto\/palma-conjunto-de-sofas-rinconera-modulo-de-2-plazas-chaise-lounge\/\" \/>\n<meta property=\"og:locale\" content=\"es_ES\" \/>\n<meta property=\"og:type\" content=\"article\" \/>\n<meta property=\"og:title\" content=\"Conjunto de Sof\u00e1 de Esquina Palma | Madera de Acacia y Aluminio | La Villa Garden &amp; Design\" \/>\n<meta property=\"og:description\" content=\"Compra el conjunto de sof\u00e1 esquinero de exterior Palma. Dise\u00f1o exclusivo en madera de acacia con cojines beige. Muebles de lujo para terrazas amplias en La Villa Garden &amp; Design.\" \/>\n<meta property=\"og:url\" content=\"https:\/\/www.lavillagardendesign.com\/es\/producto\/palma-conjunto-de-sofas-rinconera-modulo-de-2-plazas-chaise-lounge\/\" \/>\n<meta property=\"og:site_name\" content=\"La Villa Garden&amp;Design\" \/>\n<meta property=\"article:publisher\" content=\"https:\/\/www.facebook.com\/lavillagardendesign\/\" \/>\n<meta property=\"article:modified_time\" content=\"2026-02-23T09:37:15+00:00\" \/>\n<meta property=\"og:image\" content=\"https:\/\/www.lavillagardendesign.com\/wp-content\/uploads\/2026\/02\/Design-sans-titre1-2-1.jpg\" \/>\n\t<meta property=\"og:image:width\" content=\"700\" \/>\n\t<meta property=\"og:image:height\" content=\"800\" \/>\n\t<meta property=\"og:image:type\" content=\"image\/jpeg\" \/>\n<meta name=\"twitter:card\" content=\"summary_large_image\" \/>\n<script type=\"application\/ld+json\" class=\"yoast-schema-graph\">{\"@context\":\"https:\/\/schema.org\",\"@graph\":[{\"@type\":\"WebPage\",\"@id\":\"https:\/\/www.lavillagardendesign.com\/es\/producto\/palma-conjunto-de-sofas-rinconera-modulo-de-2-plazas-chaise-lounge\/\",\"url\":\"https:\/\/www.lavillagardendesign.com\/es\/producto\/palma-conjunto-de-sofas-rinconera-modulo-de-2-plazas-chaise-lounge\/\",\"name\":\"Conjunto de Sof\u00e1 de Esquina Palma | Madera de Acacia y Aluminio | La Villa Garden & Design\",\"isPartOf\":{\"@id\":\"https:\/\/www.lavillagardendesign.com\/#website\"},\"primaryImageOfPage\":{\"@id\":\"https:\/\/www.lavillagardendesign.com\/es\/producto\/palma-conjunto-de-sofas-rinconera-modulo-de-2-plazas-chaise-lounge\/#primaryimage\"},\"image\":{\"@id\":\"https:\/\/www.lavillagardendesign.com\/es\/producto\/palma-conjunto-de-sofas-rinconera-modulo-de-2-plazas-chaise-lounge\/#primaryimage\"},\"thumbnailUrl\":\"https:\/\/www.lavillagardendesign.com\/wp-content\/uploads\/2026\/02\/Design-sans-titre1-2-1.jpg\",\"datePublished\":\"2026-02-12T13:02:53+00:00\",\"dateModified\":\"2026-02-23T09:37:15+00:00\",\"description\":\"Compra el conjunto de sof\u00e1 esquinero de exterior Palma. Dise\u00f1o exclusivo en madera de acacia con cojines beige. Muebles de lujo para terrazas amplias en La Villa Garden & Design.\",\"breadcrumb\":{\"@id\":\"https:\/\/www.lavillagardendesign.com\/es\/producto\/palma-conjunto-de-sofas-rinconera-modulo-de-2-plazas-chaise-lounge\/#breadcrumb\"},\"inLanguage\":\"es\",\"potentialAction\":[{\"@type\":\"ReadAction\",\"target\":[\"https:\/\/www.lavillagardendesign.com\/es\/producto\/palma-conjunto-de-sofas-rinconera-modulo-de-2-plazas-chaise-lounge\/\"]}]},{\"@type\":\"ImageObject\",\"inLanguage\":\"es\",\"@id\":\"https:\/\/www.lavillagardendesign.com\/es\/producto\/palma-conjunto-de-sofas-rinconera-modulo-de-2-plazas-chaise-lounge\/#primaryimage\",\"url\":\"https:\/\/www.lavillagardendesign.com\/wp-content\/uploads\/2026\/02\/Design-sans-titre1-2-1.jpg\",\"contentUrl\":\"https:\/\/www.lavillagardendesign.com\/wp-content\/uploads\/2026\/02\/Design-sans-titre1-2-1.jpg\",\"width\":700,\"height\":800},{\"@type\":\"BreadcrumbList\",\"@id\":\"https:\/\/www.lavillagardendesign.com\/es\/producto\/palma-conjunto-de-sofas-rinconera-modulo-de-2-plazas-chaise-lounge\/#breadcrumb\",\"itemListElement\":[{\"@type\":\"ListItem\",\"position\":1,\"name\":\"Home\",\"item\":\"https:\/\/www.lavillagardendesign.com\/\"},{\"@type\":\"ListItem\",\"position\":2,\"name\":\"Tienda\",\"item\":\"https:\/\/www.lavillagardendesign.com\/es\/tienda\/\"},{\"@type\":\"ListItem\",\"position\":3,\"name\":\"PALMA &#8211; Conjunto de sof\u00e1s rinconera (M\u00f3dulo de 2 plazas + Chaise Lounge)\"}]},{\"@type\":\"WebSite\",\"@id\":\"https:\/\/www.lavillagardendesign.com\/#website\",\"url\":\"https:\/\/www.lavillagardendesign.com\/\",\"name\":\"La Villa Garden&Design\",\"description\":\"\",\"publisher\":{\"@id\":\"https:\/\/www.lavillagardendesign.com\/#organization\"},\"potentialAction\":[{\"@type\":\"SearchAction\",\"target\":{\"@type\":\"EntryPoint\",\"urlTemplate\":\"https:\/\/www.lavillagardendesign.com\/?s={search_term_string}\"},\"query-input\":{\"@type\":\"PropertyValueSpecification\",\"valueRequired\":true,\"valueName\":\"search_term_string\"}}],\"inLanguage\":\"es\"},{\"@type\":\"Organization\",\"@id\":\"https:\/\/www.lavillagardendesign.com\/#organization\",\"name\":\"La Villa Garden&Design\",\"url\":\"https:\/\/www.lavillagardendesign.com\/\",\"logo\":{\"@type\":\"ImageObject\",\"inLanguage\":\"es\",\"@id\":\"https:\/\/www.lavillagardendesign.com\/#\/schema\/logo\/image\/\",\"url\":\"https:\/\/www.lavillagardendesign.com\/wp-content\/uploads\/2024\/04\/logolavilla.png\",\"contentUrl\":\"https:\/\/www.lavillagardendesign.com\/wp-content\/uploads\/2024\/04\/logolavilla.png\",\"width\":682,\"height\":391,\"caption\":\"La Villa Garden&Design\"},\"image\":{\"@id\":\"https:\/\/www.lavillagardendesign.com\/#\/schema\/logo\/image\/\"},\"sameAs\":[\"https:\/\/www.facebook.com\/lavillagardendesign\/\"]}]}<\/script>\n<!-- \/ Yoast SEO plugin. -->","yoast_head_json":{"title":"Conjunto de Sof\u00e1 de Esquina Palma | Madera de Acacia y Aluminio | La Villa Garden & Design","description":"Compra el conjunto de sof\u00e1 esquinero de exterior Palma. Dise\u00f1o exclusivo en madera de acacia con cojines beige. Muebles de lujo para terrazas amplias en La Villa Garden & Design.","robots":{"index":"index","follow":"follow","max-snippet":"max-snippet:-1","max-image-preview":"max-image-preview:large","max-video-preview":"max-video-preview:-1"},"canonical":"https:\/\/www.lavillagardendesign.com\/es\/producto\/palma-conjunto-de-sofas-rinconera-modulo-de-2-plazas-chaise-lounge\/","og_locale":"es_ES","og_type":"article","og_title":"Conjunto de Sof\u00e1 de Esquina Palma | Madera de Acacia y Aluminio | La Villa Garden & Design","og_description":"Compra el conjunto de sof\u00e1 esquinero de exterior Palma. Dise\u00f1o exclusivo en madera de acacia con cojines beige. Muebles de lujo para terrazas amplias en La Villa Garden & Design.","og_url":"https:\/\/www.lavillagardendesign.com\/es\/producto\/palma-conjunto-de-sofas-rinconera-modulo-de-2-plazas-chaise-lounge\/","og_site_name":"La Villa Garden&amp;Design","article_publisher":"https:\/\/www.facebook.com\/lavillagardendesign\/","article_modified_time":"2026-02-23T09:37:15+00:00","og_image":[{"width":700,"height":800,"url":"https:\/\/www.lavillagardendesign.com\/wp-content\/uploads\/2026\/02\/Design-sans-titre1-2-1.jpg","type":"image\/jpeg"}],"twitter_card":"summary_large_image","schema":{"@context":"https:\/\/schema.org","@graph":[{"@type":"WebPage","@id":"https:\/\/www.lavillagardendesign.com\/es\/producto\/palma-conjunto-de-sofas-rinconera-modulo-de-2-plazas-chaise-lounge\/","url":"https:\/\/www.lavillagardendesign.com\/es\/producto\/palma-conjunto-de-sofas-rinconera-modulo-de-2-plazas-chaise-lounge\/","name":"Conjunto de Sof\u00e1 de Esquina Palma | Madera de Acacia y Aluminio | La Villa Garden & Design","isPartOf":{"@id":"https:\/\/www.lavillagardendesign.com\/#website"},"primaryImageOfPage":{"@id":"https:\/\/www.lavillagardendesign.com\/es\/producto\/palma-conjunto-de-sofas-rinconera-modulo-de-2-plazas-chaise-lounge\/#primaryimage"},"image":{"@id":"https:\/\/www.lavillagardendesign.com\/es\/producto\/palma-conjunto-de-sofas-rinconera-modulo-de-2-plazas-chaise-lounge\/#primaryimage"},"thumbnailUrl":"https:\/\/www.lavillagardendesign.com\/wp-content\/uploads\/2026\/02\/Design-sans-titre1-2-1.jpg","datePublished":"2026-02-12T13:02:53+00:00","dateModified":"2026-02-23T09:37:15+00:00","description":"Compra el conjunto de sof\u00e1 esquinero de exterior Palma. Dise\u00f1o exclusivo en madera de acacia con cojines beige. Muebles de lujo para terrazas amplias en La Villa Garden & Design.","breadcrumb":{"@id":"https:\/\/www.lavillagardendesign.com\/es\/producto\/palma-conjunto-de-sofas-rinconera-modulo-de-2-plazas-chaise-lounge\/#breadcrumb"},"inLanguage":"es","potentialAction":[{"@type":"ReadAction","target":["https:\/\/www.lavillagardendesign.com\/es\/producto\/palma-conjunto-de-sofas-rinconera-modulo-de-2-plazas-chaise-lounge\/"]}]},{"@type":"ImageObject","inLanguage":"es","@id":"https:\/\/www.lavillagardendesign.com\/es\/producto\/palma-conjunto-de-sofas-rinconera-modulo-de-2-plazas-chaise-lounge\/#primaryimage","url":"https:\/\/www.lavillagardendesign.com\/wp-content\/uploads\/2026\/02\/Design-sans-titre1-2-1.jpg","contentUrl":"https:\/\/www.lavillagardendesign.com\/wp-content\/uploads\/2026\/02\/Design-sans-titre1-2-1.jpg","width":700,"height":800},{"@type":"BreadcrumbList","@id":"https:\/\/www.lavillagardendesign.com\/es\/producto\/palma-conjunto-de-sofas-rinconera-modulo-de-2-plazas-chaise-lounge\/#breadcrumb","itemListElement":[{"@type":"ListItem","position":1,"name":"Home","item":"https:\/\/www.lavillagardendesign.com\/"},{"@type":"ListItem","position":2,"name":"Tienda","item":"https:\/\/www.lavillagardendesign.com\/es\/tienda\/"},{"@type":"ListItem","position":3,"name":"PALMA &#8211; Conjunto de sof\u00e1s rinconera (M\u00f3dulo de 2 plazas + Chaise Lounge)"}]},{"@type":"WebSite","@id":"https:\/\/www.lavillagardendesign.com\/#website","url":"https:\/\/www.lavillagardendesign.com\/","name":"La Villa Garden&Design","description":"","publisher":{"@id":"https:\/\/www.lavillagardendesign.com\/#organization"},"potentialAction":[{"@type":"SearchAction","target":{"@type":"EntryPoint","urlTemplate":"https:\/\/www.lavillagardendesign.com\/?s={search_term_string}"},"query-input":{"@type":"PropertyValueSpecification","valueRequired":true,"valueName":"search_term_string"}}],"inLanguage":"es"},{"@type":"Organization","@id":"https:\/\/www.lavillagardendesign.com\/#organization","name":"La Villa Garden&Design","url":"https:\/\/www.lavillagardendesign.com\/","logo":{"@type":"ImageObject","inLanguage":"es","@id":"https:\/\/www.lavillagardendesign.com\/#\/schema\/logo\/image\/","url":"https:\/\/www.lavillagardendesign.com\/wp-content\/uploads\/2024\/04\/logolavilla.png","contentUrl":"https:\/\/www.lavillagardendesign.com\/wp-content\/uploads\/2024\/04\/logolavilla.png","width":682,"height":391,"caption":"La Villa Garden&Design"},"image":{"@id":"https:\/\/www.lavillagardendesign.com\/#\/schema\/logo\/image\/"},"sameAs":["https:\/\/www.facebook.com\/lavillagardendesign\/"]}]}},"_links":{"self":[{"href":"https:\/\/www.lavillagardendesign.com\/es\/wp-json\/wp\/v2\/product\/63429","targetHints":{"allow":["GET"]}}],"collection":[{"href":"https:\/\/www.lavillagardendesign.com\/es\/wp-json\/wp\/v2\/product"}],"about":[{"href":"https:\/\/www.lavillagardendesign.com\/es\/wp-json\/wp\/v2\/types\/product"}],"replies":[{"embeddable":true,"href":"https:\/\/www.lavillagardendesign.com\/es\/wp-json\/wp\/v2\/comments?post=63429"}],"version-history":[{"count":1,"href":"https:\/\/www.lavillagardendesign.com\/es\/wp-json\/wp\/v2\/product\/63429\/revisions"}],"predecessor-version":[{"id":63445,"href":"https:\/\/www.lavillagardendesign.com\/es\/wp-json\/wp\/v2\/product\/63429\/revisions\/63445"}],"wp:featuredmedia":[{"embeddable":true,"href":"https:\/\/www.lavillagardendesign.com\/es\/wp-json\/wp\/v2\/media\/63298"}],"wp:attachment":[{"href":"https:\/\/www.lavillagardendesign.com\/es\/wp-json\/wp\/v2\/media?parent=63429"}],"wp:term":[{"taxonomy":"product_brand","embeddable":true,"href":"https:\/\/www.lavillagardendesign.com\/es\/wp-json\/wp\/v2\/product_brand?post=63429"},{"taxonomy":"product_cat","embeddable":true,"href":"https:\/\/www.lavillagardendesign.com\/es\/wp-json\/wp\/v2\/product_cat?post=63429"},{"taxonomy":"product_tag","embeddable":true,"href":"https:\/\/www.lavillagardendesign.com\/es\/wp-json\/wp\/v2\/product_tag?post=63429"}],"curies":[{"name":"wp","href":"https:\/\/api.w.org\/{rel}","templated":true}]}}