{"id":62803,"date":"2026-02-09T10:38:50","date_gmt":"2026-02-09T09:38:50","guid":{"rendered":"https:\/\/www.lavillagardendesign.com\/product\/cocina-exterior-modulo-fregadero-caiman-con-encimera-de-piedra-sinterizada\/"},"modified":"2026-02-23T11:40:51","modified_gmt":"2026-02-23T09:40:51","slug":"cocina-exterior-modulo-fregadero-caiman-con-encimera-de-piedra-sinterizada","status":"publish","type":"product","link":"https:\/\/www.lavillagardendesign.com\/es\/producto\/cocina-exterior-modulo-fregadero-caiman-con-encimera-de-piedra-sinterizada\/","title":{"rendered":"COCINA EXTERIOR &#8211; M\u00f3dulo Fregadero Caim\u00e1n con Encimera de Piedra Sinterizada"},"content":{"rendered":"","protected":false},"excerpt":{"rendered":"<p>Transforma tu terraza en un espacio culinario de alta gama con el M\u00f3dulo de <span class=\"il\">Cocina<\/span> Caim\u00e1n de la colecci\u00f3n OUTDOOR <span class=\"il\">KITCHEN<\/span>. Este mueble t\u00e9cnico cuenta con una encimera de piedra sinterizada de 12 mm con efecto m\u00e1rmol negro, un material ultrarresistente al calor, las manchas y los ara\u00f1azos. La estructura de aluminio con revestimiento de polvo de poli\u00e9ster garantiza su durabilidad frente a la corrosi\u00f3n marina. Incluye un fregadero y un grifo monomando de acero inoxidable 304 de alta calidad, un estante de almacenamiento interno y patas ajustables para una nivelaci\u00f3n perfecta. Disponible en acabados Antracita y Arena para combinar con cualquier estilo arquitect\u00f3nico.    <\/p>\n","protected":false},"featured_media":62564,"comment_status":"open","ping_status":"closed","template":"","meta":[],"product_brand":[4998],"product_cat":[6833,4775],"product_tag":[],"class_list":{"0":"post-62803","1":"product","2":"type-product","3":"status-publish","4":"has-post-thumbnail","6":"product_brand-la-villa","7":"product_cat-outdoor-es","8":"product_cat-barbacoa","10":"first","11":"instock","12":"taxable","13":"shipping-taxable","14":"purchasable","15":"product-type-variable"},"yoast_head":"<!-- This site is optimized with the Yoast SEO plugin v27.1.1 - https:\/\/yoast.com\/product\/yoast-seo-wordpress\/ -->\n<title>Mueble fregadero exterior Caiman | Encimera de piedra sinterizada \/ La Villa Garden<\/title>\n<meta name=\"description\" content=\"M\u00f3dulo de cocina exterior Caim\u00e1n (120 cm). Fregadero de acero inoxidable 304 y encimera de piedra sinterizada (efecto m\u00e1rmol). Disponible en antracita y arena. Lujo funcional.\" \/>\n<meta name=\"robots\" content=\"index, follow, max-snippet:-1, max-image-preview:large, max-video-preview:-1\" \/>\n<link rel=\"canonical\" href=\"https:\/\/www.lavillagardendesign.com\/es\/producto\/cocina-exterior-modulo-fregadero-caiman-con-encimera-de-piedra-sinterizada\/\" \/>\n<meta property=\"og:locale\" content=\"es_ES\" \/>\n<meta property=\"og:type\" content=\"article\" \/>\n<meta property=\"og:title\" content=\"Mueble fregadero exterior Caiman | Encimera de piedra sinterizada \/ La Villa Garden\" \/>\n<meta property=\"og:description\" content=\"M\u00f3dulo de cocina exterior Caim\u00e1n (120 cm). Fregadero de acero inoxidable 304 y encimera de piedra sinterizada (efecto m\u00e1rmol). Disponible en antracita y arena. Lujo funcional.\" \/>\n<meta property=\"og:url\" content=\"https:\/\/www.lavillagardendesign.com\/es\/producto\/cocina-exterior-modulo-fregadero-caiman-con-encimera-de-piedra-sinterizada\/\" \/>\n<meta property=\"og:site_name\" content=\"La Villa Garden&amp;Design\" \/>\n<meta property=\"article:publisher\" content=\"https:\/\/www.facebook.com\/lavillagardendesign\/\" \/>\n<meta property=\"article:modified_time\" content=\"2026-02-23T09:40:51+00:00\" \/>\n<meta property=\"og:image\" content=\"https:\/\/www.lavillagardendesign.com\/wp-content\/uploads\/2026\/02\/3-7.jpg\" \/>\n\t<meta property=\"og:image:width\" content=\"700\" \/>\n\t<meta property=\"og:image:height\" content=\"800\" \/>\n\t<meta property=\"og:image:type\" content=\"image\/jpeg\" \/>\n<meta name=\"twitter:card\" content=\"summary_large_image\" \/>\n<script type=\"application\/ld+json\" class=\"yoast-schema-graph\">{\"@context\":\"https:\/\/schema.org\",\"@graph\":[{\"@type\":\"WebPage\",\"@id\":\"https:\/\/www.lavillagardendesign.com\/es\/producto\/cocina-exterior-modulo-fregadero-caiman-con-encimera-de-piedra-sinterizada\/\",\"url\":\"https:\/\/www.lavillagardendesign.com\/es\/producto\/cocina-exterior-modulo-fregadero-caiman-con-encimera-de-piedra-sinterizada\/\",\"name\":\"Mueble fregadero exterior Caiman | Encimera de piedra sinterizada \/ La Villa Garden\",\"isPartOf\":{\"@id\":\"https:\/\/www.lavillagardendesign.com\/#website\"},\"primaryImageOfPage\":{\"@id\":\"https:\/\/www.lavillagardendesign.com\/es\/producto\/cocina-exterior-modulo-fregadero-caiman-con-encimera-de-piedra-sinterizada\/#primaryimage\"},\"image\":{\"@id\":\"https:\/\/www.lavillagardendesign.com\/es\/producto\/cocina-exterior-modulo-fregadero-caiman-con-encimera-de-piedra-sinterizada\/#primaryimage\"},\"thumbnailUrl\":\"https:\/\/www.lavillagardendesign.com\/wp-content\/uploads\/2026\/02\/3-7.jpg\",\"datePublished\":\"2026-02-09T09:38:50+00:00\",\"dateModified\":\"2026-02-23T09:40:51+00:00\",\"description\":\"M\u00f3dulo de cocina exterior Caim\u00e1n (120 cm). Fregadero de acero inoxidable 304 y encimera de piedra sinterizada (efecto m\u00e1rmol). Disponible en antracita y arena. Lujo funcional.\",\"breadcrumb\":{\"@id\":\"https:\/\/www.lavillagardendesign.com\/es\/producto\/cocina-exterior-modulo-fregadero-caiman-con-encimera-de-piedra-sinterizada\/#breadcrumb\"},\"inLanguage\":\"es\",\"potentialAction\":[{\"@type\":\"ReadAction\",\"target\":[\"https:\/\/www.lavillagardendesign.com\/es\/producto\/cocina-exterior-modulo-fregadero-caiman-con-encimera-de-piedra-sinterizada\/\"]}]},{\"@type\":\"ImageObject\",\"inLanguage\":\"es\",\"@id\":\"https:\/\/www.lavillagardendesign.com\/es\/producto\/cocina-exterior-modulo-fregadero-caiman-con-encimera-de-piedra-sinterizada\/#primaryimage\",\"url\":\"https:\/\/www.lavillagardendesign.com\/wp-content\/uploads\/2026\/02\/3-7.jpg\",\"contentUrl\":\"https:\/\/www.lavillagardendesign.com\/wp-content\/uploads\/2026\/02\/3-7.jpg\",\"width\":700,\"height\":800},{\"@type\":\"BreadcrumbList\",\"@id\":\"https:\/\/www.lavillagardendesign.com\/es\/producto\/cocina-exterior-modulo-fregadero-caiman-con-encimera-de-piedra-sinterizada\/#breadcrumb\",\"itemListElement\":[{\"@type\":\"ListItem\",\"position\":1,\"name\":\"Home\",\"item\":\"https:\/\/www.lavillagardendesign.com\/\"},{\"@type\":\"ListItem\",\"position\":2,\"name\":\"Tienda\",\"item\":\"https:\/\/www.lavillagardendesign.com\/es\/tienda\/\"},{\"@type\":\"ListItem\",\"position\":3,\"name\":\"COCINA EXTERIOR &#8211; M\u00f3dulo Fregadero Caim\u00e1n con Encimera de Piedra Sinterizada\"}]},{\"@type\":\"WebSite\",\"@id\":\"https:\/\/www.lavillagardendesign.com\/#website\",\"url\":\"https:\/\/www.lavillagardendesign.com\/\",\"name\":\"La Villa Garden&Design\",\"description\":\"\",\"publisher\":{\"@id\":\"https:\/\/www.lavillagardendesign.com\/#organization\"},\"potentialAction\":[{\"@type\":\"SearchAction\",\"target\":{\"@type\":\"EntryPoint\",\"urlTemplate\":\"https:\/\/www.lavillagardendesign.com\/?s={search_term_string}\"},\"query-input\":{\"@type\":\"PropertyValueSpecification\",\"valueRequired\":true,\"valueName\":\"search_term_string\"}}],\"inLanguage\":\"es\"},{\"@type\":\"Organization\",\"@id\":\"https:\/\/www.lavillagardendesign.com\/#organization\",\"name\":\"La Villa Garden&Design\",\"url\":\"https:\/\/www.lavillagardendesign.com\/\",\"logo\":{\"@type\":\"ImageObject\",\"inLanguage\":\"es\",\"@id\":\"https:\/\/www.lavillagardendesign.com\/#\/schema\/logo\/image\/\",\"url\":\"https:\/\/www.lavillagardendesign.com\/wp-content\/uploads\/2024\/04\/logolavilla.png\",\"contentUrl\":\"https:\/\/www.lavillagardendesign.com\/wp-content\/uploads\/2024\/04\/logolavilla.png\",\"width\":682,\"height\":391,\"caption\":\"La Villa Garden&Design\"},\"image\":{\"@id\":\"https:\/\/www.lavillagardendesign.com\/#\/schema\/logo\/image\/\"},\"sameAs\":[\"https:\/\/www.facebook.com\/lavillagardendesign\/\"]}]}<\/script>\n<!-- \/ Yoast SEO plugin. -->","yoast_head_json":{"title":"Mueble fregadero exterior Caiman | Encimera de piedra sinterizada \/ La Villa Garden","description":"M\u00f3dulo de cocina exterior Caim\u00e1n (120 cm). Fregadero de acero inoxidable 304 y encimera de piedra sinterizada (efecto m\u00e1rmol). Disponible en antracita y arena. Lujo funcional.","robots":{"index":"index","follow":"follow","max-snippet":"max-snippet:-1","max-image-preview":"max-image-preview:large","max-video-preview":"max-video-preview:-1"},"canonical":"https:\/\/www.lavillagardendesign.com\/es\/producto\/cocina-exterior-modulo-fregadero-caiman-con-encimera-de-piedra-sinterizada\/","og_locale":"es_ES","og_type":"article","og_title":"Mueble fregadero exterior Caiman | Encimera de piedra sinterizada \/ La Villa Garden","og_description":"M\u00f3dulo de cocina exterior Caim\u00e1n (120 cm). Fregadero de acero inoxidable 304 y encimera de piedra sinterizada (efecto m\u00e1rmol). Disponible en antracita y arena. Lujo funcional.","og_url":"https:\/\/www.lavillagardendesign.com\/es\/producto\/cocina-exterior-modulo-fregadero-caiman-con-encimera-de-piedra-sinterizada\/","og_site_name":"La Villa Garden&amp;Design","article_publisher":"https:\/\/www.facebook.com\/lavillagardendesign\/","article_modified_time":"2026-02-23T09:40:51+00:00","og_image":[{"width":700,"height":800,"url":"https:\/\/www.lavillagardendesign.com\/wp-content\/uploads\/2026\/02\/3-7.jpg","type":"image\/jpeg"}],"twitter_card":"summary_large_image","schema":{"@context":"https:\/\/schema.org","@graph":[{"@type":"WebPage","@id":"https:\/\/www.lavillagardendesign.com\/es\/producto\/cocina-exterior-modulo-fregadero-caiman-con-encimera-de-piedra-sinterizada\/","url":"https:\/\/www.lavillagardendesign.com\/es\/producto\/cocina-exterior-modulo-fregadero-caiman-con-encimera-de-piedra-sinterizada\/","name":"Mueble fregadero exterior Caiman | Encimera de piedra sinterizada \/ La Villa Garden","isPartOf":{"@id":"https:\/\/www.lavillagardendesign.com\/#website"},"primaryImageOfPage":{"@id":"https:\/\/www.lavillagardendesign.com\/es\/producto\/cocina-exterior-modulo-fregadero-caiman-con-encimera-de-piedra-sinterizada\/#primaryimage"},"image":{"@id":"https:\/\/www.lavillagardendesign.com\/es\/producto\/cocina-exterior-modulo-fregadero-caiman-con-encimera-de-piedra-sinterizada\/#primaryimage"},"thumbnailUrl":"https:\/\/www.lavillagardendesign.com\/wp-content\/uploads\/2026\/02\/3-7.jpg","datePublished":"2026-02-09T09:38:50+00:00","dateModified":"2026-02-23T09:40:51+00:00","description":"M\u00f3dulo de cocina exterior Caim\u00e1n (120 cm). Fregadero de acero inoxidable 304 y encimera de piedra sinterizada (efecto m\u00e1rmol). Disponible en antracita y arena. Lujo funcional.","breadcrumb":{"@id":"https:\/\/www.lavillagardendesign.com\/es\/producto\/cocina-exterior-modulo-fregadero-caiman-con-encimera-de-piedra-sinterizada\/#breadcrumb"},"inLanguage":"es","potentialAction":[{"@type":"ReadAction","target":["https:\/\/www.lavillagardendesign.com\/es\/producto\/cocina-exterior-modulo-fregadero-caiman-con-encimera-de-piedra-sinterizada\/"]}]},{"@type":"ImageObject","inLanguage":"es","@id":"https:\/\/www.lavillagardendesign.com\/es\/producto\/cocina-exterior-modulo-fregadero-caiman-con-encimera-de-piedra-sinterizada\/#primaryimage","url":"https:\/\/www.lavillagardendesign.com\/wp-content\/uploads\/2026\/02\/3-7.jpg","contentUrl":"https:\/\/www.lavillagardendesign.com\/wp-content\/uploads\/2026\/02\/3-7.jpg","width":700,"height":800},{"@type":"BreadcrumbList","@id":"https:\/\/www.lavillagardendesign.com\/es\/producto\/cocina-exterior-modulo-fregadero-caiman-con-encimera-de-piedra-sinterizada\/#breadcrumb","itemListElement":[{"@type":"ListItem","position":1,"name":"Home","item":"https:\/\/www.lavillagardendesign.com\/"},{"@type":"ListItem","position":2,"name":"Tienda","item":"https:\/\/www.lavillagardendesign.com\/es\/tienda\/"},{"@type":"ListItem","position":3,"name":"COCINA EXTERIOR &#8211; M\u00f3dulo Fregadero Caim\u00e1n con Encimera de Piedra Sinterizada"}]},{"@type":"WebSite","@id":"https:\/\/www.lavillagardendesign.com\/#website","url":"https:\/\/www.lavillagardendesign.com\/","name":"La Villa Garden&Design","description":"","publisher":{"@id":"https:\/\/www.lavillagardendesign.com\/#organization"},"potentialAction":[{"@type":"SearchAction","target":{"@type":"EntryPoint","urlTemplate":"https:\/\/www.lavillagardendesign.com\/?s={search_term_string}"},"query-input":{"@type":"PropertyValueSpecification","valueRequired":true,"valueName":"search_term_string"}}],"inLanguage":"es"},{"@type":"Organization","@id":"https:\/\/www.lavillagardendesign.com\/#organization","name":"La Villa Garden&Design","url":"https:\/\/www.lavillagardendesign.com\/","logo":{"@type":"ImageObject","inLanguage":"es","@id":"https:\/\/www.lavillagardendesign.com\/#\/schema\/logo\/image\/","url":"https:\/\/www.lavillagardendesign.com\/wp-content\/uploads\/2024\/04\/logolavilla.png","contentUrl":"https:\/\/www.lavillagardendesign.com\/wp-content\/uploads\/2024\/04\/logolavilla.png","width":682,"height":391,"caption":"La Villa Garden&Design"},"image":{"@id":"https:\/\/www.lavillagardendesign.com\/#\/schema\/logo\/image\/"},"sameAs":["https:\/\/www.facebook.com\/lavillagardendesign\/"]}]}},"_links":{"self":[{"href":"https:\/\/www.lavillagardendesign.com\/es\/wp-json\/wp\/v2\/product\/62803","targetHints":{"allow":["GET"]}}],"collection":[{"href":"https:\/\/www.lavillagardendesign.com\/es\/wp-json\/wp\/v2\/product"}],"about":[{"href":"https:\/\/www.lavillagardendesign.com\/es\/wp-json\/wp\/v2\/types\/product"}],"replies":[{"embeddable":true,"href":"https:\/\/www.lavillagardendesign.com\/es\/wp-json\/wp\/v2\/comments?post=62803"}],"version-history":[{"count":1,"href":"https:\/\/www.lavillagardendesign.com\/es\/wp-json\/wp\/v2\/product\/62803\/revisions"}],"predecessor-version":[{"id":63670,"href":"https:\/\/www.lavillagardendesign.com\/es\/wp-json\/wp\/v2\/product\/62803\/revisions\/63670"}],"wp:featuredmedia":[{"embeddable":true,"href":"https:\/\/www.lavillagardendesign.com\/es\/wp-json\/wp\/v2\/media\/62564"}],"wp:attachment":[{"href":"https:\/\/www.lavillagardendesign.com\/es\/wp-json\/wp\/v2\/media?parent=62803"}],"wp:term":[{"taxonomy":"product_brand","embeddable":true,"href":"https:\/\/www.lavillagardendesign.com\/es\/wp-json\/wp\/v2\/product_brand?post=62803"},{"taxonomy":"product_cat","embeddable":true,"href":"https:\/\/www.lavillagardendesign.com\/es\/wp-json\/wp\/v2\/product_cat?post=62803"},{"taxonomy":"product_tag","embeddable":true,"href":"https:\/\/www.lavillagardendesign.com\/es\/wp-json\/wp\/v2\/product_tag?post=62803"}],"curies":[{"name":"wp","href":"https:\/\/api.w.org\/{rel}","templated":true}]}}