{"id":62751,"date":"2026-02-09T11:02:04","date_gmt":"2026-02-09T10:02:04","guid":{"rendered":"https:\/\/www.lavillagardendesign.com\/product\/cocina-exterior-caiman-modulo-esquinero-abierto-arena\/"},"modified":"2026-02-23T11:38:19","modified_gmt":"2026-02-23T09:38:19","slug":"cocina-exterior-caiman-modulo-esquinero-abierto-arena","status":"publish","type":"product","link":"https:\/\/www.lavillagardendesign.com\/es\/producto\/cocina-exterior-caiman-modulo-esquinero-abierto-arena\/","title":{"rendered":"COCINA EXTERIOR &#8211; Caim\u00e1n M\u00f3dulo Esquinero Abierto Arena"},"content":{"rendered":"","protected":false},"excerpt":{"rendered":"<p>Completa tu <span class=\"il\">cocina<\/span> exterior de estilo mediterr\u00e1neo con el M\u00f3dulo Esquinero Abierto de la colecci\u00f3n OUTDOOR <span class=\"il\">KITCHEN<\/span>. Esta versi\u00f3n en acabado Arena aporta luminosidad y calidez a la terraza. Su dise\u00f1o de estante abierto en formato angular (62&#215;62 cm) conecta m\u00f3dulos lineales a la vez que aprovecha el espacio para almacenar o exponer a la vista. Presenta una encimera de piedra sinterizada efecto m\u00e1rmol beige (12 mm), muy resistente al sol y los ara\u00f1azos, sobre una estructura de aluminio con recubrimiento de polvo. Ideal para distribuciones aireadas y elegantes en zonas costeras.    <\/p>\n","protected":false},"featured_media":62668,"comment_status":"open","ping_status":"closed","template":"","meta":[],"product_brand":[4998],"product_cat":[6833,4775],"product_tag":[],"class_list":{"0":"post-62751","1":"product","2":"type-product","3":"status-publish","4":"has-post-thumbnail","6":"product_brand-la-villa","7":"product_cat-outdoor-es","8":"product_cat-barbacoa","10":"first","11":"instock","12":"taxable","13":"shipping-taxable","14":"purchasable","15":"product-type-simple"},"yoast_head":"<!-- This site is optimized with the Yoast SEO plugin v27.1.1 - https:\/\/yoast.com\/product\/yoast-seo-wordpress\/ -->\n<title>Caim\u00e1n M\u00f3dulo Esquinero Abierto Arena | La Villa Garden<\/title>\n<meta name=\"description\" content=\"M\u00f3dulo esquinero abierto Caim\u00e1n Arena (62x62cm). Encimera de piedra sinterizada de m\u00e1rmol beige. Estanter\u00eda abierta y estructura de aluminio. Estilo mediterr\u00e1neo. 499 \u20ac.\" \/>\n<meta name=\"robots\" content=\"index, follow, max-snippet:-1, max-image-preview:large, max-video-preview:-1\" \/>\n<link rel=\"canonical\" href=\"https:\/\/www.lavillagardendesign.com\/es\/producto\/cocina-exterior-caiman-modulo-esquinero-abierto-arena\/\" \/>\n<meta property=\"og:locale\" content=\"es_ES\" \/>\n<meta property=\"og:type\" content=\"article\" \/>\n<meta property=\"og:title\" content=\"Caim\u00e1n M\u00f3dulo Esquinero Abierto Arena | La Villa Garden\" \/>\n<meta property=\"og:description\" content=\"M\u00f3dulo esquinero abierto Caim\u00e1n Arena (62x62cm). Encimera de piedra sinterizada de m\u00e1rmol beige. Estanter\u00eda abierta y estructura de aluminio. Estilo mediterr\u00e1neo. 499 \u20ac.\" \/>\n<meta property=\"og:url\" content=\"https:\/\/www.lavillagardendesign.com\/es\/producto\/cocina-exterior-caiman-modulo-esquinero-abierto-arena\/\" \/>\n<meta property=\"og:site_name\" content=\"La Villa Garden&amp;Design\" \/>\n<meta property=\"article:publisher\" content=\"https:\/\/www.facebook.com\/lavillagardendesign\/\" \/>\n<meta property=\"article:modified_time\" content=\"2026-02-23T09:38:19+00:00\" \/>\n<meta property=\"og:image\" content=\"https:\/\/www.lavillagardendesign.com\/wp-content\/uploads\/2026\/02\/2-8.png\" \/>\n\t<meta property=\"og:image:width\" content=\"700\" \/>\n\t<meta property=\"og:image:height\" content=\"800\" \/>\n\t<meta property=\"og:image:type\" content=\"image\/png\" \/>\n<meta name=\"twitter:card\" content=\"summary_large_image\" \/>\n<script type=\"application\/ld+json\" class=\"yoast-schema-graph\">{\"@context\":\"https:\/\/schema.org\",\"@graph\":[{\"@type\":\"WebPage\",\"@id\":\"https:\/\/www.lavillagardendesign.com\/es\/producto\/cocina-exterior-caiman-modulo-esquinero-abierto-arena\/\",\"url\":\"https:\/\/www.lavillagardendesign.com\/es\/producto\/cocina-exterior-caiman-modulo-esquinero-abierto-arena\/\",\"name\":\"Caim\u00e1n M\u00f3dulo Esquinero Abierto Arena | La Villa Garden\",\"isPartOf\":{\"@id\":\"https:\/\/www.lavillagardendesign.com\/#website\"},\"primaryImageOfPage\":{\"@id\":\"https:\/\/www.lavillagardendesign.com\/es\/producto\/cocina-exterior-caiman-modulo-esquinero-abierto-arena\/#primaryimage\"},\"image\":{\"@id\":\"https:\/\/www.lavillagardendesign.com\/es\/producto\/cocina-exterior-caiman-modulo-esquinero-abierto-arena\/#primaryimage\"},\"thumbnailUrl\":\"https:\/\/www.lavillagardendesign.com\/wp-content\/uploads\/2026\/02\/2-8.png\",\"datePublished\":\"2026-02-09T10:02:04+00:00\",\"dateModified\":\"2026-02-23T09:38:19+00:00\",\"description\":\"M\u00f3dulo esquinero abierto Caim\u00e1n Arena (62x62cm). Encimera de piedra sinterizada de m\u00e1rmol beige. Estanter\u00eda abierta y estructura de aluminio. Estilo mediterr\u00e1neo. 499 \u20ac.\",\"breadcrumb\":{\"@id\":\"https:\/\/www.lavillagardendesign.com\/es\/producto\/cocina-exterior-caiman-modulo-esquinero-abierto-arena\/#breadcrumb\"},\"inLanguage\":\"es\",\"potentialAction\":[{\"@type\":\"ReadAction\",\"target\":[\"https:\/\/www.lavillagardendesign.com\/es\/producto\/cocina-exterior-caiman-modulo-esquinero-abierto-arena\/\"]}]},{\"@type\":\"ImageObject\",\"inLanguage\":\"es\",\"@id\":\"https:\/\/www.lavillagardendesign.com\/es\/producto\/cocina-exterior-caiman-modulo-esquinero-abierto-arena\/#primaryimage\",\"url\":\"https:\/\/www.lavillagardendesign.com\/wp-content\/uploads\/2026\/02\/2-8.png\",\"contentUrl\":\"https:\/\/www.lavillagardendesign.com\/wp-content\/uploads\/2026\/02\/2-8.png\",\"width\":700,\"height\":800},{\"@type\":\"BreadcrumbList\",\"@id\":\"https:\/\/www.lavillagardendesign.com\/es\/producto\/cocina-exterior-caiman-modulo-esquinero-abierto-arena\/#breadcrumb\",\"itemListElement\":[{\"@type\":\"ListItem\",\"position\":1,\"name\":\"Home\",\"item\":\"https:\/\/www.lavillagardendesign.com\/\"},{\"@type\":\"ListItem\",\"position\":2,\"name\":\"Tienda\",\"item\":\"https:\/\/www.lavillagardendesign.com\/es\/tienda\/\"},{\"@type\":\"ListItem\",\"position\":3,\"name\":\"COCINA EXTERIOR &#8211; Caim\u00e1n M\u00f3dulo Esquinero Abierto Arena\"}]},{\"@type\":\"WebSite\",\"@id\":\"https:\/\/www.lavillagardendesign.com\/#website\",\"url\":\"https:\/\/www.lavillagardendesign.com\/\",\"name\":\"La Villa Garden&Design\",\"description\":\"\",\"publisher\":{\"@id\":\"https:\/\/www.lavillagardendesign.com\/#organization\"},\"potentialAction\":[{\"@type\":\"SearchAction\",\"target\":{\"@type\":\"EntryPoint\",\"urlTemplate\":\"https:\/\/www.lavillagardendesign.com\/?s={search_term_string}\"},\"query-input\":{\"@type\":\"PropertyValueSpecification\",\"valueRequired\":true,\"valueName\":\"search_term_string\"}}],\"inLanguage\":\"es\"},{\"@type\":\"Organization\",\"@id\":\"https:\/\/www.lavillagardendesign.com\/#organization\",\"name\":\"La Villa Garden&Design\",\"url\":\"https:\/\/www.lavillagardendesign.com\/\",\"logo\":{\"@type\":\"ImageObject\",\"inLanguage\":\"es\",\"@id\":\"https:\/\/www.lavillagardendesign.com\/#\/schema\/logo\/image\/\",\"url\":\"https:\/\/www.lavillagardendesign.com\/wp-content\/uploads\/2024\/04\/logolavilla.png\",\"contentUrl\":\"https:\/\/www.lavillagardendesign.com\/wp-content\/uploads\/2024\/04\/logolavilla.png\",\"width\":682,\"height\":391,\"caption\":\"La Villa Garden&Design\"},\"image\":{\"@id\":\"https:\/\/www.lavillagardendesign.com\/#\/schema\/logo\/image\/\"},\"sameAs\":[\"https:\/\/www.facebook.com\/lavillagardendesign\/\"]}]}<\/script>\n<!-- \/ Yoast SEO plugin. -->","yoast_head_json":{"title":"Caim\u00e1n M\u00f3dulo Esquinero Abierto Arena | La Villa Garden","description":"M\u00f3dulo esquinero abierto Caim\u00e1n Arena (62x62cm). Encimera de piedra sinterizada de m\u00e1rmol beige. Estanter\u00eda abierta y estructura de aluminio. Estilo mediterr\u00e1neo. 499 \u20ac.","robots":{"index":"index","follow":"follow","max-snippet":"max-snippet:-1","max-image-preview":"max-image-preview:large","max-video-preview":"max-video-preview:-1"},"canonical":"https:\/\/www.lavillagardendesign.com\/es\/producto\/cocina-exterior-caiman-modulo-esquinero-abierto-arena\/","og_locale":"es_ES","og_type":"article","og_title":"Caim\u00e1n M\u00f3dulo Esquinero Abierto Arena | La Villa Garden","og_description":"M\u00f3dulo esquinero abierto Caim\u00e1n Arena (62x62cm). Encimera de piedra sinterizada de m\u00e1rmol beige. Estanter\u00eda abierta y estructura de aluminio. Estilo mediterr\u00e1neo. 499 \u20ac.","og_url":"https:\/\/www.lavillagardendesign.com\/es\/producto\/cocina-exterior-caiman-modulo-esquinero-abierto-arena\/","og_site_name":"La Villa Garden&amp;Design","article_publisher":"https:\/\/www.facebook.com\/lavillagardendesign\/","article_modified_time":"2026-02-23T09:38:19+00:00","og_image":[{"width":700,"height":800,"url":"https:\/\/www.lavillagardendesign.com\/wp-content\/uploads\/2026\/02\/2-8.png","type":"image\/png"}],"twitter_card":"summary_large_image","schema":{"@context":"https:\/\/schema.org","@graph":[{"@type":"WebPage","@id":"https:\/\/www.lavillagardendesign.com\/es\/producto\/cocina-exterior-caiman-modulo-esquinero-abierto-arena\/","url":"https:\/\/www.lavillagardendesign.com\/es\/producto\/cocina-exterior-caiman-modulo-esquinero-abierto-arena\/","name":"Caim\u00e1n M\u00f3dulo Esquinero Abierto Arena | La Villa Garden","isPartOf":{"@id":"https:\/\/www.lavillagardendesign.com\/#website"},"primaryImageOfPage":{"@id":"https:\/\/www.lavillagardendesign.com\/es\/producto\/cocina-exterior-caiman-modulo-esquinero-abierto-arena\/#primaryimage"},"image":{"@id":"https:\/\/www.lavillagardendesign.com\/es\/producto\/cocina-exterior-caiman-modulo-esquinero-abierto-arena\/#primaryimage"},"thumbnailUrl":"https:\/\/www.lavillagardendesign.com\/wp-content\/uploads\/2026\/02\/2-8.png","datePublished":"2026-02-09T10:02:04+00:00","dateModified":"2026-02-23T09:38:19+00:00","description":"M\u00f3dulo esquinero abierto Caim\u00e1n Arena (62x62cm). Encimera de piedra sinterizada de m\u00e1rmol beige. Estanter\u00eda abierta y estructura de aluminio. Estilo mediterr\u00e1neo. 499 \u20ac.","breadcrumb":{"@id":"https:\/\/www.lavillagardendesign.com\/es\/producto\/cocina-exterior-caiman-modulo-esquinero-abierto-arena\/#breadcrumb"},"inLanguage":"es","potentialAction":[{"@type":"ReadAction","target":["https:\/\/www.lavillagardendesign.com\/es\/producto\/cocina-exterior-caiman-modulo-esquinero-abierto-arena\/"]}]},{"@type":"ImageObject","inLanguage":"es","@id":"https:\/\/www.lavillagardendesign.com\/es\/producto\/cocina-exterior-caiman-modulo-esquinero-abierto-arena\/#primaryimage","url":"https:\/\/www.lavillagardendesign.com\/wp-content\/uploads\/2026\/02\/2-8.png","contentUrl":"https:\/\/www.lavillagardendesign.com\/wp-content\/uploads\/2026\/02\/2-8.png","width":700,"height":800},{"@type":"BreadcrumbList","@id":"https:\/\/www.lavillagardendesign.com\/es\/producto\/cocina-exterior-caiman-modulo-esquinero-abierto-arena\/#breadcrumb","itemListElement":[{"@type":"ListItem","position":1,"name":"Home","item":"https:\/\/www.lavillagardendesign.com\/"},{"@type":"ListItem","position":2,"name":"Tienda","item":"https:\/\/www.lavillagardendesign.com\/es\/tienda\/"},{"@type":"ListItem","position":3,"name":"COCINA EXTERIOR &#8211; Caim\u00e1n M\u00f3dulo Esquinero Abierto Arena"}]},{"@type":"WebSite","@id":"https:\/\/www.lavillagardendesign.com\/#website","url":"https:\/\/www.lavillagardendesign.com\/","name":"La Villa Garden&Design","description":"","publisher":{"@id":"https:\/\/www.lavillagardendesign.com\/#organization"},"potentialAction":[{"@type":"SearchAction","target":{"@type":"EntryPoint","urlTemplate":"https:\/\/www.lavillagardendesign.com\/?s={search_term_string}"},"query-input":{"@type":"PropertyValueSpecification","valueRequired":true,"valueName":"search_term_string"}}],"inLanguage":"es"},{"@type":"Organization","@id":"https:\/\/www.lavillagardendesign.com\/#organization","name":"La Villa Garden&Design","url":"https:\/\/www.lavillagardendesign.com\/","logo":{"@type":"ImageObject","inLanguage":"es","@id":"https:\/\/www.lavillagardendesign.com\/#\/schema\/logo\/image\/","url":"https:\/\/www.lavillagardendesign.com\/wp-content\/uploads\/2024\/04\/logolavilla.png","contentUrl":"https:\/\/www.lavillagardendesign.com\/wp-content\/uploads\/2024\/04\/logolavilla.png","width":682,"height":391,"caption":"La Villa Garden&Design"},"image":{"@id":"https:\/\/www.lavillagardendesign.com\/#\/schema\/logo\/image\/"},"sameAs":["https:\/\/www.facebook.com\/lavillagardendesign\/"]}]}},"_links":{"self":[{"href":"https:\/\/www.lavillagardendesign.com\/es\/wp-json\/wp\/v2\/product\/62751","targetHints":{"allow":["GET"]}}],"collection":[{"href":"https:\/\/www.lavillagardendesign.com\/es\/wp-json\/wp\/v2\/product"}],"about":[{"href":"https:\/\/www.lavillagardendesign.com\/es\/wp-json\/wp\/v2\/types\/product"}],"replies":[{"embeddable":true,"href":"https:\/\/www.lavillagardendesign.com\/es\/wp-json\/wp\/v2\/comments?post=62751"}],"version-history":[{"count":1,"href":"https:\/\/www.lavillagardendesign.com\/es\/wp-json\/wp\/v2\/product\/62751\/revisions"}],"predecessor-version":[{"id":63630,"href":"https:\/\/www.lavillagardendesign.com\/es\/wp-json\/wp\/v2\/product\/62751\/revisions\/63630"}],"wp:featuredmedia":[{"embeddable":true,"href":"https:\/\/www.lavillagardendesign.com\/es\/wp-json\/wp\/v2\/media\/62668"}],"wp:attachment":[{"href":"https:\/\/www.lavillagardendesign.com\/es\/wp-json\/wp\/v2\/media?parent=62751"}],"wp:term":[{"taxonomy":"product_brand","embeddable":true,"href":"https:\/\/www.lavillagardendesign.com\/es\/wp-json\/wp\/v2\/product_brand?post=62751"},{"taxonomy":"product_cat","embeddable":true,"href":"https:\/\/www.lavillagardendesign.com\/es\/wp-json\/wp\/v2\/product_cat?post=62751"},{"taxonomy":"product_tag","embeddable":true,"href":"https:\/\/www.lavillagardendesign.com\/es\/wp-json\/wp\/v2\/product_tag?post=62751"}],"curies":[{"name":"wp","href":"https:\/\/api.w.org\/{rel}","templated":true}]}}