{"id":62746,"date":"2026-02-09T10:48:23","date_gmt":"2026-02-09T08:48:23","guid":{"rendered":"https:\/\/www.lavillagardendesign.com\/product\/cocina-exterior-modulo-de-cocina-con-estante-abierto-caiman\/"},"modified":"2026-02-23T11:41:47","modified_gmt":"2026-02-23T09:41:47","slug":"cocina-exterior-modulo-de-cocina-con-estante-abierto-caiman","status":"publish","type":"product","link":"https:\/\/www.lavillagardendesign.com\/es\/producto\/cocina-exterior-modulo-de-cocina-con-estante-abierto-caiman\/","title":{"rendered":"COCINA EXTERIOR &#8211; M\u00f3dulo de cocina con estante abierto Caiman"},"content":{"rendered":"","protected":false},"excerpt":{"rendered":"<p>A\u00f1ade ligereza visual y accesibilidad inmediata a tu proyecto culinario con el M\u00f3dulo de Estanter\u00eda Abierta Caim\u00e1n de la colecci\u00f3n <span class=\"il\">COCINA<\/span> EXTERIOR. Este m\u00f3dulo presenta un dise\u00f1o de estanter\u00eda abierta, perfecto para guardar le\u00f1a, toallas de piscina o tener al alcance de la mano la vajilla de uso frecuente. Mantiene la excelencia t\u00e9cnica de la serie con una estructura de aluminio antracita y una encimera de piedra sinterizada efecto m\u00e1rmol negro (12 mm), resistente a los cortes y al calor. Sus herrajes de acero inoxidable 304 garantizan una larga vida \u00fatil en exteriores. Ideal para intercalar entre m\u00f3dulos cerrados y crear una distribuci\u00f3n din\u00e1mica de <span class=\"il\">la cocina<\/span>.    <\/p>\n","protected":false},"featured_media":62628,"comment_status":"open","ping_status":"closed","template":"","meta":[],"product_brand":[4998],"product_cat":[6833,4775],"product_tag":[],"class_list":{"0":"post-62746","1":"product","2":"type-product","3":"status-publish","4":"has-post-thumbnail","6":"product_brand-la-villa","7":"product_cat-outdoor-es","8":"product_cat-barbacoa","10":"first","11":"instock","12":"taxable","13":"shipping-taxable","14":"purchasable","15":"product-type-simple"},"yoast_head":"<!-- This site is optimized with the Yoast SEO plugin v27.1.1 - https:\/\/yoast.com\/product\/yoast-seo-wordpress\/ -->\n<title>M\u00f3dulo Cocina Abierta Caim\u00e1n | La Villa Garden<\/title>\n<meta name=\"description\" content=\"M\u00f3dulo de cocina exterior abierta Caim\u00e1n (120 cm). Estantes accesibles y encimera de piedra sinterizada de m\u00e1rmol negro. Estructura de aluminio duradera. \u20ac890.\" \/>\n<meta name=\"robots\" content=\"index, follow, max-snippet:-1, max-image-preview:large, max-video-preview:-1\" \/>\n<link rel=\"canonical\" href=\"https:\/\/www.lavillagardendesign.com\/es\/producto\/cocina-exterior-modulo-de-cocina-con-estante-abierto-caiman\/\" \/>\n<meta property=\"og:locale\" content=\"es_ES\" \/>\n<meta property=\"og:type\" content=\"article\" \/>\n<meta property=\"og:title\" content=\"M\u00f3dulo Cocina Abierta Caim\u00e1n | La Villa Garden\" \/>\n<meta property=\"og:description\" content=\"M\u00f3dulo de cocina exterior abierta Caim\u00e1n (120 cm). Estantes accesibles y encimera de piedra sinterizada de m\u00e1rmol negro. Estructura de aluminio duradera. \u20ac890.\" \/>\n<meta property=\"og:url\" content=\"https:\/\/www.lavillagardendesign.com\/es\/producto\/cocina-exterior-modulo-de-cocina-con-estante-abierto-caiman\/\" \/>\n<meta property=\"og:site_name\" content=\"La Villa Garden&amp;Design\" \/>\n<meta property=\"article:publisher\" content=\"https:\/\/www.facebook.com\/lavillagardendesign\/\" \/>\n<meta property=\"article:modified_time\" content=\"2026-02-23T09:41:47+00:00\" \/>\n<meta property=\"og:image\" content=\"https:\/\/www.lavillagardendesign.com\/wp-content\/uploads\/2026\/02\/3-7-2.jpg\" \/>\n\t<meta property=\"og:image:width\" content=\"700\" \/>\n\t<meta property=\"og:image:height\" content=\"800\" \/>\n\t<meta property=\"og:image:type\" content=\"image\/jpeg\" \/>\n<meta name=\"twitter:card\" content=\"summary_large_image\" \/>\n<script type=\"application\/ld+json\" class=\"yoast-schema-graph\">{\"@context\":\"https:\/\/schema.org\",\"@graph\":[{\"@type\":\"WebPage\",\"@id\":\"https:\/\/www.lavillagardendesign.com\/es\/producto\/cocina-exterior-modulo-de-cocina-con-estante-abierto-caiman\/\",\"url\":\"https:\/\/www.lavillagardendesign.com\/es\/producto\/cocina-exterior-modulo-de-cocina-con-estante-abierto-caiman\/\",\"name\":\"M\u00f3dulo Cocina Abierta Caim\u00e1n | La Villa Garden\",\"isPartOf\":{\"@id\":\"https:\/\/www.lavillagardendesign.com\/#website\"},\"primaryImageOfPage\":{\"@id\":\"https:\/\/www.lavillagardendesign.com\/es\/producto\/cocina-exterior-modulo-de-cocina-con-estante-abierto-caiman\/#primaryimage\"},\"image\":{\"@id\":\"https:\/\/www.lavillagardendesign.com\/es\/producto\/cocina-exterior-modulo-de-cocina-con-estante-abierto-caiman\/#primaryimage\"},\"thumbnailUrl\":\"https:\/\/www.lavillagardendesign.com\/wp-content\/uploads\/2026\/02\/3-7-2.jpg\",\"datePublished\":\"2026-02-09T08:48:23+00:00\",\"dateModified\":\"2026-02-23T09:41:47+00:00\",\"description\":\"M\u00f3dulo de cocina exterior abierta Caim\u00e1n (120 cm). Estantes accesibles y encimera de piedra sinterizada de m\u00e1rmol negro. Estructura de aluminio duradera. \u20ac890.\",\"breadcrumb\":{\"@id\":\"https:\/\/www.lavillagardendesign.com\/es\/producto\/cocina-exterior-modulo-de-cocina-con-estante-abierto-caiman\/#breadcrumb\"},\"inLanguage\":\"es\",\"potentialAction\":[{\"@type\":\"ReadAction\",\"target\":[\"https:\/\/www.lavillagardendesign.com\/es\/producto\/cocina-exterior-modulo-de-cocina-con-estante-abierto-caiman\/\"]}]},{\"@type\":\"ImageObject\",\"inLanguage\":\"es\",\"@id\":\"https:\/\/www.lavillagardendesign.com\/es\/producto\/cocina-exterior-modulo-de-cocina-con-estante-abierto-caiman\/#primaryimage\",\"url\":\"https:\/\/www.lavillagardendesign.com\/wp-content\/uploads\/2026\/02\/3-7-2.jpg\",\"contentUrl\":\"https:\/\/www.lavillagardendesign.com\/wp-content\/uploads\/2026\/02\/3-7-2.jpg\",\"width\":700,\"height\":800},{\"@type\":\"BreadcrumbList\",\"@id\":\"https:\/\/www.lavillagardendesign.com\/es\/producto\/cocina-exterior-modulo-de-cocina-con-estante-abierto-caiman\/#breadcrumb\",\"itemListElement\":[{\"@type\":\"ListItem\",\"position\":1,\"name\":\"Home\",\"item\":\"https:\/\/www.lavillagardendesign.com\/\"},{\"@type\":\"ListItem\",\"position\":2,\"name\":\"Tienda\",\"item\":\"https:\/\/www.lavillagardendesign.com\/es\/tienda\/\"},{\"@type\":\"ListItem\",\"position\":3,\"name\":\"COCINA EXTERIOR &#8211; M\u00f3dulo de cocina con estante abierto Caiman\"}]},{\"@type\":\"WebSite\",\"@id\":\"https:\/\/www.lavillagardendesign.com\/#website\",\"url\":\"https:\/\/www.lavillagardendesign.com\/\",\"name\":\"La Villa Garden&Design\",\"description\":\"\",\"publisher\":{\"@id\":\"https:\/\/www.lavillagardendesign.com\/#organization\"},\"potentialAction\":[{\"@type\":\"SearchAction\",\"target\":{\"@type\":\"EntryPoint\",\"urlTemplate\":\"https:\/\/www.lavillagardendesign.com\/?s={search_term_string}\"},\"query-input\":{\"@type\":\"PropertyValueSpecification\",\"valueRequired\":true,\"valueName\":\"search_term_string\"}}],\"inLanguage\":\"es\"},{\"@type\":\"Organization\",\"@id\":\"https:\/\/www.lavillagardendesign.com\/#organization\",\"name\":\"La Villa Garden&Design\",\"url\":\"https:\/\/www.lavillagardendesign.com\/\",\"logo\":{\"@type\":\"ImageObject\",\"inLanguage\":\"es\",\"@id\":\"https:\/\/www.lavillagardendesign.com\/#\/schema\/logo\/image\/\",\"url\":\"https:\/\/www.lavillagardendesign.com\/wp-content\/uploads\/2024\/04\/logolavilla.png\",\"contentUrl\":\"https:\/\/www.lavillagardendesign.com\/wp-content\/uploads\/2024\/04\/logolavilla.png\",\"width\":682,\"height\":391,\"caption\":\"La Villa Garden&Design\"},\"image\":{\"@id\":\"https:\/\/www.lavillagardendesign.com\/#\/schema\/logo\/image\/\"},\"sameAs\":[\"https:\/\/www.facebook.com\/lavillagardendesign\/\"]}]}<\/script>\n<!-- \/ Yoast SEO plugin. -->","yoast_head_json":{"title":"M\u00f3dulo Cocina Abierta Caim\u00e1n | La Villa Garden","description":"M\u00f3dulo de cocina exterior abierta Caim\u00e1n (120 cm). Estantes accesibles y encimera de piedra sinterizada de m\u00e1rmol negro. Estructura de aluminio duradera. \u20ac890.","robots":{"index":"index","follow":"follow","max-snippet":"max-snippet:-1","max-image-preview":"max-image-preview:large","max-video-preview":"max-video-preview:-1"},"canonical":"https:\/\/www.lavillagardendesign.com\/es\/producto\/cocina-exterior-modulo-de-cocina-con-estante-abierto-caiman\/","og_locale":"es_ES","og_type":"article","og_title":"M\u00f3dulo Cocina Abierta Caim\u00e1n | La Villa Garden","og_description":"M\u00f3dulo de cocina exterior abierta Caim\u00e1n (120 cm). Estantes accesibles y encimera de piedra sinterizada de m\u00e1rmol negro. Estructura de aluminio duradera. \u20ac890.","og_url":"https:\/\/www.lavillagardendesign.com\/es\/producto\/cocina-exterior-modulo-de-cocina-con-estante-abierto-caiman\/","og_site_name":"La Villa Garden&amp;Design","article_publisher":"https:\/\/www.facebook.com\/lavillagardendesign\/","article_modified_time":"2026-02-23T09:41:47+00:00","og_image":[{"width":700,"height":800,"url":"https:\/\/www.lavillagardendesign.com\/wp-content\/uploads\/2026\/02\/3-7-2.jpg","type":"image\/jpeg"}],"twitter_card":"summary_large_image","schema":{"@context":"https:\/\/schema.org","@graph":[{"@type":"WebPage","@id":"https:\/\/www.lavillagardendesign.com\/es\/producto\/cocina-exterior-modulo-de-cocina-con-estante-abierto-caiman\/","url":"https:\/\/www.lavillagardendesign.com\/es\/producto\/cocina-exterior-modulo-de-cocina-con-estante-abierto-caiman\/","name":"M\u00f3dulo Cocina Abierta Caim\u00e1n | La Villa Garden","isPartOf":{"@id":"https:\/\/www.lavillagardendesign.com\/#website"},"primaryImageOfPage":{"@id":"https:\/\/www.lavillagardendesign.com\/es\/producto\/cocina-exterior-modulo-de-cocina-con-estante-abierto-caiman\/#primaryimage"},"image":{"@id":"https:\/\/www.lavillagardendesign.com\/es\/producto\/cocina-exterior-modulo-de-cocina-con-estante-abierto-caiman\/#primaryimage"},"thumbnailUrl":"https:\/\/www.lavillagardendesign.com\/wp-content\/uploads\/2026\/02\/3-7-2.jpg","datePublished":"2026-02-09T08:48:23+00:00","dateModified":"2026-02-23T09:41:47+00:00","description":"M\u00f3dulo de cocina exterior abierta Caim\u00e1n (120 cm). Estantes accesibles y encimera de piedra sinterizada de m\u00e1rmol negro. Estructura de aluminio duradera. \u20ac890.","breadcrumb":{"@id":"https:\/\/www.lavillagardendesign.com\/es\/producto\/cocina-exterior-modulo-de-cocina-con-estante-abierto-caiman\/#breadcrumb"},"inLanguage":"es","potentialAction":[{"@type":"ReadAction","target":["https:\/\/www.lavillagardendesign.com\/es\/producto\/cocina-exterior-modulo-de-cocina-con-estante-abierto-caiman\/"]}]},{"@type":"ImageObject","inLanguage":"es","@id":"https:\/\/www.lavillagardendesign.com\/es\/producto\/cocina-exterior-modulo-de-cocina-con-estante-abierto-caiman\/#primaryimage","url":"https:\/\/www.lavillagardendesign.com\/wp-content\/uploads\/2026\/02\/3-7-2.jpg","contentUrl":"https:\/\/www.lavillagardendesign.com\/wp-content\/uploads\/2026\/02\/3-7-2.jpg","width":700,"height":800},{"@type":"BreadcrumbList","@id":"https:\/\/www.lavillagardendesign.com\/es\/producto\/cocina-exterior-modulo-de-cocina-con-estante-abierto-caiman\/#breadcrumb","itemListElement":[{"@type":"ListItem","position":1,"name":"Home","item":"https:\/\/www.lavillagardendesign.com\/"},{"@type":"ListItem","position":2,"name":"Tienda","item":"https:\/\/www.lavillagardendesign.com\/es\/tienda\/"},{"@type":"ListItem","position":3,"name":"COCINA EXTERIOR &#8211; M\u00f3dulo de cocina con estante abierto Caiman"}]},{"@type":"WebSite","@id":"https:\/\/www.lavillagardendesign.com\/#website","url":"https:\/\/www.lavillagardendesign.com\/","name":"La Villa Garden&Design","description":"","publisher":{"@id":"https:\/\/www.lavillagardendesign.com\/#organization"},"potentialAction":[{"@type":"SearchAction","target":{"@type":"EntryPoint","urlTemplate":"https:\/\/www.lavillagardendesign.com\/?s={search_term_string}"},"query-input":{"@type":"PropertyValueSpecification","valueRequired":true,"valueName":"search_term_string"}}],"inLanguage":"es"},{"@type":"Organization","@id":"https:\/\/www.lavillagardendesign.com\/#organization","name":"La Villa Garden&Design","url":"https:\/\/www.lavillagardendesign.com\/","logo":{"@type":"ImageObject","inLanguage":"es","@id":"https:\/\/www.lavillagardendesign.com\/#\/schema\/logo\/image\/","url":"https:\/\/www.lavillagardendesign.com\/wp-content\/uploads\/2024\/04\/logolavilla.png","contentUrl":"https:\/\/www.lavillagardendesign.com\/wp-content\/uploads\/2024\/04\/logolavilla.png","width":682,"height":391,"caption":"La Villa Garden&Design"},"image":{"@id":"https:\/\/www.lavillagardendesign.com\/#\/schema\/logo\/image\/"},"sameAs":["https:\/\/www.facebook.com\/lavillagardendesign\/"]}]}},"_links":{"self":[{"href":"https:\/\/www.lavillagardendesign.com\/es\/wp-json\/wp\/v2\/product\/62746","targetHints":{"allow":["GET"]}}],"collection":[{"href":"https:\/\/www.lavillagardendesign.com\/es\/wp-json\/wp\/v2\/product"}],"about":[{"href":"https:\/\/www.lavillagardendesign.com\/es\/wp-json\/wp\/v2\/types\/product"}],"replies":[{"embeddable":true,"href":"https:\/\/www.lavillagardendesign.com\/es\/wp-json\/wp\/v2\/comments?post=62746"}],"version-history":[{"count":1,"href":"https:\/\/www.lavillagardendesign.com\/es\/wp-json\/wp\/v2\/product\/62746\/revisions"}],"predecessor-version":[{"id":63730,"href":"https:\/\/www.lavillagardendesign.com\/es\/wp-json\/wp\/v2\/product\/62746\/revisions\/63730"}],"wp:featuredmedia":[{"embeddable":true,"href":"https:\/\/www.lavillagardendesign.com\/es\/wp-json\/wp\/v2\/media\/62628"}],"wp:attachment":[{"href":"https:\/\/www.lavillagardendesign.com\/es\/wp-json\/wp\/v2\/media?parent=62746"}],"wp:term":[{"taxonomy":"product_brand","embeddable":true,"href":"https:\/\/www.lavillagardendesign.com\/es\/wp-json\/wp\/v2\/product_brand?post=62746"},{"taxonomy":"product_cat","embeddable":true,"href":"https:\/\/www.lavillagardendesign.com\/es\/wp-json\/wp\/v2\/product_cat?post=62746"},{"taxonomy":"product_tag","embeddable":true,"href":"https:\/\/www.lavillagardendesign.com\/es\/wp-json\/wp\/v2\/product_tag?post=62746"}],"curies":[{"name":"wp","href":"https:\/\/api.w.org\/{rel}","templated":true}]}}