{"id":62510,"date":"2026-02-08T14:47:52","date_gmt":"2026-02-08T13:47:52","guid":{"rendered":"https:\/\/www.lavillagardendesign.com\/product\/sorrento-tumbona-lounge-reclinable\/"},"modified":"2026-02-10T14:23:10","modified_gmt":"2026-02-10T12:23:10","slug":"sorrento-tumbona-lounge-reclinable","status":"publish","type":"product","link":"https:\/\/www.lavillagardendesign.com\/es\/producto\/sorrento-tumbona-lounge-reclinable\/","title":{"rendered":"SORRENTO &#8211; Tumbona Lounge Reclinable"},"content":{"rendered":"","protected":false},"excerpt":{"rendered":"<p>Disfruta de la m\u00e1xima relajaci\u00f3n con una est\u00e9tica impecable gracias a la Tumbona Lounge <span class=\"il\">SORRENTO<\/span>. Esta pieza se distingue por su <b> dise\u00f1o \u00abSlim\u00bb y minimalista<\/b>, con una anchura optimizada de <b>53 cm<\/b> que permite alinear varias unidades, aprovechando al m\u00e1ximo el espacio de tu sol\u00e1rium. Su estructura fija <b>de aluminio con recubrimiento de polvo de poli\u00e9ster<\/b> en blanco puro a\u00f1ade un brillo radiante y garantiza una durabilidad extrema contra el \u00f3xido. El confort est\u00e1 asegurado por el <b>Textilene 2&#215;1 de alto gramaje (610 g\/m\u00b2)<\/b>, que ofrece una superficie firme, fresca y de secado ultrarr\u00e1pido. El respaldo se reclina en <b>4 posiciones<\/b>, lo que te permite ajustar el \u00e1ngulo perfecto para broncearte o leer.    <\/p>\n<ul>\n<li>Anchura: 53 cm (dise\u00f1o estilizado)<\/li>\n<li>Longitud: 166,5 cm<\/li>\n<li>Altura m\u00e1xima: 90 cm<\/li>\n<li>Altura del asiento: 32 cm (perfil bajo)<\/li>\n<\/ul>\n","protected":false},"featured_media":62504,"comment_status":"open","ping_status":"closed","template":"","meta":[],"product_brand":[4998],"product_cat":[6833,3114,3116,5659],"product_tag":[],"class_list":{"0":"post-62510","1":"product","2":"type-product","3":"status-publish","4":"has-post-thumbnail","6":"product_brand-la-villa","7":"product_cat-outdoor-es","8":"product_cat-tumbonas-camas","9":"product_cat-tumbonas","10":"product_cat-promociones-web","12":"first","13":"instock","14":"sale","15":"taxable","16":"shipping-taxable","17":"purchasable","18":"product-type-simple"},"yoast_head":"<!-- This site is optimized with the Yoast SEO plugin v27.1.1 - https:\/\/yoast.com\/product\/yoast-seo-wordpress\/ -->\n<title>SORRENTO Tumbona Aluminio Blanco | La Villa Garden<\/title>\n<meta name=\"description\" content=\"Tumbona fija para piscina SORRENTO. Dise\u00f1o minimalista en aluminio blanco y Textilene de alta densidad. Reclinable 4 posiciones. Oferta 179 \u20ac.\" \/>\n<meta name=\"robots\" content=\"index, follow, max-snippet:-1, max-image-preview:large, max-video-preview:-1\" \/>\n<link rel=\"canonical\" href=\"https:\/\/www.lavillagardendesign.com\/es\/producto\/sorrento-tumbona-lounge-reclinable\/\" \/>\n<meta property=\"og:locale\" content=\"es_ES\" \/>\n<meta property=\"og:type\" content=\"article\" \/>\n<meta property=\"og:title\" content=\"SORRENTO Tumbona Aluminio Blanco | La Villa Garden\" \/>\n<meta property=\"og:description\" content=\"Tumbona fija para piscina SORRENTO. Dise\u00f1o minimalista en aluminio blanco y Textilene de alta densidad. Reclinable 4 posiciones. Oferta 179 \u20ac.\" \/>\n<meta property=\"og:url\" content=\"https:\/\/www.lavillagardendesign.com\/es\/producto\/sorrento-tumbona-lounge-reclinable\/\" \/>\n<meta property=\"og:site_name\" content=\"La Villa Garden&amp;Design\" \/>\n<meta property=\"article:publisher\" content=\"https:\/\/www.facebook.com\/lavillagardendesign\/\" \/>\n<meta property=\"article:modified_time\" content=\"2026-02-10T12:23:10+00:00\" \/>\n<meta property=\"og:image\" content=\"https:\/\/www.lavillagardendesign.com\/wp-content\/uploads\/2026\/02\/2-6.png\" \/>\n\t<meta property=\"og:image:width\" content=\"700\" \/>\n\t<meta property=\"og:image:height\" content=\"800\" \/>\n\t<meta property=\"og:image:type\" content=\"image\/png\" \/>\n<meta name=\"twitter:card\" content=\"summary_large_image\" \/>\n<script type=\"application\/ld+json\" class=\"yoast-schema-graph\">{\"@context\":\"https:\/\/schema.org\",\"@graph\":[{\"@type\":\"WebPage\",\"@id\":\"https:\/\/www.lavillagardendesign.com\/es\/producto\/sorrento-tumbona-lounge-reclinable\/\",\"url\":\"https:\/\/www.lavillagardendesign.com\/es\/producto\/sorrento-tumbona-lounge-reclinable\/\",\"name\":\"SORRENTO Tumbona Aluminio Blanco | La Villa Garden\",\"isPartOf\":{\"@id\":\"https:\/\/www.lavillagardendesign.com\/#website\"},\"primaryImageOfPage\":{\"@id\":\"https:\/\/www.lavillagardendesign.com\/es\/producto\/sorrento-tumbona-lounge-reclinable\/#primaryimage\"},\"image\":{\"@id\":\"https:\/\/www.lavillagardendesign.com\/es\/producto\/sorrento-tumbona-lounge-reclinable\/#primaryimage\"},\"thumbnailUrl\":\"https:\/\/www.lavillagardendesign.com\/wp-content\/uploads\/2026\/02\/2-6.png\",\"datePublished\":\"2026-02-08T13:47:52+00:00\",\"dateModified\":\"2026-02-10T12:23:10+00:00\",\"description\":\"Tumbona fija para piscina SORRENTO. Dise\u00f1o minimalista en aluminio blanco y Textilene de alta densidad. Reclinable 4 posiciones. Oferta 179 \u20ac.\",\"breadcrumb\":{\"@id\":\"https:\/\/www.lavillagardendesign.com\/es\/producto\/sorrento-tumbona-lounge-reclinable\/#breadcrumb\"},\"inLanguage\":\"es\",\"potentialAction\":[{\"@type\":\"ReadAction\",\"target\":[\"https:\/\/www.lavillagardendesign.com\/es\/producto\/sorrento-tumbona-lounge-reclinable\/\"]}]},{\"@type\":\"ImageObject\",\"inLanguage\":\"es\",\"@id\":\"https:\/\/www.lavillagardendesign.com\/es\/producto\/sorrento-tumbona-lounge-reclinable\/#primaryimage\",\"url\":\"https:\/\/www.lavillagardendesign.com\/wp-content\/uploads\/2026\/02\/2-6.png\",\"contentUrl\":\"https:\/\/www.lavillagardendesign.com\/wp-content\/uploads\/2026\/02\/2-6.png\",\"width\":700,\"height\":800},{\"@type\":\"BreadcrumbList\",\"@id\":\"https:\/\/www.lavillagardendesign.com\/es\/producto\/sorrento-tumbona-lounge-reclinable\/#breadcrumb\",\"itemListElement\":[{\"@type\":\"ListItem\",\"position\":1,\"name\":\"Home\",\"item\":\"https:\/\/www.lavillagardendesign.com\/\"},{\"@type\":\"ListItem\",\"position\":2,\"name\":\"Tienda\",\"item\":\"https:\/\/www.lavillagardendesign.com\/es\/tienda\/\"},{\"@type\":\"ListItem\",\"position\":3,\"name\":\"SORRENTO &#8211; Tumbona Lounge Reclinable\"}]},{\"@type\":\"WebSite\",\"@id\":\"https:\/\/www.lavillagardendesign.com\/#website\",\"url\":\"https:\/\/www.lavillagardendesign.com\/\",\"name\":\"La Villa Garden&Design\",\"description\":\"\",\"publisher\":{\"@id\":\"https:\/\/www.lavillagardendesign.com\/#organization\"},\"potentialAction\":[{\"@type\":\"SearchAction\",\"target\":{\"@type\":\"EntryPoint\",\"urlTemplate\":\"https:\/\/www.lavillagardendesign.com\/?s={search_term_string}\"},\"query-input\":{\"@type\":\"PropertyValueSpecification\",\"valueRequired\":true,\"valueName\":\"search_term_string\"}}],\"inLanguage\":\"es\"},{\"@type\":\"Organization\",\"@id\":\"https:\/\/www.lavillagardendesign.com\/#organization\",\"name\":\"La Villa Garden&Design\",\"url\":\"https:\/\/www.lavillagardendesign.com\/\",\"logo\":{\"@type\":\"ImageObject\",\"inLanguage\":\"es\",\"@id\":\"https:\/\/www.lavillagardendesign.com\/#\/schema\/logo\/image\/\",\"url\":\"https:\/\/www.lavillagardendesign.com\/wp-content\/uploads\/2024\/04\/logolavilla.png\",\"contentUrl\":\"https:\/\/www.lavillagardendesign.com\/wp-content\/uploads\/2024\/04\/logolavilla.png\",\"width\":682,\"height\":391,\"caption\":\"La Villa Garden&Design\"},\"image\":{\"@id\":\"https:\/\/www.lavillagardendesign.com\/#\/schema\/logo\/image\/\"},\"sameAs\":[\"https:\/\/www.facebook.com\/lavillagardendesign\/\"]}]}<\/script>\n<!-- \/ Yoast SEO plugin. -->","yoast_head_json":{"title":"SORRENTO Tumbona Aluminio Blanco | La Villa Garden","description":"Tumbona fija para piscina SORRENTO. Dise\u00f1o minimalista en aluminio blanco y Textilene de alta densidad. Reclinable 4 posiciones. Oferta 179 \u20ac.","robots":{"index":"index","follow":"follow","max-snippet":"max-snippet:-1","max-image-preview":"max-image-preview:large","max-video-preview":"max-video-preview:-1"},"canonical":"https:\/\/www.lavillagardendesign.com\/es\/producto\/sorrento-tumbona-lounge-reclinable\/","og_locale":"es_ES","og_type":"article","og_title":"SORRENTO Tumbona Aluminio Blanco | La Villa Garden","og_description":"Tumbona fija para piscina SORRENTO. Dise\u00f1o minimalista en aluminio blanco y Textilene de alta densidad. Reclinable 4 posiciones. Oferta 179 \u20ac.","og_url":"https:\/\/www.lavillagardendesign.com\/es\/producto\/sorrento-tumbona-lounge-reclinable\/","og_site_name":"La Villa Garden&amp;Design","article_publisher":"https:\/\/www.facebook.com\/lavillagardendesign\/","article_modified_time":"2026-02-10T12:23:10+00:00","og_image":[{"width":700,"height":800,"url":"https:\/\/www.lavillagardendesign.com\/wp-content\/uploads\/2026\/02\/2-6.png","type":"image\/png"}],"twitter_card":"summary_large_image","schema":{"@context":"https:\/\/schema.org","@graph":[{"@type":"WebPage","@id":"https:\/\/www.lavillagardendesign.com\/es\/producto\/sorrento-tumbona-lounge-reclinable\/","url":"https:\/\/www.lavillagardendesign.com\/es\/producto\/sorrento-tumbona-lounge-reclinable\/","name":"SORRENTO Tumbona Aluminio Blanco | La Villa Garden","isPartOf":{"@id":"https:\/\/www.lavillagardendesign.com\/#website"},"primaryImageOfPage":{"@id":"https:\/\/www.lavillagardendesign.com\/es\/producto\/sorrento-tumbona-lounge-reclinable\/#primaryimage"},"image":{"@id":"https:\/\/www.lavillagardendesign.com\/es\/producto\/sorrento-tumbona-lounge-reclinable\/#primaryimage"},"thumbnailUrl":"https:\/\/www.lavillagardendesign.com\/wp-content\/uploads\/2026\/02\/2-6.png","datePublished":"2026-02-08T13:47:52+00:00","dateModified":"2026-02-10T12:23:10+00:00","description":"Tumbona fija para piscina SORRENTO. Dise\u00f1o minimalista en aluminio blanco y Textilene de alta densidad. Reclinable 4 posiciones. Oferta 179 \u20ac.","breadcrumb":{"@id":"https:\/\/www.lavillagardendesign.com\/es\/producto\/sorrento-tumbona-lounge-reclinable\/#breadcrumb"},"inLanguage":"es","potentialAction":[{"@type":"ReadAction","target":["https:\/\/www.lavillagardendesign.com\/es\/producto\/sorrento-tumbona-lounge-reclinable\/"]}]},{"@type":"ImageObject","inLanguage":"es","@id":"https:\/\/www.lavillagardendesign.com\/es\/producto\/sorrento-tumbona-lounge-reclinable\/#primaryimage","url":"https:\/\/www.lavillagardendesign.com\/wp-content\/uploads\/2026\/02\/2-6.png","contentUrl":"https:\/\/www.lavillagardendesign.com\/wp-content\/uploads\/2026\/02\/2-6.png","width":700,"height":800},{"@type":"BreadcrumbList","@id":"https:\/\/www.lavillagardendesign.com\/es\/producto\/sorrento-tumbona-lounge-reclinable\/#breadcrumb","itemListElement":[{"@type":"ListItem","position":1,"name":"Home","item":"https:\/\/www.lavillagardendesign.com\/"},{"@type":"ListItem","position":2,"name":"Tienda","item":"https:\/\/www.lavillagardendesign.com\/es\/tienda\/"},{"@type":"ListItem","position":3,"name":"SORRENTO &#8211; Tumbona Lounge Reclinable"}]},{"@type":"WebSite","@id":"https:\/\/www.lavillagardendesign.com\/#website","url":"https:\/\/www.lavillagardendesign.com\/","name":"La Villa Garden&Design","description":"","publisher":{"@id":"https:\/\/www.lavillagardendesign.com\/#organization"},"potentialAction":[{"@type":"SearchAction","target":{"@type":"EntryPoint","urlTemplate":"https:\/\/www.lavillagardendesign.com\/?s={search_term_string}"},"query-input":{"@type":"PropertyValueSpecification","valueRequired":true,"valueName":"search_term_string"}}],"inLanguage":"es"},{"@type":"Organization","@id":"https:\/\/www.lavillagardendesign.com\/#organization","name":"La Villa Garden&Design","url":"https:\/\/www.lavillagardendesign.com\/","logo":{"@type":"ImageObject","inLanguage":"es","@id":"https:\/\/www.lavillagardendesign.com\/#\/schema\/logo\/image\/","url":"https:\/\/www.lavillagardendesign.com\/wp-content\/uploads\/2024\/04\/logolavilla.png","contentUrl":"https:\/\/www.lavillagardendesign.com\/wp-content\/uploads\/2024\/04\/logolavilla.png","width":682,"height":391,"caption":"La Villa Garden&Design"},"image":{"@id":"https:\/\/www.lavillagardendesign.com\/#\/schema\/logo\/image\/"},"sameAs":["https:\/\/www.facebook.com\/lavillagardendesign\/"]}]}},"_links":{"self":[{"href":"https:\/\/www.lavillagardendesign.com\/es\/wp-json\/wp\/v2\/product\/62510","targetHints":{"allow":["GET"]}}],"collection":[{"href":"https:\/\/www.lavillagardendesign.com\/es\/wp-json\/wp\/v2\/product"}],"about":[{"href":"https:\/\/www.lavillagardendesign.com\/es\/wp-json\/wp\/v2\/types\/product"}],"replies":[{"embeddable":true,"href":"https:\/\/www.lavillagardendesign.com\/es\/wp-json\/wp\/v2\/comments?post=62510"}],"version-history":[{"count":1,"href":"https:\/\/www.lavillagardendesign.com\/es\/wp-json\/wp\/v2\/product\/62510\/revisions"}],"predecessor-version":[{"id":62794,"href":"https:\/\/www.lavillagardendesign.com\/es\/wp-json\/wp\/v2\/product\/62510\/revisions\/62794"}],"wp:featuredmedia":[{"embeddable":true,"href":"https:\/\/www.lavillagardendesign.com\/es\/wp-json\/wp\/v2\/media\/62504"}],"wp:attachment":[{"href":"https:\/\/www.lavillagardendesign.com\/es\/wp-json\/wp\/v2\/media?parent=62510"}],"wp:term":[{"taxonomy":"product_brand","embeddable":true,"href":"https:\/\/www.lavillagardendesign.com\/es\/wp-json\/wp\/v2\/product_brand?post=62510"},{"taxonomy":"product_cat","embeddable":true,"href":"https:\/\/www.lavillagardendesign.com\/es\/wp-json\/wp\/v2\/product_cat?post=62510"},{"taxonomy":"product_tag","embeddable":true,"href":"https:\/\/www.lavillagardendesign.com\/es\/wp-json\/wp\/v2\/product_tag?post=62510"}],"curies":[{"name":"wp","href":"https:\/\/api.w.org\/{rel}","templated":true}]}}