{"id":62374,"date":"2026-02-08T00:23:08","date_gmt":"2026-02-07T23:23:08","guid":{"rendered":"https:\/\/www.lavillagardendesign.com\/product\/keys-island-collection-cofre-con-ruedas\/"},"modified":"2026-02-09T11:26:44","modified_gmt":"2026-02-09T09:26:44","slug":"keys-island-collection-cofre-con-ruedas","status":"publish","type":"product","link":"https:\/\/www.lavillagardendesign.com\/es\/producto\/keys-island-collection-cofre-con-ruedas\/","title":{"rendered":"KEYS ISLAND COLLECTION &#8211; Cofre con ruedas"},"content":{"rendered":"","protected":false},"excerpt":{"rendered":"<p>Protege tu inversi\u00f3n en textiles de exterior con el exclusivo ba\u00fal de almacenamiento de cojines de la colecci\u00f3n <span class=\"il\">KEYS<\/span> <span class=\"il\">ISLAND<\/span>. Esta pieza de almacenamiento de alto rendimiento combina una estructura de aluminio con recubrimiento de polvo de poli\u00e9ster con paneles de acero galvanizado, creando una barrera robusta y a prueba de \u00f3xido contra los elementos. Su dise\u00f1o funcional incorpora un sistema de apertura f\u00e1cil accionado por <b>dos pistones de gas<\/b>, que permite un acceso suave y seguro al interior. Destaca por su movilidad, gracias a las ruedas de pl\u00e1stico con sistema de bloqueo, y por su refinada est\u00e9tica: el asa de aluminio presenta una aplicaci\u00f3n de pel\u00edcula de PVC con <b>efecto de grano de madera en 3D<\/b>, que a\u00f1ade un toque c\u00e1lido y sofisticado. Ideal para guardar cojines, fundas y accesorios de piscina, manteni\u00e9ndolos secos y ventilados.    <\/p>\n<ul>\n<li><b>Grande:<\/b> Longitud 164,8 cm | Profundidad 72 cm | Altura 70 cm<\/li>\n<li><b>Mediana:<\/b> Longitud 141,6 cm | Profundidad 72 cm | Altura 70 cm<\/li>\n<\/ul>\n","protected":false},"featured_media":62168,"comment_status":"open","ping_status":"closed","template":"","meta":[],"product_brand":[4998],"product_cat":[6833,3098],"product_tag":[],"class_list":{"0":"post-62374","1":"product","2":"type-product","3":"status-publish","4":"has-post-thumbnail","6":"product_brand-la-villa","7":"product_cat-outdoor-es","8":"product_cat-accesorios","10":"first","11":"instock","12":"sale","13":"taxable","14":"shipping-taxable","15":"purchasable","16":"product-type-variable"},"yoast_head":"<!-- This site is optimized with the Yoast SEO plugin v27.1.1 - https:\/\/yoast.com\/product\/yoast-seo-wordpress\/ -->\n<title>Caja de almacenaje con ruedas para exteriores KEYS ISLAND | Cofre de lujo<\/title>\n<meta name=\"description\" content=\"Cofre para guardar cojines KEYS ISLAND. Aluminio y acero galvanizado. Apertura por pist\u00f3n de gas y ruedas. Disponible en blanco (165 cm) y seda (141 cm).\" \/>\n<meta name=\"robots\" content=\"index, follow, max-snippet:-1, max-image-preview:large, max-video-preview:-1\" \/>\n<link rel=\"canonical\" href=\"https:\/\/www.lavillagardendesign.com\/es\/producto\/keys-island-collection-cofre-con-ruedas\/\" \/>\n<meta property=\"og:locale\" content=\"es_ES\" \/>\n<meta property=\"og:type\" content=\"article\" \/>\n<meta property=\"og:title\" content=\"Caja de almacenaje con ruedas para exteriores KEYS ISLAND | Cofre de lujo\" \/>\n<meta property=\"og:description\" content=\"Cofre para guardar cojines KEYS ISLAND. Aluminio y acero galvanizado. Apertura por pist\u00f3n de gas y ruedas. Disponible en blanco (165 cm) y seda (141 cm).\" \/>\n<meta property=\"og:url\" content=\"https:\/\/www.lavillagardendesign.com\/es\/producto\/keys-island-collection-cofre-con-ruedas\/\" \/>\n<meta property=\"og:site_name\" content=\"La Villa Garden&amp;Design\" \/>\n<meta property=\"article:publisher\" content=\"https:\/\/www.facebook.com\/lavillagardendesign\/\" \/>\n<meta property=\"article:modified_time\" content=\"2026-02-09T09:26:44+00:00\" \/>\n<meta property=\"og:image\" content=\"https:\/\/www.lavillagardendesign.com\/wp-content\/uploads\/2026\/02\/7-2.png\" \/>\n\t<meta property=\"og:image:width\" content=\"700\" \/>\n\t<meta property=\"og:image:height\" content=\"800\" \/>\n\t<meta property=\"og:image:type\" content=\"image\/png\" \/>\n<meta name=\"twitter:card\" content=\"summary_large_image\" \/>\n<script type=\"application\/ld+json\" class=\"yoast-schema-graph\">{\"@context\":\"https:\/\/schema.org\",\"@graph\":[{\"@type\":\"WebPage\",\"@id\":\"https:\/\/www.lavillagardendesign.com\/es\/producto\/keys-island-collection-cofre-con-ruedas\/\",\"url\":\"https:\/\/www.lavillagardendesign.com\/es\/producto\/keys-island-collection-cofre-con-ruedas\/\",\"name\":\"Caja de almacenaje con ruedas para exteriores KEYS ISLAND | Cofre de lujo\",\"isPartOf\":{\"@id\":\"https:\/\/www.lavillagardendesign.com\/#website\"},\"primaryImageOfPage\":{\"@id\":\"https:\/\/www.lavillagardendesign.com\/es\/producto\/keys-island-collection-cofre-con-ruedas\/#primaryimage\"},\"image\":{\"@id\":\"https:\/\/www.lavillagardendesign.com\/es\/producto\/keys-island-collection-cofre-con-ruedas\/#primaryimage\"},\"thumbnailUrl\":\"https:\/\/www.lavillagardendesign.com\/wp-content\/uploads\/2026\/02\/7-2.png\",\"datePublished\":\"2026-02-07T23:23:08+00:00\",\"dateModified\":\"2026-02-09T09:26:44+00:00\",\"description\":\"Cofre para guardar cojines KEYS ISLAND. Aluminio y acero galvanizado. Apertura por pist\u00f3n de gas y ruedas. Disponible en blanco (165 cm) y seda (141 cm).\",\"breadcrumb\":{\"@id\":\"https:\/\/www.lavillagardendesign.com\/es\/producto\/keys-island-collection-cofre-con-ruedas\/#breadcrumb\"},\"inLanguage\":\"es\",\"potentialAction\":[{\"@type\":\"ReadAction\",\"target\":[\"https:\/\/www.lavillagardendesign.com\/es\/producto\/keys-island-collection-cofre-con-ruedas\/\"]}]},{\"@type\":\"ImageObject\",\"inLanguage\":\"es\",\"@id\":\"https:\/\/www.lavillagardendesign.com\/es\/producto\/keys-island-collection-cofre-con-ruedas\/#primaryimage\",\"url\":\"https:\/\/www.lavillagardendesign.com\/wp-content\/uploads\/2026\/02\/7-2.png\",\"contentUrl\":\"https:\/\/www.lavillagardendesign.com\/wp-content\/uploads\/2026\/02\/7-2.png\",\"width\":700,\"height\":800},{\"@type\":\"BreadcrumbList\",\"@id\":\"https:\/\/www.lavillagardendesign.com\/es\/producto\/keys-island-collection-cofre-con-ruedas\/#breadcrumb\",\"itemListElement\":[{\"@type\":\"ListItem\",\"position\":1,\"name\":\"Home\",\"item\":\"https:\/\/www.lavillagardendesign.com\/\"},{\"@type\":\"ListItem\",\"position\":2,\"name\":\"Tienda\",\"item\":\"https:\/\/www.lavillagardendesign.com\/es\/tienda\/\"},{\"@type\":\"ListItem\",\"position\":3,\"name\":\"KEYS ISLAND COLLECTION &#8211; Cofre con ruedas\"}]},{\"@type\":\"WebSite\",\"@id\":\"https:\/\/www.lavillagardendesign.com\/#website\",\"url\":\"https:\/\/www.lavillagardendesign.com\/\",\"name\":\"La Villa Garden&Design\",\"description\":\"\",\"publisher\":{\"@id\":\"https:\/\/www.lavillagardendesign.com\/#organization\"},\"potentialAction\":[{\"@type\":\"SearchAction\",\"target\":{\"@type\":\"EntryPoint\",\"urlTemplate\":\"https:\/\/www.lavillagardendesign.com\/?s={search_term_string}\"},\"query-input\":{\"@type\":\"PropertyValueSpecification\",\"valueRequired\":true,\"valueName\":\"search_term_string\"}}],\"inLanguage\":\"es\"},{\"@type\":\"Organization\",\"@id\":\"https:\/\/www.lavillagardendesign.com\/#organization\",\"name\":\"La Villa Garden&Design\",\"url\":\"https:\/\/www.lavillagardendesign.com\/\",\"logo\":{\"@type\":\"ImageObject\",\"inLanguage\":\"es\",\"@id\":\"https:\/\/www.lavillagardendesign.com\/#\/schema\/logo\/image\/\",\"url\":\"https:\/\/www.lavillagardendesign.com\/wp-content\/uploads\/2024\/04\/logolavilla.png\",\"contentUrl\":\"https:\/\/www.lavillagardendesign.com\/wp-content\/uploads\/2024\/04\/logolavilla.png\",\"width\":682,\"height\":391,\"caption\":\"La Villa Garden&Design\"},\"image\":{\"@id\":\"https:\/\/www.lavillagardendesign.com\/#\/schema\/logo\/image\/\"},\"sameAs\":[\"https:\/\/www.facebook.com\/lavillagardendesign\/\"]}]}<\/script>\n<!-- \/ Yoast SEO plugin. -->","yoast_head_json":{"title":"Caja de almacenaje con ruedas para exteriores KEYS ISLAND | Cofre de lujo","description":"Cofre para guardar cojines KEYS ISLAND. Aluminio y acero galvanizado. Apertura por pist\u00f3n de gas y ruedas. Disponible en blanco (165 cm) y seda (141 cm).","robots":{"index":"index","follow":"follow","max-snippet":"max-snippet:-1","max-image-preview":"max-image-preview:large","max-video-preview":"max-video-preview:-1"},"canonical":"https:\/\/www.lavillagardendesign.com\/es\/producto\/keys-island-collection-cofre-con-ruedas\/","og_locale":"es_ES","og_type":"article","og_title":"Caja de almacenaje con ruedas para exteriores KEYS ISLAND | Cofre de lujo","og_description":"Cofre para guardar cojines KEYS ISLAND. Aluminio y acero galvanizado. Apertura por pist\u00f3n de gas y ruedas. Disponible en blanco (165 cm) y seda (141 cm).","og_url":"https:\/\/www.lavillagardendesign.com\/es\/producto\/keys-island-collection-cofre-con-ruedas\/","og_site_name":"La Villa Garden&amp;Design","article_publisher":"https:\/\/www.facebook.com\/lavillagardendesign\/","article_modified_time":"2026-02-09T09:26:44+00:00","og_image":[{"width":700,"height":800,"url":"https:\/\/www.lavillagardendesign.com\/wp-content\/uploads\/2026\/02\/7-2.png","type":"image\/png"}],"twitter_card":"summary_large_image","schema":{"@context":"https:\/\/schema.org","@graph":[{"@type":"WebPage","@id":"https:\/\/www.lavillagardendesign.com\/es\/producto\/keys-island-collection-cofre-con-ruedas\/","url":"https:\/\/www.lavillagardendesign.com\/es\/producto\/keys-island-collection-cofre-con-ruedas\/","name":"Caja de almacenaje con ruedas para exteriores KEYS ISLAND | Cofre de lujo","isPartOf":{"@id":"https:\/\/www.lavillagardendesign.com\/#website"},"primaryImageOfPage":{"@id":"https:\/\/www.lavillagardendesign.com\/es\/producto\/keys-island-collection-cofre-con-ruedas\/#primaryimage"},"image":{"@id":"https:\/\/www.lavillagardendesign.com\/es\/producto\/keys-island-collection-cofre-con-ruedas\/#primaryimage"},"thumbnailUrl":"https:\/\/www.lavillagardendesign.com\/wp-content\/uploads\/2026\/02\/7-2.png","datePublished":"2026-02-07T23:23:08+00:00","dateModified":"2026-02-09T09:26:44+00:00","description":"Cofre para guardar cojines KEYS ISLAND. Aluminio y acero galvanizado. Apertura por pist\u00f3n de gas y ruedas. Disponible en blanco (165 cm) y seda (141 cm).","breadcrumb":{"@id":"https:\/\/www.lavillagardendesign.com\/es\/producto\/keys-island-collection-cofre-con-ruedas\/#breadcrumb"},"inLanguage":"es","potentialAction":[{"@type":"ReadAction","target":["https:\/\/www.lavillagardendesign.com\/es\/producto\/keys-island-collection-cofre-con-ruedas\/"]}]},{"@type":"ImageObject","inLanguage":"es","@id":"https:\/\/www.lavillagardendesign.com\/es\/producto\/keys-island-collection-cofre-con-ruedas\/#primaryimage","url":"https:\/\/www.lavillagardendesign.com\/wp-content\/uploads\/2026\/02\/7-2.png","contentUrl":"https:\/\/www.lavillagardendesign.com\/wp-content\/uploads\/2026\/02\/7-2.png","width":700,"height":800},{"@type":"BreadcrumbList","@id":"https:\/\/www.lavillagardendesign.com\/es\/producto\/keys-island-collection-cofre-con-ruedas\/#breadcrumb","itemListElement":[{"@type":"ListItem","position":1,"name":"Home","item":"https:\/\/www.lavillagardendesign.com\/"},{"@type":"ListItem","position":2,"name":"Tienda","item":"https:\/\/www.lavillagardendesign.com\/es\/tienda\/"},{"@type":"ListItem","position":3,"name":"KEYS ISLAND COLLECTION &#8211; Cofre con ruedas"}]},{"@type":"WebSite","@id":"https:\/\/www.lavillagardendesign.com\/#website","url":"https:\/\/www.lavillagardendesign.com\/","name":"La Villa Garden&Design","description":"","publisher":{"@id":"https:\/\/www.lavillagardendesign.com\/#organization"},"potentialAction":[{"@type":"SearchAction","target":{"@type":"EntryPoint","urlTemplate":"https:\/\/www.lavillagardendesign.com\/?s={search_term_string}"},"query-input":{"@type":"PropertyValueSpecification","valueRequired":true,"valueName":"search_term_string"}}],"inLanguage":"es"},{"@type":"Organization","@id":"https:\/\/www.lavillagardendesign.com\/#organization","name":"La Villa Garden&Design","url":"https:\/\/www.lavillagardendesign.com\/","logo":{"@type":"ImageObject","inLanguage":"es","@id":"https:\/\/www.lavillagardendesign.com\/#\/schema\/logo\/image\/","url":"https:\/\/www.lavillagardendesign.com\/wp-content\/uploads\/2024\/04\/logolavilla.png","contentUrl":"https:\/\/www.lavillagardendesign.com\/wp-content\/uploads\/2024\/04\/logolavilla.png","width":682,"height":391,"caption":"La Villa Garden&Design"},"image":{"@id":"https:\/\/www.lavillagardendesign.com\/#\/schema\/logo\/image\/"},"sameAs":["https:\/\/www.facebook.com\/lavillagardendesign\/"]}]}},"_links":{"self":[{"href":"https:\/\/www.lavillagardendesign.com\/es\/wp-json\/wp\/v2\/product\/62374","targetHints":{"allow":["GET"]}}],"collection":[{"href":"https:\/\/www.lavillagardendesign.com\/es\/wp-json\/wp\/v2\/product"}],"about":[{"href":"https:\/\/www.lavillagardendesign.com\/es\/wp-json\/wp\/v2\/types\/product"}],"replies":[{"embeddable":true,"href":"https:\/\/www.lavillagardendesign.com\/es\/wp-json\/wp\/v2\/comments?post=62374"}],"version-history":[{"count":1,"href":"https:\/\/www.lavillagardendesign.com\/es\/wp-json\/wp\/v2\/product\/62374\/revisions"}],"predecessor-version":[{"id":62778,"href":"https:\/\/www.lavillagardendesign.com\/es\/wp-json\/wp\/v2\/product\/62374\/revisions\/62778"}],"wp:featuredmedia":[{"embeddable":true,"href":"https:\/\/www.lavillagardendesign.com\/es\/wp-json\/wp\/v2\/media\/62168"}],"wp:attachment":[{"href":"https:\/\/www.lavillagardendesign.com\/es\/wp-json\/wp\/v2\/media?parent=62374"}],"wp:term":[{"taxonomy":"product_brand","embeddable":true,"href":"https:\/\/www.lavillagardendesign.com\/es\/wp-json\/wp\/v2\/product_brand?post=62374"},{"taxonomy":"product_cat","embeddable":true,"href":"https:\/\/www.lavillagardendesign.com\/es\/wp-json\/wp\/v2\/product_cat?post=62374"},{"taxonomy":"product_tag","embeddable":true,"href":"https:\/\/www.lavillagardendesign.com\/es\/wp-json\/wp\/v2\/product_tag?post=62374"}],"curies":[{"name":"wp","href":"https:\/\/api.w.org\/{rel}","templated":true}]}}