{"id":62341,"date":"2026-02-08T01:09:10","date_gmt":"2026-02-08T00:09:10","guid":{"rendered":"https:\/\/www.lavillagardendesign.com\/product\/martinique-juego-de-salon-de-3-piezas\/"},"modified":"2026-02-10T14:23:46","modified_gmt":"2026-02-10T12:23:46","slug":"martinique-juego-de-salon-de-3-piezas","status":"publish","type":"product","link":"https:\/\/www.lavillagardendesign.com\/es\/producto\/martinique-juego-de-salon-de-3-piezas\/","title":{"rendered":"MARTINIQUE &#8211; Juego de sal\u00f3n de 3 piezas"},"content":{"rendered":"","protected":false},"excerpt":{"rendered":"<p>Lleva la elegancia de los resorts exclusivos a tu terraza con el Conjunto de Tumbona <span class=\"il\">MARTINIQUE<\/span>. Este conjunto de 3 piezas destaca por su dise\u00f1o envolvente y voluminoso, logrado gracias a un espectacular <b>tejido artesanal de fibra sint\u00e9tica redonda de 9 mm<\/b> sobre una s\u00f3lida estructura de aluminio. El conjunto incluye un <b>sof\u00e1 de 3 plazas (207 cm)<\/b> y <b>dos sillones<\/b> individuales, que ofrecen un confort superior gracias a sus cojines desenfundables en tejido <b>Olefin<\/b> (100% polipropileno), hidr\u00f3fugo y resistente a la decoloraci\u00f3n. Disponible en dos acabados para definir tu estilo <b>Blanco<\/b> (para un aspecto caribe\u00f1o luminoso) o <b>Antracita<\/b> (para una est\u00e9tica moderna y sofisticada).   <\/p>\n<ul>\n<li><b>1x Sof\u00e1 de 3 plazas:<\/b> Largo 207,5 cm | Profundidad 83,5 cm | Altura 77,5 cm<\/li>\n<li><b>2x Sillones individuales:<\/b> Anchura 77,5 cm | Profundidad 83,5 cm | Altura 77,5 cm<\/li>\n<li><b>Altura del asiento:<\/b> 41 cm | <b>Altura del reposabrazos:<\/b> 59 cm<\/li>\n<\/ul>\n","protected":false},"featured_media":62302,"comment_status":"open","ping_status":"closed","template":"","meta":[],"product_brand":[4998],"product_cat":[6833,3111,3113,5659],"product_tag":[],"class_list":{"0":"post-62341","1":"product","2":"type-product","3":"status-publish","4":"has-post-thumbnail","6":"product_brand-la-villa","7":"product_cat-outdoor-es","8":"product_cat-sofas-y-butacas","9":"product_cat-sofas-es","10":"product_cat-promociones-web","12":"first","13":"instock","14":"sale","15":"taxable","16":"shipping-taxable","17":"purchasable","18":"product-type-variable"},"yoast_head":"<!-- This site is optimized with the Yoast SEO plugin v27.1.1 - https:\/\/yoast.com\/product\/yoast-seo-wordpress\/ -->\n<title>MARTINIQUE Juego redondo de 3 piezas de fibra para tumbona de jard\u00edn | La Villa Garden<\/title>\n<meta name=\"description\" content=\"Conjunto de sof\u00e1 de exterior MARTINIQUE (Sof\u00e1 + 2 Sillones). Fibra sint\u00e9tica redonda y aluminio. Disponible en blanco y antracita. Cojines de olefina incluidos. Oferta 2.690 \u20ac.\" \/>\n<meta name=\"robots\" content=\"index, follow, max-snippet:-1, max-image-preview:large, max-video-preview:-1\" \/>\n<link rel=\"canonical\" href=\"https:\/\/www.lavillagardendesign.com\/es\/producto\/martinique-juego-de-salon-de-3-piezas\/\" \/>\n<meta property=\"og:locale\" content=\"es_ES\" \/>\n<meta property=\"og:type\" content=\"article\" \/>\n<meta property=\"og:title\" content=\"MARTINIQUE Juego redondo de 3 piezas de fibra para tumbona de jard\u00edn | La Villa Garden\" \/>\n<meta property=\"og:description\" content=\"Conjunto de sof\u00e1 de exterior MARTINIQUE (Sof\u00e1 + 2 Sillones). Fibra sint\u00e9tica redonda y aluminio. Disponible en blanco y antracita. Cojines de olefina incluidos. Oferta 2.690 \u20ac.\" \/>\n<meta property=\"og:url\" content=\"https:\/\/www.lavillagardendesign.com\/es\/producto\/martinique-juego-de-salon-de-3-piezas\/\" \/>\n<meta property=\"og:site_name\" content=\"La Villa Garden&amp;Design\" \/>\n<meta property=\"article:publisher\" content=\"https:\/\/www.facebook.com\/lavillagardendesign\/\" \/>\n<meta property=\"article:modified_time\" content=\"2026-02-10T12:23:46+00:00\" \/>\n<meta property=\"og:image\" content=\"https:\/\/www.lavillagardendesign.com\/wp-content\/uploads\/2026\/02\/1-3-2.jpg\" \/>\n\t<meta property=\"og:image:width\" content=\"700\" \/>\n\t<meta property=\"og:image:height\" content=\"800\" \/>\n\t<meta property=\"og:image:type\" content=\"image\/jpeg\" \/>\n<meta name=\"twitter:card\" content=\"summary_large_image\" \/>\n<script type=\"application\/ld+json\" class=\"yoast-schema-graph\">{\"@context\":\"https:\/\/schema.org\",\"@graph\":[{\"@type\":\"WebPage\",\"@id\":\"https:\/\/www.lavillagardendesign.com\/es\/producto\/martinique-juego-de-salon-de-3-piezas\/\",\"url\":\"https:\/\/www.lavillagardendesign.com\/es\/producto\/martinique-juego-de-salon-de-3-piezas\/\",\"name\":\"MARTINIQUE Juego redondo de 3 piezas de fibra para tumbona de jard\u00edn | La Villa Garden\",\"isPartOf\":{\"@id\":\"https:\/\/www.lavillagardendesign.com\/#website\"},\"primaryImageOfPage\":{\"@id\":\"https:\/\/www.lavillagardendesign.com\/es\/producto\/martinique-juego-de-salon-de-3-piezas\/#primaryimage\"},\"image\":{\"@id\":\"https:\/\/www.lavillagardendesign.com\/es\/producto\/martinique-juego-de-salon-de-3-piezas\/#primaryimage\"},\"thumbnailUrl\":\"https:\/\/www.lavillagardendesign.com\/wp-content\/uploads\/2026\/02\/1-3-2.jpg\",\"datePublished\":\"2026-02-08T00:09:10+00:00\",\"dateModified\":\"2026-02-10T12:23:46+00:00\",\"description\":\"Conjunto de sof\u00e1 de exterior MARTINIQUE (Sof\u00e1 + 2 Sillones). Fibra sint\u00e9tica redonda y aluminio. Disponible en blanco y antracita. Cojines de olefina incluidos. Oferta 2.690 \u20ac.\",\"breadcrumb\":{\"@id\":\"https:\/\/www.lavillagardendesign.com\/es\/producto\/martinique-juego-de-salon-de-3-piezas\/#breadcrumb\"},\"inLanguage\":\"es\",\"potentialAction\":[{\"@type\":\"ReadAction\",\"target\":[\"https:\/\/www.lavillagardendesign.com\/es\/producto\/martinique-juego-de-salon-de-3-piezas\/\"]}]},{\"@type\":\"ImageObject\",\"inLanguage\":\"es\",\"@id\":\"https:\/\/www.lavillagardendesign.com\/es\/producto\/martinique-juego-de-salon-de-3-piezas\/#primaryimage\",\"url\":\"https:\/\/www.lavillagardendesign.com\/wp-content\/uploads\/2026\/02\/1-3-2.jpg\",\"contentUrl\":\"https:\/\/www.lavillagardendesign.com\/wp-content\/uploads\/2026\/02\/1-3-2.jpg\",\"width\":700,\"height\":800},{\"@type\":\"BreadcrumbList\",\"@id\":\"https:\/\/www.lavillagardendesign.com\/es\/producto\/martinique-juego-de-salon-de-3-piezas\/#breadcrumb\",\"itemListElement\":[{\"@type\":\"ListItem\",\"position\":1,\"name\":\"Home\",\"item\":\"https:\/\/www.lavillagardendesign.com\/\"},{\"@type\":\"ListItem\",\"position\":2,\"name\":\"Tienda\",\"item\":\"https:\/\/www.lavillagardendesign.com\/es\/tienda\/\"},{\"@type\":\"ListItem\",\"position\":3,\"name\":\"MARTINIQUE &#8211; Juego de sal\u00f3n de 3 piezas\"}]},{\"@type\":\"WebSite\",\"@id\":\"https:\/\/www.lavillagardendesign.com\/#website\",\"url\":\"https:\/\/www.lavillagardendesign.com\/\",\"name\":\"La Villa Garden&Design\",\"description\":\"\",\"publisher\":{\"@id\":\"https:\/\/www.lavillagardendesign.com\/#organization\"},\"potentialAction\":[{\"@type\":\"SearchAction\",\"target\":{\"@type\":\"EntryPoint\",\"urlTemplate\":\"https:\/\/www.lavillagardendesign.com\/?s={search_term_string}\"},\"query-input\":{\"@type\":\"PropertyValueSpecification\",\"valueRequired\":true,\"valueName\":\"search_term_string\"}}],\"inLanguage\":\"es\"},{\"@type\":\"Organization\",\"@id\":\"https:\/\/www.lavillagardendesign.com\/#organization\",\"name\":\"La Villa Garden&Design\",\"url\":\"https:\/\/www.lavillagardendesign.com\/\",\"logo\":{\"@type\":\"ImageObject\",\"inLanguage\":\"es\",\"@id\":\"https:\/\/www.lavillagardendesign.com\/#\/schema\/logo\/image\/\",\"url\":\"https:\/\/www.lavillagardendesign.com\/wp-content\/uploads\/2024\/04\/logolavilla.png\",\"contentUrl\":\"https:\/\/www.lavillagardendesign.com\/wp-content\/uploads\/2024\/04\/logolavilla.png\",\"width\":682,\"height\":391,\"caption\":\"La Villa Garden&Design\"},\"image\":{\"@id\":\"https:\/\/www.lavillagardendesign.com\/#\/schema\/logo\/image\/\"},\"sameAs\":[\"https:\/\/www.facebook.com\/lavillagardendesign\/\"]}]}<\/script>\n<!-- \/ Yoast SEO plugin. -->","yoast_head_json":{"title":"MARTINIQUE Juego redondo de 3 piezas de fibra para tumbona de jard\u00edn | La Villa Garden","description":"Conjunto de sof\u00e1 de exterior MARTINIQUE (Sof\u00e1 + 2 Sillones). Fibra sint\u00e9tica redonda y aluminio. Disponible en blanco y antracita. Cojines de olefina incluidos. Oferta 2.690 \u20ac.","robots":{"index":"index","follow":"follow","max-snippet":"max-snippet:-1","max-image-preview":"max-image-preview:large","max-video-preview":"max-video-preview:-1"},"canonical":"https:\/\/www.lavillagardendesign.com\/es\/producto\/martinique-juego-de-salon-de-3-piezas\/","og_locale":"es_ES","og_type":"article","og_title":"MARTINIQUE Juego redondo de 3 piezas de fibra para tumbona de jard\u00edn | La Villa Garden","og_description":"Conjunto de sof\u00e1 de exterior MARTINIQUE (Sof\u00e1 + 2 Sillones). Fibra sint\u00e9tica redonda y aluminio. Disponible en blanco y antracita. Cojines de olefina incluidos. Oferta 2.690 \u20ac.","og_url":"https:\/\/www.lavillagardendesign.com\/es\/producto\/martinique-juego-de-salon-de-3-piezas\/","og_site_name":"La Villa Garden&amp;Design","article_publisher":"https:\/\/www.facebook.com\/lavillagardendesign\/","article_modified_time":"2026-02-10T12:23:46+00:00","og_image":[{"width":700,"height":800,"url":"https:\/\/www.lavillagardendesign.com\/wp-content\/uploads\/2026\/02\/1-3-2.jpg","type":"image\/jpeg"}],"twitter_card":"summary_large_image","schema":{"@context":"https:\/\/schema.org","@graph":[{"@type":"WebPage","@id":"https:\/\/www.lavillagardendesign.com\/es\/producto\/martinique-juego-de-salon-de-3-piezas\/","url":"https:\/\/www.lavillagardendesign.com\/es\/producto\/martinique-juego-de-salon-de-3-piezas\/","name":"MARTINIQUE Juego redondo de 3 piezas de fibra para tumbona de jard\u00edn | La Villa Garden","isPartOf":{"@id":"https:\/\/www.lavillagardendesign.com\/#website"},"primaryImageOfPage":{"@id":"https:\/\/www.lavillagardendesign.com\/es\/producto\/martinique-juego-de-salon-de-3-piezas\/#primaryimage"},"image":{"@id":"https:\/\/www.lavillagardendesign.com\/es\/producto\/martinique-juego-de-salon-de-3-piezas\/#primaryimage"},"thumbnailUrl":"https:\/\/www.lavillagardendesign.com\/wp-content\/uploads\/2026\/02\/1-3-2.jpg","datePublished":"2026-02-08T00:09:10+00:00","dateModified":"2026-02-10T12:23:46+00:00","description":"Conjunto de sof\u00e1 de exterior MARTINIQUE (Sof\u00e1 + 2 Sillones). Fibra sint\u00e9tica redonda y aluminio. Disponible en blanco y antracita. Cojines de olefina incluidos. Oferta 2.690 \u20ac.","breadcrumb":{"@id":"https:\/\/www.lavillagardendesign.com\/es\/producto\/martinique-juego-de-salon-de-3-piezas\/#breadcrumb"},"inLanguage":"es","potentialAction":[{"@type":"ReadAction","target":["https:\/\/www.lavillagardendesign.com\/es\/producto\/martinique-juego-de-salon-de-3-piezas\/"]}]},{"@type":"ImageObject","inLanguage":"es","@id":"https:\/\/www.lavillagardendesign.com\/es\/producto\/martinique-juego-de-salon-de-3-piezas\/#primaryimage","url":"https:\/\/www.lavillagardendesign.com\/wp-content\/uploads\/2026\/02\/1-3-2.jpg","contentUrl":"https:\/\/www.lavillagardendesign.com\/wp-content\/uploads\/2026\/02\/1-3-2.jpg","width":700,"height":800},{"@type":"BreadcrumbList","@id":"https:\/\/www.lavillagardendesign.com\/es\/producto\/martinique-juego-de-salon-de-3-piezas\/#breadcrumb","itemListElement":[{"@type":"ListItem","position":1,"name":"Home","item":"https:\/\/www.lavillagardendesign.com\/"},{"@type":"ListItem","position":2,"name":"Tienda","item":"https:\/\/www.lavillagardendesign.com\/es\/tienda\/"},{"@type":"ListItem","position":3,"name":"MARTINIQUE &#8211; Juego de sal\u00f3n de 3 piezas"}]},{"@type":"WebSite","@id":"https:\/\/www.lavillagardendesign.com\/#website","url":"https:\/\/www.lavillagardendesign.com\/","name":"La Villa Garden&Design","description":"","publisher":{"@id":"https:\/\/www.lavillagardendesign.com\/#organization"},"potentialAction":[{"@type":"SearchAction","target":{"@type":"EntryPoint","urlTemplate":"https:\/\/www.lavillagardendesign.com\/?s={search_term_string}"},"query-input":{"@type":"PropertyValueSpecification","valueRequired":true,"valueName":"search_term_string"}}],"inLanguage":"es"},{"@type":"Organization","@id":"https:\/\/www.lavillagardendesign.com\/#organization","name":"La Villa Garden&Design","url":"https:\/\/www.lavillagardendesign.com\/","logo":{"@type":"ImageObject","inLanguage":"es","@id":"https:\/\/www.lavillagardendesign.com\/#\/schema\/logo\/image\/","url":"https:\/\/www.lavillagardendesign.com\/wp-content\/uploads\/2024\/04\/logolavilla.png","contentUrl":"https:\/\/www.lavillagardendesign.com\/wp-content\/uploads\/2024\/04\/logolavilla.png","width":682,"height":391,"caption":"La Villa Garden&Design"},"image":{"@id":"https:\/\/www.lavillagardendesign.com\/#\/schema\/logo\/image\/"},"sameAs":["https:\/\/www.facebook.com\/lavillagardendesign\/"]}]}},"_links":{"self":[{"href":"https:\/\/www.lavillagardendesign.com\/es\/wp-json\/wp\/v2\/product\/62341","targetHints":{"allow":["GET"]}}],"collection":[{"href":"https:\/\/www.lavillagardendesign.com\/es\/wp-json\/wp\/v2\/product"}],"about":[{"href":"https:\/\/www.lavillagardendesign.com\/es\/wp-json\/wp\/v2\/types\/product"}],"replies":[{"embeddable":true,"href":"https:\/\/www.lavillagardendesign.com\/es\/wp-json\/wp\/v2\/comments?post=62341"}],"version-history":[{"count":1,"href":"https:\/\/www.lavillagardendesign.com\/es\/wp-json\/wp\/v2\/product\/62341\/revisions"}],"predecessor-version":[{"id":62768,"href":"https:\/\/www.lavillagardendesign.com\/es\/wp-json\/wp\/v2\/product\/62341\/revisions\/62768"}],"wp:featuredmedia":[{"embeddable":true,"href":"https:\/\/www.lavillagardendesign.com\/es\/wp-json\/wp\/v2\/media\/62302"}],"wp:attachment":[{"href":"https:\/\/www.lavillagardendesign.com\/es\/wp-json\/wp\/v2\/media?parent=62341"}],"wp:term":[{"taxonomy":"product_brand","embeddable":true,"href":"https:\/\/www.lavillagardendesign.com\/es\/wp-json\/wp\/v2\/product_brand?post=62341"},{"taxonomy":"product_cat","embeddable":true,"href":"https:\/\/www.lavillagardendesign.com\/es\/wp-json\/wp\/v2\/product_cat?post=62341"},{"taxonomy":"product_tag","embeddable":true,"href":"https:\/\/www.lavillagardendesign.com\/es\/wp-json\/wp\/v2\/product_tag?post=62341"}],"curies":[{"name":"wp","href":"https:\/\/api.w.org\/{rel}","templated":true}]}}