{"id":62086,"date":"2026-02-06T21:10:00","date_gmt":"2026-02-06T20:10:00","guid":{"rendered":"https:\/\/www.lavillagardendesign.com\/product\/coleccion-portofino-sofa-3-plazas\/"},"modified":"2026-02-10T14:23:11","modified_gmt":"2026-02-10T12:23:11","slug":"coleccion-portofino-sofa-3-plazas","status":"publish","type":"product","link":"https:\/\/www.lavillagardendesign.com\/es\/producto\/coleccion-portofino-sofa-3-plazas\/","title":{"rendered":"COLECCI\u00d3N PORTOFINO &#8211; Sof\u00e1 3 plazas"},"content":{"rendered":"","protected":false},"excerpt":{"rendered":"<p>Convierte tu terraza en el sal\u00f3n principal de tu casa con el majestuoso Sof\u00e1 de 3 plazas <span class=\"il\">PORTOFINO<\/span>. Esta obra maestra del dise\u00f1o de exteriores destaca por sus generosas proporciones<b>(231 cm de longitud y 98 cm de profundidad<\/b>) y su sofisticada mezcla de materiales nobles. La estructura de aluminio con revestimiento de polvo de poli\u00e9ster garantiza solidez y ligereza, mientras que el asiento est\u00e1 suspendido sobre un <b>tejido artesanal de cuerda de olefina<\/b> para un confort flexible. El toque de distinci\u00f3n lo aportan las inserciones de <b>madera de teca<\/b> natural en los reposabrazos, que suavizan el tacto y elevan la est\u00e9tica. Incluye un acolchado completo y afelpado en tejido de <b>Olefina<\/b> (100% polipropileno), hidr\u00f3fugo y desenfundable. Disponible en acabado <b>Pelican<\/b> (arena) para un lujo c\u00e1lido o <b>Anthracite<\/b> (gris oscuro) para una elegancia t\u00e9cnica.     <\/p>\n<ul>\n<li>Longitud: 231 cm<\/li>\n<li>Profundidad: 98 cm (Profundidad extra del sal\u00f3n)<\/li>\n<li>Altura total: 85 cm<\/li>\n<li>Altura del asiento: 44 cm<\/li>\n<li>Altura del reposabrazos: 58 cm<\/li>\n<\/ul>\n","protected":false},"featured_media":62070,"comment_status":"open","ping_status":"closed","template":"","meta":[],"product_brand":[4998],"product_cat":[6833,3111,3113,5659],"product_tag":[],"class_list":{"0":"post-62086","1":"product","2":"type-product","3":"status-publish","4":"has-post-thumbnail","6":"product_brand-la-villa","7":"product_cat-outdoor-es","8":"product_cat-sofas-y-butacas","9":"product_cat-sofas-es","10":"product_cat-promociones-web","12":"first","13":"instock","14":"sale","15":"taxable","16":"shipping-taxable","17":"purchasable","18":"product-type-variable"},"yoast_head":"<!-- This site is optimized with the Yoast SEO plugin v27.1.1 - https:\/\/yoast.com\/product\/yoast-seo-wordpress\/ -->\n<title>PORTOFINO Sof\u00e1 de 3 plazas Teka y Cuerda | Lujo 231cm<\/title>\n<meta name=\"description\" content=\"Sof\u00e1 de jard\u00edn de 3 plazas PORTOFINO (231 cm). Aluminio, cuerda y madera de teca. Disponible en Pel\u00edcano y Antracita. Cojines de olefina incluidos. Oferta 2.390 \u20ac.\" \/>\n<meta name=\"robots\" content=\"index, follow, max-snippet:-1, max-image-preview:large, max-video-preview:-1\" \/>\n<link rel=\"canonical\" href=\"https:\/\/www.lavillagardendesign.com\/es\/producto\/coleccion-portofino-sofa-3-plazas\/\" \/>\n<meta property=\"og:locale\" content=\"es_ES\" \/>\n<meta property=\"og:type\" content=\"article\" \/>\n<meta property=\"og:title\" content=\"PORTOFINO Sof\u00e1 de 3 plazas Teka y Cuerda | Lujo 231cm\" \/>\n<meta property=\"og:description\" content=\"Sof\u00e1 de jard\u00edn de 3 plazas PORTOFINO (231 cm). Aluminio, cuerda y madera de teca. Disponible en Pel\u00edcano y Antracita. Cojines de olefina incluidos. Oferta 2.390 \u20ac.\" \/>\n<meta property=\"og:url\" content=\"https:\/\/www.lavillagardendesign.com\/es\/producto\/coleccion-portofino-sofa-3-plazas\/\" \/>\n<meta property=\"og:site_name\" content=\"La Villa Garden&amp;Design\" \/>\n<meta property=\"article:publisher\" content=\"https:\/\/www.facebook.com\/lavillagardendesign\/\" \/>\n<meta property=\"article:modified_time\" content=\"2026-02-10T12:23:11+00:00\" \/>\n<meta property=\"og:image\" content=\"https:\/\/www.lavillagardendesign.com\/wp-content\/uploads\/2026\/02\/4-1-7.jpg\" \/>\n\t<meta property=\"og:image:width\" content=\"700\" \/>\n\t<meta property=\"og:image:height\" content=\"800\" \/>\n\t<meta property=\"og:image:type\" content=\"image\/jpeg\" \/>\n<meta name=\"twitter:card\" content=\"summary_large_image\" \/>\n<script type=\"application\/ld+json\" class=\"yoast-schema-graph\">{\"@context\":\"https:\/\/schema.org\",\"@graph\":[{\"@type\":\"WebPage\",\"@id\":\"https:\/\/www.lavillagardendesign.com\/es\/producto\/coleccion-portofino-sofa-3-plazas\/\",\"url\":\"https:\/\/www.lavillagardendesign.com\/es\/producto\/coleccion-portofino-sofa-3-plazas\/\",\"name\":\"PORTOFINO Sof\u00e1 de 3 plazas Teka y Cuerda | Lujo 231cm\",\"isPartOf\":{\"@id\":\"https:\/\/www.lavillagardendesign.com\/#website\"},\"primaryImageOfPage\":{\"@id\":\"https:\/\/www.lavillagardendesign.com\/es\/producto\/coleccion-portofino-sofa-3-plazas\/#primaryimage\"},\"image\":{\"@id\":\"https:\/\/www.lavillagardendesign.com\/es\/producto\/coleccion-portofino-sofa-3-plazas\/#primaryimage\"},\"thumbnailUrl\":\"https:\/\/www.lavillagardendesign.com\/wp-content\/uploads\/2026\/02\/4-1-7.jpg\",\"datePublished\":\"2026-02-06T20:10:00+00:00\",\"dateModified\":\"2026-02-10T12:23:11+00:00\",\"description\":\"Sof\u00e1 de jard\u00edn de 3 plazas PORTOFINO (231 cm). Aluminio, cuerda y madera de teca. Disponible en Pel\u00edcano y Antracita. Cojines de olefina incluidos. Oferta 2.390 \u20ac.\",\"breadcrumb\":{\"@id\":\"https:\/\/www.lavillagardendesign.com\/es\/producto\/coleccion-portofino-sofa-3-plazas\/#breadcrumb\"},\"inLanguage\":\"es\",\"potentialAction\":[{\"@type\":\"ReadAction\",\"target\":[\"https:\/\/www.lavillagardendesign.com\/es\/producto\/coleccion-portofino-sofa-3-plazas\/\"]}]},{\"@type\":\"ImageObject\",\"inLanguage\":\"es\",\"@id\":\"https:\/\/www.lavillagardendesign.com\/es\/producto\/coleccion-portofino-sofa-3-plazas\/#primaryimage\",\"url\":\"https:\/\/www.lavillagardendesign.com\/wp-content\/uploads\/2026\/02\/4-1-7.jpg\",\"contentUrl\":\"https:\/\/www.lavillagardendesign.com\/wp-content\/uploads\/2026\/02\/4-1-7.jpg\",\"width\":700,\"height\":800},{\"@type\":\"BreadcrumbList\",\"@id\":\"https:\/\/www.lavillagardendesign.com\/es\/producto\/coleccion-portofino-sofa-3-plazas\/#breadcrumb\",\"itemListElement\":[{\"@type\":\"ListItem\",\"position\":1,\"name\":\"Home\",\"item\":\"https:\/\/www.lavillagardendesign.com\/\"},{\"@type\":\"ListItem\",\"position\":2,\"name\":\"Tienda\",\"item\":\"https:\/\/www.lavillagardendesign.com\/es\/tienda\/\"},{\"@type\":\"ListItem\",\"position\":3,\"name\":\"COLECCI\u00d3N PORTOFINO &#8211; Sof\u00e1 3 plazas\"}]},{\"@type\":\"WebSite\",\"@id\":\"https:\/\/www.lavillagardendesign.com\/#website\",\"url\":\"https:\/\/www.lavillagardendesign.com\/\",\"name\":\"La Villa Garden&Design\",\"description\":\"\",\"publisher\":{\"@id\":\"https:\/\/www.lavillagardendesign.com\/#organization\"},\"potentialAction\":[{\"@type\":\"SearchAction\",\"target\":{\"@type\":\"EntryPoint\",\"urlTemplate\":\"https:\/\/www.lavillagardendesign.com\/?s={search_term_string}\"},\"query-input\":{\"@type\":\"PropertyValueSpecification\",\"valueRequired\":true,\"valueName\":\"search_term_string\"}}],\"inLanguage\":\"es\"},{\"@type\":\"Organization\",\"@id\":\"https:\/\/www.lavillagardendesign.com\/#organization\",\"name\":\"La Villa Garden&Design\",\"url\":\"https:\/\/www.lavillagardendesign.com\/\",\"logo\":{\"@type\":\"ImageObject\",\"inLanguage\":\"es\",\"@id\":\"https:\/\/www.lavillagardendesign.com\/#\/schema\/logo\/image\/\",\"url\":\"https:\/\/www.lavillagardendesign.com\/wp-content\/uploads\/2024\/04\/logolavilla.png\",\"contentUrl\":\"https:\/\/www.lavillagardendesign.com\/wp-content\/uploads\/2024\/04\/logolavilla.png\",\"width\":682,\"height\":391,\"caption\":\"La Villa Garden&Design\"},\"image\":{\"@id\":\"https:\/\/www.lavillagardendesign.com\/#\/schema\/logo\/image\/\"},\"sameAs\":[\"https:\/\/www.facebook.com\/lavillagardendesign\/\"]}]}<\/script>\n<!-- \/ Yoast SEO plugin. -->","yoast_head_json":{"title":"PORTOFINO Sof\u00e1 de 3 plazas Teka y Cuerda | Lujo 231cm","description":"Sof\u00e1 de jard\u00edn de 3 plazas PORTOFINO (231 cm). Aluminio, cuerda y madera de teca. Disponible en Pel\u00edcano y Antracita. Cojines de olefina incluidos. Oferta 2.390 \u20ac.","robots":{"index":"index","follow":"follow","max-snippet":"max-snippet:-1","max-image-preview":"max-image-preview:large","max-video-preview":"max-video-preview:-1"},"canonical":"https:\/\/www.lavillagardendesign.com\/es\/producto\/coleccion-portofino-sofa-3-plazas\/","og_locale":"es_ES","og_type":"article","og_title":"PORTOFINO Sof\u00e1 de 3 plazas Teka y Cuerda | Lujo 231cm","og_description":"Sof\u00e1 de jard\u00edn de 3 plazas PORTOFINO (231 cm). Aluminio, cuerda y madera de teca. Disponible en Pel\u00edcano y Antracita. Cojines de olefina incluidos. Oferta 2.390 \u20ac.","og_url":"https:\/\/www.lavillagardendesign.com\/es\/producto\/coleccion-portofino-sofa-3-plazas\/","og_site_name":"La Villa Garden&amp;Design","article_publisher":"https:\/\/www.facebook.com\/lavillagardendesign\/","article_modified_time":"2026-02-10T12:23:11+00:00","og_image":[{"width":700,"height":800,"url":"https:\/\/www.lavillagardendesign.com\/wp-content\/uploads\/2026\/02\/4-1-7.jpg","type":"image\/jpeg"}],"twitter_card":"summary_large_image","schema":{"@context":"https:\/\/schema.org","@graph":[{"@type":"WebPage","@id":"https:\/\/www.lavillagardendesign.com\/es\/producto\/coleccion-portofino-sofa-3-plazas\/","url":"https:\/\/www.lavillagardendesign.com\/es\/producto\/coleccion-portofino-sofa-3-plazas\/","name":"PORTOFINO Sof\u00e1 de 3 plazas Teka y Cuerda | Lujo 231cm","isPartOf":{"@id":"https:\/\/www.lavillagardendesign.com\/#website"},"primaryImageOfPage":{"@id":"https:\/\/www.lavillagardendesign.com\/es\/producto\/coleccion-portofino-sofa-3-plazas\/#primaryimage"},"image":{"@id":"https:\/\/www.lavillagardendesign.com\/es\/producto\/coleccion-portofino-sofa-3-plazas\/#primaryimage"},"thumbnailUrl":"https:\/\/www.lavillagardendesign.com\/wp-content\/uploads\/2026\/02\/4-1-7.jpg","datePublished":"2026-02-06T20:10:00+00:00","dateModified":"2026-02-10T12:23:11+00:00","description":"Sof\u00e1 de jard\u00edn de 3 plazas PORTOFINO (231 cm). Aluminio, cuerda y madera de teca. Disponible en Pel\u00edcano y Antracita. Cojines de olefina incluidos. Oferta 2.390 \u20ac.","breadcrumb":{"@id":"https:\/\/www.lavillagardendesign.com\/es\/producto\/coleccion-portofino-sofa-3-plazas\/#breadcrumb"},"inLanguage":"es","potentialAction":[{"@type":"ReadAction","target":["https:\/\/www.lavillagardendesign.com\/es\/producto\/coleccion-portofino-sofa-3-plazas\/"]}]},{"@type":"ImageObject","inLanguage":"es","@id":"https:\/\/www.lavillagardendesign.com\/es\/producto\/coleccion-portofino-sofa-3-plazas\/#primaryimage","url":"https:\/\/www.lavillagardendesign.com\/wp-content\/uploads\/2026\/02\/4-1-7.jpg","contentUrl":"https:\/\/www.lavillagardendesign.com\/wp-content\/uploads\/2026\/02\/4-1-7.jpg","width":700,"height":800},{"@type":"BreadcrumbList","@id":"https:\/\/www.lavillagardendesign.com\/es\/producto\/coleccion-portofino-sofa-3-plazas\/#breadcrumb","itemListElement":[{"@type":"ListItem","position":1,"name":"Home","item":"https:\/\/www.lavillagardendesign.com\/"},{"@type":"ListItem","position":2,"name":"Tienda","item":"https:\/\/www.lavillagardendesign.com\/es\/tienda\/"},{"@type":"ListItem","position":3,"name":"COLECCI\u00d3N PORTOFINO &#8211; Sof\u00e1 3 plazas"}]},{"@type":"WebSite","@id":"https:\/\/www.lavillagardendesign.com\/#website","url":"https:\/\/www.lavillagardendesign.com\/","name":"La Villa Garden&Design","description":"","publisher":{"@id":"https:\/\/www.lavillagardendesign.com\/#organization"},"potentialAction":[{"@type":"SearchAction","target":{"@type":"EntryPoint","urlTemplate":"https:\/\/www.lavillagardendesign.com\/?s={search_term_string}"},"query-input":{"@type":"PropertyValueSpecification","valueRequired":true,"valueName":"search_term_string"}}],"inLanguage":"es"},{"@type":"Organization","@id":"https:\/\/www.lavillagardendesign.com\/#organization","name":"La Villa Garden&Design","url":"https:\/\/www.lavillagardendesign.com\/","logo":{"@type":"ImageObject","inLanguage":"es","@id":"https:\/\/www.lavillagardendesign.com\/#\/schema\/logo\/image\/","url":"https:\/\/www.lavillagardendesign.com\/wp-content\/uploads\/2024\/04\/logolavilla.png","contentUrl":"https:\/\/www.lavillagardendesign.com\/wp-content\/uploads\/2024\/04\/logolavilla.png","width":682,"height":391,"caption":"La Villa Garden&Design"},"image":{"@id":"https:\/\/www.lavillagardendesign.com\/#\/schema\/logo\/image\/"},"sameAs":["https:\/\/www.facebook.com\/lavillagardendesign\/"]}]}},"_links":{"self":[{"href":"https:\/\/www.lavillagardendesign.com\/es\/wp-json\/wp\/v2\/product\/62086","targetHints":{"allow":["GET"]}}],"collection":[{"href":"https:\/\/www.lavillagardendesign.com\/es\/wp-json\/wp\/v2\/product"}],"about":[{"href":"https:\/\/www.lavillagardendesign.com\/es\/wp-json\/wp\/v2\/types\/product"}],"replies":[{"embeddable":true,"href":"https:\/\/www.lavillagardendesign.com\/es\/wp-json\/wp\/v2\/comments?post=62086"}],"version-history":[{"count":1,"href":"https:\/\/www.lavillagardendesign.com\/es\/wp-json\/wp\/v2\/product\/62086\/revisions"}],"predecessor-version":[{"id":62777,"href":"https:\/\/www.lavillagardendesign.com\/es\/wp-json\/wp\/v2\/product\/62086\/revisions\/62777"}],"wp:featuredmedia":[{"embeddable":true,"href":"https:\/\/www.lavillagardendesign.com\/es\/wp-json\/wp\/v2\/media\/62070"}],"wp:attachment":[{"href":"https:\/\/www.lavillagardendesign.com\/es\/wp-json\/wp\/v2\/media?parent=62086"}],"wp:term":[{"taxonomy":"product_brand","embeddable":true,"href":"https:\/\/www.lavillagardendesign.com\/es\/wp-json\/wp\/v2\/product_brand?post=62086"},{"taxonomy":"product_cat","embeddable":true,"href":"https:\/\/www.lavillagardendesign.com\/es\/wp-json\/wp\/v2\/product_cat?post=62086"},{"taxonomy":"product_tag","embeddable":true,"href":"https:\/\/www.lavillagardendesign.com\/es\/wp-json\/wp\/v2\/product_tag?post=62086"}],"curies":[{"name":"wp","href":"https:\/\/api.w.org\/{rel}","templated":true}]}}