{"id":61935,"date":"2026-02-05T10:45:26","date_gmt":"2026-02-05T09:45:26","guid":{"rendered":"https:\/\/www.lavillagardendesign.com\/product\/vegetal-collection-muro-artificial-para-jardin-vertical\/"},"modified":"2026-02-23T11:40:46","modified_gmt":"2026-02-23T09:40:46","slug":"vegetal-collection-muro-artificial-para-jardin-vertical","status":"publish","type":"product","link":"https:\/\/www.lavillagardendesign.com\/es\/producto\/vegetal-collection-muro-artificial-para-jardin-vertical\/","title":{"rendered":"VEGETAL COLLECTION &#8211; Muro artificial para jard\u00edn vertical"},"content":{"rendered":"<p>COLECCI\u00d3N <span class=\"il\">VEGETAL<\/span> &#8211; Muro artificial de jard\u00edn vertical (1 m\u00b2) &#8211; Mix Ecuador o Mix Playas<\/p>\n","protected":false},"excerpt":{"rendered":"<p>Da vida a tus paredes exteriores con nuestra gama de Jardines Verticales Sint\u00e9ticos de la Colecci\u00f3n <span class=\"il\">VEGETAL<\/span>. Dise\u00f1ados para proporcionar frescor e intimidad inmediata, estos paneles imitan perfectamente la naturaleza sin necesidad de riego ni mantenimiento. Fabricados con <b>polietileno (PE)<\/b> resistente a la radiaci\u00f3n solar, mantienen su vibrante color verde bajo el sol.  <\/p>\n<ul>\n<li><b>Modelo MIX ECUADOR:<\/b> Un panel de gran formato (100&#215;100 cm) con una exuberante y densa est\u00e9tica tropical.<\/li>\n<li><b>Modelo MIX PLAYAS (Juego de 4):<\/b> Un paquete de 4 baldosas modulares (de 50&#215;50 cm cada una) que permiten una instalaci\u00f3n m\u00e1s flexible en espacios peque\u00f1os o con formas irregulares. <i>Nota: Ambos modelos cubren una superficie total de 1 metro cuadrado.<\/i><\/li>\n<\/ul>\n","protected":false},"featured_media":61889,"comment_status":"open","ping_status":"closed","template":"","meta":[],"product_brand":[4998],"product_cat":[3098,3101,5987,6833],"product_tag":[5756],"class_list":{"0":"post-61935","1":"product","2":"type-product","3":"status-publish","4":"has-post-thumbnail","6":"product_brand-la-villa","7":"product_cat-accesorios","8":"product_cat-decoraciones","9":"product_cat-nuevas-colecciones","10":"product_cat-outdoor-es","11":"product_tag-vegetal","13":"first","14":"instock","15":"taxable","16":"shipping-taxable","17":"purchasable","18":"product-type-variable"},"yoast_head":"<!-- This site is optimized with the Yoast SEO plugin v27.4 - https:\/\/yoast.com\/product\/yoast-seo-wordpress\/ -->\n<title>Muro Artificial Jard\u00edn Vertical 1m\u00b2 Ecuador &amp; Playas | La Villa Garden<\/title>\n<meta name=\"description\" content=\"Paneles sint\u00e9ticos verticales de exterior para jard\u00edn. Resistentes a los rayos UV. Disponible en panel grande (Mix Ecuador - 149 \u20ac) o Juego de 4 baldosas (Mix Playas - 129 \u20ac).\" \/>\n<meta name=\"robots\" content=\"index, follow, max-snippet:-1, max-image-preview:large, max-video-preview:-1\" \/>\n<link rel=\"canonical\" href=\"https:\/\/www.lavillagardendesign.com\/es\/producto\/vegetal-collection-muro-artificial-para-jardin-vertical\/\" \/>\n<meta property=\"og:locale\" content=\"es_ES\" \/>\n<meta property=\"og:type\" content=\"article\" \/>\n<meta property=\"og:title\" content=\"Muro Artificial Jard\u00edn Vertical 1m\u00b2 Ecuador &amp; Playas | La Villa Garden\" \/>\n<meta property=\"og:description\" content=\"Paneles sint\u00e9ticos verticales de exterior para jard\u00edn. Resistentes a los rayos UV. Disponible en panel grande (Mix Ecuador - 149 \u20ac) o Juego de 4 baldosas (Mix Playas - 129 \u20ac).\" \/>\n<meta property=\"og:url\" content=\"https:\/\/www.lavillagardendesign.com\/es\/producto\/vegetal-collection-muro-artificial-para-jardin-vertical\/\" \/>\n<meta property=\"og:site_name\" content=\"La Villa Garden&amp;Design\" \/>\n<meta property=\"article:publisher\" content=\"https:\/\/www.facebook.com\/lavillagardendesign\/\" \/>\n<meta property=\"article:modified_time\" content=\"2026-02-23T09:40:46+00:00\" \/>\n<meta property=\"og:image\" content=\"https:\/\/www.lavillagardendesign.com\/wp-content\/uploads\/2026\/02\/4-1-5.jpg\" \/>\n\t<meta property=\"og:image:width\" content=\"700\" \/>\n\t<meta property=\"og:image:height\" content=\"800\" \/>\n\t<meta property=\"og:image:type\" content=\"image\/jpeg\" \/>\n<meta name=\"twitter:card\" content=\"summary_large_image\" \/>\n<script type=\"application\/ld+json\" class=\"yoast-schema-graph\">{\"@context\":\"https:\\\/\\\/schema.org\",\"@graph\":[{\"@type\":\"WebPage\",\"@id\":\"https:\\\/\\\/www.lavillagardendesign.com\\\/es\\\/producto\\\/vegetal-collection-muro-artificial-para-jardin-vertical\\\/\",\"url\":\"https:\\\/\\\/www.lavillagardendesign.com\\\/es\\\/producto\\\/vegetal-collection-muro-artificial-para-jardin-vertical\\\/\",\"name\":\"Muro Artificial Jard\u00edn Vertical 1m\u00b2 Ecuador & Playas | La Villa Garden\",\"isPartOf\":{\"@id\":\"https:\\\/\\\/www.lavillagardendesign.com\\\/#website\"},\"primaryImageOfPage\":{\"@id\":\"https:\\\/\\\/www.lavillagardendesign.com\\\/es\\\/producto\\\/vegetal-collection-muro-artificial-para-jardin-vertical\\\/#primaryimage\"},\"image\":{\"@id\":\"https:\\\/\\\/www.lavillagardendesign.com\\\/es\\\/producto\\\/vegetal-collection-muro-artificial-para-jardin-vertical\\\/#primaryimage\"},\"thumbnailUrl\":\"https:\\\/\\\/www.lavillagardendesign.com\\\/wp-content\\\/uploads\\\/2026\\\/02\\\/4-1-5.jpg\",\"datePublished\":\"2026-02-05T09:45:26+00:00\",\"dateModified\":\"2026-02-23T09:40:46+00:00\",\"description\":\"Paneles sint\u00e9ticos verticales de exterior para jard\u00edn. Resistentes a los rayos UV. Disponible en panel grande (Mix Ecuador - 149 \u20ac) o Juego de 4 baldosas (Mix Playas - 129 \u20ac).\",\"breadcrumb\":{\"@id\":\"https:\\\/\\\/www.lavillagardendesign.com\\\/es\\\/producto\\\/vegetal-collection-muro-artificial-para-jardin-vertical\\\/#breadcrumb\"},\"inLanguage\":\"es\",\"potentialAction\":[{\"@type\":\"ReadAction\",\"target\":[\"https:\\\/\\\/www.lavillagardendesign.com\\\/es\\\/producto\\\/vegetal-collection-muro-artificial-para-jardin-vertical\\\/\"]}]},{\"@type\":\"ImageObject\",\"inLanguage\":\"es\",\"@id\":\"https:\\\/\\\/www.lavillagardendesign.com\\\/es\\\/producto\\\/vegetal-collection-muro-artificial-para-jardin-vertical\\\/#primaryimage\",\"url\":\"https:\\\/\\\/www.lavillagardendesign.com\\\/wp-content\\\/uploads\\\/2026\\\/02\\\/4-1-5.jpg\",\"contentUrl\":\"https:\\\/\\\/www.lavillagardendesign.com\\\/wp-content\\\/uploads\\\/2026\\\/02\\\/4-1-5.jpg\",\"width\":700,\"height\":800},{\"@type\":\"BreadcrumbList\",\"@id\":\"https:\\\/\\\/www.lavillagardendesign.com\\\/es\\\/producto\\\/vegetal-collection-muro-artificial-para-jardin-vertical\\\/#breadcrumb\",\"itemListElement\":[{\"@type\":\"ListItem\",\"position\":1,\"name\":\"Home\",\"item\":\"https:\\\/\\\/www.lavillagardendesign.com\\\/\"},{\"@type\":\"ListItem\",\"position\":2,\"name\":\"Tienda\",\"item\":\"https:\\\/\\\/www.lavillagardendesign.com\\\/es\\\/tienda\\\/\"},{\"@type\":\"ListItem\",\"position\":3,\"name\":\"VEGETAL COLLECTION &#8211; Muro artificial para jard\u00edn vertical\"}]},{\"@type\":\"WebSite\",\"@id\":\"https:\\\/\\\/www.lavillagardendesign.com\\\/#website\",\"url\":\"https:\\\/\\\/www.lavillagardendesign.com\\\/\",\"name\":\"La Villa Garden&Design\",\"description\":\"\",\"publisher\":{\"@id\":\"https:\\\/\\\/www.lavillagardendesign.com\\\/#organization\"},\"potentialAction\":[{\"@type\":\"SearchAction\",\"target\":{\"@type\":\"EntryPoint\",\"urlTemplate\":\"https:\\\/\\\/www.lavillagardendesign.com\\\/?s={search_term_string}\"},\"query-input\":{\"@type\":\"PropertyValueSpecification\",\"valueRequired\":true,\"valueName\":\"search_term_string\"}}],\"inLanguage\":\"es\"},{\"@type\":\"Organization\",\"@id\":\"https:\\\/\\\/www.lavillagardendesign.com\\\/#organization\",\"name\":\"La Villa Garden&Design\",\"url\":\"https:\\\/\\\/www.lavillagardendesign.com\\\/\",\"logo\":{\"@type\":\"ImageObject\",\"inLanguage\":\"es\",\"@id\":\"https:\\\/\\\/www.lavillagardendesign.com\\\/#\\\/schema\\\/logo\\\/image\\\/\",\"url\":\"https:\\\/\\\/www.lavillagardendesign.com\\\/wp-content\\\/uploads\\\/2024\\\/04\\\/logolavilla.png\",\"contentUrl\":\"https:\\\/\\\/www.lavillagardendesign.com\\\/wp-content\\\/uploads\\\/2024\\\/04\\\/logolavilla.png\",\"width\":682,\"height\":391,\"caption\":\"La Villa Garden&Design\"},\"image\":{\"@id\":\"https:\\\/\\\/www.lavillagardendesign.com\\\/#\\\/schema\\\/logo\\\/image\\\/\"},\"sameAs\":[\"https:\\\/\\\/www.facebook.com\\\/lavillagardendesign\\\/\"]}]}<\/script>\n<!-- \/ Yoast SEO plugin. -->","yoast_head_json":{"title":"Muro Artificial Jard\u00edn Vertical 1m\u00b2 Ecuador & Playas | La Villa Garden","description":"Paneles sint\u00e9ticos verticales de exterior para jard\u00edn. Resistentes a los rayos UV. Disponible en panel grande (Mix Ecuador - 149 \u20ac) o Juego de 4 baldosas (Mix Playas - 129 \u20ac).","robots":{"index":"index","follow":"follow","max-snippet":"max-snippet:-1","max-image-preview":"max-image-preview:large","max-video-preview":"max-video-preview:-1"},"canonical":"https:\/\/www.lavillagardendesign.com\/es\/producto\/vegetal-collection-muro-artificial-para-jardin-vertical\/","og_locale":"es_ES","og_type":"article","og_title":"Muro Artificial Jard\u00edn Vertical 1m\u00b2 Ecuador & Playas | La Villa Garden","og_description":"Paneles sint\u00e9ticos verticales de exterior para jard\u00edn. Resistentes a los rayos UV. Disponible en panel grande (Mix Ecuador - 149 \u20ac) o Juego de 4 baldosas (Mix Playas - 129 \u20ac).","og_url":"https:\/\/www.lavillagardendesign.com\/es\/producto\/vegetal-collection-muro-artificial-para-jardin-vertical\/","og_site_name":"La Villa Garden&amp;Design","article_publisher":"https:\/\/www.facebook.com\/lavillagardendesign\/","article_modified_time":"2026-02-23T09:40:46+00:00","og_image":[{"width":700,"height":800,"url":"https:\/\/www.lavillagardendesign.com\/wp-content\/uploads\/2026\/02\/4-1-5.jpg","type":"image\/jpeg"}],"twitter_card":"summary_large_image","schema":{"@context":"https:\/\/schema.org","@graph":[{"@type":"WebPage","@id":"https:\/\/www.lavillagardendesign.com\/es\/producto\/vegetal-collection-muro-artificial-para-jardin-vertical\/","url":"https:\/\/www.lavillagardendesign.com\/es\/producto\/vegetal-collection-muro-artificial-para-jardin-vertical\/","name":"Muro Artificial Jard\u00edn Vertical 1m\u00b2 Ecuador & Playas | La Villa Garden","isPartOf":{"@id":"https:\/\/www.lavillagardendesign.com\/#website"},"primaryImageOfPage":{"@id":"https:\/\/www.lavillagardendesign.com\/es\/producto\/vegetal-collection-muro-artificial-para-jardin-vertical\/#primaryimage"},"image":{"@id":"https:\/\/www.lavillagardendesign.com\/es\/producto\/vegetal-collection-muro-artificial-para-jardin-vertical\/#primaryimage"},"thumbnailUrl":"https:\/\/www.lavillagardendesign.com\/wp-content\/uploads\/2026\/02\/4-1-5.jpg","datePublished":"2026-02-05T09:45:26+00:00","dateModified":"2026-02-23T09:40:46+00:00","description":"Paneles sint\u00e9ticos verticales de exterior para jard\u00edn. Resistentes a los rayos UV. Disponible en panel grande (Mix Ecuador - 149 \u20ac) o Juego de 4 baldosas (Mix Playas - 129 \u20ac).","breadcrumb":{"@id":"https:\/\/www.lavillagardendesign.com\/es\/producto\/vegetal-collection-muro-artificial-para-jardin-vertical\/#breadcrumb"},"inLanguage":"es","potentialAction":[{"@type":"ReadAction","target":["https:\/\/www.lavillagardendesign.com\/es\/producto\/vegetal-collection-muro-artificial-para-jardin-vertical\/"]}]},{"@type":"ImageObject","inLanguage":"es","@id":"https:\/\/www.lavillagardendesign.com\/es\/producto\/vegetal-collection-muro-artificial-para-jardin-vertical\/#primaryimage","url":"https:\/\/www.lavillagardendesign.com\/wp-content\/uploads\/2026\/02\/4-1-5.jpg","contentUrl":"https:\/\/www.lavillagardendesign.com\/wp-content\/uploads\/2026\/02\/4-1-5.jpg","width":700,"height":800},{"@type":"BreadcrumbList","@id":"https:\/\/www.lavillagardendesign.com\/es\/producto\/vegetal-collection-muro-artificial-para-jardin-vertical\/#breadcrumb","itemListElement":[{"@type":"ListItem","position":1,"name":"Home","item":"https:\/\/www.lavillagardendesign.com\/"},{"@type":"ListItem","position":2,"name":"Tienda","item":"https:\/\/www.lavillagardendesign.com\/es\/tienda\/"},{"@type":"ListItem","position":3,"name":"VEGETAL COLLECTION &#8211; Muro artificial para jard\u00edn vertical"}]},{"@type":"WebSite","@id":"https:\/\/www.lavillagardendesign.com\/#website","url":"https:\/\/www.lavillagardendesign.com\/","name":"La Villa Garden&Design","description":"","publisher":{"@id":"https:\/\/www.lavillagardendesign.com\/#organization"},"potentialAction":[{"@type":"SearchAction","target":{"@type":"EntryPoint","urlTemplate":"https:\/\/www.lavillagardendesign.com\/?s={search_term_string}"},"query-input":{"@type":"PropertyValueSpecification","valueRequired":true,"valueName":"search_term_string"}}],"inLanguage":"es"},{"@type":"Organization","@id":"https:\/\/www.lavillagardendesign.com\/#organization","name":"La Villa Garden&Design","url":"https:\/\/www.lavillagardendesign.com\/","logo":{"@type":"ImageObject","inLanguage":"es","@id":"https:\/\/www.lavillagardendesign.com\/#\/schema\/logo\/image\/","url":"https:\/\/www.lavillagardendesign.com\/wp-content\/uploads\/2024\/04\/logolavilla.png","contentUrl":"https:\/\/www.lavillagardendesign.com\/wp-content\/uploads\/2024\/04\/logolavilla.png","width":682,"height":391,"caption":"La Villa Garden&Design"},"image":{"@id":"https:\/\/www.lavillagardendesign.com\/#\/schema\/logo\/image\/"},"sameAs":["https:\/\/www.facebook.com\/lavillagardendesign\/"]}]}},"_links":{"self":[{"href":"https:\/\/www.lavillagardendesign.com\/es\/wp-json\/wp\/v2\/product\/61935","targetHints":{"allow":["GET"]}}],"collection":[{"href":"https:\/\/www.lavillagardendesign.com\/es\/wp-json\/wp\/v2\/product"}],"about":[{"href":"https:\/\/www.lavillagardendesign.com\/es\/wp-json\/wp\/v2\/types\/product"}],"replies":[{"embeddable":true,"href":"https:\/\/www.lavillagardendesign.com\/es\/wp-json\/wp\/v2\/comments?post=61935"}],"version-history":[{"count":1,"href":"https:\/\/www.lavillagardendesign.com\/es\/wp-json\/wp\/v2\/product\/61935\/revisions"}],"predecessor-version":[{"id":62121,"href":"https:\/\/www.lavillagardendesign.com\/es\/wp-json\/wp\/v2\/product\/61935\/revisions\/62121"}],"wp:featuredmedia":[{"embeddable":true,"href":"https:\/\/www.lavillagardendesign.com\/es\/wp-json\/wp\/v2\/media\/61889"}],"wp:attachment":[{"href":"https:\/\/www.lavillagardendesign.com\/es\/wp-json\/wp\/v2\/media?parent=61935"}],"wp:term":[{"taxonomy":"product_brand","embeddable":true,"href":"https:\/\/www.lavillagardendesign.com\/es\/wp-json\/wp\/v2\/product_brand?post=61935"},{"taxonomy":"product_cat","embeddable":true,"href":"https:\/\/www.lavillagardendesign.com\/es\/wp-json\/wp\/v2\/product_cat?post=61935"},{"taxonomy":"product_tag","embeddable":true,"href":"https:\/\/www.lavillagardendesign.com\/es\/wp-json\/wp\/v2\/product_tag?post=61935"}],"curies":[{"name":"wp","href":"https:\/\/api.w.org\/{rel}","templated":true}]}}