{"id":61859,"date":"2026-02-04T21:24:36","date_gmt":"2026-02-04T20:24:36","guid":{"rendered":"https:\/\/www.lavillagardendesign.com\/product\/intimissi-biombo-separador-de-ambientes-de-cuerda-120x180\/"},"modified":"2026-02-23T11:40:44","modified_gmt":"2026-02-23T09:40:44","slug":"intimissi-biombo-separador-de-ambientes-de-cuerda-120x180","status":"publish","type":"product","link":"https:\/\/www.lavillagardendesign.com\/es\/producto\/intimissi-biombo-separador-de-ambientes-de-cuerda-120x180\/","title":{"rendered":"INTIMISSI &#8211; Biombo separador de ambientes de cuerda 120&#215;180"},"content":{"rendered":"","protected":false},"excerpt":{"rendered":"<p>Redefine tus espacios exteriores con el Biombo Separador de Espacios de la colecci\u00f3n INTIMISSI. Esta pieza de arquitectura m\u00f3vil combina un armaz\u00f3n met\u00e1lico minimalista con un sofisticado tejido de cuerda t\u00e9cnica, que permite que se filtren la luz y la brisa al tiempo que garantiza la privacidad esencial. Mide 120&#215;180 cm y es perfecta para zonificar comedores, ocultar zonas de servicio o crear rincones \u00edntimos junto a la piscina. Disponible en una paleta de colores org\u00e1nicos y modernos (Beige, Sierra, Oliva, Tinta y Gris) para adaptarse a cualquier estilo de decoraci\u00f3n, desde el r\u00fastico mediterr\u00e1neo al minimalismo contempor\u00e1neo.   <\/p>\n","protected":false},"featured_media":61787,"comment_status":"open","ping_status":"closed","template":"","meta":[],"product_brand":[4998],"product_cat":[5987,6833,3098,5690],"product_tag":[5754],"class_list":{"0":"post-61859","1":"product","2":"type-product","3":"status-publish","4":"has-post-thumbnail","6":"product_brand-la-villa","7":"product_cat-nuevas-colecciones","8":"product_cat-outdoor-es","9":"product_cat-accesorios","10":"product_cat-separador","11":"product_tag-intimissi","13":"first","14":"instock","15":"taxable","16":"shipping-taxable","17":"purchasable","18":"product-type-variable"},"yoast_head":"<!-- This site is optimized with the Yoast SEO plugin v27.1.1 - https:\/\/yoast.com\/product\/yoast-seo-wordpress\/ -->\n<title>INTIMISSI Biombo Exterior 120x180 | Separador de Lujo de Cuerda<\/title>\n<meta name=\"description\" content=\"Biombo de dise\u00f1o de la colecci\u00f3n INTIMISSI (120x180 cm). Separador de ambientes exterior de cuerda t\u00e9cnica y metal. Disponible en 5 colores. Privacidad y estilo para tu terraza.\" \/>\n<meta name=\"robots\" content=\"index, follow, max-snippet:-1, max-image-preview:large, max-video-preview:-1\" \/>\n<link rel=\"canonical\" href=\"https:\/\/www.lavillagardendesign.com\/es\/producto\/intimissi-biombo-separador-de-ambientes-de-cuerda-120x180\/\" \/>\n<meta property=\"og:locale\" content=\"es_ES\" \/>\n<meta property=\"og:type\" content=\"article\" \/>\n<meta property=\"og:title\" content=\"INTIMISSI Biombo Exterior 120x180 | Separador de Lujo de Cuerda\" \/>\n<meta property=\"og:description\" content=\"Biombo de dise\u00f1o de la colecci\u00f3n INTIMISSI (120x180 cm). Separador de ambientes exterior de cuerda t\u00e9cnica y metal. Disponible en 5 colores. Privacidad y estilo para tu terraza.\" \/>\n<meta property=\"og:url\" content=\"https:\/\/www.lavillagardendesign.com\/es\/producto\/intimissi-biombo-separador-de-ambientes-de-cuerda-120x180\/\" \/>\n<meta property=\"og:site_name\" content=\"La Villa Garden&amp;Design\" \/>\n<meta property=\"article:publisher\" content=\"https:\/\/www.facebook.com\/lavillagardendesign\/\" \/>\n<meta property=\"article:modified_time\" content=\"2026-02-23T09:40:44+00:00\" \/>\n<meta property=\"og:image\" content=\"https:\/\/www.lavillagardendesign.com\/wp-content\/uploads\/2026\/02\/1-1-2.jpg\" \/>\n\t<meta property=\"og:image:width\" content=\"700\" \/>\n\t<meta property=\"og:image:height\" content=\"800\" \/>\n\t<meta property=\"og:image:type\" content=\"image\/jpeg\" \/>\n<meta name=\"twitter:card\" content=\"summary_large_image\" \/>\n<script type=\"application\/ld+json\" class=\"yoast-schema-graph\">{\"@context\":\"https:\/\/schema.org\",\"@graph\":[{\"@type\":\"WebPage\",\"@id\":\"https:\/\/www.lavillagardendesign.com\/es\/producto\/intimissi-biombo-separador-de-ambientes-de-cuerda-120x180\/\",\"url\":\"https:\/\/www.lavillagardendesign.com\/es\/producto\/intimissi-biombo-separador-de-ambientes-de-cuerda-120x180\/\",\"name\":\"INTIMISSI Biombo Exterior 120x180 | Separador de Lujo de Cuerda\",\"isPartOf\":{\"@id\":\"https:\/\/www.lavillagardendesign.com\/#website\"},\"primaryImageOfPage\":{\"@id\":\"https:\/\/www.lavillagardendesign.com\/es\/producto\/intimissi-biombo-separador-de-ambientes-de-cuerda-120x180\/#primaryimage\"},\"image\":{\"@id\":\"https:\/\/www.lavillagardendesign.com\/es\/producto\/intimissi-biombo-separador-de-ambientes-de-cuerda-120x180\/#primaryimage\"},\"thumbnailUrl\":\"https:\/\/www.lavillagardendesign.com\/wp-content\/uploads\/2026\/02\/1-1-2.jpg\",\"datePublished\":\"2026-02-04T20:24:36+00:00\",\"dateModified\":\"2026-02-23T09:40:44+00:00\",\"description\":\"Biombo de dise\u00f1o de la colecci\u00f3n INTIMISSI (120x180 cm). Separador de ambientes exterior de cuerda t\u00e9cnica y metal. Disponible en 5 colores. Privacidad y estilo para tu terraza.\",\"breadcrumb\":{\"@id\":\"https:\/\/www.lavillagardendesign.com\/es\/producto\/intimissi-biombo-separador-de-ambientes-de-cuerda-120x180\/#breadcrumb\"},\"inLanguage\":\"es\",\"potentialAction\":[{\"@type\":\"ReadAction\",\"target\":[\"https:\/\/www.lavillagardendesign.com\/es\/producto\/intimissi-biombo-separador-de-ambientes-de-cuerda-120x180\/\"]}]},{\"@type\":\"ImageObject\",\"inLanguage\":\"es\",\"@id\":\"https:\/\/www.lavillagardendesign.com\/es\/producto\/intimissi-biombo-separador-de-ambientes-de-cuerda-120x180\/#primaryimage\",\"url\":\"https:\/\/www.lavillagardendesign.com\/wp-content\/uploads\/2026\/02\/1-1-2.jpg\",\"contentUrl\":\"https:\/\/www.lavillagardendesign.com\/wp-content\/uploads\/2026\/02\/1-1-2.jpg\",\"width\":700,\"height\":800},{\"@type\":\"BreadcrumbList\",\"@id\":\"https:\/\/www.lavillagardendesign.com\/es\/producto\/intimissi-biombo-separador-de-ambientes-de-cuerda-120x180\/#breadcrumb\",\"itemListElement\":[{\"@type\":\"ListItem\",\"position\":1,\"name\":\"Home\",\"item\":\"https:\/\/www.lavillagardendesign.com\/\"},{\"@type\":\"ListItem\",\"position\":2,\"name\":\"Tienda\",\"item\":\"https:\/\/www.lavillagardendesign.com\/es\/tienda\/\"},{\"@type\":\"ListItem\",\"position\":3,\"name\":\"INTIMISSI &#8211; Biombo separador de ambientes de cuerda 120&#215;180\"}]},{\"@type\":\"WebSite\",\"@id\":\"https:\/\/www.lavillagardendesign.com\/#website\",\"url\":\"https:\/\/www.lavillagardendesign.com\/\",\"name\":\"La Villa Garden&Design\",\"description\":\"\",\"publisher\":{\"@id\":\"https:\/\/www.lavillagardendesign.com\/#organization\"},\"potentialAction\":[{\"@type\":\"SearchAction\",\"target\":{\"@type\":\"EntryPoint\",\"urlTemplate\":\"https:\/\/www.lavillagardendesign.com\/?s={search_term_string}\"},\"query-input\":{\"@type\":\"PropertyValueSpecification\",\"valueRequired\":true,\"valueName\":\"search_term_string\"}}],\"inLanguage\":\"es\"},{\"@type\":\"Organization\",\"@id\":\"https:\/\/www.lavillagardendesign.com\/#organization\",\"name\":\"La Villa Garden&Design\",\"url\":\"https:\/\/www.lavillagardendesign.com\/\",\"logo\":{\"@type\":\"ImageObject\",\"inLanguage\":\"es\",\"@id\":\"https:\/\/www.lavillagardendesign.com\/#\/schema\/logo\/image\/\",\"url\":\"https:\/\/www.lavillagardendesign.com\/wp-content\/uploads\/2024\/04\/logolavilla.png\",\"contentUrl\":\"https:\/\/www.lavillagardendesign.com\/wp-content\/uploads\/2024\/04\/logolavilla.png\",\"width\":682,\"height\":391,\"caption\":\"La Villa Garden&Design\"},\"image\":{\"@id\":\"https:\/\/www.lavillagardendesign.com\/#\/schema\/logo\/image\/\"},\"sameAs\":[\"https:\/\/www.facebook.com\/lavillagardendesign\/\"]}]}<\/script>\n<!-- \/ Yoast SEO plugin. -->","yoast_head_json":{"title":"INTIMISSI Biombo Exterior 120x180 | Separador de Lujo de Cuerda","description":"Biombo de dise\u00f1o de la colecci\u00f3n INTIMISSI (120x180 cm). Separador de ambientes exterior de cuerda t\u00e9cnica y metal. Disponible en 5 colores. Privacidad y estilo para tu terraza.","robots":{"index":"index","follow":"follow","max-snippet":"max-snippet:-1","max-image-preview":"max-image-preview:large","max-video-preview":"max-video-preview:-1"},"canonical":"https:\/\/www.lavillagardendesign.com\/es\/producto\/intimissi-biombo-separador-de-ambientes-de-cuerda-120x180\/","og_locale":"es_ES","og_type":"article","og_title":"INTIMISSI Biombo Exterior 120x180 | Separador de Lujo de Cuerda","og_description":"Biombo de dise\u00f1o de la colecci\u00f3n INTIMISSI (120x180 cm). Separador de ambientes exterior de cuerda t\u00e9cnica y metal. Disponible en 5 colores. Privacidad y estilo para tu terraza.","og_url":"https:\/\/www.lavillagardendesign.com\/es\/producto\/intimissi-biombo-separador-de-ambientes-de-cuerda-120x180\/","og_site_name":"La Villa Garden&amp;Design","article_publisher":"https:\/\/www.facebook.com\/lavillagardendesign\/","article_modified_time":"2026-02-23T09:40:44+00:00","og_image":[{"width":700,"height":800,"url":"https:\/\/www.lavillagardendesign.com\/wp-content\/uploads\/2026\/02\/1-1-2.jpg","type":"image\/jpeg"}],"twitter_card":"summary_large_image","schema":{"@context":"https:\/\/schema.org","@graph":[{"@type":"WebPage","@id":"https:\/\/www.lavillagardendesign.com\/es\/producto\/intimissi-biombo-separador-de-ambientes-de-cuerda-120x180\/","url":"https:\/\/www.lavillagardendesign.com\/es\/producto\/intimissi-biombo-separador-de-ambientes-de-cuerda-120x180\/","name":"INTIMISSI Biombo Exterior 120x180 | Separador de Lujo de Cuerda","isPartOf":{"@id":"https:\/\/www.lavillagardendesign.com\/#website"},"primaryImageOfPage":{"@id":"https:\/\/www.lavillagardendesign.com\/es\/producto\/intimissi-biombo-separador-de-ambientes-de-cuerda-120x180\/#primaryimage"},"image":{"@id":"https:\/\/www.lavillagardendesign.com\/es\/producto\/intimissi-biombo-separador-de-ambientes-de-cuerda-120x180\/#primaryimage"},"thumbnailUrl":"https:\/\/www.lavillagardendesign.com\/wp-content\/uploads\/2026\/02\/1-1-2.jpg","datePublished":"2026-02-04T20:24:36+00:00","dateModified":"2026-02-23T09:40:44+00:00","description":"Biombo de dise\u00f1o de la colecci\u00f3n INTIMISSI (120x180 cm). Separador de ambientes exterior de cuerda t\u00e9cnica y metal. Disponible en 5 colores. Privacidad y estilo para tu terraza.","breadcrumb":{"@id":"https:\/\/www.lavillagardendesign.com\/es\/producto\/intimissi-biombo-separador-de-ambientes-de-cuerda-120x180\/#breadcrumb"},"inLanguage":"es","potentialAction":[{"@type":"ReadAction","target":["https:\/\/www.lavillagardendesign.com\/es\/producto\/intimissi-biombo-separador-de-ambientes-de-cuerda-120x180\/"]}]},{"@type":"ImageObject","inLanguage":"es","@id":"https:\/\/www.lavillagardendesign.com\/es\/producto\/intimissi-biombo-separador-de-ambientes-de-cuerda-120x180\/#primaryimage","url":"https:\/\/www.lavillagardendesign.com\/wp-content\/uploads\/2026\/02\/1-1-2.jpg","contentUrl":"https:\/\/www.lavillagardendesign.com\/wp-content\/uploads\/2026\/02\/1-1-2.jpg","width":700,"height":800},{"@type":"BreadcrumbList","@id":"https:\/\/www.lavillagardendesign.com\/es\/producto\/intimissi-biombo-separador-de-ambientes-de-cuerda-120x180\/#breadcrumb","itemListElement":[{"@type":"ListItem","position":1,"name":"Home","item":"https:\/\/www.lavillagardendesign.com\/"},{"@type":"ListItem","position":2,"name":"Tienda","item":"https:\/\/www.lavillagardendesign.com\/es\/tienda\/"},{"@type":"ListItem","position":3,"name":"INTIMISSI &#8211; Biombo separador de ambientes de cuerda 120&#215;180"}]},{"@type":"WebSite","@id":"https:\/\/www.lavillagardendesign.com\/#website","url":"https:\/\/www.lavillagardendesign.com\/","name":"La Villa Garden&Design","description":"","publisher":{"@id":"https:\/\/www.lavillagardendesign.com\/#organization"},"potentialAction":[{"@type":"SearchAction","target":{"@type":"EntryPoint","urlTemplate":"https:\/\/www.lavillagardendesign.com\/?s={search_term_string}"},"query-input":{"@type":"PropertyValueSpecification","valueRequired":true,"valueName":"search_term_string"}}],"inLanguage":"es"},{"@type":"Organization","@id":"https:\/\/www.lavillagardendesign.com\/#organization","name":"La Villa Garden&Design","url":"https:\/\/www.lavillagardendesign.com\/","logo":{"@type":"ImageObject","inLanguage":"es","@id":"https:\/\/www.lavillagardendesign.com\/#\/schema\/logo\/image\/","url":"https:\/\/www.lavillagardendesign.com\/wp-content\/uploads\/2024\/04\/logolavilla.png","contentUrl":"https:\/\/www.lavillagardendesign.com\/wp-content\/uploads\/2024\/04\/logolavilla.png","width":682,"height":391,"caption":"La Villa Garden&Design"},"image":{"@id":"https:\/\/www.lavillagardendesign.com\/#\/schema\/logo\/image\/"},"sameAs":["https:\/\/www.facebook.com\/lavillagardendesign\/"]}]}},"_links":{"self":[{"href":"https:\/\/www.lavillagardendesign.com\/es\/wp-json\/wp\/v2\/product\/61859","targetHints":{"allow":["GET"]}}],"collection":[{"href":"https:\/\/www.lavillagardendesign.com\/es\/wp-json\/wp\/v2\/product"}],"about":[{"href":"https:\/\/www.lavillagardendesign.com\/es\/wp-json\/wp\/v2\/types\/product"}],"replies":[{"embeddable":true,"href":"https:\/\/www.lavillagardendesign.com\/es\/wp-json\/wp\/v2\/comments?post=61859"}],"version-history":[{"count":1,"href":"https:\/\/www.lavillagardendesign.com\/es\/wp-json\/wp\/v2\/product\/61859\/revisions"}],"predecessor-version":[{"id":61874,"href":"https:\/\/www.lavillagardendesign.com\/es\/wp-json\/wp\/v2\/product\/61859\/revisions\/61874"}],"wp:featuredmedia":[{"embeddable":true,"href":"https:\/\/www.lavillagardendesign.com\/es\/wp-json\/wp\/v2\/media\/61787"}],"wp:attachment":[{"href":"https:\/\/www.lavillagardendesign.com\/es\/wp-json\/wp\/v2\/media?parent=61859"}],"wp:term":[{"taxonomy":"product_brand","embeddable":true,"href":"https:\/\/www.lavillagardendesign.com\/es\/wp-json\/wp\/v2\/product_brand?post=61859"},{"taxonomy":"product_cat","embeddable":true,"href":"https:\/\/www.lavillagardendesign.com\/es\/wp-json\/wp\/v2\/product_cat?post=61859"},{"taxonomy":"product_tag","embeddable":true,"href":"https:\/\/www.lavillagardendesign.com\/es\/wp-json\/wp\/v2\/product_tag?post=61859"}],"curies":[{"name":"wp","href":"https:\/\/api.w.org\/{rel}","templated":true}]}}