{"id":61740,"date":"2026-02-04T20:35:05","date_gmt":"2026-02-04T19:35:05","guid":{"rendered":"https:\/\/www.lavillagardendesign.com\/product\/coleccion-porto-rico-sillon-modular-de-esquina\/"},"modified":"2026-02-10T14:23:18","modified_gmt":"2026-02-10T12:23:18","slug":"coleccion-porto-rico-sillon-modular-de-esquina","status":"publish","type":"product","link":"https:\/\/www.lavillagardendesign.com\/es\/producto\/coleccion-porto-rico-sillon-modular-de-esquina\/","title":{"rendered":"COLECCI\u00d3N PORTO RICO &#8211; Sill\u00f3n Modular de Esquina"},"content":{"rendered":"","protected":false},"excerpt":{"rendered":"<p>Dise\u00f1a el sal\u00f3n de tus sue\u00f1os sin l\u00edmites con el M\u00f3dulo de Esquina PORTO <span class=\"il\">RICO<\/span>. Esta pieza clave te permite construir grandes configuraciones de sof\u00e1s en \u00abL\u00bb o esquineros, aportando la calidez y robustez de la <b>madera de Teca certificada SVLK<\/b> (procedente de bosques sostenibles). Su s\u00f3lida estructura, acabada con protecci\u00f3n al agua, soporta un lujoso acolchado tapizado en <b>tejido Sunproof Olefin<\/b> (una marca l\u00edder para exteriores), hidr\u00f3fugo y resistente a la decoloraci\u00f3n. <i>Nota del experto:<\/i> La teca es una madera noble rica en aceites naturales que la autoprotegen. Durante los primeros meses, estos aceites pueden salir a la superficie y manchar los cojines; recomendamos lavar las fundas o utilizar capas protectoras hasta que la madera se estabilice.   <\/p>\n<ul>\n<li>Anchura: 94 cm<\/li>\n<li>Profundidad: 94 cm<\/li>\n<li>Altura total: 75 cm<\/li>\n<li>Altura del asiento: 35 cm<\/li>\n<li>Altura de la estructura (Espalda): 68 cm<\/li>\n<\/ul>\n","protected":false},"featured_media":61654,"comment_status":"open","ping_status":"closed","template":"","meta":[],"product_brand":[4998],"product_cat":[6833,5659,3113,3111],"product_tag":[],"class_list":{"0":"post-61740","1":"product","2":"type-product","3":"status-publish","4":"has-post-thumbnail","6":"product_brand-la-villa","7":"product_cat-outdoor-es","8":"product_cat-promociones-web","9":"product_cat-sofas-es","10":"product_cat-sofas-y-butacas","12":"first","13":"instock","14":"sale","15":"taxable","16":"shipping-taxable","17":"purchasable","18":"product-type-simple"},"yoast_head":"<!-- This site is optimized with the Yoast SEO plugin v27.4 - https:\/\/yoast.com\/product\/yoast-seo-wordpress\/ -->\n<title>PORTO RICO M\u00f3dulo de Esquina de Teka Sunproof | La Villa Garden<\/title>\n<meta name=\"description\" content=\"Sill\u00f3n esquinero modular de jard\u00edn PORTO RICO. Madera de teca SVLK y cojines Sunproof de alta gama. Ideal para sof\u00e1s modulares. Oferta 1.290 euros.\" \/>\n<meta name=\"robots\" content=\"index, follow, max-snippet:-1, max-image-preview:large, max-video-preview:-1\" \/>\n<link rel=\"canonical\" href=\"https:\/\/www.lavillagardendesign.com\/es\/producto\/coleccion-porto-rico-sillon-modular-de-esquina\/\" \/>\n<meta property=\"og:locale\" content=\"es_ES\" \/>\n<meta property=\"og:type\" content=\"article\" \/>\n<meta property=\"og:title\" content=\"PORTO RICO M\u00f3dulo de Esquina de Teka Sunproof | La Villa Garden\" \/>\n<meta property=\"og:description\" content=\"Sill\u00f3n esquinero modular de jard\u00edn PORTO RICO. Madera de teca SVLK y cojines Sunproof de alta gama. Ideal para sof\u00e1s modulares. Oferta 1.290 euros.\" \/>\n<meta property=\"og:url\" content=\"https:\/\/www.lavillagardendesign.com\/es\/producto\/coleccion-porto-rico-sillon-modular-de-esquina\/\" \/>\n<meta property=\"og:site_name\" content=\"La Villa Garden&amp;Design\" \/>\n<meta property=\"article:publisher\" content=\"https:\/\/www.facebook.com\/lavillagardendesign\/\" \/>\n<meta property=\"article:modified_time\" content=\"2026-02-10T12:23:18+00:00\" \/>\n<meta property=\"og:image\" content=\"https:\/\/www.lavillagardendesign.com\/wp-content\/uploads\/2026\/02\/Design-sans-titre-1.png\" \/>\n\t<meta property=\"og:image:width\" content=\"700\" \/>\n\t<meta property=\"og:image:height\" content=\"800\" \/>\n\t<meta property=\"og:image:type\" content=\"image\/png\" \/>\n<meta name=\"twitter:card\" content=\"summary_large_image\" \/>\n<script type=\"application\/ld+json\" class=\"yoast-schema-graph\">{\"@context\":\"https:\\\/\\\/schema.org\",\"@graph\":[{\"@type\":\"WebPage\",\"@id\":\"https:\\\/\\\/www.lavillagardendesign.com\\\/es\\\/producto\\\/coleccion-porto-rico-sillon-modular-de-esquina\\\/\",\"url\":\"https:\\\/\\\/www.lavillagardendesign.com\\\/es\\\/producto\\\/coleccion-porto-rico-sillon-modular-de-esquina\\\/\",\"name\":\"PORTO RICO M\u00f3dulo de Esquina de Teka Sunproof | La Villa Garden\",\"isPartOf\":{\"@id\":\"https:\\\/\\\/www.lavillagardendesign.com\\\/#website\"},\"primaryImageOfPage\":{\"@id\":\"https:\\\/\\\/www.lavillagardendesign.com\\\/es\\\/producto\\\/coleccion-porto-rico-sillon-modular-de-esquina\\\/#primaryimage\"},\"image\":{\"@id\":\"https:\\\/\\\/www.lavillagardendesign.com\\\/es\\\/producto\\\/coleccion-porto-rico-sillon-modular-de-esquina\\\/#primaryimage\"},\"thumbnailUrl\":\"https:\\\/\\\/www.lavillagardendesign.com\\\/wp-content\\\/uploads\\\/2026\\\/02\\\/Design-sans-titre-1.png\",\"datePublished\":\"2026-02-04T19:35:05+00:00\",\"dateModified\":\"2026-02-10T12:23:18+00:00\",\"description\":\"Sill\u00f3n esquinero modular de jard\u00edn PORTO RICO. Madera de teca SVLK y cojines Sunproof de alta gama. Ideal para sof\u00e1s modulares. Oferta 1.290 euros.\",\"breadcrumb\":{\"@id\":\"https:\\\/\\\/www.lavillagardendesign.com\\\/es\\\/producto\\\/coleccion-porto-rico-sillon-modular-de-esquina\\\/#breadcrumb\"},\"inLanguage\":\"es\",\"potentialAction\":[{\"@type\":\"ReadAction\",\"target\":[\"https:\\\/\\\/www.lavillagardendesign.com\\\/es\\\/producto\\\/coleccion-porto-rico-sillon-modular-de-esquina\\\/\"]}]},{\"@type\":\"ImageObject\",\"inLanguage\":\"es\",\"@id\":\"https:\\\/\\\/www.lavillagardendesign.com\\\/es\\\/producto\\\/coleccion-porto-rico-sillon-modular-de-esquina\\\/#primaryimage\",\"url\":\"https:\\\/\\\/www.lavillagardendesign.com\\\/wp-content\\\/uploads\\\/2026\\\/02\\\/Design-sans-titre-1.png\",\"contentUrl\":\"https:\\\/\\\/www.lavillagardendesign.com\\\/wp-content\\\/uploads\\\/2026\\\/02\\\/Design-sans-titre-1.png\",\"width\":700,\"height\":800},{\"@type\":\"BreadcrumbList\",\"@id\":\"https:\\\/\\\/www.lavillagardendesign.com\\\/es\\\/producto\\\/coleccion-porto-rico-sillon-modular-de-esquina\\\/#breadcrumb\",\"itemListElement\":[{\"@type\":\"ListItem\",\"position\":1,\"name\":\"Home\",\"item\":\"https:\\\/\\\/www.lavillagardendesign.com\\\/\"},{\"@type\":\"ListItem\",\"position\":2,\"name\":\"Tienda\",\"item\":\"https:\\\/\\\/www.lavillagardendesign.com\\\/es\\\/tienda\\\/\"},{\"@type\":\"ListItem\",\"position\":3,\"name\":\"COLECCI\u00d3N PORTO RICO &#8211; Sill\u00f3n Modular de Esquina\"}]},{\"@type\":\"WebSite\",\"@id\":\"https:\\\/\\\/www.lavillagardendesign.com\\\/#website\",\"url\":\"https:\\\/\\\/www.lavillagardendesign.com\\\/\",\"name\":\"La Villa Garden&Design\",\"description\":\"\",\"publisher\":{\"@id\":\"https:\\\/\\\/www.lavillagardendesign.com\\\/#organization\"},\"potentialAction\":[{\"@type\":\"SearchAction\",\"target\":{\"@type\":\"EntryPoint\",\"urlTemplate\":\"https:\\\/\\\/www.lavillagardendesign.com\\\/?s={search_term_string}\"},\"query-input\":{\"@type\":\"PropertyValueSpecification\",\"valueRequired\":true,\"valueName\":\"search_term_string\"}}],\"inLanguage\":\"es\"},{\"@type\":\"Organization\",\"@id\":\"https:\\\/\\\/www.lavillagardendesign.com\\\/#organization\",\"name\":\"La Villa Garden&Design\",\"url\":\"https:\\\/\\\/www.lavillagardendesign.com\\\/\",\"logo\":{\"@type\":\"ImageObject\",\"inLanguage\":\"es\",\"@id\":\"https:\\\/\\\/www.lavillagardendesign.com\\\/#\\\/schema\\\/logo\\\/image\\\/\",\"url\":\"https:\\\/\\\/www.lavillagardendesign.com\\\/wp-content\\\/uploads\\\/2024\\\/04\\\/logolavilla.png\",\"contentUrl\":\"https:\\\/\\\/www.lavillagardendesign.com\\\/wp-content\\\/uploads\\\/2024\\\/04\\\/logolavilla.png\",\"width\":682,\"height\":391,\"caption\":\"La Villa Garden&Design\"},\"image\":{\"@id\":\"https:\\\/\\\/www.lavillagardendesign.com\\\/#\\\/schema\\\/logo\\\/image\\\/\"},\"sameAs\":[\"https:\\\/\\\/www.facebook.com\\\/lavillagardendesign\\\/\"]}]}<\/script>\n<!-- \/ Yoast SEO plugin. -->","yoast_head_json":{"title":"PORTO RICO M\u00f3dulo de Esquina de Teka Sunproof | La Villa Garden","description":"Sill\u00f3n esquinero modular de jard\u00edn PORTO RICO. Madera de teca SVLK y cojines Sunproof de alta gama. Ideal para sof\u00e1s modulares. Oferta 1.290 euros.","robots":{"index":"index","follow":"follow","max-snippet":"max-snippet:-1","max-image-preview":"max-image-preview:large","max-video-preview":"max-video-preview:-1"},"canonical":"https:\/\/www.lavillagardendesign.com\/es\/producto\/coleccion-porto-rico-sillon-modular-de-esquina\/","og_locale":"es_ES","og_type":"article","og_title":"PORTO RICO M\u00f3dulo de Esquina de Teka Sunproof | La Villa Garden","og_description":"Sill\u00f3n esquinero modular de jard\u00edn PORTO RICO. Madera de teca SVLK y cojines Sunproof de alta gama. Ideal para sof\u00e1s modulares. Oferta 1.290 euros.","og_url":"https:\/\/www.lavillagardendesign.com\/es\/producto\/coleccion-porto-rico-sillon-modular-de-esquina\/","og_site_name":"La Villa Garden&amp;Design","article_publisher":"https:\/\/www.facebook.com\/lavillagardendesign\/","article_modified_time":"2026-02-10T12:23:18+00:00","og_image":[{"width":700,"height":800,"url":"https:\/\/www.lavillagardendesign.com\/wp-content\/uploads\/2026\/02\/Design-sans-titre-1.png","type":"image\/png"}],"twitter_card":"summary_large_image","schema":{"@context":"https:\/\/schema.org","@graph":[{"@type":"WebPage","@id":"https:\/\/www.lavillagardendesign.com\/es\/producto\/coleccion-porto-rico-sillon-modular-de-esquina\/","url":"https:\/\/www.lavillagardendesign.com\/es\/producto\/coleccion-porto-rico-sillon-modular-de-esquina\/","name":"PORTO RICO M\u00f3dulo de Esquina de Teka Sunproof | La Villa Garden","isPartOf":{"@id":"https:\/\/www.lavillagardendesign.com\/#website"},"primaryImageOfPage":{"@id":"https:\/\/www.lavillagardendesign.com\/es\/producto\/coleccion-porto-rico-sillon-modular-de-esquina\/#primaryimage"},"image":{"@id":"https:\/\/www.lavillagardendesign.com\/es\/producto\/coleccion-porto-rico-sillon-modular-de-esquina\/#primaryimage"},"thumbnailUrl":"https:\/\/www.lavillagardendesign.com\/wp-content\/uploads\/2026\/02\/Design-sans-titre-1.png","datePublished":"2026-02-04T19:35:05+00:00","dateModified":"2026-02-10T12:23:18+00:00","description":"Sill\u00f3n esquinero modular de jard\u00edn PORTO RICO. Madera de teca SVLK y cojines Sunproof de alta gama. Ideal para sof\u00e1s modulares. Oferta 1.290 euros.","breadcrumb":{"@id":"https:\/\/www.lavillagardendesign.com\/es\/producto\/coleccion-porto-rico-sillon-modular-de-esquina\/#breadcrumb"},"inLanguage":"es","potentialAction":[{"@type":"ReadAction","target":["https:\/\/www.lavillagardendesign.com\/es\/producto\/coleccion-porto-rico-sillon-modular-de-esquina\/"]}]},{"@type":"ImageObject","inLanguage":"es","@id":"https:\/\/www.lavillagardendesign.com\/es\/producto\/coleccion-porto-rico-sillon-modular-de-esquina\/#primaryimage","url":"https:\/\/www.lavillagardendesign.com\/wp-content\/uploads\/2026\/02\/Design-sans-titre-1.png","contentUrl":"https:\/\/www.lavillagardendesign.com\/wp-content\/uploads\/2026\/02\/Design-sans-titre-1.png","width":700,"height":800},{"@type":"BreadcrumbList","@id":"https:\/\/www.lavillagardendesign.com\/es\/producto\/coleccion-porto-rico-sillon-modular-de-esquina\/#breadcrumb","itemListElement":[{"@type":"ListItem","position":1,"name":"Home","item":"https:\/\/www.lavillagardendesign.com\/"},{"@type":"ListItem","position":2,"name":"Tienda","item":"https:\/\/www.lavillagardendesign.com\/es\/tienda\/"},{"@type":"ListItem","position":3,"name":"COLECCI\u00d3N PORTO RICO &#8211; Sill\u00f3n Modular de Esquina"}]},{"@type":"WebSite","@id":"https:\/\/www.lavillagardendesign.com\/#website","url":"https:\/\/www.lavillagardendesign.com\/","name":"La Villa Garden&Design","description":"","publisher":{"@id":"https:\/\/www.lavillagardendesign.com\/#organization"},"potentialAction":[{"@type":"SearchAction","target":{"@type":"EntryPoint","urlTemplate":"https:\/\/www.lavillagardendesign.com\/?s={search_term_string}"},"query-input":{"@type":"PropertyValueSpecification","valueRequired":true,"valueName":"search_term_string"}}],"inLanguage":"es"},{"@type":"Organization","@id":"https:\/\/www.lavillagardendesign.com\/#organization","name":"La Villa Garden&Design","url":"https:\/\/www.lavillagardendesign.com\/","logo":{"@type":"ImageObject","inLanguage":"es","@id":"https:\/\/www.lavillagardendesign.com\/#\/schema\/logo\/image\/","url":"https:\/\/www.lavillagardendesign.com\/wp-content\/uploads\/2024\/04\/logolavilla.png","contentUrl":"https:\/\/www.lavillagardendesign.com\/wp-content\/uploads\/2024\/04\/logolavilla.png","width":682,"height":391,"caption":"La Villa Garden&Design"},"image":{"@id":"https:\/\/www.lavillagardendesign.com\/#\/schema\/logo\/image\/"},"sameAs":["https:\/\/www.facebook.com\/lavillagardendesign\/"]}]}},"_links":{"self":[{"href":"https:\/\/www.lavillagardendesign.com\/es\/wp-json\/wp\/v2\/product\/61740","targetHints":{"allow":["GET"]}}],"collection":[{"href":"https:\/\/www.lavillagardendesign.com\/es\/wp-json\/wp\/v2\/product"}],"about":[{"href":"https:\/\/www.lavillagardendesign.com\/es\/wp-json\/wp\/v2\/types\/product"}],"replies":[{"embeddable":true,"href":"https:\/\/www.lavillagardendesign.com\/es\/wp-json\/wp\/v2\/comments?post=61740"}],"version-history":[{"count":1,"href":"https:\/\/www.lavillagardendesign.com\/es\/wp-json\/wp\/v2\/product\/61740\/revisions"}],"predecessor-version":[{"id":61750,"href":"https:\/\/www.lavillagardendesign.com\/es\/wp-json\/wp\/v2\/product\/61740\/revisions\/61750"}],"wp:featuredmedia":[{"embeddable":true,"href":"https:\/\/www.lavillagardendesign.com\/es\/wp-json\/wp\/v2\/media\/61654"}],"wp:attachment":[{"href":"https:\/\/www.lavillagardendesign.com\/es\/wp-json\/wp\/v2\/media?parent=61740"}],"wp:term":[{"taxonomy":"product_brand","embeddable":true,"href":"https:\/\/www.lavillagardendesign.com\/es\/wp-json\/wp\/v2\/product_brand?post=61740"},{"taxonomy":"product_cat","embeddable":true,"href":"https:\/\/www.lavillagardendesign.com\/es\/wp-json\/wp\/v2\/product_cat?post=61740"},{"taxonomy":"product_tag","embeddable":true,"href":"https:\/\/www.lavillagardendesign.com\/es\/wp-json\/wp\/v2\/product_tag?post=61740"}],"curies":[{"name":"wp","href":"https:\/\/api.w.org\/{rel}","templated":true}]}}