{"id":61537,"date":"2026-02-02T11:52:32","date_gmt":"2026-02-02T10:52:32","guid":{"rendered":"https:\/\/www.lavillagardendesign.com\/product\/coleccion-inca-sillon-central-modular-modulo-central\/"},"modified":"2026-02-10T14:24:49","modified_gmt":"2026-02-10T12:24:49","slug":"coleccion-inca-sillon-central-modular-modulo-central","status":"publish","type":"product","link":"https:\/\/www.lavillagardendesign.com\/es\/producto\/coleccion-inca-sillon-central-modular-modulo-central\/","title":{"rendered":"COLECCI\u00d3N INCA &#8211; Sill\u00f3n Central Modular \/ M\u00f3dulo Central"},"content":{"rendered":"","protected":false},"excerpt":{"rendered":"<p>Personaliza las dimensiones de tu zona de relax con el Sill\u00f3n Central Modular de la colecci\u00f3n <span class=\"il\">INCA<\/span>. Esta pieza esencial act\u00faa como el \u00abextensor\u00bb perfecto para el conjunto de sof\u00e1s rinconeros <span class=\"il\">INCA<\/span>, permiti\u00e9ndote a\u00f1adir un n\u00famero ilimitado de asientos extra para adaptar el mobiliario al tama\u00f1o exacto de tu terraza o porche. Manteniendo la est\u00e9tica arquitect\u00f3nica de la colecci\u00f3n, presenta una robusta estructura de aluminio con recubrimiento de polvo de poli\u00e9ster en color blanco. El confort est\u00e1 garantizado por su profundo acolchado (asiento y respaldo) tapizado en tejido <b>Olefin<\/b> (100% polipropileno), hidr\u00f3fugo y f\u00e1cilmente desenfundable para lavarlo. Puede utilizarse individualmente como silla sin brazos o ensamblarse para crear sof\u00e1s de longitud infinita.    <\/p>\n<ul>\n<li>Anchura: 70 cm<\/li>\n<li>Profundidad: 87 cm<\/li>\n<li>Altura total: 80 cm<\/li>\n<li>Altura del asiento: 38 cm<\/li>\n<li>Altura del respaldo: 64 cm<\/li>\n<\/ul>\n","protected":false},"featured_media":61474,"comment_status":"open","ping_status":"closed","template":"","meta":[],"product_brand":[4998],"product_cat":[3112,6833,5659,3111],"product_tag":[],"class_list":{"0":"post-61537","1":"product","2":"type-product","3":"status-publish","4":"has-post-thumbnail","6":"product_brand-la-villa","7":"product_cat-butacas","8":"product_cat-outdoor-es","9":"product_cat-promociones-web","10":"product_cat-sofas-y-butacas","12":"first","13":"instock","14":"sale","15":"taxable","16":"shipping-taxable","17":"purchasable","18":"product-type-simple"},"yoast_head":"<!-- This site is optimized with the Yoast SEO plugin v27.4 - https:\/\/yoast.com\/product\/yoast-seo-wordpress\/ -->\n<title>INCA Asiento Central Modular Sof\u00e1 Aluminio Blanco | Complemento de Lujo<\/title>\n<meta name=\"description\" content=\"Sill\u00f3n modular central para ampliar el sof\u00e1 INCA. Aluminio blanco y cojines de olefina. A\u00f1ade asientos adicionales a tu distribuci\u00f3n. Oferta 799 \u20ac.\" \/>\n<meta name=\"robots\" content=\"index, follow, max-snippet:-1, max-image-preview:large, max-video-preview:-1\" \/>\n<link rel=\"canonical\" href=\"https:\/\/www.lavillagardendesign.com\/es\/producto\/coleccion-inca-sillon-central-modular-modulo-central\/\" \/>\n<meta property=\"og:locale\" content=\"es_ES\" \/>\n<meta property=\"og:type\" content=\"article\" \/>\n<meta property=\"og:title\" content=\"INCA Asiento Central Modular Sof\u00e1 Aluminio Blanco | Complemento de Lujo\" \/>\n<meta property=\"og:description\" content=\"Sill\u00f3n modular central para ampliar el sof\u00e1 INCA. Aluminio blanco y cojines de olefina. A\u00f1ade asientos adicionales a tu distribuci\u00f3n. Oferta 799 \u20ac.\" \/>\n<meta property=\"og:url\" content=\"https:\/\/www.lavillagardendesign.com\/es\/producto\/coleccion-inca-sillon-central-modular-modulo-central\/\" \/>\n<meta property=\"og:site_name\" content=\"La Villa Garden&amp;Design\" \/>\n<meta property=\"article:publisher\" content=\"https:\/\/www.facebook.com\/lavillagardendesign\/\" \/>\n<meta property=\"article:modified_time\" content=\"2026-02-10T12:24:49+00:00\" \/>\n<meta property=\"og:image\" content=\"https:\/\/www.lavillagardendesign.com\/wp-content\/uploads\/2026\/02\/1-1.jpg\" \/>\n\t<meta property=\"og:image:width\" content=\"700\" \/>\n\t<meta property=\"og:image:height\" content=\"800\" \/>\n\t<meta property=\"og:image:type\" content=\"image\/jpeg\" \/>\n<meta name=\"twitter:card\" content=\"summary_large_image\" \/>\n<script type=\"application\/ld+json\" class=\"yoast-schema-graph\">{\"@context\":\"https:\\\/\\\/schema.org\",\"@graph\":[{\"@type\":\"WebPage\",\"@id\":\"https:\\\/\\\/www.lavillagardendesign.com\\\/es\\\/producto\\\/coleccion-inca-sillon-central-modular-modulo-central\\\/\",\"url\":\"https:\\\/\\\/www.lavillagardendesign.com\\\/es\\\/producto\\\/coleccion-inca-sillon-central-modular-modulo-central\\\/\",\"name\":\"INCA Asiento Central Modular Sof\u00e1 Aluminio Blanco | Complemento de Lujo\",\"isPartOf\":{\"@id\":\"https:\\\/\\\/www.lavillagardendesign.com\\\/#website\"},\"primaryImageOfPage\":{\"@id\":\"https:\\\/\\\/www.lavillagardendesign.com\\\/es\\\/producto\\\/coleccion-inca-sillon-central-modular-modulo-central\\\/#primaryimage\"},\"image\":{\"@id\":\"https:\\\/\\\/www.lavillagardendesign.com\\\/es\\\/producto\\\/coleccion-inca-sillon-central-modular-modulo-central\\\/#primaryimage\"},\"thumbnailUrl\":\"https:\\\/\\\/www.lavillagardendesign.com\\\/wp-content\\\/uploads\\\/2026\\\/02\\\/1-1.jpg\",\"datePublished\":\"2026-02-02T10:52:32+00:00\",\"dateModified\":\"2026-02-10T12:24:49+00:00\",\"description\":\"Sill\u00f3n modular central para ampliar el sof\u00e1 INCA. Aluminio blanco y cojines de olefina. A\u00f1ade asientos adicionales a tu distribuci\u00f3n. Oferta 799 \u20ac.\",\"breadcrumb\":{\"@id\":\"https:\\\/\\\/www.lavillagardendesign.com\\\/es\\\/producto\\\/coleccion-inca-sillon-central-modular-modulo-central\\\/#breadcrumb\"},\"inLanguage\":\"es\",\"potentialAction\":[{\"@type\":\"ReadAction\",\"target\":[\"https:\\\/\\\/www.lavillagardendesign.com\\\/es\\\/producto\\\/coleccion-inca-sillon-central-modular-modulo-central\\\/\"]}]},{\"@type\":\"ImageObject\",\"inLanguage\":\"es\",\"@id\":\"https:\\\/\\\/www.lavillagardendesign.com\\\/es\\\/producto\\\/coleccion-inca-sillon-central-modular-modulo-central\\\/#primaryimage\",\"url\":\"https:\\\/\\\/www.lavillagardendesign.com\\\/wp-content\\\/uploads\\\/2026\\\/02\\\/1-1.jpg\",\"contentUrl\":\"https:\\\/\\\/www.lavillagardendesign.com\\\/wp-content\\\/uploads\\\/2026\\\/02\\\/1-1.jpg\",\"width\":700,\"height\":800},{\"@type\":\"BreadcrumbList\",\"@id\":\"https:\\\/\\\/www.lavillagardendesign.com\\\/es\\\/producto\\\/coleccion-inca-sillon-central-modular-modulo-central\\\/#breadcrumb\",\"itemListElement\":[{\"@type\":\"ListItem\",\"position\":1,\"name\":\"Home\",\"item\":\"https:\\\/\\\/www.lavillagardendesign.com\\\/\"},{\"@type\":\"ListItem\",\"position\":2,\"name\":\"Tienda\",\"item\":\"https:\\\/\\\/www.lavillagardendesign.com\\\/es\\\/tienda\\\/\"},{\"@type\":\"ListItem\",\"position\":3,\"name\":\"COLECCI\u00d3N INCA &#8211; Sill\u00f3n Central Modular \\\/ M\u00f3dulo Central\"}]},{\"@type\":\"WebSite\",\"@id\":\"https:\\\/\\\/www.lavillagardendesign.com\\\/#website\",\"url\":\"https:\\\/\\\/www.lavillagardendesign.com\\\/\",\"name\":\"La Villa Garden&Design\",\"description\":\"\",\"publisher\":{\"@id\":\"https:\\\/\\\/www.lavillagardendesign.com\\\/#organization\"},\"potentialAction\":[{\"@type\":\"SearchAction\",\"target\":{\"@type\":\"EntryPoint\",\"urlTemplate\":\"https:\\\/\\\/www.lavillagardendesign.com\\\/?s={search_term_string}\"},\"query-input\":{\"@type\":\"PropertyValueSpecification\",\"valueRequired\":true,\"valueName\":\"search_term_string\"}}],\"inLanguage\":\"es\"},{\"@type\":\"Organization\",\"@id\":\"https:\\\/\\\/www.lavillagardendesign.com\\\/#organization\",\"name\":\"La Villa Garden&Design\",\"url\":\"https:\\\/\\\/www.lavillagardendesign.com\\\/\",\"logo\":{\"@type\":\"ImageObject\",\"inLanguage\":\"es\",\"@id\":\"https:\\\/\\\/www.lavillagardendesign.com\\\/#\\\/schema\\\/logo\\\/image\\\/\",\"url\":\"https:\\\/\\\/www.lavillagardendesign.com\\\/wp-content\\\/uploads\\\/2024\\\/04\\\/logolavilla.png\",\"contentUrl\":\"https:\\\/\\\/www.lavillagardendesign.com\\\/wp-content\\\/uploads\\\/2024\\\/04\\\/logolavilla.png\",\"width\":682,\"height\":391,\"caption\":\"La Villa Garden&Design\"},\"image\":{\"@id\":\"https:\\\/\\\/www.lavillagardendesign.com\\\/#\\\/schema\\\/logo\\\/image\\\/\"},\"sameAs\":[\"https:\\\/\\\/www.facebook.com\\\/lavillagardendesign\\\/\"]}]}<\/script>\n<!-- \/ Yoast SEO plugin. -->","yoast_head_json":{"title":"INCA Asiento Central Modular Sof\u00e1 Aluminio Blanco | Complemento de Lujo","description":"Sill\u00f3n modular central para ampliar el sof\u00e1 INCA. Aluminio blanco y cojines de olefina. A\u00f1ade asientos adicionales a tu distribuci\u00f3n. Oferta 799 \u20ac.","robots":{"index":"index","follow":"follow","max-snippet":"max-snippet:-1","max-image-preview":"max-image-preview:large","max-video-preview":"max-video-preview:-1"},"canonical":"https:\/\/www.lavillagardendesign.com\/es\/producto\/coleccion-inca-sillon-central-modular-modulo-central\/","og_locale":"es_ES","og_type":"article","og_title":"INCA Asiento Central Modular Sof\u00e1 Aluminio Blanco | Complemento de Lujo","og_description":"Sill\u00f3n modular central para ampliar el sof\u00e1 INCA. Aluminio blanco y cojines de olefina. A\u00f1ade asientos adicionales a tu distribuci\u00f3n. Oferta 799 \u20ac.","og_url":"https:\/\/www.lavillagardendesign.com\/es\/producto\/coleccion-inca-sillon-central-modular-modulo-central\/","og_site_name":"La Villa Garden&amp;Design","article_publisher":"https:\/\/www.facebook.com\/lavillagardendesign\/","article_modified_time":"2026-02-10T12:24:49+00:00","og_image":[{"width":700,"height":800,"url":"https:\/\/www.lavillagardendesign.com\/wp-content\/uploads\/2026\/02\/1-1.jpg","type":"image\/jpeg"}],"twitter_card":"summary_large_image","schema":{"@context":"https:\/\/schema.org","@graph":[{"@type":"WebPage","@id":"https:\/\/www.lavillagardendesign.com\/es\/producto\/coleccion-inca-sillon-central-modular-modulo-central\/","url":"https:\/\/www.lavillagardendesign.com\/es\/producto\/coleccion-inca-sillon-central-modular-modulo-central\/","name":"INCA Asiento Central Modular Sof\u00e1 Aluminio Blanco | Complemento de Lujo","isPartOf":{"@id":"https:\/\/www.lavillagardendesign.com\/#website"},"primaryImageOfPage":{"@id":"https:\/\/www.lavillagardendesign.com\/es\/producto\/coleccion-inca-sillon-central-modular-modulo-central\/#primaryimage"},"image":{"@id":"https:\/\/www.lavillagardendesign.com\/es\/producto\/coleccion-inca-sillon-central-modular-modulo-central\/#primaryimage"},"thumbnailUrl":"https:\/\/www.lavillagardendesign.com\/wp-content\/uploads\/2026\/02\/1-1.jpg","datePublished":"2026-02-02T10:52:32+00:00","dateModified":"2026-02-10T12:24:49+00:00","description":"Sill\u00f3n modular central para ampliar el sof\u00e1 INCA. Aluminio blanco y cojines de olefina. A\u00f1ade asientos adicionales a tu distribuci\u00f3n. Oferta 799 \u20ac.","breadcrumb":{"@id":"https:\/\/www.lavillagardendesign.com\/es\/producto\/coleccion-inca-sillon-central-modular-modulo-central\/#breadcrumb"},"inLanguage":"es","potentialAction":[{"@type":"ReadAction","target":["https:\/\/www.lavillagardendesign.com\/es\/producto\/coleccion-inca-sillon-central-modular-modulo-central\/"]}]},{"@type":"ImageObject","inLanguage":"es","@id":"https:\/\/www.lavillagardendesign.com\/es\/producto\/coleccion-inca-sillon-central-modular-modulo-central\/#primaryimage","url":"https:\/\/www.lavillagardendesign.com\/wp-content\/uploads\/2026\/02\/1-1.jpg","contentUrl":"https:\/\/www.lavillagardendesign.com\/wp-content\/uploads\/2026\/02\/1-1.jpg","width":700,"height":800},{"@type":"BreadcrumbList","@id":"https:\/\/www.lavillagardendesign.com\/es\/producto\/coleccion-inca-sillon-central-modular-modulo-central\/#breadcrumb","itemListElement":[{"@type":"ListItem","position":1,"name":"Home","item":"https:\/\/www.lavillagardendesign.com\/"},{"@type":"ListItem","position":2,"name":"Tienda","item":"https:\/\/www.lavillagardendesign.com\/es\/tienda\/"},{"@type":"ListItem","position":3,"name":"COLECCI\u00d3N INCA &#8211; Sill\u00f3n Central Modular \/ M\u00f3dulo Central"}]},{"@type":"WebSite","@id":"https:\/\/www.lavillagardendesign.com\/#website","url":"https:\/\/www.lavillagardendesign.com\/","name":"La Villa Garden&Design","description":"","publisher":{"@id":"https:\/\/www.lavillagardendesign.com\/#organization"},"potentialAction":[{"@type":"SearchAction","target":{"@type":"EntryPoint","urlTemplate":"https:\/\/www.lavillagardendesign.com\/?s={search_term_string}"},"query-input":{"@type":"PropertyValueSpecification","valueRequired":true,"valueName":"search_term_string"}}],"inLanguage":"es"},{"@type":"Organization","@id":"https:\/\/www.lavillagardendesign.com\/#organization","name":"La Villa Garden&Design","url":"https:\/\/www.lavillagardendesign.com\/","logo":{"@type":"ImageObject","inLanguage":"es","@id":"https:\/\/www.lavillagardendesign.com\/#\/schema\/logo\/image\/","url":"https:\/\/www.lavillagardendesign.com\/wp-content\/uploads\/2024\/04\/logolavilla.png","contentUrl":"https:\/\/www.lavillagardendesign.com\/wp-content\/uploads\/2024\/04\/logolavilla.png","width":682,"height":391,"caption":"La Villa Garden&Design"},"image":{"@id":"https:\/\/www.lavillagardendesign.com\/#\/schema\/logo\/image\/"},"sameAs":["https:\/\/www.facebook.com\/lavillagardendesign\/"]}]}},"_links":{"self":[{"href":"https:\/\/www.lavillagardendesign.com\/es\/wp-json\/wp\/v2\/product\/61537","targetHints":{"allow":["GET"]}}],"collection":[{"href":"https:\/\/www.lavillagardendesign.com\/es\/wp-json\/wp\/v2\/product"}],"about":[{"href":"https:\/\/www.lavillagardendesign.com\/es\/wp-json\/wp\/v2\/types\/product"}],"replies":[{"embeddable":true,"href":"https:\/\/www.lavillagardendesign.com\/es\/wp-json\/wp\/v2\/comments?post=61537"}],"version-history":[{"count":1,"href":"https:\/\/www.lavillagardendesign.com\/es\/wp-json\/wp\/v2\/product\/61537\/revisions"}],"predecessor-version":[{"id":62109,"href":"https:\/\/www.lavillagardendesign.com\/es\/wp-json\/wp\/v2\/product\/61537\/revisions\/62109"}],"wp:featuredmedia":[{"embeddable":true,"href":"https:\/\/www.lavillagardendesign.com\/es\/wp-json\/wp\/v2\/media\/61474"}],"wp:attachment":[{"href":"https:\/\/www.lavillagardendesign.com\/es\/wp-json\/wp\/v2\/media?parent=61537"}],"wp:term":[{"taxonomy":"product_brand","embeddable":true,"href":"https:\/\/www.lavillagardendesign.com\/es\/wp-json\/wp\/v2\/product_brand?post=61537"},{"taxonomy":"product_cat","embeddable":true,"href":"https:\/\/www.lavillagardendesign.com\/es\/wp-json\/wp\/v2\/product_cat?post=61537"},{"taxonomy":"product_tag","embeddable":true,"href":"https:\/\/www.lavillagardendesign.com\/es\/wp-json\/wp\/v2\/product_tag?post=61537"}],"curies":[{"name":"wp","href":"https:\/\/api.w.org\/{rel}","templated":true}]}}