{"id":61230,"date":"2026-01-29T11:01:36","date_gmt":"2026-01-29T10:01:36","guid":{"rendered":"https:\/\/www.lavillagardendesign.com\/product\/coleccion-amalfi-tumbona-de-4-plazas-de-madera-de-acacia-fsc-efecto-teca\/"},"modified":"2026-02-10T14:24:00","modified_gmt":"2026-02-10T12:24:00","slug":"coleccion-amalfi-tumbona-de-4-plazas-de-madera-de-acacia-fsc-efecto-teca","status":"publish","type":"product","link":"https:\/\/www.lavillagardendesign.com\/es\/producto\/coleccion-amalfi-tumbona-de-4-plazas-de-madera-de-acacia-fsc-efecto-teca\/","title":{"rendered":"COLECCI\u00d3N AMALFI &#8211; Tumbona de 4 plazas de madera de acacia FSC (efecto teca)"},"content":{"rendered":"","protected":false},"excerpt":{"rendered":"<p>Imprime car\u00e1cter y calidez a tu terraza con el monumental Conjunto de Tumbona <span class=\"il\">AMALFI<\/span>. Este conjunto de 4 piezas destaca por su dise\u00f1o arquitect\u00f3nico de l\u00edneas puras y s\u00f3lidas, fabricado \u00edntegramente con <b>madera de acacia 100% certificada FSC<\/b>. Su acabado al aceite \u00abEfecto Teca\u00bb realza el veteado natural y protege la madera, ofreciendo la est\u00e9tica premium de las maderas duras tropicales con gesti\u00f3n forestal sostenible. El conjunto, de generosas dimensiones, incluye un gran sof\u00e1 de 3 plazas (m\u00e1s de 2 metros de largo), dos amplios sillones y una mesa de centro rectangular de gran formato (152 cm). El confort superior reside en sus cojines desenfundables de <b>tejido Spunpoly de 230 g\/m2<\/b>, un material t\u00e9cnico de alto gramaje que ofrece un tacto suave, similar al algod\u00f3n, a la vez que es repelente al agua. Todos los herrajes son de acero inoxidable para garantizar la m\u00e1xima durabilidad en exteriores.     <\/p>\n<ul>\n<li><b>Sof\u00e1 de 3 plazas:<\/b> Largo 201,5 cm | Profundidad 83 cm | Altura 84 cm<\/li>\n<li><b>Sillones (x2):<\/b> Anchura 84 cm | Profundidad 83 cm | Altura 84 cm<\/li>\n<li><b>Mesa de centro:<\/b> Largo 152 cm | Ancho 84 cm | Alto 38 cm<\/li>\n<li><b>Altura del asiento:<\/b> 42,5 cm | <b>Altura del reposabrazos:<\/b> 60,5 cm<\/li>\n<\/ul>\n","protected":false},"featured_media":61206,"comment_status":"open","ping_status":"closed","template":"","meta":[],"product_brand":[4998],"product_cat":[3112,6833,6836,5659,3113,3111],"product_tag":[],"class_list":{"0":"post-61230","1":"product","2":"type-product","3":"status-publish","4":"has-post-thumbnail","6":"product_brand-la-villa","7":"product_cat-butacas","8":"product_cat-outdoor-es","9":"product_cat-packs-sofas","10":"product_cat-promociones-web","11":"product_cat-sofas-es","12":"product_cat-sofas-y-butacas","14":"first","15":"instock","16":"sale","17":"taxable","18":"shipping-taxable","19":"purchasable","20":"product-type-simple"},"yoast_head":"<!-- This site is optimized with the Yoast SEO plugin v27.4 - https:\/\/yoast.com\/product\/yoast-seo-wordpress\/ -->\n<title>Juego de jard\u00edn AMALFI Madera de acacia FSC y Spunpoly | Lujo<\/title>\n<meta name=\"description\" content=\"Juego de exterior de 4 piezas AMALFI. Madera maciza de acacia FSC con efecto teca. Sof\u00e1 de 2 metros y cojines Spunpoly de primera calidad. Oferta exclusiva.\" \/>\n<meta name=\"robots\" content=\"index, follow, max-snippet:-1, max-image-preview:large, max-video-preview:-1\" \/>\n<link rel=\"canonical\" href=\"https:\/\/www.lavillagardendesign.com\/es\/producto\/coleccion-amalfi-tumbona-de-4-plazas-de-madera-de-acacia-fsc-efecto-teca\/\" \/>\n<meta property=\"og:locale\" content=\"es_ES\" \/>\n<meta property=\"og:type\" content=\"article\" \/>\n<meta property=\"og:title\" content=\"Juego de jard\u00edn AMALFI Madera de acacia FSC y Spunpoly | Lujo\" \/>\n<meta property=\"og:description\" content=\"Juego de exterior de 4 piezas AMALFI. Madera maciza de acacia FSC con efecto teca. Sof\u00e1 de 2 metros y cojines Spunpoly de primera calidad. Oferta exclusiva.\" \/>\n<meta property=\"og:url\" content=\"https:\/\/www.lavillagardendesign.com\/es\/producto\/coleccion-amalfi-tumbona-de-4-plazas-de-madera-de-acacia-fsc-efecto-teca\/\" \/>\n<meta property=\"og:site_name\" content=\"La Villa Garden&amp;Design\" \/>\n<meta property=\"article:publisher\" content=\"https:\/\/www.facebook.com\/lavillagardendesign\/\" \/>\n<meta property=\"article:modified_time\" content=\"2026-02-10T12:24:00+00:00\" \/>\n<meta property=\"og:image\" content=\"https:\/\/www.lavillagardendesign.com\/wp-content\/uploads\/2026\/01\/Design-sans-titre-5.png\" \/>\n\t<meta property=\"og:image:width\" content=\"700\" \/>\n\t<meta property=\"og:image:height\" content=\"800\" \/>\n\t<meta property=\"og:image:type\" content=\"image\/png\" \/>\n<meta name=\"twitter:card\" content=\"summary_large_image\" \/>\n<script type=\"application\/ld+json\" class=\"yoast-schema-graph\">{\"@context\":\"https:\\\/\\\/schema.org\",\"@graph\":[{\"@type\":\"WebPage\",\"@id\":\"https:\\\/\\\/www.lavillagardendesign.com\\\/es\\\/producto\\\/coleccion-amalfi-tumbona-de-4-plazas-de-madera-de-acacia-fsc-efecto-teca\\\/\",\"url\":\"https:\\\/\\\/www.lavillagardendesign.com\\\/es\\\/producto\\\/coleccion-amalfi-tumbona-de-4-plazas-de-madera-de-acacia-fsc-efecto-teca\\\/\",\"name\":\"Juego de jard\u00edn AMALFI Madera de acacia FSC y Spunpoly | Lujo\",\"isPartOf\":{\"@id\":\"https:\\\/\\\/www.lavillagardendesign.com\\\/#website\"},\"primaryImageOfPage\":{\"@id\":\"https:\\\/\\\/www.lavillagardendesign.com\\\/es\\\/producto\\\/coleccion-amalfi-tumbona-de-4-plazas-de-madera-de-acacia-fsc-efecto-teca\\\/#primaryimage\"},\"image\":{\"@id\":\"https:\\\/\\\/www.lavillagardendesign.com\\\/es\\\/producto\\\/coleccion-amalfi-tumbona-de-4-plazas-de-madera-de-acacia-fsc-efecto-teca\\\/#primaryimage\"},\"thumbnailUrl\":\"https:\\\/\\\/www.lavillagardendesign.com\\\/wp-content\\\/uploads\\\/2026\\\/01\\\/Design-sans-titre-5.png\",\"datePublished\":\"2026-01-29T10:01:36+00:00\",\"dateModified\":\"2026-02-10T12:24:00+00:00\",\"description\":\"Juego de exterior de 4 piezas AMALFI. Madera maciza de acacia FSC con efecto teca. Sof\u00e1 de 2 metros y cojines Spunpoly de primera calidad. Oferta exclusiva.\",\"breadcrumb\":{\"@id\":\"https:\\\/\\\/www.lavillagardendesign.com\\\/es\\\/producto\\\/coleccion-amalfi-tumbona-de-4-plazas-de-madera-de-acacia-fsc-efecto-teca\\\/#breadcrumb\"},\"inLanguage\":\"es\",\"potentialAction\":[{\"@type\":\"ReadAction\",\"target\":[\"https:\\\/\\\/www.lavillagardendesign.com\\\/es\\\/producto\\\/coleccion-amalfi-tumbona-de-4-plazas-de-madera-de-acacia-fsc-efecto-teca\\\/\"]}]},{\"@type\":\"ImageObject\",\"inLanguage\":\"es\",\"@id\":\"https:\\\/\\\/www.lavillagardendesign.com\\\/es\\\/producto\\\/coleccion-amalfi-tumbona-de-4-plazas-de-madera-de-acacia-fsc-efecto-teca\\\/#primaryimage\",\"url\":\"https:\\\/\\\/www.lavillagardendesign.com\\\/wp-content\\\/uploads\\\/2026\\\/01\\\/Design-sans-titre-5.png\",\"contentUrl\":\"https:\\\/\\\/www.lavillagardendesign.com\\\/wp-content\\\/uploads\\\/2026\\\/01\\\/Design-sans-titre-5.png\",\"width\":700,\"height\":800},{\"@type\":\"BreadcrumbList\",\"@id\":\"https:\\\/\\\/www.lavillagardendesign.com\\\/es\\\/producto\\\/coleccion-amalfi-tumbona-de-4-plazas-de-madera-de-acacia-fsc-efecto-teca\\\/#breadcrumb\",\"itemListElement\":[{\"@type\":\"ListItem\",\"position\":1,\"name\":\"Home\",\"item\":\"https:\\\/\\\/www.lavillagardendesign.com\\\/\"},{\"@type\":\"ListItem\",\"position\":2,\"name\":\"Tienda\",\"item\":\"https:\\\/\\\/www.lavillagardendesign.com\\\/es\\\/tienda\\\/\"},{\"@type\":\"ListItem\",\"position\":3,\"name\":\"COLECCI\u00d3N AMALFI &#8211; Tumbona de 4 plazas de madera de acacia FSC (efecto teca)\"}]},{\"@type\":\"WebSite\",\"@id\":\"https:\\\/\\\/www.lavillagardendesign.com\\\/#website\",\"url\":\"https:\\\/\\\/www.lavillagardendesign.com\\\/\",\"name\":\"La Villa Garden&Design\",\"description\":\"\",\"publisher\":{\"@id\":\"https:\\\/\\\/www.lavillagardendesign.com\\\/#organization\"},\"potentialAction\":[{\"@type\":\"SearchAction\",\"target\":{\"@type\":\"EntryPoint\",\"urlTemplate\":\"https:\\\/\\\/www.lavillagardendesign.com\\\/?s={search_term_string}\"},\"query-input\":{\"@type\":\"PropertyValueSpecification\",\"valueRequired\":true,\"valueName\":\"search_term_string\"}}],\"inLanguage\":\"es\"},{\"@type\":\"Organization\",\"@id\":\"https:\\\/\\\/www.lavillagardendesign.com\\\/#organization\",\"name\":\"La Villa Garden&Design\",\"url\":\"https:\\\/\\\/www.lavillagardendesign.com\\\/\",\"logo\":{\"@type\":\"ImageObject\",\"inLanguage\":\"es\",\"@id\":\"https:\\\/\\\/www.lavillagardendesign.com\\\/#\\\/schema\\\/logo\\\/image\\\/\",\"url\":\"https:\\\/\\\/www.lavillagardendesign.com\\\/wp-content\\\/uploads\\\/2024\\\/04\\\/logolavilla.png\",\"contentUrl\":\"https:\\\/\\\/www.lavillagardendesign.com\\\/wp-content\\\/uploads\\\/2024\\\/04\\\/logolavilla.png\",\"width\":682,\"height\":391,\"caption\":\"La Villa Garden&Design\"},\"image\":{\"@id\":\"https:\\\/\\\/www.lavillagardendesign.com\\\/#\\\/schema\\\/logo\\\/image\\\/\"},\"sameAs\":[\"https:\\\/\\\/www.facebook.com\\\/lavillagardendesign\\\/\"]}]}<\/script>\n<!-- \/ Yoast SEO plugin. -->","yoast_head_json":{"title":"Juego de jard\u00edn AMALFI Madera de acacia FSC y Spunpoly | Lujo","description":"Juego de exterior de 4 piezas AMALFI. Madera maciza de acacia FSC con efecto teca. Sof\u00e1 de 2 metros y cojines Spunpoly de primera calidad. Oferta exclusiva.","robots":{"index":"index","follow":"follow","max-snippet":"max-snippet:-1","max-image-preview":"max-image-preview:large","max-video-preview":"max-video-preview:-1"},"canonical":"https:\/\/www.lavillagardendesign.com\/es\/producto\/coleccion-amalfi-tumbona-de-4-plazas-de-madera-de-acacia-fsc-efecto-teca\/","og_locale":"es_ES","og_type":"article","og_title":"Juego de jard\u00edn AMALFI Madera de acacia FSC y Spunpoly | Lujo","og_description":"Juego de exterior de 4 piezas AMALFI. Madera maciza de acacia FSC con efecto teca. Sof\u00e1 de 2 metros y cojines Spunpoly de primera calidad. Oferta exclusiva.","og_url":"https:\/\/www.lavillagardendesign.com\/es\/producto\/coleccion-amalfi-tumbona-de-4-plazas-de-madera-de-acacia-fsc-efecto-teca\/","og_site_name":"La Villa Garden&amp;Design","article_publisher":"https:\/\/www.facebook.com\/lavillagardendesign\/","article_modified_time":"2026-02-10T12:24:00+00:00","og_image":[{"width":700,"height":800,"url":"https:\/\/www.lavillagardendesign.com\/wp-content\/uploads\/2026\/01\/Design-sans-titre-5.png","type":"image\/png"}],"twitter_card":"summary_large_image","schema":{"@context":"https:\/\/schema.org","@graph":[{"@type":"WebPage","@id":"https:\/\/www.lavillagardendesign.com\/es\/producto\/coleccion-amalfi-tumbona-de-4-plazas-de-madera-de-acacia-fsc-efecto-teca\/","url":"https:\/\/www.lavillagardendesign.com\/es\/producto\/coleccion-amalfi-tumbona-de-4-plazas-de-madera-de-acacia-fsc-efecto-teca\/","name":"Juego de jard\u00edn AMALFI Madera de acacia FSC y Spunpoly | Lujo","isPartOf":{"@id":"https:\/\/www.lavillagardendesign.com\/#website"},"primaryImageOfPage":{"@id":"https:\/\/www.lavillagardendesign.com\/es\/producto\/coleccion-amalfi-tumbona-de-4-plazas-de-madera-de-acacia-fsc-efecto-teca\/#primaryimage"},"image":{"@id":"https:\/\/www.lavillagardendesign.com\/es\/producto\/coleccion-amalfi-tumbona-de-4-plazas-de-madera-de-acacia-fsc-efecto-teca\/#primaryimage"},"thumbnailUrl":"https:\/\/www.lavillagardendesign.com\/wp-content\/uploads\/2026\/01\/Design-sans-titre-5.png","datePublished":"2026-01-29T10:01:36+00:00","dateModified":"2026-02-10T12:24:00+00:00","description":"Juego de exterior de 4 piezas AMALFI. Madera maciza de acacia FSC con efecto teca. Sof\u00e1 de 2 metros y cojines Spunpoly de primera calidad. Oferta exclusiva.","breadcrumb":{"@id":"https:\/\/www.lavillagardendesign.com\/es\/producto\/coleccion-amalfi-tumbona-de-4-plazas-de-madera-de-acacia-fsc-efecto-teca\/#breadcrumb"},"inLanguage":"es","potentialAction":[{"@type":"ReadAction","target":["https:\/\/www.lavillagardendesign.com\/es\/producto\/coleccion-amalfi-tumbona-de-4-plazas-de-madera-de-acacia-fsc-efecto-teca\/"]}]},{"@type":"ImageObject","inLanguage":"es","@id":"https:\/\/www.lavillagardendesign.com\/es\/producto\/coleccion-amalfi-tumbona-de-4-plazas-de-madera-de-acacia-fsc-efecto-teca\/#primaryimage","url":"https:\/\/www.lavillagardendesign.com\/wp-content\/uploads\/2026\/01\/Design-sans-titre-5.png","contentUrl":"https:\/\/www.lavillagardendesign.com\/wp-content\/uploads\/2026\/01\/Design-sans-titre-5.png","width":700,"height":800},{"@type":"BreadcrumbList","@id":"https:\/\/www.lavillagardendesign.com\/es\/producto\/coleccion-amalfi-tumbona-de-4-plazas-de-madera-de-acacia-fsc-efecto-teca\/#breadcrumb","itemListElement":[{"@type":"ListItem","position":1,"name":"Home","item":"https:\/\/www.lavillagardendesign.com\/"},{"@type":"ListItem","position":2,"name":"Tienda","item":"https:\/\/www.lavillagardendesign.com\/es\/tienda\/"},{"@type":"ListItem","position":3,"name":"COLECCI\u00d3N AMALFI &#8211; Tumbona de 4 plazas de madera de acacia FSC (efecto teca)"}]},{"@type":"WebSite","@id":"https:\/\/www.lavillagardendesign.com\/#website","url":"https:\/\/www.lavillagardendesign.com\/","name":"La Villa Garden&Design","description":"","publisher":{"@id":"https:\/\/www.lavillagardendesign.com\/#organization"},"potentialAction":[{"@type":"SearchAction","target":{"@type":"EntryPoint","urlTemplate":"https:\/\/www.lavillagardendesign.com\/?s={search_term_string}"},"query-input":{"@type":"PropertyValueSpecification","valueRequired":true,"valueName":"search_term_string"}}],"inLanguage":"es"},{"@type":"Organization","@id":"https:\/\/www.lavillagardendesign.com\/#organization","name":"La Villa Garden&Design","url":"https:\/\/www.lavillagardendesign.com\/","logo":{"@type":"ImageObject","inLanguage":"es","@id":"https:\/\/www.lavillagardendesign.com\/#\/schema\/logo\/image\/","url":"https:\/\/www.lavillagardendesign.com\/wp-content\/uploads\/2024\/04\/logolavilla.png","contentUrl":"https:\/\/www.lavillagardendesign.com\/wp-content\/uploads\/2024\/04\/logolavilla.png","width":682,"height":391,"caption":"La Villa Garden&Design"},"image":{"@id":"https:\/\/www.lavillagardendesign.com\/#\/schema\/logo\/image\/"},"sameAs":["https:\/\/www.facebook.com\/lavillagardendesign\/"]}]}},"_links":{"self":[{"href":"https:\/\/www.lavillagardendesign.com\/es\/wp-json\/wp\/v2\/product\/61230","targetHints":{"allow":["GET"]}}],"collection":[{"href":"https:\/\/www.lavillagardendesign.com\/es\/wp-json\/wp\/v2\/product"}],"about":[{"href":"https:\/\/www.lavillagardendesign.com\/es\/wp-json\/wp\/v2\/types\/product"}],"replies":[{"embeddable":true,"href":"https:\/\/www.lavillagardendesign.com\/es\/wp-json\/wp\/v2\/comments?post=61230"}],"version-history":[{"count":1,"href":"https:\/\/www.lavillagardendesign.com\/es\/wp-json\/wp\/v2\/product\/61230\/revisions"}],"predecessor-version":[{"id":61233,"href":"https:\/\/www.lavillagardendesign.com\/es\/wp-json\/wp\/v2\/product\/61230\/revisions\/61233"}],"wp:featuredmedia":[{"embeddable":true,"href":"https:\/\/www.lavillagardendesign.com\/es\/wp-json\/wp\/v2\/media\/61206"}],"wp:attachment":[{"href":"https:\/\/www.lavillagardendesign.com\/es\/wp-json\/wp\/v2\/media?parent=61230"}],"wp:term":[{"taxonomy":"product_brand","embeddable":true,"href":"https:\/\/www.lavillagardendesign.com\/es\/wp-json\/wp\/v2\/product_brand?post=61230"},{"taxonomy":"product_cat","embeddable":true,"href":"https:\/\/www.lavillagardendesign.com\/es\/wp-json\/wp\/v2\/product_cat?post=61230"},{"taxonomy":"product_tag","embeddable":true,"href":"https:\/\/www.lavillagardendesign.com\/es\/wp-json\/wp\/v2\/product_tag?post=61230"}],"curies":[{"name":"wp","href":"https:\/\/api.w.org\/{rel}","templated":true}]}}