{"id":61102,"date":"2026-01-28T19:53:27","date_gmt":"2026-01-28T18:53:27","guid":{"rendered":"https:\/\/www.lavillagardendesign.com\/product\/coleccion-st-lucie-tumbona-4-plazas\/"},"modified":"2026-02-10T14:38:02","modified_gmt":"2026-02-10T12:38:02","slug":"coleccion-st-lucie-tumbona-4-plazas","status":"publish","type":"product","link":"https:\/\/www.lavillagardendesign.com\/es\/producto\/coleccion-st-lucie-tumbona-4-plazas\/","title":{"rendered":"COLECCI\u00d3N ST LUCIE &#8211; Tumbona 4 plazas"},"content":{"rendered":"","protected":false},"excerpt":{"rendered":"<p>Eleva tu terraza con el sofisticado Conjunto de Tumbona de 4 Plazas de la colecci\u00f3n ST <span class=\"il\">LUCIE<\/span>. Este conjunto destaca por su exquisita combinaci\u00f3n de materiales de primera calidad: una robusta estructura de aluminio con recubrimiento de polvo de poli\u00e9ster en color Vapor (blanco roto) que integra <b>un trenzado artesanal de fibra sint\u00e9tica<\/b> (cuerda redonda de 3,5 mm) en los laterales y respaldos, a\u00f1adiendo textura y elegancia visual. El conjunto consta de un gran sof\u00e1 de 3 plazas (211 cm), dos amplios sillones y una mesa de centro rectangular. La comodidad absoluta est\u00e1 garantizada por los cojines desenfundables de tejido <b>Olefin<\/b> (100% polipropileno), un material hidr\u00f3fugo resistente a las manchas y los rayos UV. La mesa de centro combina la estructura de aluminio con una superficie de listones que emula la madera, proporcionando calidez con un mantenimiento nulo.    <\/p>\n<ul>\n<li><b>Sof\u00e1 de 3 plazas:<\/b> Largo 211,5 cm | Profundidad 80 cm | Altura 80,5 cm<\/li>\n<li><b>Sillones (x2):<\/b> Anchura 81,5 cm | Profundidad 80 cm | Altura 80,5 cm<\/li>\n<li><b>Mesa de centro:<\/b> Largo 110 cm | Ancho 65 cm | Alto 35 cm<\/li>\n<li><b>Altura del asiento:<\/b> 44 cm | <b>Altura del reposabrazos:<\/b> 60,5 cm<\/li>\n<\/ul>\n","protected":false},"featured_media":61053,"comment_status":"open","ping_status":"closed","template":"","meta":[],"product_brand":[4998],"product_cat":[3112,6833,5659,3113,3111],"product_tag":[],"class_list":{"0":"post-61102","1":"product","2":"type-product","3":"status-publish","4":"has-post-thumbnail","6":"product_brand-la-villa","7":"product_cat-butacas","8":"product_cat-outdoor-es","9":"product_cat-promociones-web","10":"product_cat-sofas-es","11":"product_cat-sofas-y-butacas","13":"first","14":"instock","15":"sale","16":"taxable","17":"shipping-taxable","18":"purchasable","19":"product-type-simple"},"yoast_head":"<!-- This site is optimized with the Yoast SEO plugin v27.4 - https:\/\/yoast.com\/product\/yoast-seo-wordpress\/ -->\n<title>ST LUCIE Conjunto de Sof\u00e1 de Jard\u00edn de Aluminio y Cuerda | Venta de Lujo<\/title>\n<meta name=\"description\" content=\"Conjunto de 4 piezas para exterior ST LUCIE. Sof\u00e1 y sillones de 211 cm de aluminio y fibra trenzada. Cojines de olefina hidr\u00f3fuga. Dise\u00f1o exclusivo\" \/>\n<meta name=\"robots\" content=\"index, follow, max-snippet:-1, max-image-preview:large, max-video-preview:-1\" \/>\n<link rel=\"canonical\" href=\"https:\/\/www.lavillagardendesign.com\/es\/producto\/coleccion-st-lucie-tumbona-4-plazas\/\" \/>\n<meta property=\"og:locale\" content=\"es_ES\" \/>\n<meta property=\"og:type\" content=\"article\" \/>\n<meta property=\"og:title\" content=\"ST LUCIE Conjunto de Sof\u00e1 de Jard\u00edn de Aluminio y Cuerda | Venta de Lujo\" \/>\n<meta property=\"og:description\" content=\"Conjunto de 4 piezas para exterior ST LUCIE. Sof\u00e1 y sillones de 211 cm de aluminio y fibra trenzada. Cojines de olefina hidr\u00f3fuga. Dise\u00f1o exclusivo\" \/>\n<meta property=\"og:url\" content=\"https:\/\/www.lavillagardendesign.com\/es\/producto\/coleccion-st-lucie-tumbona-4-plazas\/\" \/>\n<meta property=\"og:site_name\" content=\"La Villa Garden&amp;Design\" \/>\n<meta property=\"article:publisher\" content=\"https:\/\/www.facebook.com\/lavillagardendesign\/\" \/>\n<meta property=\"article:modified_time\" content=\"2026-02-10T12:38:02+00:00\" \/>\n<meta property=\"og:image\" content=\"https:\/\/www.lavillagardendesign.com\/wp-content\/uploads\/2026\/01\/Design-sans-titre-4.jpg\" \/>\n\t<meta property=\"og:image:width\" content=\"700\" \/>\n\t<meta property=\"og:image:height\" content=\"800\" \/>\n\t<meta property=\"og:image:type\" content=\"image\/jpeg\" \/>\n<meta name=\"twitter:card\" content=\"summary_large_image\" \/>\n<script type=\"application\/ld+json\" class=\"yoast-schema-graph\">{\"@context\":\"https:\\\/\\\/schema.org\",\"@graph\":[{\"@type\":\"WebPage\",\"@id\":\"https:\\\/\\\/www.lavillagardendesign.com\\\/es\\\/producto\\\/coleccion-st-lucie-tumbona-4-plazas\\\/\",\"url\":\"https:\\\/\\\/www.lavillagardendesign.com\\\/es\\\/producto\\\/coleccion-st-lucie-tumbona-4-plazas\\\/\",\"name\":\"ST LUCIE Conjunto de Sof\u00e1 de Jard\u00edn de Aluminio y Cuerda | Venta de Lujo\",\"isPartOf\":{\"@id\":\"https:\\\/\\\/www.lavillagardendesign.com\\\/#website\"},\"primaryImageOfPage\":{\"@id\":\"https:\\\/\\\/www.lavillagardendesign.com\\\/es\\\/producto\\\/coleccion-st-lucie-tumbona-4-plazas\\\/#primaryimage\"},\"image\":{\"@id\":\"https:\\\/\\\/www.lavillagardendesign.com\\\/es\\\/producto\\\/coleccion-st-lucie-tumbona-4-plazas\\\/#primaryimage\"},\"thumbnailUrl\":\"https:\\\/\\\/www.lavillagardendesign.com\\\/wp-content\\\/uploads\\\/2026\\\/01\\\/Design-sans-titre-4.jpg\",\"datePublished\":\"2026-01-28T18:53:27+00:00\",\"dateModified\":\"2026-02-10T12:38:02+00:00\",\"description\":\"Conjunto de 4 piezas para exterior ST LUCIE. Sof\u00e1 y sillones de 211 cm de aluminio y fibra trenzada. Cojines de olefina hidr\u00f3fuga. Dise\u00f1o exclusivo\",\"breadcrumb\":{\"@id\":\"https:\\\/\\\/www.lavillagardendesign.com\\\/es\\\/producto\\\/coleccion-st-lucie-tumbona-4-plazas\\\/#breadcrumb\"},\"inLanguage\":\"es\",\"potentialAction\":[{\"@type\":\"ReadAction\",\"target\":[\"https:\\\/\\\/www.lavillagardendesign.com\\\/es\\\/producto\\\/coleccion-st-lucie-tumbona-4-plazas\\\/\"]}]},{\"@type\":\"ImageObject\",\"inLanguage\":\"es\",\"@id\":\"https:\\\/\\\/www.lavillagardendesign.com\\\/es\\\/producto\\\/coleccion-st-lucie-tumbona-4-plazas\\\/#primaryimage\",\"url\":\"https:\\\/\\\/www.lavillagardendesign.com\\\/wp-content\\\/uploads\\\/2026\\\/01\\\/Design-sans-titre-4.jpg\",\"contentUrl\":\"https:\\\/\\\/www.lavillagardendesign.com\\\/wp-content\\\/uploads\\\/2026\\\/01\\\/Design-sans-titre-4.jpg\",\"width\":700,\"height\":800},{\"@type\":\"BreadcrumbList\",\"@id\":\"https:\\\/\\\/www.lavillagardendesign.com\\\/es\\\/producto\\\/coleccion-st-lucie-tumbona-4-plazas\\\/#breadcrumb\",\"itemListElement\":[{\"@type\":\"ListItem\",\"position\":1,\"name\":\"Home\",\"item\":\"https:\\\/\\\/www.lavillagardendesign.com\\\/\"},{\"@type\":\"ListItem\",\"position\":2,\"name\":\"Tienda\",\"item\":\"https:\\\/\\\/www.lavillagardendesign.com\\\/es\\\/tienda\\\/\"},{\"@type\":\"ListItem\",\"position\":3,\"name\":\"COLECCI\u00d3N ST LUCIE &#8211; Tumbona 4 plazas\"}]},{\"@type\":\"WebSite\",\"@id\":\"https:\\\/\\\/www.lavillagardendesign.com\\\/#website\",\"url\":\"https:\\\/\\\/www.lavillagardendesign.com\\\/\",\"name\":\"La Villa Garden&Design\",\"description\":\"\",\"publisher\":{\"@id\":\"https:\\\/\\\/www.lavillagardendesign.com\\\/#organization\"},\"potentialAction\":[{\"@type\":\"SearchAction\",\"target\":{\"@type\":\"EntryPoint\",\"urlTemplate\":\"https:\\\/\\\/www.lavillagardendesign.com\\\/?s={search_term_string}\"},\"query-input\":{\"@type\":\"PropertyValueSpecification\",\"valueRequired\":true,\"valueName\":\"search_term_string\"}}],\"inLanguage\":\"es\"},{\"@type\":\"Organization\",\"@id\":\"https:\\\/\\\/www.lavillagardendesign.com\\\/#organization\",\"name\":\"La Villa Garden&Design\",\"url\":\"https:\\\/\\\/www.lavillagardendesign.com\\\/\",\"logo\":{\"@type\":\"ImageObject\",\"inLanguage\":\"es\",\"@id\":\"https:\\\/\\\/www.lavillagardendesign.com\\\/#\\\/schema\\\/logo\\\/image\\\/\",\"url\":\"https:\\\/\\\/www.lavillagardendesign.com\\\/wp-content\\\/uploads\\\/2024\\\/04\\\/logolavilla.png\",\"contentUrl\":\"https:\\\/\\\/www.lavillagardendesign.com\\\/wp-content\\\/uploads\\\/2024\\\/04\\\/logolavilla.png\",\"width\":682,\"height\":391,\"caption\":\"La Villa Garden&Design\"},\"image\":{\"@id\":\"https:\\\/\\\/www.lavillagardendesign.com\\\/#\\\/schema\\\/logo\\\/image\\\/\"},\"sameAs\":[\"https:\\\/\\\/www.facebook.com\\\/lavillagardendesign\\\/\"]}]}<\/script>\n<!-- \/ Yoast SEO plugin. -->","yoast_head_json":{"title":"ST LUCIE Conjunto de Sof\u00e1 de Jard\u00edn de Aluminio y Cuerda | Venta de Lujo","description":"Conjunto de 4 piezas para exterior ST LUCIE. Sof\u00e1 y sillones de 211 cm de aluminio y fibra trenzada. Cojines de olefina hidr\u00f3fuga. Dise\u00f1o exclusivo","robots":{"index":"index","follow":"follow","max-snippet":"max-snippet:-1","max-image-preview":"max-image-preview:large","max-video-preview":"max-video-preview:-1"},"canonical":"https:\/\/www.lavillagardendesign.com\/es\/producto\/coleccion-st-lucie-tumbona-4-plazas\/","og_locale":"es_ES","og_type":"article","og_title":"ST LUCIE Conjunto de Sof\u00e1 de Jard\u00edn de Aluminio y Cuerda | Venta de Lujo","og_description":"Conjunto de 4 piezas para exterior ST LUCIE. Sof\u00e1 y sillones de 211 cm de aluminio y fibra trenzada. Cojines de olefina hidr\u00f3fuga. Dise\u00f1o exclusivo","og_url":"https:\/\/www.lavillagardendesign.com\/es\/producto\/coleccion-st-lucie-tumbona-4-plazas\/","og_site_name":"La Villa Garden&amp;Design","article_publisher":"https:\/\/www.facebook.com\/lavillagardendesign\/","article_modified_time":"2026-02-10T12:38:02+00:00","og_image":[{"width":700,"height":800,"url":"https:\/\/www.lavillagardendesign.com\/wp-content\/uploads\/2026\/01\/Design-sans-titre-4.jpg","type":"image\/jpeg"}],"twitter_card":"summary_large_image","schema":{"@context":"https:\/\/schema.org","@graph":[{"@type":"WebPage","@id":"https:\/\/www.lavillagardendesign.com\/es\/producto\/coleccion-st-lucie-tumbona-4-plazas\/","url":"https:\/\/www.lavillagardendesign.com\/es\/producto\/coleccion-st-lucie-tumbona-4-plazas\/","name":"ST LUCIE Conjunto de Sof\u00e1 de Jard\u00edn de Aluminio y Cuerda | Venta de Lujo","isPartOf":{"@id":"https:\/\/www.lavillagardendesign.com\/#website"},"primaryImageOfPage":{"@id":"https:\/\/www.lavillagardendesign.com\/es\/producto\/coleccion-st-lucie-tumbona-4-plazas\/#primaryimage"},"image":{"@id":"https:\/\/www.lavillagardendesign.com\/es\/producto\/coleccion-st-lucie-tumbona-4-plazas\/#primaryimage"},"thumbnailUrl":"https:\/\/www.lavillagardendesign.com\/wp-content\/uploads\/2026\/01\/Design-sans-titre-4.jpg","datePublished":"2026-01-28T18:53:27+00:00","dateModified":"2026-02-10T12:38:02+00:00","description":"Conjunto de 4 piezas para exterior ST LUCIE. Sof\u00e1 y sillones de 211 cm de aluminio y fibra trenzada. Cojines de olefina hidr\u00f3fuga. Dise\u00f1o exclusivo","breadcrumb":{"@id":"https:\/\/www.lavillagardendesign.com\/es\/producto\/coleccion-st-lucie-tumbona-4-plazas\/#breadcrumb"},"inLanguage":"es","potentialAction":[{"@type":"ReadAction","target":["https:\/\/www.lavillagardendesign.com\/es\/producto\/coleccion-st-lucie-tumbona-4-plazas\/"]}]},{"@type":"ImageObject","inLanguage":"es","@id":"https:\/\/www.lavillagardendesign.com\/es\/producto\/coleccion-st-lucie-tumbona-4-plazas\/#primaryimage","url":"https:\/\/www.lavillagardendesign.com\/wp-content\/uploads\/2026\/01\/Design-sans-titre-4.jpg","contentUrl":"https:\/\/www.lavillagardendesign.com\/wp-content\/uploads\/2026\/01\/Design-sans-titre-4.jpg","width":700,"height":800},{"@type":"BreadcrumbList","@id":"https:\/\/www.lavillagardendesign.com\/es\/producto\/coleccion-st-lucie-tumbona-4-plazas\/#breadcrumb","itemListElement":[{"@type":"ListItem","position":1,"name":"Home","item":"https:\/\/www.lavillagardendesign.com\/"},{"@type":"ListItem","position":2,"name":"Tienda","item":"https:\/\/www.lavillagardendesign.com\/es\/tienda\/"},{"@type":"ListItem","position":3,"name":"COLECCI\u00d3N ST LUCIE &#8211; Tumbona 4 plazas"}]},{"@type":"WebSite","@id":"https:\/\/www.lavillagardendesign.com\/#website","url":"https:\/\/www.lavillagardendesign.com\/","name":"La Villa Garden&Design","description":"","publisher":{"@id":"https:\/\/www.lavillagardendesign.com\/#organization"},"potentialAction":[{"@type":"SearchAction","target":{"@type":"EntryPoint","urlTemplate":"https:\/\/www.lavillagardendesign.com\/?s={search_term_string}"},"query-input":{"@type":"PropertyValueSpecification","valueRequired":true,"valueName":"search_term_string"}}],"inLanguage":"es"},{"@type":"Organization","@id":"https:\/\/www.lavillagardendesign.com\/#organization","name":"La Villa Garden&Design","url":"https:\/\/www.lavillagardendesign.com\/","logo":{"@type":"ImageObject","inLanguage":"es","@id":"https:\/\/www.lavillagardendesign.com\/#\/schema\/logo\/image\/","url":"https:\/\/www.lavillagardendesign.com\/wp-content\/uploads\/2024\/04\/logolavilla.png","contentUrl":"https:\/\/www.lavillagardendesign.com\/wp-content\/uploads\/2024\/04\/logolavilla.png","width":682,"height":391,"caption":"La Villa Garden&Design"},"image":{"@id":"https:\/\/www.lavillagardendesign.com\/#\/schema\/logo\/image\/"},"sameAs":["https:\/\/www.facebook.com\/lavillagardendesign\/"]}]}},"_links":{"self":[{"href":"https:\/\/www.lavillagardendesign.com\/es\/wp-json\/wp\/v2\/product\/61102","targetHints":{"allow":["GET"]}}],"collection":[{"href":"https:\/\/www.lavillagardendesign.com\/es\/wp-json\/wp\/v2\/product"}],"about":[{"href":"https:\/\/www.lavillagardendesign.com\/es\/wp-json\/wp\/v2\/types\/product"}],"replies":[{"embeddable":true,"href":"https:\/\/www.lavillagardendesign.com\/es\/wp-json\/wp\/v2\/comments?post=61102"}],"version-history":[{"count":1,"href":"https:\/\/www.lavillagardendesign.com\/es\/wp-json\/wp\/v2\/product\/61102\/revisions"}],"predecessor-version":[{"id":62146,"href":"https:\/\/www.lavillagardendesign.com\/es\/wp-json\/wp\/v2\/product\/61102\/revisions\/62146"}],"wp:featuredmedia":[{"embeddable":true,"href":"https:\/\/www.lavillagardendesign.com\/es\/wp-json\/wp\/v2\/media\/61053"}],"wp:attachment":[{"href":"https:\/\/www.lavillagardendesign.com\/es\/wp-json\/wp\/v2\/media?parent=61102"}],"wp:term":[{"taxonomy":"product_brand","embeddable":true,"href":"https:\/\/www.lavillagardendesign.com\/es\/wp-json\/wp\/v2\/product_brand?post=61102"},{"taxonomy":"product_cat","embeddable":true,"href":"https:\/\/www.lavillagardendesign.com\/es\/wp-json\/wp\/v2\/product_cat?post=61102"},{"taxonomy":"product_tag","embeddable":true,"href":"https:\/\/www.lavillagardendesign.com\/es\/wp-json\/wp\/v2\/product_tag?post=61102"}],"curies":[{"name":"wp","href":"https:\/\/api.w.org\/{rel}","templated":true}]}}