{"id":61023,"date":"2026-01-28T19:19:43","date_gmt":"2026-01-28T18:19:43","guid":{"rendered":"https:\/\/www.lavillagardendesign.com\/product\/itali-collection-juego-de-4-tumbonas-roma\/"},"modified":"2026-02-10T14:37:47","modified_gmt":"2026-02-10T12:37:47","slug":"itali-collection-juego-de-4-tumbonas-roma","status":"publish","type":"product","link":"https:\/\/www.lavillagardendesign.com\/es\/producto\/itali-collection-juego-de-4-tumbonas-roma\/","title":{"rendered":"ITALI COLLECTION &#8211; Juego de 4 tumbonas ROMA"},"content":{"rendered":"","protected":false},"excerpt":{"rendered":"<p>La pureza hecha mueble. El Conjunto de Tumbona ROMA de la Colecci\u00f3n <span class=\"il\">ITALI<\/span> es una oda al dise\u00f1o contempor\u00e1neo, donde la elegancia reside en la simplicidad de las formas. Su estructura est\u00e1 construida \u00edntegramente en <b>aluminio con recubrimiento de polvo<\/b> en un sofisticado tono <b>Gris Claro<\/b>, que aporta una est\u00e9tica ligera, luminosa y moderna a cualquier terraza. Dise\u00f1ado para espacios amplios, el sof\u00e1 de 3 plazas destaca por su longitud de <b>219 cm<\/b>, que ofrece una generosa zona de descanso. El confort es excepcional gracias a sus gruesos cojines desenfundables en tejido <b>Olefin<\/b> (100% polipropileno), hidr\u00f3fugo y resistente al sol. Incluye una mesa de centro rectangular de l\u00edneas arquitect\u00f3nicas y <b>patas regulables<\/b> para una estabilidad total.     <\/p>\n<ul>\n<li><b>1x Sof\u00e1 de 3 plazas:<\/b> Largo 219 cm | Profundidad 80 cm | Altura 78 cm<\/li>\n<li><b>2x Sillones:<\/b> Anchura 89 cm | Profundidad 80 cm | Altura 78 cm<\/li>\n<li><b>1x Mesa de centro:<\/b> Largo 130 cm | Ancho 70 cm | Alto 36 cm<\/li>\n<li><b>Altura:<\/b> Asiento 40 cm | Reposabrazos 65 cm<\/li>\n<\/ul>\n","protected":false},"featured_media":60958,"comment_status":"open","ping_status":"closed","template":"","meta":[],"product_brand":[4998],"product_cat":[6833,3111,3113,3112,6836,5659],"product_tag":[],"class_list":{"0":"post-61023","1":"product","2":"type-product","3":"status-publish","4":"has-post-thumbnail","6":"product_brand-la-villa","7":"product_cat-outdoor-es","8":"product_cat-sofas-y-butacas","9":"product_cat-sofas-es","10":"product_cat-butacas","11":"product_cat-packs-sofas","12":"product_cat-promociones-web","14":"first","15":"instock","16":"sale","17":"taxable","18":"shipping-taxable","19":"purchasable","20":"product-type-simple"},"yoast_head":"<!-- This site is optimized with the Yoast SEO plugin v27.1.1 - https:\/\/yoast.com\/product\/yoast-seo-wordpress\/ -->\n<title>ROMA Conjunto de Tumbona de Jard\u00edn Aluminio Gris Claro | La Villa Garden<\/title>\n<meta name=\"description\" content=\"Conjunto de sof\u00e1s de exterior de 4 piezas ROMA (Colecci\u00f3n ITALI). Dise\u00f1o minimalista en aluminio Gris Claro y cojines de Olefina de alta gama. Oferta 3.990 \u20ac.\" \/>\n<meta name=\"robots\" content=\"index, follow, max-snippet:-1, max-image-preview:large, max-video-preview:-1\" \/>\n<link rel=\"canonical\" href=\"https:\/\/www.lavillagardendesign.com\/es\/producto\/itali-collection-juego-de-4-tumbonas-roma\/\" \/>\n<meta property=\"og:locale\" content=\"es_ES\" \/>\n<meta property=\"og:type\" content=\"article\" \/>\n<meta property=\"og:title\" content=\"ROMA Conjunto de Tumbona de Jard\u00edn Aluminio Gris Claro | La Villa Garden\" \/>\n<meta property=\"og:description\" content=\"Conjunto de sof\u00e1s de exterior de 4 piezas ROMA (Colecci\u00f3n ITALI). Dise\u00f1o minimalista en aluminio Gris Claro y cojines de Olefina de alta gama. Oferta 3.990 \u20ac.\" \/>\n<meta property=\"og:url\" content=\"https:\/\/www.lavillagardendesign.com\/es\/producto\/itali-collection-juego-de-4-tumbonas-roma\/\" \/>\n<meta property=\"og:site_name\" content=\"La Villa Garden&amp;Design\" \/>\n<meta property=\"article:publisher\" content=\"https:\/\/www.facebook.com\/lavillagardendesign\/\" \/>\n<meta property=\"article:modified_time\" content=\"2026-02-10T12:37:47+00:00\" \/>\n<meta property=\"og:image\" content=\"https:\/\/www.lavillagardendesign.com\/wp-content\/uploads\/2026\/01\/Design-sans-titre-2-2.jpg\" \/>\n\t<meta property=\"og:image:width\" content=\"700\" \/>\n\t<meta property=\"og:image:height\" content=\"800\" \/>\n\t<meta property=\"og:image:type\" content=\"image\/jpeg\" \/>\n<meta name=\"twitter:card\" content=\"summary_large_image\" \/>\n<script type=\"application\/ld+json\" class=\"yoast-schema-graph\">{\"@context\":\"https:\/\/schema.org\",\"@graph\":[{\"@type\":\"WebPage\",\"@id\":\"https:\/\/www.lavillagardendesign.com\/es\/producto\/itali-collection-juego-de-4-tumbonas-roma\/\",\"url\":\"https:\/\/www.lavillagardendesign.com\/es\/producto\/itali-collection-juego-de-4-tumbonas-roma\/\",\"name\":\"ROMA Conjunto de Tumbona de Jard\u00edn Aluminio Gris Claro | La Villa Garden\",\"isPartOf\":{\"@id\":\"https:\/\/www.lavillagardendesign.com\/#website\"},\"primaryImageOfPage\":{\"@id\":\"https:\/\/www.lavillagardendesign.com\/es\/producto\/itali-collection-juego-de-4-tumbonas-roma\/#primaryimage\"},\"image\":{\"@id\":\"https:\/\/www.lavillagardendesign.com\/es\/producto\/itali-collection-juego-de-4-tumbonas-roma\/#primaryimage\"},\"thumbnailUrl\":\"https:\/\/www.lavillagardendesign.com\/wp-content\/uploads\/2026\/01\/Design-sans-titre-2-2.jpg\",\"datePublished\":\"2026-01-28T18:19:43+00:00\",\"dateModified\":\"2026-02-10T12:37:47+00:00\",\"description\":\"Conjunto de sof\u00e1s de exterior de 4 piezas ROMA (Colecci\u00f3n ITALI). Dise\u00f1o minimalista en aluminio Gris Claro y cojines de Olefina de alta gama. Oferta 3.990 \u20ac.\",\"breadcrumb\":{\"@id\":\"https:\/\/www.lavillagardendesign.com\/es\/producto\/itali-collection-juego-de-4-tumbonas-roma\/#breadcrumb\"},\"inLanguage\":\"es\",\"potentialAction\":[{\"@type\":\"ReadAction\",\"target\":[\"https:\/\/www.lavillagardendesign.com\/es\/producto\/itali-collection-juego-de-4-tumbonas-roma\/\"]}]},{\"@type\":\"ImageObject\",\"inLanguage\":\"es\",\"@id\":\"https:\/\/www.lavillagardendesign.com\/es\/producto\/itali-collection-juego-de-4-tumbonas-roma\/#primaryimage\",\"url\":\"https:\/\/www.lavillagardendesign.com\/wp-content\/uploads\/2026\/01\/Design-sans-titre-2-2.jpg\",\"contentUrl\":\"https:\/\/www.lavillagardendesign.com\/wp-content\/uploads\/2026\/01\/Design-sans-titre-2-2.jpg\",\"width\":700,\"height\":800},{\"@type\":\"BreadcrumbList\",\"@id\":\"https:\/\/www.lavillagardendesign.com\/es\/producto\/itali-collection-juego-de-4-tumbonas-roma\/#breadcrumb\",\"itemListElement\":[{\"@type\":\"ListItem\",\"position\":1,\"name\":\"Home\",\"item\":\"https:\/\/www.lavillagardendesign.com\/\"},{\"@type\":\"ListItem\",\"position\":2,\"name\":\"Tienda\",\"item\":\"https:\/\/www.lavillagardendesign.com\/es\/tienda\/\"},{\"@type\":\"ListItem\",\"position\":3,\"name\":\"ITALI COLLECTION &#8211; Juego de 4 tumbonas ROMA\"}]},{\"@type\":\"WebSite\",\"@id\":\"https:\/\/www.lavillagardendesign.com\/#website\",\"url\":\"https:\/\/www.lavillagardendesign.com\/\",\"name\":\"La Villa Garden&Design\",\"description\":\"\",\"publisher\":{\"@id\":\"https:\/\/www.lavillagardendesign.com\/#organization\"},\"potentialAction\":[{\"@type\":\"SearchAction\",\"target\":{\"@type\":\"EntryPoint\",\"urlTemplate\":\"https:\/\/www.lavillagardendesign.com\/?s={search_term_string}\"},\"query-input\":{\"@type\":\"PropertyValueSpecification\",\"valueRequired\":true,\"valueName\":\"search_term_string\"}}],\"inLanguage\":\"es\"},{\"@type\":\"Organization\",\"@id\":\"https:\/\/www.lavillagardendesign.com\/#organization\",\"name\":\"La Villa Garden&Design\",\"url\":\"https:\/\/www.lavillagardendesign.com\/\",\"logo\":{\"@type\":\"ImageObject\",\"inLanguage\":\"es\",\"@id\":\"https:\/\/www.lavillagardendesign.com\/#\/schema\/logo\/image\/\",\"url\":\"https:\/\/www.lavillagardendesign.com\/wp-content\/uploads\/2024\/04\/logolavilla.png\",\"contentUrl\":\"https:\/\/www.lavillagardendesign.com\/wp-content\/uploads\/2024\/04\/logolavilla.png\",\"width\":682,\"height\":391,\"caption\":\"La Villa Garden&Design\"},\"image\":{\"@id\":\"https:\/\/www.lavillagardendesign.com\/#\/schema\/logo\/image\/\"},\"sameAs\":[\"https:\/\/www.facebook.com\/lavillagardendesign\/\"]}]}<\/script>\n<!-- \/ Yoast SEO plugin. -->","yoast_head_json":{"title":"ROMA Conjunto de Tumbona de Jard\u00edn Aluminio Gris Claro | La Villa Garden","description":"Conjunto de sof\u00e1s de exterior de 4 piezas ROMA (Colecci\u00f3n ITALI). Dise\u00f1o minimalista en aluminio Gris Claro y cojines de Olefina de alta gama. Oferta 3.990 \u20ac.","robots":{"index":"index","follow":"follow","max-snippet":"max-snippet:-1","max-image-preview":"max-image-preview:large","max-video-preview":"max-video-preview:-1"},"canonical":"https:\/\/www.lavillagardendesign.com\/es\/producto\/itali-collection-juego-de-4-tumbonas-roma\/","og_locale":"es_ES","og_type":"article","og_title":"ROMA Conjunto de Tumbona de Jard\u00edn Aluminio Gris Claro | La Villa Garden","og_description":"Conjunto de sof\u00e1s de exterior de 4 piezas ROMA (Colecci\u00f3n ITALI). Dise\u00f1o minimalista en aluminio Gris Claro y cojines de Olefina de alta gama. Oferta 3.990 \u20ac.","og_url":"https:\/\/www.lavillagardendesign.com\/es\/producto\/itali-collection-juego-de-4-tumbonas-roma\/","og_site_name":"La Villa Garden&amp;Design","article_publisher":"https:\/\/www.facebook.com\/lavillagardendesign\/","article_modified_time":"2026-02-10T12:37:47+00:00","og_image":[{"width":700,"height":800,"url":"https:\/\/www.lavillagardendesign.com\/wp-content\/uploads\/2026\/01\/Design-sans-titre-2-2.jpg","type":"image\/jpeg"}],"twitter_card":"summary_large_image","schema":{"@context":"https:\/\/schema.org","@graph":[{"@type":"WebPage","@id":"https:\/\/www.lavillagardendesign.com\/es\/producto\/itali-collection-juego-de-4-tumbonas-roma\/","url":"https:\/\/www.lavillagardendesign.com\/es\/producto\/itali-collection-juego-de-4-tumbonas-roma\/","name":"ROMA Conjunto de Tumbona de Jard\u00edn Aluminio Gris Claro | La Villa Garden","isPartOf":{"@id":"https:\/\/www.lavillagardendesign.com\/#website"},"primaryImageOfPage":{"@id":"https:\/\/www.lavillagardendesign.com\/es\/producto\/itali-collection-juego-de-4-tumbonas-roma\/#primaryimage"},"image":{"@id":"https:\/\/www.lavillagardendesign.com\/es\/producto\/itali-collection-juego-de-4-tumbonas-roma\/#primaryimage"},"thumbnailUrl":"https:\/\/www.lavillagardendesign.com\/wp-content\/uploads\/2026\/01\/Design-sans-titre-2-2.jpg","datePublished":"2026-01-28T18:19:43+00:00","dateModified":"2026-02-10T12:37:47+00:00","description":"Conjunto de sof\u00e1s de exterior de 4 piezas ROMA (Colecci\u00f3n ITALI). Dise\u00f1o minimalista en aluminio Gris Claro y cojines de Olefina de alta gama. Oferta 3.990 \u20ac.","breadcrumb":{"@id":"https:\/\/www.lavillagardendesign.com\/es\/producto\/itali-collection-juego-de-4-tumbonas-roma\/#breadcrumb"},"inLanguage":"es","potentialAction":[{"@type":"ReadAction","target":["https:\/\/www.lavillagardendesign.com\/es\/producto\/itali-collection-juego-de-4-tumbonas-roma\/"]}]},{"@type":"ImageObject","inLanguage":"es","@id":"https:\/\/www.lavillagardendesign.com\/es\/producto\/itali-collection-juego-de-4-tumbonas-roma\/#primaryimage","url":"https:\/\/www.lavillagardendesign.com\/wp-content\/uploads\/2026\/01\/Design-sans-titre-2-2.jpg","contentUrl":"https:\/\/www.lavillagardendesign.com\/wp-content\/uploads\/2026\/01\/Design-sans-titre-2-2.jpg","width":700,"height":800},{"@type":"BreadcrumbList","@id":"https:\/\/www.lavillagardendesign.com\/es\/producto\/itali-collection-juego-de-4-tumbonas-roma\/#breadcrumb","itemListElement":[{"@type":"ListItem","position":1,"name":"Home","item":"https:\/\/www.lavillagardendesign.com\/"},{"@type":"ListItem","position":2,"name":"Tienda","item":"https:\/\/www.lavillagardendesign.com\/es\/tienda\/"},{"@type":"ListItem","position":3,"name":"ITALI COLLECTION &#8211; Juego de 4 tumbonas ROMA"}]},{"@type":"WebSite","@id":"https:\/\/www.lavillagardendesign.com\/#website","url":"https:\/\/www.lavillagardendesign.com\/","name":"La Villa Garden&Design","description":"","publisher":{"@id":"https:\/\/www.lavillagardendesign.com\/#organization"},"potentialAction":[{"@type":"SearchAction","target":{"@type":"EntryPoint","urlTemplate":"https:\/\/www.lavillagardendesign.com\/?s={search_term_string}"},"query-input":{"@type":"PropertyValueSpecification","valueRequired":true,"valueName":"search_term_string"}}],"inLanguage":"es"},{"@type":"Organization","@id":"https:\/\/www.lavillagardendesign.com\/#organization","name":"La Villa Garden&Design","url":"https:\/\/www.lavillagardendesign.com\/","logo":{"@type":"ImageObject","inLanguage":"es","@id":"https:\/\/www.lavillagardendesign.com\/#\/schema\/logo\/image\/","url":"https:\/\/www.lavillagardendesign.com\/wp-content\/uploads\/2024\/04\/logolavilla.png","contentUrl":"https:\/\/www.lavillagardendesign.com\/wp-content\/uploads\/2024\/04\/logolavilla.png","width":682,"height":391,"caption":"La Villa Garden&Design"},"image":{"@id":"https:\/\/www.lavillagardendesign.com\/#\/schema\/logo\/image\/"},"sameAs":["https:\/\/www.facebook.com\/lavillagardendesign\/"]}]}},"_links":{"self":[{"href":"https:\/\/www.lavillagardendesign.com\/es\/wp-json\/wp\/v2\/product\/61023","targetHints":{"allow":["GET"]}}],"collection":[{"href":"https:\/\/www.lavillagardendesign.com\/es\/wp-json\/wp\/v2\/product"}],"about":[{"href":"https:\/\/www.lavillagardendesign.com\/es\/wp-json\/wp\/v2\/types\/product"}],"replies":[{"embeddable":true,"href":"https:\/\/www.lavillagardendesign.com\/es\/wp-json\/wp\/v2\/comments?post=61023"}],"version-history":[{"count":1,"href":"https:\/\/www.lavillagardendesign.com\/es\/wp-json\/wp\/v2\/product\/61023\/revisions"}],"predecessor-version":[{"id":62139,"href":"https:\/\/www.lavillagardendesign.com\/es\/wp-json\/wp\/v2\/product\/61023\/revisions\/62139"}],"wp:featuredmedia":[{"embeddable":true,"href":"https:\/\/www.lavillagardendesign.com\/es\/wp-json\/wp\/v2\/media\/60958"}],"wp:attachment":[{"href":"https:\/\/www.lavillagardendesign.com\/es\/wp-json\/wp\/v2\/media?parent=61023"}],"wp:term":[{"taxonomy":"product_brand","embeddable":true,"href":"https:\/\/www.lavillagardendesign.com\/es\/wp-json\/wp\/v2\/product_brand?post=61023"},{"taxonomy":"product_cat","embeddable":true,"href":"https:\/\/www.lavillagardendesign.com\/es\/wp-json\/wp\/v2\/product_cat?post=61023"},{"taxonomy":"product_tag","embeddable":true,"href":"https:\/\/www.lavillagardendesign.com\/es\/wp-json\/wp\/v2\/product_tag?post=61023"}],"curies":[{"name":"wp","href":"https:\/\/api.w.org\/{rel}","templated":true}]}}