{"id":61022,"date":"2026-01-28T18:11:56","date_gmt":"2026-01-28T17:11:56","guid":{"rendered":"https:\/\/www.lavillagardendesign.com\/product\/itali-collection-juego-de-salon-de-5-piezas-niva\/"},"modified":"2026-02-10T14:38:24","modified_gmt":"2026-02-10T12:38:24","slug":"itali-collection-juego-de-salon-de-5-piezas-niva","status":"publish","type":"product","link":"https:\/\/www.lavillagardendesign.com\/es\/producto\/itali-collection-juego-de-salon-de-5-piezas-niva\/","title":{"rendered":"ITALI COLLECTION &#8211; Juego de sal\u00f3n de 5 piezas NIVA"},"content":{"rendered":"","protected":false},"excerpt":{"rendered":"<p>Inyecta frescura y estilo contempor\u00e1neo a tu terraza con el Conjunto de Tumbonas NIVA. Este completo conjunto <b>de 5 piezas<\/b> est\u00e1 dise\u00f1ado para durar y destacar: la estructura del asiento combina un cuerpo de <b>polipropileno (PP)<\/b> en el moderno color <b>Verde Salvia<\/b>, resistente a los rayos UV, con estilizadas patas de acero. La durabilidad est\u00e1 garantizada gracias al tratamiento <b>E-Coating<\/b> y al recubrimiento en polvo del acero, que lo protege contra la oxidaci\u00f3n. El confort lo proporcionan los cojines hidr\u00f3fugos extra\u00edbles. El conjunto se completa con <b>dos mesas de centro redondas de diferentes alturas y di\u00e1metros (\u00d865 y \u00d851 cm)<\/b>, que a\u00f1aden dinamismo y funcionalidad al centro de reuni\u00f3n.    <\/p>\n<ul>\n<li><b>1x Sof\u00e1 de 2 plazas:<\/b> Largo 121 cm | Profundidad 64 cm | Altura 68 cm<\/li>\n<li><b>2x Sillones:<\/b> Anchura 77 cm | Profundidad 64 cm | Altura 68 cm<\/li>\n<li><b>1x Mesa de centro grande:<\/b> Di\u00e1metro \u00d865 cm | Altura 45 cm<\/li>\n<li><b>1x Mesa de centro peque\u00f1a:<\/b> Di\u00e1metro \u00d851 cm | Altura 40 cm<\/li>\n<li><b>Altura del asiento:<\/b> 31,5 cm (Estructura) + Coj\u00edn.<\/li>\n<\/ul>\n","protected":false},"featured_media":60864,"comment_status":"open","ping_status":"closed","template":"","meta":[],"product_brand":[4998],"product_cat":[3112,6833,6836,5659,3113,3111],"product_tag":[],"class_list":{"0":"post-61022","1":"product","2":"type-product","3":"status-publish","4":"has-post-thumbnail","6":"product_brand-la-villa","7":"product_cat-butacas","8":"product_cat-outdoor-es","9":"product_cat-packs-sofas","10":"product_cat-promociones-web","11":"product_cat-sofas-es","12":"product_cat-sofas-y-butacas","14":"first","15":"instock","16":"sale","17":"taxable","18":"shipping-taxable","19":"purchasable","20":"product-type-simple"},"yoast_head":"<!-- This site is optimized with the Yoast SEO plugin v27.4 - https:\/\/yoast.com\/product\/yoast-seo-wordpress\/ -->\n<title>NIVA Set de Jard\u00edn de 5 Piezas Verde Salvia y Acero | La Villa Garden<\/title>\n<meta name=\"description\" content=\"Conjunto de sal\u00f3n para exterior NIVA (Colecci\u00f3n ITALI). Sof\u00e1, 2 sillones y 2 mesas redondas en verde salvia. Polipropileno y acero E-Coating. Oferta 990 \u20ac.\" \/>\n<meta name=\"robots\" content=\"index, follow, max-snippet:-1, max-image-preview:large, max-video-preview:-1\" \/>\n<link rel=\"canonical\" href=\"https:\/\/www.lavillagardendesign.com\/es\/producto\/itali-collection-juego-de-salon-de-5-piezas-niva\/\" \/>\n<meta property=\"og:locale\" content=\"es_ES\" \/>\n<meta property=\"og:type\" content=\"article\" \/>\n<meta property=\"og:title\" content=\"NIVA Set de Jard\u00edn de 5 Piezas Verde Salvia y Acero | La Villa Garden\" \/>\n<meta property=\"og:description\" content=\"Conjunto de sal\u00f3n para exterior NIVA (Colecci\u00f3n ITALI). Sof\u00e1, 2 sillones y 2 mesas redondas en verde salvia. Polipropileno y acero E-Coating. Oferta 990 \u20ac.\" \/>\n<meta property=\"og:url\" content=\"https:\/\/www.lavillagardendesign.com\/es\/producto\/itali-collection-juego-de-salon-de-5-piezas-niva\/\" \/>\n<meta property=\"og:site_name\" content=\"La Villa Garden&amp;Design\" \/>\n<meta property=\"article:publisher\" content=\"https:\/\/www.facebook.com\/lavillagardendesign\/\" \/>\n<meta property=\"article:modified_time\" content=\"2026-02-10T12:38:24+00:00\" \/>\n<meta property=\"og:image\" content=\"https:\/\/www.lavillagardendesign.com\/wp-content\/uploads\/2026\/01\/Design-sans-titre-2-1.jpg\" \/>\n\t<meta property=\"og:image:width\" content=\"700\" \/>\n\t<meta property=\"og:image:height\" content=\"800\" \/>\n\t<meta property=\"og:image:type\" content=\"image\/jpeg\" \/>\n<meta name=\"twitter:card\" content=\"summary_large_image\" \/>\n<script type=\"application\/ld+json\" class=\"yoast-schema-graph\">{\"@context\":\"https:\\\/\\\/schema.org\",\"@graph\":[{\"@type\":\"WebPage\",\"@id\":\"https:\\\/\\\/www.lavillagardendesign.com\\\/es\\\/producto\\\/itali-collection-juego-de-salon-de-5-piezas-niva\\\/\",\"url\":\"https:\\\/\\\/www.lavillagardendesign.com\\\/es\\\/producto\\\/itali-collection-juego-de-salon-de-5-piezas-niva\\\/\",\"name\":\"NIVA Set de Jard\u00edn de 5 Piezas Verde Salvia y Acero | La Villa Garden\",\"isPartOf\":{\"@id\":\"https:\\\/\\\/www.lavillagardendesign.com\\\/#website\"},\"primaryImageOfPage\":{\"@id\":\"https:\\\/\\\/www.lavillagardendesign.com\\\/es\\\/producto\\\/itali-collection-juego-de-salon-de-5-piezas-niva\\\/#primaryimage\"},\"image\":{\"@id\":\"https:\\\/\\\/www.lavillagardendesign.com\\\/es\\\/producto\\\/itali-collection-juego-de-salon-de-5-piezas-niva\\\/#primaryimage\"},\"thumbnailUrl\":\"https:\\\/\\\/www.lavillagardendesign.com\\\/wp-content\\\/uploads\\\/2026\\\/01\\\/Design-sans-titre-2-1.jpg\",\"datePublished\":\"2026-01-28T17:11:56+00:00\",\"dateModified\":\"2026-02-10T12:38:24+00:00\",\"description\":\"Conjunto de sal\u00f3n para exterior NIVA (Colecci\u00f3n ITALI). Sof\u00e1, 2 sillones y 2 mesas redondas en verde salvia. Polipropileno y acero E-Coating. Oferta 990 \u20ac.\",\"breadcrumb\":{\"@id\":\"https:\\\/\\\/www.lavillagardendesign.com\\\/es\\\/producto\\\/itali-collection-juego-de-salon-de-5-piezas-niva\\\/#breadcrumb\"},\"inLanguage\":\"es\",\"potentialAction\":[{\"@type\":\"ReadAction\",\"target\":[\"https:\\\/\\\/www.lavillagardendesign.com\\\/es\\\/producto\\\/itali-collection-juego-de-salon-de-5-piezas-niva\\\/\"]}]},{\"@type\":\"ImageObject\",\"inLanguage\":\"es\",\"@id\":\"https:\\\/\\\/www.lavillagardendesign.com\\\/es\\\/producto\\\/itali-collection-juego-de-salon-de-5-piezas-niva\\\/#primaryimage\",\"url\":\"https:\\\/\\\/www.lavillagardendesign.com\\\/wp-content\\\/uploads\\\/2026\\\/01\\\/Design-sans-titre-2-1.jpg\",\"contentUrl\":\"https:\\\/\\\/www.lavillagardendesign.com\\\/wp-content\\\/uploads\\\/2026\\\/01\\\/Design-sans-titre-2-1.jpg\",\"width\":700,\"height\":800},{\"@type\":\"BreadcrumbList\",\"@id\":\"https:\\\/\\\/www.lavillagardendesign.com\\\/es\\\/producto\\\/itali-collection-juego-de-salon-de-5-piezas-niva\\\/#breadcrumb\",\"itemListElement\":[{\"@type\":\"ListItem\",\"position\":1,\"name\":\"Home\",\"item\":\"https:\\\/\\\/www.lavillagardendesign.com\\\/\"},{\"@type\":\"ListItem\",\"position\":2,\"name\":\"Tienda\",\"item\":\"https:\\\/\\\/www.lavillagardendesign.com\\\/es\\\/tienda\\\/\"},{\"@type\":\"ListItem\",\"position\":3,\"name\":\"ITALI COLLECTION &#8211; Juego de sal\u00f3n de 5 piezas NIVA\"}]},{\"@type\":\"WebSite\",\"@id\":\"https:\\\/\\\/www.lavillagardendesign.com\\\/#website\",\"url\":\"https:\\\/\\\/www.lavillagardendesign.com\\\/\",\"name\":\"La Villa Garden&Design\",\"description\":\"\",\"publisher\":{\"@id\":\"https:\\\/\\\/www.lavillagardendesign.com\\\/#organization\"},\"potentialAction\":[{\"@type\":\"SearchAction\",\"target\":{\"@type\":\"EntryPoint\",\"urlTemplate\":\"https:\\\/\\\/www.lavillagardendesign.com\\\/?s={search_term_string}\"},\"query-input\":{\"@type\":\"PropertyValueSpecification\",\"valueRequired\":true,\"valueName\":\"search_term_string\"}}],\"inLanguage\":\"es\"},{\"@type\":\"Organization\",\"@id\":\"https:\\\/\\\/www.lavillagardendesign.com\\\/#organization\",\"name\":\"La Villa Garden&Design\",\"url\":\"https:\\\/\\\/www.lavillagardendesign.com\\\/\",\"logo\":{\"@type\":\"ImageObject\",\"inLanguage\":\"es\",\"@id\":\"https:\\\/\\\/www.lavillagardendesign.com\\\/#\\\/schema\\\/logo\\\/image\\\/\",\"url\":\"https:\\\/\\\/www.lavillagardendesign.com\\\/wp-content\\\/uploads\\\/2024\\\/04\\\/logolavilla.png\",\"contentUrl\":\"https:\\\/\\\/www.lavillagardendesign.com\\\/wp-content\\\/uploads\\\/2024\\\/04\\\/logolavilla.png\",\"width\":682,\"height\":391,\"caption\":\"La Villa Garden&Design\"},\"image\":{\"@id\":\"https:\\\/\\\/www.lavillagardendesign.com\\\/#\\\/schema\\\/logo\\\/image\\\/\"},\"sameAs\":[\"https:\\\/\\\/www.facebook.com\\\/lavillagardendesign\\\/\"]}]}<\/script>\n<!-- \/ Yoast SEO plugin. -->","yoast_head_json":{"title":"NIVA Set de Jard\u00edn de 5 Piezas Verde Salvia y Acero | La Villa Garden","description":"Conjunto de sal\u00f3n para exterior NIVA (Colecci\u00f3n ITALI). Sof\u00e1, 2 sillones y 2 mesas redondas en verde salvia. Polipropileno y acero E-Coating. Oferta 990 \u20ac.","robots":{"index":"index","follow":"follow","max-snippet":"max-snippet:-1","max-image-preview":"max-image-preview:large","max-video-preview":"max-video-preview:-1"},"canonical":"https:\/\/www.lavillagardendesign.com\/es\/producto\/itali-collection-juego-de-salon-de-5-piezas-niva\/","og_locale":"es_ES","og_type":"article","og_title":"NIVA Set de Jard\u00edn de 5 Piezas Verde Salvia y Acero | La Villa Garden","og_description":"Conjunto de sal\u00f3n para exterior NIVA (Colecci\u00f3n ITALI). Sof\u00e1, 2 sillones y 2 mesas redondas en verde salvia. Polipropileno y acero E-Coating. Oferta 990 \u20ac.","og_url":"https:\/\/www.lavillagardendesign.com\/es\/producto\/itali-collection-juego-de-salon-de-5-piezas-niva\/","og_site_name":"La Villa Garden&amp;Design","article_publisher":"https:\/\/www.facebook.com\/lavillagardendesign\/","article_modified_time":"2026-02-10T12:38:24+00:00","og_image":[{"width":700,"height":800,"url":"https:\/\/www.lavillagardendesign.com\/wp-content\/uploads\/2026\/01\/Design-sans-titre-2-1.jpg","type":"image\/jpeg"}],"twitter_card":"summary_large_image","schema":{"@context":"https:\/\/schema.org","@graph":[{"@type":"WebPage","@id":"https:\/\/www.lavillagardendesign.com\/es\/producto\/itali-collection-juego-de-salon-de-5-piezas-niva\/","url":"https:\/\/www.lavillagardendesign.com\/es\/producto\/itali-collection-juego-de-salon-de-5-piezas-niva\/","name":"NIVA Set de Jard\u00edn de 5 Piezas Verde Salvia y Acero | La Villa Garden","isPartOf":{"@id":"https:\/\/www.lavillagardendesign.com\/#website"},"primaryImageOfPage":{"@id":"https:\/\/www.lavillagardendesign.com\/es\/producto\/itali-collection-juego-de-salon-de-5-piezas-niva\/#primaryimage"},"image":{"@id":"https:\/\/www.lavillagardendesign.com\/es\/producto\/itali-collection-juego-de-salon-de-5-piezas-niva\/#primaryimage"},"thumbnailUrl":"https:\/\/www.lavillagardendesign.com\/wp-content\/uploads\/2026\/01\/Design-sans-titre-2-1.jpg","datePublished":"2026-01-28T17:11:56+00:00","dateModified":"2026-02-10T12:38:24+00:00","description":"Conjunto de sal\u00f3n para exterior NIVA (Colecci\u00f3n ITALI). Sof\u00e1, 2 sillones y 2 mesas redondas en verde salvia. Polipropileno y acero E-Coating. Oferta 990 \u20ac.","breadcrumb":{"@id":"https:\/\/www.lavillagardendesign.com\/es\/producto\/itali-collection-juego-de-salon-de-5-piezas-niva\/#breadcrumb"},"inLanguage":"es","potentialAction":[{"@type":"ReadAction","target":["https:\/\/www.lavillagardendesign.com\/es\/producto\/itali-collection-juego-de-salon-de-5-piezas-niva\/"]}]},{"@type":"ImageObject","inLanguage":"es","@id":"https:\/\/www.lavillagardendesign.com\/es\/producto\/itali-collection-juego-de-salon-de-5-piezas-niva\/#primaryimage","url":"https:\/\/www.lavillagardendesign.com\/wp-content\/uploads\/2026\/01\/Design-sans-titre-2-1.jpg","contentUrl":"https:\/\/www.lavillagardendesign.com\/wp-content\/uploads\/2026\/01\/Design-sans-titre-2-1.jpg","width":700,"height":800},{"@type":"BreadcrumbList","@id":"https:\/\/www.lavillagardendesign.com\/es\/producto\/itali-collection-juego-de-salon-de-5-piezas-niva\/#breadcrumb","itemListElement":[{"@type":"ListItem","position":1,"name":"Home","item":"https:\/\/www.lavillagardendesign.com\/"},{"@type":"ListItem","position":2,"name":"Tienda","item":"https:\/\/www.lavillagardendesign.com\/es\/tienda\/"},{"@type":"ListItem","position":3,"name":"ITALI COLLECTION &#8211; Juego de sal\u00f3n de 5 piezas NIVA"}]},{"@type":"WebSite","@id":"https:\/\/www.lavillagardendesign.com\/#website","url":"https:\/\/www.lavillagardendesign.com\/","name":"La Villa Garden&Design","description":"","publisher":{"@id":"https:\/\/www.lavillagardendesign.com\/#organization"},"potentialAction":[{"@type":"SearchAction","target":{"@type":"EntryPoint","urlTemplate":"https:\/\/www.lavillagardendesign.com\/?s={search_term_string}"},"query-input":{"@type":"PropertyValueSpecification","valueRequired":true,"valueName":"search_term_string"}}],"inLanguage":"es"},{"@type":"Organization","@id":"https:\/\/www.lavillagardendesign.com\/#organization","name":"La Villa Garden&Design","url":"https:\/\/www.lavillagardendesign.com\/","logo":{"@type":"ImageObject","inLanguage":"es","@id":"https:\/\/www.lavillagardendesign.com\/#\/schema\/logo\/image\/","url":"https:\/\/www.lavillagardendesign.com\/wp-content\/uploads\/2024\/04\/logolavilla.png","contentUrl":"https:\/\/www.lavillagardendesign.com\/wp-content\/uploads\/2024\/04\/logolavilla.png","width":682,"height":391,"caption":"La Villa Garden&Design"},"image":{"@id":"https:\/\/www.lavillagardendesign.com\/#\/schema\/logo\/image\/"},"sameAs":["https:\/\/www.facebook.com\/lavillagardendesign\/"]}]}},"_links":{"self":[{"href":"https:\/\/www.lavillagardendesign.com\/es\/wp-json\/wp\/v2\/product\/61022","targetHints":{"allow":["GET"]}}],"collection":[{"href":"https:\/\/www.lavillagardendesign.com\/es\/wp-json\/wp\/v2\/product"}],"about":[{"href":"https:\/\/www.lavillagardendesign.com\/es\/wp-json\/wp\/v2\/types\/product"}],"replies":[{"embeddable":true,"href":"https:\/\/www.lavillagardendesign.com\/es\/wp-json\/wp\/v2\/comments?post=61022"}],"version-history":[{"count":1,"href":"https:\/\/www.lavillagardendesign.com\/es\/wp-json\/wp\/v2\/product\/61022\/revisions"}],"predecessor-version":[{"id":61649,"href":"https:\/\/www.lavillagardendesign.com\/es\/wp-json\/wp\/v2\/product\/61022\/revisions\/61649"}],"wp:featuredmedia":[{"embeddable":true,"href":"https:\/\/www.lavillagardendesign.com\/es\/wp-json\/wp\/v2\/media\/60864"}],"wp:attachment":[{"href":"https:\/\/www.lavillagardendesign.com\/es\/wp-json\/wp\/v2\/media?parent=61022"}],"wp:term":[{"taxonomy":"product_brand","embeddable":true,"href":"https:\/\/www.lavillagardendesign.com\/es\/wp-json\/wp\/v2\/product_brand?post=61022"},{"taxonomy":"product_cat","embeddable":true,"href":"https:\/\/www.lavillagardendesign.com\/es\/wp-json\/wp\/v2\/product_cat?post=61022"},{"taxonomy":"product_tag","embeddable":true,"href":"https:\/\/www.lavillagardendesign.com\/es\/wp-json\/wp\/v2\/product_tag?post=61022"}],"curies":[{"name":"wp","href":"https:\/\/api.w.org\/{rel}","templated":true}]}}