{"id":61014,"date":"2026-01-28T19:14:41","date_gmt":"2026-01-28T18:14:41","guid":{"rendered":"https:\/\/www.lavillagardendesign.com\/product\/itali-collection-juego-de-tumbona-de-4-piezas-napoli\/"},"modified":"2026-02-23T11:40:40","modified_gmt":"2026-02-23T09:40:40","slug":"itali-collection-juego-de-tumbona-de-4-piezas-napoli","status":"publish","type":"product","link":"https:\/\/www.lavillagardendesign.com\/es\/producto\/itali-collection-juego-de-tumbona-de-4-piezas-napoli\/","title":{"rendered":"ITALI COLLECTION &#8211; Juego de Tumbona de 4 Piezas NAPOLI"},"content":{"rendered":"","protected":false},"excerpt":{"rendered":"<p>Descubre un confort superior con el Conjunto de Tumbona NAPOLI, una joya de la Colecci\u00f3n <span class=\"il\">ITALI<\/span> dise\u00f1ada para quienes priorizan la comodidad sin renunciar al estilo. A diferencia de los sof\u00e1s bajos convencionales, el modelo NAPOLI ofrece un <b>respaldo de 97 cm de altura<\/b>, que proporciona un apoyo ergon\u00f3mico perfecto para la cabeza y el cuello. Su dise\u00f1o es una sinfon\u00eda de materiales de primera calidad: estructura de <b>aluminio blanco<\/b> con recubrimiento de polvo, resistente respaldo tejido con <b>cuerda de poli\u00e9ster<\/b> y reposabrazos embellecidos con elegantes <b>inserciones de madera de teca<\/b>. La mesa de centro es igualmente impresionante, con una <b>tapa de cristal templado con un realista efecto de piedra natural<\/b>, higi\u00e9nica y f\u00e1cil de limpiar. Incluye cojines gruesos en tejido <b>de olefina<\/b> (repelente al agua).    <\/p>\n<ul>\n<li><b>1x Sof\u00e1 de 3 plazas:<\/b> Largo 189 cm | Profundidad 93 cm | Altura 97 cm<\/li>\n<li><b>2x Sillones Relax:<\/b> Anchura 74 cm | Profundidad 93 cm | Altura 97 cm<\/li>\n<li><b>1x Mesa de centro:<\/b> Largo 120 cm | Ancho 65 cm | Alto 30,5 cm<\/li>\n<li><b>Altura:<\/b> Asiento 45 cm | Reposabrazos 58,5 cm<\/li>\n<\/ul>\n","protected":false},"featured_media":60892,"comment_status":"open","ping_status":"closed","template":"","meta":[],"product_brand":[4998],"product_cat":[6833,3111,3113,3112,6836,5659],"product_tag":[],"class_list":{"0":"post-61014","1":"product","2":"type-product","3":"status-publish","4":"has-post-thumbnail","6":"product_brand-la-villa","7":"product_cat-outdoor-es","8":"product_cat-sofas-y-butacas","9":"product_cat-sofas-es","10":"product_cat-butacas","11":"product_cat-packs-sofas","12":"product_cat-promociones-web","14":"first","15":"instock","16":"sale","17":"taxable","18":"shipping-taxable","19":"purchasable","20":"product-type-simple"},"yoast_head":"<!-- This site is optimized with the Yoast SEO plugin v27.1.1 - https:\/\/yoast.com\/product\/yoast-seo-wordpress\/ -->\n<title>NAPOLI Tumbona Respaldo Alto Aluminio y Teca | La Villa Garden<\/title>\n<meta name=\"description\" content=\"Conjunto de sof\u00e1s de exterior de 4 piezas NAPOLI (Colecci\u00f3n ITALI). Respaldo alto ergon\u00f3mico. Aluminio blanco, detalles de teca y mesa efecto piedra. Oferta 3.990 \u20ac.\" \/>\n<meta name=\"robots\" content=\"index, follow, max-snippet:-1, max-image-preview:large, max-video-preview:-1\" \/>\n<link rel=\"canonical\" href=\"https:\/\/www.lavillagardendesign.com\/es\/producto\/itali-collection-juego-de-tumbona-de-4-piezas-napoli\/\" \/>\n<meta property=\"og:locale\" content=\"es_ES\" \/>\n<meta property=\"og:type\" content=\"article\" \/>\n<meta property=\"og:title\" content=\"NAPOLI Tumbona Respaldo Alto Aluminio y Teca | La Villa Garden\" \/>\n<meta property=\"og:description\" content=\"Conjunto de sof\u00e1s de exterior de 4 piezas NAPOLI (Colecci\u00f3n ITALI). Respaldo alto ergon\u00f3mico. Aluminio blanco, detalles de teca y mesa efecto piedra. Oferta 3.990 \u20ac.\" \/>\n<meta property=\"og:url\" content=\"https:\/\/www.lavillagardendesign.com\/es\/producto\/itali-collection-juego-de-tumbona-de-4-piezas-napoli\/\" \/>\n<meta property=\"og:site_name\" content=\"La Villa Garden&amp;Design\" \/>\n<meta property=\"article:publisher\" content=\"https:\/\/www.facebook.com\/lavillagardendesign\/\" \/>\n<meta property=\"article:modified_time\" content=\"2026-02-23T09:40:40+00:00\" \/>\n<meta property=\"og:image\" content=\"https:\/\/www.lavillagardendesign.com\/wp-content\/uploads\/2026\/01\/Design-sans-titre2-1.jpg\" \/>\n\t<meta property=\"og:image:width\" content=\"700\" \/>\n\t<meta property=\"og:image:height\" content=\"800\" \/>\n\t<meta property=\"og:image:type\" content=\"image\/jpeg\" \/>\n<meta name=\"twitter:card\" content=\"summary_large_image\" \/>\n<script type=\"application\/ld+json\" class=\"yoast-schema-graph\">{\"@context\":\"https:\/\/schema.org\",\"@graph\":[{\"@type\":\"WebPage\",\"@id\":\"https:\/\/www.lavillagardendesign.com\/es\/producto\/itali-collection-juego-de-tumbona-de-4-piezas-napoli\/\",\"url\":\"https:\/\/www.lavillagardendesign.com\/es\/producto\/itali-collection-juego-de-tumbona-de-4-piezas-napoli\/\",\"name\":\"NAPOLI Tumbona Respaldo Alto Aluminio y Teca | La Villa Garden\",\"isPartOf\":{\"@id\":\"https:\/\/www.lavillagardendesign.com\/#website\"},\"primaryImageOfPage\":{\"@id\":\"https:\/\/www.lavillagardendesign.com\/es\/producto\/itali-collection-juego-de-tumbona-de-4-piezas-napoli\/#primaryimage\"},\"image\":{\"@id\":\"https:\/\/www.lavillagardendesign.com\/es\/producto\/itali-collection-juego-de-tumbona-de-4-piezas-napoli\/#primaryimage\"},\"thumbnailUrl\":\"https:\/\/www.lavillagardendesign.com\/wp-content\/uploads\/2026\/01\/Design-sans-titre2-1.jpg\",\"datePublished\":\"2026-01-28T18:14:41+00:00\",\"dateModified\":\"2026-02-23T09:40:40+00:00\",\"description\":\"Conjunto de sof\u00e1s de exterior de 4 piezas NAPOLI (Colecci\u00f3n ITALI). Respaldo alto ergon\u00f3mico. Aluminio blanco, detalles de teca y mesa efecto piedra. Oferta 3.990 \u20ac.\",\"breadcrumb\":{\"@id\":\"https:\/\/www.lavillagardendesign.com\/es\/producto\/itali-collection-juego-de-tumbona-de-4-piezas-napoli\/#breadcrumb\"},\"inLanguage\":\"es\",\"potentialAction\":[{\"@type\":\"ReadAction\",\"target\":[\"https:\/\/www.lavillagardendesign.com\/es\/producto\/itali-collection-juego-de-tumbona-de-4-piezas-napoli\/\"]}]},{\"@type\":\"ImageObject\",\"inLanguage\":\"es\",\"@id\":\"https:\/\/www.lavillagardendesign.com\/es\/producto\/itali-collection-juego-de-tumbona-de-4-piezas-napoli\/#primaryimage\",\"url\":\"https:\/\/www.lavillagardendesign.com\/wp-content\/uploads\/2026\/01\/Design-sans-titre2-1.jpg\",\"contentUrl\":\"https:\/\/www.lavillagardendesign.com\/wp-content\/uploads\/2026\/01\/Design-sans-titre2-1.jpg\",\"width\":700,\"height\":800},{\"@type\":\"BreadcrumbList\",\"@id\":\"https:\/\/www.lavillagardendesign.com\/es\/producto\/itali-collection-juego-de-tumbona-de-4-piezas-napoli\/#breadcrumb\",\"itemListElement\":[{\"@type\":\"ListItem\",\"position\":1,\"name\":\"Home\",\"item\":\"https:\/\/www.lavillagardendesign.com\/\"},{\"@type\":\"ListItem\",\"position\":2,\"name\":\"Tienda\",\"item\":\"https:\/\/www.lavillagardendesign.com\/es\/tienda\/\"},{\"@type\":\"ListItem\",\"position\":3,\"name\":\"ITALI COLLECTION &#8211; Juego de Tumbona de 4 Piezas NAPOLI\"}]},{\"@type\":\"WebSite\",\"@id\":\"https:\/\/www.lavillagardendesign.com\/#website\",\"url\":\"https:\/\/www.lavillagardendesign.com\/\",\"name\":\"La Villa Garden&Design\",\"description\":\"\",\"publisher\":{\"@id\":\"https:\/\/www.lavillagardendesign.com\/#organization\"},\"potentialAction\":[{\"@type\":\"SearchAction\",\"target\":{\"@type\":\"EntryPoint\",\"urlTemplate\":\"https:\/\/www.lavillagardendesign.com\/?s={search_term_string}\"},\"query-input\":{\"@type\":\"PropertyValueSpecification\",\"valueRequired\":true,\"valueName\":\"search_term_string\"}}],\"inLanguage\":\"es\"},{\"@type\":\"Organization\",\"@id\":\"https:\/\/www.lavillagardendesign.com\/#organization\",\"name\":\"La Villa Garden&Design\",\"url\":\"https:\/\/www.lavillagardendesign.com\/\",\"logo\":{\"@type\":\"ImageObject\",\"inLanguage\":\"es\",\"@id\":\"https:\/\/www.lavillagardendesign.com\/#\/schema\/logo\/image\/\",\"url\":\"https:\/\/www.lavillagardendesign.com\/wp-content\/uploads\/2024\/04\/logolavilla.png\",\"contentUrl\":\"https:\/\/www.lavillagardendesign.com\/wp-content\/uploads\/2024\/04\/logolavilla.png\",\"width\":682,\"height\":391,\"caption\":\"La Villa Garden&Design\"},\"image\":{\"@id\":\"https:\/\/www.lavillagardendesign.com\/#\/schema\/logo\/image\/\"},\"sameAs\":[\"https:\/\/www.facebook.com\/lavillagardendesign\/\"]}]}<\/script>\n<!-- \/ Yoast SEO plugin. -->","yoast_head_json":{"title":"NAPOLI Tumbona Respaldo Alto Aluminio y Teca | La Villa Garden","description":"Conjunto de sof\u00e1s de exterior de 4 piezas NAPOLI (Colecci\u00f3n ITALI). Respaldo alto ergon\u00f3mico. Aluminio blanco, detalles de teca y mesa efecto piedra. Oferta 3.990 \u20ac.","robots":{"index":"index","follow":"follow","max-snippet":"max-snippet:-1","max-image-preview":"max-image-preview:large","max-video-preview":"max-video-preview:-1"},"canonical":"https:\/\/www.lavillagardendesign.com\/es\/producto\/itali-collection-juego-de-tumbona-de-4-piezas-napoli\/","og_locale":"es_ES","og_type":"article","og_title":"NAPOLI Tumbona Respaldo Alto Aluminio y Teca | La Villa Garden","og_description":"Conjunto de sof\u00e1s de exterior de 4 piezas NAPOLI (Colecci\u00f3n ITALI). Respaldo alto ergon\u00f3mico. Aluminio blanco, detalles de teca y mesa efecto piedra. Oferta 3.990 \u20ac.","og_url":"https:\/\/www.lavillagardendesign.com\/es\/producto\/itali-collection-juego-de-tumbona-de-4-piezas-napoli\/","og_site_name":"La Villa Garden&amp;Design","article_publisher":"https:\/\/www.facebook.com\/lavillagardendesign\/","article_modified_time":"2026-02-23T09:40:40+00:00","og_image":[{"width":700,"height":800,"url":"https:\/\/www.lavillagardendesign.com\/wp-content\/uploads\/2026\/01\/Design-sans-titre2-1.jpg","type":"image\/jpeg"}],"twitter_card":"summary_large_image","schema":{"@context":"https:\/\/schema.org","@graph":[{"@type":"WebPage","@id":"https:\/\/www.lavillagardendesign.com\/es\/producto\/itali-collection-juego-de-tumbona-de-4-piezas-napoli\/","url":"https:\/\/www.lavillagardendesign.com\/es\/producto\/itali-collection-juego-de-tumbona-de-4-piezas-napoli\/","name":"NAPOLI Tumbona Respaldo Alto Aluminio y Teca | La Villa Garden","isPartOf":{"@id":"https:\/\/www.lavillagardendesign.com\/#website"},"primaryImageOfPage":{"@id":"https:\/\/www.lavillagardendesign.com\/es\/producto\/itali-collection-juego-de-tumbona-de-4-piezas-napoli\/#primaryimage"},"image":{"@id":"https:\/\/www.lavillagardendesign.com\/es\/producto\/itali-collection-juego-de-tumbona-de-4-piezas-napoli\/#primaryimage"},"thumbnailUrl":"https:\/\/www.lavillagardendesign.com\/wp-content\/uploads\/2026\/01\/Design-sans-titre2-1.jpg","datePublished":"2026-01-28T18:14:41+00:00","dateModified":"2026-02-23T09:40:40+00:00","description":"Conjunto de sof\u00e1s de exterior de 4 piezas NAPOLI (Colecci\u00f3n ITALI). Respaldo alto ergon\u00f3mico. Aluminio blanco, detalles de teca y mesa efecto piedra. Oferta 3.990 \u20ac.","breadcrumb":{"@id":"https:\/\/www.lavillagardendesign.com\/es\/producto\/itali-collection-juego-de-tumbona-de-4-piezas-napoli\/#breadcrumb"},"inLanguage":"es","potentialAction":[{"@type":"ReadAction","target":["https:\/\/www.lavillagardendesign.com\/es\/producto\/itali-collection-juego-de-tumbona-de-4-piezas-napoli\/"]}]},{"@type":"ImageObject","inLanguage":"es","@id":"https:\/\/www.lavillagardendesign.com\/es\/producto\/itali-collection-juego-de-tumbona-de-4-piezas-napoli\/#primaryimage","url":"https:\/\/www.lavillagardendesign.com\/wp-content\/uploads\/2026\/01\/Design-sans-titre2-1.jpg","contentUrl":"https:\/\/www.lavillagardendesign.com\/wp-content\/uploads\/2026\/01\/Design-sans-titre2-1.jpg","width":700,"height":800},{"@type":"BreadcrumbList","@id":"https:\/\/www.lavillagardendesign.com\/es\/producto\/itali-collection-juego-de-tumbona-de-4-piezas-napoli\/#breadcrumb","itemListElement":[{"@type":"ListItem","position":1,"name":"Home","item":"https:\/\/www.lavillagardendesign.com\/"},{"@type":"ListItem","position":2,"name":"Tienda","item":"https:\/\/www.lavillagardendesign.com\/es\/tienda\/"},{"@type":"ListItem","position":3,"name":"ITALI COLLECTION &#8211; Juego de Tumbona de 4 Piezas NAPOLI"}]},{"@type":"WebSite","@id":"https:\/\/www.lavillagardendesign.com\/#website","url":"https:\/\/www.lavillagardendesign.com\/","name":"La Villa Garden&Design","description":"","publisher":{"@id":"https:\/\/www.lavillagardendesign.com\/#organization"},"potentialAction":[{"@type":"SearchAction","target":{"@type":"EntryPoint","urlTemplate":"https:\/\/www.lavillagardendesign.com\/?s={search_term_string}"},"query-input":{"@type":"PropertyValueSpecification","valueRequired":true,"valueName":"search_term_string"}}],"inLanguage":"es"},{"@type":"Organization","@id":"https:\/\/www.lavillagardendesign.com\/#organization","name":"La Villa Garden&Design","url":"https:\/\/www.lavillagardendesign.com\/","logo":{"@type":"ImageObject","inLanguage":"es","@id":"https:\/\/www.lavillagardendesign.com\/#\/schema\/logo\/image\/","url":"https:\/\/www.lavillagardendesign.com\/wp-content\/uploads\/2024\/04\/logolavilla.png","contentUrl":"https:\/\/www.lavillagardendesign.com\/wp-content\/uploads\/2024\/04\/logolavilla.png","width":682,"height":391,"caption":"La Villa Garden&Design"},"image":{"@id":"https:\/\/www.lavillagardendesign.com\/#\/schema\/logo\/image\/"},"sameAs":["https:\/\/www.facebook.com\/lavillagardendesign\/"]}]}},"_links":{"self":[{"href":"https:\/\/www.lavillagardendesign.com\/es\/wp-json\/wp\/v2\/product\/61014","targetHints":{"allow":["GET"]}}],"collection":[{"href":"https:\/\/www.lavillagardendesign.com\/es\/wp-json\/wp\/v2\/product"}],"about":[{"href":"https:\/\/www.lavillagardendesign.com\/es\/wp-json\/wp\/v2\/types\/product"}],"replies":[{"embeddable":true,"href":"https:\/\/www.lavillagardendesign.com\/es\/wp-json\/wp\/v2\/comments?post=61014"}],"version-history":[{"count":1,"href":"https:\/\/www.lavillagardendesign.com\/es\/wp-json\/wp\/v2\/product\/61014\/revisions"}],"predecessor-version":[{"id":61017,"href":"https:\/\/www.lavillagardendesign.com\/es\/wp-json\/wp\/v2\/product\/61014\/revisions\/61017"}],"wp:featuredmedia":[{"embeddable":true,"href":"https:\/\/www.lavillagardendesign.com\/es\/wp-json\/wp\/v2\/media\/60892"}],"wp:attachment":[{"href":"https:\/\/www.lavillagardendesign.com\/es\/wp-json\/wp\/v2\/media?parent=61014"}],"wp:term":[{"taxonomy":"product_brand","embeddable":true,"href":"https:\/\/www.lavillagardendesign.com\/es\/wp-json\/wp\/v2\/product_brand?post=61014"},{"taxonomy":"product_cat","embeddable":true,"href":"https:\/\/www.lavillagardendesign.com\/es\/wp-json\/wp\/v2\/product_cat?post=61014"},{"taxonomy":"product_tag","embeddable":true,"href":"https:\/\/www.lavillagardendesign.com\/es\/wp-json\/wp\/v2\/product_tag?post=61014"}],"curies":[{"name":"wp","href":"https:\/\/api.w.org\/{rel}","templated":true}]}}