{"id":61013,"date":"2026-01-28T19:24:29","date_gmt":"2026-01-28T18:24:29","guid":{"rendered":"https:\/\/www.lavillagardendesign.com\/product\/itali-collection-juego-de-salon-de-5-piezas-milan\/"},"modified":"2026-02-10T14:38:30","modified_gmt":"2026-02-10T12:38:30","slug":"itali-collection-juego-de-salon-de-5-piezas-milan","status":"publish","type":"product","link":"https:\/\/www.lavillagardendesign.com\/es\/producto\/itali-collection-juego-de-salon-de-5-piezas-milan\/","title":{"rendered":"ITALI COLLECTION &#8211; Juego de sal\u00f3n de 5 piezas MILAN"},"content":{"rendered":"","protected":false},"excerpt":{"rendered":"<p>Aporta calidez y textura a tu terraza con el Conjunto de Tumbona MILAN de la Colecci\u00f3n <span class=\"il\">ITALI<\/span>. Este exclusivo conjunto de 5 piezas destaca por su dise\u00f1o org\u00e1nico y acogedor: sobre una estructura de <b>aluminio con recubrimiento de polvo<\/b> se despliega un intrincado <b>tejido de cuerda de poli\u00e9ster<\/b> en elegantes tonos c\u00e1lidos (Camel\/Arena), resistente a los rayos UV e hidr\u00f3fugo. El confort es supremo gracias a los cojines de alta densidad<b>(250 g\/m\u00b2<\/b>) de tejido <b>Olefin<\/b> de primera calidad (100% polipropileno), suaves al tacto pero extremadamente resistentes. El conjunto incluye un gran sof\u00e1 de 3 plazas (210 cm), dos butacas envolventes y un juego de <b>dos mesas de centro cuadradas de distintas alturas (75&#215;75 y 55&#215;55 cm)<\/b>, dise\u00f1adas para superponerse y crear una composici\u00f3n din\u00e1mica.   <\/p>\n<ul>\n<li><b>1x Sof\u00e1 de 3 plazas:<\/b> Largo 210 cm | Profundidad 79,5 cm | Altura 80 cm<\/li>\n<li><b>2x Sillones:<\/b> Anchura 77 cm | Profundidad 79,5 cm | Altura 80 cm<\/li>\n<li><b>1x Mesa de centro grande:<\/b> 75 x 75 cm | Altura 35 cm<\/li>\n<li><b>1x Mesa de centro peque\u00f1a:<\/b> 55 x 55 cm | Altura 40 cm<\/li>\n<li><b>Altura del asiento<\/b> 40 cm | Reposabrazos 53 cm<\/li>\n<\/ul>\n","protected":false},"featured_media":61008,"comment_status":"open","ping_status":"closed","template":"","meta":[],"product_brand":[4998],"product_cat":[3112,6833,6836,5659,3113,3111],"product_tag":[],"class_list":{"0":"post-61013","1":"product","2":"type-product","3":"status-publish","4":"has-post-thumbnail","6":"product_brand-la-villa","7":"product_cat-butacas","8":"product_cat-outdoor-es","9":"product_cat-packs-sofas","10":"product_cat-promociones-web","11":"product_cat-sofas-es","12":"product_cat-sofas-y-butacas","14":"first","15":"instock","16":"sale","17":"taxable","18":"shipping-taxable","19":"purchasable","20":"product-type-simple"},"yoast_head":"<!-- This site is optimized with the Yoast SEO plugin v27.4 - https:\/\/yoast.com\/product\/yoast-seo-wordpress\/ -->\n<title>JUEGO DE Tumbona DE JARD\u00cdN DE 5 PIEZAS MILAN | La Villa Garden<\/title>\n<meta name=\"description\" content=\"Conjunto de sof\u00e1 de exterior de 5 piezas MILAN (Colecci\u00f3n ITALI). Cuerda tejida en tonos camel\/arena y cojines de olefina de alta densidad. Incluye 2 mesas. Oferta 3.590 \u20ac.\" \/>\n<meta name=\"robots\" content=\"index, follow, max-snippet:-1, max-image-preview:large, max-video-preview:-1\" \/>\n<link rel=\"canonical\" href=\"https:\/\/www.lavillagardendesign.com\/es\/producto\/itali-collection-juego-de-salon-de-5-piezas-milan\/\" \/>\n<meta property=\"og:locale\" content=\"es_ES\" \/>\n<meta property=\"og:type\" content=\"article\" \/>\n<meta property=\"og:title\" content=\"JUEGO DE Tumbona DE JARD\u00cdN DE 5 PIEZAS MILAN | La Villa Garden\" \/>\n<meta property=\"og:description\" content=\"Conjunto de sof\u00e1 de exterior de 5 piezas MILAN (Colecci\u00f3n ITALI). Cuerda tejida en tonos camel\/arena y cojines de olefina de alta densidad. Incluye 2 mesas. Oferta 3.590 \u20ac.\" \/>\n<meta property=\"og:url\" content=\"https:\/\/www.lavillagardendesign.com\/es\/producto\/itali-collection-juego-de-salon-de-5-piezas-milan\/\" \/>\n<meta property=\"og:site_name\" content=\"La Villa Garden&amp;Design\" \/>\n<meta property=\"article:publisher\" content=\"https:\/\/www.facebook.com\/lavillagardendesign\/\" \/>\n<meta property=\"article:modified_time\" content=\"2026-02-10T12:38:30+00:00\" \/>\n<meta property=\"og:image\" content=\"https:\/\/www.lavillagardendesign.com\/wp-content\/uploads\/2026\/01\/Design-sans-titre-2.png\" \/>\n\t<meta property=\"og:image:width\" content=\"700\" \/>\n\t<meta property=\"og:image:height\" content=\"800\" \/>\n\t<meta property=\"og:image:type\" content=\"image\/png\" \/>\n<meta name=\"twitter:card\" content=\"summary_large_image\" \/>\n<script type=\"application\/ld+json\" class=\"yoast-schema-graph\">{\"@context\":\"https:\\\/\\\/schema.org\",\"@graph\":[{\"@type\":\"WebPage\",\"@id\":\"https:\\\/\\\/www.lavillagardendesign.com\\\/es\\\/producto\\\/itali-collection-juego-de-salon-de-5-piezas-milan\\\/\",\"url\":\"https:\\\/\\\/www.lavillagardendesign.com\\\/es\\\/producto\\\/itali-collection-juego-de-salon-de-5-piezas-milan\\\/\",\"name\":\"JUEGO DE Tumbona DE JARD\u00cdN DE 5 PIEZAS MILAN | La Villa Garden\",\"isPartOf\":{\"@id\":\"https:\\\/\\\/www.lavillagardendesign.com\\\/#website\"},\"primaryImageOfPage\":{\"@id\":\"https:\\\/\\\/www.lavillagardendesign.com\\\/es\\\/producto\\\/itali-collection-juego-de-salon-de-5-piezas-milan\\\/#primaryimage\"},\"image\":{\"@id\":\"https:\\\/\\\/www.lavillagardendesign.com\\\/es\\\/producto\\\/itali-collection-juego-de-salon-de-5-piezas-milan\\\/#primaryimage\"},\"thumbnailUrl\":\"https:\\\/\\\/www.lavillagardendesign.com\\\/wp-content\\\/uploads\\\/2026\\\/01\\\/Design-sans-titre-2.png\",\"datePublished\":\"2026-01-28T18:24:29+00:00\",\"dateModified\":\"2026-02-10T12:38:30+00:00\",\"description\":\"Conjunto de sof\u00e1 de exterior de 5 piezas MILAN (Colecci\u00f3n ITALI). Cuerda tejida en tonos camel\\\/arena y cojines de olefina de alta densidad. Incluye 2 mesas. Oferta 3.590 \u20ac.\",\"breadcrumb\":{\"@id\":\"https:\\\/\\\/www.lavillagardendesign.com\\\/es\\\/producto\\\/itali-collection-juego-de-salon-de-5-piezas-milan\\\/#breadcrumb\"},\"inLanguage\":\"es\",\"potentialAction\":[{\"@type\":\"ReadAction\",\"target\":[\"https:\\\/\\\/www.lavillagardendesign.com\\\/es\\\/producto\\\/itali-collection-juego-de-salon-de-5-piezas-milan\\\/\"]}]},{\"@type\":\"ImageObject\",\"inLanguage\":\"es\",\"@id\":\"https:\\\/\\\/www.lavillagardendesign.com\\\/es\\\/producto\\\/itali-collection-juego-de-salon-de-5-piezas-milan\\\/#primaryimage\",\"url\":\"https:\\\/\\\/www.lavillagardendesign.com\\\/wp-content\\\/uploads\\\/2026\\\/01\\\/Design-sans-titre-2.png\",\"contentUrl\":\"https:\\\/\\\/www.lavillagardendesign.com\\\/wp-content\\\/uploads\\\/2026\\\/01\\\/Design-sans-titre-2.png\",\"width\":700,\"height\":800},{\"@type\":\"BreadcrumbList\",\"@id\":\"https:\\\/\\\/www.lavillagardendesign.com\\\/es\\\/producto\\\/itali-collection-juego-de-salon-de-5-piezas-milan\\\/#breadcrumb\",\"itemListElement\":[{\"@type\":\"ListItem\",\"position\":1,\"name\":\"Home\",\"item\":\"https:\\\/\\\/www.lavillagardendesign.com\\\/\"},{\"@type\":\"ListItem\",\"position\":2,\"name\":\"Tienda\",\"item\":\"https:\\\/\\\/www.lavillagardendesign.com\\\/es\\\/tienda\\\/\"},{\"@type\":\"ListItem\",\"position\":3,\"name\":\"ITALI COLLECTION &#8211; Juego de sal\u00f3n de 5 piezas MILAN\"}]},{\"@type\":\"WebSite\",\"@id\":\"https:\\\/\\\/www.lavillagardendesign.com\\\/#website\",\"url\":\"https:\\\/\\\/www.lavillagardendesign.com\\\/\",\"name\":\"La Villa Garden&Design\",\"description\":\"\",\"publisher\":{\"@id\":\"https:\\\/\\\/www.lavillagardendesign.com\\\/#organization\"},\"potentialAction\":[{\"@type\":\"SearchAction\",\"target\":{\"@type\":\"EntryPoint\",\"urlTemplate\":\"https:\\\/\\\/www.lavillagardendesign.com\\\/?s={search_term_string}\"},\"query-input\":{\"@type\":\"PropertyValueSpecification\",\"valueRequired\":true,\"valueName\":\"search_term_string\"}}],\"inLanguage\":\"es\"},{\"@type\":\"Organization\",\"@id\":\"https:\\\/\\\/www.lavillagardendesign.com\\\/#organization\",\"name\":\"La Villa Garden&Design\",\"url\":\"https:\\\/\\\/www.lavillagardendesign.com\\\/\",\"logo\":{\"@type\":\"ImageObject\",\"inLanguage\":\"es\",\"@id\":\"https:\\\/\\\/www.lavillagardendesign.com\\\/#\\\/schema\\\/logo\\\/image\\\/\",\"url\":\"https:\\\/\\\/www.lavillagardendesign.com\\\/wp-content\\\/uploads\\\/2024\\\/04\\\/logolavilla.png\",\"contentUrl\":\"https:\\\/\\\/www.lavillagardendesign.com\\\/wp-content\\\/uploads\\\/2024\\\/04\\\/logolavilla.png\",\"width\":682,\"height\":391,\"caption\":\"La Villa Garden&Design\"},\"image\":{\"@id\":\"https:\\\/\\\/www.lavillagardendesign.com\\\/#\\\/schema\\\/logo\\\/image\\\/\"},\"sameAs\":[\"https:\\\/\\\/www.facebook.com\\\/lavillagardendesign\\\/\"]}]}<\/script>\n<!-- \/ Yoast SEO plugin. -->","yoast_head_json":{"title":"JUEGO DE Tumbona DE JARD\u00cdN DE 5 PIEZAS MILAN | La Villa Garden","description":"Conjunto de sof\u00e1 de exterior de 5 piezas MILAN (Colecci\u00f3n ITALI). Cuerda tejida en tonos camel\/arena y cojines de olefina de alta densidad. Incluye 2 mesas. Oferta 3.590 \u20ac.","robots":{"index":"index","follow":"follow","max-snippet":"max-snippet:-1","max-image-preview":"max-image-preview:large","max-video-preview":"max-video-preview:-1"},"canonical":"https:\/\/www.lavillagardendesign.com\/es\/producto\/itali-collection-juego-de-salon-de-5-piezas-milan\/","og_locale":"es_ES","og_type":"article","og_title":"JUEGO DE Tumbona DE JARD\u00cdN DE 5 PIEZAS MILAN | La Villa Garden","og_description":"Conjunto de sof\u00e1 de exterior de 5 piezas MILAN (Colecci\u00f3n ITALI). Cuerda tejida en tonos camel\/arena y cojines de olefina de alta densidad. Incluye 2 mesas. Oferta 3.590 \u20ac.","og_url":"https:\/\/www.lavillagardendesign.com\/es\/producto\/itali-collection-juego-de-salon-de-5-piezas-milan\/","og_site_name":"La Villa Garden&amp;Design","article_publisher":"https:\/\/www.facebook.com\/lavillagardendesign\/","article_modified_time":"2026-02-10T12:38:30+00:00","og_image":[{"width":700,"height":800,"url":"https:\/\/www.lavillagardendesign.com\/wp-content\/uploads\/2026\/01\/Design-sans-titre-2.png","type":"image\/png"}],"twitter_card":"summary_large_image","schema":{"@context":"https:\/\/schema.org","@graph":[{"@type":"WebPage","@id":"https:\/\/www.lavillagardendesign.com\/es\/producto\/itali-collection-juego-de-salon-de-5-piezas-milan\/","url":"https:\/\/www.lavillagardendesign.com\/es\/producto\/itali-collection-juego-de-salon-de-5-piezas-milan\/","name":"JUEGO DE Tumbona DE JARD\u00cdN DE 5 PIEZAS MILAN | La Villa Garden","isPartOf":{"@id":"https:\/\/www.lavillagardendesign.com\/#website"},"primaryImageOfPage":{"@id":"https:\/\/www.lavillagardendesign.com\/es\/producto\/itali-collection-juego-de-salon-de-5-piezas-milan\/#primaryimage"},"image":{"@id":"https:\/\/www.lavillagardendesign.com\/es\/producto\/itali-collection-juego-de-salon-de-5-piezas-milan\/#primaryimage"},"thumbnailUrl":"https:\/\/www.lavillagardendesign.com\/wp-content\/uploads\/2026\/01\/Design-sans-titre-2.png","datePublished":"2026-01-28T18:24:29+00:00","dateModified":"2026-02-10T12:38:30+00:00","description":"Conjunto de sof\u00e1 de exterior de 5 piezas MILAN (Colecci\u00f3n ITALI). Cuerda tejida en tonos camel\/arena y cojines de olefina de alta densidad. Incluye 2 mesas. Oferta 3.590 \u20ac.","breadcrumb":{"@id":"https:\/\/www.lavillagardendesign.com\/es\/producto\/itali-collection-juego-de-salon-de-5-piezas-milan\/#breadcrumb"},"inLanguage":"es","potentialAction":[{"@type":"ReadAction","target":["https:\/\/www.lavillagardendesign.com\/es\/producto\/itali-collection-juego-de-salon-de-5-piezas-milan\/"]}]},{"@type":"ImageObject","inLanguage":"es","@id":"https:\/\/www.lavillagardendesign.com\/es\/producto\/itali-collection-juego-de-salon-de-5-piezas-milan\/#primaryimage","url":"https:\/\/www.lavillagardendesign.com\/wp-content\/uploads\/2026\/01\/Design-sans-titre-2.png","contentUrl":"https:\/\/www.lavillagardendesign.com\/wp-content\/uploads\/2026\/01\/Design-sans-titre-2.png","width":700,"height":800},{"@type":"BreadcrumbList","@id":"https:\/\/www.lavillagardendesign.com\/es\/producto\/itali-collection-juego-de-salon-de-5-piezas-milan\/#breadcrumb","itemListElement":[{"@type":"ListItem","position":1,"name":"Home","item":"https:\/\/www.lavillagardendesign.com\/"},{"@type":"ListItem","position":2,"name":"Tienda","item":"https:\/\/www.lavillagardendesign.com\/es\/tienda\/"},{"@type":"ListItem","position":3,"name":"ITALI COLLECTION &#8211; Juego de sal\u00f3n de 5 piezas MILAN"}]},{"@type":"WebSite","@id":"https:\/\/www.lavillagardendesign.com\/#website","url":"https:\/\/www.lavillagardendesign.com\/","name":"La Villa Garden&Design","description":"","publisher":{"@id":"https:\/\/www.lavillagardendesign.com\/#organization"},"potentialAction":[{"@type":"SearchAction","target":{"@type":"EntryPoint","urlTemplate":"https:\/\/www.lavillagardendesign.com\/?s={search_term_string}"},"query-input":{"@type":"PropertyValueSpecification","valueRequired":true,"valueName":"search_term_string"}}],"inLanguage":"es"},{"@type":"Organization","@id":"https:\/\/www.lavillagardendesign.com\/#organization","name":"La Villa Garden&Design","url":"https:\/\/www.lavillagardendesign.com\/","logo":{"@type":"ImageObject","inLanguage":"es","@id":"https:\/\/www.lavillagardendesign.com\/#\/schema\/logo\/image\/","url":"https:\/\/www.lavillagardendesign.com\/wp-content\/uploads\/2024\/04\/logolavilla.png","contentUrl":"https:\/\/www.lavillagardendesign.com\/wp-content\/uploads\/2024\/04\/logolavilla.png","width":682,"height":391,"caption":"La Villa Garden&Design"},"image":{"@id":"https:\/\/www.lavillagardendesign.com\/#\/schema\/logo\/image\/"},"sameAs":["https:\/\/www.facebook.com\/lavillagardendesign\/"]}]}},"_links":{"self":[{"href":"https:\/\/www.lavillagardendesign.com\/es\/wp-json\/wp\/v2\/product\/61013","targetHints":{"allow":["GET"]}}],"collection":[{"href":"https:\/\/www.lavillagardendesign.com\/es\/wp-json\/wp\/v2\/product"}],"about":[{"href":"https:\/\/www.lavillagardendesign.com\/es\/wp-json\/wp\/v2\/types\/product"}],"replies":[{"embeddable":true,"href":"https:\/\/www.lavillagardendesign.com\/es\/wp-json\/wp\/v2\/comments?post=61013"}],"version-history":[{"count":1,"href":"https:\/\/www.lavillagardendesign.com\/es\/wp-json\/wp\/v2\/product\/61013\/revisions"}],"predecessor-version":[{"id":61015,"href":"https:\/\/www.lavillagardendesign.com\/es\/wp-json\/wp\/v2\/product\/61013\/revisions\/61015"}],"wp:featuredmedia":[{"embeddable":true,"href":"https:\/\/www.lavillagardendesign.com\/es\/wp-json\/wp\/v2\/media\/61008"}],"wp:attachment":[{"href":"https:\/\/www.lavillagardendesign.com\/es\/wp-json\/wp\/v2\/media?parent=61013"}],"wp:term":[{"taxonomy":"product_brand","embeddable":true,"href":"https:\/\/www.lavillagardendesign.com\/es\/wp-json\/wp\/v2\/product_brand?post=61013"},{"taxonomy":"product_cat","embeddable":true,"href":"https:\/\/www.lavillagardendesign.com\/es\/wp-json\/wp\/v2\/product_cat?post=61013"},{"taxonomy":"product_tag","embeddable":true,"href":"https:\/\/www.lavillagardendesign.com\/es\/wp-json\/wp\/v2\/product_tag?post=61013"}],"curies":[{"name":"wp","href":"https:\/\/api.w.org\/{rel}","templated":true}]}}