{"id":60811,"date":"2026-01-28T17:13:55","date_gmt":"2026-01-28T16:13:55","guid":{"rendered":"https:\/\/www.lavillagardendesign.com\/product\/idole-mesa-de-comedor-rectangular\/"},"modified":"2026-02-23T11:40:39","modified_gmt":"2026-02-23T09:40:39","slug":"idole-mesa-de-comedor-rectangular","status":"publish","type":"product","link":"https:\/\/www.lavillagardendesign.com\/es\/producto\/idole-mesa-de-comedor-rectangular\/","title":{"rendered":"IDOLE &#8211; Mesa de comedor rectangular"},"content":{"rendered":"","protected":false},"excerpt":{"rendered":"<p>Define tu espacio de comedor exterior con la pureza arquitect\u00f3nica de la mesa rectangular de la colecci\u00f3n <span class=\"il\">Idole<\/span>. Fabricada \u00edntegramente en aluminio lacado en blanco, esta pieza de 220 cm ofrece una superficie inmaculada, duradera y luminosa, que acoge c\u00f3modamente de 8 a 10 comensales. Su dise\u00f1o minimalista y su robusta construcci\u00f3n la convierten en la base ideal para largas comidas en terrazas contempor\u00e1neas, garantizando una durabilidad extrema frente al clima mediterr\u00e1neo.  <\/p>\n","protected":false},"featured_media":60753,"comment_status":"open","ping_status":"closed","template":"","meta":[],"product_brand":[4998],"product_cat":[3120,3122,5987,6833],"product_tag":[5747],"class_list":{"0":"post-60811","1":"product","2":"type-product","3":"status-publish","4":"has-post-thumbnail","6":"product_brand-la-villa","7":"product_cat-mesas","8":"product_cat-mesas-de-comedor","9":"product_cat-nuevas-colecciones","10":"product_cat-outdoor-es","11":"product_tag-idol","13":"first","14":"instock","15":"taxable","16":"shipping-taxable","17":"purchasable","18":"product-type-simple"},"yoast_head":"<!-- This site is optimized with the Yoast SEO plugin v27.4 - https:\/\/yoast.com\/product\/yoast-seo-wordpress\/ -->\n<title>Mesa de Comedor Idole 220cm | La Villa Garden &amp; Design<\/title>\n<meta name=\"description\" content=\"Mesa de comedor rectangular Idole. Dise\u00f1o minimalista en aluminio blanco. Duradera y elegante para 8-10 personas. Lujo contempor\u00e1neo para tu jard\u00edn.\" \/>\n<meta name=\"robots\" content=\"index, follow, max-snippet:-1, max-image-preview:large, max-video-preview:-1\" \/>\n<link rel=\"canonical\" href=\"https:\/\/www.lavillagardendesign.com\/es\/producto\/idole-mesa-de-comedor-rectangular\/\" \/>\n<meta property=\"og:locale\" content=\"es_ES\" \/>\n<meta property=\"og:type\" content=\"article\" \/>\n<meta property=\"og:title\" content=\"Mesa de Comedor Idole 220cm | La Villa Garden &amp; Design\" \/>\n<meta property=\"og:description\" content=\"Mesa de comedor rectangular Idole. Dise\u00f1o minimalista en aluminio blanco. Duradera y elegante para 8-10 personas. Lujo contempor\u00e1neo para tu jard\u00edn.\" \/>\n<meta property=\"og:url\" content=\"https:\/\/www.lavillagardendesign.com\/es\/producto\/idole-mesa-de-comedor-rectangular\/\" \/>\n<meta property=\"og:site_name\" content=\"La Villa Garden&amp;Design\" \/>\n<meta property=\"article:publisher\" content=\"https:\/\/www.facebook.com\/lavillagardendesign\/\" \/>\n<meta property=\"article:modified_time\" content=\"2026-02-23T09:40:39+00:00\" \/>\n<meta property=\"og:image\" content=\"https:\/\/www.lavillagardendesign.com\/wp-content\/uploads\/2026\/01\/Captura-de-pantalla-2026-01-03-a-las-13.18.18.jpg\" \/>\n\t<meta property=\"og:image:width\" content=\"1578\" \/>\n\t<meta property=\"og:image:height\" content=\"1270\" \/>\n\t<meta property=\"og:image:type\" content=\"image\/jpeg\" \/>\n<meta name=\"twitter:card\" content=\"summary_large_image\" \/>\n<script type=\"application\/ld+json\" class=\"yoast-schema-graph\">{\"@context\":\"https:\\\/\\\/schema.org\",\"@graph\":[{\"@type\":\"WebPage\",\"@id\":\"https:\\\/\\\/www.lavillagardendesign.com\\\/es\\\/producto\\\/idole-mesa-de-comedor-rectangular\\\/\",\"url\":\"https:\\\/\\\/www.lavillagardendesign.com\\\/es\\\/producto\\\/idole-mesa-de-comedor-rectangular\\\/\",\"name\":\"Mesa de Comedor Idole 220cm | La Villa Garden & Design\",\"isPartOf\":{\"@id\":\"https:\\\/\\\/www.lavillagardendesign.com\\\/#website\"},\"primaryImageOfPage\":{\"@id\":\"https:\\\/\\\/www.lavillagardendesign.com\\\/es\\\/producto\\\/idole-mesa-de-comedor-rectangular\\\/#primaryimage\"},\"image\":{\"@id\":\"https:\\\/\\\/www.lavillagardendesign.com\\\/es\\\/producto\\\/idole-mesa-de-comedor-rectangular\\\/#primaryimage\"},\"thumbnailUrl\":\"https:\\\/\\\/www.lavillagardendesign.com\\\/wp-content\\\/uploads\\\/2026\\\/01\\\/Captura-de-pantalla-2026-01-03-a-las-13.18.18.jpg\",\"datePublished\":\"2026-01-28T16:13:55+00:00\",\"dateModified\":\"2026-02-23T09:40:39+00:00\",\"description\":\"Mesa de comedor rectangular Idole. Dise\u00f1o minimalista en aluminio blanco. Duradera y elegante para 8-10 personas. Lujo contempor\u00e1neo para tu jard\u00edn.\",\"breadcrumb\":{\"@id\":\"https:\\\/\\\/www.lavillagardendesign.com\\\/es\\\/producto\\\/idole-mesa-de-comedor-rectangular\\\/#breadcrumb\"},\"inLanguage\":\"es\",\"potentialAction\":[{\"@type\":\"ReadAction\",\"target\":[\"https:\\\/\\\/www.lavillagardendesign.com\\\/es\\\/producto\\\/idole-mesa-de-comedor-rectangular\\\/\"]}]},{\"@type\":\"ImageObject\",\"inLanguage\":\"es\",\"@id\":\"https:\\\/\\\/www.lavillagardendesign.com\\\/es\\\/producto\\\/idole-mesa-de-comedor-rectangular\\\/#primaryimage\",\"url\":\"https:\\\/\\\/www.lavillagardendesign.com\\\/wp-content\\\/uploads\\\/2026\\\/01\\\/Captura-de-pantalla-2026-01-03-a-las-13.18.18.jpg\",\"contentUrl\":\"https:\\\/\\\/www.lavillagardendesign.com\\\/wp-content\\\/uploads\\\/2026\\\/01\\\/Captura-de-pantalla-2026-01-03-a-las-13.18.18.jpg\",\"width\":1578,\"height\":1270},{\"@type\":\"BreadcrumbList\",\"@id\":\"https:\\\/\\\/www.lavillagardendesign.com\\\/es\\\/producto\\\/idole-mesa-de-comedor-rectangular\\\/#breadcrumb\",\"itemListElement\":[{\"@type\":\"ListItem\",\"position\":1,\"name\":\"Home\",\"item\":\"https:\\\/\\\/www.lavillagardendesign.com\\\/\"},{\"@type\":\"ListItem\",\"position\":2,\"name\":\"Tienda\",\"item\":\"https:\\\/\\\/www.lavillagardendesign.com\\\/es\\\/tienda\\\/\"},{\"@type\":\"ListItem\",\"position\":3,\"name\":\"IDOLE &#8211; Mesa de comedor rectangular\"}]},{\"@type\":\"WebSite\",\"@id\":\"https:\\\/\\\/www.lavillagardendesign.com\\\/#website\",\"url\":\"https:\\\/\\\/www.lavillagardendesign.com\\\/\",\"name\":\"La Villa Garden&Design\",\"description\":\"\",\"publisher\":{\"@id\":\"https:\\\/\\\/www.lavillagardendesign.com\\\/#organization\"},\"potentialAction\":[{\"@type\":\"SearchAction\",\"target\":{\"@type\":\"EntryPoint\",\"urlTemplate\":\"https:\\\/\\\/www.lavillagardendesign.com\\\/?s={search_term_string}\"},\"query-input\":{\"@type\":\"PropertyValueSpecification\",\"valueRequired\":true,\"valueName\":\"search_term_string\"}}],\"inLanguage\":\"es\"},{\"@type\":\"Organization\",\"@id\":\"https:\\\/\\\/www.lavillagardendesign.com\\\/#organization\",\"name\":\"La Villa Garden&Design\",\"url\":\"https:\\\/\\\/www.lavillagardendesign.com\\\/\",\"logo\":{\"@type\":\"ImageObject\",\"inLanguage\":\"es\",\"@id\":\"https:\\\/\\\/www.lavillagardendesign.com\\\/#\\\/schema\\\/logo\\\/image\\\/\",\"url\":\"https:\\\/\\\/www.lavillagardendesign.com\\\/wp-content\\\/uploads\\\/2024\\\/04\\\/logolavilla.png\",\"contentUrl\":\"https:\\\/\\\/www.lavillagardendesign.com\\\/wp-content\\\/uploads\\\/2024\\\/04\\\/logolavilla.png\",\"width\":682,\"height\":391,\"caption\":\"La Villa Garden&Design\"},\"image\":{\"@id\":\"https:\\\/\\\/www.lavillagardendesign.com\\\/#\\\/schema\\\/logo\\\/image\\\/\"},\"sameAs\":[\"https:\\\/\\\/www.facebook.com\\\/lavillagardendesign\\\/\"]}]}<\/script>\n<!-- \/ Yoast SEO plugin. -->","yoast_head_json":{"title":"Mesa de Comedor Idole 220cm | La Villa Garden & Design","description":"Mesa de comedor rectangular Idole. Dise\u00f1o minimalista en aluminio blanco. Duradera y elegante para 8-10 personas. Lujo contempor\u00e1neo para tu jard\u00edn.","robots":{"index":"index","follow":"follow","max-snippet":"max-snippet:-1","max-image-preview":"max-image-preview:large","max-video-preview":"max-video-preview:-1"},"canonical":"https:\/\/www.lavillagardendesign.com\/es\/producto\/idole-mesa-de-comedor-rectangular\/","og_locale":"es_ES","og_type":"article","og_title":"Mesa de Comedor Idole 220cm | La Villa Garden & Design","og_description":"Mesa de comedor rectangular Idole. Dise\u00f1o minimalista en aluminio blanco. Duradera y elegante para 8-10 personas. Lujo contempor\u00e1neo para tu jard\u00edn.","og_url":"https:\/\/www.lavillagardendesign.com\/es\/producto\/idole-mesa-de-comedor-rectangular\/","og_site_name":"La Villa Garden&amp;Design","article_publisher":"https:\/\/www.facebook.com\/lavillagardendesign\/","article_modified_time":"2026-02-23T09:40:39+00:00","og_image":[{"width":1578,"height":1270,"url":"https:\/\/www.lavillagardendesign.com\/wp-content\/uploads\/2026\/01\/Captura-de-pantalla-2026-01-03-a-las-13.18.18.jpg","type":"image\/jpeg"}],"twitter_card":"summary_large_image","schema":{"@context":"https:\/\/schema.org","@graph":[{"@type":"WebPage","@id":"https:\/\/www.lavillagardendesign.com\/es\/producto\/idole-mesa-de-comedor-rectangular\/","url":"https:\/\/www.lavillagardendesign.com\/es\/producto\/idole-mesa-de-comedor-rectangular\/","name":"Mesa de Comedor Idole 220cm | La Villa Garden & Design","isPartOf":{"@id":"https:\/\/www.lavillagardendesign.com\/#website"},"primaryImageOfPage":{"@id":"https:\/\/www.lavillagardendesign.com\/es\/producto\/idole-mesa-de-comedor-rectangular\/#primaryimage"},"image":{"@id":"https:\/\/www.lavillagardendesign.com\/es\/producto\/idole-mesa-de-comedor-rectangular\/#primaryimage"},"thumbnailUrl":"https:\/\/www.lavillagardendesign.com\/wp-content\/uploads\/2026\/01\/Captura-de-pantalla-2026-01-03-a-las-13.18.18.jpg","datePublished":"2026-01-28T16:13:55+00:00","dateModified":"2026-02-23T09:40:39+00:00","description":"Mesa de comedor rectangular Idole. Dise\u00f1o minimalista en aluminio blanco. Duradera y elegante para 8-10 personas. Lujo contempor\u00e1neo para tu jard\u00edn.","breadcrumb":{"@id":"https:\/\/www.lavillagardendesign.com\/es\/producto\/idole-mesa-de-comedor-rectangular\/#breadcrumb"},"inLanguage":"es","potentialAction":[{"@type":"ReadAction","target":["https:\/\/www.lavillagardendesign.com\/es\/producto\/idole-mesa-de-comedor-rectangular\/"]}]},{"@type":"ImageObject","inLanguage":"es","@id":"https:\/\/www.lavillagardendesign.com\/es\/producto\/idole-mesa-de-comedor-rectangular\/#primaryimage","url":"https:\/\/www.lavillagardendesign.com\/wp-content\/uploads\/2026\/01\/Captura-de-pantalla-2026-01-03-a-las-13.18.18.jpg","contentUrl":"https:\/\/www.lavillagardendesign.com\/wp-content\/uploads\/2026\/01\/Captura-de-pantalla-2026-01-03-a-las-13.18.18.jpg","width":1578,"height":1270},{"@type":"BreadcrumbList","@id":"https:\/\/www.lavillagardendesign.com\/es\/producto\/idole-mesa-de-comedor-rectangular\/#breadcrumb","itemListElement":[{"@type":"ListItem","position":1,"name":"Home","item":"https:\/\/www.lavillagardendesign.com\/"},{"@type":"ListItem","position":2,"name":"Tienda","item":"https:\/\/www.lavillagardendesign.com\/es\/tienda\/"},{"@type":"ListItem","position":3,"name":"IDOLE &#8211; Mesa de comedor rectangular"}]},{"@type":"WebSite","@id":"https:\/\/www.lavillagardendesign.com\/#website","url":"https:\/\/www.lavillagardendesign.com\/","name":"La Villa Garden&Design","description":"","publisher":{"@id":"https:\/\/www.lavillagardendesign.com\/#organization"},"potentialAction":[{"@type":"SearchAction","target":{"@type":"EntryPoint","urlTemplate":"https:\/\/www.lavillagardendesign.com\/?s={search_term_string}"},"query-input":{"@type":"PropertyValueSpecification","valueRequired":true,"valueName":"search_term_string"}}],"inLanguage":"es"},{"@type":"Organization","@id":"https:\/\/www.lavillagardendesign.com\/#organization","name":"La Villa Garden&Design","url":"https:\/\/www.lavillagardendesign.com\/","logo":{"@type":"ImageObject","inLanguage":"es","@id":"https:\/\/www.lavillagardendesign.com\/#\/schema\/logo\/image\/","url":"https:\/\/www.lavillagardendesign.com\/wp-content\/uploads\/2024\/04\/logolavilla.png","contentUrl":"https:\/\/www.lavillagardendesign.com\/wp-content\/uploads\/2024\/04\/logolavilla.png","width":682,"height":391,"caption":"La Villa Garden&Design"},"image":{"@id":"https:\/\/www.lavillagardendesign.com\/#\/schema\/logo\/image\/"},"sameAs":["https:\/\/www.facebook.com\/lavillagardendesign\/"]}]}},"_links":{"self":[{"href":"https:\/\/www.lavillagardendesign.com\/es\/wp-json\/wp\/v2\/product\/60811","targetHints":{"allow":["GET"]}}],"collection":[{"href":"https:\/\/www.lavillagardendesign.com\/es\/wp-json\/wp\/v2\/product"}],"about":[{"href":"https:\/\/www.lavillagardendesign.com\/es\/wp-json\/wp\/v2\/types\/product"}],"replies":[{"embeddable":true,"href":"https:\/\/www.lavillagardendesign.com\/es\/wp-json\/wp\/v2\/comments?post=60811"}],"version-history":[{"count":1,"href":"https:\/\/www.lavillagardendesign.com\/es\/wp-json\/wp\/v2\/product\/60811\/revisions"}],"predecessor-version":[{"id":60812,"href":"https:\/\/www.lavillagardendesign.com\/es\/wp-json\/wp\/v2\/product\/60811\/revisions\/60812"}],"wp:featuredmedia":[{"embeddable":true,"href":"https:\/\/www.lavillagardendesign.com\/es\/wp-json\/wp\/v2\/media\/60753"}],"wp:attachment":[{"href":"https:\/\/www.lavillagardendesign.com\/es\/wp-json\/wp\/v2\/media?parent=60811"}],"wp:term":[{"taxonomy":"product_brand","embeddable":true,"href":"https:\/\/www.lavillagardendesign.com\/es\/wp-json\/wp\/v2\/product_brand?post=60811"},{"taxonomy":"product_cat","embeddable":true,"href":"https:\/\/www.lavillagardendesign.com\/es\/wp-json\/wp\/v2\/product_cat?post=60811"},{"taxonomy":"product_tag","embeddable":true,"href":"https:\/\/www.lavillagardendesign.com\/es\/wp-json\/wp\/v2\/product_tag?post=60811"}],"curies":[{"name":"wp","href":"https:\/\/api.w.org\/{rel}","templated":true}]}}