{"id":60805,"date":"2026-01-28T17:01:23","date_gmt":"2026-01-28T16:01:23","guid":{"rendered":"https:\/\/www.lavillagardendesign.com\/product\/idole-reposapies-otomano\/"},"modified":"2026-02-23T11:38:42","modified_gmt":"2026-02-23T09:38:42","slug":"idole-reposapies-otomano","status":"publish","type":"product","link":"https:\/\/www.lavillagardendesign.com\/es\/producto\/idole-reposapies-otomano\/","title":{"rendered":"IDOLE &#8211; Reposapi\u00e9s Otomano"},"content":{"rendered":"","protected":false},"excerpt":{"rendered":"<p>Maximiza la versatilidad de tu conjunto <span class=\"il\">Idole<\/span> con este reposapi\u00e9s otomano de dise\u00f1o contempor\u00e1neo. Manteniendo la coherencia est\u00e9tica de la colecci\u00f3n, presenta una base de aluminio blanco que soporta un coj\u00edn de gran formato en tejido Axroma \u00abPaloma\u00bb. Funciona perfectamente como extensi\u00f3n de los m\u00f3dulos para crear una chaise lounge, como asiento extra para invitados o como mesa de centro \u00abblanda\u00bb. Una pieza multifuncional esencial para las terrazas modernas.   <\/p>\n","protected":false},"featured_media":60727,"comment_status":"open","ping_status":"closed","template":"","meta":[],"product_brand":[4998],"product_cat":[5987,6833,3111,3113],"product_tag":[5747],"class_list":{"0":"post-60805","1":"product","2":"type-product","3":"status-publish","4":"has-post-thumbnail","6":"product_brand-la-villa","7":"product_cat-nuevas-colecciones","8":"product_cat-outdoor-es","9":"product_cat-sofas-y-butacas","10":"product_cat-sofas-es","11":"product_tag-idol","13":"first","14":"instock","15":"taxable","16":"shipping-taxable","17":"purchasable","18":"product-type-simple"},"yoast_head":"<!-- This site is optimized with the Yoast SEO plugin v27.1.1 - https:\/\/yoast.com\/product\/yoast-seo-wordpress\/ -->\n<title>Reposapi\u00e9s Otomano Idole | Dise\u00f1o Moderno de Exteriores | La Villa Garden &amp; Design<\/title>\n<meta name=\"description\" content=\"Puf otomano de la colecci\u00f3n Idole. Estructura de aluminio blanco y tela Dove. Versatilidad y dise\u00f1o contempor\u00e1neo para tu jard\u00edn de lujo.\" \/>\n<meta name=\"robots\" content=\"index, follow, max-snippet:-1, max-image-preview:large, max-video-preview:-1\" \/>\n<link rel=\"canonical\" href=\"https:\/\/www.lavillagardendesign.com\/es\/producto\/idole-reposapies-otomano\/\" \/>\n<meta property=\"og:locale\" content=\"es_ES\" \/>\n<meta property=\"og:type\" content=\"article\" \/>\n<meta property=\"og:title\" content=\"Reposapi\u00e9s Otomano Idole | Dise\u00f1o Moderno de Exteriores | La Villa Garden &amp; Design\" \/>\n<meta property=\"og:description\" content=\"Puf otomano de la colecci\u00f3n Idole. Estructura de aluminio blanco y tela Dove. Versatilidad y dise\u00f1o contempor\u00e1neo para tu jard\u00edn de lujo.\" \/>\n<meta property=\"og:url\" content=\"https:\/\/www.lavillagardendesign.com\/es\/producto\/idole-reposapies-otomano\/\" \/>\n<meta property=\"og:site_name\" content=\"La Villa Garden&amp;Design\" \/>\n<meta property=\"article:publisher\" content=\"https:\/\/www.facebook.com\/lavillagardendesign\/\" \/>\n<meta property=\"article:modified_time\" content=\"2026-02-23T09:38:42+00:00\" \/>\n<meta property=\"og:image\" content=\"https:\/\/www.lavillagardendesign.com\/wp-content\/uploads\/2026\/01\/1-4.jpg\" \/>\n\t<meta property=\"og:image:width\" content=\"700\" \/>\n\t<meta property=\"og:image:height\" content=\"800\" \/>\n\t<meta property=\"og:image:type\" content=\"image\/jpeg\" \/>\n<meta name=\"twitter:card\" content=\"summary_large_image\" \/>\n<script type=\"application\/ld+json\" class=\"yoast-schema-graph\">{\"@context\":\"https:\/\/schema.org\",\"@graph\":[{\"@type\":\"WebPage\",\"@id\":\"https:\/\/www.lavillagardendesign.com\/es\/producto\/idole-reposapies-otomano\/\",\"url\":\"https:\/\/www.lavillagardendesign.com\/es\/producto\/idole-reposapies-otomano\/\",\"name\":\"Reposapi\u00e9s Otomano Idole | Dise\u00f1o Moderno de Exteriores | La Villa Garden & Design\",\"isPartOf\":{\"@id\":\"https:\/\/www.lavillagardendesign.com\/#website\"},\"primaryImageOfPage\":{\"@id\":\"https:\/\/www.lavillagardendesign.com\/es\/producto\/idole-reposapies-otomano\/#primaryimage\"},\"image\":{\"@id\":\"https:\/\/www.lavillagardendesign.com\/es\/producto\/idole-reposapies-otomano\/#primaryimage\"},\"thumbnailUrl\":\"https:\/\/www.lavillagardendesign.com\/wp-content\/uploads\/2026\/01\/1-4.jpg\",\"datePublished\":\"2026-01-28T16:01:23+00:00\",\"dateModified\":\"2026-02-23T09:38:42+00:00\",\"description\":\"Puf otomano de la colecci\u00f3n Idole. Estructura de aluminio blanco y tela Dove. Versatilidad y dise\u00f1o contempor\u00e1neo para tu jard\u00edn de lujo.\",\"breadcrumb\":{\"@id\":\"https:\/\/www.lavillagardendesign.com\/es\/producto\/idole-reposapies-otomano\/#breadcrumb\"},\"inLanguage\":\"es\",\"potentialAction\":[{\"@type\":\"ReadAction\",\"target\":[\"https:\/\/www.lavillagardendesign.com\/es\/producto\/idole-reposapies-otomano\/\"]}]},{\"@type\":\"ImageObject\",\"inLanguage\":\"es\",\"@id\":\"https:\/\/www.lavillagardendesign.com\/es\/producto\/idole-reposapies-otomano\/#primaryimage\",\"url\":\"https:\/\/www.lavillagardendesign.com\/wp-content\/uploads\/2026\/01\/1-4.jpg\",\"contentUrl\":\"https:\/\/www.lavillagardendesign.com\/wp-content\/uploads\/2026\/01\/1-4.jpg\",\"width\":700,\"height\":800},{\"@type\":\"BreadcrumbList\",\"@id\":\"https:\/\/www.lavillagardendesign.com\/es\/producto\/idole-reposapies-otomano\/#breadcrumb\",\"itemListElement\":[{\"@type\":\"ListItem\",\"position\":1,\"name\":\"Home\",\"item\":\"https:\/\/www.lavillagardendesign.com\/\"},{\"@type\":\"ListItem\",\"position\":2,\"name\":\"Tienda\",\"item\":\"https:\/\/www.lavillagardendesign.com\/es\/tienda\/\"},{\"@type\":\"ListItem\",\"position\":3,\"name\":\"IDOLE &#8211; Reposapi\u00e9s Otomano\"}]},{\"@type\":\"WebSite\",\"@id\":\"https:\/\/www.lavillagardendesign.com\/#website\",\"url\":\"https:\/\/www.lavillagardendesign.com\/\",\"name\":\"La Villa Garden&Design\",\"description\":\"\",\"publisher\":{\"@id\":\"https:\/\/www.lavillagardendesign.com\/#organization\"},\"potentialAction\":[{\"@type\":\"SearchAction\",\"target\":{\"@type\":\"EntryPoint\",\"urlTemplate\":\"https:\/\/www.lavillagardendesign.com\/?s={search_term_string}\"},\"query-input\":{\"@type\":\"PropertyValueSpecification\",\"valueRequired\":true,\"valueName\":\"search_term_string\"}}],\"inLanguage\":\"es\"},{\"@type\":\"Organization\",\"@id\":\"https:\/\/www.lavillagardendesign.com\/#organization\",\"name\":\"La Villa Garden&Design\",\"url\":\"https:\/\/www.lavillagardendesign.com\/\",\"logo\":{\"@type\":\"ImageObject\",\"inLanguage\":\"es\",\"@id\":\"https:\/\/www.lavillagardendesign.com\/#\/schema\/logo\/image\/\",\"url\":\"https:\/\/www.lavillagardendesign.com\/wp-content\/uploads\/2024\/04\/logolavilla.png\",\"contentUrl\":\"https:\/\/www.lavillagardendesign.com\/wp-content\/uploads\/2024\/04\/logolavilla.png\",\"width\":682,\"height\":391,\"caption\":\"La Villa Garden&Design\"},\"image\":{\"@id\":\"https:\/\/www.lavillagardendesign.com\/#\/schema\/logo\/image\/\"},\"sameAs\":[\"https:\/\/www.facebook.com\/lavillagardendesign\/\"]}]}<\/script>\n<!-- \/ Yoast SEO plugin. -->","yoast_head_json":{"title":"Reposapi\u00e9s Otomano Idole | Dise\u00f1o Moderno de Exteriores | La Villa Garden & Design","description":"Puf otomano de la colecci\u00f3n Idole. Estructura de aluminio blanco y tela Dove. Versatilidad y dise\u00f1o contempor\u00e1neo para tu jard\u00edn de lujo.","robots":{"index":"index","follow":"follow","max-snippet":"max-snippet:-1","max-image-preview":"max-image-preview:large","max-video-preview":"max-video-preview:-1"},"canonical":"https:\/\/www.lavillagardendesign.com\/es\/producto\/idole-reposapies-otomano\/","og_locale":"es_ES","og_type":"article","og_title":"Reposapi\u00e9s Otomano Idole | Dise\u00f1o Moderno de Exteriores | La Villa Garden & Design","og_description":"Puf otomano de la colecci\u00f3n Idole. Estructura de aluminio blanco y tela Dove. Versatilidad y dise\u00f1o contempor\u00e1neo para tu jard\u00edn de lujo.","og_url":"https:\/\/www.lavillagardendesign.com\/es\/producto\/idole-reposapies-otomano\/","og_site_name":"La Villa Garden&amp;Design","article_publisher":"https:\/\/www.facebook.com\/lavillagardendesign\/","article_modified_time":"2026-02-23T09:38:42+00:00","og_image":[{"width":700,"height":800,"url":"https:\/\/www.lavillagardendesign.com\/wp-content\/uploads\/2026\/01\/1-4.jpg","type":"image\/jpeg"}],"twitter_card":"summary_large_image","schema":{"@context":"https:\/\/schema.org","@graph":[{"@type":"WebPage","@id":"https:\/\/www.lavillagardendesign.com\/es\/producto\/idole-reposapies-otomano\/","url":"https:\/\/www.lavillagardendesign.com\/es\/producto\/idole-reposapies-otomano\/","name":"Reposapi\u00e9s Otomano Idole | Dise\u00f1o Moderno de Exteriores | La Villa Garden & Design","isPartOf":{"@id":"https:\/\/www.lavillagardendesign.com\/#website"},"primaryImageOfPage":{"@id":"https:\/\/www.lavillagardendesign.com\/es\/producto\/idole-reposapies-otomano\/#primaryimage"},"image":{"@id":"https:\/\/www.lavillagardendesign.com\/es\/producto\/idole-reposapies-otomano\/#primaryimage"},"thumbnailUrl":"https:\/\/www.lavillagardendesign.com\/wp-content\/uploads\/2026\/01\/1-4.jpg","datePublished":"2026-01-28T16:01:23+00:00","dateModified":"2026-02-23T09:38:42+00:00","description":"Puf otomano de la colecci\u00f3n Idole. Estructura de aluminio blanco y tela Dove. Versatilidad y dise\u00f1o contempor\u00e1neo para tu jard\u00edn de lujo.","breadcrumb":{"@id":"https:\/\/www.lavillagardendesign.com\/es\/producto\/idole-reposapies-otomano\/#breadcrumb"},"inLanguage":"es","potentialAction":[{"@type":"ReadAction","target":["https:\/\/www.lavillagardendesign.com\/es\/producto\/idole-reposapies-otomano\/"]}]},{"@type":"ImageObject","inLanguage":"es","@id":"https:\/\/www.lavillagardendesign.com\/es\/producto\/idole-reposapies-otomano\/#primaryimage","url":"https:\/\/www.lavillagardendesign.com\/wp-content\/uploads\/2026\/01\/1-4.jpg","contentUrl":"https:\/\/www.lavillagardendesign.com\/wp-content\/uploads\/2026\/01\/1-4.jpg","width":700,"height":800},{"@type":"BreadcrumbList","@id":"https:\/\/www.lavillagardendesign.com\/es\/producto\/idole-reposapies-otomano\/#breadcrumb","itemListElement":[{"@type":"ListItem","position":1,"name":"Home","item":"https:\/\/www.lavillagardendesign.com\/"},{"@type":"ListItem","position":2,"name":"Tienda","item":"https:\/\/www.lavillagardendesign.com\/es\/tienda\/"},{"@type":"ListItem","position":3,"name":"IDOLE &#8211; Reposapi\u00e9s Otomano"}]},{"@type":"WebSite","@id":"https:\/\/www.lavillagardendesign.com\/#website","url":"https:\/\/www.lavillagardendesign.com\/","name":"La Villa Garden&Design","description":"","publisher":{"@id":"https:\/\/www.lavillagardendesign.com\/#organization"},"potentialAction":[{"@type":"SearchAction","target":{"@type":"EntryPoint","urlTemplate":"https:\/\/www.lavillagardendesign.com\/?s={search_term_string}"},"query-input":{"@type":"PropertyValueSpecification","valueRequired":true,"valueName":"search_term_string"}}],"inLanguage":"es"},{"@type":"Organization","@id":"https:\/\/www.lavillagardendesign.com\/#organization","name":"La Villa Garden&Design","url":"https:\/\/www.lavillagardendesign.com\/","logo":{"@type":"ImageObject","inLanguage":"es","@id":"https:\/\/www.lavillagardendesign.com\/#\/schema\/logo\/image\/","url":"https:\/\/www.lavillagardendesign.com\/wp-content\/uploads\/2024\/04\/logolavilla.png","contentUrl":"https:\/\/www.lavillagardendesign.com\/wp-content\/uploads\/2024\/04\/logolavilla.png","width":682,"height":391,"caption":"La Villa Garden&Design"},"image":{"@id":"https:\/\/www.lavillagardendesign.com\/#\/schema\/logo\/image\/"},"sameAs":["https:\/\/www.facebook.com\/lavillagardendesign\/"]}]}},"_links":{"self":[{"href":"https:\/\/www.lavillagardendesign.com\/es\/wp-json\/wp\/v2\/product\/60805","targetHints":{"allow":["GET"]}}],"collection":[{"href":"https:\/\/www.lavillagardendesign.com\/es\/wp-json\/wp\/v2\/product"}],"about":[{"href":"https:\/\/www.lavillagardendesign.com\/es\/wp-json\/wp\/v2\/types\/product"}],"replies":[{"embeddable":true,"href":"https:\/\/www.lavillagardendesign.com\/es\/wp-json\/wp\/v2\/comments?post=60805"}],"version-history":[{"count":1,"href":"https:\/\/www.lavillagardendesign.com\/es\/wp-json\/wp\/v2\/product\/60805\/revisions"}],"predecessor-version":[{"id":61646,"href":"https:\/\/www.lavillagardendesign.com\/es\/wp-json\/wp\/v2\/product\/60805\/revisions\/61646"}],"wp:featuredmedia":[{"embeddable":true,"href":"https:\/\/www.lavillagardendesign.com\/es\/wp-json\/wp\/v2\/media\/60727"}],"wp:attachment":[{"href":"https:\/\/www.lavillagardendesign.com\/es\/wp-json\/wp\/v2\/media?parent=60805"}],"wp:term":[{"taxonomy":"product_brand","embeddable":true,"href":"https:\/\/www.lavillagardendesign.com\/es\/wp-json\/wp\/v2\/product_brand?post=60805"},{"taxonomy":"product_cat","embeddable":true,"href":"https:\/\/www.lavillagardendesign.com\/es\/wp-json\/wp\/v2\/product_cat?post=60805"},{"taxonomy":"product_tag","embeddable":true,"href":"https:\/\/www.lavillagardendesign.com\/es\/wp-json\/wp\/v2\/product_tag?post=60805"}],"curies":[{"name":"wp","href":"https:\/\/api.w.org\/{rel}","templated":true}]}}