{"id":60697,"date":"2026-01-26T12:02:40","date_gmt":"2026-01-26T11:02:40","guid":{"rendered":"https:\/\/www.lavillagardendesign.com\/product\/idol-tumbona-de-teca\/"},"modified":"2026-02-23T11:38:46","modified_gmt":"2026-02-23T09:38:46","slug":"idol-tumbona-de-teca","status":"publish","type":"product","link":"https:\/\/www.lavillagardendesign.com\/es\/producto\/idol-tumbona-de-teca\/","title":{"rendered":"IDOL &#8211; Tumbona de teca"},"content":{"rendered":"","protected":false},"excerpt":{"rendered":"<p>R\u00edndete a la elegancia natural con la tumbona de teca de la colecci\u00f3n <span class=\"il\">Idol<\/span>. Esta pieza exclusiva destaca por su dise\u00f1o \u00abLisse\u00bb (liso), con una estructura de madera de teca maciza de l\u00edneas puras y tacto suave, libre de ornamentos superfluos. Con una extraordinaria longitud de 213 cm y una anchura de 89 cm, ofrece un confort de primera clase, complementado con un colch\u00f3n de alto rendimiento en tejido Axroma. Es la fusi\u00f3n perfecta de la calidez org\u00e1nica de la madera y el dise\u00f1o contempor\u00e1neo minimalista.   <\/p>\n","protected":false},"featured_media":60671,"comment_status":"open","ping_status":"closed","template":"","meta":[],"product_brand":[4998],"product_cat":[5987,6833,3116,3114],"product_tag":[5747],"class_list":{"0":"post-60697","1":"product","2":"type-product","3":"status-publish","4":"has-post-thumbnail","6":"product_brand-la-villa","7":"product_cat-nuevas-colecciones","8":"product_cat-outdoor-es","9":"product_cat-tumbonas","10":"product_cat-tumbonas-camas","11":"product_tag-idol","13":"first","14":"instock","15":"taxable","16":"shipping-taxable","17":"purchasable","18":"product-type-simple"},"yoast_head":"<!-- This site is optimized with the Yoast SEO plugin v27.4 - https:\/\/yoast.com\/product\/yoast-seo-wordpress\/ -->\n<title>Tumbona Idol Teka | Lisse Design 213cm | La Villa Garden &amp; Design<\/title>\n<meta name=\"description\" content=\"Tumbona de teca maciza de la colecci\u00f3n Idol. Dise\u00f1o minimalista y gran formato (213x89 cm). Confort premium con tejido Axroma. Elegancia natural.\" \/>\n<meta name=\"robots\" content=\"index, follow, max-snippet:-1, max-image-preview:large, max-video-preview:-1\" \/>\n<link rel=\"canonical\" href=\"https:\/\/www.lavillagardendesign.com\/es\/producto\/idol-tumbona-de-teca\/\" \/>\n<meta property=\"og:locale\" content=\"es_ES\" \/>\n<meta property=\"og:type\" content=\"article\" \/>\n<meta property=\"og:title\" content=\"Tumbona Idol Teka | Lisse Design 213cm | La Villa Garden &amp; Design\" \/>\n<meta property=\"og:description\" content=\"Tumbona de teca maciza de la colecci\u00f3n Idol. Dise\u00f1o minimalista y gran formato (213x89 cm). Confort premium con tejido Axroma. Elegancia natural.\" \/>\n<meta property=\"og:url\" content=\"https:\/\/www.lavillagardendesign.com\/es\/producto\/idol-tumbona-de-teca\/\" \/>\n<meta property=\"og:site_name\" content=\"La Villa Garden&amp;Design\" \/>\n<meta property=\"article:publisher\" content=\"https:\/\/www.facebook.com\/lavillagardendesign\/\" \/>\n<meta property=\"article:modified_time\" content=\"2026-02-23T09:38:46+00:00\" \/>\n<meta property=\"og:image\" content=\"https:\/\/www.lavillagardendesign.com\/wp-content\/uploads\/2026\/01\/Design-sans-titre2.jpg\" \/>\n\t<meta property=\"og:image:width\" content=\"700\" \/>\n\t<meta property=\"og:image:height\" content=\"800\" \/>\n\t<meta property=\"og:image:type\" content=\"image\/jpeg\" \/>\n<meta name=\"twitter:card\" content=\"summary_large_image\" \/>\n<script type=\"application\/ld+json\" class=\"yoast-schema-graph\">{\"@context\":\"https:\\\/\\\/schema.org\",\"@graph\":[{\"@type\":\"WebPage\",\"@id\":\"https:\\\/\\\/www.lavillagardendesign.com\\\/es\\\/producto\\\/idol-tumbona-de-teca\\\/\",\"url\":\"https:\\\/\\\/www.lavillagardendesign.com\\\/es\\\/producto\\\/idol-tumbona-de-teca\\\/\",\"name\":\"Tumbona Idol Teka | Lisse Design 213cm | La Villa Garden & Design\",\"isPartOf\":{\"@id\":\"https:\\\/\\\/www.lavillagardendesign.com\\\/#website\"},\"primaryImageOfPage\":{\"@id\":\"https:\\\/\\\/www.lavillagardendesign.com\\\/es\\\/producto\\\/idol-tumbona-de-teca\\\/#primaryimage\"},\"image\":{\"@id\":\"https:\\\/\\\/www.lavillagardendesign.com\\\/es\\\/producto\\\/idol-tumbona-de-teca\\\/#primaryimage\"},\"thumbnailUrl\":\"https:\\\/\\\/www.lavillagardendesign.com\\\/wp-content\\\/uploads\\\/2026\\\/01\\\/Design-sans-titre2.jpg\",\"datePublished\":\"2026-01-26T11:02:40+00:00\",\"dateModified\":\"2026-02-23T09:38:46+00:00\",\"description\":\"Tumbona de teca maciza de la colecci\u00f3n Idol. Dise\u00f1o minimalista y gran formato (213x89 cm). Confort premium con tejido Axroma. Elegancia natural.\",\"breadcrumb\":{\"@id\":\"https:\\\/\\\/www.lavillagardendesign.com\\\/es\\\/producto\\\/idol-tumbona-de-teca\\\/#breadcrumb\"},\"inLanguage\":\"es\",\"potentialAction\":[{\"@type\":\"ReadAction\",\"target\":[\"https:\\\/\\\/www.lavillagardendesign.com\\\/es\\\/producto\\\/idol-tumbona-de-teca\\\/\"]}]},{\"@type\":\"ImageObject\",\"inLanguage\":\"es\",\"@id\":\"https:\\\/\\\/www.lavillagardendesign.com\\\/es\\\/producto\\\/idol-tumbona-de-teca\\\/#primaryimage\",\"url\":\"https:\\\/\\\/www.lavillagardendesign.com\\\/wp-content\\\/uploads\\\/2026\\\/01\\\/Design-sans-titre2.jpg\",\"contentUrl\":\"https:\\\/\\\/www.lavillagardendesign.com\\\/wp-content\\\/uploads\\\/2026\\\/01\\\/Design-sans-titre2.jpg\",\"width\":700,\"height\":800},{\"@type\":\"BreadcrumbList\",\"@id\":\"https:\\\/\\\/www.lavillagardendesign.com\\\/es\\\/producto\\\/idol-tumbona-de-teca\\\/#breadcrumb\",\"itemListElement\":[{\"@type\":\"ListItem\",\"position\":1,\"name\":\"Home\",\"item\":\"https:\\\/\\\/www.lavillagardendesign.com\\\/\"},{\"@type\":\"ListItem\",\"position\":2,\"name\":\"Tienda\",\"item\":\"https:\\\/\\\/www.lavillagardendesign.com\\\/es\\\/tienda\\\/\"},{\"@type\":\"ListItem\",\"position\":3,\"name\":\"IDOL &#8211; Tumbona de teca\"}]},{\"@type\":\"WebSite\",\"@id\":\"https:\\\/\\\/www.lavillagardendesign.com\\\/#website\",\"url\":\"https:\\\/\\\/www.lavillagardendesign.com\\\/\",\"name\":\"La Villa Garden&Design\",\"description\":\"\",\"publisher\":{\"@id\":\"https:\\\/\\\/www.lavillagardendesign.com\\\/#organization\"},\"potentialAction\":[{\"@type\":\"SearchAction\",\"target\":{\"@type\":\"EntryPoint\",\"urlTemplate\":\"https:\\\/\\\/www.lavillagardendesign.com\\\/?s={search_term_string}\"},\"query-input\":{\"@type\":\"PropertyValueSpecification\",\"valueRequired\":true,\"valueName\":\"search_term_string\"}}],\"inLanguage\":\"es\"},{\"@type\":\"Organization\",\"@id\":\"https:\\\/\\\/www.lavillagardendesign.com\\\/#organization\",\"name\":\"La Villa Garden&Design\",\"url\":\"https:\\\/\\\/www.lavillagardendesign.com\\\/\",\"logo\":{\"@type\":\"ImageObject\",\"inLanguage\":\"es\",\"@id\":\"https:\\\/\\\/www.lavillagardendesign.com\\\/#\\\/schema\\\/logo\\\/image\\\/\",\"url\":\"https:\\\/\\\/www.lavillagardendesign.com\\\/wp-content\\\/uploads\\\/2024\\\/04\\\/logolavilla.png\",\"contentUrl\":\"https:\\\/\\\/www.lavillagardendesign.com\\\/wp-content\\\/uploads\\\/2024\\\/04\\\/logolavilla.png\",\"width\":682,\"height\":391,\"caption\":\"La Villa Garden&Design\"},\"image\":{\"@id\":\"https:\\\/\\\/www.lavillagardendesign.com\\\/#\\\/schema\\\/logo\\\/image\\\/\"},\"sameAs\":[\"https:\\\/\\\/www.facebook.com\\\/lavillagardendesign\\\/\"]}]}<\/script>\n<!-- \/ Yoast SEO plugin. -->","yoast_head_json":{"title":"Tumbona Idol Teka | Lisse Design 213cm | La Villa Garden & Design","description":"Tumbona de teca maciza de la colecci\u00f3n Idol. Dise\u00f1o minimalista y gran formato (213x89 cm). Confort premium con tejido Axroma. Elegancia natural.","robots":{"index":"index","follow":"follow","max-snippet":"max-snippet:-1","max-image-preview":"max-image-preview:large","max-video-preview":"max-video-preview:-1"},"canonical":"https:\/\/www.lavillagardendesign.com\/es\/producto\/idol-tumbona-de-teca\/","og_locale":"es_ES","og_type":"article","og_title":"Tumbona Idol Teka | Lisse Design 213cm | La Villa Garden & Design","og_description":"Tumbona de teca maciza de la colecci\u00f3n Idol. Dise\u00f1o minimalista y gran formato (213x89 cm). Confort premium con tejido Axroma. Elegancia natural.","og_url":"https:\/\/www.lavillagardendesign.com\/es\/producto\/idol-tumbona-de-teca\/","og_site_name":"La Villa Garden&amp;Design","article_publisher":"https:\/\/www.facebook.com\/lavillagardendesign\/","article_modified_time":"2026-02-23T09:38:46+00:00","og_image":[{"width":700,"height":800,"url":"https:\/\/www.lavillagardendesign.com\/wp-content\/uploads\/2026\/01\/Design-sans-titre2.jpg","type":"image\/jpeg"}],"twitter_card":"summary_large_image","schema":{"@context":"https:\/\/schema.org","@graph":[{"@type":"WebPage","@id":"https:\/\/www.lavillagardendesign.com\/es\/producto\/idol-tumbona-de-teca\/","url":"https:\/\/www.lavillagardendesign.com\/es\/producto\/idol-tumbona-de-teca\/","name":"Tumbona Idol Teka | Lisse Design 213cm | La Villa Garden & Design","isPartOf":{"@id":"https:\/\/www.lavillagardendesign.com\/#website"},"primaryImageOfPage":{"@id":"https:\/\/www.lavillagardendesign.com\/es\/producto\/idol-tumbona-de-teca\/#primaryimage"},"image":{"@id":"https:\/\/www.lavillagardendesign.com\/es\/producto\/idol-tumbona-de-teca\/#primaryimage"},"thumbnailUrl":"https:\/\/www.lavillagardendesign.com\/wp-content\/uploads\/2026\/01\/Design-sans-titre2.jpg","datePublished":"2026-01-26T11:02:40+00:00","dateModified":"2026-02-23T09:38:46+00:00","description":"Tumbona de teca maciza de la colecci\u00f3n Idol. Dise\u00f1o minimalista y gran formato (213x89 cm). Confort premium con tejido Axroma. Elegancia natural.","breadcrumb":{"@id":"https:\/\/www.lavillagardendesign.com\/es\/producto\/idol-tumbona-de-teca\/#breadcrumb"},"inLanguage":"es","potentialAction":[{"@type":"ReadAction","target":["https:\/\/www.lavillagardendesign.com\/es\/producto\/idol-tumbona-de-teca\/"]}]},{"@type":"ImageObject","inLanguage":"es","@id":"https:\/\/www.lavillagardendesign.com\/es\/producto\/idol-tumbona-de-teca\/#primaryimage","url":"https:\/\/www.lavillagardendesign.com\/wp-content\/uploads\/2026\/01\/Design-sans-titre2.jpg","contentUrl":"https:\/\/www.lavillagardendesign.com\/wp-content\/uploads\/2026\/01\/Design-sans-titre2.jpg","width":700,"height":800},{"@type":"BreadcrumbList","@id":"https:\/\/www.lavillagardendesign.com\/es\/producto\/idol-tumbona-de-teca\/#breadcrumb","itemListElement":[{"@type":"ListItem","position":1,"name":"Home","item":"https:\/\/www.lavillagardendesign.com\/"},{"@type":"ListItem","position":2,"name":"Tienda","item":"https:\/\/www.lavillagardendesign.com\/es\/tienda\/"},{"@type":"ListItem","position":3,"name":"IDOL &#8211; Tumbona de teca"}]},{"@type":"WebSite","@id":"https:\/\/www.lavillagardendesign.com\/#website","url":"https:\/\/www.lavillagardendesign.com\/","name":"La Villa Garden&Design","description":"","publisher":{"@id":"https:\/\/www.lavillagardendesign.com\/#organization"},"potentialAction":[{"@type":"SearchAction","target":{"@type":"EntryPoint","urlTemplate":"https:\/\/www.lavillagardendesign.com\/?s={search_term_string}"},"query-input":{"@type":"PropertyValueSpecification","valueRequired":true,"valueName":"search_term_string"}}],"inLanguage":"es"},{"@type":"Organization","@id":"https:\/\/www.lavillagardendesign.com\/#organization","name":"La Villa Garden&Design","url":"https:\/\/www.lavillagardendesign.com\/","logo":{"@type":"ImageObject","inLanguage":"es","@id":"https:\/\/www.lavillagardendesign.com\/#\/schema\/logo\/image\/","url":"https:\/\/www.lavillagardendesign.com\/wp-content\/uploads\/2024\/04\/logolavilla.png","contentUrl":"https:\/\/www.lavillagardendesign.com\/wp-content\/uploads\/2024\/04\/logolavilla.png","width":682,"height":391,"caption":"La Villa Garden&Design"},"image":{"@id":"https:\/\/www.lavillagardendesign.com\/#\/schema\/logo\/image\/"},"sameAs":["https:\/\/www.facebook.com\/lavillagardendesign\/"]}]}},"_links":{"self":[{"href":"https:\/\/www.lavillagardendesign.com\/es\/wp-json\/wp\/v2\/product\/60697","targetHints":{"allow":["GET"]}}],"collection":[{"href":"https:\/\/www.lavillagardendesign.com\/es\/wp-json\/wp\/v2\/product"}],"about":[{"href":"https:\/\/www.lavillagardendesign.com\/es\/wp-json\/wp\/v2\/types\/product"}],"replies":[{"embeddable":true,"href":"https:\/\/www.lavillagardendesign.com\/es\/wp-json\/wp\/v2\/comments?post=60697"}],"version-history":[{"count":1,"href":"https:\/\/www.lavillagardendesign.com\/es\/wp-json\/wp\/v2\/product\/60697\/revisions"}],"predecessor-version":[{"id":62340,"href":"https:\/\/www.lavillagardendesign.com\/es\/wp-json\/wp\/v2\/product\/60697\/revisions\/62340"}],"wp:featuredmedia":[{"embeddable":true,"href":"https:\/\/www.lavillagardendesign.com\/es\/wp-json\/wp\/v2\/media\/60671"}],"wp:attachment":[{"href":"https:\/\/www.lavillagardendesign.com\/es\/wp-json\/wp\/v2\/media?parent=60697"}],"wp:term":[{"taxonomy":"product_brand","embeddable":true,"href":"https:\/\/www.lavillagardendesign.com\/es\/wp-json\/wp\/v2\/product_brand?post=60697"},{"taxonomy":"product_cat","embeddable":true,"href":"https:\/\/www.lavillagardendesign.com\/es\/wp-json\/wp\/v2\/product_cat?post=60697"},{"taxonomy":"product_tag","embeddable":true,"href":"https:\/\/www.lavillagardendesign.com\/es\/wp-json\/wp\/v2\/product_tag?post=60697"}],"curies":[{"name":"wp","href":"https:\/\/api.w.org\/{rel}","templated":true}]}}