{"id":60282,"date":"2025-12-29T11:28:34","date_gmt":"2025-12-29T10:28:34","guid":{"rendered":"https:\/\/www.lavillagardendesign.com\/product\/tahiti-sillon-de-comedor-de-madera-y-cuerda\/"},"modified":"2026-02-10T14:38:22","modified_gmt":"2026-02-10T12:38:22","slug":"tahiti-sillon-de-comedor-de-madera-y-cuerda","status":"publish","type":"product","link":"https:\/\/www.lavillagardendesign.com\/es\/producto\/tahiti-sillon-de-comedor-de-madera-y-cuerda\/","title":{"rendered":"TAHITI &#8211; Sill\u00f3n de comedor de madera y cuerda"},"content":{"rendered":"","protected":false},"excerpt":{"rendered":"<p>Aporta distinci\u00f3n org\u00e1nica a tu mesa de comedor de exterior con el sill\u00f3n de comedor TAHITI. Esta pieza de dise\u00f1o h\u00edbrido combina con maestr\u00eda materiales nobles y t\u00e9cnicos: su s\u00f3lida base est\u00e1 construida con madera de acacia 100% certificada FSC, tratada con un acabado al aceite efecto teca que garantiza la c\u00e1lida est\u00e9tica de las maderas tropicales con una durabilidad superior. El respaldo envolvente presenta una estructura interna de aluminio recubierta por un tejido de cuerda de poli\u00e9ster en tono natural, que ofrece un apoyo ergon\u00f3mico y ligereza visual. El confort se maximiza con su acolchado extra\u00edble en tejido Olefin (100% polipropileno), un material de alto rendimiento que repele el agua y es resistente a la decoloraci\u00f3n por el sol. Los herrajes galvanizados evitan la oxidaci\u00f3n.    <\/p>\n","protected":false},"featured_media":60071,"comment_status":"open","ping_status":"closed","template":"","meta":[],"product_brand":[4998],"product_cat":[6833,3105,3107],"product_tag":[],"class_list":{"0":"post-60282","1":"product","2":"type-product","3":"status-publish","4":"has-post-thumbnail","6":"product_brand-la-villa","7":"product_cat-outdoor-es","8":"product_cat-sillas","9":"product_cat-sillas-de-comedor","11":"first","12":"instock","13":"sale","14":"taxable","15":"shipping-taxable","16":"purchasable","17":"product-type-simple"},"yoast_head":"<!-- This site is optimized with the Yoast SEO plugin v27.1.1 - https:\/\/yoast.com\/product\/yoast-seo-wordpress\/ -->\n<title>TAHITI - Sill\u00f3n de comedor de madera y cuerda - La Villa Garden&amp;Design<\/title>\n<meta name=\"robots\" content=\"index, follow, max-snippet:-1, max-image-preview:large, max-video-preview:-1\" \/>\n<link rel=\"canonical\" href=\"https:\/\/www.lavillagardendesign.com\/es\/producto\/tahiti-sillon-de-comedor-de-madera-y-cuerda\/\" \/>\n<meta property=\"og:locale\" content=\"es_ES\" \/>\n<meta property=\"og:type\" content=\"article\" \/>\n<meta property=\"og:title\" content=\"TAHITI - Sill\u00f3n de comedor de madera y cuerda - La Villa Garden&amp;Design\" \/>\n<meta property=\"og:description\" content=\"Aporta distinci\u00f3n org\u00e1nica a tu mesa de comedor de exterior con el sill\u00f3n de comedor TAHITI. Esta pieza de dise\u00f1o h\u00edbrido combina con maestr\u00eda materiales nobles y t\u00e9cnicos: su s\u00f3lida base est\u00e1 construida con madera de acacia 100% certificada FSC, tratada con un acabado al aceite efecto teca que garantiza la c\u00e1lida est\u00e9tica de las maderas tropicales con una durabilidad superior. El respaldo envolvente presenta una estructura interna de aluminio recubierta por un tejido de cuerda de poli\u00e9ster en tono natural, que ofrece un apoyo ergon\u00f3mico y ligereza visual. El confort se maximiza con su acolchado extra\u00edble en tejido Olefin (100% polipropileno), un material de alto rendimiento que repele el agua y es resistente a la decoloraci\u00f3n por el sol. Los herrajes galvanizados evitan la oxidaci\u00f3n.\" \/>\n<meta property=\"og:url\" content=\"https:\/\/www.lavillagardendesign.com\/es\/producto\/tahiti-sillon-de-comedor-de-madera-y-cuerda\/\" \/>\n<meta property=\"og:site_name\" content=\"La Villa Garden&amp;Design\" \/>\n<meta property=\"article:publisher\" content=\"https:\/\/www.facebook.com\/lavillagardendesign\/\" \/>\n<meta property=\"article:modified_time\" content=\"2026-02-10T12:38:22+00:00\" \/>\n<meta property=\"og:image\" content=\"https:\/\/www.lavillagardendesign.com\/wp-content\/uploads\/2025\/12\/Captura-de-pantalla-2025-12-22-a-las-13.04.26.jpg\" \/>\n\t<meta property=\"og:image:width\" content=\"968\" \/>\n\t<meta property=\"og:image:height\" content=\"816\" \/>\n\t<meta property=\"og:image:type\" content=\"image\/jpeg\" \/>\n<meta name=\"twitter:card\" content=\"summary_large_image\" \/>\n<script type=\"application\/ld+json\" class=\"yoast-schema-graph\">{\"@context\":\"https:\/\/schema.org\",\"@graph\":[{\"@type\":\"WebPage\",\"@id\":\"https:\/\/www.lavillagardendesign.com\/es\/producto\/tahiti-sillon-de-comedor-de-madera-y-cuerda\/\",\"url\":\"https:\/\/www.lavillagardendesign.com\/es\/producto\/tahiti-sillon-de-comedor-de-madera-y-cuerda\/\",\"name\":\"TAHITI - Sill\u00f3n de comedor de madera y cuerda - La Villa Garden&amp;Design\",\"isPartOf\":{\"@id\":\"https:\/\/www.lavillagardendesign.com\/#website\"},\"primaryImageOfPage\":{\"@id\":\"https:\/\/www.lavillagardendesign.com\/es\/producto\/tahiti-sillon-de-comedor-de-madera-y-cuerda\/#primaryimage\"},\"image\":{\"@id\":\"https:\/\/www.lavillagardendesign.com\/es\/producto\/tahiti-sillon-de-comedor-de-madera-y-cuerda\/#primaryimage\"},\"thumbnailUrl\":\"https:\/\/www.lavillagardendesign.com\/wp-content\/uploads\/2025\/12\/Captura-de-pantalla-2025-12-22-a-las-13.04.26.jpg\",\"datePublished\":\"2025-12-29T10:28:34+00:00\",\"dateModified\":\"2026-02-10T12:38:22+00:00\",\"breadcrumb\":{\"@id\":\"https:\/\/www.lavillagardendesign.com\/es\/producto\/tahiti-sillon-de-comedor-de-madera-y-cuerda\/#breadcrumb\"},\"inLanguage\":\"es\",\"potentialAction\":[{\"@type\":\"ReadAction\",\"target\":[\"https:\/\/www.lavillagardendesign.com\/es\/producto\/tahiti-sillon-de-comedor-de-madera-y-cuerda\/\"]}]},{\"@type\":\"ImageObject\",\"inLanguage\":\"es\",\"@id\":\"https:\/\/www.lavillagardendesign.com\/es\/producto\/tahiti-sillon-de-comedor-de-madera-y-cuerda\/#primaryimage\",\"url\":\"https:\/\/www.lavillagardendesign.com\/wp-content\/uploads\/2025\/12\/Captura-de-pantalla-2025-12-22-a-las-13.04.26.jpg\",\"contentUrl\":\"https:\/\/www.lavillagardendesign.com\/wp-content\/uploads\/2025\/12\/Captura-de-pantalla-2025-12-22-a-las-13.04.26.jpg\",\"width\":968,\"height\":816},{\"@type\":\"BreadcrumbList\",\"@id\":\"https:\/\/www.lavillagardendesign.com\/es\/producto\/tahiti-sillon-de-comedor-de-madera-y-cuerda\/#breadcrumb\",\"itemListElement\":[{\"@type\":\"ListItem\",\"position\":1,\"name\":\"Home\",\"item\":\"https:\/\/www.lavillagardendesign.com\/\"},{\"@type\":\"ListItem\",\"position\":2,\"name\":\"Tienda\",\"item\":\"https:\/\/www.lavillagardendesign.com\/es\/tienda\/\"},{\"@type\":\"ListItem\",\"position\":3,\"name\":\"TAHITI &#8211; Sill\u00f3n de comedor de madera y cuerda\"}]},{\"@type\":\"WebSite\",\"@id\":\"https:\/\/www.lavillagardendesign.com\/#website\",\"url\":\"https:\/\/www.lavillagardendesign.com\/\",\"name\":\"La Villa Garden&Design\",\"description\":\"\",\"publisher\":{\"@id\":\"https:\/\/www.lavillagardendesign.com\/#organization\"},\"potentialAction\":[{\"@type\":\"SearchAction\",\"target\":{\"@type\":\"EntryPoint\",\"urlTemplate\":\"https:\/\/www.lavillagardendesign.com\/?s={search_term_string}\"},\"query-input\":{\"@type\":\"PropertyValueSpecification\",\"valueRequired\":true,\"valueName\":\"search_term_string\"}}],\"inLanguage\":\"es\"},{\"@type\":\"Organization\",\"@id\":\"https:\/\/www.lavillagardendesign.com\/#organization\",\"name\":\"La Villa Garden&Design\",\"url\":\"https:\/\/www.lavillagardendesign.com\/\",\"logo\":{\"@type\":\"ImageObject\",\"inLanguage\":\"es\",\"@id\":\"https:\/\/www.lavillagardendesign.com\/#\/schema\/logo\/image\/\",\"url\":\"https:\/\/www.lavillagardendesign.com\/wp-content\/uploads\/2024\/04\/logolavilla.png\",\"contentUrl\":\"https:\/\/www.lavillagardendesign.com\/wp-content\/uploads\/2024\/04\/logolavilla.png\",\"width\":682,\"height\":391,\"caption\":\"La Villa Garden&Design\"},\"image\":{\"@id\":\"https:\/\/www.lavillagardendesign.com\/#\/schema\/logo\/image\/\"},\"sameAs\":[\"https:\/\/www.facebook.com\/lavillagardendesign\/\"]}]}<\/script>\n<!-- \/ Yoast SEO plugin. -->","yoast_head_json":{"title":"TAHITI - Sill\u00f3n de comedor de madera y cuerda - La Villa Garden&amp;Design","robots":{"index":"index","follow":"follow","max-snippet":"max-snippet:-1","max-image-preview":"max-image-preview:large","max-video-preview":"max-video-preview:-1"},"canonical":"https:\/\/www.lavillagardendesign.com\/es\/producto\/tahiti-sillon-de-comedor-de-madera-y-cuerda\/","og_locale":"es_ES","og_type":"article","og_title":"TAHITI - Sill\u00f3n de comedor de madera y cuerda - La Villa Garden&amp;Design","og_description":"Aporta distinci\u00f3n org\u00e1nica a tu mesa de comedor de exterior con el sill\u00f3n de comedor TAHITI. Esta pieza de dise\u00f1o h\u00edbrido combina con maestr\u00eda materiales nobles y t\u00e9cnicos: su s\u00f3lida base est\u00e1 construida con madera de acacia 100% certificada FSC, tratada con un acabado al aceite efecto teca que garantiza la c\u00e1lida est\u00e9tica de las maderas tropicales con una durabilidad superior. El respaldo envolvente presenta una estructura interna de aluminio recubierta por un tejido de cuerda de poli\u00e9ster en tono natural, que ofrece un apoyo ergon\u00f3mico y ligereza visual. El confort se maximiza con su acolchado extra\u00edble en tejido Olefin (100% polipropileno), un material de alto rendimiento que repele el agua y es resistente a la decoloraci\u00f3n por el sol. Los herrajes galvanizados evitan la oxidaci\u00f3n.","og_url":"https:\/\/www.lavillagardendesign.com\/es\/producto\/tahiti-sillon-de-comedor-de-madera-y-cuerda\/","og_site_name":"La Villa Garden&amp;Design","article_publisher":"https:\/\/www.facebook.com\/lavillagardendesign\/","article_modified_time":"2026-02-10T12:38:22+00:00","og_image":[{"width":968,"height":816,"url":"https:\/\/www.lavillagardendesign.com\/wp-content\/uploads\/2025\/12\/Captura-de-pantalla-2025-12-22-a-las-13.04.26.jpg","type":"image\/jpeg"}],"twitter_card":"summary_large_image","schema":{"@context":"https:\/\/schema.org","@graph":[{"@type":"WebPage","@id":"https:\/\/www.lavillagardendesign.com\/es\/producto\/tahiti-sillon-de-comedor-de-madera-y-cuerda\/","url":"https:\/\/www.lavillagardendesign.com\/es\/producto\/tahiti-sillon-de-comedor-de-madera-y-cuerda\/","name":"TAHITI - Sill\u00f3n de comedor de madera y cuerda - La Villa Garden&amp;Design","isPartOf":{"@id":"https:\/\/www.lavillagardendesign.com\/#website"},"primaryImageOfPage":{"@id":"https:\/\/www.lavillagardendesign.com\/es\/producto\/tahiti-sillon-de-comedor-de-madera-y-cuerda\/#primaryimage"},"image":{"@id":"https:\/\/www.lavillagardendesign.com\/es\/producto\/tahiti-sillon-de-comedor-de-madera-y-cuerda\/#primaryimage"},"thumbnailUrl":"https:\/\/www.lavillagardendesign.com\/wp-content\/uploads\/2025\/12\/Captura-de-pantalla-2025-12-22-a-las-13.04.26.jpg","datePublished":"2025-12-29T10:28:34+00:00","dateModified":"2026-02-10T12:38:22+00:00","breadcrumb":{"@id":"https:\/\/www.lavillagardendesign.com\/es\/producto\/tahiti-sillon-de-comedor-de-madera-y-cuerda\/#breadcrumb"},"inLanguage":"es","potentialAction":[{"@type":"ReadAction","target":["https:\/\/www.lavillagardendesign.com\/es\/producto\/tahiti-sillon-de-comedor-de-madera-y-cuerda\/"]}]},{"@type":"ImageObject","inLanguage":"es","@id":"https:\/\/www.lavillagardendesign.com\/es\/producto\/tahiti-sillon-de-comedor-de-madera-y-cuerda\/#primaryimage","url":"https:\/\/www.lavillagardendesign.com\/wp-content\/uploads\/2025\/12\/Captura-de-pantalla-2025-12-22-a-las-13.04.26.jpg","contentUrl":"https:\/\/www.lavillagardendesign.com\/wp-content\/uploads\/2025\/12\/Captura-de-pantalla-2025-12-22-a-las-13.04.26.jpg","width":968,"height":816},{"@type":"BreadcrumbList","@id":"https:\/\/www.lavillagardendesign.com\/es\/producto\/tahiti-sillon-de-comedor-de-madera-y-cuerda\/#breadcrumb","itemListElement":[{"@type":"ListItem","position":1,"name":"Home","item":"https:\/\/www.lavillagardendesign.com\/"},{"@type":"ListItem","position":2,"name":"Tienda","item":"https:\/\/www.lavillagardendesign.com\/es\/tienda\/"},{"@type":"ListItem","position":3,"name":"TAHITI &#8211; Sill\u00f3n de comedor de madera y cuerda"}]},{"@type":"WebSite","@id":"https:\/\/www.lavillagardendesign.com\/#website","url":"https:\/\/www.lavillagardendesign.com\/","name":"La Villa Garden&Design","description":"","publisher":{"@id":"https:\/\/www.lavillagardendesign.com\/#organization"},"potentialAction":[{"@type":"SearchAction","target":{"@type":"EntryPoint","urlTemplate":"https:\/\/www.lavillagardendesign.com\/?s={search_term_string}"},"query-input":{"@type":"PropertyValueSpecification","valueRequired":true,"valueName":"search_term_string"}}],"inLanguage":"es"},{"@type":"Organization","@id":"https:\/\/www.lavillagardendesign.com\/#organization","name":"La Villa Garden&Design","url":"https:\/\/www.lavillagardendesign.com\/","logo":{"@type":"ImageObject","inLanguage":"es","@id":"https:\/\/www.lavillagardendesign.com\/#\/schema\/logo\/image\/","url":"https:\/\/www.lavillagardendesign.com\/wp-content\/uploads\/2024\/04\/logolavilla.png","contentUrl":"https:\/\/www.lavillagardendesign.com\/wp-content\/uploads\/2024\/04\/logolavilla.png","width":682,"height":391,"caption":"La Villa Garden&Design"},"image":{"@id":"https:\/\/www.lavillagardendesign.com\/#\/schema\/logo\/image\/"},"sameAs":["https:\/\/www.facebook.com\/lavillagardendesign\/"]}]}},"_links":{"self":[{"href":"https:\/\/www.lavillagardendesign.com\/es\/wp-json\/wp\/v2\/product\/60282","targetHints":{"allow":["GET"]}}],"collection":[{"href":"https:\/\/www.lavillagardendesign.com\/es\/wp-json\/wp\/v2\/product"}],"about":[{"href":"https:\/\/www.lavillagardendesign.com\/es\/wp-json\/wp\/v2\/types\/product"}],"replies":[{"embeddable":true,"href":"https:\/\/www.lavillagardendesign.com\/es\/wp-json\/wp\/v2\/comments?post=60282"}],"version-history":[{"count":1,"href":"https:\/\/www.lavillagardendesign.com\/es\/wp-json\/wp\/v2\/product\/60282\/revisions"}],"predecessor-version":[{"id":60283,"href":"https:\/\/www.lavillagardendesign.com\/es\/wp-json\/wp\/v2\/product\/60282\/revisions\/60283"}],"wp:featuredmedia":[{"embeddable":true,"href":"https:\/\/www.lavillagardendesign.com\/es\/wp-json\/wp\/v2\/media\/60071"}],"wp:attachment":[{"href":"https:\/\/www.lavillagardendesign.com\/es\/wp-json\/wp\/v2\/media?parent=60282"}],"wp:term":[{"taxonomy":"product_brand","embeddable":true,"href":"https:\/\/www.lavillagardendesign.com\/es\/wp-json\/wp\/v2\/product_brand?post=60282"},{"taxonomy":"product_cat","embeddable":true,"href":"https:\/\/www.lavillagardendesign.com\/es\/wp-json\/wp\/v2\/product_cat?post=60282"},{"taxonomy":"product_tag","embeddable":true,"href":"https:\/\/www.lavillagardendesign.com\/es\/wp-json\/wp\/v2\/product_tag?post=60282"}],"curies":[{"name":"wp","href":"https:\/\/api.w.org\/{rel}","templated":true}]}}