{"id":60274,"date":"2025-12-29T11:28:34","date_gmt":"2025-12-29T10:28:34","guid":{"rendered":"https:\/\/www.lavillagardendesign.com\/product\/keys-island-sillon-de-comedor-apilable-de-aluminio-y-textileno\/"},"modified":"2026-02-10T14:45:18","modified_gmt":"2026-02-10T12:45:18","slug":"keys-island-sillon-de-comedor-apilable-de-aluminio-y-textileno","status":"publish","type":"product","link":"https:\/\/www.lavillagardendesign.com\/es\/producto\/keys-island-sillon-de-comedor-apilable-de-aluminio-y-textileno\/","title":{"rendered":"KEYS ISLAND &#8211; Sill\u00f3n de comedor apilable de aluminio y textileno"},"content":{"rendered":"","protected":false},"excerpt":{"rendered":"<p>El sill\u00f3n de comedor KEYS ISLAND combina la practicidad del mobiliario t\u00e9cnico con una est\u00e9tica refinada, perfecta tanto para proyectos residenciales como de contract. Su estructura de aluminio con revestimiento de polvo de poli\u00e9ster garantiza una resistencia total a la corrosi\u00f3n, mientras que el asiento y el respaldo de textileno 1&#215;1 ofrecen una transpirabilidad \u00f3ptima y un secado r\u00e1pido despu\u00e9s de la lluvia. Dise\u00f1ado pensando en la funcionalidad, este modelo es apilable, lo que facilita su almacenamiento en terrazas de hosteler\u00eda o villas de alquiler. Disponible en dos acabados atemporales: Blanco luminoso y Rastin sofisticado (tono \u00f3xido\/marr\u00f3n).Opcional: Maximiza el confort con el coj\u00edn espec\u00edfico para este modelo, fabricado con tejido Olefin (100% polipropileno) repelente al agua.<\/p>\n","protected":false},"featured_media":60050,"comment_status":"open","ping_status":"closed","template":"","meta":[],"product_brand":[4998],"product_cat":[6833,3105,3107,5659],"product_tag":[],"class_list":{"0":"post-60274","1":"product","2":"type-product","3":"status-publish","4":"has-post-thumbnail","6":"product_brand-la-villa","7":"product_cat-outdoor-es","8":"product_cat-sillas","9":"product_cat-sillas-de-comedor","10":"product_cat-promociones-web","12":"first","13":"instock","14":"sale","15":"taxable","16":"shipping-taxable","17":"purchasable","18":"product-type-variable"},"yoast_head":"<!-- This site is optimized with the Yoast SEO plugin v27.1.1 - https:\/\/yoast.com\/product\/yoast-seo-wordpress\/ -->\n<title>KEYS ISLAND- Sill\u00f3n Aluminio y Textilene | La Villa Garden&amp;Design%<\/title>\n<meta name=\"description\" content=\"Sill\u00f3n de jard\u00edn apilable ISLA KEYS. Aluminio duradero y textilene. Disponible en Blanco y Rastin. Oferta especial 169 \u20ac. Opci\u00f3n de coj\u00edn hidr\u00f3fugo.\" \/>\n<meta name=\"robots\" content=\"index, follow, max-snippet:-1, max-image-preview:large, max-video-preview:-1\" \/>\n<link rel=\"canonical\" href=\"https:\/\/www.lavillagardendesign.com\/es\/producto\/keys-island-sillon-de-comedor-apilable-de-aluminio-y-textileno\/\" \/>\n<meta property=\"og:locale\" content=\"es_ES\" \/>\n<meta property=\"og:type\" content=\"article\" \/>\n<meta property=\"og:title\" content=\"KEYS ISLAND- Sill\u00f3n Aluminio y Textilene | La Villa Garden&amp;Design%\" \/>\n<meta property=\"og:description\" content=\"Sill\u00f3n de jard\u00edn apilable ISLA KEYS. Aluminio duradero y textilene. Disponible en Blanco y Rastin. Oferta especial 169 \u20ac. Opci\u00f3n de coj\u00edn hidr\u00f3fugo.\" \/>\n<meta property=\"og:url\" content=\"https:\/\/www.lavillagardendesign.com\/es\/producto\/keys-island-sillon-de-comedor-apilable-de-aluminio-y-textileno\/\" \/>\n<meta property=\"og:site_name\" content=\"La Villa Garden&amp;Design\" \/>\n<meta property=\"article:publisher\" content=\"https:\/\/www.facebook.com\/lavillagardendesign\/\" \/>\n<meta property=\"article:modified_time\" content=\"2026-02-10T12:45:18+00:00\" \/>\n<meta property=\"og:image\" content=\"https:\/\/www.lavillagardendesign.com\/wp-content\/uploads\/2025\/12\/112.png\" \/>\n\t<meta property=\"og:image:width\" content=\"700\" \/>\n\t<meta property=\"og:image:height\" content=\"800\" \/>\n\t<meta property=\"og:image:type\" content=\"image\/png\" \/>\n<meta name=\"twitter:card\" content=\"summary_large_image\" \/>\n<script type=\"application\/ld+json\" class=\"yoast-schema-graph\">{\"@context\":\"https:\/\/schema.org\",\"@graph\":[{\"@type\":\"WebPage\",\"@id\":\"https:\/\/www.lavillagardendesign.com\/es\/producto\/keys-island-sillon-de-comedor-apilable-de-aluminio-y-textileno\/\",\"url\":\"https:\/\/www.lavillagardendesign.com\/es\/producto\/keys-island-sillon-de-comedor-apilable-de-aluminio-y-textileno\/\",\"name\":\"KEYS ISLAND- Sill\u00f3n Aluminio y Textilene | La Villa Garden&amp;Design%\",\"isPartOf\":{\"@id\":\"https:\/\/www.lavillagardendesign.com\/#website\"},\"primaryImageOfPage\":{\"@id\":\"https:\/\/www.lavillagardendesign.com\/es\/producto\/keys-island-sillon-de-comedor-apilable-de-aluminio-y-textileno\/#primaryimage\"},\"image\":{\"@id\":\"https:\/\/www.lavillagardendesign.com\/es\/producto\/keys-island-sillon-de-comedor-apilable-de-aluminio-y-textileno\/#primaryimage\"},\"thumbnailUrl\":\"https:\/\/www.lavillagardendesign.com\/wp-content\/uploads\/2025\/12\/112.png\",\"datePublished\":\"2025-12-29T10:28:34+00:00\",\"dateModified\":\"2026-02-10T12:45:18+00:00\",\"description\":\"Sill\u00f3n de jard\u00edn apilable ISLA KEYS. Aluminio duradero y textilene. Disponible en Blanco y Rastin. Oferta especial 169 \u20ac. Opci\u00f3n de coj\u00edn hidr\u00f3fugo.\",\"breadcrumb\":{\"@id\":\"https:\/\/www.lavillagardendesign.com\/es\/producto\/keys-island-sillon-de-comedor-apilable-de-aluminio-y-textileno\/#breadcrumb\"},\"inLanguage\":\"es\",\"potentialAction\":[{\"@type\":\"ReadAction\",\"target\":[\"https:\/\/www.lavillagardendesign.com\/es\/producto\/keys-island-sillon-de-comedor-apilable-de-aluminio-y-textileno\/\"]}]},{\"@type\":\"ImageObject\",\"inLanguage\":\"es\",\"@id\":\"https:\/\/www.lavillagardendesign.com\/es\/producto\/keys-island-sillon-de-comedor-apilable-de-aluminio-y-textileno\/#primaryimage\",\"url\":\"https:\/\/www.lavillagardendesign.com\/wp-content\/uploads\/2025\/12\/112.png\",\"contentUrl\":\"https:\/\/www.lavillagardendesign.com\/wp-content\/uploads\/2025\/12\/112.png\",\"width\":700,\"height\":800},{\"@type\":\"BreadcrumbList\",\"@id\":\"https:\/\/www.lavillagardendesign.com\/es\/producto\/keys-island-sillon-de-comedor-apilable-de-aluminio-y-textileno\/#breadcrumb\",\"itemListElement\":[{\"@type\":\"ListItem\",\"position\":1,\"name\":\"Home\",\"item\":\"https:\/\/www.lavillagardendesign.com\/\"},{\"@type\":\"ListItem\",\"position\":2,\"name\":\"Tienda\",\"item\":\"https:\/\/www.lavillagardendesign.com\/es\/tienda\/\"},{\"@type\":\"ListItem\",\"position\":3,\"name\":\"KEYS ISLAND &#8211; Sill\u00f3n de comedor apilable de aluminio y textileno\"}]},{\"@type\":\"WebSite\",\"@id\":\"https:\/\/www.lavillagardendesign.com\/#website\",\"url\":\"https:\/\/www.lavillagardendesign.com\/\",\"name\":\"La Villa Garden&Design\",\"description\":\"\",\"publisher\":{\"@id\":\"https:\/\/www.lavillagardendesign.com\/#organization\"},\"potentialAction\":[{\"@type\":\"SearchAction\",\"target\":{\"@type\":\"EntryPoint\",\"urlTemplate\":\"https:\/\/www.lavillagardendesign.com\/?s={search_term_string}\"},\"query-input\":{\"@type\":\"PropertyValueSpecification\",\"valueRequired\":true,\"valueName\":\"search_term_string\"}}],\"inLanguage\":\"es\"},{\"@type\":\"Organization\",\"@id\":\"https:\/\/www.lavillagardendesign.com\/#organization\",\"name\":\"La Villa Garden&Design\",\"url\":\"https:\/\/www.lavillagardendesign.com\/\",\"logo\":{\"@type\":\"ImageObject\",\"inLanguage\":\"es\",\"@id\":\"https:\/\/www.lavillagardendesign.com\/#\/schema\/logo\/image\/\",\"url\":\"https:\/\/www.lavillagardendesign.com\/wp-content\/uploads\/2024\/04\/logolavilla.png\",\"contentUrl\":\"https:\/\/www.lavillagardendesign.com\/wp-content\/uploads\/2024\/04\/logolavilla.png\",\"width\":682,\"height\":391,\"caption\":\"La Villa Garden&Design\"},\"image\":{\"@id\":\"https:\/\/www.lavillagardendesign.com\/#\/schema\/logo\/image\/\"},\"sameAs\":[\"https:\/\/www.facebook.com\/lavillagardendesign\/\"]}]}<\/script>\n<!-- \/ Yoast SEO plugin. -->","yoast_head_json":{"title":"KEYS ISLAND- Sill\u00f3n Aluminio y Textilene | La Villa Garden&amp;Design%","description":"Sill\u00f3n de jard\u00edn apilable ISLA KEYS. Aluminio duradero y textilene. Disponible en Blanco y Rastin. Oferta especial 169 \u20ac. Opci\u00f3n de coj\u00edn hidr\u00f3fugo.","robots":{"index":"index","follow":"follow","max-snippet":"max-snippet:-1","max-image-preview":"max-image-preview:large","max-video-preview":"max-video-preview:-1"},"canonical":"https:\/\/www.lavillagardendesign.com\/es\/producto\/keys-island-sillon-de-comedor-apilable-de-aluminio-y-textileno\/","og_locale":"es_ES","og_type":"article","og_title":"KEYS ISLAND- Sill\u00f3n Aluminio y Textilene | La Villa Garden&amp;Design%","og_description":"Sill\u00f3n de jard\u00edn apilable ISLA KEYS. Aluminio duradero y textilene. Disponible en Blanco y Rastin. Oferta especial 169 \u20ac. Opci\u00f3n de coj\u00edn hidr\u00f3fugo.","og_url":"https:\/\/www.lavillagardendesign.com\/es\/producto\/keys-island-sillon-de-comedor-apilable-de-aluminio-y-textileno\/","og_site_name":"La Villa Garden&amp;Design","article_publisher":"https:\/\/www.facebook.com\/lavillagardendesign\/","article_modified_time":"2026-02-10T12:45:18+00:00","og_image":[{"width":700,"height":800,"url":"https:\/\/www.lavillagardendesign.com\/wp-content\/uploads\/2025\/12\/112.png","type":"image\/png"}],"twitter_card":"summary_large_image","schema":{"@context":"https:\/\/schema.org","@graph":[{"@type":"WebPage","@id":"https:\/\/www.lavillagardendesign.com\/es\/producto\/keys-island-sillon-de-comedor-apilable-de-aluminio-y-textileno\/","url":"https:\/\/www.lavillagardendesign.com\/es\/producto\/keys-island-sillon-de-comedor-apilable-de-aluminio-y-textileno\/","name":"KEYS ISLAND- Sill\u00f3n Aluminio y Textilene | La Villa Garden&amp;Design%","isPartOf":{"@id":"https:\/\/www.lavillagardendesign.com\/#website"},"primaryImageOfPage":{"@id":"https:\/\/www.lavillagardendesign.com\/es\/producto\/keys-island-sillon-de-comedor-apilable-de-aluminio-y-textileno\/#primaryimage"},"image":{"@id":"https:\/\/www.lavillagardendesign.com\/es\/producto\/keys-island-sillon-de-comedor-apilable-de-aluminio-y-textileno\/#primaryimage"},"thumbnailUrl":"https:\/\/www.lavillagardendesign.com\/wp-content\/uploads\/2025\/12\/112.png","datePublished":"2025-12-29T10:28:34+00:00","dateModified":"2026-02-10T12:45:18+00:00","description":"Sill\u00f3n de jard\u00edn apilable ISLA KEYS. Aluminio duradero y textilene. Disponible en Blanco y Rastin. Oferta especial 169 \u20ac. Opci\u00f3n de coj\u00edn hidr\u00f3fugo.","breadcrumb":{"@id":"https:\/\/www.lavillagardendesign.com\/es\/producto\/keys-island-sillon-de-comedor-apilable-de-aluminio-y-textileno\/#breadcrumb"},"inLanguage":"es","potentialAction":[{"@type":"ReadAction","target":["https:\/\/www.lavillagardendesign.com\/es\/producto\/keys-island-sillon-de-comedor-apilable-de-aluminio-y-textileno\/"]}]},{"@type":"ImageObject","inLanguage":"es","@id":"https:\/\/www.lavillagardendesign.com\/es\/producto\/keys-island-sillon-de-comedor-apilable-de-aluminio-y-textileno\/#primaryimage","url":"https:\/\/www.lavillagardendesign.com\/wp-content\/uploads\/2025\/12\/112.png","contentUrl":"https:\/\/www.lavillagardendesign.com\/wp-content\/uploads\/2025\/12\/112.png","width":700,"height":800},{"@type":"BreadcrumbList","@id":"https:\/\/www.lavillagardendesign.com\/es\/producto\/keys-island-sillon-de-comedor-apilable-de-aluminio-y-textileno\/#breadcrumb","itemListElement":[{"@type":"ListItem","position":1,"name":"Home","item":"https:\/\/www.lavillagardendesign.com\/"},{"@type":"ListItem","position":2,"name":"Tienda","item":"https:\/\/www.lavillagardendesign.com\/es\/tienda\/"},{"@type":"ListItem","position":3,"name":"KEYS ISLAND &#8211; Sill\u00f3n de comedor apilable de aluminio y textileno"}]},{"@type":"WebSite","@id":"https:\/\/www.lavillagardendesign.com\/#website","url":"https:\/\/www.lavillagardendesign.com\/","name":"La Villa Garden&Design","description":"","publisher":{"@id":"https:\/\/www.lavillagardendesign.com\/#organization"},"potentialAction":[{"@type":"SearchAction","target":{"@type":"EntryPoint","urlTemplate":"https:\/\/www.lavillagardendesign.com\/?s={search_term_string}"},"query-input":{"@type":"PropertyValueSpecification","valueRequired":true,"valueName":"search_term_string"}}],"inLanguage":"es"},{"@type":"Organization","@id":"https:\/\/www.lavillagardendesign.com\/#organization","name":"La Villa Garden&Design","url":"https:\/\/www.lavillagardendesign.com\/","logo":{"@type":"ImageObject","inLanguage":"es","@id":"https:\/\/www.lavillagardendesign.com\/#\/schema\/logo\/image\/","url":"https:\/\/www.lavillagardendesign.com\/wp-content\/uploads\/2024\/04\/logolavilla.png","contentUrl":"https:\/\/www.lavillagardendesign.com\/wp-content\/uploads\/2024\/04\/logolavilla.png","width":682,"height":391,"caption":"La Villa Garden&Design"},"image":{"@id":"https:\/\/www.lavillagardendesign.com\/#\/schema\/logo\/image\/"},"sameAs":["https:\/\/www.facebook.com\/lavillagardendesign\/"]}]}},"_links":{"self":[{"href":"https:\/\/www.lavillagardendesign.com\/es\/wp-json\/wp\/v2\/product\/60274","targetHints":{"allow":["GET"]}}],"collection":[{"href":"https:\/\/www.lavillagardendesign.com\/es\/wp-json\/wp\/v2\/product"}],"about":[{"href":"https:\/\/www.lavillagardendesign.com\/es\/wp-json\/wp\/v2\/types\/product"}],"replies":[{"embeddable":true,"href":"https:\/\/www.lavillagardendesign.com\/es\/wp-json\/wp\/v2\/comments?post=60274"}],"version-history":[{"count":1,"href":"https:\/\/www.lavillagardendesign.com\/es\/wp-json\/wp\/v2\/product\/60274\/revisions"}],"predecessor-version":[{"id":62367,"href":"https:\/\/www.lavillagardendesign.com\/es\/wp-json\/wp\/v2\/product\/60274\/revisions\/62367"}],"wp:featuredmedia":[{"embeddable":true,"href":"https:\/\/www.lavillagardendesign.com\/es\/wp-json\/wp\/v2\/media\/60050"}],"wp:attachment":[{"href":"https:\/\/www.lavillagardendesign.com\/es\/wp-json\/wp\/v2\/media?parent=60274"}],"wp:term":[{"taxonomy":"product_brand","embeddable":true,"href":"https:\/\/www.lavillagardendesign.com\/es\/wp-json\/wp\/v2\/product_brand?post=60274"},{"taxonomy":"product_cat","embeddable":true,"href":"https:\/\/www.lavillagardendesign.com\/es\/wp-json\/wp\/v2\/product_cat?post=60274"},{"taxonomy":"product_tag","embeddable":true,"href":"https:\/\/www.lavillagardendesign.com\/es\/wp-json\/wp\/v2\/product_tag?post=60274"}],"curies":[{"name":"wp","href":"https:\/\/api.w.org\/{rel}","templated":true}]}}