{"id":60255,"date":"2025-12-29T11:28:35","date_gmt":"2025-12-29T10:28:35","guid":{"rendered":"https:\/\/www.lavillagardendesign.com\/product\/phuket-sillon-de-comedor-de-acacia-fsc\/"},"modified":"2026-02-10T14:38:24","modified_gmt":"2026-02-10T12:38:24","slug":"phuket-sillon-de-comedor-de-acacia-fsc","status":"publish","type":"product","link":"https:\/\/www.lavillagardendesign.com\/es\/producto\/phuket-sillon-de-comedor-de-acacia-fsc\/","title":{"rendered":"PHUKET &#8211; Sill\u00f3n de comedor de acacia FSC"},"content":{"rendered":"","protected":false},"excerpt":{"rendered":"<p>Viaja al Sudeste Asi\u00e1tico sin salir de tu terraza con la Silla de Comedor PHUKET. Esta pieza combina la calidez cl\u00e1sica de la madera con la comodidad moderna. Est\u00e1 fabricada con madera de acacia 100% certificada FSC (procedente de bosques gestionados de forma responsable), con un acabado especial al aceite que le da un bonito aspecto \u00abEfecto Teca\u00bb, consiguiendo ese tono dorado tan deseado en los ambientes de exterior. Dise\u00f1ada para largas cenas, incluye reposabrazos altos y un juego de cojines desenfundables en tejido Olefin (100% polipropileno), el est\u00e1ndar de oro en cuanto a resistencia al sol y repelencia al agua. Es la fusi\u00f3n perfecta de sostenibilidad, est\u00e9tica colonial y durabilidad.    <\/p>\n","protected":false},"featured_media":60196,"comment_status":"open","ping_status":"closed","template":"","meta":[],"product_brand":[4998],"product_cat":[6833,3105,3107],"product_tag":[],"class_list":{"0":"post-60255","1":"product","2":"type-product","3":"status-publish","4":"has-post-thumbnail","6":"product_brand-la-villa","7":"product_cat-outdoor-es","8":"product_cat-sillas","9":"product_cat-sillas-de-comedor","11":"first","12":"instock","13":"sale","14":"taxable","15":"shipping-taxable","16":"purchasable","17":"product-type-simple"},"yoast_head":"<!-- This site is optimized with the Yoast SEO plugin v27.1.1 - https:\/\/yoast.com\/product\/yoast-seo-wordpress\/ -->\n<title>PHUKET Silla de Comedor FSC Acacia Aspecto Teca | La Villa Garden<\/title>\n<meta name=\"description\" content=\"Sill\u00f3n de jard\u00edn PHUKET. Madera de acacia FSC con acabado efecto teca y cojines de olefina de alta gama. Estilo tropical. Oferta 249 \u20ac.\" \/>\n<meta name=\"robots\" content=\"index, follow, max-snippet:-1, max-image-preview:large, max-video-preview:-1\" \/>\n<link rel=\"canonical\" href=\"https:\/\/www.lavillagardendesign.com\/es\/producto\/phuket-sillon-de-comedor-de-acacia-fsc\/\" \/>\n<meta property=\"og:locale\" content=\"es_ES\" \/>\n<meta property=\"og:type\" content=\"article\" \/>\n<meta property=\"og:title\" content=\"PHUKET Silla de Comedor FSC Acacia Aspecto Teca | La Villa Garden\" \/>\n<meta property=\"og:description\" content=\"Sill\u00f3n de jard\u00edn PHUKET. Madera de acacia FSC con acabado efecto teca y cojines de olefina de alta gama. Estilo tropical. Oferta 249 \u20ac.\" \/>\n<meta property=\"og:url\" content=\"https:\/\/www.lavillagardendesign.com\/es\/producto\/phuket-sillon-de-comedor-de-acacia-fsc\/\" \/>\n<meta property=\"og:site_name\" content=\"La Villa Garden&amp;Design\" \/>\n<meta property=\"article:publisher\" content=\"https:\/\/www.facebook.com\/lavillagardendesign\/\" \/>\n<meta property=\"article:modified_time\" content=\"2026-02-10T12:38:24+00:00\" \/>\n<meta property=\"og:image\" content=\"https:\/\/www.lavillagardendesign.com\/wp-content\/uploads\/2025\/12\/150.jpg\" \/>\n\t<meta property=\"og:image:width\" content=\"700\" \/>\n\t<meta property=\"og:image:height\" content=\"800\" \/>\n\t<meta property=\"og:image:type\" content=\"image\/jpeg\" \/>\n<meta name=\"twitter:card\" content=\"summary_large_image\" \/>\n<script type=\"application\/ld+json\" class=\"yoast-schema-graph\">{\"@context\":\"https:\/\/schema.org\",\"@graph\":[{\"@type\":\"WebPage\",\"@id\":\"https:\/\/www.lavillagardendesign.com\/es\/producto\/phuket-sillon-de-comedor-de-acacia-fsc\/\",\"url\":\"https:\/\/www.lavillagardendesign.com\/es\/producto\/phuket-sillon-de-comedor-de-acacia-fsc\/\",\"name\":\"PHUKET Silla de Comedor FSC Acacia Aspecto Teca | La Villa Garden\",\"isPartOf\":{\"@id\":\"https:\/\/www.lavillagardendesign.com\/#website\"},\"primaryImageOfPage\":{\"@id\":\"https:\/\/www.lavillagardendesign.com\/es\/producto\/phuket-sillon-de-comedor-de-acacia-fsc\/#primaryimage\"},\"image\":{\"@id\":\"https:\/\/www.lavillagardendesign.com\/es\/producto\/phuket-sillon-de-comedor-de-acacia-fsc\/#primaryimage\"},\"thumbnailUrl\":\"https:\/\/www.lavillagardendesign.com\/wp-content\/uploads\/2025\/12\/150.jpg\",\"datePublished\":\"2025-12-29T10:28:35+00:00\",\"dateModified\":\"2026-02-10T12:38:24+00:00\",\"description\":\"Sill\u00f3n de jard\u00edn PHUKET. Madera de acacia FSC con acabado efecto teca y cojines de olefina de alta gama. Estilo tropical. Oferta 249 \u20ac.\",\"breadcrumb\":{\"@id\":\"https:\/\/www.lavillagardendesign.com\/es\/producto\/phuket-sillon-de-comedor-de-acacia-fsc\/#breadcrumb\"},\"inLanguage\":\"es\",\"potentialAction\":[{\"@type\":\"ReadAction\",\"target\":[\"https:\/\/www.lavillagardendesign.com\/es\/producto\/phuket-sillon-de-comedor-de-acacia-fsc\/\"]}]},{\"@type\":\"ImageObject\",\"inLanguage\":\"es\",\"@id\":\"https:\/\/www.lavillagardendesign.com\/es\/producto\/phuket-sillon-de-comedor-de-acacia-fsc\/#primaryimage\",\"url\":\"https:\/\/www.lavillagardendesign.com\/wp-content\/uploads\/2025\/12\/150.jpg\",\"contentUrl\":\"https:\/\/www.lavillagardendesign.com\/wp-content\/uploads\/2025\/12\/150.jpg\",\"width\":700,\"height\":800},{\"@type\":\"BreadcrumbList\",\"@id\":\"https:\/\/www.lavillagardendesign.com\/es\/producto\/phuket-sillon-de-comedor-de-acacia-fsc\/#breadcrumb\",\"itemListElement\":[{\"@type\":\"ListItem\",\"position\":1,\"name\":\"Home\",\"item\":\"https:\/\/www.lavillagardendesign.com\/\"},{\"@type\":\"ListItem\",\"position\":2,\"name\":\"Tienda\",\"item\":\"https:\/\/www.lavillagardendesign.com\/es\/tienda\/\"},{\"@type\":\"ListItem\",\"position\":3,\"name\":\"PHUKET &#8211; Sill\u00f3n de comedor de acacia FSC\"}]},{\"@type\":\"WebSite\",\"@id\":\"https:\/\/www.lavillagardendesign.com\/#website\",\"url\":\"https:\/\/www.lavillagardendesign.com\/\",\"name\":\"La Villa Garden&Design\",\"description\":\"\",\"publisher\":{\"@id\":\"https:\/\/www.lavillagardendesign.com\/#organization\"},\"potentialAction\":[{\"@type\":\"SearchAction\",\"target\":{\"@type\":\"EntryPoint\",\"urlTemplate\":\"https:\/\/www.lavillagardendesign.com\/?s={search_term_string}\"},\"query-input\":{\"@type\":\"PropertyValueSpecification\",\"valueRequired\":true,\"valueName\":\"search_term_string\"}}],\"inLanguage\":\"es\"},{\"@type\":\"Organization\",\"@id\":\"https:\/\/www.lavillagardendesign.com\/#organization\",\"name\":\"La Villa Garden&Design\",\"url\":\"https:\/\/www.lavillagardendesign.com\/\",\"logo\":{\"@type\":\"ImageObject\",\"inLanguage\":\"es\",\"@id\":\"https:\/\/www.lavillagardendesign.com\/#\/schema\/logo\/image\/\",\"url\":\"https:\/\/www.lavillagardendesign.com\/wp-content\/uploads\/2024\/04\/logolavilla.png\",\"contentUrl\":\"https:\/\/www.lavillagardendesign.com\/wp-content\/uploads\/2024\/04\/logolavilla.png\",\"width\":682,\"height\":391,\"caption\":\"La Villa Garden&Design\"},\"image\":{\"@id\":\"https:\/\/www.lavillagardendesign.com\/#\/schema\/logo\/image\/\"},\"sameAs\":[\"https:\/\/www.facebook.com\/lavillagardendesign\/\"]}]}<\/script>\n<!-- \/ Yoast SEO plugin. -->","yoast_head_json":{"title":"PHUKET Silla de Comedor FSC Acacia Aspecto Teca | La Villa Garden","description":"Sill\u00f3n de jard\u00edn PHUKET. Madera de acacia FSC con acabado efecto teca y cojines de olefina de alta gama. Estilo tropical. Oferta 249 \u20ac.","robots":{"index":"index","follow":"follow","max-snippet":"max-snippet:-1","max-image-preview":"max-image-preview:large","max-video-preview":"max-video-preview:-1"},"canonical":"https:\/\/www.lavillagardendesign.com\/es\/producto\/phuket-sillon-de-comedor-de-acacia-fsc\/","og_locale":"es_ES","og_type":"article","og_title":"PHUKET Silla de Comedor FSC Acacia Aspecto Teca | La Villa Garden","og_description":"Sill\u00f3n de jard\u00edn PHUKET. Madera de acacia FSC con acabado efecto teca y cojines de olefina de alta gama. Estilo tropical. Oferta 249 \u20ac.","og_url":"https:\/\/www.lavillagardendesign.com\/es\/producto\/phuket-sillon-de-comedor-de-acacia-fsc\/","og_site_name":"La Villa Garden&amp;Design","article_publisher":"https:\/\/www.facebook.com\/lavillagardendesign\/","article_modified_time":"2026-02-10T12:38:24+00:00","og_image":[{"width":700,"height":800,"url":"https:\/\/www.lavillagardendesign.com\/wp-content\/uploads\/2025\/12\/150.jpg","type":"image\/jpeg"}],"twitter_card":"summary_large_image","schema":{"@context":"https:\/\/schema.org","@graph":[{"@type":"WebPage","@id":"https:\/\/www.lavillagardendesign.com\/es\/producto\/phuket-sillon-de-comedor-de-acacia-fsc\/","url":"https:\/\/www.lavillagardendesign.com\/es\/producto\/phuket-sillon-de-comedor-de-acacia-fsc\/","name":"PHUKET Silla de Comedor FSC Acacia Aspecto Teca | La Villa Garden","isPartOf":{"@id":"https:\/\/www.lavillagardendesign.com\/#website"},"primaryImageOfPage":{"@id":"https:\/\/www.lavillagardendesign.com\/es\/producto\/phuket-sillon-de-comedor-de-acacia-fsc\/#primaryimage"},"image":{"@id":"https:\/\/www.lavillagardendesign.com\/es\/producto\/phuket-sillon-de-comedor-de-acacia-fsc\/#primaryimage"},"thumbnailUrl":"https:\/\/www.lavillagardendesign.com\/wp-content\/uploads\/2025\/12\/150.jpg","datePublished":"2025-12-29T10:28:35+00:00","dateModified":"2026-02-10T12:38:24+00:00","description":"Sill\u00f3n de jard\u00edn PHUKET. Madera de acacia FSC con acabado efecto teca y cojines de olefina de alta gama. Estilo tropical. Oferta 249 \u20ac.","breadcrumb":{"@id":"https:\/\/www.lavillagardendesign.com\/es\/producto\/phuket-sillon-de-comedor-de-acacia-fsc\/#breadcrumb"},"inLanguage":"es","potentialAction":[{"@type":"ReadAction","target":["https:\/\/www.lavillagardendesign.com\/es\/producto\/phuket-sillon-de-comedor-de-acacia-fsc\/"]}]},{"@type":"ImageObject","inLanguage":"es","@id":"https:\/\/www.lavillagardendesign.com\/es\/producto\/phuket-sillon-de-comedor-de-acacia-fsc\/#primaryimage","url":"https:\/\/www.lavillagardendesign.com\/wp-content\/uploads\/2025\/12\/150.jpg","contentUrl":"https:\/\/www.lavillagardendesign.com\/wp-content\/uploads\/2025\/12\/150.jpg","width":700,"height":800},{"@type":"BreadcrumbList","@id":"https:\/\/www.lavillagardendesign.com\/es\/producto\/phuket-sillon-de-comedor-de-acacia-fsc\/#breadcrumb","itemListElement":[{"@type":"ListItem","position":1,"name":"Home","item":"https:\/\/www.lavillagardendesign.com\/"},{"@type":"ListItem","position":2,"name":"Tienda","item":"https:\/\/www.lavillagardendesign.com\/es\/tienda\/"},{"@type":"ListItem","position":3,"name":"PHUKET &#8211; Sill\u00f3n de comedor de acacia FSC"}]},{"@type":"WebSite","@id":"https:\/\/www.lavillagardendesign.com\/#website","url":"https:\/\/www.lavillagardendesign.com\/","name":"La Villa Garden&Design","description":"","publisher":{"@id":"https:\/\/www.lavillagardendesign.com\/#organization"},"potentialAction":[{"@type":"SearchAction","target":{"@type":"EntryPoint","urlTemplate":"https:\/\/www.lavillagardendesign.com\/?s={search_term_string}"},"query-input":{"@type":"PropertyValueSpecification","valueRequired":true,"valueName":"search_term_string"}}],"inLanguage":"es"},{"@type":"Organization","@id":"https:\/\/www.lavillagardendesign.com\/#organization","name":"La Villa Garden&Design","url":"https:\/\/www.lavillagardendesign.com\/","logo":{"@type":"ImageObject","inLanguage":"es","@id":"https:\/\/www.lavillagardendesign.com\/#\/schema\/logo\/image\/","url":"https:\/\/www.lavillagardendesign.com\/wp-content\/uploads\/2024\/04\/logolavilla.png","contentUrl":"https:\/\/www.lavillagardendesign.com\/wp-content\/uploads\/2024\/04\/logolavilla.png","width":682,"height":391,"caption":"La Villa Garden&Design"},"image":{"@id":"https:\/\/www.lavillagardendesign.com\/#\/schema\/logo\/image\/"},"sameAs":["https:\/\/www.facebook.com\/lavillagardendesign\/"]}]}},"_links":{"self":[{"href":"https:\/\/www.lavillagardendesign.com\/es\/wp-json\/wp\/v2\/product\/60255","targetHints":{"allow":["GET"]}}],"collection":[{"href":"https:\/\/www.lavillagardendesign.com\/es\/wp-json\/wp\/v2\/product"}],"about":[{"href":"https:\/\/www.lavillagardendesign.com\/es\/wp-json\/wp\/v2\/types\/product"}],"replies":[{"embeddable":true,"href":"https:\/\/www.lavillagardendesign.com\/es\/wp-json\/wp\/v2\/comments?post=60255"}],"version-history":[{"count":1,"href":"https:\/\/www.lavillagardendesign.com\/es\/wp-json\/wp\/v2\/product\/60255\/revisions"}],"predecessor-version":[{"id":60264,"href":"https:\/\/www.lavillagardendesign.com\/es\/wp-json\/wp\/v2\/product\/60255\/revisions\/60264"}],"wp:featuredmedia":[{"embeddable":true,"href":"https:\/\/www.lavillagardendesign.com\/es\/wp-json\/wp\/v2\/media\/60196"}],"wp:attachment":[{"href":"https:\/\/www.lavillagardendesign.com\/es\/wp-json\/wp\/v2\/media?parent=60255"}],"wp:term":[{"taxonomy":"product_brand","embeddable":true,"href":"https:\/\/www.lavillagardendesign.com\/es\/wp-json\/wp\/v2\/product_brand?post=60255"},{"taxonomy":"product_cat","embeddable":true,"href":"https:\/\/www.lavillagardendesign.com\/es\/wp-json\/wp\/v2\/product_cat?post=60255"},{"taxonomy":"product_tag","embeddable":true,"href":"https:\/\/www.lavillagardendesign.com\/es\/wp-json\/wp\/v2\/product_tag?post=60255"}],"curies":[{"name":"wp","href":"https:\/\/api.w.org\/{rel}","templated":true}]}}