{"id":60245,"date":"2025-12-29T11:28:35","date_gmt":"2025-12-29T10:28:35","guid":{"rendered":"https:\/\/www.lavillagardendesign.com\/product\/sorrento-silla-de-comedor-apilable\/"},"modified":"2026-02-10T14:42:17","modified_gmt":"2026-02-10T12:42:17","slug":"sorrento-silla-de-comedor-apilable","status":"publish","type":"product","link":"https:\/\/www.lavillagardendesign.com\/es\/producto\/sorrento-silla-de-comedor-apilable\/","title":{"rendered":"SORRENTO &#8211; Silla de comedor apilable"},"content":{"rendered":"","protected":false},"excerpt":{"rendered":"<p>Lleva la comodidad de un sill\u00f3n de sal\u00f3n a tu mesa de comedor con la Silla SORRENTO. Esta pieza redefine el lujo de exterior mediante el uso de fibra sint\u00e9tica redonda de 9 mm de grosor, un material de primera calidad que aporta volumen, textura tridimensional y una est\u00e9tica artesanal inigualable. Su estructura de aluminio con revestimiento de polvo de poli\u00e9ster blanco garantiza una total resistencia a la corrosi\u00f3n y a\u00f1ade brillo. A pesar de su aspecto robusto y envolvente, es sorprendentemente funcional: es apilable, lo que facilita su almacenamiento. La comodidad es absoluta gracias a sus cojines de asiento y respaldo desenfundables en tejido Olefin (100% polipropileno), hidr\u00f3fugo y suave al tacto.    <\/p>\n","protected":false},"featured_media":60163,"comment_status":"open","ping_status":"closed","template":"","meta":[],"product_brand":[4998],"product_cat":[6833,3105,3107,5659],"product_tag":[],"class_list":{"0":"post-60245","1":"product","2":"type-product","3":"status-publish","4":"has-post-thumbnail","6":"product_brand-la-villa","7":"product_cat-outdoor-es","8":"product_cat-sillas","9":"product_cat-sillas-de-comedor","10":"product_cat-promociones-web","12":"first","13":"instock","14":"sale","15":"taxable","16":"shipping-taxable","17":"purchasable","18":"product-type-simple"},"yoast_head":"<!-- This site is optimized with the Yoast SEO plugin v27.1.1 - https:\/\/yoast.com\/product\/yoast-seo-wordpress\/ -->\n<title>SORRENTO - Silla de comedor apilable - La Villa Garden&amp;Design<\/title>\n<meta name=\"description\" content=\"Silla de comedor de jard\u00edn SORRENTO. Dise\u00f1o redondo de fibra sint\u00e9tica de 9 mm y aluminio blanco. Apilable con cojines de olefina. Disponible en La Villa Garden.\" \/>\n<meta name=\"robots\" content=\"index, follow, max-snippet:-1, max-image-preview:large, max-video-preview:-1\" \/>\n<link rel=\"canonical\" href=\"https:\/\/www.lavillagardendesign.com\/es\/producto\/sorrento-silla-de-comedor-apilable\/\" \/>\n<meta property=\"og:locale\" content=\"es_ES\" \/>\n<meta property=\"og:type\" content=\"article\" \/>\n<meta property=\"og:title\" content=\"SORRENTO - Silla de comedor apilable - La Villa Garden&amp;Design\" \/>\n<meta property=\"og:description\" content=\"Silla de comedor de jard\u00edn SORRENTO. Dise\u00f1o redondo de fibra sint\u00e9tica de 9 mm y aluminio blanco. Apilable con cojines de olefina. Disponible en La Villa Garden.\" \/>\n<meta property=\"og:url\" content=\"https:\/\/www.lavillagardendesign.com\/es\/producto\/sorrento-silla-de-comedor-apilable\/\" \/>\n<meta property=\"og:site_name\" content=\"La Villa Garden&amp;Design\" \/>\n<meta property=\"article:publisher\" content=\"https:\/\/www.facebook.com\/lavillagardendesign\/\" \/>\n<meta property=\"article:modified_time\" content=\"2026-02-10T12:42:17+00:00\" \/>\n<meta property=\"og:image\" content=\"https:\/\/www.lavillagardendesign.com\/wp-content\/uploads\/2025\/12\/139.jpg\" \/>\n\t<meta property=\"og:image:width\" content=\"700\" \/>\n\t<meta property=\"og:image:height\" content=\"800\" \/>\n\t<meta property=\"og:image:type\" content=\"image\/jpeg\" \/>\n<meta name=\"twitter:card\" content=\"summary_large_image\" \/>\n<script type=\"application\/ld+json\" class=\"yoast-schema-graph\">{\"@context\":\"https:\/\/schema.org\",\"@graph\":[{\"@type\":\"WebPage\",\"@id\":\"https:\/\/www.lavillagardendesign.com\/es\/producto\/sorrento-silla-de-comedor-apilable\/\",\"url\":\"https:\/\/www.lavillagardendesign.com\/es\/producto\/sorrento-silla-de-comedor-apilable\/\",\"name\":\"SORRENTO - Silla de comedor apilable - La Villa Garden&amp;Design\",\"isPartOf\":{\"@id\":\"https:\/\/www.lavillagardendesign.com\/#website\"},\"primaryImageOfPage\":{\"@id\":\"https:\/\/www.lavillagardendesign.com\/es\/producto\/sorrento-silla-de-comedor-apilable\/#primaryimage\"},\"image\":{\"@id\":\"https:\/\/www.lavillagardendesign.com\/es\/producto\/sorrento-silla-de-comedor-apilable\/#primaryimage\"},\"thumbnailUrl\":\"https:\/\/www.lavillagardendesign.com\/wp-content\/uploads\/2025\/12\/139.jpg\",\"datePublished\":\"2025-12-29T10:28:35+00:00\",\"dateModified\":\"2026-02-10T12:42:17+00:00\",\"description\":\"Silla de comedor de jard\u00edn SORRENTO. Dise\u00f1o redondo de fibra sint\u00e9tica de 9 mm y aluminio blanco. Apilable con cojines de olefina. Disponible en La Villa Garden.\",\"breadcrumb\":{\"@id\":\"https:\/\/www.lavillagardendesign.com\/es\/producto\/sorrento-silla-de-comedor-apilable\/#breadcrumb\"},\"inLanguage\":\"es\",\"potentialAction\":[{\"@type\":\"ReadAction\",\"target\":[\"https:\/\/www.lavillagardendesign.com\/es\/producto\/sorrento-silla-de-comedor-apilable\/\"]}]},{\"@type\":\"ImageObject\",\"inLanguage\":\"es\",\"@id\":\"https:\/\/www.lavillagardendesign.com\/es\/producto\/sorrento-silla-de-comedor-apilable\/#primaryimage\",\"url\":\"https:\/\/www.lavillagardendesign.com\/wp-content\/uploads\/2025\/12\/139.jpg\",\"contentUrl\":\"https:\/\/www.lavillagardendesign.com\/wp-content\/uploads\/2025\/12\/139.jpg\",\"width\":700,\"height\":800},{\"@type\":\"BreadcrumbList\",\"@id\":\"https:\/\/www.lavillagardendesign.com\/es\/producto\/sorrento-silla-de-comedor-apilable\/#breadcrumb\",\"itemListElement\":[{\"@type\":\"ListItem\",\"position\":1,\"name\":\"Home\",\"item\":\"https:\/\/www.lavillagardendesign.com\/\"},{\"@type\":\"ListItem\",\"position\":2,\"name\":\"Tienda\",\"item\":\"https:\/\/www.lavillagardendesign.com\/es\/tienda\/\"},{\"@type\":\"ListItem\",\"position\":3,\"name\":\"SORRENTO &#8211; Silla de comedor apilable\"}]},{\"@type\":\"WebSite\",\"@id\":\"https:\/\/www.lavillagardendesign.com\/#website\",\"url\":\"https:\/\/www.lavillagardendesign.com\/\",\"name\":\"La Villa Garden&Design\",\"description\":\"\",\"publisher\":{\"@id\":\"https:\/\/www.lavillagardendesign.com\/#organization\"},\"potentialAction\":[{\"@type\":\"SearchAction\",\"target\":{\"@type\":\"EntryPoint\",\"urlTemplate\":\"https:\/\/www.lavillagardendesign.com\/?s={search_term_string}\"},\"query-input\":{\"@type\":\"PropertyValueSpecification\",\"valueRequired\":true,\"valueName\":\"search_term_string\"}}],\"inLanguage\":\"es\"},{\"@type\":\"Organization\",\"@id\":\"https:\/\/www.lavillagardendesign.com\/#organization\",\"name\":\"La Villa Garden&Design\",\"url\":\"https:\/\/www.lavillagardendesign.com\/\",\"logo\":{\"@type\":\"ImageObject\",\"inLanguage\":\"es\",\"@id\":\"https:\/\/www.lavillagardendesign.com\/#\/schema\/logo\/image\/\",\"url\":\"https:\/\/www.lavillagardendesign.com\/wp-content\/uploads\/2024\/04\/logolavilla.png\",\"contentUrl\":\"https:\/\/www.lavillagardendesign.com\/wp-content\/uploads\/2024\/04\/logolavilla.png\",\"width\":682,\"height\":391,\"caption\":\"La Villa Garden&Design\"},\"image\":{\"@id\":\"https:\/\/www.lavillagardendesign.com\/#\/schema\/logo\/image\/\"},\"sameAs\":[\"https:\/\/www.facebook.com\/lavillagardendesign\/\"]}]}<\/script>\n<!-- \/ Yoast SEO plugin. -->","yoast_head_json":{"title":"SORRENTO - Silla de comedor apilable - La Villa Garden&amp;Design","description":"Silla de comedor de jard\u00edn SORRENTO. Dise\u00f1o redondo de fibra sint\u00e9tica de 9 mm y aluminio blanco. Apilable con cojines de olefina. Disponible en La Villa Garden.","robots":{"index":"index","follow":"follow","max-snippet":"max-snippet:-1","max-image-preview":"max-image-preview:large","max-video-preview":"max-video-preview:-1"},"canonical":"https:\/\/www.lavillagardendesign.com\/es\/producto\/sorrento-silla-de-comedor-apilable\/","og_locale":"es_ES","og_type":"article","og_title":"SORRENTO - Silla de comedor apilable - La Villa Garden&amp;Design","og_description":"Silla de comedor de jard\u00edn SORRENTO. Dise\u00f1o redondo de fibra sint\u00e9tica de 9 mm y aluminio blanco. Apilable con cojines de olefina. Disponible en La Villa Garden.","og_url":"https:\/\/www.lavillagardendesign.com\/es\/producto\/sorrento-silla-de-comedor-apilable\/","og_site_name":"La Villa Garden&amp;Design","article_publisher":"https:\/\/www.facebook.com\/lavillagardendesign\/","article_modified_time":"2026-02-10T12:42:17+00:00","og_image":[{"width":700,"height":800,"url":"https:\/\/www.lavillagardendesign.com\/wp-content\/uploads\/2025\/12\/139.jpg","type":"image\/jpeg"}],"twitter_card":"summary_large_image","schema":{"@context":"https:\/\/schema.org","@graph":[{"@type":"WebPage","@id":"https:\/\/www.lavillagardendesign.com\/es\/producto\/sorrento-silla-de-comedor-apilable\/","url":"https:\/\/www.lavillagardendesign.com\/es\/producto\/sorrento-silla-de-comedor-apilable\/","name":"SORRENTO - Silla de comedor apilable - La Villa Garden&amp;Design","isPartOf":{"@id":"https:\/\/www.lavillagardendesign.com\/#website"},"primaryImageOfPage":{"@id":"https:\/\/www.lavillagardendesign.com\/es\/producto\/sorrento-silla-de-comedor-apilable\/#primaryimage"},"image":{"@id":"https:\/\/www.lavillagardendesign.com\/es\/producto\/sorrento-silla-de-comedor-apilable\/#primaryimage"},"thumbnailUrl":"https:\/\/www.lavillagardendesign.com\/wp-content\/uploads\/2025\/12\/139.jpg","datePublished":"2025-12-29T10:28:35+00:00","dateModified":"2026-02-10T12:42:17+00:00","description":"Silla de comedor de jard\u00edn SORRENTO. Dise\u00f1o redondo de fibra sint\u00e9tica de 9 mm y aluminio blanco. Apilable con cojines de olefina. Disponible en La Villa Garden.","breadcrumb":{"@id":"https:\/\/www.lavillagardendesign.com\/es\/producto\/sorrento-silla-de-comedor-apilable\/#breadcrumb"},"inLanguage":"es","potentialAction":[{"@type":"ReadAction","target":["https:\/\/www.lavillagardendesign.com\/es\/producto\/sorrento-silla-de-comedor-apilable\/"]}]},{"@type":"ImageObject","inLanguage":"es","@id":"https:\/\/www.lavillagardendesign.com\/es\/producto\/sorrento-silla-de-comedor-apilable\/#primaryimage","url":"https:\/\/www.lavillagardendesign.com\/wp-content\/uploads\/2025\/12\/139.jpg","contentUrl":"https:\/\/www.lavillagardendesign.com\/wp-content\/uploads\/2025\/12\/139.jpg","width":700,"height":800},{"@type":"BreadcrumbList","@id":"https:\/\/www.lavillagardendesign.com\/es\/producto\/sorrento-silla-de-comedor-apilable\/#breadcrumb","itemListElement":[{"@type":"ListItem","position":1,"name":"Home","item":"https:\/\/www.lavillagardendesign.com\/"},{"@type":"ListItem","position":2,"name":"Tienda","item":"https:\/\/www.lavillagardendesign.com\/es\/tienda\/"},{"@type":"ListItem","position":3,"name":"SORRENTO &#8211; Silla de comedor apilable"}]},{"@type":"WebSite","@id":"https:\/\/www.lavillagardendesign.com\/#website","url":"https:\/\/www.lavillagardendesign.com\/","name":"La Villa Garden&Design","description":"","publisher":{"@id":"https:\/\/www.lavillagardendesign.com\/#organization"},"potentialAction":[{"@type":"SearchAction","target":{"@type":"EntryPoint","urlTemplate":"https:\/\/www.lavillagardendesign.com\/?s={search_term_string}"},"query-input":{"@type":"PropertyValueSpecification","valueRequired":true,"valueName":"search_term_string"}}],"inLanguage":"es"},{"@type":"Organization","@id":"https:\/\/www.lavillagardendesign.com\/#organization","name":"La Villa Garden&Design","url":"https:\/\/www.lavillagardendesign.com\/","logo":{"@type":"ImageObject","inLanguage":"es","@id":"https:\/\/www.lavillagardendesign.com\/#\/schema\/logo\/image\/","url":"https:\/\/www.lavillagardendesign.com\/wp-content\/uploads\/2024\/04\/logolavilla.png","contentUrl":"https:\/\/www.lavillagardendesign.com\/wp-content\/uploads\/2024\/04\/logolavilla.png","width":682,"height":391,"caption":"La Villa Garden&Design"},"image":{"@id":"https:\/\/www.lavillagardendesign.com\/#\/schema\/logo\/image\/"},"sameAs":["https:\/\/www.facebook.com\/lavillagardendesign\/"]}]}},"_links":{"self":[{"href":"https:\/\/www.lavillagardendesign.com\/es\/wp-json\/wp\/v2\/product\/60245","targetHints":{"allow":["GET"]}}],"collection":[{"href":"https:\/\/www.lavillagardendesign.com\/es\/wp-json\/wp\/v2\/product"}],"about":[{"href":"https:\/\/www.lavillagardendesign.com\/es\/wp-json\/wp\/v2\/types\/product"}],"replies":[{"embeddable":true,"href":"https:\/\/www.lavillagardendesign.com\/es\/wp-json\/wp\/v2\/comments?post=60245"}],"version-history":[{"count":1,"href":"https:\/\/www.lavillagardendesign.com\/es\/wp-json\/wp\/v2\/product\/60245\/revisions"}],"predecessor-version":[{"id":62339,"href":"https:\/\/www.lavillagardendesign.com\/es\/wp-json\/wp\/v2\/product\/60245\/revisions\/62339"}],"wp:featuredmedia":[{"embeddable":true,"href":"https:\/\/www.lavillagardendesign.com\/es\/wp-json\/wp\/v2\/media\/60163"}],"wp:attachment":[{"href":"https:\/\/www.lavillagardendesign.com\/es\/wp-json\/wp\/v2\/media?parent=60245"}],"wp:term":[{"taxonomy":"product_brand","embeddable":true,"href":"https:\/\/www.lavillagardendesign.com\/es\/wp-json\/wp\/v2\/product_brand?post=60245"},{"taxonomy":"product_cat","embeddable":true,"href":"https:\/\/www.lavillagardendesign.com\/es\/wp-json\/wp\/v2\/product_cat?post=60245"},{"taxonomy":"product_tag","embeddable":true,"href":"https:\/\/www.lavillagardendesign.com\/es\/wp-json\/wp\/v2\/product_tag?post=60245"}],"curies":[{"name":"wp","href":"https:\/\/api.w.org\/{rel}","templated":true}]}}