{"id":59981,"date":"2025-12-28T12:41:45","date_gmt":"2025-12-28T11:41:45","guid":{"rendered":"https:\/\/www.lavillagardendesign.com\/product\/porto-rico-mesa-de-comedor-extensible\/"},"modified":"2026-02-10T14:45:10","modified_gmt":"2026-02-10T12:45:10","slug":"porto-rico-mesa-de-comedor-extensible","status":"publish","type":"product","link":"https:\/\/www.lavillagardendesign.com\/es\/producto\/porto-rico-mesa-de-comedor-extensible\/","title":{"rendered":"PORTO RICO &#8211; Mesa de comedor extensible"},"content":{"rendered":"","protected":false},"excerpt":{"rendered":"<p>Preside tu jard\u00edn con la autoridad y nobleza de la Mesa Extensible PORTO RICO. Esta pieza monumental est\u00e1 esculpida en madera de Teca de Grado A, la categor\u00eda m\u00e1s alta del mercado, obtenida del coraz\u00f3n del tronco para garantizar una ausencia total de nudos y una riqueza excepcional en aceites protectores naturales. Su fabricaci\u00f3n mec\u00e1nica de alta precisi\u00f3n garantiza unos acabados perfectos y un deslizamiento suave de su sistema de extensi\u00f3n, que permite ampliar la mesa de 220 cm a 300 cm sin esfuerzo. La estructura descansa sobre cuatro impresionantes patas macizas de 10&#215;10 cm, que proporcionan una estabilidad inquebrantable y una est\u00e9tica robusta e intemporal. Cuenta con certificaci\u00f3n SVLK (madera procedente de bosques sostenibles) y herrajes de acero inoxidable.    <\/p>\n","protected":false},"featured_media":59860,"comment_status":"open","ping_status":"closed","template":"","meta":[],"product_brand":[4998],"product_cat":[6833,3120,3122],"product_tag":[],"class_list":{"0":"post-59981","1":"product","2":"type-product","3":"status-publish","4":"has-post-thumbnail","6":"product_brand-la-villa","7":"product_cat-outdoor-es","8":"product_cat-mesas","9":"product_cat-mesas-de-comedor","11":"first","12":"instock","13":"sale","14":"taxable","15":"shipping-taxable","16":"purchasable","17":"product-type-simple"},"yoast_head":"<!-- This site is optimized with the Yoast SEO plugin v27.1.1 - https:\/\/yoast.com\/product\/yoast-seo-wordpress\/ -->\n<title>PORTO RICO - Mesa de comedor extensible - La Villa Garden&amp;Design<\/title>\n<meta name=\"robots\" content=\"index, follow, max-snippet:-1, max-image-preview:large, max-video-preview:-1\" \/>\n<link rel=\"canonical\" href=\"https:\/\/www.lavillagardendesign.com\/es\/producto\/porto-rico-mesa-de-comedor-extensible\/\" \/>\n<meta property=\"og:locale\" content=\"es_ES\" \/>\n<meta property=\"og:type\" content=\"article\" \/>\n<meta property=\"og:title\" content=\"PORTO RICO - Mesa de comedor extensible - La Villa Garden&amp;Design\" \/>\n<meta property=\"og:description\" content=\"Preside tu jard\u00edn con la autoridad y nobleza de la Mesa Extensible PORTO RICO. Esta pieza monumental est\u00e1 esculpida en madera de Teca de Grado A, la categor\u00eda m\u00e1s alta del mercado, obtenida del coraz\u00f3n del tronco para garantizar una ausencia total de nudos y una riqueza excepcional en aceites protectores naturales. Su fabricaci\u00f3n mec\u00e1nica de alta precisi\u00f3n garantiza unos acabados perfectos y un deslizamiento suave de su sistema de extensi\u00f3n, que permite ampliar la mesa de 220 cm a 300 cm sin esfuerzo. La estructura descansa sobre cuatro impresionantes patas macizas de 10x10 cm, que proporcionan una estabilidad inquebrantable y una est\u00e9tica robusta e intemporal. Cuenta con certificaci\u00f3n SVLK (madera procedente de bosques sostenibles) y herrajes de acero inoxidable.\" \/>\n<meta property=\"og:url\" content=\"https:\/\/www.lavillagardendesign.com\/es\/producto\/porto-rico-mesa-de-comedor-extensible\/\" \/>\n<meta property=\"og:site_name\" content=\"La Villa Garden&amp;Design\" \/>\n<meta property=\"article:publisher\" content=\"https:\/\/www.facebook.com\/lavillagardendesign\/\" \/>\n<meta property=\"article:modified_time\" content=\"2026-02-10T12:45:10+00:00\" \/>\n<meta property=\"og:image\" content=\"https:\/\/www.lavillagardendesign.com\/wp-content\/uploads\/2025\/12\/83.png\" \/>\n\t<meta property=\"og:image:width\" content=\"700\" \/>\n\t<meta property=\"og:image:height\" content=\"800\" \/>\n\t<meta property=\"og:image:type\" content=\"image\/png\" \/>\n<meta name=\"twitter:card\" content=\"summary_large_image\" \/>\n<script type=\"application\/ld+json\" class=\"yoast-schema-graph\">{\"@context\":\"https:\/\/schema.org\",\"@graph\":[{\"@type\":\"WebPage\",\"@id\":\"https:\/\/www.lavillagardendesign.com\/es\/producto\/porto-rico-mesa-de-comedor-extensible\/\",\"url\":\"https:\/\/www.lavillagardendesign.com\/es\/producto\/porto-rico-mesa-de-comedor-extensible\/\",\"name\":\"PORTO RICO - Mesa de comedor extensible - La Villa Garden&amp;Design\",\"isPartOf\":{\"@id\":\"https:\/\/www.lavillagardendesign.com\/#website\"},\"primaryImageOfPage\":{\"@id\":\"https:\/\/www.lavillagardendesign.com\/es\/producto\/porto-rico-mesa-de-comedor-extensible\/#primaryimage\"},\"image\":{\"@id\":\"https:\/\/www.lavillagardendesign.com\/es\/producto\/porto-rico-mesa-de-comedor-extensible\/#primaryimage\"},\"thumbnailUrl\":\"https:\/\/www.lavillagardendesign.com\/wp-content\/uploads\/2025\/12\/83.png\",\"datePublished\":\"2025-12-28T11:41:45+00:00\",\"dateModified\":\"2026-02-10T12:45:10+00:00\",\"breadcrumb\":{\"@id\":\"https:\/\/www.lavillagardendesign.com\/es\/producto\/porto-rico-mesa-de-comedor-extensible\/#breadcrumb\"},\"inLanguage\":\"es\",\"potentialAction\":[{\"@type\":\"ReadAction\",\"target\":[\"https:\/\/www.lavillagardendesign.com\/es\/producto\/porto-rico-mesa-de-comedor-extensible\/\"]}]},{\"@type\":\"ImageObject\",\"inLanguage\":\"es\",\"@id\":\"https:\/\/www.lavillagardendesign.com\/es\/producto\/porto-rico-mesa-de-comedor-extensible\/#primaryimage\",\"url\":\"https:\/\/www.lavillagardendesign.com\/wp-content\/uploads\/2025\/12\/83.png\",\"contentUrl\":\"https:\/\/www.lavillagardendesign.com\/wp-content\/uploads\/2025\/12\/83.png\",\"width\":700,\"height\":800},{\"@type\":\"BreadcrumbList\",\"@id\":\"https:\/\/www.lavillagardendesign.com\/es\/producto\/porto-rico-mesa-de-comedor-extensible\/#breadcrumb\",\"itemListElement\":[{\"@type\":\"ListItem\",\"position\":1,\"name\":\"Home\",\"item\":\"https:\/\/www.lavillagardendesign.com\/\"},{\"@type\":\"ListItem\",\"position\":2,\"name\":\"Tienda\",\"item\":\"https:\/\/www.lavillagardendesign.com\/es\/tienda\/\"},{\"@type\":\"ListItem\",\"position\":3,\"name\":\"PORTO RICO &#8211; Mesa de comedor extensible\"}]},{\"@type\":\"WebSite\",\"@id\":\"https:\/\/www.lavillagardendesign.com\/#website\",\"url\":\"https:\/\/www.lavillagardendesign.com\/\",\"name\":\"La Villa Garden&Design\",\"description\":\"\",\"publisher\":{\"@id\":\"https:\/\/www.lavillagardendesign.com\/#organization\"},\"potentialAction\":[{\"@type\":\"SearchAction\",\"target\":{\"@type\":\"EntryPoint\",\"urlTemplate\":\"https:\/\/www.lavillagardendesign.com\/?s={search_term_string}\"},\"query-input\":{\"@type\":\"PropertyValueSpecification\",\"valueRequired\":true,\"valueName\":\"search_term_string\"}}],\"inLanguage\":\"es\"},{\"@type\":\"Organization\",\"@id\":\"https:\/\/www.lavillagardendesign.com\/#organization\",\"name\":\"La Villa Garden&Design\",\"url\":\"https:\/\/www.lavillagardendesign.com\/\",\"logo\":{\"@type\":\"ImageObject\",\"inLanguage\":\"es\",\"@id\":\"https:\/\/www.lavillagardendesign.com\/#\/schema\/logo\/image\/\",\"url\":\"https:\/\/www.lavillagardendesign.com\/wp-content\/uploads\/2024\/04\/logolavilla.png\",\"contentUrl\":\"https:\/\/www.lavillagardendesign.com\/wp-content\/uploads\/2024\/04\/logolavilla.png\",\"width\":682,\"height\":391,\"caption\":\"La Villa Garden&Design\"},\"image\":{\"@id\":\"https:\/\/www.lavillagardendesign.com\/#\/schema\/logo\/image\/\"},\"sameAs\":[\"https:\/\/www.facebook.com\/lavillagardendesign\/\"]}]}<\/script>\n<!-- \/ Yoast SEO plugin. -->","yoast_head_json":{"title":"PORTO RICO - Mesa de comedor extensible - La Villa Garden&amp;Design","robots":{"index":"index","follow":"follow","max-snippet":"max-snippet:-1","max-image-preview":"max-image-preview:large","max-video-preview":"max-video-preview:-1"},"canonical":"https:\/\/www.lavillagardendesign.com\/es\/producto\/porto-rico-mesa-de-comedor-extensible\/","og_locale":"es_ES","og_type":"article","og_title":"PORTO RICO - Mesa de comedor extensible - La Villa Garden&amp;Design","og_description":"Preside tu jard\u00edn con la autoridad y nobleza de la Mesa Extensible PORTO RICO. Esta pieza monumental est\u00e1 esculpida en madera de Teca de Grado A, la categor\u00eda m\u00e1s alta del mercado, obtenida del coraz\u00f3n del tronco para garantizar una ausencia total de nudos y una riqueza excepcional en aceites protectores naturales. Su fabricaci\u00f3n mec\u00e1nica de alta precisi\u00f3n garantiza unos acabados perfectos y un deslizamiento suave de su sistema de extensi\u00f3n, que permite ampliar la mesa de 220 cm a 300 cm sin esfuerzo. La estructura descansa sobre cuatro impresionantes patas macizas de 10x10 cm, que proporcionan una estabilidad inquebrantable y una est\u00e9tica robusta e intemporal. Cuenta con certificaci\u00f3n SVLK (madera procedente de bosques sostenibles) y herrajes de acero inoxidable.","og_url":"https:\/\/www.lavillagardendesign.com\/es\/producto\/porto-rico-mesa-de-comedor-extensible\/","og_site_name":"La Villa Garden&amp;Design","article_publisher":"https:\/\/www.facebook.com\/lavillagardendesign\/","article_modified_time":"2026-02-10T12:45:10+00:00","og_image":[{"width":700,"height":800,"url":"https:\/\/www.lavillagardendesign.com\/wp-content\/uploads\/2025\/12\/83.png","type":"image\/png"}],"twitter_card":"summary_large_image","schema":{"@context":"https:\/\/schema.org","@graph":[{"@type":"WebPage","@id":"https:\/\/www.lavillagardendesign.com\/es\/producto\/porto-rico-mesa-de-comedor-extensible\/","url":"https:\/\/www.lavillagardendesign.com\/es\/producto\/porto-rico-mesa-de-comedor-extensible\/","name":"PORTO RICO - Mesa de comedor extensible - La Villa Garden&amp;Design","isPartOf":{"@id":"https:\/\/www.lavillagardendesign.com\/#website"},"primaryImageOfPage":{"@id":"https:\/\/www.lavillagardendesign.com\/es\/producto\/porto-rico-mesa-de-comedor-extensible\/#primaryimage"},"image":{"@id":"https:\/\/www.lavillagardendesign.com\/es\/producto\/porto-rico-mesa-de-comedor-extensible\/#primaryimage"},"thumbnailUrl":"https:\/\/www.lavillagardendesign.com\/wp-content\/uploads\/2025\/12\/83.png","datePublished":"2025-12-28T11:41:45+00:00","dateModified":"2026-02-10T12:45:10+00:00","breadcrumb":{"@id":"https:\/\/www.lavillagardendesign.com\/es\/producto\/porto-rico-mesa-de-comedor-extensible\/#breadcrumb"},"inLanguage":"es","potentialAction":[{"@type":"ReadAction","target":["https:\/\/www.lavillagardendesign.com\/es\/producto\/porto-rico-mesa-de-comedor-extensible\/"]}]},{"@type":"ImageObject","inLanguage":"es","@id":"https:\/\/www.lavillagardendesign.com\/es\/producto\/porto-rico-mesa-de-comedor-extensible\/#primaryimage","url":"https:\/\/www.lavillagardendesign.com\/wp-content\/uploads\/2025\/12\/83.png","contentUrl":"https:\/\/www.lavillagardendesign.com\/wp-content\/uploads\/2025\/12\/83.png","width":700,"height":800},{"@type":"BreadcrumbList","@id":"https:\/\/www.lavillagardendesign.com\/es\/producto\/porto-rico-mesa-de-comedor-extensible\/#breadcrumb","itemListElement":[{"@type":"ListItem","position":1,"name":"Home","item":"https:\/\/www.lavillagardendesign.com\/"},{"@type":"ListItem","position":2,"name":"Tienda","item":"https:\/\/www.lavillagardendesign.com\/es\/tienda\/"},{"@type":"ListItem","position":3,"name":"PORTO RICO &#8211; Mesa de comedor extensible"}]},{"@type":"WebSite","@id":"https:\/\/www.lavillagardendesign.com\/#website","url":"https:\/\/www.lavillagardendesign.com\/","name":"La Villa Garden&Design","description":"","publisher":{"@id":"https:\/\/www.lavillagardendesign.com\/#organization"},"potentialAction":[{"@type":"SearchAction","target":{"@type":"EntryPoint","urlTemplate":"https:\/\/www.lavillagardendesign.com\/?s={search_term_string}"},"query-input":{"@type":"PropertyValueSpecification","valueRequired":true,"valueName":"search_term_string"}}],"inLanguage":"es"},{"@type":"Organization","@id":"https:\/\/www.lavillagardendesign.com\/#organization","name":"La Villa Garden&Design","url":"https:\/\/www.lavillagardendesign.com\/","logo":{"@type":"ImageObject","inLanguage":"es","@id":"https:\/\/www.lavillagardendesign.com\/#\/schema\/logo\/image\/","url":"https:\/\/www.lavillagardendesign.com\/wp-content\/uploads\/2024\/04\/logolavilla.png","contentUrl":"https:\/\/www.lavillagardendesign.com\/wp-content\/uploads\/2024\/04\/logolavilla.png","width":682,"height":391,"caption":"La Villa Garden&Design"},"image":{"@id":"https:\/\/www.lavillagardendesign.com\/#\/schema\/logo\/image\/"},"sameAs":["https:\/\/www.facebook.com\/lavillagardendesign\/"]}]}},"_links":{"self":[{"href":"https:\/\/www.lavillagardendesign.com\/es\/wp-json\/wp\/v2\/product\/59981","targetHints":{"allow":["GET"]}}],"collection":[{"href":"https:\/\/www.lavillagardendesign.com\/es\/wp-json\/wp\/v2\/product"}],"about":[{"href":"https:\/\/www.lavillagardendesign.com\/es\/wp-json\/wp\/v2\/types\/product"}],"replies":[{"embeddable":true,"href":"https:\/\/www.lavillagardendesign.com\/es\/wp-json\/wp\/v2\/comments?post=59981"}],"version-history":[{"count":1,"href":"https:\/\/www.lavillagardendesign.com\/es\/wp-json\/wp\/v2\/product\/59981\/revisions"}],"predecessor-version":[{"id":62391,"href":"https:\/\/www.lavillagardendesign.com\/es\/wp-json\/wp\/v2\/product\/59981\/revisions\/62391"}],"wp:featuredmedia":[{"embeddable":true,"href":"https:\/\/www.lavillagardendesign.com\/es\/wp-json\/wp\/v2\/media\/59860"}],"wp:attachment":[{"href":"https:\/\/www.lavillagardendesign.com\/es\/wp-json\/wp\/v2\/media?parent=59981"}],"wp:term":[{"taxonomy":"product_brand","embeddable":true,"href":"https:\/\/www.lavillagardendesign.com\/es\/wp-json\/wp\/v2\/product_brand?post=59981"},{"taxonomy":"product_cat","embeddable":true,"href":"https:\/\/www.lavillagardendesign.com\/es\/wp-json\/wp\/v2\/product_cat?post=59981"},{"taxonomy":"product_tag","embeddable":true,"href":"https:\/\/www.lavillagardendesign.com\/es\/wp-json\/wp\/v2\/product_tag?post=59981"}],"curies":[{"name":"wp","href":"https:\/\/api.w.org\/{rel}","templated":true}]}}