{"id":59972,"date":"2025-12-28T12:41:45","date_gmt":"2025-12-28T11:41:45","guid":{"rendered":"https:\/\/www.lavillagardendesign.com\/product\/porto-rico-mesa-baja-cuadrada\/"},"modified":"2026-02-10T14:45:08","modified_gmt":"2026-02-10T12:45:08","slug":"porto-rico-mesa-baja-cuadrada","status":"publish","type":"product","link":"https:\/\/www.lavillagardendesign.com\/es\/producto\/porto-rico-mesa-baja-cuadrada\/","title":{"rendered":"PORTO RICO &#8211; Mesa baja cuadrada"},"content":{"rendered":"","protected":false},"excerpt":{"rendered":"<p>Completa tu sal\u00f3n modular con la Mesa de centro PORTO RICO, una pieza de arquitectura minimalista pensada para los amantes del dise\u00f1o puro. Con unas dimensiones de 94 x 94 cm, encaja geom\u00e9tricamente a la perfecci\u00f3n con los sof\u00e1s de la misma colecci\u00f3n, permitiendo configuraciones sim\u00e9tricas y equilibradas. Fabricada \u00edntegramente en madera de Teca certificada SVLK (procedente de bosques sostenibles) con un acabado al agua, esta mesa destaca por su bajo perfil de s\u00f3lo 17 cm de altura. Este dise\u00f1o de \u00abperfil bajo\u00bb es una tendencia absoluta en mobiliario de exterior de lujo, ya que proporciona una est\u00e9tica Lounge relajada y mantiene la vista del jard\u00edn sin obst\u00e1culos. Es la superficie ideal para colocar revistas, bandejas o elementos decorativos que resalten la belleza natural de la veta de la teca.    <\/p>\n","protected":false},"featured_media":59872,"comment_status":"open","ping_status":"closed","template":"","meta":[],"product_brand":[4998],"product_cat":[6833,3120,3121],"product_tag":[],"class_list":{"0":"post-59972","1":"product","2":"type-product","3":"status-publish","4":"has-post-thumbnail","6":"product_brand-la-villa","7":"product_cat-outdoor-es","8":"product_cat-mesas","9":"product_cat-mesas-de-centro","11":"first","12":"instock","13":"sale","14":"taxable","15":"shipping-taxable","16":"purchasable","17":"product-type-simple"},"yoast_head":"<!-- This site is optimized with the Yoast SEO plugin v27.1.1 - https:\/\/yoast.com\/product\/yoast-seo-wordpress\/ -->\n<title>PORTO RICO - Mesa baja cuadrada - La Villa Garden&amp;Design<\/title>\n<meta name=\"robots\" content=\"index, follow, max-snippet:-1, max-image-preview:large, max-video-preview:-1\" \/>\n<link rel=\"canonical\" href=\"https:\/\/www.lavillagardendesign.com\/es\/producto\/porto-rico-mesa-baja-cuadrada\/\" \/>\n<meta property=\"og:locale\" content=\"es_ES\" \/>\n<meta property=\"og:type\" content=\"article\" \/>\n<meta property=\"og:title\" content=\"PORTO RICO - Mesa baja cuadrada - La Villa Garden&amp;Design\" \/>\n<meta property=\"og:description\" content=\"Completa tu sal\u00f3n modular con la Mesa de centro PORTO RICO, una pieza de arquitectura minimalista pensada para los amantes del dise\u00f1o puro. Con unas dimensiones de 94 x 94 cm, encaja geom\u00e9tricamente a la perfecci\u00f3n con los sof\u00e1s de la misma colecci\u00f3n, permitiendo configuraciones sim\u00e9tricas y equilibradas. Fabricada \u00edntegramente en madera de Teca certificada SVLK (procedente de bosques sostenibles) con un acabado al agua, esta mesa destaca por su bajo perfil de s\u00f3lo 17 cm de altura. Este dise\u00f1o de &quot;perfil bajo&quot; es una tendencia absoluta en mobiliario de exterior de lujo, ya que proporciona una est\u00e9tica Lounge relajada y mantiene la vista del jard\u00edn sin obst\u00e1culos. Es la superficie ideal para colocar revistas, bandejas o elementos decorativos que resalten la belleza natural de la veta de la teca.\" \/>\n<meta property=\"og:url\" content=\"https:\/\/www.lavillagardendesign.com\/es\/producto\/porto-rico-mesa-baja-cuadrada\/\" \/>\n<meta property=\"og:site_name\" content=\"La Villa Garden&amp;Design\" \/>\n<meta property=\"article:publisher\" content=\"https:\/\/www.facebook.com\/lavillagardendesign\/\" \/>\n<meta property=\"article:modified_time\" content=\"2026-02-10T12:45:08+00:00\" \/>\n<meta property=\"og:image\" content=\"https:\/\/www.lavillagardendesign.com\/wp-content\/uploads\/2025\/12\/86-1.png\" \/>\n\t<meta property=\"og:image:width\" content=\"700\" \/>\n\t<meta property=\"og:image:height\" content=\"800\" \/>\n\t<meta property=\"og:image:type\" content=\"image\/png\" \/>\n<meta name=\"twitter:card\" content=\"summary_large_image\" \/>\n<script type=\"application\/ld+json\" class=\"yoast-schema-graph\">{\"@context\":\"https:\/\/schema.org\",\"@graph\":[{\"@type\":\"WebPage\",\"@id\":\"https:\/\/www.lavillagardendesign.com\/es\/producto\/porto-rico-mesa-baja-cuadrada\/\",\"url\":\"https:\/\/www.lavillagardendesign.com\/es\/producto\/porto-rico-mesa-baja-cuadrada\/\",\"name\":\"PORTO RICO - Mesa baja cuadrada - La Villa Garden&amp;Design\",\"isPartOf\":{\"@id\":\"https:\/\/www.lavillagardendesign.com\/#website\"},\"primaryImageOfPage\":{\"@id\":\"https:\/\/www.lavillagardendesign.com\/es\/producto\/porto-rico-mesa-baja-cuadrada\/#primaryimage\"},\"image\":{\"@id\":\"https:\/\/www.lavillagardendesign.com\/es\/producto\/porto-rico-mesa-baja-cuadrada\/#primaryimage\"},\"thumbnailUrl\":\"https:\/\/www.lavillagardendesign.com\/wp-content\/uploads\/2025\/12\/86-1.png\",\"datePublished\":\"2025-12-28T11:41:45+00:00\",\"dateModified\":\"2026-02-10T12:45:08+00:00\",\"breadcrumb\":{\"@id\":\"https:\/\/www.lavillagardendesign.com\/es\/producto\/porto-rico-mesa-baja-cuadrada\/#breadcrumb\"},\"inLanguage\":\"es\",\"potentialAction\":[{\"@type\":\"ReadAction\",\"target\":[\"https:\/\/www.lavillagardendesign.com\/es\/producto\/porto-rico-mesa-baja-cuadrada\/\"]}]},{\"@type\":\"ImageObject\",\"inLanguage\":\"es\",\"@id\":\"https:\/\/www.lavillagardendesign.com\/es\/producto\/porto-rico-mesa-baja-cuadrada\/#primaryimage\",\"url\":\"https:\/\/www.lavillagardendesign.com\/wp-content\/uploads\/2025\/12\/86-1.png\",\"contentUrl\":\"https:\/\/www.lavillagardendesign.com\/wp-content\/uploads\/2025\/12\/86-1.png\",\"width\":700,\"height\":800},{\"@type\":\"BreadcrumbList\",\"@id\":\"https:\/\/www.lavillagardendesign.com\/es\/producto\/porto-rico-mesa-baja-cuadrada\/#breadcrumb\",\"itemListElement\":[{\"@type\":\"ListItem\",\"position\":1,\"name\":\"Home\",\"item\":\"https:\/\/www.lavillagardendesign.com\/\"},{\"@type\":\"ListItem\",\"position\":2,\"name\":\"Tienda\",\"item\":\"https:\/\/www.lavillagardendesign.com\/es\/tienda\/\"},{\"@type\":\"ListItem\",\"position\":3,\"name\":\"PORTO RICO &#8211; Mesa baja cuadrada\"}]},{\"@type\":\"WebSite\",\"@id\":\"https:\/\/www.lavillagardendesign.com\/#website\",\"url\":\"https:\/\/www.lavillagardendesign.com\/\",\"name\":\"La Villa Garden&Design\",\"description\":\"\",\"publisher\":{\"@id\":\"https:\/\/www.lavillagardendesign.com\/#organization\"},\"potentialAction\":[{\"@type\":\"SearchAction\",\"target\":{\"@type\":\"EntryPoint\",\"urlTemplate\":\"https:\/\/www.lavillagardendesign.com\/?s={search_term_string}\"},\"query-input\":{\"@type\":\"PropertyValueSpecification\",\"valueRequired\":true,\"valueName\":\"search_term_string\"}}],\"inLanguage\":\"es\"},{\"@type\":\"Organization\",\"@id\":\"https:\/\/www.lavillagardendesign.com\/#organization\",\"name\":\"La Villa Garden&Design\",\"url\":\"https:\/\/www.lavillagardendesign.com\/\",\"logo\":{\"@type\":\"ImageObject\",\"inLanguage\":\"es\",\"@id\":\"https:\/\/www.lavillagardendesign.com\/#\/schema\/logo\/image\/\",\"url\":\"https:\/\/www.lavillagardendesign.com\/wp-content\/uploads\/2024\/04\/logolavilla.png\",\"contentUrl\":\"https:\/\/www.lavillagardendesign.com\/wp-content\/uploads\/2024\/04\/logolavilla.png\",\"width\":682,\"height\":391,\"caption\":\"La Villa Garden&Design\"},\"image\":{\"@id\":\"https:\/\/www.lavillagardendesign.com\/#\/schema\/logo\/image\/\"},\"sameAs\":[\"https:\/\/www.facebook.com\/lavillagardendesign\/\"]}]}<\/script>\n<!-- \/ Yoast SEO plugin. -->","yoast_head_json":{"title":"PORTO RICO - Mesa baja cuadrada - La Villa Garden&amp;Design","robots":{"index":"index","follow":"follow","max-snippet":"max-snippet:-1","max-image-preview":"max-image-preview:large","max-video-preview":"max-video-preview:-1"},"canonical":"https:\/\/www.lavillagardendesign.com\/es\/producto\/porto-rico-mesa-baja-cuadrada\/","og_locale":"es_ES","og_type":"article","og_title":"PORTO RICO - Mesa baja cuadrada - La Villa Garden&amp;Design","og_description":"Completa tu sal\u00f3n modular con la Mesa de centro PORTO RICO, una pieza de arquitectura minimalista pensada para los amantes del dise\u00f1o puro. Con unas dimensiones de 94 x 94 cm, encaja geom\u00e9tricamente a la perfecci\u00f3n con los sof\u00e1s de la misma colecci\u00f3n, permitiendo configuraciones sim\u00e9tricas y equilibradas. Fabricada \u00edntegramente en madera de Teca certificada SVLK (procedente de bosques sostenibles) con un acabado al agua, esta mesa destaca por su bajo perfil de s\u00f3lo 17 cm de altura. Este dise\u00f1o de \"perfil bajo\" es una tendencia absoluta en mobiliario de exterior de lujo, ya que proporciona una est\u00e9tica Lounge relajada y mantiene la vista del jard\u00edn sin obst\u00e1culos. Es la superficie ideal para colocar revistas, bandejas o elementos decorativos que resalten la belleza natural de la veta de la teca.","og_url":"https:\/\/www.lavillagardendesign.com\/es\/producto\/porto-rico-mesa-baja-cuadrada\/","og_site_name":"La Villa Garden&amp;Design","article_publisher":"https:\/\/www.facebook.com\/lavillagardendesign\/","article_modified_time":"2026-02-10T12:45:08+00:00","og_image":[{"width":700,"height":800,"url":"https:\/\/www.lavillagardendesign.com\/wp-content\/uploads\/2025\/12\/86-1.png","type":"image\/png"}],"twitter_card":"summary_large_image","schema":{"@context":"https:\/\/schema.org","@graph":[{"@type":"WebPage","@id":"https:\/\/www.lavillagardendesign.com\/es\/producto\/porto-rico-mesa-baja-cuadrada\/","url":"https:\/\/www.lavillagardendesign.com\/es\/producto\/porto-rico-mesa-baja-cuadrada\/","name":"PORTO RICO - Mesa baja cuadrada - La Villa Garden&amp;Design","isPartOf":{"@id":"https:\/\/www.lavillagardendesign.com\/#website"},"primaryImageOfPage":{"@id":"https:\/\/www.lavillagardendesign.com\/es\/producto\/porto-rico-mesa-baja-cuadrada\/#primaryimage"},"image":{"@id":"https:\/\/www.lavillagardendesign.com\/es\/producto\/porto-rico-mesa-baja-cuadrada\/#primaryimage"},"thumbnailUrl":"https:\/\/www.lavillagardendesign.com\/wp-content\/uploads\/2025\/12\/86-1.png","datePublished":"2025-12-28T11:41:45+00:00","dateModified":"2026-02-10T12:45:08+00:00","breadcrumb":{"@id":"https:\/\/www.lavillagardendesign.com\/es\/producto\/porto-rico-mesa-baja-cuadrada\/#breadcrumb"},"inLanguage":"es","potentialAction":[{"@type":"ReadAction","target":["https:\/\/www.lavillagardendesign.com\/es\/producto\/porto-rico-mesa-baja-cuadrada\/"]}]},{"@type":"ImageObject","inLanguage":"es","@id":"https:\/\/www.lavillagardendesign.com\/es\/producto\/porto-rico-mesa-baja-cuadrada\/#primaryimage","url":"https:\/\/www.lavillagardendesign.com\/wp-content\/uploads\/2025\/12\/86-1.png","contentUrl":"https:\/\/www.lavillagardendesign.com\/wp-content\/uploads\/2025\/12\/86-1.png","width":700,"height":800},{"@type":"BreadcrumbList","@id":"https:\/\/www.lavillagardendesign.com\/es\/producto\/porto-rico-mesa-baja-cuadrada\/#breadcrumb","itemListElement":[{"@type":"ListItem","position":1,"name":"Home","item":"https:\/\/www.lavillagardendesign.com\/"},{"@type":"ListItem","position":2,"name":"Tienda","item":"https:\/\/www.lavillagardendesign.com\/es\/tienda\/"},{"@type":"ListItem","position":3,"name":"PORTO RICO &#8211; Mesa baja cuadrada"}]},{"@type":"WebSite","@id":"https:\/\/www.lavillagardendesign.com\/#website","url":"https:\/\/www.lavillagardendesign.com\/","name":"La Villa Garden&Design","description":"","publisher":{"@id":"https:\/\/www.lavillagardendesign.com\/#organization"},"potentialAction":[{"@type":"SearchAction","target":{"@type":"EntryPoint","urlTemplate":"https:\/\/www.lavillagardendesign.com\/?s={search_term_string}"},"query-input":{"@type":"PropertyValueSpecification","valueRequired":true,"valueName":"search_term_string"}}],"inLanguage":"es"},{"@type":"Organization","@id":"https:\/\/www.lavillagardendesign.com\/#organization","name":"La Villa Garden&Design","url":"https:\/\/www.lavillagardendesign.com\/","logo":{"@type":"ImageObject","inLanguage":"es","@id":"https:\/\/www.lavillagardendesign.com\/#\/schema\/logo\/image\/","url":"https:\/\/www.lavillagardendesign.com\/wp-content\/uploads\/2024\/04\/logolavilla.png","contentUrl":"https:\/\/www.lavillagardendesign.com\/wp-content\/uploads\/2024\/04\/logolavilla.png","width":682,"height":391,"caption":"La Villa Garden&Design"},"image":{"@id":"https:\/\/www.lavillagardendesign.com\/#\/schema\/logo\/image\/"},"sameAs":["https:\/\/www.facebook.com\/lavillagardendesign\/"]}]}},"_links":{"self":[{"href":"https:\/\/www.lavillagardendesign.com\/es\/wp-json\/wp\/v2\/product\/59972","targetHints":{"allow":["GET"]}}],"collection":[{"href":"https:\/\/www.lavillagardendesign.com\/es\/wp-json\/wp\/v2\/product"}],"about":[{"href":"https:\/\/www.lavillagardendesign.com\/es\/wp-json\/wp\/v2\/types\/product"}],"replies":[{"embeddable":true,"href":"https:\/\/www.lavillagardendesign.com\/es\/wp-json\/wp\/v2\/comments?post=59972"}],"version-history":[{"count":1,"href":"https:\/\/www.lavillagardendesign.com\/es\/wp-json\/wp\/v2\/product\/59972\/revisions"}],"predecessor-version":[{"id":62389,"href":"https:\/\/www.lavillagardendesign.com\/es\/wp-json\/wp\/v2\/product\/59972\/revisions\/62389"}],"wp:featuredmedia":[{"embeddable":true,"href":"https:\/\/www.lavillagardendesign.com\/es\/wp-json\/wp\/v2\/media\/59872"}],"wp:attachment":[{"href":"https:\/\/www.lavillagardendesign.com\/es\/wp-json\/wp\/v2\/media?parent=59972"}],"wp:term":[{"taxonomy":"product_brand","embeddable":true,"href":"https:\/\/www.lavillagardendesign.com\/es\/wp-json\/wp\/v2\/product_brand?post=59972"},{"taxonomy":"product_cat","embeddable":true,"href":"https:\/\/www.lavillagardendesign.com\/es\/wp-json\/wp\/v2\/product_cat?post=59972"},{"taxonomy":"product_tag","embeddable":true,"href":"https:\/\/www.lavillagardendesign.com\/es\/wp-json\/wp\/v2\/product_tag?post=59972"}],"curies":[{"name":"wp","href":"https:\/\/api.w.org\/{rel}","templated":true}]}}