{"id":59964,"date":"2025-12-28T12:41:46","date_gmt":"2025-12-28T11:41:46","guid":{"rendered":"https:\/\/www.lavillagardendesign.com\/product\/portofino-mesa-ajustable-arriba-y-abajo\/"},"modified":"2026-02-10T14:45:43","modified_gmt":"2026-02-10T12:45:43","slug":"portofino-mesa-ajustable-arriba-y-abajo","status":"publish","type":"product","link":"https:\/\/www.lavillagardendesign.com\/es\/producto\/portofino-mesa-ajustable-arriba-y-abajo\/","title":{"rendered":"PORTOFINO &#8211; Mesa Ajustable \u00abArriba y Abajo"},"content":{"rendered":"","protected":false},"excerpt":{"rendered":"<p>La Mesa Ajustable PORTOFINO es la pieza clave que transforma tu terraza en un espacio multifuncional de alta gama. Dise\u00f1ada para complementar a la perfecci\u00f3n los sof\u00e1s de la misma colecci\u00f3n, esta mesa cuenta con un inteligente sistema de altura regulable mediante palanca, que te permite pasar de una mesa baja de centro (51 cm) a una mesa de comedor (72 cm) en cuesti\u00f3n de segundos. Su excelencia t\u00e9cnica reside en los materiales: una estructura de aluminio con revestimiento de polvo de poli\u00e9ster que soporta un tablero de piedra sinterizada de 11 mm. Este material es superior a la cer\u00e1mica convencional, ya que ofrece una resistencia total a los ara\u00f1azos, el calor y las manchas. Disponible en dos acabados para coordinar con tu sal\u00f3n: Antracita (con tapa de piedra oscura) y Pel\u00edcano (arena, con tapa de piedra clara).    <\/p>\n","protected":false},"featured_media":59665,"comment_status":"open","ping_status":"closed","template":"","meta":[],"product_brand":[4998],"product_cat":[3120,3123,6833,5659],"product_tag":[],"class_list":{"0":"post-59964","1":"product","2":"type-product","3":"status-publish","4":"has-post-thumbnail","6":"product_brand-la-villa","7":"product_cat-mesas","8":"product_cat-mesas-altas-bars","9":"product_cat-outdoor-es","10":"product_cat-promociones-web","12":"first","13":"instock","14":"sale","15":"taxable","16":"shipping-taxable","17":"purchasable","18":"product-type-variable"},"yoast_head":"<!-- This site is optimized with the Yoast SEO plugin v27.4 - https:\/\/yoast.com\/product\/yoast-seo-wordpress\/ -->\n<title>PORTOFINO - Mesa Ajustable &quot;Arriba y Abajo - La Villa Garden&amp;Design<\/title>\n<meta name=\"description\" content=\"Mesa de jard\u00edn PORTOFINO regulable en altura (51-72 cm). Resistente tablero de piedra sinterizada. Disponible en antracita y pel\u00edcano.\" \/>\n<meta name=\"robots\" content=\"index, follow, max-snippet:-1, max-image-preview:large, max-video-preview:-1\" \/>\n<link rel=\"canonical\" href=\"https:\/\/www.lavillagardendesign.com\/es\/producto\/portofino-mesa-ajustable-arriba-y-abajo\/\" \/>\n<meta property=\"og:locale\" content=\"es_ES\" \/>\n<meta property=\"og:type\" content=\"article\" \/>\n<meta property=\"og:title\" content=\"PORTOFINO - Mesa Ajustable &quot;Arriba y Abajo - La Villa Garden&amp;Design\" \/>\n<meta property=\"og:description\" content=\"Mesa de jard\u00edn PORTOFINO regulable en altura (51-72 cm). Resistente tablero de piedra sinterizada. Disponible en antracita y pel\u00edcano.\" \/>\n<meta property=\"og:url\" content=\"https:\/\/www.lavillagardendesign.com\/es\/producto\/portofino-mesa-ajustable-arriba-y-abajo\/\" \/>\n<meta property=\"og:site_name\" content=\"La Villa Garden&amp;Design\" \/>\n<meta property=\"article:publisher\" content=\"https:\/\/www.facebook.com\/lavillagardendesign\/\" \/>\n<meta property=\"article:modified_time\" content=\"2026-02-10T12:45:43+00:00\" \/>\n<meta property=\"og:image\" content=\"https:\/\/www.lavillagardendesign.com\/wp-content\/uploads\/2025\/12\/25.png\" \/>\n\t<meta property=\"og:image:width\" content=\"700\" \/>\n\t<meta property=\"og:image:height\" content=\"800\" \/>\n\t<meta property=\"og:image:type\" content=\"image\/png\" \/>\n<meta name=\"twitter:card\" content=\"summary_large_image\" \/>\n<script type=\"application\/ld+json\" class=\"yoast-schema-graph\">{\"@context\":\"https:\\\/\\\/schema.org\",\"@graph\":[{\"@type\":\"WebPage\",\"@id\":\"https:\\\/\\\/www.lavillagardendesign.com\\\/es\\\/producto\\\/portofino-mesa-ajustable-arriba-y-abajo\\\/\",\"url\":\"https:\\\/\\\/www.lavillagardendesign.com\\\/es\\\/producto\\\/portofino-mesa-ajustable-arriba-y-abajo\\\/\",\"name\":\"PORTOFINO - Mesa Ajustable \\\"Arriba y Abajo - La Villa Garden&amp;Design\",\"isPartOf\":{\"@id\":\"https:\\\/\\\/www.lavillagardendesign.com\\\/#website\"},\"primaryImageOfPage\":{\"@id\":\"https:\\\/\\\/www.lavillagardendesign.com\\\/es\\\/producto\\\/portofino-mesa-ajustable-arriba-y-abajo\\\/#primaryimage\"},\"image\":{\"@id\":\"https:\\\/\\\/www.lavillagardendesign.com\\\/es\\\/producto\\\/portofino-mesa-ajustable-arriba-y-abajo\\\/#primaryimage\"},\"thumbnailUrl\":\"https:\\\/\\\/www.lavillagardendesign.com\\\/wp-content\\\/uploads\\\/2025\\\/12\\\/25.png\",\"datePublished\":\"2025-12-28T11:41:46+00:00\",\"dateModified\":\"2026-02-10T12:45:43+00:00\",\"description\":\"Mesa de jard\u00edn PORTOFINO regulable en altura (51-72 cm). Resistente tablero de piedra sinterizada. Disponible en antracita y pel\u00edcano.\",\"breadcrumb\":{\"@id\":\"https:\\\/\\\/www.lavillagardendesign.com\\\/es\\\/producto\\\/portofino-mesa-ajustable-arriba-y-abajo\\\/#breadcrumb\"},\"inLanguage\":\"es\",\"potentialAction\":[{\"@type\":\"ReadAction\",\"target\":[\"https:\\\/\\\/www.lavillagardendesign.com\\\/es\\\/producto\\\/portofino-mesa-ajustable-arriba-y-abajo\\\/\"]}]},{\"@type\":\"ImageObject\",\"inLanguage\":\"es\",\"@id\":\"https:\\\/\\\/www.lavillagardendesign.com\\\/es\\\/producto\\\/portofino-mesa-ajustable-arriba-y-abajo\\\/#primaryimage\",\"url\":\"https:\\\/\\\/www.lavillagardendesign.com\\\/wp-content\\\/uploads\\\/2025\\\/12\\\/25.png\",\"contentUrl\":\"https:\\\/\\\/www.lavillagardendesign.com\\\/wp-content\\\/uploads\\\/2025\\\/12\\\/25.png\",\"width\":700,\"height\":800},{\"@type\":\"BreadcrumbList\",\"@id\":\"https:\\\/\\\/www.lavillagardendesign.com\\\/es\\\/producto\\\/portofino-mesa-ajustable-arriba-y-abajo\\\/#breadcrumb\",\"itemListElement\":[{\"@type\":\"ListItem\",\"position\":1,\"name\":\"Home\",\"item\":\"https:\\\/\\\/www.lavillagardendesign.com\\\/\"},{\"@type\":\"ListItem\",\"position\":2,\"name\":\"Tienda\",\"item\":\"https:\\\/\\\/www.lavillagardendesign.com\\\/es\\\/tienda\\\/\"},{\"@type\":\"ListItem\",\"position\":3,\"name\":\"PORTOFINO &#8211; Mesa Ajustable \u00abArriba y Abajo\"}]},{\"@type\":\"WebSite\",\"@id\":\"https:\\\/\\\/www.lavillagardendesign.com\\\/#website\",\"url\":\"https:\\\/\\\/www.lavillagardendesign.com\\\/\",\"name\":\"La Villa Garden&Design\",\"description\":\"\",\"publisher\":{\"@id\":\"https:\\\/\\\/www.lavillagardendesign.com\\\/#organization\"},\"potentialAction\":[{\"@type\":\"SearchAction\",\"target\":{\"@type\":\"EntryPoint\",\"urlTemplate\":\"https:\\\/\\\/www.lavillagardendesign.com\\\/?s={search_term_string}\"},\"query-input\":{\"@type\":\"PropertyValueSpecification\",\"valueRequired\":true,\"valueName\":\"search_term_string\"}}],\"inLanguage\":\"es\"},{\"@type\":\"Organization\",\"@id\":\"https:\\\/\\\/www.lavillagardendesign.com\\\/#organization\",\"name\":\"La Villa Garden&Design\",\"url\":\"https:\\\/\\\/www.lavillagardendesign.com\\\/\",\"logo\":{\"@type\":\"ImageObject\",\"inLanguage\":\"es\",\"@id\":\"https:\\\/\\\/www.lavillagardendesign.com\\\/#\\\/schema\\\/logo\\\/image\\\/\",\"url\":\"https:\\\/\\\/www.lavillagardendesign.com\\\/wp-content\\\/uploads\\\/2024\\\/04\\\/logolavilla.png\",\"contentUrl\":\"https:\\\/\\\/www.lavillagardendesign.com\\\/wp-content\\\/uploads\\\/2024\\\/04\\\/logolavilla.png\",\"width\":682,\"height\":391,\"caption\":\"La Villa Garden&Design\"},\"image\":{\"@id\":\"https:\\\/\\\/www.lavillagardendesign.com\\\/#\\\/schema\\\/logo\\\/image\\\/\"},\"sameAs\":[\"https:\\\/\\\/www.facebook.com\\\/lavillagardendesign\\\/\"]}]}<\/script>\n<!-- \/ Yoast SEO plugin. -->","yoast_head_json":{"title":"PORTOFINO - Mesa Ajustable \"Arriba y Abajo - La Villa Garden&amp;Design","description":"Mesa de jard\u00edn PORTOFINO regulable en altura (51-72 cm). Resistente tablero de piedra sinterizada. Disponible en antracita y pel\u00edcano.","robots":{"index":"index","follow":"follow","max-snippet":"max-snippet:-1","max-image-preview":"max-image-preview:large","max-video-preview":"max-video-preview:-1"},"canonical":"https:\/\/www.lavillagardendesign.com\/es\/producto\/portofino-mesa-ajustable-arriba-y-abajo\/","og_locale":"es_ES","og_type":"article","og_title":"PORTOFINO - Mesa Ajustable \"Arriba y Abajo - La Villa Garden&amp;Design","og_description":"Mesa de jard\u00edn PORTOFINO regulable en altura (51-72 cm). Resistente tablero de piedra sinterizada. Disponible en antracita y pel\u00edcano.","og_url":"https:\/\/www.lavillagardendesign.com\/es\/producto\/portofino-mesa-ajustable-arriba-y-abajo\/","og_site_name":"La Villa Garden&amp;Design","article_publisher":"https:\/\/www.facebook.com\/lavillagardendesign\/","article_modified_time":"2026-02-10T12:45:43+00:00","og_image":[{"width":700,"height":800,"url":"https:\/\/www.lavillagardendesign.com\/wp-content\/uploads\/2025\/12\/25.png","type":"image\/png"}],"twitter_card":"summary_large_image","schema":{"@context":"https:\/\/schema.org","@graph":[{"@type":"WebPage","@id":"https:\/\/www.lavillagardendesign.com\/es\/producto\/portofino-mesa-ajustable-arriba-y-abajo\/","url":"https:\/\/www.lavillagardendesign.com\/es\/producto\/portofino-mesa-ajustable-arriba-y-abajo\/","name":"PORTOFINO - Mesa Ajustable \"Arriba y Abajo - La Villa Garden&amp;Design","isPartOf":{"@id":"https:\/\/www.lavillagardendesign.com\/#website"},"primaryImageOfPage":{"@id":"https:\/\/www.lavillagardendesign.com\/es\/producto\/portofino-mesa-ajustable-arriba-y-abajo\/#primaryimage"},"image":{"@id":"https:\/\/www.lavillagardendesign.com\/es\/producto\/portofino-mesa-ajustable-arriba-y-abajo\/#primaryimage"},"thumbnailUrl":"https:\/\/www.lavillagardendesign.com\/wp-content\/uploads\/2025\/12\/25.png","datePublished":"2025-12-28T11:41:46+00:00","dateModified":"2026-02-10T12:45:43+00:00","description":"Mesa de jard\u00edn PORTOFINO regulable en altura (51-72 cm). Resistente tablero de piedra sinterizada. Disponible en antracita y pel\u00edcano.","breadcrumb":{"@id":"https:\/\/www.lavillagardendesign.com\/es\/producto\/portofino-mesa-ajustable-arriba-y-abajo\/#breadcrumb"},"inLanguage":"es","potentialAction":[{"@type":"ReadAction","target":["https:\/\/www.lavillagardendesign.com\/es\/producto\/portofino-mesa-ajustable-arriba-y-abajo\/"]}]},{"@type":"ImageObject","inLanguage":"es","@id":"https:\/\/www.lavillagardendesign.com\/es\/producto\/portofino-mesa-ajustable-arriba-y-abajo\/#primaryimage","url":"https:\/\/www.lavillagardendesign.com\/wp-content\/uploads\/2025\/12\/25.png","contentUrl":"https:\/\/www.lavillagardendesign.com\/wp-content\/uploads\/2025\/12\/25.png","width":700,"height":800},{"@type":"BreadcrumbList","@id":"https:\/\/www.lavillagardendesign.com\/es\/producto\/portofino-mesa-ajustable-arriba-y-abajo\/#breadcrumb","itemListElement":[{"@type":"ListItem","position":1,"name":"Home","item":"https:\/\/www.lavillagardendesign.com\/"},{"@type":"ListItem","position":2,"name":"Tienda","item":"https:\/\/www.lavillagardendesign.com\/es\/tienda\/"},{"@type":"ListItem","position":3,"name":"PORTOFINO &#8211; Mesa Ajustable \u00abArriba y Abajo"}]},{"@type":"WebSite","@id":"https:\/\/www.lavillagardendesign.com\/#website","url":"https:\/\/www.lavillagardendesign.com\/","name":"La Villa Garden&Design","description":"","publisher":{"@id":"https:\/\/www.lavillagardendesign.com\/#organization"},"potentialAction":[{"@type":"SearchAction","target":{"@type":"EntryPoint","urlTemplate":"https:\/\/www.lavillagardendesign.com\/?s={search_term_string}"},"query-input":{"@type":"PropertyValueSpecification","valueRequired":true,"valueName":"search_term_string"}}],"inLanguage":"es"},{"@type":"Organization","@id":"https:\/\/www.lavillagardendesign.com\/#organization","name":"La Villa Garden&Design","url":"https:\/\/www.lavillagardendesign.com\/","logo":{"@type":"ImageObject","inLanguage":"es","@id":"https:\/\/www.lavillagardendesign.com\/#\/schema\/logo\/image\/","url":"https:\/\/www.lavillagardendesign.com\/wp-content\/uploads\/2024\/04\/logolavilla.png","contentUrl":"https:\/\/www.lavillagardendesign.com\/wp-content\/uploads\/2024\/04\/logolavilla.png","width":682,"height":391,"caption":"La Villa Garden&Design"},"image":{"@id":"https:\/\/www.lavillagardendesign.com\/#\/schema\/logo\/image\/"},"sameAs":["https:\/\/www.facebook.com\/lavillagardendesign\/"]}]}},"_links":{"self":[{"href":"https:\/\/www.lavillagardendesign.com\/es\/wp-json\/wp\/v2\/product\/59964","targetHints":{"allow":["GET"]}}],"collection":[{"href":"https:\/\/www.lavillagardendesign.com\/es\/wp-json\/wp\/v2\/product"}],"about":[{"href":"https:\/\/www.lavillagardendesign.com\/es\/wp-json\/wp\/v2\/types\/product"}],"replies":[{"embeddable":true,"href":"https:\/\/www.lavillagardendesign.com\/es\/wp-json\/wp\/v2\/comments?post=59964"}],"version-history":[{"count":1,"href":"https:\/\/www.lavillagardendesign.com\/es\/wp-json\/wp\/v2\/product\/59964\/revisions"}],"predecessor-version":[{"id":62355,"href":"https:\/\/www.lavillagardendesign.com\/es\/wp-json\/wp\/v2\/product\/59964\/revisions\/62355"}],"wp:featuredmedia":[{"embeddable":true,"href":"https:\/\/www.lavillagardendesign.com\/es\/wp-json\/wp\/v2\/media\/59665"}],"wp:attachment":[{"href":"https:\/\/www.lavillagardendesign.com\/es\/wp-json\/wp\/v2\/media?parent=59964"}],"wp:term":[{"taxonomy":"product_brand","embeddable":true,"href":"https:\/\/www.lavillagardendesign.com\/es\/wp-json\/wp\/v2\/product_brand?post=59964"},{"taxonomy":"product_cat","embeddable":true,"href":"https:\/\/www.lavillagardendesign.com\/es\/wp-json\/wp\/v2\/product_cat?post=59964"},{"taxonomy":"product_tag","embeddable":true,"href":"https:\/\/www.lavillagardendesign.com\/es\/wp-json\/wp\/v2\/product_tag?post=59964"}],"curies":[{"name":"wp","href":"https:\/\/api.w.org\/{rel}","templated":true}]}}