{"id":59954,"date":"2025-12-28T12:41:44","date_gmt":"2025-12-28T11:41:44","guid":{"rendered":"https:\/\/www.lavillagardendesign.com\/product\/capri-mesa-de-comedor-extensible\/"},"modified":"2026-02-10T14:51:12","modified_gmt":"2026-02-10T12:51:12","slug":"capri-mesa-de-comedor-extensible","status":"publish","type":"product","link":"https:\/\/www.lavillagardendesign.com\/es\/producto\/capri-mesa-de-comedor-extensible\/","title":{"rendered":"CAPRI &#8211; Mesa de comedor extensible"},"content":{"rendered":"","protected":false},"excerpt":{"rendered":"<p>Redefine tu experiencia de comer al aire libre con la versatilidad de la mesa extensible de la colecci\u00f3n CAPRI \/ PASCAL. Esta pieza de ingenier\u00eda moderna destaca por su sistema de extensi\u00f3n autom\u00e1tica que ampl\u00eda la superficie de 200 a 260 cm, adapt\u00e1ndose perfectamente a cualquier reuni\u00f3n social en tu chalet o jard\u00edn. La estructura de aluminio con revestimiento de polvo de poli\u00e9ster garantiza la m\u00e1xima durabilidad contra la corrosi\u00f3n, mientras que la tapa de piedra sinterizada de 11 mm ofrece una superficie inalterable, resistente a los ara\u00f1azos y a las altas temperaturas. Disponible en tres acabados exclusivos para armonizar con tu estilo decorativo: el luminoso Blanco, el sobrio y elegante Antracita, o el c\u00e1lido tono Pel\u00edcano.   <\/p>\n","protected":false},"featured_media":59565,"comment_status":"open","ping_status":"closed","template":"","meta":[],"product_brand":[4998],"product_cat":[3120,3122,6833],"product_tag":[],"class_list":{"0":"post-59954","1":"product","2":"type-product","3":"status-publish","4":"has-post-thumbnail","6":"product_brand-la-villa","7":"product_cat-mesas","8":"product_cat-mesas-de-comedor","9":"product_cat-outdoor-es","11":"first","12":"instock","13":"sale","14":"taxable","15":"shipping-taxable","16":"purchasable","17":"product-type-variable"},"yoast_head":"<!-- This site is optimized with the Yoast SEO plugin v27.4 - https:\/\/yoast.com\/product\/yoast-seo-wordpress\/ -->\n<title>CAPRI- Mesa Extensible 260cm Piedra Sinterizada | Exteriores de Lujo<\/title>\n<meta name=\"description\" content=\"Mesa de jard\u00edn extensible (200-260 cm) con tablero de piedra sinterizada. Disponible en blanco, antracita y pel\u00edcano. Dise\u00f1o lujoso y duradero para espacios modernos.\" \/>\n<meta name=\"robots\" content=\"index, follow, max-snippet:-1, max-image-preview:large, max-video-preview:-1\" \/>\n<link rel=\"canonical\" href=\"https:\/\/www.lavillagardendesign.com\/es\/producto\/capri-mesa-de-comedor-extensible\/\" \/>\n<meta property=\"og:locale\" content=\"es_ES\" \/>\n<meta property=\"og:type\" content=\"article\" \/>\n<meta property=\"og:title\" content=\"CAPRI- Mesa Extensible 260cm Piedra Sinterizada | Exteriores de Lujo\" \/>\n<meta property=\"og:description\" content=\"Mesa de jard\u00edn extensible (200-260 cm) con tablero de piedra sinterizada. Disponible en blanco, antracita y pel\u00edcano. Dise\u00f1o lujoso y duradero para espacios modernos.\" \/>\n<meta property=\"og:url\" content=\"https:\/\/www.lavillagardendesign.com\/es\/producto\/capri-mesa-de-comedor-extensible\/\" \/>\n<meta property=\"og:site_name\" content=\"La Villa Garden&amp;Design\" \/>\n<meta property=\"article:publisher\" content=\"https:\/\/www.facebook.com\/lavillagardendesign\/\" \/>\n<meta property=\"article:modified_time\" content=\"2026-02-10T12:51:12+00:00\" \/>\n<meta property=\"og:image\" content=\"https:\/\/www.lavillagardendesign.com\/wp-content\/uploads\/2025\/12\/2-3.png\" \/>\n\t<meta property=\"og:image:width\" content=\"700\" \/>\n\t<meta property=\"og:image:height\" content=\"800\" \/>\n\t<meta property=\"og:image:type\" content=\"image\/png\" \/>\n<meta name=\"twitter:card\" content=\"summary_large_image\" \/>\n<script type=\"application\/ld+json\" class=\"yoast-schema-graph\">{\"@context\":\"https:\\\/\\\/schema.org\",\"@graph\":[{\"@type\":\"WebPage\",\"@id\":\"https:\\\/\\\/www.lavillagardendesign.com\\\/es\\\/producto\\\/capri-mesa-de-comedor-extensible\\\/\",\"url\":\"https:\\\/\\\/www.lavillagardendesign.com\\\/es\\\/producto\\\/capri-mesa-de-comedor-extensible\\\/\",\"name\":\"CAPRI- Mesa Extensible 260cm Piedra Sinterizada | Exteriores de Lujo\",\"isPartOf\":{\"@id\":\"https:\\\/\\\/www.lavillagardendesign.com\\\/#website\"},\"primaryImageOfPage\":{\"@id\":\"https:\\\/\\\/www.lavillagardendesign.com\\\/es\\\/producto\\\/capri-mesa-de-comedor-extensible\\\/#primaryimage\"},\"image\":{\"@id\":\"https:\\\/\\\/www.lavillagardendesign.com\\\/es\\\/producto\\\/capri-mesa-de-comedor-extensible\\\/#primaryimage\"},\"thumbnailUrl\":\"https:\\\/\\\/www.lavillagardendesign.com\\\/wp-content\\\/uploads\\\/2025\\\/12\\\/2-3.png\",\"datePublished\":\"2025-12-28T11:41:44+00:00\",\"dateModified\":\"2026-02-10T12:51:12+00:00\",\"description\":\"Mesa de jard\u00edn extensible (200-260 cm) con tablero de piedra sinterizada. Disponible en blanco, antracita y pel\u00edcano. Dise\u00f1o lujoso y duradero para espacios modernos.\",\"breadcrumb\":{\"@id\":\"https:\\\/\\\/www.lavillagardendesign.com\\\/es\\\/producto\\\/capri-mesa-de-comedor-extensible\\\/#breadcrumb\"},\"inLanguage\":\"es\",\"potentialAction\":[{\"@type\":\"ReadAction\",\"target\":[\"https:\\\/\\\/www.lavillagardendesign.com\\\/es\\\/producto\\\/capri-mesa-de-comedor-extensible\\\/\"]}]},{\"@type\":\"ImageObject\",\"inLanguage\":\"es\",\"@id\":\"https:\\\/\\\/www.lavillagardendesign.com\\\/es\\\/producto\\\/capri-mesa-de-comedor-extensible\\\/#primaryimage\",\"url\":\"https:\\\/\\\/www.lavillagardendesign.com\\\/wp-content\\\/uploads\\\/2025\\\/12\\\/2-3.png\",\"contentUrl\":\"https:\\\/\\\/www.lavillagardendesign.com\\\/wp-content\\\/uploads\\\/2025\\\/12\\\/2-3.png\",\"width\":700,\"height\":800},{\"@type\":\"BreadcrumbList\",\"@id\":\"https:\\\/\\\/www.lavillagardendesign.com\\\/es\\\/producto\\\/capri-mesa-de-comedor-extensible\\\/#breadcrumb\",\"itemListElement\":[{\"@type\":\"ListItem\",\"position\":1,\"name\":\"Home\",\"item\":\"https:\\\/\\\/www.lavillagardendesign.com\\\/\"},{\"@type\":\"ListItem\",\"position\":2,\"name\":\"Tienda\",\"item\":\"https:\\\/\\\/www.lavillagardendesign.com\\\/es\\\/tienda\\\/\"},{\"@type\":\"ListItem\",\"position\":3,\"name\":\"CAPRI &#8211; Mesa de comedor extensible\"}]},{\"@type\":\"WebSite\",\"@id\":\"https:\\\/\\\/www.lavillagardendesign.com\\\/#website\",\"url\":\"https:\\\/\\\/www.lavillagardendesign.com\\\/\",\"name\":\"La Villa Garden&Design\",\"description\":\"\",\"publisher\":{\"@id\":\"https:\\\/\\\/www.lavillagardendesign.com\\\/#organization\"},\"potentialAction\":[{\"@type\":\"SearchAction\",\"target\":{\"@type\":\"EntryPoint\",\"urlTemplate\":\"https:\\\/\\\/www.lavillagardendesign.com\\\/?s={search_term_string}\"},\"query-input\":{\"@type\":\"PropertyValueSpecification\",\"valueRequired\":true,\"valueName\":\"search_term_string\"}}],\"inLanguage\":\"es\"},{\"@type\":\"Organization\",\"@id\":\"https:\\\/\\\/www.lavillagardendesign.com\\\/#organization\",\"name\":\"La Villa Garden&Design\",\"url\":\"https:\\\/\\\/www.lavillagardendesign.com\\\/\",\"logo\":{\"@type\":\"ImageObject\",\"inLanguage\":\"es\",\"@id\":\"https:\\\/\\\/www.lavillagardendesign.com\\\/#\\\/schema\\\/logo\\\/image\\\/\",\"url\":\"https:\\\/\\\/www.lavillagardendesign.com\\\/wp-content\\\/uploads\\\/2024\\\/04\\\/logolavilla.png\",\"contentUrl\":\"https:\\\/\\\/www.lavillagardendesign.com\\\/wp-content\\\/uploads\\\/2024\\\/04\\\/logolavilla.png\",\"width\":682,\"height\":391,\"caption\":\"La Villa Garden&Design\"},\"image\":{\"@id\":\"https:\\\/\\\/www.lavillagardendesign.com\\\/#\\\/schema\\\/logo\\\/image\\\/\"},\"sameAs\":[\"https:\\\/\\\/www.facebook.com\\\/lavillagardendesign\\\/\"]}]}<\/script>\n<!-- \/ Yoast SEO plugin. -->","yoast_head_json":{"title":"CAPRI- Mesa Extensible 260cm Piedra Sinterizada | Exteriores de Lujo","description":"Mesa de jard\u00edn extensible (200-260 cm) con tablero de piedra sinterizada. Disponible en blanco, antracita y pel\u00edcano. Dise\u00f1o lujoso y duradero para espacios modernos.","robots":{"index":"index","follow":"follow","max-snippet":"max-snippet:-1","max-image-preview":"max-image-preview:large","max-video-preview":"max-video-preview:-1"},"canonical":"https:\/\/www.lavillagardendesign.com\/es\/producto\/capri-mesa-de-comedor-extensible\/","og_locale":"es_ES","og_type":"article","og_title":"CAPRI- Mesa Extensible 260cm Piedra Sinterizada | Exteriores de Lujo","og_description":"Mesa de jard\u00edn extensible (200-260 cm) con tablero de piedra sinterizada. Disponible en blanco, antracita y pel\u00edcano. Dise\u00f1o lujoso y duradero para espacios modernos.","og_url":"https:\/\/www.lavillagardendesign.com\/es\/producto\/capri-mesa-de-comedor-extensible\/","og_site_name":"La Villa Garden&amp;Design","article_publisher":"https:\/\/www.facebook.com\/lavillagardendesign\/","article_modified_time":"2026-02-10T12:51:12+00:00","og_image":[{"width":700,"height":800,"url":"https:\/\/www.lavillagardendesign.com\/wp-content\/uploads\/2025\/12\/2-3.png","type":"image\/png"}],"twitter_card":"summary_large_image","schema":{"@context":"https:\/\/schema.org","@graph":[{"@type":"WebPage","@id":"https:\/\/www.lavillagardendesign.com\/es\/producto\/capri-mesa-de-comedor-extensible\/","url":"https:\/\/www.lavillagardendesign.com\/es\/producto\/capri-mesa-de-comedor-extensible\/","name":"CAPRI- Mesa Extensible 260cm Piedra Sinterizada | Exteriores de Lujo","isPartOf":{"@id":"https:\/\/www.lavillagardendesign.com\/#website"},"primaryImageOfPage":{"@id":"https:\/\/www.lavillagardendesign.com\/es\/producto\/capri-mesa-de-comedor-extensible\/#primaryimage"},"image":{"@id":"https:\/\/www.lavillagardendesign.com\/es\/producto\/capri-mesa-de-comedor-extensible\/#primaryimage"},"thumbnailUrl":"https:\/\/www.lavillagardendesign.com\/wp-content\/uploads\/2025\/12\/2-3.png","datePublished":"2025-12-28T11:41:44+00:00","dateModified":"2026-02-10T12:51:12+00:00","description":"Mesa de jard\u00edn extensible (200-260 cm) con tablero de piedra sinterizada. Disponible en blanco, antracita y pel\u00edcano. Dise\u00f1o lujoso y duradero para espacios modernos.","breadcrumb":{"@id":"https:\/\/www.lavillagardendesign.com\/es\/producto\/capri-mesa-de-comedor-extensible\/#breadcrumb"},"inLanguage":"es","potentialAction":[{"@type":"ReadAction","target":["https:\/\/www.lavillagardendesign.com\/es\/producto\/capri-mesa-de-comedor-extensible\/"]}]},{"@type":"ImageObject","inLanguage":"es","@id":"https:\/\/www.lavillagardendesign.com\/es\/producto\/capri-mesa-de-comedor-extensible\/#primaryimage","url":"https:\/\/www.lavillagardendesign.com\/wp-content\/uploads\/2025\/12\/2-3.png","contentUrl":"https:\/\/www.lavillagardendesign.com\/wp-content\/uploads\/2025\/12\/2-3.png","width":700,"height":800},{"@type":"BreadcrumbList","@id":"https:\/\/www.lavillagardendesign.com\/es\/producto\/capri-mesa-de-comedor-extensible\/#breadcrumb","itemListElement":[{"@type":"ListItem","position":1,"name":"Home","item":"https:\/\/www.lavillagardendesign.com\/"},{"@type":"ListItem","position":2,"name":"Tienda","item":"https:\/\/www.lavillagardendesign.com\/es\/tienda\/"},{"@type":"ListItem","position":3,"name":"CAPRI &#8211; Mesa de comedor extensible"}]},{"@type":"WebSite","@id":"https:\/\/www.lavillagardendesign.com\/#website","url":"https:\/\/www.lavillagardendesign.com\/","name":"La Villa Garden&Design","description":"","publisher":{"@id":"https:\/\/www.lavillagardendesign.com\/#organization"},"potentialAction":[{"@type":"SearchAction","target":{"@type":"EntryPoint","urlTemplate":"https:\/\/www.lavillagardendesign.com\/?s={search_term_string}"},"query-input":{"@type":"PropertyValueSpecification","valueRequired":true,"valueName":"search_term_string"}}],"inLanguage":"es"},{"@type":"Organization","@id":"https:\/\/www.lavillagardendesign.com\/#organization","name":"La Villa Garden&Design","url":"https:\/\/www.lavillagardendesign.com\/","logo":{"@type":"ImageObject","inLanguage":"es","@id":"https:\/\/www.lavillagardendesign.com\/#\/schema\/logo\/image\/","url":"https:\/\/www.lavillagardendesign.com\/wp-content\/uploads\/2024\/04\/logolavilla.png","contentUrl":"https:\/\/www.lavillagardendesign.com\/wp-content\/uploads\/2024\/04\/logolavilla.png","width":682,"height":391,"caption":"La Villa Garden&Design"},"image":{"@id":"https:\/\/www.lavillagardendesign.com\/#\/schema\/logo\/image\/"},"sameAs":["https:\/\/www.facebook.com\/lavillagardendesign\/"]}]}},"_links":{"self":[{"href":"https:\/\/www.lavillagardendesign.com\/es\/wp-json\/wp\/v2\/product\/59954","targetHints":{"allow":["GET"]}}],"collection":[{"href":"https:\/\/www.lavillagardendesign.com\/es\/wp-json\/wp\/v2\/product"}],"about":[{"href":"https:\/\/www.lavillagardendesign.com\/es\/wp-json\/wp\/v2\/types\/product"}],"replies":[{"embeddable":true,"href":"https:\/\/www.lavillagardendesign.com\/es\/wp-json\/wp\/v2\/comments?post=59954"}],"version-history":[{"count":1,"href":"https:\/\/www.lavillagardendesign.com\/es\/wp-json\/wp\/v2\/product\/59954\/revisions"}],"predecessor-version":[{"id":60000,"href":"https:\/\/www.lavillagardendesign.com\/es\/wp-json\/wp\/v2\/product\/59954\/revisions\/60000"}],"wp:featuredmedia":[{"embeddable":true,"href":"https:\/\/www.lavillagardendesign.com\/es\/wp-json\/wp\/v2\/media\/59565"}],"wp:attachment":[{"href":"https:\/\/www.lavillagardendesign.com\/es\/wp-json\/wp\/v2\/media?parent=59954"}],"wp:term":[{"taxonomy":"product_brand","embeddable":true,"href":"https:\/\/www.lavillagardendesign.com\/es\/wp-json\/wp\/v2\/product_brand?post=59954"},{"taxonomy":"product_cat","embeddable":true,"href":"https:\/\/www.lavillagardendesign.com\/es\/wp-json\/wp\/v2\/product_cat?post=59954"},{"taxonomy":"product_tag","embeddable":true,"href":"https:\/\/www.lavillagardendesign.com\/es\/wp-json\/wp\/v2\/product_tag?post=59954"}],"curies":[{"name":"wp","href":"https:\/\/api.w.org\/{rel}","templated":true}]}}