{"id":59935,"date":"2025-12-28T12:41:47","date_gmt":"2025-12-28T11:41:47","guid":{"rendered":"https:\/\/www.lavillagardendesign.com\/product\/menorca-set-de-2-mesas-auxiliares-nido\/"},"modified":"2026-02-10T14:45:17","modified_gmt":"2026-02-10T12:45:17","slug":"menorca-set-de-2-mesas-auxiliares-nido","status":"publish","type":"product","link":"https:\/\/www.lavillagardendesign.com\/es\/producto\/menorca-set-de-2-mesas-auxiliares-nido\/","title":{"rendered":"MENORCA &#8211; Set de 2 Mesas Auxiliares Nido"},"content":{"rendered":"","protected":false},"excerpt":{"rendered":"<p>A\u00f1ade dinamismo y formas org\u00e1nicas a tu terraza con el Conjunto de Mesas Auxiliares MENORCA. Este conjunto de dos piezas destaca por sus amplias superficies suavemente curvadas (77,5 x 73,5 cm), que rompen la linealidad de los sof\u00e1s tradicionales, creando un ambiente m\u00e1s fluido y natural. Fabricadas en acero tratado para exteriores (E-Coating) y acabadas con pintura en polvo de poli\u00e9ster mate, estas mesas ofrecen una solidez excepcional y una protecci\u00f3n total contra la corrosi\u00f3n. El conjunto incluye dos alturas diferentes (35 cm y 45 cm), que permiten una l\u00fadica superposici\u00f3n \u00abnido\u00bb o un uso por separado. Disponible en Blanco (para un total look ibicenco con los sof\u00e1s de la colecci\u00f3n) o Antracita (para crear contraste).    <\/p>\n","protected":false},"featured_media":59778,"comment_status":"open","ping_status":"closed","template":"","meta":[],"product_brand":[4998],"product_cat":[6833,3120,3121,5659],"product_tag":[],"class_list":{"0":"post-59935","1":"product","2":"type-product","3":"status-publish","4":"has-post-thumbnail","6":"product_brand-la-villa","7":"product_cat-outdoor-es","8":"product_cat-mesas","9":"product_cat-mesas-de-centro","10":"product_cat-promociones-web","12":"first","13":"instock","14":"sale","15":"taxable","16":"shipping-taxable","17":"purchasable","18":"product-type-variable"},"yoast_head":"<!-- This site is optimized with the Yoast SEO plugin v27.1.1 - https:\/\/yoast.com\/product\/yoast-seo-wordpress\/ -->\n<title>MENORCA - Set de 2 Mesas Auxiliares Nido - La Villa Garden&amp;Design<\/title>\n<meta name=\"description\" content=\"Juego de 2 mesas auxiliares de acero MENORCA. Dise\u00f1o nido org\u00e1nico con tratamiento anticorrosi\u00f3n E-Coating. Disponible en blanco y antracita.\" \/>\n<meta name=\"robots\" content=\"index, follow, max-snippet:-1, max-image-preview:large, max-video-preview:-1\" \/>\n<link rel=\"canonical\" href=\"https:\/\/www.lavillagardendesign.com\/es\/producto\/menorca-set-de-2-mesas-auxiliares-nido\/\" \/>\n<meta property=\"og:locale\" content=\"es_ES\" \/>\n<meta property=\"og:type\" content=\"article\" \/>\n<meta property=\"og:title\" content=\"MENORCA - Set de 2 Mesas Auxiliares Nido - La Villa Garden&amp;Design\" \/>\n<meta property=\"og:description\" content=\"Juego de 2 mesas auxiliares de acero MENORCA. Dise\u00f1o nido org\u00e1nico con tratamiento anticorrosi\u00f3n E-Coating. Disponible en blanco y antracita.\" \/>\n<meta property=\"og:url\" content=\"https:\/\/www.lavillagardendesign.com\/es\/producto\/menorca-set-de-2-mesas-auxiliares-nido\/\" \/>\n<meta property=\"og:site_name\" content=\"La Villa Garden&amp;Design\" \/>\n<meta property=\"article:publisher\" content=\"https:\/\/www.facebook.com\/lavillagardendesign\/\" \/>\n<meta property=\"article:modified_time\" content=\"2026-02-10T12:45:17+00:00\" \/>\n<meta property=\"og:image\" content=\"https:\/\/www.lavillagardendesign.com\/wp-content\/uploads\/2025\/12\/57.png\" \/>\n\t<meta property=\"og:image:width\" content=\"700\" \/>\n\t<meta property=\"og:image:height\" content=\"800\" \/>\n\t<meta property=\"og:image:type\" content=\"image\/png\" \/>\n<meta name=\"twitter:card\" content=\"summary_large_image\" \/>\n<script type=\"application\/ld+json\" class=\"yoast-schema-graph\">{\"@context\":\"https:\/\/schema.org\",\"@graph\":[{\"@type\":\"WebPage\",\"@id\":\"https:\/\/www.lavillagardendesign.com\/es\/producto\/menorca-set-de-2-mesas-auxiliares-nido\/\",\"url\":\"https:\/\/www.lavillagardendesign.com\/es\/producto\/menorca-set-de-2-mesas-auxiliares-nido\/\",\"name\":\"MENORCA - Set de 2 Mesas Auxiliares Nido - La Villa Garden&amp;Design\",\"isPartOf\":{\"@id\":\"https:\/\/www.lavillagardendesign.com\/#website\"},\"primaryImageOfPage\":{\"@id\":\"https:\/\/www.lavillagardendesign.com\/es\/producto\/menorca-set-de-2-mesas-auxiliares-nido\/#primaryimage\"},\"image\":{\"@id\":\"https:\/\/www.lavillagardendesign.com\/es\/producto\/menorca-set-de-2-mesas-auxiliares-nido\/#primaryimage\"},\"thumbnailUrl\":\"https:\/\/www.lavillagardendesign.com\/wp-content\/uploads\/2025\/12\/57.png\",\"datePublished\":\"2025-12-28T11:41:47+00:00\",\"dateModified\":\"2026-02-10T12:45:17+00:00\",\"description\":\"Juego de 2 mesas auxiliares de acero MENORCA. Dise\u00f1o nido org\u00e1nico con tratamiento anticorrosi\u00f3n E-Coating. Disponible en blanco y antracita.\",\"breadcrumb\":{\"@id\":\"https:\/\/www.lavillagardendesign.com\/es\/producto\/menorca-set-de-2-mesas-auxiliares-nido\/#breadcrumb\"},\"inLanguage\":\"es\",\"potentialAction\":[{\"@type\":\"ReadAction\",\"target\":[\"https:\/\/www.lavillagardendesign.com\/es\/producto\/menorca-set-de-2-mesas-auxiliares-nido\/\"]}]},{\"@type\":\"ImageObject\",\"inLanguage\":\"es\",\"@id\":\"https:\/\/www.lavillagardendesign.com\/es\/producto\/menorca-set-de-2-mesas-auxiliares-nido\/#primaryimage\",\"url\":\"https:\/\/www.lavillagardendesign.com\/wp-content\/uploads\/2025\/12\/57.png\",\"contentUrl\":\"https:\/\/www.lavillagardendesign.com\/wp-content\/uploads\/2025\/12\/57.png\",\"width\":700,\"height\":800},{\"@type\":\"BreadcrumbList\",\"@id\":\"https:\/\/www.lavillagardendesign.com\/es\/producto\/menorca-set-de-2-mesas-auxiliares-nido\/#breadcrumb\",\"itemListElement\":[{\"@type\":\"ListItem\",\"position\":1,\"name\":\"Home\",\"item\":\"https:\/\/www.lavillagardendesign.com\/\"},{\"@type\":\"ListItem\",\"position\":2,\"name\":\"Tienda\",\"item\":\"https:\/\/www.lavillagardendesign.com\/es\/tienda\/\"},{\"@type\":\"ListItem\",\"position\":3,\"name\":\"MENORCA &#8211; Set de 2 Mesas Auxiliares Nido\"}]},{\"@type\":\"WebSite\",\"@id\":\"https:\/\/www.lavillagardendesign.com\/#website\",\"url\":\"https:\/\/www.lavillagardendesign.com\/\",\"name\":\"La Villa Garden&Design\",\"description\":\"\",\"publisher\":{\"@id\":\"https:\/\/www.lavillagardendesign.com\/#organization\"},\"potentialAction\":[{\"@type\":\"SearchAction\",\"target\":{\"@type\":\"EntryPoint\",\"urlTemplate\":\"https:\/\/www.lavillagardendesign.com\/?s={search_term_string}\"},\"query-input\":{\"@type\":\"PropertyValueSpecification\",\"valueRequired\":true,\"valueName\":\"search_term_string\"}}],\"inLanguage\":\"es\"},{\"@type\":\"Organization\",\"@id\":\"https:\/\/www.lavillagardendesign.com\/#organization\",\"name\":\"La Villa Garden&Design\",\"url\":\"https:\/\/www.lavillagardendesign.com\/\",\"logo\":{\"@type\":\"ImageObject\",\"inLanguage\":\"es\",\"@id\":\"https:\/\/www.lavillagardendesign.com\/#\/schema\/logo\/image\/\",\"url\":\"https:\/\/www.lavillagardendesign.com\/wp-content\/uploads\/2024\/04\/logolavilla.png\",\"contentUrl\":\"https:\/\/www.lavillagardendesign.com\/wp-content\/uploads\/2024\/04\/logolavilla.png\",\"width\":682,\"height\":391,\"caption\":\"La Villa Garden&Design\"},\"image\":{\"@id\":\"https:\/\/www.lavillagardendesign.com\/#\/schema\/logo\/image\/\"},\"sameAs\":[\"https:\/\/www.facebook.com\/lavillagardendesign\/\"]}]}<\/script>\n<!-- \/ Yoast SEO plugin. -->","yoast_head_json":{"title":"MENORCA - Set de 2 Mesas Auxiliares Nido - La Villa Garden&amp;Design","description":"Juego de 2 mesas auxiliares de acero MENORCA. Dise\u00f1o nido org\u00e1nico con tratamiento anticorrosi\u00f3n E-Coating. Disponible en blanco y antracita.","robots":{"index":"index","follow":"follow","max-snippet":"max-snippet:-1","max-image-preview":"max-image-preview:large","max-video-preview":"max-video-preview:-1"},"canonical":"https:\/\/www.lavillagardendesign.com\/es\/producto\/menorca-set-de-2-mesas-auxiliares-nido\/","og_locale":"es_ES","og_type":"article","og_title":"MENORCA - Set de 2 Mesas Auxiliares Nido - La Villa Garden&amp;Design","og_description":"Juego de 2 mesas auxiliares de acero MENORCA. Dise\u00f1o nido org\u00e1nico con tratamiento anticorrosi\u00f3n E-Coating. Disponible en blanco y antracita.","og_url":"https:\/\/www.lavillagardendesign.com\/es\/producto\/menorca-set-de-2-mesas-auxiliares-nido\/","og_site_name":"La Villa Garden&amp;Design","article_publisher":"https:\/\/www.facebook.com\/lavillagardendesign\/","article_modified_time":"2026-02-10T12:45:17+00:00","og_image":[{"width":700,"height":800,"url":"https:\/\/www.lavillagardendesign.com\/wp-content\/uploads\/2025\/12\/57.png","type":"image\/png"}],"twitter_card":"summary_large_image","schema":{"@context":"https:\/\/schema.org","@graph":[{"@type":"WebPage","@id":"https:\/\/www.lavillagardendesign.com\/es\/producto\/menorca-set-de-2-mesas-auxiliares-nido\/","url":"https:\/\/www.lavillagardendesign.com\/es\/producto\/menorca-set-de-2-mesas-auxiliares-nido\/","name":"MENORCA - Set de 2 Mesas Auxiliares Nido - La Villa Garden&amp;Design","isPartOf":{"@id":"https:\/\/www.lavillagardendesign.com\/#website"},"primaryImageOfPage":{"@id":"https:\/\/www.lavillagardendesign.com\/es\/producto\/menorca-set-de-2-mesas-auxiliares-nido\/#primaryimage"},"image":{"@id":"https:\/\/www.lavillagardendesign.com\/es\/producto\/menorca-set-de-2-mesas-auxiliares-nido\/#primaryimage"},"thumbnailUrl":"https:\/\/www.lavillagardendesign.com\/wp-content\/uploads\/2025\/12\/57.png","datePublished":"2025-12-28T11:41:47+00:00","dateModified":"2026-02-10T12:45:17+00:00","description":"Juego de 2 mesas auxiliares de acero MENORCA. Dise\u00f1o nido org\u00e1nico con tratamiento anticorrosi\u00f3n E-Coating. Disponible en blanco y antracita.","breadcrumb":{"@id":"https:\/\/www.lavillagardendesign.com\/es\/producto\/menorca-set-de-2-mesas-auxiliares-nido\/#breadcrumb"},"inLanguage":"es","potentialAction":[{"@type":"ReadAction","target":["https:\/\/www.lavillagardendesign.com\/es\/producto\/menorca-set-de-2-mesas-auxiliares-nido\/"]}]},{"@type":"ImageObject","inLanguage":"es","@id":"https:\/\/www.lavillagardendesign.com\/es\/producto\/menorca-set-de-2-mesas-auxiliares-nido\/#primaryimage","url":"https:\/\/www.lavillagardendesign.com\/wp-content\/uploads\/2025\/12\/57.png","contentUrl":"https:\/\/www.lavillagardendesign.com\/wp-content\/uploads\/2025\/12\/57.png","width":700,"height":800},{"@type":"BreadcrumbList","@id":"https:\/\/www.lavillagardendesign.com\/es\/producto\/menorca-set-de-2-mesas-auxiliares-nido\/#breadcrumb","itemListElement":[{"@type":"ListItem","position":1,"name":"Home","item":"https:\/\/www.lavillagardendesign.com\/"},{"@type":"ListItem","position":2,"name":"Tienda","item":"https:\/\/www.lavillagardendesign.com\/es\/tienda\/"},{"@type":"ListItem","position":3,"name":"MENORCA &#8211; Set de 2 Mesas Auxiliares Nido"}]},{"@type":"WebSite","@id":"https:\/\/www.lavillagardendesign.com\/#website","url":"https:\/\/www.lavillagardendesign.com\/","name":"La Villa Garden&Design","description":"","publisher":{"@id":"https:\/\/www.lavillagardendesign.com\/#organization"},"potentialAction":[{"@type":"SearchAction","target":{"@type":"EntryPoint","urlTemplate":"https:\/\/www.lavillagardendesign.com\/?s={search_term_string}"},"query-input":{"@type":"PropertyValueSpecification","valueRequired":true,"valueName":"search_term_string"}}],"inLanguage":"es"},{"@type":"Organization","@id":"https:\/\/www.lavillagardendesign.com\/#organization","name":"La Villa Garden&Design","url":"https:\/\/www.lavillagardendesign.com\/","logo":{"@type":"ImageObject","inLanguage":"es","@id":"https:\/\/www.lavillagardendesign.com\/#\/schema\/logo\/image\/","url":"https:\/\/www.lavillagardendesign.com\/wp-content\/uploads\/2024\/04\/logolavilla.png","contentUrl":"https:\/\/www.lavillagardendesign.com\/wp-content\/uploads\/2024\/04\/logolavilla.png","width":682,"height":391,"caption":"La Villa Garden&Design"},"image":{"@id":"https:\/\/www.lavillagardendesign.com\/#\/schema\/logo\/image\/"},"sameAs":["https:\/\/www.facebook.com\/lavillagardendesign\/"]}]}},"_links":{"self":[{"href":"https:\/\/www.lavillagardendesign.com\/es\/wp-json\/wp\/v2\/product\/59935","targetHints":{"allow":["GET"]}}],"collection":[{"href":"https:\/\/www.lavillagardendesign.com\/es\/wp-json\/wp\/v2\/product"}],"about":[{"href":"https:\/\/www.lavillagardendesign.com\/es\/wp-json\/wp\/v2\/types\/product"}],"replies":[{"embeddable":true,"href":"https:\/\/www.lavillagardendesign.com\/es\/wp-json\/wp\/v2\/comments?post=59935"}],"version-history":[{"count":1,"href":"https:\/\/www.lavillagardendesign.com\/es\/wp-json\/wp\/v2\/product\/59935\/revisions"}],"predecessor-version":[{"id":62359,"href":"https:\/\/www.lavillagardendesign.com\/es\/wp-json\/wp\/v2\/product\/59935\/revisions\/62359"}],"wp:featuredmedia":[{"embeddable":true,"href":"https:\/\/www.lavillagardendesign.com\/es\/wp-json\/wp\/v2\/media\/59778"}],"wp:attachment":[{"href":"https:\/\/www.lavillagardendesign.com\/es\/wp-json\/wp\/v2\/media?parent=59935"}],"wp:term":[{"taxonomy":"product_brand","embeddable":true,"href":"https:\/\/www.lavillagardendesign.com\/es\/wp-json\/wp\/v2\/product_brand?post=59935"},{"taxonomy":"product_cat","embeddable":true,"href":"https:\/\/www.lavillagardendesign.com\/es\/wp-json\/wp\/v2\/product_cat?post=59935"},{"taxonomy":"product_tag","embeddable":true,"href":"https:\/\/www.lavillagardendesign.com\/es\/wp-json\/wp\/v2\/product_tag?post=59935"}],"curies":[{"name":"wp","href":"https:\/\/api.w.org\/{rel}","templated":true}]}}