{"id":59932,"date":"2025-12-28T12:41:47","date_gmt":"2025-12-28T11:41:47","guid":{"rendered":"https:\/\/www.lavillagardendesign.com\/product\/portofino-set-de-2-mesas-de-centro-nido-redondas\/"},"modified":"2026-02-10T14:45:17","modified_gmt":"2026-02-10T12:45:17","slug":"portofino-set-de-2-mesas-de-centro-nido-redondas","status":"publish","type":"product","link":"https:\/\/www.lavillagardendesign.com\/es\/producto\/portofino-set-de-2-mesas-de-centro-nido-redondas\/","title":{"rendered":"PORTOFINO &#8211; Set de 2 Mesas de centro nido redondas"},"content":{"rendered":"","protected":false},"excerpt":{"rendered":"<p>Completa la est\u00e9tica de tu sal\u00f3n con el Conjunto de Mesas de Centro PORTOFINO. Dise\u00f1ado para ser el n\u00facleo visual de la colecci\u00f3n, este d\u00fao de mesas circulares refleja la misma elegancia minimalista que los sof\u00e1s. Su juego de alturas (36 cm y 42 cm) les permite superponerse parcialmente en un escultural \u00abefecto nido\u00bb o separarse para servir a distintas zonas de asiento, a\u00f1adiendo dinamismo y funcionalidad a la terraza. Est\u00e1n construidos \u00edntegramente con aluminio recubierto de polvo de poli\u00e9ster, lo que garantiza una durabilidad extrema y un mantenimiento nulo. Su superficie lisa y sin bordes suaviza las l\u00edneas del conjunto, creando un entorno fluido y seguro. Disponibles en Pel\u00edcano y Antracita para coordinar perfectamente con el resto del mobiliario Portofino.     <\/p>\n","protected":false},"featured_media":59740,"comment_status":"open","ping_status":"closed","template":"","meta":[],"product_brand":[4998],"product_cat":[6833,3120,3121,5659],"product_tag":[],"class_list":{"0":"post-59932","1":"product","2":"type-product","3":"status-publish","4":"has-post-thumbnail","6":"product_brand-la-villa","7":"product_cat-outdoor-es","8":"product_cat-mesas","9":"product_cat-mesas-de-centro","10":"product_cat-promociones-web","12":"first","13":"instock","14":"sale","15":"taxable","16":"shipping-taxable","17":"purchasable","18":"product-type-variable"},"yoast_head":"<!-- This site is optimized with the Yoast SEO plugin v27.1.1 - https:\/\/yoast.com\/product\/yoast-seo-wordpress\/ -->\n<title>PORTOFINO - Set de 2 Mesas de centro nido redondas - La Villa Garden&amp;Design<\/title>\n<meta name=\"robots\" content=\"index, follow, max-snippet:-1, max-image-preview:large, max-video-preview:-1\" \/>\n<link rel=\"canonical\" href=\"https:\/\/www.lavillagardendesign.com\/es\/producto\/portofino-set-de-2-mesas-de-centro-nido-redondas\/\" \/>\n<meta property=\"og:locale\" content=\"es_ES\" \/>\n<meta property=\"og:type\" content=\"article\" \/>\n<meta property=\"og:title\" content=\"PORTOFINO - Set de 2 Mesas de centro nido redondas - La Villa Garden&amp;Design\" \/>\n<meta property=\"og:description\" content=\"Completa la est\u00e9tica de tu sal\u00f3n con el Conjunto de Mesas de Centro PORTOFINO. Dise\u00f1ado para ser el n\u00facleo visual de la colecci\u00f3n, este d\u00fao de mesas circulares refleja la misma elegancia minimalista que los sof\u00e1s. Su juego de alturas (36 cm y 42 cm) les permite superponerse parcialmente en un escultural &quot;efecto nido&quot; o separarse para servir a distintas zonas de asiento, a\u00f1adiendo dinamismo y funcionalidad a la terraza. Est\u00e1n construidos \u00edntegramente con aluminio recubierto de polvo de poli\u00e9ster, lo que garantiza una durabilidad extrema y un mantenimiento nulo. Su superficie lisa y sin bordes suaviza las l\u00edneas del conjunto, creando un entorno fluido y seguro. Disponibles en Pel\u00edcano y Antracita para coordinar perfectamente con el resto del mobiliario Portofino.\" \/>\n<meta property=\"og:url\" content=\"https:\/\/www.lavillagardendesign.com\/es\/producto\/portofino-set-de-2-mesas-de-centro-nido-redondas\/\" \/>\n<meta property=\"og:site_name\" content=\"La Villa Garden&amp;Design\" \/>\n<meta property=\"article:publisher\" content=\"https:\/\/www.facebook.com\/lavillagardendesign\/\" \/>\n<meta property=\"article:modified_time\" content=\"2026-02-10T12:45:17+00:00\" \/>\n<meta property=\"og:image\" content=\"https:\/\/www.lavillagardendesign.com\/wp-content\/uploads\/2025\/12\/47.png\" \/>\n\t<meta property=\"og:image:width\" content=\"700\" \/>\n\t<meta property=\"og:image:height\" content=\"800\" \/>\n\t<meta property=\"og:image:type\" content=\"image\/png\" \/>\n<meta name=\"twitter:card\" content=\"summary_large_image\" \/>\n<script type=\"application\/ld+json\" class=\"yoast-schema-graph\">{\"@context\":\"https:\/\/schema.org\",\"@graph\":[{\"@type\":\"WebPage\",\"@id\":\"https:\/\/www.lavillagardendesign.com\/es\/producto\/portofino-set-de-2-mesas-de-centro-nido-redondas\/\",\"url\":\"https:\/\/www.lavillagardendesign.com\/es\/producto\/portofino-set-de-2-mesas-de-centro-nido-redondas\/\",\"name\":\"PORTOFINO - Set de 2 Mesas de centro nido redondas - La Villa Garden&amp;Design\",\"isPartOf\":{\"@id\":\"https:\/\/www.lavillagardendesign.com\/#website\"},\"primaryImageOfPage\":{\"@id\":\"https:\/\/www.lavillagardendesign.com\/es\/producto\/portofino-set-de-2-mesas-de-centro-nido-redondas\/#primaryimage\"},\"image\":{\"@id\":\"https:\/\/www.lavillagardendesign.com\/es\/producto\/portofino-set-de-2-mesas-de-centro-nido-redondas\/#primaryimage\"},\"thumbnailUrl\":\"https:\/\/www.lavillagardendesign.com\/wp-content\/uploads\/2025\/12\/47.png\",\"datePublished\":\"2025-12-28T11:41:47+00:00\",\"dateModified\":\"2026-02-10T12:45:17+00:00\",\"breadcrumb\":{\"@id\":\"https:\/\/www.lavillagardendesign.com\/es\/producto\/portofino-set-de-2-mesas-de-centro-nido-redondas\/#breadcrumb\"},\"inLanguage\":\"es\",\"potentialAction\":[{\"@type\":\"ReadAction\",\"target\":[\"https:\/\/www.lavillagardendesign.com\/es\/producto\/portofino-set-de-2-mesas-de-centro-nido-redondas\/\"]}]},{\"@type\":\"ImageObject\",\"inLanguage\":\"es\",\"@id\":\"https:\/\/www.lavillagardendesign.com\/es\/producto\/portofino-set-de-2-mesas-de-centro-nido-redondas\/#primaryimage\",\"url\":\"https:\/\/www.lavillagardendesign.com\/wp-content\/uploads\/2025\/12\/47.png\",\"contentUrl\":\"https:\/\/www.lavillagardendesign.com\/wp-content\/uploads\/2025\/12\/47.png\",\"width\":700,\"height\":800},{\"@type\":\"BreadcrumbList\",\"@id\":\"https:\/\/www.lavillagardendesign.com\/es\/producto\/portofino-set-de-2-mesas-de-centro-nido-redondas\/#breadcrumb\",\"itemListElement\":[{\"@type\":\"ListItem\",\"position\":1,\"name\":\"Home\",\"item\":\"https:\/\/www.lavillagardendesign.com\/\"},{\"@type\":\"ListItem\",\"position\":2,\"name\":\"Tienda\",\"item\":\"https:\/\/www.lavillagardendesign.com\/es\/tienda\/\"},{\"@type\":\"ListItem\",\"position\":3,\"name\":\"PORTOFINO &#8211; Set de 2 Mesas de centro nido redondas\"}]},{\"@type\":\"WebSite\",\"@id\":\"https:\/\/www.lavillagardendesign.com\/#website\",\"url\":\"https:\/\/www.lavillagardendesign.com\/\",\"name\":\"La Villa Garden&Design\",\"description\":\"\",\"publisher\":{\"@id\":\"https:\/\/www.lavillagardendesign.com\/#organization\"},\"potentialAction\":[{\"@type\":\"SearchAction\",\"target\":{\"@type\":\"EntryPoint\",\"urlTemplate\":\"https:\/\/www.lavillagardendesign.com\/?s={search_term_string}\"},\"query-input\":{\"@type\":\"PropertyValueSpecification\",\"valueRequired\":true,\"valueName\":\"search_term_string\"}}],\"inLanguage\":\"es\"},{\"@type\":\"Organization\",\"@id\":\"https:\/\/www.lavillagardendesign.com\/#organization\",\"name\":\"La Villa Garden&Design\",\"url\":\"https:\/\/www.lavillagardendesign.com\/\",\"logo\":{\"@type\":\"ImageObject\",\"inLanguage\":\"es\",\"@id\":\"https:\/\/www.lavillagardendesign.com\/#\/schema\/logo\/image\/\",\"url\":\"https:\/\/www.lavillagardendesign.com\/wp-content\/uploads\/2024\/04\/logolavilla.png\",\"contentUrl\":\"https:\/\/www.lavillagardendesign.com\/wp-content\/uploads\/2024\/04\/logolavilla.png\",\"width\":682,\"height\":391,\"caption\":\"La Villa Garden&Design\"},\"image\":{\"@id\":\"https:\/\/www.lavillagardendesign.com\/#\/schema\/logo\/image\/\"},\"sameAs\":[\"https:\/\/www.facebook.com\/lavillagardendesign\/\"]}]}<\/script>\n<!-- \/ Yoast SEO plugin. -->","yoast_head_json":{"title":"PORTOFINO - Set de 2 Mesas de centro nido redondas - La Villa Garden&amp;Design","robots":{"index":"index","follow":"follow","max-snippet":"max-snippet:-1","max-image-preview":"max-image-preview:large","max-video-preview":"max-video-preview:-1"},"canonical":"https:\/\/www.lavillagardendesign.com\/es\/producto\/portofino-set-de-2-mesas-de-centro-nido-redondas\/","og_locale":"es_ES","og_type":"article","og_title":"PORTOFINO - Set de 2 Mesas de centro nido redondas - La Villa Garden&amp;Design","og_description":"Completa la est\u00e9tica de tu sal\u00f3n con el Conjunto de Mesas de Centro PORTOFINO. Dise\u00f1ado para ser el n\u00facleo visual de la colecci\u00f3n, este d\u00fao de mesas circulares refleja la misma elegancia minimalista que los sof\u00e1s. Su juego de alturas (36 cm y 42 cm) les permite superponerse parcialmente en un escultural \"efecto nido\" o separarse para servir a distintas zonas de asiento, a\u00f1adiendo dinamismo y funcionalidad a la terraza. Est\u00e1n construidos \u00edntegramente con aluminio recubierto de polvo de poli\u00e9ster, lo que garantiza una durabilidad extrema y un mantenimiento nulo. Su superficie lisa y sin bordes suaviza las l\u00edneas del conjunto, creando un entorno fluido y seguro. Disponibles en Pel\u00edcano y Antracita para coordinar perfectamente con el resto del mobiliario Portofino.","og_url":"https:\/\/www.lavillagardendesign.com\/es\/producto\/portofino-set-de-2-mesas-de-centro-nido-redondas\/","og_site_name":"La Villa Garden&amp;Design","article_publisher":"https:\/\/www.facebook.com\/lavillagardendesign\/","article_modified_time":"2026-02-10T12:45:17+00:00","og_image":[{"width":700,"height":800,"url":"https:\/\/www.lavillagardendesign.com\/wp-content\/uploads\/2025\/12\/47.png","type":"image\/png"}],"twitter_card":"summary_large_image","schema":{"@context":"https:\/\/schema.org","@graph":[{"@type":"WebPage","@id":"https:\/\/www.lavillagardendesign.com\/es\/producto\/portofino-set-de-2-mesas-de-centro-nido-redondas\/","url":"https:\/\/www.lavillagardendesign.com\/es\/producto\/portofino-set-de-2-mesas-de-centro-nido-redondas\/","name":"PORTOFINO - Set de 2 Mesas de centro nido redondas - La Villa Garden&amp;Design","isPartOf":{"@id":"https:\/\/www.lavillagardendesign.com\/#website"},"primaryImageOfPage":{"@id":"https:\/\/www.lavillagardendesign.com\/es\/producto\/portofino-set-de-2-mesas-de-centro-nido-redondas\/#primaryimage"},"image":{"@id":"https:\/\/www.lavillagardendesign.com\/es\/producto\/portofino-set-de-2-mesas-de-centro-nido-redondas\/#primaryimage"},"thumbnailUrl":"https:\/\/www.lavillagardendesign.com\/wp-content\/uploads\/2025\/12\/47.png","datePublished":"2025-12-28T11:41:47+00:00","dateModified":"2026-02-10T12:45:17+00:00","breadcrumb":{"@id":"https:\/\/www.lavillagardendesign.com\/es\/producto\/portofino-set-de-2-mesas-de-centro-nido-redondas\/#breadcrumb"},"inLanguage":"es","potentialAction":[{"@type":"ReadAction","target":["https:\/\/www.lavillagardendesign.com\/es\/producto\/portofino-set-de-2-mesas-de-centro-nido-redondas\/"]}]},{"@type":"ImageObject","inLanguage":"es","@id":"https:\/\/www.lavillagardendesign.com\/es\/producto\/portofino-set-de-2-mesas-de-centro-nido-redondas\/#primaryimage","url":"https:\/\/www.lavillagardendesign.com\/wp-content\/uploads\/2025\/12\/47.png","contentUrl":"https:\/\/www.lavillagardendesign.com\/wp-content\/uploads\/2025\/12\/47.png","width":700,"height":800},{"@type":"BreadcrumbList","@id":"https:\/\/www.lavillagardendesign.com\/es\/producto\/portofino-set-de-2-mesas-de-centro-nido-redondas\/#breadcrumb","itemListElement":[{"@type":"ListItem","position":1,"name":"Home","item":"https:\/\/www.lavillagardendesign.com\/"},{"@type":"ListItem","position":2,"name":"Tienda","item":"https:\/\/www.lavillagardendesign.com\/es\/tienda\/"},{"@type":"ListItem","position":3,"name":"PORTOFINO &#8211; Set de 2 Mesas de centro nido redondas"}]},{"@type":"WebSite","@id":"https:\/\/www.lavillagardendesign.com\/#website","url":"https:\/\/www.lavillagardendesign.com\/","name":"La Villa Garden&Design","description":"","publisher":{"@id":"https:\/\/www.lavillagardendesign.com\/#organization"},"potentialAction":[{"@type":"SearchAction","target":{"@type":"EntryPoint","urlTemplate":"https:\/\/www.lavillagardendesign.com\/?s={search_term_string}"},"query-input":{"@type":"PropertyValueSpecification","valueRequired":true,"valueName":"search_term_string"}}],"inLanguage":"es"},{"@type":"Organization","@id":"https:\/\/www.lavillagardendesign.com\/#organization","name":"La Villa Garden&Design","url":"https:\/\/www.lavillagardendesign.com\/","logo":{"@type":"ImageObject","inLanguage":"es","@id":"https:\/\/www.lavillagardendesign.com\/#\/schema\/logo\/image\/","url":"https:\/\/www.lavillagardendesign.com\/wp-content\/uploads\/2024\/04\/logolavilla.png","contentUrl":"https:\/\/www.lavillagardendesign.com\/wp-content\/uploads\/2024\/04\/logolavilla.png","width":682,"height":391,"caption":"La Villa Garden&Design"},"image":{"@id":"https:\/\/www.lavillagardendesign.com\/#\/schema\/logo\/image\/"},"sameAs":["https:\/\/www.facebook.com\/lavillagardendesign\/"]}]}},"_links":{"self":[{"href":"https:\/\/www.lavillagardendesign.com\/es\/wp-json\/wp\/v2\/product\/59932","targetHints":{"allow":["GET"]}}],"collection":[{"href":"https:\/\/www.lavillagardendesign.com\/es\/wp-json\/wp\/v2\/product"}],"about":[{"href":"https:\/\/www.lavillagardendesign.com\/es\/wp-json\/wp\/v2\/types\/product"}],"replies":[{"embeddable":true,"href":"https:\/\/www.lavillagardendesign.com\/es\/wp-json\/wp\/v2\/comments?post=59932"}],"version-history":[{"count":1,"href":"https:\/\/www.lavillagardendesign.com\/es\/wp-json\/wp\/v2\/product\/59932\/revisions"}],"predecessor-version":[{"id":62352,"href":"https:\/\/www.lavillagardendesign.com\/es\/wp-json\/wp\/v2\/product\/59932\/revisions\/62352"}],"wp:featuredmedia":[{"embeddable":true,"href":"https:\/\/www.lavillagardendesign.com\/es\/wp-json\/wp\/v2\/media\/59740"}],"wp:attachment":[{"href":"https:\/\/www.lavillagardendesign.com\/es\/wp-json\/wp\/v2\/media?parent=59932"}],"wp:term":[{"taxonomy":"product_brand","embeddable":true,"href":"https:\/\/www.lavillagardendesign.com\/es\/wp-json\/wp\/v2\/product_brand?post=59932"},{"taxonomy":"product_cat","embeddable":true,"href":"https:\/\/www.lavillagardendesign.com\/es\/wp-json\/wp\/v2\/product_cat?post=59932"},{"taxonomy":"product_tag","embeddable":true,"href":"https:\/\/www.lavillagardendesign.com\/es\/wp-json\/wp\/v2\/product_tag?post=59932"}],"curies":[{"name":"wp","href":"https:\/\/api.w.org\/{rel}","templated":true}]}}