{"id":55433,"date":"2025-06-14T09:37:39","date_gmt":"2025-06-14T08:37:39","guid":{"rendered":"https:\/\/www.lavillagardendesign.com\/product\/tamires-sillon-de-exterior-con-cojin\/"},"modified":"2026-02-01T15:00:45","modified_gmt":"2026-02-01T13:00:45","slug":"tamires-sillon-de-exterior-con-cojin","status":"publish","type":"product","link":"https:\/\/www.lavillagardendesign.com\/es\/producto\/tamires-sillon-de-exterior-con-cojin\/","title":{"rendered":"TAORMINA &#8211; Sill\u00f3n de exterior con coj\u00edn"},"content":{"rendered":"","protected":false},"excerpt":{"rendered":"<p>El sill\u00f3n TAMIRES es una opci\u00f3n elegante y ecol\u00f3gica para sentarse al aire libre.<br \/>\nPresenta un duradero armaz\u00f3n de aluminio con recubrimiento de polvo y patas de madera de teca certificada SVLK, procedente de bosques gestionados de forma sostenible.<br \/>\nEl asiento est\u00e1 envuelto en cuerda de polipropileno, y los cojines extra\u00edbles son de olefina Sunproof (100% polipropileno), repelente al agua y resistente a la intemperie.<\/p>\n<p>Caracter\u00edsticas principales<br \/>\n&#8211; Disponible en beige y carb\u00f3n<br \/>\n&#8211; Estructura de aluminio con recubrimiento de polvo<br \/>\n&#8211; Patas de madera de teca SVLK certificada<br \/>\n&#8211; Tejido de cuerda de polipropileno para exteriores<br \/>\n&#8211; Cojines desenfundables de tejido Sunproof Olefin<br \/>\n&#8211; Tejido hidr\u00f3fugo<br \/>\n&#8211; Herrajes de acero inoxidable<br \/>\n&#8211; Las patas requieren montaje<br \/>\n&#8211; Peso: 20,75 kg<\/p>\n","protected":false},"featured_media":55372,"comment_status":"open","ping_status":"closed","template":"","meta":[],"product_brand":[4998],"product_cat":[3112,6833,3111],"product_tag":[],"class_list":{"0":"post-55433","1":"product","2":"type-product","3":"status-publish","4":"has-post-thumbnail","6":"product_brand-la-villa","7":"product_cat-butacas","8":"product_cat-outdoor-es","9":"product_cat-sofas-y-butacas","11":"first","12":"instock","13":"taxable","14":"shipping-taxable","15":"purchasable","16":"product-type-variable","17":"has-default-attributes"},"yoast_head":"<!-- This site is optimized with the Yoast SEO plugin v27.4 - https:\/\/yoast.com\/product\/yoast-seo-wordpress\/ -->\n<title>TAORMINA - Sill\u00f3n de exterior con coj\u00edn - La Villa Garden&amp;Design<\/title>\n<meta name=\"robots\" content=\"index, follow, max-snippet:-1, max-image-preview:large, max-video-preview:-1\" \/>\n<link rel=\"canonical\" href=\"https:\/\/www.lavillagardendesign.com\/es\/producto\/tamires-sillon-de-exterior-con-cojin\/\" \/>\n<meta property=\"og:locale\" content=\"es_ES\" \/>\n<meta property=\"og:type\" content=\"article\" \/>\n<meta property=\"og:title\" content=\"TAORMINA - Sill\u00f3n de exterior con coj\u00edn - La Villa Garden&amp;Design\" \/>\n<meta property=\"og:description\" content=\"El sill\u00f3n TAMIRES es una opci\u00f3n elegante y ecol\u00f3gica para sentarse al aire libre. Presenta un duradero armaz\u00f3n de aluminio con recubrimiento de polvo y patas de madera de teca certificada SVLK, procedente de bosques gestionados de forma sostenible. El asiento est\u00e1 envuelto en cuerda de polipropileno, y los cojines extra\u00edbles son de olefina Sunproof (100% polipropileno), repelente al agua y resistente a la intemperie. Caracter\u00edsticas principales - Disponible en beige y carb\u00f3n - Estructura de aluminio con recubrimiento de polvo - Patas de madera de teca SVLK certificada - Tejido de cuerda de polipropileno para exteriores - Cojines desenfundables de tejido Sunproof Olefin - Tejido hidr\u00f3fugo - Herrajes de acero inoxidable - Las patas requieren montaje - Peso: 20,75 kg\" \/>\n<meta property=\"og:url\" content=\"https:\/\/www.lavillagardendesign.com\/es\/producto\/tamires-sillon-de-exterior-con-cojin\/\" \/>\n<meta property=\"og:site_name\" content=\"La Villa Garden&amp;Design\" \/>\n<meta property=\"article:publisher\" content=\"https:\/\/www.facebook.com\/lavillagardendesign\/\" \/>\n<meta property=\"article:modified_time\" content=\"2026-02-01T13:00:45+00:00\" \/>\n<meta property=\"og:image\" content=\"https:\/\/www.lavillagardendesign.com\/wp-content\/uploads\/2025\/06\/tamiressillon.jpg\" \/>\n\t<meta property=\"og:image:width\" content=\"700\" \/>\n\t<meta property=\"og:image:height\" content=\"800\" \/>\n\t<meta property=\"og:image:type\" content=\"image\/jpeg\" \/>\n<meta name=\"twitter:card\" content=\"summary_large_image\" \/>\n<script type=\"application\/ld+json\" class=\"yoast-schema-graph\">{\"@context\":\"https:\\\/\\\/schema.org\",\"@graph\":[{\"@type\":\"WebPage\",\"@id\":\"https:\\\/\\\/www.lavillagardendesign.com\\\/es\\\/producto\\\/tamires-sillon-de-exterior-con-cojin\\\/\",\"url\":\"https:\\\/\\\/www.lavillagardendesign.com\\\/es\\\/producto\\\/tamires-sillon-de-exterior-con-cojin\\\/\",\"name\":\"TAORMINA - Sill\u00f3n de exterior con coj\u00edn - La Villa Garden&amp;Design\",\"isPartOf\":{\"@id\":\"https:\\\/\\\/www.lavillagardendesign.com\\\/#website\"},\"primaryImageOfPage\":{\"@id\":\"https:\\\/\\\/www.lavillagardendesign.com\\\/es\\\/producto\\\/tamires-sillon-de-exterior-con-cojin\\\/#primaryimage\"},\"image\":{\"@id\":\"https:\\\/\\\/www.lavillagardendesign.com\\\/es\\\/producto\\\/tamires-sillon-de-exterior-con-cojin\\\/#primaryimage\"},\"thumbnailUrl\":\"https:\\\/\\\/www.lavillagardendesign.com\\\/wp-content\\\/uploads\\\/2025\\\/06\\\/tamiressillon.jpg\",\"datePublished\":\"2025-06-14T08:37:39+00:00\",\"dateModified\":\"2026-02-01T13:00:45+00:00\",\"breadcrumb\":{\"@id\":\"https:\\\/\\\/www.lavillagardendesign.com\\\/es\\\/producto\\\/tamires-sillon-de-exterior-con-cojin\\\/#breadcrumb\"},\"inLanguage\":\"es\",\"potentialAction\":[{\"@type\":\"ReadAction\",\"target\":[\"https:\\\/\\\/www.lavillagardendesign.com\\\/es\\\/producto\\\/tamires-sillon-de-exterior-con-cojin\\\/\"]}]},{\"@type\":\"ImageObject\",\"inLanguage\":\"es\",\"@id\":\"https:\\\/\\\/www.lavillagardendesign.com\\\/es\\\/producto\\\/tamires-sillon-de-exterior-con-cojin\\\/#primaryimage\",\"url\":\"https:\\\/\\\/www.lavillagardendesign.com\\\/wp-content\\\/uploads\\\/2025\\\/06\\\/tamiressillon.jpg\",\"contentUrl\":\"https:\\\/\\\/www.lavillagardendesign.com\\\/wp-content\\\/uploads\\\/2025\\\/06\\\/tamiressillon.jpg\",\"width\":700,\"height\":800},{\"@type\":\"BreadcrumbList\",\"@id\":\"https:\\\/\\\/www.lavillagardendesign.com\\\/es\\\/producto\\\/tamires-sillon-de-exterior-con-cojin\\\/#breadcrumb\",\"itemListElement\":[{\"@type\":\"ListItem\",\"position\":1,\"name\":\"Home\",\"item\":\"https:\\\/\\\/www.lavillagardendesign.com\\\/\"},{\"@type\":\"ListItem\",\"position\":2,\"name\":\"Tienda\",\"item\":\"https:\\\/\\\/www.lavillagardendesign.com\\\/es\\\/tienda\\\/\"},{\"@type\":\"ListItem\",\"position\":3,\"name\":\"TAORMINA &#8211; Sill\u00f3n de exterior con coj\u00edn\"}]},{\"@type\":\"WebSite\",\"@id\":\"https:\\\/\\\/www.lavillagardendesign.com\\\/#website\",\"url\":\"https:\\\/\\\/www.lavillagardendesign.com\\\/\",\"name\":\"La Villa Garden&Design\",\"description\":\"\",\"publisher\":{\"@id\":\"https:\\\/\\\/www.lavillagardendesign.com\\\/#organization\"},\"potentialAction\":[{\"@type\":\"SearchAction\",\"target\":{\"@type\":\"EntryPoint\",\"urlTemplate\":\"https:\\\/\\\/www.lavillagardendesign.com\\\/?s={search_term_string}\"},\"query-input\":{\"@type\":\"PropertyValueSpecification\",\"valueRequired\":true,\"valueName\":\"search_term_string\"}}],\"inLanguage\":\"es\"},{\"@type\":\"Organization\",\"@id\":\"https:\\\/\\\/www.lavillagardendesign.com\\\/#organization\",\"name\":\"La Villa Garden&Design\",\"url\":\"https:\\\/\\\/www.lavillagardendesign.com\\\/\",\"logo\":{\"@type\":\"ImageObject\",\"inLanguage\":\"es\",\"@id\":\"https:\\\/\\\/www.lavillagardendesign.com\\\/#\\\/schema\\\/logo\\\/image\\\/\",\"url\":\"https:\\\/\\\/www.lavillagardendesign.com\\\/wp-content\\\/uploads\\\/2024\\\/04\\\/logolavilla.png\",\"contentUrl\":\"https:\\\/\\\/www.lavillagardendesign.com\\\/wp-content\\\/uploads\\\/2024\\\/04\\\/logolavilla.png\",\"width\":682,\"height\":391,\"caption\":\"La Villa Garden&Design\"},\"image\":{\"@id\":\"https:\\\/\\\/www.lavillagardendesign.com\\\/#\\\/schema\\\/logo\\\/image\\\/\"},\"sameAs\":[\"https:\\\/\\\/www.facebook.com\\\/lavillagardendesign\\\/\"]}]}<\/script>\n<!-- \/ Yoast SEO plugin. -->","yoast_head_json":{"title":"TAORMINA - Sill\u00f3n de exterior con coj\u00edn - La Villa Garden&amp;Design","robots":{"index":"index","follow":"follow","max-snippet":"max-snippet:-1","max-image-preview":"max-image-preview:large","max-video-preview":"max-video-preview:-1"},"canonical":"https:\/\/www.lavillagardendesign.com\/es\/producto\/tamires-sillon-de-exterior-con-cojin\/","og_locale":"es_ES","og_type":"article","og_title":"TAORMINA - Sill\u00f3n de exterior con coj\u00edn - La Villa Garden&amp;Design","og_description":"El sill\u00f3n TAMIRES es una opci\u00f3n elegante y ecol\u00f3gica para sentarse al aire libre. Presenta un duradero armaz\u00f3n de aluminio con recubrimiento de polvo y patas de madera de teca certificada SVLK, procedente de bosques gestionados de forma sostenible. El asiento est\u00e1 envuelto en cuerda de polipropileno, y los cojines extra\u00edbles son de olefina Sunproof (100% polipropileno), repelente al agua y resistente a la intemperie. Caracter\u00edsticas principales - Disponible en beige y carb\u00f3n - Estructura de aluminio con recubrimiento de polvo - Patas de madera de teca SVLK certificada - Tejido de cuerda de polipropileno para exteriores - Cojines desenfundables de tejido Sunproof Olefin - Tejido hidr\u00f3fugo - Herrajes de acero inoxidable - Las patas requieren montaje - Peso: 20,75 kg","og_url":"https:\/\/www.lavillagardendesign.com\/es\/producto\/tamires-sillon-de-exterior-con-cojin\/","og_site_name":"La Villa Garden&amp;Design","article_publisher":"https:\/\/www.facebook.com\/lavillagardendesign\/","article_modified_time":"2026-02-01T13:00:45+00:00","og_image":[{"width":700,"height":800,"url":"https:\/\/www.lavillagardendesign.com\/wp-content\/uploads\/2025\/06\/tamiressillon.jpg","type":"image\/jpeg"}],"twitter_card":"summary_large_image","schema":{"@context":"https:\/\/schema.org","@graph":[{"@type":"WebPage","@id":"https:\/\/www.lavillagardendesign.com\/es\/producto\/tamires-sillon-de-exterior-con-cojin\/","url":"https:\/\/www.lavillagardendesign.com\/es\/producto\/tamires-sillon-de-exterior-con-cojin\/","name":"TAORMINA - Sill\u00f3n de exterior con coj\u00edn - La Villa Garden&amp;Design","isPartOf":{"@id":"https:\/\/www.lavillagardendesign.com\/#website"},"primaryImageOfPage":{"@id":"https:\/\/www.lavillagardendesign.com\/es\/producto\/tamires-sillon-de-exterior-con-cojin\/#primaryimage"},"image":{"@id":"https:\/\/www.lavillagardendesign.com\/es\/producto\/tamires-sillon-de-exterior-con-cojin\/#primaryimage"},"thumbnailUrl":"https:\/\/www.lavillagardendesign.com\/wp-content\/uploads\/2025\/06\/tamiressillon.jpg","datePublished":"2025-06-14T08:37:39+00:00","dateModified":"2026-02-01T13:00:45+00:00","breadcrumb":{"@id":"https:\/\/www.lavillagardendesign.com\/es\/producto\/tamires-sillon-de-exterior-con-cojin\/#breadcrumb"},"inLanguage":"es","potentialAction":[{"@type":"ReadAction","target":["https:\/\/www.lavillagardendesign.com\/es\/producto\/tamires-sillon-de-exterior-con-cojin\/"]}]},{"@type":"ImageObject","inLanguage":"es","@id":"https:\/\/www.lavillagardendesign.com\/es\/producto\/tamires-sillon-de-exterior-con-cojin\/#primaryimage","url":"https:\/\/www.lavillagardendesign.com\/wp-content\/uploads\/2025\/06\/tamiressillon.jpg","contentUrl":"https:\/\/www.lavillagardendesign.com\/wp-content\/uploads\/2025\/06\/tamiressillon.jpg","width":700,"height":800},{"@type":"BreadcrumbList","@id":"https:\/\/www.lavillagardendesign.com\/es\/producto\/tamires-sillon-de-exterior-con-cojin\/#breadcrumb","itemListElement":[{"@type":"ListItem","position":1,"name":"Home","item":"https:\/\/www.lavillagardendesign.com\/"},{"@type":"ListItem","position":2,"name":"Tienda","item":"https:\/\/www.lavillagardendesign.com\/es\/tienda\/"},{"@type":"ListItem","position":3,"name":"TAORMINA &#8211; Sill\u00f3n de exterior con coj\u00edn"}]},{"@type":"WebSite","@id":"https:\/\/www.lavillagardendesign.com\/#website","url":"https:\/\/www.lavillagardendesign.com\/","name":"La Villa Garden&Design","description":"","publisher":{"@id":"https:\/\/www.lavillagardendesign.com\/#organization"},"potentialAction":[{"@type":"SearchAction","target":{"@type":"EntryPoint","urlTemplate":"https:\/\/www.lavillagardendesign.com\/?s={search_term_string}"},"query-input":{"@type":"PropertyValueSpecification","valueRequired":true,"valueName":"search_term_string"}}],"inLanguage":"es"},{"@type":"Organization","@id":"https:\/\/www.lavillagardendesign.com\/#organization","name":"La Villa Garden&Design","url":"https:\/\/www.lavillagardendesign.com\/","logo":{"@type":"ImageObject","inLanguage":"es","@id":"https:\/\/www.lavillagardendesign.com\/#\/schema\/logo\/image\/","url":"https:\/\/www.lavillagardendesign.com\/wp-content\/uploads\/2024\/04\/logolavilla.png","contentUrl":"https:\/\/www.lavillagardendesign.com\/wp-content\/uploads\/2024\/04\/logolavilla.png","width":682,"height":391,"caption":"La Villa Garden&Design"},"image":{"@id":"https:\/\/www.lavillagardendesign.com\/#\/schema\/logo\/image\/"},"sameAs":["https:\/\/www.facebook.com\/lavillagardendesign\/"]}]}},"_links":{"self":[{"href":"https:\/\/www.lavillagardendesign.com\/es\/wp-json\/wp\/v2\/product\/55433","targetHints":{"allow":["GET"]}}],"collection":[{"href":"https:\/\/www.lavillagardendesign.com\/es\/wp-json\/wp\/v2\/product"}],"about":[{"href":"https:\/\/www.lavillagardendesign.com\/es\/wp-json\/wp\/v2\/types\/product"}],"replies":[{"embeddable":true,"href":"https:\/\/www.lavillagardendesign.com\/es\/wp-json\/wp\/v2\/comments?post=55433"}],"version-history":[{"count":1,"href":"https:\/\/www.lavillagardendesign.com\/es\/wp-json\/wp\/v2\/product\/55433\/revisions"}],"predecessor-version":[{"id":61427,"href":"https:\/\/www.lavillagardendesign.com\/es\/wp-json\/wp\/v2\/product\/55433\/revisions\/61427"}],"wp:featuredmedia":[{"embeddable":true,"href":"https:\/\/www.lavillagardendesign.com\/es\/wp-json\/wp\/v2\/media\/55372"}],"wp:attachment":[{"href":"https:\/\/www.lavillagardendesign.com\/es\/wp-json\/wp\/v2\/media?parent=55433"}],"wp:term":[{"taxonomy":"product_brand","embeddable":true,"href":"https:\/\/www.lavillagardendesign.com\/es\/wp-json\/wp\/v2\/product_brand?post=55433"},{"taxonomy":"product_cat","embeddable":true,"href":"https:\/\/www.lavillagardendesign.com\/es\/wp-json\/wp\/v2\/product_cat?post=55433"},{"taxonomy":"product_tag","embeddable":true,"href":"https:\/\/www.lavillagardendesign.com\/es\/wp-json\/wp\/v2\/product_tag?post=55433"}],"curies":[{"name":"wp","href":"https:\/\/api.w.org\/{rel}","templated":true}]}}