{"id":55409,"date":"2025-06-14T09:40:20","date_gmt":"2025-06-14T08:40:20","guid":{"rendered":"https:\/\/www.lavillagardendesign.com\/product\/sofa-de-exterior-de-5-plazas-theseus-natural\/"},"modified":"2026-02-23T11:41:32","modified_gmt":"2026-02-23T09:41:32","slug":"sofa-de-exterior-de-5-plazas-theseus-natural","status":"publish","type":"product","link":"https:\/\/www.lavillagardendesign.com\/es\/producto\/sofa-de-exterior-de-5-plazas-theseus-natural\/","title":{"rendered":"Sof\u00e1 de exterior de 5 plazas THESEUS Natural"},"content":{"rendered":"","protected":false},"excerpt":{"rendered":"<p>El conjunto de sof\u00e1s THESEUS Natural aporta elegancia y funcionalidad a cualquier espacio exterior.<br \/>\nFabricado en aluminio con recubrimiento en polvo y acabado realista con efecto madera, es perfecto para jardines, patios o terrazas.<br \/>\nEl conjunto incluye cojines desenfundables con tejido Spunpoly hidr\u00f3fugo (100% poli\u00e9ster) y relleno de espuma de secado r\u00e1pido.<br \/>\nLas patas ajustables y los herrajes de acero inoxidable garantizan su durabilidad. Mesa de centro incluida, f\u00e1cil de montar. <\/p>\n<p>Caracter\u00edsticas principales<br \/>\n&#8211; Conjunto de sof\u00e1 para exterior de 5 plazas<br \/>\n&#8211; Estructura de aluminio con efecto madera<br \/>\n&#8211; Cojines extra\u00edbles e hidr\u00f3fugos<br \/>\n&#8211; Relleno de espuma de secado r\u00e1pido (Fast Dry Foam)<br \/>\n&#8211; Herrajes de acero inoxidable<br \/>\n&#8211; Incluye mesa de centro (requiere montaje)<br \/>\n&#8211; Patas regulables<br \/>\n&#8211; Peso total: 77,2 kg<\/p>\n<p>Dimensiones (cm)<br \/>\n&#8211; Sof\u00e1 individual: 73 A x 79 P x 77 Alt<br \/>\n&#8211; Sof\u00e1 doble: 203 A x 79 P x 77 Alt<br \/>\n&#8211; Mesa de centro: 130 ancho x 73,5 fondo x 38 alto<\/p>\n","protected":false},"featured_media":55186,"comment_status":"open","ping_status":"closed","template":"","meta":[],"product_brand":[4998],"product_cat":[6833,3111,3113],"product_tag":[],"class_list":{"0":"post-55409","1":"product","2":"type-product","3":"status-publish","4":"has-post-thumbnail","6":"product_brand-la-villa","7":"product_cat-outdoor-es","8":"product_cat-sofas-y-butacas","9":"product_cat-sofas-es","11":"first","12":"instock","13":"taxable","14":"shipping-taxable","15":"purchasable","16":"product-type-simple"},"yoast_head":"<!-- This site is optimized with the Yoast SEO plugin v27.1.1 - https:\/\/yoast.com\/product\/yoast-seo-wordpress\/ -->\n<title>Sof\u00e1 de exterior de 5 plazas THESEUS Natural - La Villa Garden&amp;Design<\/title>\n<meta name=\"robots\" content=\"index, follow, max-snippet:-1, max-image-preview:large, max-video-preview:-1\" \/>\n<link rel=\"canonical\" href=\"https:\/\/www.lavillagardendesign.com\/es\/producto\/sofa-de-exterior-de-5-plazas-theseus-natural\/\" \/>\n<meta property=\"og:locale\" content=\"es_ES\" \/>\n<meta property=\"og:type\" content=\"article\" \/>\n<meta property=\"og:title\" content=\"Sof\u00e1 de exterior de 5 plazas THESEUS Natural - La Villa Garden&amp;Design\" \/>\n<meta property=\"og:description\" content=\"El conjunto de sof\u00e1s THESEUS Natural aporta elegancia y funcionalidad a cualquier espacio exterior. Fabricado en aluminio con recubrimiento en polvo y acabado realista con efecto madera, es perfecto para jardines, patios o terrazas. El conjunto incluye cojines desenfundables con tejido Spunpoly hidr\u00f3fugo (100% poli\u00e9ster) y relleno de espuma de secado r\u00e1pido. Las patas ajustables y los herrajes de acero inoxidable garantizan su durabilidad. Mesa de centro incluida, f\u00e1cil de montar.  Caracter\u00edsticas principales - Conjunto de sof\u00e1 para exterior de 5 plazas - Estructura de aluminio con efecto madera - Cojines extra\u00edbles e hidr\u00f3fugos - Relleno de espuma de secado r\u00e1pido (Fast Dry Foam) - Herrajes de acero inoxidable - Incluye mesa de centro (requiere montaje) - Patas regulables - Peso total: 77,2 kg Dimensiones (cm) - Sof\u00e1 individual: 73 A x 79 P x 77 Alt - Sof\u00e1 doble: 203 A x 79 P x 77 Alt - Mesa de centro: 130 ancho x 73,5 fondo x 38 alto\" \/>\n<meta property=\"og:url\" content=\"https:\/\/www.lavillagardendesign.com\/es\/producto\/sofa-de-exterior-de-5-plazas-theseus-natural\/\" \/>\n<meta property=\"og:site_name\" content=\"La Villa Garden&amp;Design\" \/>\n<meta property=\"article:publisher\" content=\"https:\/\/www.facebook.com\/lavillagardendesign\/\" \/>\n<meta property=\"article:modified_time\" content=\"2026-02-23T09:41:32+00:00\" \/>\n<meta property=\"og:image\" content=\"https:\/\/www.lavillagardendesign.com\/wp-content\/uploads\/2025\/06\/thes.jpg\" \/>\n\t<meta property=\"og:image:width\" content=\"700\" \/>\n\t<meta property=\"og:image:height\" content=\"800\" \/>\n\t<meta property=\"og:image:type\" content=\"image\/jpeg\" \/>\n<meta name=\"twitter:card\" content=\"summary_large_image\" \/>\n<script type=\"application\/ld+json\" class=\"yoast-schema-graph\">{\"@context\":\"https:\/\/schema.org\",\"@graph\":[{\"@type\":\"WebPage\",\"@id\":\"https:\/\/www.lavillagardendesign.com\/es\/producto\/sofa-de-exterior-de-5-plazas-theseus-natural\/\",\"url\":\"https:\/\/www.lavillagardendesign.com\/es\/producto\/sofa-de-exterior-de-5-plazas-theseus-natural\/\",\"name\":\"Sof\u00e1 de exterior de 5 plazas THESEUS Natural - La Villa Garden&amp;Design\",\"isPartOf\":{\"@id\":\"https:\/\/www.lavillagardendesign.com\/#website\"},\"primaryImageOfPage\":{\"@id\":\"https:\/\/www.lavillagardendesign.com\/es\/producto\/sofa-de-exterior-de-5-plazas-theseus-natural\/#primaryimage\"},\"image\":{\"@id\":\"https:\/\/www.lavillagardendesign.com\/es\/producto\/sofa-de-exterior-de-5-plazas-theseus-natural\/#primaryimage\"},\"thumbnailUrl\":\"https:\/\/www.lavillagardendesign.com\/wp-content\/uploads\/2025\/06\/thes.jpg\",\"datePublished\":\"2025-06-14T08:40:20+00:00\",\"dateModified\":\"2026-02-23T09:41:32+00:00\",\"breadcrumb\":{\"@id\":\"https:\/\/www.lavillagardendesign.com\/es\/producto\/sofa-de-exterior-de-5-plazas-theseus-natural\/#breadcrumb\"},\"inLanguage\":\"es\",\"potentialAction\":[{\"@type\":\"ReadAction\",\"target\":[\"https:\/\/www.lavillagardendesign.com\/es\/producto\/sofa-de-exterior-de-5-plazas-theseus-natural\/\"]}]},{\"@type\":\"ImageObject\",\"inLanguage\":\"es\",\"@id\":\"https:\/\/www.lavillagardendesign.com\/es\/producto\/sofa-de-exterior-de-5-plazas-theseus-natural\/#primaryimage\",\"url\":\"https:\/\/www.lavillagardendesign.com\/wp-content\/uploads\/2025\/06\/thes.jpg\",\"contentUrl\":\"https:\/\/www.lavillagardendesign.com\/wp-content\/uploads\/2025\/06\/thes.jpg\",\"width\":700,\"height\":800},{\"@type\":\"BreadcrumbList\",\"@id\":\"https:\/\/www.lavillagardendesign.com\/es\/producto\/sofa-de-exterior-de-5-plazas-theseus-natural\/#breadcrumb\",\"itemListElement\":[{\"@type\":\"ListItem\",\"position\":1,\"name\":\"Home\",\"item\":\"https:\/\/www.lavillagardendesign.com\/\"},{\"@type\":\"ListItem\",\"position\":2,\"name\":\"Tienda\",\"item\":\"https:\/\/www.lavillagardendesign.com\/es\/tienda\/\"},{\"@type\":\"ListItem\",\"position\":3,\"name\":\"Sof\u00e1 de exterior de 5 plazas THESEUS Natural\"}]},{\"@type\":\"WebSite\",\"@id\":\"https:\/\/www.lavillagardendesign.com\/#website\",\"url\":\"https:\/\/www.lavillagardendesign.com\/\",\"name\":\"La Villa Garden&Design\",\"description\":\"\",\"publisher\":{\"@id\":\"https:\/\/www.lavillagardendesign.com\/#organization\"},\"potentialAction\":[{\"@type\":\"SearchAction\",\"target\":{\"@type\":\"EntryPoint\",\"urlTemplate\":\"https:\/\/www.lavillagardendesign.com\/?s={search_term_string}\"},\"query-input\":{\"@type\":\"PropertyValueSpecification\",\"valueRequired\":true,\"valueName\":\"search_term_string\"}}],\"inLanguage\":\"es\"},{\"@type\":\"Organization\",\"@id\":\"https:\/\/www.lavillagardendesign.com\/#organization\",\"name\":\"La Villa Garden&Design\",\"url\":\"https:\/\/www.lavillagardendesign.com\/\",\"logo\":{\"@type\":\"ImageObject\",\"inLanguage\":\"es\",\"@id\":\"https:\/\/www.lavillagardendesign.com\/#\/schema\/logo\/image\/\",\"url\":\"https:\/\/www.lavillagardendesign.com\/wp-content\/uploads\/2024\/04\/logolavilla.png\",\"contentUrl\":\"https:\/\/www.lavillagardendesign.com\/wp-content\/uploads\/2024\/04\/logolavilla.png\",\"width\":682,\"height\":391,\"caption\":\"La Villa Garden&Design\"},\"image\":{\"@id\":\"https:\/\/www.lavillagardendesign.com\/#\/schema\/logo\/image\/\"},\"sameAs\":[\"https:\/\/www.facebook.com\/lavillagardendesign\/\"]}]}<\/script>\n<!-- \/ Yoast SEO plugin. -->","yoast_head_json":{"title":"Sof\u00e1 de exterior de 5 plazas THESEUS Natural - La Villa Garden&amp;Design","robots":{"index":"index","follow":"follow","max-snippet":"max-snippet:-1","max-image-preview":"max-image-preview:large","max-video-preview":"max-video-preview:-1"},"canonical":"https:\/\/www.lavillagardendesign.com\/es\/producto\/sofa-de-exterior-de-5-plazas-theseus-natural\/","og_locale":"es_ES","og_type":"article","og_title":"Sof\u00e1 de exterior de 5 plazas THESEUS Natural - La Villa Garden&amp;Design","og_description":"El conjunto de sof\u00e1s THESEUS Natural aporta elegancia y funcionalidad a cualquier espacio exterior. Fabricado en aluminio con recubrimiento en polvo y acabado realista con efecto madera, es perfecto para jardines, patios o terrazas. El conjunto incluye cojines desenfundables con tejido Spunpoly hidr\u00f3fugo (100% poli\u00e9ster) y relleno de espuma de secado r\u00e1pido. Las patas ajustables y los herrajes de acero inoxidable garantizan su durabilidad. Mesa de centro incluida, f\u00e1cil de montar.  Caracter\u00edsticas principales - Conjunto de sof\u00e1 para exterior de 5 plazas - Estructura de aluminio con efecto madera - Cojines extra\u00edbles e hidr\u00f3fugos - Relleno de espuma de secado r\u00e1pido (Fast Dry Foam) - Herrajes de acero inoxidable - Incluye mesa de centro (requiere montaje) - Patas regulables - Peso total: 77,2 kg Dimensiones (cm) - Sof\u00e1 individual: 73 A x 79 P x 77 Alt - Sof\u00e1 doble: 203 A x 79 P x 77 Alt - Mesa de centro: 130 ancho x 73,5 fondo x 38 alto","og_url":"https:\/\/www.lavillagardendesign.com\/es\/producto\/sofa-de-exterior-de-5-plazas-theseus-natural\/","og_site_name":"La Villa Garden&amp;Design","article_publisher":"https:\/\/www.facebook.com\/lavillagardendesign\/","article_modified_time":"2026-02-23T09:41:32+00:00","og_image":[{"width":700,"height":800,"url":"https:\/\/www.lavillagardendesign.com\/wp-content\/uploads\/2025\/06\/thes.jpg","type":"image\/jpeg"}],"twitter_card":"summary_large_image","schema":{"@context":"https:\/\/schema.org","@graph":[{"@type":"WebPage","@id":"https:\/\/www.lavillagardendesign.com\/es\/producto\/sofa-de-exterior-de-5-plazas-theseus-natural\/","url":"https:\/\/www.lavillagardendesign.com\/es\/producto\/sofa-de-exterior-de-5-plazas-theseus-natural\/","name":"Sof\u00e1 de exterior de 5 plazas THESEUS Natural - La Villa Garden&amp;Design","isPartOf":{"@id":"https:\/\/www.lavillagardendesign.com\/#website"},"primaryImageOfPage":{"@id":"https:\/\/www.lavillagardendesign.com\/es\/producto\/sofa-de-exterior-de-5-plazas-theseus-natural\/#primaryimage"},"image":{"@id":"https:\/\/www.lavillagardendesign.com\/es\/producto\/sofa-de-exterior-de-5-plazas-theseus-natural\/#primaryimage"},"thumbnailUrl":"https:\/\/www.lavillagardendesign.com\/wp-content\/uploads\/2025\/06\/thes.jpg","datePublished":"2025-06-14T08:40:20+00:00","dateModified":"2026-02-23T09:41:32+00:00","breadcrumb":{"@id":"https:\/\/www.lavillagardendesign.com\/es\/producto\/sofa-de-exterior-de-5-plazas-theseus-natural\/#breadcrumb"},"inLanguage":"es","potentialAction":[{"@type":"ReadAction","target":["https:\/\/www.lavillagardendesign.com\/es\/producto\/sofa-de-exterior-de-5-plazas-theseus-natural\/"]}]},{"@type":"ImageObject","inLanguage":"es","@id":"https:\/\/www.lavillagardendesign.com\/es\/producto\/sofa-de-exterior-de-5-plazas-theseus-natural\/#primaryimage","url":"https:\/\/www.lavillagardendesign.com\/wp-content\/uploads\/2025\/06\/thes.jpg","contentUrl":"https:\/\/www.lavillagardendesign.com\/wp-content\/uploads\/2025\/06\/thes.jpg","width":700,"height":800},{"@type":"BreadcrumbList","@id":"https:\/\/www.lavillagardendesign.com\/es\/producto\/sofa-de-exterior-de-5-plazas-theseus-natural\/#breadcrumb","itemListElement":[{"@type":"ListItem","position":1,"name":"Home","item":"https:\/\/www.lavillagardendesign.com\/"},{"@type":"ListItem","position":2,"name":"Tienda","item":"https:\/\/www.lavillagardendesign.com\/es\/tienda\/"},{"@type":"ListItem","position":3,"name":"Sof\u00e1 de exterior de 5 plazas THESEUS Natural"}]},{"@type":"WebSite","@id":"https:\/\/www.lavillagardendesign.com\/#website","url":"https:\/\/www.lavillagardendesign.com\/","name":"La Villa Garden&Design","description":"","publisher":{"@id":"https:\/\/www.lavillagardendesign.com\/#organization"},"potentialAction":[{"@type":"SearchAction","target":{"@type":"EntryPoint","urlTemplate":"https:\/\/www.lavillagardendesign.com\/?s={search_term_string}"},"query-input":{"@type":"PropertyValueSpecification","valueRequired":true,"valueName":"search_term_string"}}],"inLanguage":"es"},{"@type":"Organization","@id":"https:\/\/www.lavillagardendesign.com\/#organization","name":"La Villa Garden&Design","url":"https:\/\/www.lavillagardendesign.com\/","logo":{"@type":"ImageObject","inLanguage":"es","@id":"https:\/\/www.lavillagardendesign.com\/#\/schema\/logo\/image\/","url":"https:\/\/www.lavillagardendesign.com\/wp-content\/uploads\/2024\/04\/logolavilla.png","contentUrl":"https:\/\/www.lavillagardendesign.com\/wp-content\/uploads\/2024\/04\/logolavilla.png","width":682,"height":391,"caption":"La Villa Garden&Design"},"image":{"@id":"https:\/\/www.lavillagardendesign.com\/#\/schema\/logo\/image\/"},"sameAs":["https:\/\/www.facebook.com\/lavillagardendesign\/"]}]}},"_links":{"self":[{"href":"https:\/\/www.lavillagardendesign.com\/es\/wp-json\/wp\/v2\/product\/55409","targetHints":{"allow":["GET"]}}],"collection":[{"href":"https:\/\/www.lavillagardendesign.com\/es\/wp-json\/wp\/v2\/product"}],"about":[{"href":"https:\/\/www.lavillagardendesign.com\/es\/wp-json\/wp\/v2\/types\/product"}],"replies":[{"embeddable":true,"href":"https:\/\/www.lavillagardendesign.com\/es\/wp-json\/wp\/v2\/comments?post=55409"}],"version-history":[{"count":1,"href":"https:\/\/www.lavillagardendesign.com\/es\/wp-json\/wp\/v2\/product\/55409\/revisions"}],"predecessor-version":[{"id":63717,"href":"https:\/\/www.lavillagardendesign.com\/es\/wp-json\/wp\/v2\/product\/55409\/revisions\/63717"}],"wp:featuredmedia":[{"embeddable":true,"href":"https:\/\/www.lavillagardendesign.com\/es\/wp-json\/wp\/v2\/media\/55186"}],"wp:attachment":[{"href":"https:\/\/www.lavillagardendesign.com\/es\/wp-json\/wp\/v2\/media?parent=55409"}],"wp:term":[{"taxonomy":"product_brand","embeddable":true,"href":"https:\/\/www.lavillagardendesign.com\/es\/wp-json\/wp\/v2\/product_brand?post=55409"},{"taxonomy":"product_cat","embeddable":true,"href":"https:\/\/www.lavillagardendesign.com\/es\/wp-json\/wp\/v2\/product_cat?post=55409"},{"taxonomy":"product_tag","embeddable":true,"href":"https:\/\/www.lavillagardendesign.com\/es\/wp-json\/wp\/v2\/product_tag?post=55409"}],"curies":[{"name":"wp","href":"https:\/\/api.w.org\/{rel}","templated":true}]}}