{"id":54212,"date":"2025-05-18T20:36:48","date_gmt":"2025-05-18T19:36:48","guid":{"rendered":"https:\/\/www.lavillagardendesign.com\/product\/colima-mesa-de-exterior-de-composite\/"},"modified":"2026-02-23T11:41:20","modified_gmt":"2026-02-23T09:41:20","slug":"colima-mesa-de-exterior-de-composite","status":"publish","type":"product","link":"https:\/\/www.lavillagardendesign.com\/es\/producto\/colima-mesa-de-exterior-de-composite\/","title":{"rendered":"COLIMA &#8211; Mesa de exterior de composite"},"content":{"rendered":"","protected":false},"excerpt":{"rendered":"<p class=\"\" data-start=\"47\" data-end=\"172\">Si quieres crear un ambiente especial en tu espacio exterior, <strong data-start=\"114\" data-end=\"151\">las hogueras y quemadores NORA FLAMES<\/strong> son la elecci\u00f3n ideal.<\/p>\n<ul data-start=\"174\" data-end=\"624\">\n<li class=\"\" data-start=\"174\" data-end=\"291\">\n<p class=\"\" data-start=\"176\" data-end=\"291\">Los quemadores son de <strong data-start=\"200\" data-end=\"223\">acero inoxidable 304<\/strong> con acabado pulido de 1 mm, dise\u00f1ados espec\u00edficamente para su uso en exteriores.<\/p>\n<\/li>\n<li class=\"\" data-start=\"292\" data-end=\"356\">\n<p class=\"\" data-start=\"294\" data-end=\"356\">Incluye el <strong data-start=\"303\" data-end=\"327\">cabezal del quemador y la manguera<\/strong> para la conexi\u00f3n de la botella de GLP.<\/p>\n<\/li>\n<li class=\"\" data-start=\"357\" data-end=\"431\">\n<p class=\"\" data-start=\"359\" data-end=\"431\"><strong data-start=\"359\" data-end=\"384\">Encendido piezoel\u00e9ctrico manual<\/strong>, con sistema de chispa y control manual de la llama.<\/p>\n<\/li>\n<li class=\"\" data-start=\"432\" data-end=\"527\">\n<p class=\"\" data-start=\"434\" data-end=\"527\">Funciona con <strong data-start=\"446\" data-end=\"453\">GLP<\/strong> (puede convertirse a <strong data-start=\"475\" data-end=\"490\">gas natural<\/strong> mediante un kit de conversi\u00f3n opcional).<\/p>\n<\/li>\n<li class=\"\" data-start=\"528\" data-end=\"624\">\n<p class=\"\" data-start=\"530\" data-end=\"624\">Los quemadores disponen de <strong data-start=\"550\" data-end=\"579\">canales internos cruzados<\/strong>, que garantizan una llama distribuida m\u00e1s uniformemente.<\/p>\n<\/li>\n<\/ul>\n<p class=\"\" data-start=\"626\" data-end=\"777\">El <strong data-start=\"630\" data-end=\"647\">compuesto GRC<\/strong> utilizado en la mesa COLIMA es de alta calidad, con coloraci\u00f3n negra mezclada con el material para ayudar a disimular las marcas o rozaduras del uso.<\/p>\n<p class=\"\" data-start=\"779\" data-end=\"819\">La <strong data-start=\"783\" data-end=\"809\">tabla compuesta COLIMA<\/strong> incluye:<\/p>\n<ul data-start=\"820\" data-end=\"862\">\n<li class=\"\" data-start=\"820\" data-end=\"839\">\n<p class=\"\" data-start=\"822\" data-end=\"839\"><strong data-start=\"822\" data-end=\"837\">Piedras de lava<\/strong><\/p>\n<\/li>\n<li class=\"\" data-start=\"840\" data-end=\"862\">\n<p class=\"\" data-start=\"842\" data-end=\"862\"><strong data-start=\"842\" data-end=\"862\">Funda protectora<\/strong><\/p>\n<\/li>\n<\/ul>\n<p class=\"\" data-start=\"864\" data-end=\"925\"><strong data-start=\"864\" data-end=\"877\">Opcional:<\/strong> Para los d\u00edas ventosos hay disponibles cortavientos de cristal.<\/p>\n","protected":false},"featured_media":54189,"comment_status":"open","ping_status":"closed","template":"","meta":[],"product_brand":[4998],"product_cat":[4775,6833],"product_tag":[],"class_list":{"0":"post-54212","1":"product","2":"type-product","3":"status-publish","4":"has-post-thumbnail","6":"product_brand-la-villa","7":"product_cat-barbacoa","8":"product_cat-outdoor-es","10":"first","11":"instock","12":"taxable","13":"shipping-taxable","14":"purchasable","15":"product-type-simple"},"yoast_head":"<!-- This site is optimized with the Yoast SEO plugin v27.4 - https:\/\/yoast.com\/product\/yoast-seo-wordpress\/ -->\n<title>COLIMA - Mesa de exterior de composite - La Villa Garden&amp;Design<\/title>\n<meta name=\"robots\" content=\"index, follow, max-snippet:-1, max-image-preview:large, max-video-preview:-1\" \/>\n<link rel=\"canonical\" href=\"https:\/\/www.lavillagardendesign.com\/es\/producto\/colima-mesa-de-exterior-de-composite\/\" \/>\n<meta property=\"og:locale\" content=\"es_ES\" \/>\n<meta property=\"og:type\" content=\"article\" \/>\n<meta property=\"og:title\" content=\"COLIMA - Mesa de exterior de composite - La Villa Garden&amp;Design\" \/>\n<meta property=\"og:description\" content=\"Si quieres crear un ambiente especial en tu espacio exterior, las hogueras y quemadores NORA FLAMES son la elecci\u00f3n ideal.   Los quemadores son de acero inoxidable 304 con acabado pulido de 1 mm, dise\u00f1ados espec\u00edficamente para su uso en exteriores.   Incluye el cabezal del quemador y la manguera para la conexi\u00f3n de la botella de GLP.   Encendido piezoel\u00e9ctrico manual, con sistema de chispa y control manual de la llama.   Funciona con GLP (puede convertirse a gas natural mediante un kit de conversi\u00f3n opcional).   Los quemadores disponen de canales internos cruzados, que garantizan una llama distribuida m\u00e1s uniformemente.  El compuesto GRC utilizado en la mesa COLIMA es de alta calidad, con coloraci\u00f3n negra mezclada con el material para ayudar a disimular las marcas o rozaduras del uso. La tabla compuesta COLIMA incluye:   Piedras de lava   Funda protectora  Opcional: Para los d\u00edas ventosos hay disponibles cortavientos de cristal.\" \/>\n<meta property=\"og:url\" content=\"https:\/\/www.lavillagardendesign.com\/es\/producto\/colima-mesa-de-exterior-de-composite\/\" \/>\n<meta property=\"og:site_name\" content=\"La Villa Garden&amp;Design\" \/>\n<meta property=\"article:publisher\" content=\"https:\/\/www.facebook.com\/lavillagardendesign\/\" \/>\n<meta property=\"article:modified_time\" content=\"2026-02-23T09:41:20+00:00\" \/>\n<meta property=\"og:image\" content=\"https:\/\/www.lavillagardendesign.com\/wp-content\/uploads\/2025\/05\/1-2.jpg\" \/>\n\t<meta property=\"og:image:width\" content=\"800\" \/>\n\t<meta property=\"og:image:height\" content=\"800\" \/>\n\t<meta property=\"og:image:type\" content=\"image\/jpeg\" \/>\n<meta name=\"twitter:card\" content=\"summary_large_image\" \/>\n<script type=\"application\/ld+json\" class=\"yoast-schema-graph\">{\"@context\":\"https:\\\/\\\/schema.org\",\"@graph\":[{\"@type\":\"WebPage\",\"@id\":\"https:\\\/\\\/www.lavillagardendesign.com\\\/es\\\/producto\\\/colima-mesa-de-exterior-de-composite\\\/\",\"url\":\"https:\\\/\\\/www.lavillagardendesign.com\\\/es\\\/producto\\\/colima-mesa-de-exterior-de-composite\\\/\",\"name\":\"COLIMA - Mesa de exterior de composite - La Villa Garden&amp;Design\",\"isPartOf\":{\"@id\":\"https:\\\/\\\/www.lavillagardendesign.com\\\/#website\"},\"primaryImageOfPage\":{\"@id\":\"https:\\\/\\\/www.lavillagardendesign.com\\\/es\\\/producto\\\/colima-mesa-de-exterior-de-composite\\\/#primaryimage\"},\"image\":{\"@id\":\"https:\\\/\\\/www.lavillagardendesign.com\\\/es\\\/producto\\\/colima-mesa-de-exterior-de-composite\\\/#primaryimage\"},\"thumbnailUrl\":\"https:\\\/\\\/www.lavillagardendesign.com\\\/wp-content\\\/uploads\\\/2025\\\/05\\\/1-2.jpg\",\"datePublished\":\"2025-05-18T19:36:48+00:00\",\"dateModified\":\"2026-02-23T09:41:20+00:00\",\"breadcrumb\":{\"@id\":\"https:\\\/\\\/www.lavillagardendesign.com\\\/es\\\/producto\\\/colima-mesa-de-exterior-de-composite\\\/#breadcrumb\"},\"inLanguage\":\"es\",\"potentialAction\":[{\"@type\":\"ReadAction\",\"target\":[\"https:\\\/\\\/www.lavillagardendesign.com\\\/es\\\/producto\\\/colima-mesa-de-exterior-de-composite\\\/\"]}]},{\"@type\":\"ImageObject\",\"inLanguage\":\"es\",\"@id\":\"https:\\\/\\\/www.lavillagardendesign.com\\\/es\\\/producto\\\/colima-mesa-de-exterior-de-composite\\\/#primaryimage\",\"url\":\"https:\\\/\\\/www.lavillagardendesign.com\\\/wp-content\\\/uploads\\\/2025\\\/05\\\/1-2.jpg\",\"contentUrl\":\"https:\\\/\\\/www.lavillagardendesign.com\\\/wp-content\\\/uploads\\\/2025\\\/05\\\/1-2.jpg\",\"width\":800,\"height\":800},{\"@type\":\"BreadcrumbList\",\"@id\":\"https:\\\/\\\/www.lavillagardendesign.com\\\/es\\\/producto\\\/colima-mesa-de-exterior-de-composite\\\/#breadcrumb\",\"itemListElement\":[{\"@type\":\"ListItem\",\"position\":1,\"name\":\"Home\",\"item\":\"https:\\\/\\\/www.lavillagardendesign.com\\\/\"},{\"@type\":\"ListItem\",\"position\":2,\"name\":\"Tienda\",\"item\":\"https:\\\/\\\/www.lavillagardendesign.com\\\/es\\\/tienda\\\/\"},{\"@type\":\"ListItem\",\"position\":3,\"name\":\"COLIMA &#8211; Mesa de exterior de composite\"}]},{\"@type\":\"WebSite\",\"@id\":\"https:\\\/\\\/www.lavillagardendesign.com\\\/#website\",\"url\":\"https:\\\/\\\/www.lavillagardendesign.com\\\/\",\"name\":\"La Villa Garden&Design\",\"description\":\"\",\"publisher\":{\"@id\":\"https:\\\/\\\/www.lavillagardendesign.com\\\/#organization\"},\"potentialAction\":[{\"@type\":\"SearchAction\",\"target\":{\"@type\":\"EntryPoint\",\"urlTemplate\":\"https:\\\/\\\/www.lavillagardendesign.com\\\/?s={search_term_string}\"},\"query-input\":{\"@type\":\"PropertyValueSpecification\",\"valueRequired\":true,\"valueName\":\"search_term_string\"}}],\"inLanguage\":\"es\"},{\"@type\":\"Organization\",\"@id\":\"https:\\\/\\\/www.lavillagardendesign.com\\\/#organization\",\"name\":\"La Villa Garden&Design\",\"url\":\"https:\\\/\\\/www.lavillagardendesign.com\\\/\",\"logo\":{\"@type\":\"ImageObject\",\"inLanguage\":\"es\",\"@id\":\"https:\\\/\\\/www.lavillagardendesign.com\\\/#\\\/schema\\\/logo\\\/image\\\/\",\"url\":\"https:\\\/\\\/www.lavillagardendesign.com\\\/wp-content\\\/uploads\\\/2024\\\/04\\\/logolavilla.png\",\"contentUrl\":\"https:\\\/\\\/www.lavillagardendesign.com\\\/wp-content\\\/uploads\\\/2024\\\/04\\\/logolavilla.png\",\"width\":682,\"height\":391,\"caption\":\"La Villa Garden&Design\"},\"image\":{\"@id\":\"https:\\\/\\\/www.lavillagardendesign.com\\\/#\\\/schema\\\/logo\\\/image\\\/\"},\"sameAs\":[\"https:\\\/\\\/www.facebook.com\\\/lavillagardendesign\\\/\"]}]}<\/script>\n<!-- \/ Yoast SEO plugin. -->","yoast_head_json":{"title":"COLIMA - Mesa de exterior de composite - La Villa Garden&amp;Design","robots":{"index":"index","follow":"follow","max-snippet":"max-snippet:-1","max-image-preview":"max-image-preview:large","max-video-preview":"max-video-preview:-1"},"canonical":"https:\/\/www.lavillagardendesign.com\/es\/producto\/colima-mesa-de-exterior-de-composite\/","og_locale":"es_ES","og_type":"article","og_title":"COLIMA - Mesa de exterior de composite - La Villa Garden&amp;Design","og_description":"Si quieres crear un ambiente especial en tu espacio exterior, las hogueras y quemadores NORA FLAMES son la elecci\u00f3n ideal.   Los quemadores son de acero inoxidable 304 con acabado pulido de 1 mm, dise\u00f1ados espec\u00edficamente para su uso en exteriores.   Incluye el cabezal del quemador y la manguera para la conexi\u00f3n de la botella de GLP.   Encendido piezoel\u00e9ctrico manual, con sistema de chispa y control manual de la llama.   Funciona con GLP (puede convertirse a gas natural mediante un kit de conversi\u00f3n opcional).   Los quemadores disponen de canales internos cruzados, que garantizan una llama distribuida m\u00e1s uniformemente.  El compuesto GRC utilizado en la mesa COLIMA es de alta calidad, con coloraci\u00f3n negra mezclada con el material para ayudar a disimular las marcas o rozaduras del uso. La tabla compuesta COLIMA incluye:   Piedras de lava   Funda protectora  Opcional: Para los d\u00edas ventosos hay disponibles cortavientos de cristal.","og_url":"https:\/\/www.lavillagardendesign.com\/es\/producto\/colima-mesa-de-exterior-de-composite\/","og_site_name":"La Villa Garden&amp;Design","article_publisher":"https:\/\/www.facebook.com\/lavillagardendesign\/","article_modified_time":"2026-02-23T09:41:20+00:00","og_image":[{"width":800,"height":800,"url":"https:\/\/www.lavillagardendesign.com\/wp-content\/uploads\/2025\/05\/1-2.jpg","type":"image\/jpeg"}],"twitter_card":"summary_large_image","schema":{"@context":"https:\/\/schema.org","@graph":[{"@type":"WebPage","@id":"https:\/\/www.lavillagardendesign.com\/es\/producto\/colima-mesa-de-exterior-de-composite\/","url":"https:\/\/www.lavillagardendesign.com\/es\/producto\/colima-mesa-de-exterior-de-composite\/","name":"COLIMA - Mesa de exterior de composite - La Villa Garden&amp;Design","isPartOf":{"@id":"https:\/\/www.lavillagardendesign.com\/#website"},"primaryImageOfPage":{"@id":"https:\/\/www.lavillagardendesign.com\/es\/producto\/colima-mesa-de-exterior-de-composite\/#primaryimage"},"image":{"@id":"https:\/\/www.lavillagardendesign.com\/es\/producto\/colima-mesa-de-exterior-de-composite\/#primaryimage"},"thumbnailUrl":"https:\/\/www.lavillagardendesign.com\/wp-content\/uploads\/2025\/05\/1-2.jpg","datePublished":"2025-05-18T19:36:48+00:00","dateModified":"2026-02-23T09:41:20+00:00","breadcrumb":{"@id":"https:\/\/www.lavillagardendesign.com\/es\/producto\/colima-mesa-de-exterior-de-composite\/#breadcrumb"},"inLanguage":"es","potentialAction":[{"@type":"ReadAction","target":["https:\/\/www.lavillagardendesign.com\/es\/producto\/colima-mesa-de-exterior-de-composite\/"]}]},{"@type":"ImageObject","inLanguage":"es","@id":"https:\/\/www.lavillagardendesign.com\/es\/producto\/colima-mesa-de-exterior-de-composite\/#primaryimage","url":"https:\/\/www.lavillagardendesign.com\/wp-content\/uploads\/2025\/05\/1-2.jpg","contentUrl":"https:\/\/www.lavillagardendesign.com\/wp-content\/uploads\/2025\/05\/1-2.jpg","width":800,"height":800},{"@type":"BreadcrumbList","@id":"https:\/\/www.lavillagardendesign.com\/es\/producto\/colima-mesa-de-exterior-de-composite\/#breadcrumb","itemListElement":[{"@type":"ListItem","position":1,"name":"Home","item":"https:\/\/www.lavillagardendesign.com\/"},{"@type":"ListItem","position":2,"name":"Tienda","item":"https:\/\/www.lavillagardendesign.com\/es\/tienda\/"},{"@type":"ListItem","position":3,"name":"COLIMA &#8211; Mesa de exterior de composite"}]},{"@type":"WebSite","@id":"https:\/\/www.lavillagardendesign.com\/#website","url":"https:\/\/www.lavillagardendesign.com\/","name":"La Villa Garden&Design","description":"","publisher":{"@id":"https:\/\/www.lavillagardendesign.com\/#organization"},"potentialAction":[{"@type":"SearchAction","target":{"@type":"EntryPoint","urlTemplate":"https:\/\/www.lavillagardendesign.com\/?s={search_term_string}"},"query-input":{"@type":"PropertyValueSpecification","valueRequired":true,"valueName":"search_term_string"}}],"inLanguage":"es"},{"@type":"Organization","@id":"https:\/\/www.lavillagardendesign.com\/#organization","name":"La Villa Garden&Design","url":"https:\/\/www.lavillagardendesign.com\/","logo":{"@type":"ImageObject","inLanguage":"es","@id":"https:\/\/www.lavillagardendesign.com\/#\/schema\/logo\/image\/","url":"https:\/\/www.lavillagardendesign.com\/wp-content\/uploads\/2024\/04\/logolavilla.png","contentUrl":"https:\/\/www.lavillagardendesign.com\/wp-content\/uploads\/2024\/04\/logolavilla.png","width":682,"height":391,"caption":"La Villa Garden&Design"},"image":{"@id":"https:\/\/www.lavillagardendesign.com\/#\/schema\/logo\/image\/"},"sameAs":["https:\/\/www.facebook.com\/lavillagardendesign\/"]}]}},"_links":{"self":[{"href":"https:\/\/www.lavillagardendesign.com\/es\/wp-json\/wp\/v2\/product\/54212","targetHints":{"allow":["GET"]}}],"collection":[{"href":"https:\/\/www.lavillagardendesign.com\/es\/wp-json\/wp\/v2\/product"}],"about":[{"href":"https:\/\/www.lavillagardendesign.com\/es\/wp-json\/wp\/v2\/types\/product"}],"replies":[{"embeddable":true,"href":"https:\/\/www.lavillagardendesign.com\/es\/wp-json\/wp\/v2\/comments?post=54212"}],"version-history":[{"count":1,"href":"https:\/\/www.lavillagardendesign.com\/es\/wp-json\/wp\/v2\/product\/54212\/revisions"}],"predecessor-version":[{"id":63693,"href":"https:\/\/www.lavillagardendesign.com\/es\/wp-json\/wp\/v2\/product\/54212\/revisions\/63693"}],"wp:featuredmedia":[{"embeddable":true,"href":"https:\/\/www.lavillagardendesign.com\/es\/wp-json\/wp\/v2\/media\/54189"}],"wp:attachment":[{"href":"https:\/\/www.lavillagardendesign.com\/es\/wp-json\/wp\/v2\/media?parent=54212"}],"wp:term":[{"taxonomy":"product_brand","embeddable":true,"href":"https:\/\/www.lavillagardendesign.com\/es\/wp-json\/wp\/v2\/product_brand?post=54212"},{"taxonomy":"product_cat","embeddable":true,"href":"https:\/\/www.lavillagardendesign.com\/es\/wp-json\/wp\/v2\/product_cat?post=54212"},{"taxonomy":"product_tag","embeddable":true,"href":"https:\/\/www.lavillagardendesign.com\/es\/wp-json\/wp\/v2\/product_tag?post=54212"}],"curies":[{"name":"wp","href":"https:\/\/api.w.org\/{rel}","templated":true}]}}