{"id":54127,"date":"2025-05-11T15:18:17","date_gmt":"2025-05-11T14:18:17","guid":{"rendered":"https:\/\/www.lavillagardendesign.com\/product\/modern-60-plancha-de-asar-a-gas\/"},"modified":"2026-02-23T11:41:15","modified_gmt":"2026-02-23T09:41:15","slug":"modern-60-plancha-de-asar-a-gas","status":"publish","type":"product","link":"https:\/\/www.lavillagardendesign.com\/es\/producto\/modern-60-plancha-de-asar-a-gas\/","title":{"rendered":"MODERN 60 &#8211; Plancha de asar a gas"},"content":{"rendered":"","protected":false},"excerpt":{"rendered":"<p class=\"\" data-start=\"0\" data-end=\"268\"><strong data-start=\"0\" data-end=\"93\">Las planchas Modern llevan la alianza entre dise\u00f1o e innovaci\u00f3n al m\u00e1s alto nivel.<\/strong>  Absolutamente estilizada y elegante, la gama est\u00e1 disponible en versiones el\u00e9ctrica y de gas. El acero fundido esmaltado es un material de muy alta calidad utilizado en la mayor\u00eda de nuestras planchas.<\/p>\n<p class=\"\" data-start=\"270\" data-end=\"550\">Su gran inercia t\u00e9rmica garantiza una excelente retenci\u00f3n del calor y una gran precisi\u00f3n de cocci\u00f3n. Hemos desarrollado un recubrimiento de esmalte espec\u00edfico -neutro e inoxidable- llamado esmalte de calidad Forge Adour. Altamente resistente y no poroso, sella la placa y facilita notablemente su limpieza.  <\/p>\n<ul data-start=\"552\" data-end=\"882\">\n<li class=\"\" data-start=\"552\" data-end=\"583\">\n<p class=\"\" data-start=\"554\" data-end=\"583\">Plancha de hierro fundido esmaltada<\/p>\n<\/li>\n<li class=\"\" data-start=\"584\" data-end=\"625\">\n<p class=\"\" data-start=\"586\" data-end=\"625\">Chasis de acero inoxidable de doble pared<\/p>\n<\/li>\n<li class=\"\" data-start=\"626\" data-end=\"665\">\n<p class=\"\" data-start=\"628\" data-end=\"665\">Bandeja de grasa integrada, capacidad 1L<\/p>\n<\/li>\n<li class=\"\" data-start=\"666\" data-end=\"685\">\n<p class=\"\" data-start=\"668\" data-end=\"685\">Patas ajustables<\/p>\n<\/li>\n<li class=\"\" data-start=\"686\" data-end=\"735\">\n<p class=\"\" data-start=\"688\" data-end=\"735\">Mandos de control con encendido del quemador integrado<\/p>\n<\/li>\n<li class=\"\" data-start=\"736\" data-end=\"770\">\n<p class=\"\" data-start=\"738\" data-end=\"770\">Quemador: gas butano y propano<\/p>\n<\/li>\n<li class=\"\" data-start=\"771\" data-end=\"812\">\n<p class=\"\" data-start=\"773\" data-end=\"812\">Tornillo de ajuste de la inclinaci\u00f3n de la plancha<\/p>\n<\/li>\n<li class=\"\" data-start=\"813\" data-end=\"846\">\n<p class=\"\" data-start=\"815\" data-end=\"846\">Tama\u00f1o ideal para 8 a 10 invitados<\/p>\n<\/li>\n<li class=\"\" data-start=\"847\" data-end=\"882\">\n<p class=\"\" data-start=\"849\" data-end=\"882\">Adecuado para uso interior\/exterior<\/p>\n<\/li>\n<\/ul>\n","protected":false},"featured_media":53937,"comment_status":"open","ping_status":"closed","template":"","meta":[],"product_brand":[4998],"product_cat":[6833,4775],"product_tag":[],"class_list":{"0":"post-54127","1":"product","2":"type-product","3":"status-publish","4":"has-post-thumbnail","6":"product_brand-la-villa","7":"product_cat-outdoor-es","8":"product_cat-barbacoa","10":"first","11":"instock","12":"taxable","13":"shipping-taxable","14":"purchasable","15":"product-type-simple"},"yoast_head":"<!-- This site is optimized with the Yoast SEO plugin v27.1.1 - https:\/\/yoast.com\/product\/yoast-seo-wordpress\/ -->\n<title>MODERN 60 - Plancha de asar a gas - La Villa Garden&amp;Design<\/title>\n<meta name=\"robots\" content=\"index, follow, max-snippet:-1, max-image-preview:large, max-video-preview:-1\" \/>\n<link rel=\"canonical\" href=\"https:\/\/www.lavillagardendesign.com\/es\/producto\/modern-60-plancha-de-asar-a-gas\/\" \/>\n<meta property=\"og:locale\" content=\"es_ES\" \/>\n<meta property=\"og:type\" content=\"article\" \/>\n<meta property=\"og:title\" content=\"MODERN 60 - Plancha de asar a gas - La Villa Garden&amp;Design\" \/>\n<meta property=\"og:description\" content=\"Las planchas Modern llevan la alianza entre dise\u00f1o e innovaci\u00f3n al m\u00e1s alto nivel. Absolutamente estilizada y elegante, la gama est\u00e1 disponible en versiones el\u00e9ctrica y de gas. El acero fundido esmaltado es un material de muy alta calidad utilizado en la mayor\u00eda de nuestras planchas. Su gran inercia t\u00e9rmica garantiza una excelente retenci\u00f3n del calor y una gran precisi\u00f3n de cocci\u00f3n. Hemos desarrollado un recubrimiento de esmalte espec\u00edfico -neutro e inoxidable- llamado esmalte de calidad Forge Adour. Altamente resistente y no poroso, sella la placa y facilita notablemente su limpieza.    Plancha de hierro fundido esmaltada   Chasis de acero inoxidable de doble pared   Bandeja de grasa integrada, capacidad 1L   Patas ajustables   Mandos de control con encendido del quemador integrado   Quemador: gas butano y propano   Tornillo de ajuste de la inclinaci\u00f3n de la plancha   Tama\u00f1o ideal para 8 a 10 invitados   Adecuado para uso interior\/exterior\" \/>\n<meta property=\"og:url\" content=\"https:\/\/www.lavillagardendesign.com\/es\/producto\/modern-60-plancha-de-asar-a-gas\/\" \/>\n<meta property=\"og:site_name\" content=\"La Villa Garden&amp;Design\" \/>\n<meta property=\"article:publisher\" content=\"https:\/\/www.facebook.com\/lavillagardendesign\/\" \/>\n<meta property=\"article:modified_time\" content=\"2026-02-23T09:41:15+00:00\" \/>\n<meta property=\"og:image\" content=\"https:\/\/www.lavillagardendesign.com\/wp-content\/uploads\/2025\/05\/1.jpg\" \/>\n\t<meta property=\"og:image:width\" content=\"800\" \/>\n\t<meta property=\"og:image:height\" content=\"800\" \/>\n\t<meta property=\"og:image:type\" content=\"image\/jpeg\" \/>\n<meta name=\"twitter:card\" content=\"summary_large_image\" \/>\n<script type=\"application\/ld+json\" class=\"yoast-schema-graph\">{\"@context\":\"https:\/\/schema.org\",\"@graph\":[{\"@type\":\"WebPage\",\"@id\":\"https:\/\/www.lavillagardendesign.com\/es\/producto\/modern-60-plancha-de-asar-a-gas\/\",\"url\":\"https:\/\/www.lavillagardendesign.com\/es\/producto\/modern-60-plancha-de-asar-a-gas\/\",\"name\":\"MODERN 60 - Plancha de asar a gas - La Villa Garden&amp;Design\",\"isPartOf\":{\"@id\":\"https:\/\/www.lavillagardendesign.com\/#website\"},\"primaryImageOfPage\":{\"@id\":\"https:\/\/www.lavillagardendesign.com\/es\/producto\/modern-60-plancha-de-asar-a-gas\/#primaryimage\"},\"image\":{\"@id\":\"https:\/\/www.lavillagardendesign.com\/es\/producto\/modern-60-plancha-de-asar-a-gas\/#primaryimage\"},\"thumbnailUrl\":\"https:\/\/www.lavillagardendesign.com\/wp-content\/uploads\/2025\/05\/1.jpg\",\"datePublished\":\"2025-05-11T14:18:17+00:00\",\"dateModified\":\"2026-02-23T09:41:15+00:00\",\"breadcrumb\":{\"@id\":\"https:\/\/www.lavillagardendesign.com\/es\/producto\/modern-60-plancha-de-asar-a-gas\/#breadcrumb\"},\"inLanguage\":\"es\",\"potentialAction\":[{\"@type\":\"ReadAction\",\"target\":[\"https:\/\/www.lavillagardendesign.com\/es\/producto\/modern-60-plancha-de-asar-a-gas\/\"]}]},{\"@type\":\"ImageObject\",\"inLanguage\":\"es\",\"@id\":\"https:\/\/www.lavillagardendesign.com\/es\/producto\/modern-60-plancha-de-asar-a-gas\/#primaryimage\",\"url\":\"https:\/\/www.lavillagardendesign.com\/wp-content\/uploads\/2025\/05\/1.jpg\",\"contentUrl\":\"https:\/\/www.lavillagardendesign.com\/wp-content\/uploads\/2025\/05\/1.jpg\",\"width\":800,\"height\":800},{\"@type\":\"BreadcrumbList\",\"@id\":\"https:\/\/www.lavillagardendesign.com\/es\/producto\/modern-60-plancha-de-asar-a-gas\/#breadcrumb\",\"itemListElement\":[{\"@type\":\"ListItem\",\"position\":1,\"name\":\"Home\",\"item\":\"https:\/\/www.lavillagardendesign.com\/\"},{\"@type\":\"ListItem\",\"position\":2,\"name\":\"Tienda\",\"item\":\"https:\/\/www.lavillagardendesign.com\/es\/tienda\/\"},{\"@type\":\"ListItem\",\"position\":3,\"name\":\"MODERN 60 &#8211; Plancha de asar a gas\"}]},{\"@type\":\"WebSite\",\"@id\":\"https:\/\/www.lavillagardendesign.com\/#website\",\"url\":\"https:\/\/www.lavillagardendesign.com\/\",\"name\":\"La Villa Garden&Design\",\"description\":\"\",\"publisher\":{\"@id\":\"https:\/\/www.lavillagardendesign.com\/#organization\"},\"potentialAction\":[{\"@type\":\"SearchAction\",\"target\":{\"@type\":\"EntryPoint\",\"urlTemplate\":\"https:\/\/www.lavillagardendesign.com\/?s={search_term_string}\"},\"query-input\":{\"@type\":\"PropertyValueSpecification\",\"valueRequired\":true,\"valueName\":\"search_term_string\"}}],\"inLanguage\":\"es\"},{\"@type\":\"Organization\",\"@id\":\"https:\/\/www.lavillagardendesign.com\/#organization\",\"name\":\"La Villa Garden&Design\",\"url\":\"https:\/\/www.lavillagardendesign.com\/\",\"logo\":{\"@type\":\"ImageObject\",\"inLanguage\":\"es\",\"@id\":\"https:\/\/www.lavillagardendesign.com\/#\/schema\/logo\/image\/\",\"url\":\"https:\/\/www.lavillagardendesign.com\/wp-content\/uploads\/2024\/04\/logolavilla.png\",\"contentUrl\":\"https:\/\/www.lavillagardendesign.com\/wp-content\/uploads\/2024\/04\/logolavilla.png\",\"width\":682,\"height\":391,\"caption\":\"La Villa Garden&Design\"},\"image\":{\"@id\":\"https:\/\/www.lavillagardendesign.com\/#\/schema\/logo\/image\/\"},\"sameAs\":[\"https:\/\/www.facebook.com\/lavillagardendesign\/\"]}]}<\/script>\n<!-- \/ Yoast SEO plugin. -->","yoast_head_json":{"title":"MODERN 60 - Plancha de asar a gas - La Villa Garden&amp;Design","robots":{"index":"index","follow":"follow","max-snippet":"max-snippet:-1","max-image-preview":"max-image-preview:large","max-video-preview":"max-video-preview:-1"},"canonical":"https:\/\/www.lavillagardendesign.com\/es\/producto\/modern-60-plancha-de-asar-a-gas\/","og_locale":"es_ES","og_type":"article","og_title":"MODERN 60 - Plancha de asar a gas - La Villa Garden&amp;Design","og_description":"Las planchas Modern llevan la alianza entre dise\u00f1o e innovaci\u00f3n al m\u00e1s alto nivel. Absolutamente estilizada y elegante, la gama est\u00e1 disponible en versiones el\u00e9ctrica y de gas. El acero fundido esmaltado es un material de muy alta calidad utilizado en la mayor\u00eda de nuestras planchas. Su gran inercia t\u00e9rmica garantiza una excelente retenci\u00f3n del calor y una gran precisi\u00f3n de cocci\u00f3n. Hemos desarrollado un recubrimiento de esmalte espec\u00edfico -neutro e inoxidable- llamado esmalte de calidad Forge Adour. Altamente resistente y no poroso, sella la placa y facilita notablemente su limpieza.    Plancha de hierro fundido esmaltada   Chasis de acero inoxidable de doble pared   Bandeja de grasa integrada, capacidad 1L   Patas ajustables   Mandos de control con encendido del quemador integrado   Quemador: gas butano y propano   Tornillo de ajuste de la inclinaci\u00f3n de la plancha   Tama\u00f1o ideal para 8 a 10 invitados   Adecuado para uso interior\/exterior","og_url":"https:\/\/www.lavillagardendesign.com\/es\/producto\/modern-60-plancha-de-asar-a-gas\/","og_site_name":"La Villa Garden&amp;Design","article_publisher":"https:\/\/www.facebook.com\/lavillagardendesign\/","article_modified_time":"2026-02-23T09:41:15+00:00","og_image":[{"width":800,"height":800,"url":"https:\/\/www.lavillagardendesign.com\/wp-content\/uploads\/2025\/05\/1.jpg","type":"image\/jpeg"}],"twitter_card":"summary_large_image","schema":{"@context":"https:\/\/schema.org","@graph":[{"@type":"WebPage","@id":"https:\/\/www.lavillagardendesign.com\/es\/producto\/modern-60-plancha-de-asar-a-gas\/","url":"https:\/\/www.lavillagardendesign.com\/es\/producto\/modern-60-plancha-de-asar-a-gas\/","name":"MODERN 60 - Plancha de asar a gas - La Villa Garden&amp;Design","isPartOf":{"@id":"https:\/\/www.lavillagardendesign.com\/#website"},"primaryImageOfPage":{"@id":"https:\/\/www.lavillagardendesign.com\/es\/producto\/modern-60-plancha-de-asar-a-gas\/#primaryimage"},"image":{"@id":"https:\/\/www.lavillagardendesign.com\/es\/producto\/modern-60-plancha-de-asar-a-gas\/#primaryimage"},"thumbnailUrl":"https:\/\/www.lavillagardendesign.com\/wp-content\/uploads\/2025\/05\/1.jpg","datePublished":"2025-05-11T14:18:17+00:00","dateModified":"2026-02-23T09:41:15+00:00","breadcrumb":{"@id":"https:\/\/www.lavillagardendesign.com\/es\/producto\/modern-60-plancha-de-asar-a-gas\/#breadcrumb"},"inLanguage":"es","potentialAction":[{"@type":"ReadAction","target":["https:\/\/www.lavillagardendesign.com\/es\/producto\/modern-60-plancha-de-asar-a-gas\/"]}]},{"@type":"ImageObject","inLanguage":"es","@id":"https:\/\/www.lavillagardendesign.com\/es\/producto\/modern-60-plancha-de-asar-a-gas\/#primaryimage","url":"https:\/\/www.lavillagardendesign.com\/wp-content\/uploads\/2025\/05\/1.jpg","contentUrl":"https:\/\/www.lavillagardendesign.com\/wp-content\/uploads\/2025\/05\/1.jpg","width":800,"height":800},{"@type":"BreadcrumbList","@id":"https:\/\/www.lavillagardendesign.com\/es\/producto\/modern-60-plancha-de-asar-a-gas\/#breadcrumb","itemListElement":[{"@type":"ListItem","position":1,"name":"Home","item":"https:\/\/www.lavillagardendesign.com\/"},{"@type":"ListItem","position":2,"name":"Tienda","item":"https:\/\/www.lavillagardendesign.com\/es\/tienda\/"},{"@type":"ListItem","position":3,"name":"MODERN 60 &#8211; Plancha de asar a gas"}]},{"@type":"WebSite","@id":"https:\/\/www.lavillagardendesign.com\/#website","url":"https:\/\/www.lavillagardendesign.com\/","name":"La Villa Garden&Design","description":"","publisher":{"@id":"https:\/\/www.lavillagardendesign.com\/#organization"},"potentialAction":[{"@type":"SearchAction","target":{"@type":"EntryPoint","urlTemplate":"https:\/\/www.lavillagardendesign.com\/?s={search_term_string}"},"query-input":{"@type":"PropertyValueSpecification","valueRequired":true,"valueName":"search_term_string"}}],"inLanguage":"es"},{"@type":"Organization","@id":"https:\/\/www.lavillagardendesign.com\/#organization","name":"La Villa Garden&Design","url":"https:\/\/www.lavillagardendesign.com\/","logo":{"@type":"ImageObject","inLanguage":"es","@id":"https:\/\/www.lavillagardendesign.com\/#\/schema\/logo\/image\/","url":"https:\/\/www.lavillagardendesign.com\/wp-content\/uploads\/2024\/04\/logolavilla.png","contentUrl":"https:\/\/www.lavillagardendesign.com\/wp-content\/uploads\/2024\/04\/logolavilla.png","width":682,"height":391,"caption":"La Villa Garden&Design"},"image":{"@id":"https:\/\/www.lavillagardendesign.com\/#\/schema\/logo\/image\/"},"sameAs":["https:\/\/www.facebook.com\/lavillagardendesign\/"]}]}},"_links":{"self":[{"href":"https:\/\/www.lavillagardendesign.com\/es\/wp-json\/wp\/v2\/product\/54127","targetHints":{"allow":["GET"]}}],"collection":[{"href":"https:\/\/www.lavillagardendesign.com\/es\/wp-json\/wp\/v2\/product"}],"about":[{"href":"https:\/\/www.lavillagardendesign.com\/es\/wp-json\/wp\/v2\/types\/product"}],"replies":[{"embeddable":true,"href":"https:\/\/www.lavillagardendesign.com\/es\/wp-json\/wp\/v2\/comments?post=54127"}],"version-history":[{"count":1,"href":"https:\/\/www.lavillagardendesign.com\/es\/wp-json\/wp\/v2\/product\/54127\/revisions"}],"predecessor-version":[{"id":63684,"href":"https:\/\/www.lavillagardendesign.com\/es\/wp-json\/wp\/v2\/product\/54127\/revisions\/63684"}],"wp:featuredmedia":[{"embeddable":true,"href":"https:\/\/www.lavillagardendesign.com\/es\/wp-json\/wp\/v2\/media\/53937"}],"wp:attachment":[{"href":"https:\/\/www.lavillagardendesign.com\/es\/wp-json\/wp\/v2\/media?parent=54127"}],"wp:term":[{"taxonomy":"product_brand","embeddable":true,"href":"https:\/\/www.lavillagardendesign.com\/es\/wp-json\/wp\/v2\/product_brand?post=54127"},{"taxonomy":"product_cat","embeddable":true,"href":"https:\/\/www.lavillagardendesign.com\/es\/wp-json\/wp\/v2\/product_cat?post=54127"},{"taxonomy":"product_tag","embeddable":true,"href":"https:\/\/www.lavillagardendesign.com\/es\/wp-json\/wp\/v2\/product_tag?post=54127"}],"curies":[{"name":"wp","href":"https:\/\/api.w.org\/{rel}","templated":true}]}}