{"id":54125,"date":"2025-05-11T16:30:57","date_gmt":"2025-05-11T15:30:57","guid":{"rendered":"https:\/\/www.lavillagardendesign.com\/product\/bonpizza-horno-piedra-para-pizza\/"},"modified":"2026-02-23T11:41:20","modified_gmt":"2026-02-23T09:41:20","slug":"bonpizza-horno-piedra-para-pizza","status":"publish","type":"product","link":"https:\/\/www.lavillagardendesign.com\/es\/producto\/bonpizza-horno-piedra-para-pizza\/","title":{"rendered":"BONPIZZA &#8211; Horno + Piedra para Pizza"},"content":{"rendered":"","protected":false},"excerpt":{"rendered":"<p class=\"\" data-start=\"175\" data-end=\"383\">Si hay un grupo de cocci\u00f3n para exteriores que est\u00e1 muy de moda hoy en d\u00eda, \u00e9se es el horno de pizza. Al ser de le\u00f1a, el grupo de cocci\u00f3n BonFeu BonBiza y BonBowl es perfectamente adecuado para hacer las pizzas m\u00e1s deliciosas. <\/p>\n<p class=\"\" data-start=\"385\" data-end=\"692\">Prepara pizzas crujientes en tu propio horno para pizzas BonBiza. Coloca la BonPizza sobre el fuego utilizando el soporte BonBiza y deja que se caliente adecuadamente. El pr\u00e1ctico term\u00f3metro de la parte superior muestra la temperatura del interior del horno para pizzas. Una vez que el horno est\u00e9 caliente, puedes a\u00f1adir tus pizzas y disfrutar de deliciosos resultados al horno.   <\/p>\n<p class=\"\" data-start=\"694\" data-end=\"851\">El horno se abre levantando o girando la tapa hasta que el horno para pizza muestre una abertura. La tapa es f\u00e1cil de levantar gracias al asa grande que no se calienta. <\/p>\n<p class=\"\" data-start=\"853\" data-end=\"919\">El horno para pizza consta de una placa base, una piedra para pizza y una tapa.<\/p>\n<p class=\"\" data-start=\"921\" data-end=\"1106\"><strong data-start=\"921\" data-end=\"930\">Nota:<\/strong> La BonPizza s\u00f3lo puede utilizarse en combinaci\u00f3n con el soporte BonFeu adecuado. La BonPizza no funciona bien en la plancha de 60 cm porque no recibe suficiente ox\u00edgeno. <\/p>\n<p class=\"\" data-start=\"1108\" data-end=\"1535\">\u2713 Adecuado para las BonFeu BonBiza y BonPlanchas en cubas de fuego de 80, 100 y 120 cm<br data-start=\"1191\" data-end=\"1194\">\u2713 Primero aviva bien el fuego para alcanzar la temperatura \u00f3ptima y, a continuaci\u00f3n, coloca el horno para pizza<br data-start=\"1277\" data-end=\"1280\">\u2713 F\u00e1cil de colocar sobre el fuego con el soporte<br data-start=\"1324\" data-end=\"1327\">\u2713 Fabricado en acero duradero de alta calidad<br data-start=\"1364\" data-end=\"1367\">\u2713 \u00d8 42 cm<br data-start=\"1376\" data-end=\"1379\">\u2713 Tapa con asa resistente al calor para un manejo seguro<br data-start=\"1429\" data-end=\"1432\">\u2713 Incluye piedra para pizza para obtener pizzas crujientes<br data-start=\"1472\" data-end=\"1475\">\u2713 Accesorios BonFeu opcionales: pelador de pizza y cortador de pizza<\/p>\n","protected":false},"featured_media":54104,"comment_status":"open","ping_status":"closed","template":"","meta":[],"product_brand":[],"product_cat":[6833,4775],"product_tag":[],"class_list":{"0":"post-54125","1":"product","2":"type-product","3":"status-publish","4":"has-post-thumbnail","6":"product_cat-outdoor-es","7":"product_cat-barbacoa","9":"first","10":"instock","11":"taxable","12":"shipping-taxable","13":"purchasable","14":"product-type-simple"},"yoast_head":"<!-- This site is optimized with the Yoast SEO plugin v27.1.1 - https:\/\/yoast.com\/product\/yoast-seo-wordpress\/ -->\n<title>BONPIZZA - Horno + Piedra para Pizza - La Villa Garden&amp;Design<\/title>\n<meta name=\"robots\" content=\"index, follow, max-snippet:-1, max-image-preview:large, max-video-preview:-1\" \/>\n<link rel=\"canonical\" href=\"https:\/\/www.lavillagardendesign.com\/es\/producto\/bonpizza-horno-piedra-para-pizza\/\" \/>\n<meta property=\"og:locale\" content=\"es_ES\" \/>\n<meta property=\"og:type\" content=\"article\" \/>\n<meta property=\"og:title\" content=\"BONPIZZA - Horno + Piedra para Pizza - La Villa Garden&amp;Design\" \/>\n<meta property=\"og:description\" content=\"Si hay un grupo de cocci\u00f3n para exteriores que est\u00e1 muy de moda hoy en d\u00eda, \u00e9se es el horno de pizza. Al ser de le\u00f1a, el grupo de cocci\u00f3n BonFeu BonBiza y BonBowl es perfectamente adecuado para hacer las pizzas m\u00e1s deliciosas. Prepara pizzas crujientes en tu propio horno para pizzas BonBiza. Coloca la BonPizza sobre el fuego utilizando el soporte BonBiza y deja que se caliente adecuadamente. El pr\u00e1ctico term\u00f3metro de la parte superior muestra la temperatura del interior del horno para pizzas. Una vez que el horno est\u00e9 caliente, puedes a\u00f1adir tus pizzas y disfrutar de deliciosos resultados al horno.  El horno se abre levantando o girando la tapa hasta que el horno para pizza muestre una abertura. La tapa es f\u00e1cil de levantar gracias al asa grande que no se calienta. El horno para pizza consta de una placa base, una piedra para pizza y una tapa. Nota: La BonPizza s\u00f3lo puede utilizarse en combinaci\u00f3n con el soporte BonFeu adecuado. La BonPizza no funciona bien en la plancha de 60 cm porque no recibe suficiente ox\u00edgeno. \u2713 Adecuado para las BonFeu BonBiza y BonPlanchas en cubas de fuego de 80, 100 y 120 cm\u2713 Primero aviva bien el fuego para alcanzar la temperatura \u00f3ptima y, a continuaci\u00f3n, coloca el horno para pizza\u2713 F\u00e1cil de colocar sobre el fuego con el soporte\u2713 Fabricado en acero duradero de alta calidad\u2713 \u00d8 42 cm\u2713 Tapa con asa resistente al calor para un manejo seguro\u2713 Incluye piedra para pizza para obtener pizzas crujientes\u2713 Accesorios BonFeu opcionales: pelador de pizza y cortador de pizza\" \/>\n<meta property=\"og:url\" content=\"https:\/\/www.lavillagardendesign.com\/es\/producto\/bonpizza-horno-piedra-para-pizza\/\" \/>\n<meta property=\"og:site_name\" content=\"La Villa Garden&amp;Design\" \/>\n<meta property=\"article:publisher\" content=\"https:\/\/www.facebook.com\/lavillagardendesign\/\" \/>\n<meta property=\"article:modified_time\" content=\"2026-02-23T09:41:20+00:00\" \/>\n<meta property=\"og:image\" content=\"https:\/\/www.lavillagardendesign.com\/wp-content\/uploads\/2025\/05\/7-2.jpg\" \/>\n\t<meta property=\"og:image:width\" content=\"800\" \/>\n\t<meta property=\"og:image:height\" content=\"800\" \/>\n\t<meta property=\"og:image:type\" content=\"image\/jpeg\" \/>\n<meta name=\"twitter:card\" content=\"summary_large_image\" \/>\n<script type=\"application\/ld+json\" class=\"yoast-schema-graph\">{\"@context\":\"https:\/\/schema.org\",\"@graph\":[{\"@type\":\"WebPage\",\"@id\":\"https:\/\/www.lavillagardendesign.com\/es\/producto\/bonpizza-horno-piedra-para-pizza\/\",\"url\":\"https:\/\/www.lavillagardendesign.com\/es\/producto\/bonpizza-horno-piedra-para-pizza\/\",\"name\":\"BONPIZZA - Horno + Piedra para Pizza - La Villa Garden&amp;Design\",\"isPartOf\":{\"@id\":\"https:\/\/www.lavillagardendesign.com\/#website\"},\"primaryImageOfPage\":{\"@id\":\"https:\/\/www.lavillagardendesign.com\/es\/producto\/bonpizza-horno-piedra-para-pizza\/#primaryimage\"},\"image\":{\"@id\":\"https:\/\/www.lavillagardendesign.com\/es\/producto\/bonpizza-horno-piedra-para-pizza\/#primaryimage\"},\"thumbnailUrl\":\"https:\/\/www.lavillagardendesign.com\/wp-content\/uploads\/2025\/05\/7-2.jpg\",\"datePublished\":\"2025-05-11T15:30:57+00:00\",\"dateModified\":\"2026-02-23T09:41:20+00:00\",\"breadcrumb\":{\"@id\":\"https:\/\/www.lavillagardendesign.com\/es\/producto\/bonpizza-horno-piedra-para-pizza\/#breadcrumb\"},\"inLanguage\":\"es\",\"potentialAction\":[{\"@type\":\"ReadAction\",\"target\":[\"https:\/\/www.lavillagardendesign.com\/es\/producto\/bonpizza-horno-piedra-para-pizza\/\"]}]},{\"@type\":\"ImageObject\",\"inLanguage\":\"es\",\"@id\":\"https:\/\/www.lavillagardendesign.com\/es\/producto\/bonpizza-horno-piedra-para-pizza\/#primaryimage\",\"url\":\"https:\/\/www.lavillagardendesign.com\/wp-content\/uploads\/2025\/05\/7-2.jpg\",\"contentUrl\":\"https:\/\/www.lavillagardendesign.com\/wp-content\/uploads\/2025\/05\/7-2.jpg\",\"width\":800,\"height\":800},{\"@type\":\"BreadcrumbList\",\"@id\":\"https:\/\/www.lavillagardendesign.com\/es\/producto\/bonpizza-horno-piedra-para-pizza\/#breadcrumb\",\"itemListElement\":[{\"@type\":\"ListItem\",\"position\":1,\"name\":\"Home\",\"item\":\"https:\/\/www.lavillagardendesign.com\/\"},{\"@type\":\"ListItem\",\"position\":2,\"name\":\"Tienda\",\"item\":\"https:\/\/www.lavillagardendesign.com\/es\/tienda\/\"},{\"@type\":\"ListItem\",\"position\":3,\"name\":\"BONPIZZA &#8211; Horno + Piedra para Pizza\"}]},{\"@type\":\"WebSite\",\"@id\":\"https:\/\/www.lavillagardendesign.com\/#website\",\"url\":\"https:\/\/www.lavillagardendesign.com\/\",\"name\":\"La Villa Garden&Design\",\"description\":\"\",\"publisher\":{\"@id\":\"https:\/\/www.lavillagardendesign.com\/#organization\"},\"potentialAction\":[{\"@type\":\"SearchAction\",\"target\":{\"@type\":\"EntryPoint\",\"urlTemplate\":\"https:\/\/www.lavillagardendesign.com\/?s={search_term_string}\"},\"query-input\":{\"@type\":\"PropertyValueSpecification\",\"valueRequired\":true,\"valueName\":\"search_term_string\"}}],\"inLanguage\":\"es\"},{\"@type\":\"Organization\",\"@id\":\"https:\/\/www.lavillagardendesign.com\/#organization\",\"name\":\"La Villa Garden&Design\",\"url\":\"https:\/\/www.lavillagardendesign.com\/\",\"logo\":{\"@type\":\"ImageObject\",\"inLanguage\":\"es\",\"@id\":\"https:\/\/www.lavillagardendesign.com\/#\/schema\/logo\/image\/\",\"url\":\"https:\/\/www.lavillagardendesign.com\/wp-content\/uploads\/2024\/04\/logolavilla.png\",\"contentUrl\":\"https:\/\/www.lavillagardendesign.com\/wp-content\/uploads\/2024\/04\/logolavilla.png\",\"width\":682,\"height\":391,\"caption\":\"La Villa Garden&Design\"},\"image\":{\"@id\":\"https:\/\/www.lavillagardendesign.com\/#\/schema\/logo\/image\/\"},\"sameAs\":[\"https:\/\/www.facebook.com\/lavillagardendesign\/\"]}]}<\/script>\n<!-- \/ Yoast SEO plugin. -->","yoast_head_json":{"title":"BONPIZZA - Horno + Piedra para Pizza - La Villa Garden&amp;Design","robots":{"index":"index","follow":"follow","max-snippet":"max-snippet:-1","max-image-preview":"max-image-preview:large","max-video-preview":"max-video-preview:-1"},"canonical":"https:\/\/www.lavillagardendesign.com\/es\/producto\/bonpizza-horno-piedra-para-pizza\/","og_locale":"es_ES","og_type":"article","og_title":"BONPIZZA - Horno + Piedra para Pizza - La Villa Garden&amp;Design","og_description":"Si hay un grupo de cocci\u00f3n para exteriores que est\u00e1 muy de moda hoy en d\u00eda, \u00e9se es el horno de pizza. Al ser de le\u00f1a, el grupo de cocci\u00f3n BonFeu BonBiza y BonBowl es perfectamente adecuado para hacer las pizzas m\u00e1s deliciosas. Prepara pizzas crujientes en tu propio horno para pizzas BonBiza. Coloca la BonPizza sobre el fuego utilizando el soporte BonBiza y deja que se caliente adecuadamente. El pr\u00e1ctico term\u00f3metro de la parte superior muestra la temperatura del interior del horno para pizzas. Una vez que el horno est\u00e9 caliente, puedes a\u00f1adir tus pizzas y disfrutar de deliciosos resultados al horno.  El horno se abre levantando o girando la tapa hasta que el horno para pizza muestre una abertura. La tapa es f\u00e1cil de levantar gracias al asa grande que no se calienta. El horno para pizza consta de una placa base, una piedra para pizza y una tapa. Nota: La BonPizza s\u00f3lo puede utilizarse en combinaci\u00f3n con el soporte BonFeu adecuado. La BonPizza no funciona bien en la plancha de 60 cm porque no recibe suficiente ox\u00edgeno. \u2713 Adecuado para las BonFeu BonBiza y BonPlanchas en cubas de fuego de 80, 100 y 120 cm\u2713 Primero aviva bien el fuego para alcanzar la temperatura \u00f3ptima y, a continuaci\u00f3n, coloca el horno para pizza\u2713 F\u00e1cil de colocar sobre el fuego con el soporte\u2713 Fabricado en acero duradero de alta calidad\u2713 \u00d8 42 cm\u2713 Tapa con asa resistente al calor para un manejo seguro\u2713 Incluye piedra para pizza para obtener pizzas crujientes\u2713 Accesorios BonFeu opcionales: pelador de pizza y cortador de pizza","og_url":"https:\/\/www.lavillagardendesign.com\/es\/producto\/bonpizza-horno-piedra-para-pizza\/","og_site_name":"La Villa Garden&amp;Design","article_publisher":"https:\/\/www.facebook.com\/lavillagardendesign\/","article_modified_time":"2026-02-23T09:41:20+00:00","og_image":[{"width":800,"height":800,"url":"https:\/\/www.lavillagardendesign.com\/wp-content\/uploads\/2025\/05\/7-2.jpg","type":"image\/jpeg"}],"twitter_card":"summary_large_image","schema":{"@context":"https:\/\/schema.org","@graph":[{"@type":"WebPage","@id":"https:\/\/www.lavillagardendesign.com\/es\/producto\/bonpizza-horno-piedra-para-pizza\/","url":"https:\/\/www.lavillagardendesign.com\/es\/producto\/bonpizza-horno-piedra-para-pizza\/","name":"BONPIZZA - Horno + Piedra para Pizza - La Villa Garden&amp;Design","isPartOf":{"@id":"https:\/\/www.lavillagardendesign.com\/#website"},"primaryImageOfPage":{"@id":"https:\/\/www.lavillagardendesign.com\/es\/producto\/bonpizza-horno-piedra-para-pizza\/#primaryimage"},"image":{"@id":"https:\/\/www.lavillagardendesign.com\/es\/producto\/bonpizza-horno-piedra-para-pizza\/#primaryimage"},"thumbnailUrl":"https:\/\/www.lavillagardendesign.com\/wp-content\/uploads\/2025\/05\/7-2.jpg","datePublished":"2025-05-11T15:30:57+00:00","dateModified":"2026-02-23T09:41:20+00:00","breadcrumb":{"@id":"https:\/\/www.lavillagardendesign.com\/es\/producto\/bonpizza-horno-piedra-para-pizza\/#breadcrumb"},"inLanguage":"es","potentialAction":[{"@type":"ReadAction","target":["https:\/\/www.lavillagardendesign.com\/es\/producto\/bonpizza-horno-piedra-para-pizza\/"]}]},{"@type":"ImageObject","inLanguage":"es","@id":"https:\/\/www.lavillagardendesign.com\/es\/producto\/bonpizza-horno-piedra-para-pizza\/#primaryimage","url":"https:\/\/www.lavillagardendesign.com\/wp-content\/uploads\/2025\/05\/7-2.jpg","contentUrl":"https:\/\/www.lavillagardendesign.com\/wp-content\/uploads\/2025\/05\/7-2.jpg","width":800,"height":800},{"@type":"BreadcrumbList","@id":"https:\/\/www.lavillagardendesign.com\/es\/producto\/bonpizza-horno-piedra-para-pizza\/#breadcrumb","itemListElement":[{"@type":"ListItem","position":1,"name":"Home","item":"https:\/\/www.lavillagardendesign.com\/"},{"@type":"ListItem","position":2,"name":"Tienda","item":"https:\/\/www.lavillagardendesign.com\/es\/tienda\/"},{"@type":"ListItem","position":3,"name":"BONPIZZA &#8211; Horno + Piedra para Pizza"}]},{"@type":"WebSite","@id":"https:\/\/www.lavillagardendesign.com\/#website","url":"https:\/\/www.lavillagardendesign.com\/","name":"La Villa Garden&Design","description":"","publisher":{"@id":"https:\/\/www.lavillagardendesign.com\/#organization"},"potentialAction":[{"@type":"SearchAction","target":{"@type":"EntryPoint","urlTemplate":"https:\/\/www.lavillagardendesign.com\/?s={search_term_string}"},"query-input":{"@type":"PropertyValueSpecification","valueRequired":true,"valueName":"search_term_string"}}],"inLanguage":"es"},{"@type":"Organization","@id":"https:\/\/www.lavillagardendesign.com\/#organization","name":"La Villa Garden&Design","url":"https:\/\/www.lavillagardendesign.com\/","logo":{"@type":"ImageObject","inLanguage":"es","@id":"https:\/\/www.lavillagardendesign.com\/#\/schema\/logo\/image\/","url":"https:\/\/www.lavillagardendesign.com\/wp-content\/uploads\/2024\/04\/logolavilla.png","contentUrl":"https:\/\/www.lavillagardendesign.com\/wp-content\/uploads\/2024\/04\/logolavilla.png","width":682,"height":391,"caption":"La Villa Garden&Design"},"image":{"@id":"https:\/\/www.lavillagardendesign.com\/#\/schema\/logo\/image\/"},"sameAs":["https:\/\/www.facebook.com\/lavillagardendesign\/"]}]}},"_links":{"self":[{"href":"https:\/\/www.lavillagardendesign.com\/es\/wp-json\/wp\/v2\/product\/54125","targetHints":{"allow":["GET"]}}],"collection":[{"href":"https:\/\/www.lavillagardendesign.com\/es\/wp-json\/wp\/v2\/product"}],"about":[{"href":"https:\/\/www.lavillagardendesign.com\/es\/wp-json\/wp\/v2\/types\/product"}],"replies":[{"embeddable":true,"href":"https:\/\/www.lavillagardendesign.com\/es\/wp-json\/wp\/v2\/comments?post=54125"}],"version-history":[{"count":1,"href":"https:\/\/www.lavillagardendesign.com\/es\/wp-json\/wp\/v2\/product\/54125\/revisions"}],"predecessor-version":[{"id":63689,"href":"https:\/\/www.lavillagardendesign.com\/es\/wp-json\/wp\/v2\/product\/54125\/revisions\/63689"}],"wp:featuredmedia":[{"embeddable":true,"href":"https:\/\/www.lavillagardendesign.com\/es\/wp-json\/wp\/v2\/media\/54104"}],"wp:attachment":[{"href":"https:\/\/www.lavillagardendesign.com\/es\/wp-json\/wp\/v2\/media?parent=54125"}],"wp:term":[{"taxonomy":"product_brand","embeddable":true,"href":"https:\/\/www.lavillagardendesign.com\/es\/wp-json\/wp\/v2\/product_brand?post=54125"},{"taxonomy":"product_cat","embeddable":true,"href":"https:\/\/www.lavillagardendesign.com\/es\/wp-json\/wp\/v2\/product_cat?post=54125"},{"taxonomy":"product_tag","embeddable":true,"href":"https:\/\/www.lavillagardendesign.com\/es\/wp-json\/wp\/v2\/product_tag?post=54125"}],"curies":[{"name":"wp","href":"https:\/\/api.w.org\/{rel}","templated":true}]}}