{"id":54124,"date":"2025-05-11T16:07:42","date_gmt":"2025-05-11T15:07:42","guid":{"rendered":"https:\/\/www.lavillagardendesign.com\/product\/bonbiza-open-barbacoa-de-lena\/"},"modified":"2026-02-23T11:41:15","modified_gmt":"2026-02-23T09:41:15","slug":"bonbiza-open-barbacoa-de-lena","status":"publish","type":"product","link":"https:\/\/www.lavillagardendesign.com\/es\/producto\/bonbiza-open-barbacoa-de-lena\/","title":{"rendered":"BONBIZA OPEN &#8211; Barbacoa de le\u00f1a"},"content":{"rendered":"","protected":false},"excerpt":{"rendered":"<p class=\"\" data-start=\"46\" data-end=\"366\">La <strong data-start=\"50\" data-end=\"61\">BonBiza<\/strong> de BonFeu es una estaci\u00f3n de cocina exterior de primera calidad: una gran barbacoa de le\u00f1a estilo plancha que es a la vez una herramienta culinaria y un llamativo centro de mesa. Como buque insignia de la colecci\u00f3n BonFeu, la BonBiza est\u00e1 dise\u00f1ada para quienes desean cocinar al aire libre disfrutando de la calidez y el ambiente de un fuego abierto. <\/p>\n<h3 class=\"\" data-start=\"368\" data-end=\"385\">Caracter\u00edsticas principales:<\/h3>\n<ul data-start=\"387\" data-end=\"1100\">\n<li class=\"\" data-start=\"387\" data-end=\"468\">\n<p class=\"\" data-start=\"389\" data-end=\"468\"><strong data-start=\"389\" data-end=\"405\">Doble prop\u00f3sito<\/strong>: disfruta de un fuego acogedor y cocina deliciosos platos al mismo tiempo<\/p>\n<\/li>\n<li class=\"\" data-start=\"469\" data-end=\"561\">\n<p class=\"\" data-start=\"471\" data-end=\"561\"><strong data-start=\"471\" data-end=\"488\">Placa Plancha<\/strong>: 80 cm de di\u00e1metro, 6 mm de grosor &#8211; perfecta para cocinar y hornear de forma vers\u00e1til<\/p>\n<\/li>\n<li class=\"\" data-start=\"562\" data-end=\"696\">\n<p class=\"\" data-start=\"564\" data-end=\"696\"><strong data-start=\"564\" data-end=\"593\">Distribuci\u00f3n gradual del calor<\/strong>: El calor irradia desde el centro hacia fuera, ofreciendo m\u00faltiples zonas de temperatura para cocinar simult\u00e1neamente<\/p>\n<\/li>\n<li class=\"\" data-start=\"697\" data-end=\"834\">\n<p class=\"\" data-start=\"699\" data-end=\"834\"><strong data-start=\"699\" data-end=\"716\">F\u00e1cil de limpiar<\/strong>: Los restos de comida y el exceso de aceite se pueden empujar al fuego con una esp\u00e1tula; la placa se limpia f\u00e1cilmente con un pa\u00f1o h\u00famedo<\/p>\n<\/li>\n<li class=\"\" data-start=\"835\" data-end=\"1100\">\n<p class=\"\" data-start=\"837\" data-end=\"860\"><strong data-start=\"837\" data-end=\"857\">Materiales robustos<\/strong>:<\/p>\n<ul data-start=\"863\" data-end=\"1100\">\n<li class=\"\" data-start=\"863\" data-end=\"981\">\n<p class=\"\" data-start=\"865\" data-end=\"981\"><em data-start=\"865\" data-end=\"879\">BonBiza \u00d3xido<\/em>: Fabricada en <strong data-start=\"907\" data-end=\"923\">acero corten<\/strong> resistente a la intemperie, con una capa protectora de \u00f3xido que frena la oxidaci\u00f3n<\/p>\n<\/li>\n<li class=\"\" data-start=\"984\" data-end=\"1100\">\n<p class=\"\" data-start=\"986\" data-end=\"1100\"><em data-start=\"986\" data-end=\"1001\">BonBiza Negra<\/em>: Hecha de acero normal, que desarrollar\u00e1 una p\u00e1tina de \u00f3xido natural con el tiempo, a\u00f1adiendo un aspecto robusto<\/p>\n<\/li>\n<\/ul>\n<\/li>\n<\/ul>\n<h3 class=\"\" data-start=\"1102\" data-end=\"1159\">Opciones de cocci\u00f3n personalizadas (los accesorios se venden por separado):<\/h3>\n<ul data-start=\"1161\" data-end=\"1496\">\n<li class=\"\" data-start=\"1161\" data-end=\"1202\">\n<p class=\"\" data-start=\"1163\" data-end=\"1202\"><strong data-start=\"1163\" data-end=\"1180\">Horno BonPizza<\/strong> &#8211; para hornear pizzas<\/p>\n<\/li>\n<li class=\"\" data-start=\"1203\" data-end=\"1252\">\n<p class=\"\" data-start=\"1205\" data-end=\"1252\"><strong data-start=\"1205\" data-end=\"1227\">Anilla para pinchos BonFeu<\/strong> &#8211; para pinchos de parrilla<\/p>\n<\/li>\n<li class=\"\" data-start=\"1253\" data-end=\"1303\">\n<p class=\"\" data-start=\"1255\" data-end=\"1303\"><strong data-start=\"1255\" data-end=\"1274\">Grill de pie<\/strong> &#8211; para asar a la parrilla tradicional<\/p>\n<\/li>\n<li class=\"\" data-start=\"1304\" data-end=\"1371\">\n<p class=\"\" data-start=\"1306\" data-end=\"1371\"><strong data-start=\"1306\" data-end=\"1323\">Base est\u00e1ndar<\/strong> &#8211; necesaria para montar los accesorios anteriores<\/p>\n<\/li>\n<li class=\"\" data-start=\"1372\" data-end=\"1433\">\n<p class=\"\" data-start=\"1374\" data-end=\"1433\"><strong data-start=\"1374\" data-end=\"1388\">Foodbumper<\/strong> &#8211; evita que los alimentos caigan al fuego<\/p>\n<\/li>\n<li class=\"\" data-start=\"1434\" data-end=\"1496\">\n<p class=\"\" data-start=\"1436\" data-end=\"1496\"><strong data-start=\"1436\" data-end=\"1454\">Tapa protectora<\/strong>: mantiene el plato limpio cuando no se utiliza<\/p>\n<\/li>\n<\/ul>\n<h3 class=\"\" data-start=\"1498\" data-end=\"1520\">Instrucciones de cuidado:<\/h3>\n<ul data-start=\"1522\" data-end=\"1724\">\n<li class=\"\" data-start=\"1522\" data-end=\"1571\">\n<p class=\"\" data-start=\"1524\" data-end=\"1571\">Las placas de cocci\u00f3n vienen preengrasadas para evitar la oxidaci\u00f3n<\/p>\n<\/li>\n<li class=\"\" data-start=\"1572\" data-end=\"1646\">\n<p class=\"\" data-start=\"1574\" data-end=\"1646\">Limpia el aceite protector antes del primer uso y vuelve a engrasar antes de cocinar<\/p>\n<\/li>\n<li class=\"\" data-start=\"1647\" data-end=\"1724\">\n<p class=\"\" data-start=\"1649\" data-end=\"1724\">Guarda siempre la plancha aceitada y a temperatura ambiente para evitar la corrosi\u00f3n<\/p>\n<\/li>\n<\/ul>\n","protected":false},"featured_media":54046,"comment_status":"open","ping_status":"closed","template":"","meta":[],"product_brand":[],"product_cat":[4775,6833],"product_tag":[],"class_list":{"0":"post-54124","1":"product","2":"type-product","3":"status-publish","4":"has-post-thumbnail","6":"product_cat-barbacoa","7":"product_cat-outdoor-es","9":"first","10":"instock","11":"taxable","12":"shipping-taxable","13":"purchasable","14":"product-type-simple"},"yoast_head":"<!-- This site is optimized with the Yoast SEO plugin v27.4 - https:\/\/yoast.com\/product\/yoast-seo-wordpress\/ -->\n<title>BONBIZA OPEN - Barbacoa de le\u00f1a - La Villa Garden&amp;Design<\/title>\n<meta name=\"robots\" content=\"index, follow, max-snippet:-1, max-image-preview:large, max-video-preview:-1\" \/>\n<link rel=\"canonical\" href=\"https:\/\/www.lavillagardendesign.com\/es\/producto\/bonbiza-open-barbacoa-de-lena\/\" \/>\n<meta property=\"og:locale\" content=\"es_ES\" \/>\n<meta property=\"og:type\" content=\"article\" \/>\n<meta property=\"og:title\" content=\"BONBIZA OPEN - Barbacoa de le\u00f1a - La Villa Garden&amp;Design\" \/>\n<meta property=\"og:description\" content=\"La BonBiza de BonFeu es una estaci\u00f3n de cocina exterior de primera calidad: una gran barbacoa de le\u00f1a estilo plancha que es a la vez una herramienta culinaria y un llamativo centro de mesa. Como buque insignia de la colecci\u00f3n BonFeu, la BonBiza est\u00e1 dise\u00f1ada para quienes desean cocinar al aire libre disfrutando de la calidez y el ambiente de un fuego abierto.  Caracter\u00edsticas principales:   Doble prop\u00f3sito: disfruta de un fuego acogedor y cocina deliciosos platos al mismo tiempo   Placa Plancha: 80 cm de di\u00e1metro, 6 mm de grosor - perfecta para cocinar y hornear de forma vers\u00e1til   Distribuci\u00f3n gradual del calor: El calor irradia desde el centro hacia fuera, ofreciendo m\u00faltiples zonas de temperatura para cocinar simult\u00e1neamente   F\u00e1cil de limpiar: Los restos de comida y el exceso de aceite se pueden empujar al fuego con una esp\u00e1tula; la placa se limpia f\u00e1cilmente con un pa\u00f1o h\u00famedo   Materiales robustos:   BonBiza \u00d3xido: Fabricada en acero corten resistente a la intemperie, con una capa protectora de \u00f3xido que frena la oxidaci\u00f3n   BonBiza Negra: Hecha de acero normal, que desarrollar\u00e1 una p\u00e1tina de \u00f3xido natural con el tiempo, a\u00f1adiendo un aspecto robusto   Opciones de cocci\u00f3n personalizadas (los accesorios se venden por separado):   Horno BonPizza - para hornear pizzas   Anilla para pinchos BonFeu - para pinchos de parrilla   Grill de pie - para asar a la parrilla tradicional   Base est\u00e1ndar - necesaria para montar los accesorios anteriores   Foodbumper - evita que los alimentos caigan al fuego   Tapa protectora: mantiene el plato limpio cuando no se utiliza  Instrucciones de cuidado:   Las placas de cocci\u00f3n vienen preengrasadas para evitar la oxidaci\u00f3n   Limpia el aceite protector antes del primer uso y vuelve a engrasar antes de cocinar   Guarda siempre la plancha aceitada y a temperatura ambiente para evitar la corrosi\u00f3n\" \/>\n<meta property=\"og:url\" content=\"https:\/\/www.lavillagardendesign.com\/es\/producto\/bonbiza-open-barbacoa-de-lena\/\" \/>\n<meta property=\"og:site_name\" content=\"La Villa Garden&amp;Design\" \/>\n<meta property=\"article:publisher\" content=\"https:\/\/www.facebook.com\/lavillagardendesign\/\" \/>\n<meta property=\"article:modified_time\" content=\"2026-02-23T09:41:15+00:00\" \/>\n<meta property=\"og:image\" content=\"https:\/\/www.lavillagardendesign.com\/wp-content\/uploads\/2025\/05\/5-2.jpg\" \/>\n\t<meta property=\"og:image:width\" content=\"800\" \/>\n\t<meta property=\"og:image:height\" content=\"800\" \/>\n\t<meta property=\"og:image:type\" content=\"image\/jpeg\" \/>\n<meta name=\"twitter:card\" content=\"summary_large_image\" \/>\n<script type=\"application\/ld+json\" class=\"yoast-schema-graph\">{\"@context\":\"https:\\\/\\\/schema.org\",\"@graph\":[{\"@type\":\"WebPage\",\"@id\":\"https:\\\/\\\/www.lavillagardendesign.com\\\/es\\\/producto\\\/bonbiza-open-barbacoa-de-lena\\\/\",\"url\":\"https:\\\/\\\/www.lavillagardendesign.com\\\/es\\\/producto\\\/bonbiza-open-barbacoa-de-lena\\\/\",\"name\":\"BONBIZA OPEN - Barbacoa de le\u00f1a - La Villa Garden&amp;Design\",\"isPartOf\":{\"@id\":\"https:\\\/\\\/www.lavillagardendesign.com\\\/#website\"},\"primaryImageOfPage\":{\"@id\":\"https:\\\/\\\/www.lavillagardendesign.com\\\/es\\\/producto\\\/bonbiza-open-barbacoa-de-lena\\\/#primaryimage\"},\"image\":{\"@id\":\"https:\\\/\\\/www.lavillagardendesign.com\\\/es\\\/producto\\\/bonbiza-open-barbacoa-de-lena\\\/#primaryimage\"},\"thumbnailUrl\":\"https:\\\/\\\/www.lavillagardendesign.com\\\/wp-content\\\/uploads\\\/2025\\\/05\\\/5-2.jpg\",\"datePublished\":\"2025-05-11T15:07:42+00:00\",\"dateModified\":\"2026-02-23T09:41:15+00:00\",\"breadcrumb\":{\"@id\":\"https:\\\/\\\/www.lavillagardendesign.com\\\/es\\\/producto\\\/bonbiza-open-barbacoa-de-lena\\\/#breadcrumb\"},\"inLanguage\":\"es\",\"potentialAction\":[{\"@type\":\"ReadAction\",\"target\":[\"https:\\\/\\\/www.lavillagardendesign.com\\\/es\\\/producto\\\/bonbiza-open-barbacoa-de-lena\\\/\"]}]},{\"@type\":\"ImageObject\",\"inLanguage\":\"es\",\"@id\":\"https:\\\/\\\/www.lavillagardendesign.com\\\/es\\\/producto\\\/bonbiza-open-barbacoa-de-lena\\\/#primaryimage\",\"url\":\"https:\\\/\\\/www.lavillagardendesign.com\\\/wp-content\\\/uploads\\\/2025\\\/05\\\/5-2.jpg\",\"contentUrl\":\"https:\\\/\\\/www.lavillagardendesign.com\\\/wp-content\\\/uploads\\\/2025\\\/05\\\/5-2.jpg\",\"width\":800,\"height\":800},{\"@type\":\"BreadcrumbList\",\"@id\":\"https:\\\/\\\/www.lavillagardendesign.com\\\/es\\\/producto\\\/bonbiza-open-barbacoa-de-lena\\\/#breadcrumb\",\"itemListElement\":[{\"@type\":\"ListItem\",\"position\":1,\"name\":\"Home\",\"item\":\"https:\\\/\\\/www.lavillagardendesign.com\\\/\"},{\"@type\":\"ListItem\",\"position\":2,\"name\":\"Tienda\",\"item\":\"https:\\\/\\\/www.lavillagardendesign.com\\\/es\\\/tienda\\\/\"},{\"@type\":\"ListItem\",\"position\":3,\"name\":\"BONBIZA OPEN &#8211; Barbacoa de le\u00f1a\"}]},{\"@type\":\"WebSite\",\"@id\":\"https:\\\/\\\/www.lavillagardendesign.com\\\/#website\",\"url\":\"https:\\\/\\\/www.lavillagardendesign.com\\\/\",\"name\":\"La Villa Garden&Design\",\"description\":\"\",\"publisher\":{\"@id\":\"https:\\\/\\\/www.lavillagardendesign.com\\\/#organization\"},\"potentialAction\":[{\"@type\":\"SearchAction\",\"target\":{\"@type\":\"EntryPoint\",\"urlTemplate\":\"https:\\\/\\\/www.lavillagardendesign.com\\\/?s={search_term_string}\"},\"query-input\":{\"@type\":\"PropertyValueSpecification\",\"valueRequired\":true,\"valueName\":\"search_term_string\"}}],\"inLanguage\":\"es\"},{\"@type\":\"Organization\",\"@id\":\"https:\\\/\\\/www.lavillagardendesign.com\\\/#organization\",\"name\":\"La Villa Garden&Design\",\"url\":\"https:\\\/\\\/www.lavillagardendesign.com\\\/\",\"logo\":{\"@type\":\"ImageObject\",\"inLanguage\":\"es\",\"@id\":\"https:\\\/\\\/www.lavillagardendesign.com\\\/#\\\/schema\\\/logo\\\/image\\\/\",\"url\":\"https:\\\/\\\/www.lavillagardendesign.com\\\/wp-content\\\/uploads\\\/2024\\\/04\\\/logolavilla.png\",\"contentUrl\":\"https:\\\/\\\/www.lavillagardendesign.com\\\/wp-content\\\/uploads\\\/2024\\\/04\\\/logolavilla.png\",\"width\":682,\"height\":391,\"caption\":\"La Villa Garden&Design\"},\"image\":{\"@id\":\"https:\\\/\\\/www.lavillagardendesign.com\\\/#\\\/schema\\\/logo\\\/image\\\/\"},\"sameAs\":[\"https:\\\/\\\/www.facebook.com\\\/lavillagardendesign\\\/\"]}]}<\/script>\n<!-- \/ Yoast SEO plugin. -->","yoast_head_json":{"title":"BONBIZA OPEN - Barbacoa de le\u00f1a - La Villa Garden&amp;Design","robots":{"index":"index","follow":"follow","max-snippet":"max-snippet:-1","max-image-preview":"max-image-preview:large","max-video-preview":"max-video-preview:-1"},"canonical":"https:\/\/www.lavillagardendesign.com\/es\/producto\/bonbiza-open-barbacoa-de-lena\/","og_locale":"es_ES","og_type":"article","og_title":"BONBIZA OPEN - Barbacoa de le\u00f1a - La Villa Garden&amp;Design","og_description":"La BonBiza de BonFeu es una estaci\u00f3n de cocina exterior de primera calidad: una gran barbacoa de le\u00f1a estilo plancha que es a la vez una herramienta culinaria y un llamativo centro de mesa. Como buque insignia de la colecci\u00f3n BonFeu, la BonBiza est\u00e1 dise\u00f1ada para quienes desean cocinar al aire libre disfrutando de la calidez y el ambiente de un fuego abierto.  Caracter\u00edsticas principales:   Doble prop\u00f3sito: disfruta de un fuego acogedor y cocina deliciosos platos al mismo tiempo   Placa Plancha: 80 cm de di\u00e1metro, 6 mm de grosor - perfecta para cocinar y hornear de forma vers\u00e1til   Distribuci\u00f3n gradual del calor: El calor irradia desde el centro hacia fuera, ofreciendo m\u00faltiples zonas de temperatura para cocinar simult\u00e1neamente   F\u00e1cil de limpiar: Los restos de comida y el exceso de aceite se pueden empujar al fuego con una esp\u00e1tula; la placa se limpia f\u00e1cilmente con un pa\u00f1o h\u00famedo   Materiales robustos:   BonBiza \u00d3xido: Fabricada en acero corten resistente a la intemperie, con una capa protectora de \u00f3xido que frena la oxidaci\u00f3n   BonBiza Negra: Hecha de acero normal, que desarrollar\u00e1 una p\u00e1tina de \u00f3xido natural con el tiempo, a\u00f1adiendo un aspecto robusto   Opciones de cocci\u00f3n personalizadas (los accesorios se venden por separado):   Horno BonPizza - para hornear pizzas   Anilla para pinchos BonFeu - para pinchos de parrilla   Grill de pie - para asar a la parrilla tradicional   Base est\u00e1ndar - necesaria para montar los accesorios anteriores   Foodbumper - evita que los alimentos caigan al fuego   Tapa protectora: mantiene el plato limpio cuando no se utiliza  Instrucciones de cuidado:   Las placas de cocci\u00f3n vienen preengrasadas para evitar la oxidaci\u00f3n   Limpia el aceite protector antes del primer uso y vuelve a engrasar antes de cocinar   Guarda siempre la plancha aceitada y a temperatura ambiente para evitar la corrosi\u00f3n","og_url":"https:\/\/www.lavillagardendesign.com\/es\/producto\/bonbiza-open-barbacoa-de-lena\/","og_site_name":"La Villa Garden&amp;Design","article_publisher":"https:\/\/www.facebook.com\/lavillagardendesign\/","article_modified_time":"2026-02-23T09:41:15+00:00","og_image":[{"width":800,"height":800,"url":"https:\/\/www.lavillagardendesign.com\/wp-content\/uploads\/2025\/05\/5-2.jpg","type":"image\/jpeg"}],"twitter_card":"summary_large_image","schema":{"@context":"https:\/\/schema.org","@graph":[{"@type":"WebPage","@id":"https:\/\/www.lavillagardendesign.com\/es\/producto\/bonbiza-open-barbacoa-de-lena\/","url":"https:\/\/www.lavillagardendesign.com\/es\/producto\/bonbiza-open-barbacoa-de-lena\/","name":"BONBIZA OPEN - Barbacoa de le\u00f1a - La Villa Garden&amp;Design","isPartOf":{"@id":"https:\/\/www.lavillagardendesign.com\/#website"},"primaryImageOfPage":{"@id":"https:\/\/www.lavillagardendesign.com\/es\/producto\/bonbiza-open-barbacoa-de-lena\/#primaryimage"},"image":{"@id":"https:\/\/www.lavillagardendesign.com\/es\/producto\/bonbiza-open-barbacoa-de-lena\/#primaryimage"},"thumbnailUrl":"https:\/\/www.lavillagardendesign.com\/wp-content\/uploads\/2025\/05\/5-2.jpg","datePublished":"2025-05-11T15:07:42+00:00","dateModified":"2026-02-23T09:41:15+00:00","breadcrumb":{"@id":"https:\/\/www.lavillagardendesign.com\/es\/producto\/bonbiza-open-barbacoa-de-lena\/#breadcrumb"},"inLanguage":"es","potentialAction":[{"@type":"ReadAction","target":["https:\/\/www.lavillagardendesign.com\/es\/producto\/bonbiza-open-barbacoa-de-lena\/"]}]},{"@type":"ImageObject","inLanguage":"es","@id":"https:\/\/www.lavillagardendesign.com\/es\/producto\/bonbiza-open-barbacoa-de-lena\/#primaryimage","url":"https:\/\/www.lavillagardendesign.com\/wp-content\/uploads\/2025\/05\/5-2.jpg","contentUrl":"https:\/\/www.lavillagardendesign.com\/wp-content\/uploads\/2025\/05\/5-2.jpg","width":800,"height":800},{"@type":"BreadcrumbList","@id":"https:\/\/www.lavillagardendesign.com\/es\/producto\/bonbiza-open-barbacoa-de-lena\/#breadcrumb","itemListElement":[{"@type":"ListItem","position":1,"name":"Home","item":"https:\/\/www.lavillagardendesign.com\/"},{"@type":"ListItem","position":2,"name":"Tienda","item":"https:\/\/www.lavillagardendesign.com\/es\/tienda\/"},{"@type":"ListItem","position":3,"name":"BONBIZA OPEN &#8211; Barbacoa de le\u00f1a"}]},{"@type":"WebSite","@id":"https:\/\/www.lavillagardendesign.com\/#website","url":"https:\/\/www.lavillagardendesign.com\/","name":"La Villa Garden&Design","description":"","publisher":{"@id":"https:\/\/www.lavillagardendesign.com\/#organization"},"potentialAction":[{"@type":"SearchAction","target":{"@type":"EntryPoint","urlTemplate":"https:\/\/www.lavillagardendesign.com\/?s={search_term_string}"},"query-input":{"@type":"PropertyValueSpecification","valueRequired":true,"valueName":"search_term_string"}}],"inLanguage":"es"},{"@type":"Organization","@id":"https:\/\/www.lavillagardendesign.com\/#organization","name":"La Villa Garden&Design","url":"https:\/\/www.lavillagardendesign.com\/","logo":{"@type":"ImageObject","inLanguage":"es","@id":"https:\/\/www.lavillagardendesign.com\/#\/schema\/logo\/image\/","url":"https:\/\/www.lavillagardendesign.com\/wp-content\/uploads\/2024\/04\/logolavilla.png","contentUrl":"https:\/\/www.lavillagardendesign.com\/wp-content\/uploads\/2024\/04\/logolavilla.png","width":682,"height":391,"caption":"La Villa Garden&Design"},"image":{"@id":"https:\/\/www.lavillagardendesign.com\/#\/schema\/logo\/image\/"},"sameAs":["https:\/\/www.facebook.com\/lavillagardendesign\/"]}]}},"_links":{"self":[{"href":"https:\/\/www.lavillagardendesign.com\/es\/wp-json\/wp\/v2\/product\/54124","targetHints":{"allow":["GET"]}}],"collection":[{"href":"https:\/\/www.lavillagardendesign.com\/es\/wp-json\/wp\/v2\/product"}],"about":[{"href":"https:\/\/www.lavillagardendesign.com\/es\/wp-json\/wp\/v2\/types\/product"}],"replies":[{"embeddable":true,"href":"https:\/\/www.lavillagardendesign.com\/es\/wp-json\/wp\/v2\/comments?post=54124"}],"version-history":[{"count":1,"href":"https:\/\/www.lavillagardendesign.com\/es\/wp-json\/wp\/v2\/product\/54124\/revisions"}],"predecessor-version":[{"id":63685,"href":"https:\/\/www.lavillagardendesign.com\/es\/wp-json\/wp\/v2\/product\/54124\/revisions\/63685"}],"wp:featuredmedia":[{"embeddable":true,"href":"https:\/\/www.lavillagardendesign.com\/es\/wp-json\/wp\/v2\/media\/54046"}],"wp:attachment":[{"href":"https:\/\/www.lavillagardendesign.com\/es\/wp-json\/wp\/v2\/media?parent=54124"}],"wp:term":[{"taxonomy":"product_brand","embeddable":true,"href":"https:\/\/www.lavillagardendesign.com\/es\/wp-json\/wp\/v2\/product_brand?post=54124"},{"taxonomy":"product_cat","embeddable":true,"href":"https:\/\/www.lavillagardendesign.com\/es\/wp-json\/wp\/v2\/product_cat?post=54124"},{"taxonomy":"product_tag","embeddable":true,"href":"https:\/\/www.lavillagardendesign.com\/es\/wp-json\/wp\/v2\/product_tag?post=54124"}],"curies":[{"name":"wp","href":"https:\/\/api.w.org\/{rel}","templated":true}]}}