{"id":54123,"date":"2025-05-11T16:17:12","date_gmt":"2025-05-11T14:17:12","guid":{"rendered":"https:\/\/www.lavillagardendesign.com\/product\/bonfeu-80-soporte-para-plancha\/"},"modified":"2025-05-11T16:17:12","modified_gmt":"2025-05-11T14:17:12","slug":"bonfeu-80-soporte-para-plancha","status":"publish","type":"product","link":"https:\/\/www.lavillagardendesign.com\/es\/producto\/bonfeu-80-soporte-para-plancha\/","title":{"rendered":"BONFEU 80 &#8211; Soporte para plancha"},"content":{"rendered":"","protected":false},"excerpt":{"rendered":"<p class=\"\" data-start=\"29\" data-end=\"324\">Este pr\u00e1ctico soporte BonFeu es f\u00e1cil de colocar en la cocina exterior BonBiza o en los BonBowls. Es ideal para utilizarlo con el horno para pizza BonPizza, el anillo para pinchos o la parrilla para soporte. El soporte encaja perfectamente en el centro de la BonBiza y el BonBowl y garantiza una buena estabilidad durante la cocci\u00f3n.  <\/p>\n<p class=\"\" data-start=\"326\" data-end=\"475\">El soporte es de acero negro. Gracias a su peso y dimensiones adecuadas, se mantiene estable y te permite colocar f\u00e1cilmente otro accesorio encima. <\/p>\n<p class=\"\" data-start=\"477\" data-end=\"716\">Puedes utilizar el soporte 80 para la BonBiza y la BonBowl con la plancha 80, el soporte 60 para la BonBowl con la plancha 60, el soporte 100 para la BonBowl 100 con la plancha 100, y el soporte 120 para la BonBowl 120 con la plancha 120.<\/p>\n<p class=\"\" data-start=\"718\" data-end=\"834\">Se requiere el uso de este soporte cuando se utilizan los siguientes accesorios: Horno BonPizza, Parrilla para soporte y Anillo para pinchos.<\/p>\n<ol data-start=\"836\" data-end=\"1145\">\n<li class=\"\" data-start=\"836\" data-end=\"897\">\n<p class=\"\" data-start=\"839\" data-end=\"897\">Coloca la BonPlancha de 80 cm en el recipiente adecuado para el fuego.<\/p>\n<\/li>\n<li class=\"\" data-start=\"898\" data-end=\"944\">\n<p class=\"\" data-start=\"901\" data-end=\"944\">Llena el cuenco con le\u00f1a y enci\u00e9ndelo.<\/p>\n<\/li>\n<li class=\"\" data-start=\"945\" data-end=\"1009\">\n<p class=\"\" data-start=\"948\" data-end=\"1009\">Coloca el Stand en el centro de la placa de cocci\u00f3n de la plancha.<\/p>\n<\/li>\n<li class=\"\" data-start=\"1010\" data-end=\"1100\">\n<p class=\"\" data-start=\"1013\" data-end=\"1100\">Coloca el accesorio que hayas elegido en el centro del Soporte (utilizando guantes resistentes al calor).<\/p>\n<\/li>\n<li class=\"\" data-start=\"1101\" data-end=\"1145\">\n<p class=\"\" data-start=\"1104\" data-end=\"1145\">El cuenco de fuego de 80 cm ya est\u00e1 listo para su uso.<\/p>\n<\/li>\n<\/ol>\n","protected":false},"featured_media":54068,"comment_status":"open","ping_status":"closed","template":"","meta":[],"product_brand":[],"product_cat":[6833,4775],"product_tag":[],"class_list":{"0":"post-54123","1":"product","2":"type-product","3":"status-publish","4":"has-post-thumbnail","6":"product_cat-outdoor-es","7":"product_cat-barbacoa","9":"first","10":"instock","11":"taxable","12":"shipping-taxable","13":"purchasable","14":"product-type-simple"},"yoast_head":"<!-- This site is optimized with the Yoast SEO plugin v27.1.1 - https:\/\/yoast.com\/product\/yoast-seo-wordpress\/ -->\n<title>BONFEU 80 - Soporte para plancha - La Villa Garden&amp;Design<\/title>\n<meta name=\"robots\" content=\"index, follow, max-snippet:-1, max-image-preview:large, max-video-preview:-1\" \/>\n<link rel=\"canonical\" href=\"https:\/\/www.lavillagardendesign.com\/es\/producto\/bonfeu-80-soporte-para-plancha\/\" \/>\n<meta property=\"og:locale\" content=\"es_ES\" \/>\n<meta property=\"og:type\" content=\"article\" \/>\n<meta property=\"og:title\" content=\"BONFEU 80 - Soporte para plancha - La Villa Garden&amp;Design\" \/>\n<meta property=\"og:description\" content=\"Este pr\u00e1ctico soporte BonFeu es f\u00e1cil de colocar en la cocina exterior BonBiza o en los BonBowls. Es ideal para utilizarlo con el horno para pizza BonPizza, el anillo para pinchos o la parrilla para soporte. El soporte encaja perfectamente en el centro de la BonBiza y el BonBowl y garantiza una buena estabilidad durante la cocci\u00f3n.  El soporte es de acero negro. Gracias a su peso y dimensiones adecuadas, se mantiene estable y te permite colocar f\u00e1cilmente otro accesorio encima. Puedes utilizar el soporte 80 para la BonBiza y la BonBowl con la plancha 80, el soporte 60 para la BonBowl con la plancha 60, el soporte 100 para la BonBowl 100 con la plancha 100, y el soporte 120 para la BonBowl 120 con la plancha 120. Se requiere el uso de este soporte cuando se utilizan los siguientes accesorios: Horno BonPizza, Parrilla para soporte y Anillo para pinchos.   Coloca la BonPlancha de 80 cm en el recipiente adecuado para el fuego.   Llena el cuenco con le\u00f1a y enci\u00e9ndelo.   Coloca el Stand en el centro de la placa de cocci\u00f3n de la plancha.   Coloca el accesorio que hayas elegido en el centro del Soporte (utilizando guantes resistentes al calor).   El cuenco de fuego de 80 cm ya est\u00e1 listo para su uso.\" \/>\n<meta property=\"og:url\" content=\"https:\/\/www.lavillagardendesign.com\/es\/producto\/bonfeu-80-soporte-para-plancha\/\" \/>\n<meta property=\"og:site_name\" content=\"La Villa Garden&amp;Design\" \/>\n<meta property=\"article:publisher\" content=\"https:\/\/www.facebook.com\/lavillagardendesign\/\" \/>\n<meta name=\"twitter:card\" content=\"summary_large_image\" \/>\n<script type=\"application\/ld+json\" class=\"yoast-schema-graph\">{\"@context\":\"https:\/\/schema.org\",\"@graph\":[{\"@type\":\"WebPage\",\"@id\":\"https:\/\/www.lavillagardendesign.com\/es\/producto\/bonfeu-80-soporte-para-plancha\/\",\"url\":\"https:\/\/www.lavillagardendesign.com\/es\/producto\/bonfeu-80-soporte-para-plancha\/\",\"name\":\"BONFEU 80 - Soporte para plancha - La Villa Garden&amp;Design\",\"isPartOf\":{\"@id\":\"https:\/\/www.lavillagardendesign.com\/#website\"},\"primaryImageOfPage\":{\"@id\":\"https:\/\/www.lavillagardendesign.com\/es\/producto\/bonfeu-80-soporte-para-plancha\/#primaryimage\"},\"image\":{\"@id\":\"https:\/\/www.lavillagardendesign.com\/es\/producto\/bonfeu-80-soporte-para-plancha\/#primaryimage\"},\"thumbnailUrl\":\"https:\/\/www.lavillagardendesign.com\/wp-content\/uploads\/2025\/05\/2-5.jpg\",\"datePublished\":\"2025-05-11T14:17:12+00:00\",\"breadcrumb\":{\"@id\":\"https:\/\/www.lavillagardendesign.com\/es\/producto\/bonfeu-80-soporte-para-plancha\/#breadcrumb\"},\"inLanguage\":\"es\",\"potentialAction\":[{\"@type\":\"ReadAction\",\"target\":[\"https:\/\/www.lavillagardendesign.com\/es\/producto\/bonfeu-80-soporte-para-plancha\/\"]}]},{\"@type\":\"ImageObject\",\"inLanguage\":\"es\",\"@id\":\"https:\/\/www.lavillagardendesign.com\/es\/producto\/bonfeu-80-soporte-para-plancha\/#primaryimage\",\"url\":\"https:\/\/www.lavillagardendesign.com\/wp-content\/uploads\/2025\/05\/2-5.jpg\",\"contentUrl\":\"https:\/\/www.lavillagardendesign.com\/wp-content\/uploads\/2025\/05\/2-5.jpg\",\"width\":800,\"height\":800},{\"@type\":\"BreadcrumbList\",\"@id\":\"https:\/\/www.lavillagardendesign.com\/es\/producto\/bonfeu-80-soporte-para-plancha\/#breadcrumb\",\"itemListElement\":[{\"@type\":\"ListItem\",\"position\":1,\"name\":\"Home\",\"item\":\"https:\/\/www.lavillagardendesign.com\/\"},{\"@type\":\"ListItem\",\"position\":2,\"name\":\"Tienda\",\"item\":\"https:\/\/www.lavillagardendesign.com\/es\/tienda\/\"},{\"@type\":\"ListItem\",\"position\":3,\"name\":\"BONFEU 80 &#8211; Soporte para plancha\"}]},{\"@type\":\"WebSite\",\"@id\":\"https:\/\/www.lavillagardendesign.com\/#website\",\"url\":\"https:\/\/www.lavillagardendesign.com\/\",\"name\":\"La Villa Garden&Design\",\"description\":\"\",\"publisher\":{\"@id\":\"https:\/\/www.lavillagardendesign.com\/#organization\"},\"potentialAction\":[{\"@type\":\"SearchAction\",\"target\":{\"@type\":\"EntryPoint\",\"urlTemplate\":\"https:\/\/www.lavillagardendesign.com\/?s={search_term_string}\"},\"query-input\":{\"@type\":\"PropertyValueSpecification\",\"valueRequired\":true,\"valueName\":\"search_term_string\"}}],\"inLanguage\":\"es\"},{\"@type\":\"Organization\",\"@id\":\"https:\/\/www.lavillagardendesign.com\/#organization\",\"name\":\"La Villa Garden&Design\",\"url\":\"https:\/\/www.lavillagardendesign.com\/\",\"logo\":{\"@type\":\"ImageObject\",\"inLanguage\":\"es\",\"@id\":\"https:\/\/www.lavillagardendesign.com\/#\/schema\/logo\/image\/\",\"url\":\"https:\/\/www.lavillagardendesign.com\/wp-content\/uploads\/2024\/04\/logolavilla.png\",\"contentUrl\":\"https:\/\/www.lavillagardendesign.com\/wp-content\/uploads\/2024\/04\/logolavilla.png\",\"width\":682,\"height\":391,\"caption\":\"La Villa Garden&Design\"},\"image\":{\"@id\":\"https:\/\/www.lavillagardendesign.com\/#\/schema\/logo\/image\/\"},\"sameAs\":[\"https:\/\/www.facebook.com\/lavillagardendesign\/\"]}]}<\/script>\n<!-- \/ Yoast SEO plugin. -->","yoast_head_json":{"title":"BONFEU 80 - Soporte para plancha - La Villa Garden&amp;Design","robots":{"index":"index","follow":"follow","max-snippet":"max-snippet:-1","max-image-preview":"max-image-preview:large","max-video-preview":"max-video-preview:-1"},"canonical":"https:\/\/www.lavillagardendesign.com\/es\/producto\/bonfeu-80-soporte-para-plancha\/","og_locale":"es_ES","og_type":"article","og_title":"BONFEU 80 - Soporte para plancha - La Villa Garden&amp;Design","og_description":"Este pr\u00e1ctico soporte BonFeu es f\u00e1cil de colocar en la cocina exterior BonBiza o en los BonBowls. Es ideal para utilizarlo con el horno para pizza BonPizza, el anillo para pinchos o la parrilla para soporte. El soporte encaja perfectamente en el centro de la BonBiza y el BonBowl y garantiza una buena estabilidad durante la cocci\u00f3n.  El soporte es de acero negro. Gracias a su peso y dimensiones adecuadas, se mantiene estable y te permite colocar f\u00e1cilmente otro accesorio encima. Puedes utilizar el soporte 80 para la BonBiza y la BonBowl con la plancha 80, el soporte 60 para la BonBowl con la plancha 60, el soporte 100 para la BonBowl 100 con la plancha 100, y el soporte 120 para la BonBowl 120 con la plancha 120. Se requiere el uso de este soporte cuando se utilizan los siguientes accesorios: Horno BonPizza, Parrilla para soporte y Anillo para pinchos.   Coloca la BonPlancha de 80 cm en el recipiente adecuado para el fuego.   Llena el cuenco con le\u00f1a y enci\u00e9ndelo.   Coloca el Stand en el centro de la placa de cocci\u00f3n de la plancha.   Coloca el accesorio que hayas elegido en el centro del Soporte (utilizando guantes resistentes al calor).   El cuenco de fuego de 80 cm ya est\u00e1 listo para su uso.","og_url":"https:\/\/www.lavillagardendesign.com\/es\/producto\/bonfeu-80-soporte-para-plancha\/","og_site_name":"La Villa Garden&amp;Design","article_publisher":"https:\/\/www.facebook.com\/lavillagardendesign\/","twitter_card":"summary_large_image","schema":{"@context":"https:\/\/schema.org","@graph":[{"@type":"WebPage","@id":"https:\/\/www.lavillagardendesign.com\/es\/producto\/bonfeu-80-soporte-para-plancha\/","url":"https:\/\/www.lavillagardendesign.com\/es\/producto\/bonfeu-80-soporte-para-plancha\/","name":"BONFEU 80 - Soporte para plancha - La Villa Garden&amp;Design","isPartOf":{"@id":"https:\/\/www.lavillagardendesign.com\/#website"},"primaryImageOfPage":{"@id":"https:\/\/www.lavillagardendesign.com\/es\/producto\/bonfeu-80-soporte-para-plancha\/#primaryimage"},"image":{"@id":"https:\/\/www.lavillagardendesign.com\/es\/producto\/bonfeu-80-soporte-para-plancha\/#primaryimage"},"thumbnailUrl":"https:\/\/www.lavillagardendesign.com\/wp-content\/uploads\/2025\/05\/2-5.jpg","datePublished":"2025-05-11T14:17:12+00:00","breadcrumb":{"@id":"https:\/\/www.lavillagardendesign.com\/es\/producto\/bonfeu-80-soporte-para-plancha\/#breadcrumb"},"inLanguage":"es","potentialAction":[{"@type":"ReadAction","target":["https:\/\/www.lavillagardendesign.com\/es\/producto\/bonfeu-80-soporte-para-plancha\/"]}]},{"@type":"ImageObject","inLanguage":"es","@id":"https:\/\/www.lavillagardendesign.com\/es\/producto\/bonfeu-80-soporte-para-plancha\/#primaryimage","url":"https:\/\/www.lavillagardendesign.com\/wp-content\/uploads\/2025\/05\/2-5.jpg","contentUrl":"https:\/\/www.lavillagardendesign.com\/wp-content\/uploads\/2025\/05\/2-5.jpg","width":800,"height":800},{"@type":"BreadcrumbList","@id":"https:\/\/www.lavillagardendesign.com\/es\/producto\/bonfeu-80-soporte-para-plancha\/#breadcrumb","itemListElement":[{"@type":"ListItem","position":1,"name":"Home","item":"https:\/\/www.lavillagardendesign.com\/"},{"@type":"ListItem","position":2,"name":"Tienda","item":"https:\/\/www.lavillagardendesign.com\/es\/tienda\/"},{"@type":"ListItem","position":3,"name":"BONFEU 80 &#8211; Soporte para plancha"}]},{"@type":"WebSite","@id":"https:\/\/www.lavillagardendesign.com\/#website","url":"https:\/\/www.lavillagardendesign.com\/","name":"La Villa Garden&Design","description":"","publisher":{"@id":"https:\/\/www.lavillagardendesign.com\/#organization"},"potentialAction":[{"@type":"SearchAction","target":{"@type":"EntryPoint","urlTemplate":"https:\/\/www.lavillagardendesign.com\/?s={search_term_string}"},"query-input":{"@type":"PropertyValueSpecification","valueRequired":true,"valueName":"search_term_string"}}],"inLanguage":"es"},{"@type":"Organization","@id":"https:\/\/www.lavillagardendesign.com\/#organization","name":"La Villa Garden&Design","url":"https:\/\/www.lavillagardendesign.com\/","logo":{"@type":"ImageObject","inLanguage":"es","@id":"https:\/\/www.lavillagardendesign.com\/#\/schema\/logo\/image\/","url":"https:\/\/www.lavillagardendesign.com\/wp-content\/uploads\/2024\/04\/logolavilla.png","contentUrl":"https:\/\/www.lavillagardendesign.com\/wp-content\/uploads\/2024\/04\/logolavilla.png","width":682,"height":391,"caption":"La Villa Garden&Design"},"image":{"@id":"https:\/\/www.lavillagardendesign.com\/#\/schema\/logo\/image\/"},"sameAs":["https:\/\/www.facebook.com\/lavillagardendesign\/"]}]}},"_links":{"self":[{"href":"https:\/\/www.lavillagardendesign.com\/es\/wp-json\/wp\/v2\/product\/54123","targetHints":{"allow":["GET"]}}],"collection":[{"href":"https:\/\/www.lavillagardendesign.com\/es\/wp-json\/wp\/v2\/product"}],"about":[{"href":"https:\/\/www.lavillagardendesign.com\/es\/wp-json\/wp\/v2\/types\/product"}],"replies":[{"embeddable":true,"href":"https:\/\/www.lavillagardendesign.com\/es\/wp-json\/wp\/v2\/comments?post=54123"}],"version-history":[{"count":0,"href":"https:\/\/www.lavillagardendesign.com\/es\/wp-json\/wp\/v2\/product\/54123\/revisions"}],"wp:featuredmedia":[{"embeddable":true,"href":"https:\/\/www.lavillagardendesign.com\/es\/wp-json\/wp\/v2\/media\/54068"}],"wp:attachment":[{"href":"https:\/\/www.lavillagardendesign.com\/es\/wp-json\/wp\/v2\/media?parent=54123"}],"wp:term":[{"taxonomy":"product_brand","embeddable":true,"href":"https:\/\/www.lavillagardendesign.com\/es\/wp-json\/wp\/v2\/product_brand?post=54123"},{"taxonomy":"product_cat","embeddable":true,"href":"https:\/\/www.lavillagardendesign.com\/es\/wp-json\/wp\/v2\/product_cat?post=54123"},{"taxonomy":"product_tag","embeddable":true,"href":"https:\/\/www.lavillagardendesign.com\/es\/wp-json\/wp\/v2\/product_tag?post=54123"}],"curies":[{"name":"wp","href":"https:\/\/api.w.org\/{rel}","templated":true}]}}