{"id":54119,"date":"2025-05-11T15:57:29","date_gmt":"2025-05-11T14:57:29","guid":{"rendered":"https:\/\/www.lavillagardendesign.com\/product\/tahuna-4-barbacoa-de-gas-con-carro\/"},"modified":"2026-02-23T11:41:14","modified_gmt":"2026-02-23T09:41:14","slug":"tahuna-4-barbacoa-de-gas-con-carro","status":"publish","type":"product","link":"https:\/\/www.lavillagardendesign.com\/es\/producto\/tahuna-4-barbacoa-de-gas-con-carro\/","title":{"rendered":"TAHUNA 4 &#8211; Barbacoa de gas con carro"},"content":{"rendered":"","protected":false},"excerpt":{"rendered":"<p class=\"\" data-start=\"37\" data-end=\"437\">La TAHUNA 4 es una barbacoa de gas premium con 4 quemadores de acero inoxidable fundido, dise\u00f1ada para encajar en una cocina de exterior. Incorpora una c\u00e1mara de combusti\u00f3n totalmente soldada y un quemador trasero de infrarrojos. La c\u00e1mara de cocci\u00f3n incluye iluminaci\u00f3n integrada, y los mandos de control son de acero inoxidable con retroiluminaci\u00f3n. La tapa es de acero inoxidable de 2 mm, fabricada para resistir muchos a\u00f1os de uso al aire libre.   <\/p>\n<ul data-start=\"439\" data-end=\"882\">\n<li class=\"\" data-start=\"439\" data-end=\"472\">\n<p class=\"\" data-start=\"441\" data-end=\"472\">Ala lateral (s\u00f3lo versi\u00f3n carro)<\/p>\n<\/li>\n<li class=\"\" data-start=\"473\" data-end=\"514\">\n<p class=\"\" data-start=\"475\" data-end=\"514\">Mandos de control de acero inoxidable retroiluminados<\/p>\n<\/li>\n<li class=\"\" data-start=\"515\" data-end=\"542\">\n<p class=\"\" data-start=\"517\" data-end=\"542\">Rejillas de cocci\u00f3n de varilla de 8 mm<\/p>\n<\/li>\n<li class=\"\" data-start=\"543\" data-end=\"587\">\n<p class=\"\" data-start=\"545\" data-end=\"587\">Deflectores de acero inoxidable f\u00e1ciles de limpiar<\/p>\n<\/li>\n<li class=\"\" data-start=\"588\" data-end=\"613\">\n<p class=\"\" data-start=\"590\" data-end=\"613\">Asador con motor<\/p>\n<\/li>\n<li class=\"\" data-start=\"614\" data-end=\"657\">\n<p class=\"\" data-start=\"616\" data-end=\"657\">Quemador de cocci\u00f3n lateral (s\u00f3lo versi\u00f3n carrito)<\/p>\n<\/li>\n<li class=\"\" data-start=\"658\" data-end=\"676\">\n<p class=\"\" data-start=\"660\" data-end=\"676\">Encendido r\u00e1pido<\/p>\n<\/li>\n<li class=\"\" data-start=\"677\" data-end=\"703\">\n<p class=\"\" data-start=\"679\" data-end=\"703\">Term\u00f3metro integrado<\/p>\n<\/li>\n<li class=\"\" data-start=\"704\" data-end=\"735\">\n<p class=\"\" data-start=\"706\" data-end=\"735\">Superficie de cocci\u00f3n iluminada<\/p>\n<\/li>\n<li class=\"\" data-start=\"736\" data-end=\"787\">\n<p class=\"\" data-start=\"738\" data-end=\"787\">Totalmente construido en acero inoxidable AISI 304<\/p>\n<\/li>\n<li class=\"\" data-start=\"788\" data-end=\"820\">\n<p class=\"\" data-start=\"790\" data-end=\"820\">Quemadores de acero inoxidable fundido<\/p>\n<\/li>\n<li class=\"\" data-start=\"821\" data-end=\"859\">\n<p class=\"\" data-start=\"823\" data-end=\"859\">Compatible con gas butano\/propano<\/p>\n<\/li>\n<li class=\"\" data-start=\"860\" data-end=\"882\">\n<p class=\"\" data-start=\"862\" data-end=\"882\">Campana de doble pared<\/p>\n<\/li>\n<\/ul>\n","protected":false},"featured_media":54007,"comment_status":"open","ping_status":"closed","template":"","meta":[],"product_brand":[4998],"product_cat":[4775,6833],"product_tag":[],"class_list":{"0":"post-54119","1":"product","2":"type-product","3":"status-publish","4":"has-post-thumbnail","6":"product_brand-la-villa","7":"product_cat-barbacoa","8":"product_cat-outdoor-es","10":"first","11":"instock","12":"taxable","13":"shipping-taxable","14":"purchasable","15":"product-type-simple"},"yoast_head":"<!-- This site is optimized with the Yoast SEO plugin v27.4 - https:\/\/yoast.com\/product\/yoast-seo-wordpress\/ -->\n<title>TAHUNA 4 - Barbacoa de gas con carro - La Villa Garden&amp;Design<\/title>\n<meta name=\"robots\" content=\"index, follow, max-snippet:-1, max-image-preview:large, max-video-preview:-1\" \/>\n<link rel=\"canonical\" href=\"https:\/\/www.lavillagardendesign.com\/es\/producto\/tahuna-4-barbacoa-de-gas-con-carro\/\" \/>\n<meta property=\"og:locale\" content=\"es_ES\" \/>\n<meta property=\"og:type\" content=\"article\" \/>\n<meta property=\"og:title\" content=\"TAHUNA 4 - Barbacoa de gas con carro - La Villa Garden&amp;Design\" \/>\n<meta property=\"og:description\" content=\"La TAHUNA 4 es una barbacoa de gas premium con 4 quemadores de acero inoxidable fundido, dise\u00f1ada para encajar en una cocina de exterior. Incorpora una c\u00e1mara de combusti\u00f3n totalmente soldada y un quemador trasero de infrarrojos. La c\u00e1mara de cocci\u00f3n incluye iluminaci\u00f3n integrada, y los mandos de control son de acero inoxidable con retroiluminaci\u00f3n. La tapa es de acero inoxidable de 2 mm, fabricada para resistir muchos a\u00f1os de uso al aire libre.     Ala lateral (s\u00f3lo versi\u00f3n carro)   Mandos de control de acero inoxidable retroiluminados   Rejillas de cocci\u00f3n de varilla de 8 mm   Deflectores de acero inoxidable f\u00e1ciles de limpiar   Asador con motor   Quemador de cocci\u00f3n lateral (s\u00f3lo versi\u00f3n carrito)   Encendido r\u00e1pido   Term\u00f3metro integrado   Superficie de cocci\u00f3n iluminada   Totalmente construido en acero inoxidable AISI 304   Quemadores de acero inoxidable fundido   Compatible con gas butano\/propano   Campana de doble pared\" \/>\n<meta property=\"og:url\" content=\"https:\/\/www.lavillagardendesign.com\/es\/producto\/tahuna-4-barbacoa-de-gas-con-carro\/\" \/>\n<meta property=\"og:site_name\" content=\"La Villa Garden&amp;Design\" \/>\n<meta property=\"article:publisher\" content=\"https:\/\/www.facebook.com\/lavillagardendesign\/\" \/>\n<meta property=\"article:modified_time\" content=\"2026-02-23T09:41:14+00:00\" \/>\n<meta property=\"og:image\" content=\"https:\/\/www.lavillagardendesign.com\/wp-content\/uploads\/2025\/05\/7.jpg\" \/>\n\t<meta property=\"og:image:width\" content=\"800\" \/>\n\t<meta property=\"og:image:height\" content=\"800\" \/>\n\t<meta property=\"og:image:type\" content=\"image\/jpeg\" \/>\n<meta name=\"twitter:card\" content=\"summary_large_image\" \/>\n<script type=\"application\/ld+json\" class=\"yoast-schema-graph\">{\"@context\":\"https:\\\/\\\/schema.org\",\"@graph\":[{\"@type\":\"WebPage\",\"@id\":\"https:\\\/\\\/www.lavillagardendesign.com\\\/es\\\/producto\\\/tahuna-4-barbacoa-de-gas-con-carro\\\/\",\"url\":\"https:\\\/\\\/www.lavillagardendesign.com\\\/es\\\/producto\\\/tahuna-4-barbacoa-de-gas-con-carro\\\/\",\"name\":\"TAHUNA 4 - Barbacoa de gas con carro - La Villa Garden&amp;Design\",\"isPartOf\":{\"@id\":\"https:\\\/\\\/www.lavillagardendesign.com\\\/#website\"},\"primaryImageOfPage\":{\"@id\":\"https:\\\/\\\/www.lavillagardendesign.com\\\/es\\\/producto\\\/tahuna-4-barbacoa-de-gas-con-carro\\\/#primaryimage\"},\"image\":{\"@id\":\"https:\\\/\\\/www.lavillagardendesign.com\\\/es\\\/producto\\\/tahuna-4-barbacoa-de-gas-con-carro\\\/#primaryimage\"},\"thumbnailUrl\":\"https:\\\/\\\/www.lavillagardendesign.com\\\/wp-content\\\/uploads\\\/2025\\\/05\\\/7.jpg\",\"datePublished\":\"2025-05-11T14:57:29+00:00\",\"dateModified\":\"2026-02-23T09:41:14+00:00\",\"breadcrumb\":{\"@id\":\"https:\\\/\\\/www.lavillagardendesign.com\\\/es\\\/producto\\\/tahuna-4-barbacoa-de-gas-con-carro\\\/#breadcrumb\"},\"inLanguage\":\"es\",\"potentialAction\":[{\"@type\":\"ReadAction\",\"target\":[\"https:\\\/\\\/www.lavillagardendesign.com\\\/es\\\/producto\\\/tahuna-4-barbacoa-de-gas-con-carro\\\/\"]}]},{\"@type\":\"ImageObject\",\"inLanguage\":\"es\",\"@id\":\"https:\\\/\\\/www.lavillagardendesign.com\\\/es\\\/producto\\\/tahuna-4-barbacoa-de-gas-con-carro\\\/#primaryimage\",\"url\":\"https:\\\/\\\/www.lavillagardendesign.com\\\/wp-content\\\/uploads\\\/2025\\\/05\\\/7.jpg\",\"contentUrl\":\"https:\\\/\\\/www.lavillagardendesign.com\\\/wp-content\\\/uploads\\\/2025\\\/05\\\/7.jpg\",\"width\":800,\"height\":800},{\"@type\":\"BreadcrumbList\",\"@id\":\"https:\\\/\\\/www.lavillagardendesign.com\\\/es\\\/producto\\\/tahuna-4-barbacoa-de-gas-con-carro\\\/#breadcrumb\",\"itemListElement\":[{\"@type\":\"ListItem\",\"position\":1,\"name\":\"Home\",\"item\":\"https:\\\/\\\/www.lavillagardendesign.com\\\/\"},{\"@type\":\"ListItem\",\"position\":2,\"name\":\"Tienda\",\"item\":\"https:\\\/\\\/www.lavillagardendesign.com\\\/es\\\/tienda\\\/\"},{\"@type\":\"ListItem\",\"position\":3,\"name\":\"TAHUNA 4 &#8211; Barbacoa de gas con carro\"}]},{\"@type\":\"WebSite\",\"@id\":\"https:\\\/\\\/www.lavillagardendesign.com\\\/#website\",\"url\":\"https:\\\/\\\/www.lavillagardendesign.com\\\/\",\"name\":\"La Villa Garden&Design\",\"description\":\"\",\"publisher\":{\"@id\":\"https:\\\/\\\/www.lavillagardendesign.com\\\/#organization\"},\"potentialAction\":[{\"@type\":\"SearchAction\",\"target\":{\"@type\":\"EntryPoint\",\"urlTemplate\":\"https:\\\/\\\/www.lavillagardendesign.com\\\/?s={search_term_string}\"},\"query-input\":{\"@type\":\"PropertyValueSpecification\",\"valueRequired\":true,\"valueName\":\"search_term_string\"}}],\"inLanguage\":\"es\"},{\"@type\":\"Organization\",\"@id\":\"https:\\\/\\\/www.lavillagardendesign.com\\\/#organization\",\"name\":\"La Villa Garden&Design\",\"url\":\"https:\\\/\\\/www.lavillagardendesign.com\\\/\",\"logo\":{\"@type\":\"ImageObject\",\"inLanguage\":\"es\",\"@id\":\"https:\\\/\\\/www.lavillagardendesign.com\\\/#\\\/schema\\\/logo\\\/image\\\/\",\"url\":\"https:\\\/\\\/www.lavillagardendesign.com\\\/wp-content\\\/uploads\\\/2024\\\/04\\\/logolavilla.png\",\"contentUrl\":\"https:\\\/\\\/www.lavillagardendesign.com\\\/wp-content\\\/uploads\\\/2024\\\/04\\\/logolavilla.png\",\"width\":682,\"height\":391,\"caption\":\"La Villa Garden&Design\"},\"image\":{\"@id\":\"https:\\\/\\\/www.lavillagardendesign.com\\\/#\\\/schema\\\/logo\\\/image\\\/\"},\"sameAs\":[\"https:\\\/\\\/www.facebook.com\\\/lavillagardendesign\\\/\"]}]}<\/script>\n<!-- \/ Yoast SEO plugin. -->","yoast_head_json":{"title":"TAHUNA 4 - Barbacoa de gas con carro - La Villa Garden&amp;Design","robots":{"index":"index","follow":"follow","max-snippet":"max-snippet:-1","max-image-preview":"max-image-preview:large","max-video-preview":"max-video-preview:-1"},"canonical":"https:\/\/www.lavillagardendesign.com\/es\/producto\/tahuna-4-barbacoa-de-gas-con-carro\/","og_locale":"es_ES","og_type":"article","og_title":"TAHUNA 4 - Barbacoa de gas con carro - La Villa Garden&amp;Design","og_description":"La TAHUNA 4 es una barbacoa de gas premium con 4 quemadores de acero inoxidable fundido, dise\u00f1ada para encajar en una cocina de exterior. Incorpora una c\u00e1mara de combusti\u00f3n totalmente soldada y un quemador trasero de infrarrojos. La c\u00e1mara de cocci\u00f3n incluye iluminaci\u00f3n integrada, y los mandos de control son de acero inoxidable con retroiluminaci\u00f3n. La tapa es de acero inoxidable de 2 mm, fabricada para resistir muchos a\u00f1os de uso al aire libre.     Ala lateral (s\u00f3lo versi\u00f3n carro)   Mandos de control de acero inoxidable retroiluminados   Rejillas de cocci\u00f3n de varilla de 8 mm   Deflectores de acero inoxidable f\u00e1ciles de limpiar   Asador con motor   Quemador de cocci\u00f3n lateral (s\u00f3lo versi\u00f3n carrito)   Encendido r\u00e1pido   Term\u00f3metro integrado   Superficie de cocci\u00f3n iluminada   Totalmente construido en acero inoxidable AISI 304   Quemadores de acero inoxidable fundido   Compatible con gas butano\/propano   Campana de doble pared","og_url":"https:\/\/www.lavillagardendesign.com\/es\/producto\/tahuna-4-barbacoa-de-gas-con-carro\/","og_site_name":"La Villa Garden&amp;Design","article_publisher":"https:\/\/www.facebook.com\/lavillagardendesign\/","article_modified_time":"2026-02-23T09:41:14+00:00","og_image":[{"width":800,"height":800,"url":"https:\/\/www.lavillagardendesign.com\/wp-content\/uploads\/2025\/05\/7.jpg","type":"image\/jpeg"}],"twitter_card":"summary_large_image","schema":{"@context":"https:\/\/schema.org","@graph":[{"@type":"WebPage","@id":"https:\/\/www.lavillagardendesign.com\/es\/producto\/tahuna-4-barbacoa-de-gas-con-carro\/","url":"https:\/\/www.lavillagardendesign.com\/es\/producto\/tahuna-4-barbacoa-de-gas-con-carro\/","name":"TAHUNA 4 - Barbacoa de gas con carro - La Villa Garden&amp;Design","isPartOf":{"@id":"https:\/\/www.lavillagardendesign.com\/#website"},"primaryImageOfPage":{"@id":"https:\/\/www.lavillagardendesign.com\/es\/producto\/tahuna-4-barbacoa-de-gas-con-carro\/#primaryimage"},"image":{"@id":"https:\/\/www.lavillagardendesign.com\/es\/producto\/tahuna-4-barbacoa-de-gas-con-carro\/#primaryimage"},"thumbnailUrl":"https:\/\/www.lavillagardendesign.com\/wp-content\/uploads\/2025\/05\/7.jpg","datePublished":"2025-05-11T14:57:29+00:00","dateModified":"2026-02-23T09:41:14+00:00","breadcrumb":{"@id":"https:\/\/www.lavillagardendesign.com\/es\/producto\/tahuna-4-barbacoa-de-gas-con-carro\/#breadcrumb"},"inLanguage":"es","potentialAction":[{"@type":"ReadAction","target":["https:\/\/www.lavillagardendesign.com\/es\/producto\/tahuna-4-barbacoa-de-gas-con-carro\/"]}]},{"@type":"ImageObject","inLanguage":"es","@id":"https:\/\/www.lavillagardendesign.com\/es\/producto\/tahuna-4-barbacoa-de-gas-con-carro\/#primaryimage","url":"https:\/\/www.lavillagardendesign.com\/wp-content\/uploads\/2025\/05\/7.jpg","contentUrl":"https:\/\/www.lavillagardendesign.com\/wp-content\/uploads\/2025\/05\/7.jpg","width":800,"height":800},{"@type":"BreadcrumbList","@id":"https:\/\/www.lavillagardendesign.com\/es\/producto\/tahuna-4-barbacoa-de-gas-con-carro\/#breadcrumb","itemListElement":[{"@type":"ListItem","position":1,"name":"Home","item":"https:\/\/www.lavillagardendesign.com\/"},{"@type":"ListItem","position":2,"name":"Tienda","item":"https:\/\/www.lavillagardendesign.com\/es\/tienda\/"},{"@type":"ListItem","position":3,"name":"TAHUNA 4 &#8211; Barbacoa de gas con carro"}]},{"@type":"WebSite","@id":"https:\/\/www.lavillagardendesign.com\/#website","url":"https:\/\/www.lavillagardendesign.com\/","name":"La Villa Garden&Design","description":"","publisher":{"@id":"https:\/\/www.lavillagardendesign.com\/#organization"},"potentialAction":[{"@type":"SearchAction","target":{"@type":"EntryPoint","urlTemplate":"https:\/\/www.lavillagardendesign.com\/?s={search_term_string}"},"query-input":{"@type":"PropertyValueSpecification","valueRequired":true,"valueName":"search_term_string"}}],"inLanguage":"es"},{"@type":"Organization","@id":"https:\/\/www.lavillagardendesign.com\/#organization","name":"La Villa Garden&Design","url":"https:\/\/www.lavillagardendesign.com\/","logo":{"@type":"ImageObject","inLanguage":"es","@id":"https:\/\/www.lavillagardendesign.com\/#\/schema\/logo\/image\/","url":"https:\/\/www.lavillagardendesign.com\/wp-content\/uploads\/2024\/04\/logolavilla.png","contentUrl":"https:\/\/www.lavillagardendesign.com\/wp-content\/uploads\/2024\/04\/logolavilla.png","width":682,"height":391,"caption":"La Villa Garden&Design"},"image":{"@id":"https:\/\/www.lavillagardendesign.com\/#\/schema\/logo\/image\/"},"sameAs":["https:\/\/www.facebook.com\/lavillagardendesign\/"]}]}},"_links":{"self":[{"href":"https:\/\/www.lavillagardendesign.com\/es\/wp-json\/wp\/v2\/product\/54119","targetHints":{"allow":["GET"]}}],"collection":[{"href":"https:\/\/www.lavillagardendesign.com\/es\/wp-json\/wp\/v2\/product"}],"about":[{"href":"https:\/\/www.lavillagardendesign.com\/es\/wp-json\/wp\/v2\/types\/product"}],"replies":[{"embeddable":true,"href":"https:\/\/www.lavillagardendesign.com\/es\/wp-json\/wp\/v2\/comments?post=54119"}],"version-history":[{"count":1,"href":"https:\/\/www.lavillagardendesign.com\/es\/wp-json\/wp\/v2\/product\/54119\/revisions"}],"predecessor-version":[{"id":63681,"href":"https:\/\/www.lavillagardendesign.com\/es\/wp-json\/wp\/v2\/product\/54119\/revisions\/63681"}],"wp:featuredmedia":[{"embeddable":true,"href":"https:\/\/www.lavillagardendesign.com\/es\/wp-json\/wp\/v2\/media\/54007"}],"wp:attachment":[{"href":"https:\/\/www.lavillagardendesign.com\/es\/wp-json\/wp\/v2\/media?parent=54119"}],"wp:term":[{"taxonomy":"product_brand","embeddable":true,"href":"https:\/\/www.lavillagardendesign.com\/es\/wp-json\/wp\/v2\/product_brand?post=54119"},{"taxonomy":"product_cat","embeddable":true,"href":"https:\/\/www.lavillagardendesign.com\/es\/wp-json\/wp\/v2\/product_cat?post=54119"},{"taxonomy":"product_tag","embeddable":true,"href":"https:\/\/www.lavillagardendesign.com\/es\/wp-json\/wp\/v2\/product_tag?post=54119"}],"curies":[{"name":"wp","href":"https:\/\/api.w.org\/{rel}","templated":true}]}}