{"id":53162,"date":"2025-04-05T18:11:23","date_gmt":"2025-04-05T17:11:23","guid":{"rendered":"https:\/\/www.lavillagardendesign.com\/product\/mito-sofa-de-aluminio-de-2-plazas\/"},"modified":"2026-02-23T11:41:15","modified_gmt":"2026-02-23T09:41:15","slug":"mito-sofa-de-aluminio-de-2-plazas","status":"publish","type":"product","link":"https:\/\/www.lavillagardendesign.com\/es\/producto\/mito-sofa-de-aluminio-de-2-plazas\/","title":{"rendered":"MITO &#8211; Sof\u00e1 de aluminio de 2 plazas"},"content":{"rendered":"","protected":false},"excerpt":{"rendered":"<p>El sof\u00e1 de 2 plazas MITO combina elegancia y comodidad con su robusta estructura de aluminio, sus cuerdas tejidas y sus cojines de olefina resistentes a la intemperie. Su dise\u00f1o redondeado a\u00f1ade un toque moderno a tu espacio exterior o interior. Disponible en dos colores: blanco\/beige y negro\/negro. Dimensiones: 167 x 86 x 78 cm.   <\/p>\n","protected":false},"featured_media":53151,"comment_status":"open","ping_status":"closed","template":"","meta":[],"product_brand":[5001],"product_cat":[6833,5659,3113,3111],"product_tag":[],"class_list":{"0":"post-53162","1":"product","2":"type-product","3":"status-publish","4":"has-post-thumbnail","6":"product_brand-la-villa-garden","7":"product_cat-outdoor-es","8":"product_cat-promociones-web","9":"product_cat-sofas-es","10":"product_cat-sofas-y-butacas","12":"first","13":"instock","14":"sale","15":"taxable","16":"shipping-taxable","17":"purchasable","18":"product-type-variable"},"yoast_head":"<!-- This site is optimized with the Yoast SEO plugin v27.4 - https:\/\/yoast.com\/product\/yoast-seo-wordpress\/ -->\n<title>MITO - Sof\u00e1 de 2 plazas de aluminio con cojines de olefina<\/title>\n<meta name=\"description\" content=\"Descubre el sof\u00e1 de 2 plazas MITO: estructura de aluminio, cuerdas tejidas, cojines de olefina. Dise\u00f1o redondeado, disponible en blanco\/beige y negro\/negro. Dimensiones: 167 x 86 x 78 cm.\" \/>\n<meta name=\"robots\" content=\"index, follow, max-snippet:-1, max-image-preview:large, max-video-preview:-1\" \/>\n<link rel=\"canonical\" href=\"https:\/\/www.lavillagardendesign.com\/es\/producto\/mito-sofa-de-aluminio-de-2-plazas\/\" \/>\n<meta property=\"og:locale\" content=\"es_ES\" \/>\n<meta property=\"og:type\" content=\"article\" \/>\n<meta property=\"og:title\" content=\"MITO - Sof\u00e1 de 2 plazas de aluminio con cojines de olefina\" \/>\n<meta property=\"og:description\" content=\"Descubre el sof\u00e1 de 2 plazas MITO: estructura de aluminio, cuerdas tejidas, cojines de olefina. Dise\u00f1o redondeado, disponible en blanco\/beige y negro\/negro. Dimensiones: 167 x 86 x 78 cm.\" \/>\n<meta property=\"og:url\" content=\"https:\/\/www.lavillagardendesign.com\/es\/producto\/mito-sofa-de-aluminio-de-2-plazas\/\" \/>\n<meta property=\"og:site_name\" content=\"La Villa Garden&amp;Design\" \/>\n<meta property=\"article:publisher\" content=\"https:\/\/www.facebook.com\/lavillagardendesign\/\" \/>\n<meta property=\"article:modified_time\" content=\"2026-02-23T09:41:15+00:00\" \/>\n<meta property=\"og:image\" content=\"https:\/\/www.lavillagardendesign.com\/wp-content\/uploads\/2025\/04\/AMB-METHOD-\u548c\u6607_4156-\u62f7\u8d1d.jpg\" \/>\n\t<meta property=\"og:image:width\" content=\"1920\" \/>\n\t<meta property=\"og:image:height\" content=\"1439\" \/>\n\t<meta property=\"og:image:type\" content=\"image\/jpeg\" \/>\n<meta name=\"twitter:card\" content=\"summary_large_image\" \/>\n<script type=\"application\/ld+json\" class=\"yoast-schema-graph\">{\"@context\":\"https:\\\/\\\/schema.org\",\"@graph\":[{\"@type\":\"WebPage\",\"@id\":\"https:\\\/\\\/www.lavillagardendesign.com\\\/es\\\/producto\\\/mito-sofa-de-aluminio-de-2-plazas\\\/\",\"url\":\"https:\\\/\\\/www.lavillagardendesign.com\\\/es\\\/producto\\\/mito-sofa-de-aluminio-de-2-plazas\\\/\",\"name\":\"MITO - Sof\u00e1 de 2 plazas de aluminio con cojines de olefina\",\"isPartOf\":{\"@id\":\"https:\\\/\\\/www.lavillagardendesign.com\\\/#website\"},\"primaryImageOfPage\":{\"@id\":\"https:\\\/\\\/www.lavillagardendesign.com\\\/es\\\/producto\\\/mito-sofa-de-aluminio-de-2-plazas\\\/#primaryimage\"},\"image\":{\"@id\":\"https:\\\/\\\/www.lavillagardendesign.com\\\/es\\\/producto\\\/mito-sofa-de-aluminio-de-2-plazas\\\/#primaryimage\"},\"thumbnailUrl\":\"https:\\\/\\\/www.lavillagardendesign.com\\\/wp-content\\\/uploads\\\/2025\\\/04\\\/AMB-METHOD-\u548c\u6607_4156-\u62f7\u8d1d.jpg\",\"datePublished\":\"2025-04-05T17:11:23+00:00\",\"dateModified\":\"2026-02-23T09:41:15+00:00\",\"description\":\"Descubre el sof\u00e1 de 2 plazas MITO: estructura de aluminio, cuerdas tejidas, cojines de olefina. Dise\u00f1o redondeado, disponible en blanco\\\/beige y negro\\\/negro. Dimensiones: 167 x 86 x 78 cm.\",\"breadcrumb\":{\"@id\":\"https:\\\/\\\/www.lavillagardendesign.com\\\/es\\\/producto\\\/mito-sofa-de-aluminio-de-2-plazas\\\/#breadcrumb\"},\"inLanguage\":\"es\",\"potentialAction\":[{\"@type\":\"ReadAction\",\"target\":[\"https:\\\/\\\/www.lavillagardendesign.com\\\/es\\\/producto\\\/mito-sofa-de-aluminio-de-2-plazas\\\/\"]}]},{\"@type\":\"ImageObject\",\"inLanguage\":\"es\",\"@id\":\"https:\\\/\\\/www.lavillagardendesign.com\\\/es\\\/producto\\\/mito-sofa-de-aluminio-de-2-plazas\\\/#primaryimage\",\"url\":\"https:\\\/\\\/www.lavillagardendesign.com\\\/wp-content\\\/uploads\\\/2025\\\/04\\\/AMB-METHOD-\u548c\u6607_4156-\u62f7\u8d1d.jpg\",\"contentUrl\":\"https:\\\/\\\/www.lavillagardendesign.com\\\/wp-content\\\/uploads\\\/2025\\\/04\\\/AMB-METHOD-\u548c\u6607_4156-\u62f7\u8d1d.jpg\",\"width\":1920,\"height\":1439},{\"@type\":\"BreadcrumbList\",\"@id\":\"https:\\\/\\\/www.lavillagardendesign.com\\\/es\\\/producto\\\/mito-sofa-de-aluminio-de-2-plazas\\\/#breadcrumb\",\"itemListElement\":[{\"@type\":\"ListItem\",\"position\":1,\"name\":\"Home\",\"item\":\"https:\\\/\\\/www.lavillagardendesign.com\\\/\"},{\"@type\":\"ListItem\",\"position\":2,\"name\":\"Tienda\",\"item\":\"https:\\\/\\\/www.lavillagardendesign.com\\\/es\\\/tienda\\\/\"},{\"@type\":\"ListItem\",\"position\":3,\"name\":\"MITO &#8211; Sof\u00e1 de aluminio de 2 plazas\"}]},{\"@type\":\"WebSite\",\"@id\":\"https:\\\/\\\/www.lavillagardendesign.com\\\/#website\",\"url\":\"https:\\\/\\\/www.lavillagardendesign.com\\\/\",\"name\":\"La Villa Garden&Design\",\"description\":\"\",\"publisher\":{\"@id\":\"https:\\\/\\\/www.lavillagardendesign.com\\\/#organization\"},\"potentialAction\":[{\"@type\":\"SearchAction\",\"target\":{\"@type\":\"EntryPoint\",\"urlTemplate\":\"https:\\\/\\\/www.lavillagardendesign.com\\\/?s={search_term_string}\"},\"query-input\":{\"@type\":\"PropertyValueSpecification\",\"valueRequired\":true,\"valueName\":\"search_term_string\"}}],\"inLanguage\":\"es\"},{\"@type\":\"Organization\",\"@id\":\"https:\\\/\\\/www.lavillagardendesign.com\\\/#organization\",\"name\":\"La Villa Garden&Design\",\"url\":\"https:\\\/\\\/www.lavillagardendesign.com\\\/\",\"logo\":{\"@type\":\"ImageObject\",\"inLanguage\":\"es\",\"@id\":\"https:\\\/\\\/www.lavillagardendesign.com\\\/#\\\/schema\\\/logo\\\/image\\\/\",\"url\":\"https:\\\/\\\/www.lavillagardendesign.com\\\/wp-content\\\/uploads\\\/2024\\\/04\\\/logolavilla.png\",\"contentUrl\":\"https:\\\/\\\/www.lavillagardendesign.com\\\/wp-content\\\/uploads\\\/2024\\\/04\\\/logolavilla.png\",\"width\":682,\"height\":391,\"caption\":\"La Villa Garden&Design\"},\"image\":{\"@id\":\"https:\\\/\\\/www.lavillagardendesign.com\\\/#\\\/schema\\\/logo\\\/image\\\/\"},\"sameAs\":[\"https:\\\/\\\/www.facebook.com\\\/lavillagardendesign\\\/\"]}]}<\/script>\n<!-- \/ Yoast SEO plugin. -->","yoast_head_json":{"title":"MITO - Sof\u00e1 de 2 plazas de aluminio con cojines de olefina","description":"Descubre el sof\u00e1 de 2 plazas MITO: estructura de aluminio, cuerdas tejidas, cojines de olefina. Dise\u00f1o redondeado, disponible en blanco\/beige y negro\/negro. Dimensiones: 167 x 86 x 78 cm.","robots":{"index":"index","follow":"follow","max-snippet":"max-snippet:-1","max-image-preview":"max-image-preview:large","max-video-preview":"max-video-preview:-1"},"canonical":"https:\/\/www.lavillagardendesign.com\/es\/producto\/mito-sofa-de-aluminio-de-2-plazas\/","og_locale":"es_ES","og_type":"article","og_title":"MITO - Sof\u00e1 de 2 plazas de aluminio con cojines de olefina","og_description":"Descubre el sof\u00e1 de 2 plazas MITO: estructura de aluminio, cuerdas tejidas, cojines de olefina. Dise\u00f1o redondeado, disponible en blanco\/beige y negro\/negro. Dimensiones: 167 x 86 x 78 cm.","og_url":"https:\/\/www.lavillagardendesign.com\/es\/producto\/mito-sofa-de-aluminio-de-2-plazas\/","og_site_name":"La Villa Garden&amp;Design","article_publisher":"https:\/\/www.facebook.com\/lavillagardendesign\/","article_modified_time":"2026-02-23T09:41:15+00:00","og_image":[{"width":1920,"height":1439,"url":"https:\/\/www.lavillagardendesign.com\/wp-content\/uploads\/2025\/04\/AMB-METHOD-\u548c\u6607_4156-\u62f7\u8d1d.jpg","type":"image\/jpeg"}],"twitter_card":"summary_large_image","schema":{"@context":"https:\/\/schema.org","@graph":[{"@type":"WebPage","@id":"https:\/\/www.lavillagardendesign.com\/es\/producto\/mito-sofa-de-aluminio-de-2-plazas\/","url":"https:\/\/www.lavillagardendesign.com\/es\/producto\/mito-sofa-de-aluminio-de-2-plazas\/","name":"MITO - Sof\u00e1 de 2 plazas de aluminio con cojines de olefina","isPartOf":{"@id":"https:\/\/www.lavillagardendesign.com\/#website"},"primaryImageOfPage":{"@id":"https:\/\/www.lavillagardendesign.com\/es\/producto\/mito-sofa-de-aluminio-de-2-plazas\/#primaryimage"},"image":{"@id":"https:\/\/www.lavillagardendesign.com\/es\/producto\/mito-sofa-de-aluminio-de-2-plazas\/#primaryimage"},"thumbnailUrl":"https:\/\/www.lavillagardendesign.com\/wp-content\/uploads\/2025\/04\/AMB-METHOD-\u548c\u6607_4156-\u62f7\u8d1d.jpg","datePublished":"2025-04-05T17:11:23+00:00","dateModified":"2026-02-23T09:41:15+00:00","description":"Descubre el sof\u00e1 de 2 plazas MITO: estructura de aluminio, cuerdas tejidas, cojines de olefina. Dise\u00f1o redondeado, disponible en blanco\/beige y negro\/negro. Dimensiones: 167 x 86 x 78 cm.","breadcrumb":{"@id":"https:\/\/www.lavillagardendesign.com\/es\/producto\/mito-sofa-de-aluminio-de-2-plazas\/#breadcrumb"},"inLanguage":"es","potentialAction":[{"@type":"ReadAction","target":["https:\/\/www.lavillagardendesign.com\/es\/producto\/mito-sofa-de-aluminio-de-2-plazas\/"]}]},{"@type":"ImageObject","inLanguage":"es","@id":"https:\/\/www.lavillagardendesign.com\/es\/producto\/mito-sofa-de-aluminio-de-2-plazas\/#primaryimage","url":"https:\/\/www.lavillagardendesign.com\/wp-content\/uploads\/2025\/04\/AMB-METHOD-\u548c\u6607_4156-\u62f7\u8d1d.jpg","contentUrl":"https:\/\/www.lavillagardendesign.com\/wp-content\/uploads\/2025\/04\/AMB-METHOD-\u548c\u6607_4156-\u62f7\u8d1d.jpg","width":1920,"height":1439},{"@type":"BreadcrumbList","@id":"https:\/\/www.lavillagardendesign.com\/es\/producto\/mito-sofa-de-aluminio-de-2-plazas\/#breadcrumb","itemListElement":[{"@type":"ListItem","position":1,"name":"Home","item":"https:\/\/www.lavillagardendesign.com\/"},{"@type":"ListItem","position":2,"name":"Tienda","item":"https:\/\/www.lavillagardendesign.com\/es\/tienda\/"},{"@type":"ListItem","position":3,"name":"MITO &#8211; Sof\u00e1 de aluminio de 2 plazas"}]},{"@type":"WebSite","@id":"https:\/\/www.lavillagardendesign.com\/#website","url":"https:\/\/www.lavillagardendesign.com\/","name":"La Villa Garden&Design","description":"","publisher":{"@id":"https:\/\/www.lavillagardendesign.com\/#organization"},"potentialAction":[{"@type":"SearchAction","target":{"@type":"EntryPoint","urlTemplate":"https:\/\/www.lavillagardendesign.com\/?s={search_term_string}"},"query-input":{"@type":"PropertyValueSpecification","valueRequired":true,"valueName":"search_term_string"}}],"inLanguage":"es"},{"@type":"Organization","@id":"https:\/\/www.lavillagardendesign.com\/#organization","name":"La Villa Garden&Design","url":"https:\/\/www.lavillagardendesign.com\/","logo":{"@type":"ImageObject","inLanguage":"es","@id":"https:\/\/www.lavillagardendesign.com\/#\/schema\/logo\/image\/","url":"https:\/\/www.lavillagardendesign.com\/wp-content\/uploads\/2024\/04\/logolavilla.png","contentUrl":"https:\/\/www.lavillagardendesign.com\/wp-content\/uploads\/2024\/04\/logolavilla.png","width":682,"height":391,"caption":"La Villa Garden&Design"},"image":{"@id":"https:\/\/www.lavillagardendesign.com\/#\/schema\/logo\/image\/"},"sameAs":["https:\/\/www.facebook.com\/lavillagardendesign\/"]}]}},"_links":{"self":[{"href":"https:\/\/www.lavillagardendesign.com\/es\/wp-json\/wp\/v2\/product\/53162","targetHints":{"allow":["GET"]}}],"collection":[{"href":"https:\/\/www.lavillagardendesign.com\/es\/wp-json\/wp\/v2\/product"}],"about":[{"href":"https:\/\/www.lavillagardendesign.com\/es\/wp-json\/wp\/v2\/types\/product"}],"replies":[{"embeddable":true,"href":"https:\/\/www.lavillagardendesign.com\/es\/wp-json\/wp\/v2\/comments?post=53162"}],"version-history":[{"count":1,"href":"https:\/\/www.lavillagardendesign.com\/es\/wp-json\/wp\/v2\/product\/53162\/revisions"}],"predecessor-version":[{"id":63682,"href":"https:\/\/www.lavillagardendesign.com\/es\/wp-json\/wp\/v2\/product\/53162\/revisions\/63682"}],"wp:featuredmedia":[{"embeddable":true,"href":"https:\/\/www.lavillagardendesign.com\/es\/wp-json\/wp\/v2\/media\/53151"}],"wp:attachment":[{"href":"https:\/\/www.lavillagardendesign.com\/es\/wp-json\/wp\/v2\/media?parent=53162"}],"wp:term":[{"taxonomy":"product_brand","embeddable":true,"href":"https:\/\/www.lavillagardendesign.com\/es\/wp-json\/wp\/v2\/product_brand?post=53162"},{"taxonomy":"product_cat","embeddable":true,"href":"https:\/\/www.lavillagardendesign.com\/es\/wp-json\/wp\/v2\/product_cat?post=53162"},{"taxonomy":"product_tag","embeddable":true,"href":"https:\/\/www.lavillagardendesign.com\/es\/wp-json\/wp\/v2\/product_tag?post=53162"}],"curies":[{"name":"wp","href":"https:\/\/api.w.org\/{rel}","templated":true}]}}