{"id":50372,"date":"2024-01-29T20:00:11","date_gmt":"2024-01-29T19:00:11","guid":{"rendered":"https:\/\/www.lavillagardendesign.com\/product\/africa-silla-apilable-para-exterior\/"},"modified":"2026-03-10T03:38:18","modified_gmt":"2026-03-10T02:38:18","slug":"africa-silla-apilable-para-exterior","status":"publish","type":"product","link":"https:\/\/www.lavillagardendesign.com\/es\/producto\/africa-silla-apilable-para-exterior\/","title":{"rendered":"AFRICA \u2013 Silla apilable para exterior"},"content":{"rendered":"\t\t\t<link rel=\"stylesheet\" id=\"elementor-post-36111-css\" href=\"https:\/\/www.lavillagardendesign.com\/wp-content\/uploads\/elementor\/css\/post-36111.css?ver=1776105978\" type=\"text\/css\" media=\"all\">\n\t\t\t\t\t<div data-elementor-type=\"wp-post\" data-elementor-id=\"36111\" class=\"elementor elementor-36111 elementor-766\" data-elementor-post-type=\"cms_block\">\n\t\t\t\t<div class=\"elementor-element elementor-element-24b0cf0 e-flex e-con-boxed e-con e-parent\" data-id=\"24b0cf0\" data-element_type=\"container\" data-e-type=\"container\">\n\t\t\t\t\t<div class=\"e-con-inner\">\n\t\t\t\t<div class=\"elementor-element elementor-element-4175a57 elementor-widget elementor-widget-image\" data-id=\"4175a57\" data-element_type=\"widget\" data-e-type=\"widget\" data-widget_type=\"image.default\">\n\t\t\t\t<div class=\"elementor-widget-container\">\n\t\t\t\t\t\t\t\t\t\t\t\t\t\t\t<img fetchpriority=\"high\" decoding=\"async\" width=\"630\" height=\"189\" src=\"https:\/\/www.lavillagardendesign.com\/wp-content\/uploads\/2023\/04\/LOGO-VONDOM-800x566-1-e1711382763752.jpg\" class=\"attachment-large size-large wp-image-36103\" alt=\"\" srcset=\"https:\/\/www.lavillagardendesign.com\/wp-content\/uploads\/2023\/04\/LOGO-VONDOM-800x566-1-e1711382763752.jpg 630w, https:\/\/www.lavillagardendesign.com\/wp-content\/uploads\/2023\/04\/LOGO-VONDOM-800x566-1-e1711382763752-600x180.jpg 600w, https:\/\/www.lavillagardendesign.com\/wp-content\/uploads\/2023\/04\/LOGO-VONDOM-800x566-1-e1711382763752-300x90.jpg 300w\" sizes=\"(max-width: 630px) 100vw, 630px\" \/>\t\t\t\t\t\t\t\t\t\t\t\t\t\t\t<\/div>\n\t\t\t\t<\/div>\n\t\t\t\t\t<\/div>\n\t\t\t\t<\/div>\n\t\t<div class=\"elementor-element elementor-element-5fcd76a e-flex e-con-boxed e-con e-parent\" data-id=\"5fcd76a\" data-element_type=\"container\" data-e-type=\"container\">\n\t\t\t\t\t<div class=\"e-con-inner\">\n\t\t<div class=\"elementor-element elementor-element-ef1e14d e-con-full e-flex e-con e-child\" data-id=\"ef1e14d\" data-element_type=\"container\" data-e-type=\"container\">\n\t\t\t\t<div class=\"elementor-element elementor-element-9a82866 elementor-widget elementor-widget-wd_banner\" data-id=\"9a82866\" data-element_type=\"widget\" data-e-type=\"widget\" data-widget_type=\"wd_banner.default\">\n\t\t\t\t<div class=\"elementor-widget-container\">\n\t\t\t\t\t\t\t<div class=\"promo-banner-wrapper\">\n\t\t\t<div class=\"promo-banner banner-default banner-hover-none color-scheme- banner-btn-size-default banner-btn-style-default\">\n\t\t\t\t<div class=\"main-wrapp-img\">\n\t\t\t\t\t<div class=\"banner-image\">\n\t\t\t\t\t\t\t\t\t\t\t\t\t\t\t\t\t\t\t\t\t<img decoding=\"async\" width=\"1536\" height=\"780\" src=\"https:\/\/www.lavillagardendesign.com\/wp-content\/uploads\/2023\/04\/who-we-are-intro.webp\" class=\"attachment-1536x1536 size-1536x1536\" alt=\"\" srcset=\"https:\/\/www.lavillagardendesign.com\/wp-content\/uploads\/2023\/04\/who-we-are-intro.webp 1680w, https:\/\/www.lavillagardendesign.com\/wp-content\/uploads\/2023\/04\/who-we-are-intro-600x305.webp 600w, https:\/\/www.lavillagardendesign.com\/wp-content\/uploads\/2023\/04\/who-we-are-intro-300x152.webp 300w, https:\/\/www.lavillagardendesign.com\/wp-content\/uploads\/2023\/04\/who-we-are-intro-1200x609.webp 1200w, https:\/\/www.lavillagardendesign.com\/wp-content\/uploads\/2023\/04\/who-we-are-intro-400x203.webp 400w, https:\/\/www.lavillagardendesign.com\/wp-content\/uploads\/2023\/04\/who-we-are-intro-1300x660.webp 1300w, https:\/\/www.lavillagardendesign.com\/wp-content\/uploads\/2023\/04\/who-we-are-intro-768x390.webp 768w, https:\/\/www.lavillagardendesign.com\/wp-content\/uploads\/2023\/04\/who-we-are-intro-1536x780.webp 1536w\" sizes=\"(max-width: 1536px) 100vw, 1536px\" \/>\t\t\t\t\t\t\t\t\t\t\t\t\t\t\t\t\t\t<\/div>\n\t\t\t\t<\/div>\n\n\t\t\t\t<div class=\"wrapper-content-banner wd-fill wd-items-top wd-justify-left\">\n\t\t\t\t\t<div class=\"content-banner  text-left\">\n\t\t\t\t\t\t\n\t\t\t\t\t\t\n\t\t\t\t\t\t\n\t\t\t\t\t\t\n\t\t\t\t\t\t\t\t\t\t\t<\/div>\n\t\t\t\t<\/div>\n\n\t\t\t\t\t\t\t<\/div>\n\t\t<\/div>\n\t\t\t\t\t\t<\/div>\n\t\t\t\t<\/div>\n\t\t\t\t<\/div>\n\t\t<div class=\"elementor-element elementor-element-957fba5 e-con-full e-flex e-con e-child\" data-id=\"957fba5\" data-element_type=\"container\" data-e-type=\"container\">\n\t\t\t\t<div class=\"elementor-element elementor-element-d7f238d wd-width-100 elementor-widget elementor-widget-wd_title\" data-id=\"d7f238d\" data-element_type=\"widget\" data-e-type=\"widget\" data-widget_type=\"wd_title.default\">\n\t\t\t\t<div class=\"elementor-widget-container\">\n\t\t\t\t\t\t\t<div class=\"title-wrapper set-mb-s reset-last-child wd-title-color-default wd-title-style-default wd-title-size-medium text-left\">\n\n\t\t\t\n\t\t\t<div class=\"liner-continer\">\n\t\t\t\t<h4 class=\"woodmart-title-container title wd-fontsize-xl\">VONDOM<\/h4> \n\t\t\t\t\t\t\t<\/div>\n\n\t\t\t\t\t\t\t<div class=\"title-after_title set-cont-mb-s reset-last-child wd-fontsize-s\">\n\t\t\t\t\t<p>Un estilo de vida, una manera de ser. As\u00ed es Vondom. <br \/>Mobiliario hecho con pasi\u00f3n. Dise\u00f1ado por y para personas din\u00e1micas, innovadoras, con inquietudes\u2026 Como t\u00fa, que disfrutas de la moda y las tendencias, pero que tambi\u00e9n exiges la m\u00e1xima calidad en aquello que te rodea.<\/p>\t\t\t\t<\/div>\n\t\t\t\t\t<\/div>\n\t\t\t\t\t\t<\/div>\n\t\t\t\t<\/div>\n\t\t\t\t<div class=\"elementor-element elementor-element-720eff4 elementor-widget elementor-widget-spacer\" data-id=\"720eff4\" data-element_type=\"widget\" data-e-type=\"widget\" data-widget_type=\"spacer.default\">\n\t\t\t\t<div class=\"elementor-widget-container\">\n\t\t\t\t\t\t\t<div class=\"elementor-spacer\">\n\t\t\t<div class=\"elementor-spacer-inner\"><\/div>\n\t\t<\/div>\n\t\t\t\t\t\t<\/div>\n\t\t\t\t<\/div>\n\t\t\t\t<div class=\"elementor-element elementor-element-b473e89 wd-width-100 elementor-widget elementor-widget-wd_title\" data-id=\"b473e89\" data-element_type=\"widget\" data-e-type=\"widget\" data-widget_type=\"wd_title.default\">\n\t\t\t\t<div class=\"elementor-widget-container\">\n\t\t\t\t\t\t\t<div class=\"title-wrapper set-mb-s reset-last-child wd-title-color-default wd-title-style-default wd-title-size-medium text-left\">\n\n\t\t\t\n\t\t\t<div class=\"liner-continer\">\n\t\t\t\t<h4 class=\"woodmart-title-container title wd-fontsize-xl\">\u00a1Dise\u00f1o, dise\u00f1o, dise\u00f1o!<\/h4> \n\t\t\t\t\t\t\t<\/div>\n\n\t\t\t\t\t\t\t<div class=\"title-after_title set-cont-mb-s reset-last-child wd-fontsize-s\">\n\t\t\t\t\t<p>La cultura del dise\u00f1o es nuestra clave del \u00e9xito. Ella es la que nos mueve a crear nuevas colecciones con las que dotar el espacio de una nueva dimensi\u00f3n. Generamos un di\u00e1logo entre el entorno y las formas. El mobiliario de dise\u00f1o de Vondom tiene la capacidad de transformar lo m\u00e1s simple en un ambiente lleno de glamour, \u00fanico y extraordinario. Porque de eso se trata, de crear atm\u00f3sferas en las que sentir que la vida es nuestra y que cada uno de nosotros estamos ah\u00ed para poder vivirla, disfrutarla y rodearnos de su belleza.<\/p>\t\t\t\t<\/div>\n\t\t\t\t\t<\/div>\n\t\t\t\t\t\t<\/div>\n\t\t\t\t<\/div>\n\t\t\t\t<\/div>\n\t\t\t\t\t<\/div>\n\t\t\t\t<\/div>\n\t\t\t\t<\/div>\n\t\t\n","protected":false},"excerpt":{"rendered":"<p>La silla de exterior Africa es elegante y funcional, fabricada en polipropileno reforzado con fibra de vidrio mediante inyecci\u00f3n de gas. Apilable y disponible en varios colores, es ideal para espacios interiores y exteriores. Con el acabado Vondom Revolution, est\u00e1 hecha de pl\u00e1stico 100 % reciclado, incluyendo redes de pesca, pl\u00e1sticos recogidos en las Islas Baleares y botellas del mar Mediterr\u00e1neo, combinando dise\u00f1o y sostenibilidad.  <\/p>\n","protected":false},"featured_media":50149,"comment_status":"open","ping_status":"closed","template":"","meta":[],"product_brand":[5000],"product_cat":[6833,3105,3107,4576,4561],"product_tag":[],"class_list":{"0":"post-50372","1":"product","2":"type-product","3":"status-publish","4":"has-post-thumbnail","6":"product_brand-vondom","7":"product_cat-outdoor-es","8":"product_cat-sillas","9":"product_cat-sillas-de-comedor","10":"product_cat-productos-vondom-es","11":"product_cat-sillas-vondom","12":"product_shipping_class-vondom-es","14":"first","15":"instock","16":"taxable","17":"shipping-taxable","18":"purchasable","19":"product-type-variable","20":"has-default-attributes"},"yoast_head":"<!-- This site is optimized with the Yoast SEO plugin v27.1.1 - https:\/\/yoast.com\/product\/yoast-seo-wordpress\/ -->\n<title>Africa - Silla de exterior apilable | Dise\u00f1o ecol\u00f3gico<\/title>\n<meta name=\"description\" content=\"Descubre la silla Africa, apilable y fabricada con pl\u00e1stico 100 % reciclado. Un dise\u00f1o elegante y sostenible, ideal para interior y exterior.\" \/>\n<meta name=\"robots\" content=\"index, follow, max-snippet:-1, max-image-preview:large, max-video-preview:-1\" \/>\n<link rel=\"canonical\" href=\"https:\/\/www.lavillagardendesign.com\/es\/producto\/africa-silla-apilable-para-exterior\/\" \/>\n<meta property=\"og:locale\" content=\"es_ES\" \/>\n<meta property=\"og:type\" content=\"article\" \/>\n<meta property=\"og:title\" content=\"Africa - Silla de exterior apilable | Dise\u00f1o ecol\u00f3gico\" \/>\n<meta property=\"og:description\" content=\"Descubre la silla Africa, apilable y fabricada con pl\u00e1stico 100 % reciclado. Un dise\u00f1o elegante y sostenible, ideal para interior y exterior.\" \/>\n<meta property=\"og:url\" content=\"https:\/\/www.lavillagardendesign.com\/es\/producto\/africa-silla-apilable-para-exterior\/\" \/>\n<meta property=\"og:site_name\" content=\"La Villa Garden&amp;Design\" \/>\n<meta property=\"article:publisher\" content=\"https:\/\/www.facebook.com\/lavillagardendesign\/\" \/>\n<meta property=\"article:modified_time\" content=\"2026-03-10T02:38:18+00:00\" \/>\n<meta property=\"og:image\" content=\"https:\/\/www.lavillagardendesign.com\/wp-content\/uploads\/2024\/01\/Vondom_65036_AFRICA_SILLA_1_Ecru.jpg\" \/>\n\t<meta property=\"og:image:width\" content=\"800\" \/>\n\t<meta property=\"og:image:height\" content=\"800\" \/>\n\t<meta property=\"og:image:type\" content=\"image\/jpeg\" \/>\n<meta name=\"twitter:card\" content=\"summary_large_image\" \/>\n<script type=\"application\/ld+json\" class=\"yoast-schema-graph\">{\"@context\":\"https:\/\/schema.org\",\"@graph\":[{\"@type\":\"WebPage\",\"@id\":\"https:\/\/www.lavillagardendesign.com\/es\/producto\/africa-silla-apilable-para-exterior\/\",\"url\":\"https:\/\/www.lavillagardendesign.com\/es\/producto\/africa-silla-apilable-para-exterior\/\",\"name\":\"Africa - Silla de exterior apilable | Dise\u00f1o ecol\u00f3gico\",\"isPartOf\":{\"@id\":\"https:\/\/www.lavillagardendesign.com\/#website\"},\"primaryImageOfPage\":{\"@id\":\"https:\/\/www.lavillagardendesign.com\/es\/producto\/africa-silla-apilable-para-exterior\/#primaryimage\"},\"image\":{\"@id\":\"https:\/\/www.lavillagardendesign.com\/es\/producto\/africa-silla-apilable-para-exterior\/#primaryimage\"},\"thumbnailUrl\":\"https:\/\/www.lavillagardendesign.com\/wp-content\/uploads\/2024\/01\/Vondom_65036_AFRICA_SILLA_1_Ecru.jpg\",\"datePublished\":\"2024-01-29T19:00:11+00:00\",\"dateModified\":\"2026-03-10T02:38:18+00:00\",\"description\":\"Descubre la silla Africa, apilable y fabricada con pl\u00e1stico 100 % reciclado. Un dise\u00f1o elegante y sostenible, ideal para interior y exterior.\",\"breadcrumb\":{\"@id\":\"https:\/\/www.lavillagardendesign.com\/es\/producto\/africa-silla-apilable-para-exterior\/#breadcrumb\"},\"inLanguage\":\"es\",\"potentialAction\":[{\"@type\":\"ReadAction\",\"target\":[\"https:\/\/www.lavillagardendesign.com\/es\/producto\/africa-silla-apilable-para-exterior\/\"]}]},{\"@type\":\"ImageObject\",\"inLanguage\":\"es\",\"@id\":\"https:\/\/www.lavillagardendesign.com\/es\/producto\/africa-silla-apilable-para-exterior\/#primaryimage\",\"url\":\"https:\/\/www.lavillagardendesign.com\/wp-content\/uploads\/2024\/01\/Vondom_65036_AFRICA_SILLA_1_Ecru.jpg\",\"contentUrl\":\"https:\/\/www.lavillagardendesign.com\/wp-content\/uploads\/2024\/01\/Vondom_65036_AFRICA_SILLA_1_Ecru.jpg\",\"width\":800,\"height\":800},{\"@type\":\"BreadcrumbList\",\"@id\":\"https:\/\/www.lavillagardendesign.com\/es\/producto\/africa-silla-apilable-para-exterior\/#breadcrumb\",\"itemListElement\":[{\"@type\":\"ListItem\",\"position\":1,\"name\":\"Home\",\"item\":\"https:\/\/www.lavillagardendesign.com\/\"},{\"@type\":\"ListItem\",\"position\":2,\"name\":\"Tienda\",\"item\":\"https:\/\/www.lavillagardendesign.com\/es\/tienda\/\"},{\"@type\":\"ListItem\",\"position\":3,\"name\":\"AFRICA \u2013 Silla apilable para exterior\"}]},{\"@type\":\"WebSite\",\"@id\":\"https:\/\/www.lavillagardendesign.com\/#website\",\"url\":\"https:\/\/www.lavillagardendesign.com\/\",\"name\":\"La Villa Garden&Design\",\"description\":\"\",\"publisher\":{\"@id\":\"https:\/\/www.lavillagardendesign.com\/#organization\"},\"potentialAction\":[{\"@type\":\"SearchAction\",\"target\":{\"@type\":\"EntryPoint\",\"urlTemplate\":\"https:\/\/www.lavillagardendesign.com\/?s={search_term_string}\"},\"query-input\":{\"@type\":\"PropertyValueSpecification\",\"valueRequired\":true,\"valueName\":\"search_term_string\"}}],\"inLanguage\":\"es\"},{\"@type\":\"Organization\",\"@id\":\"https:\/\/www.lavillagardendesign.com\/#organization\",\"name\":\"La Villa Garden&Design\",\"url\":\"https:\/\/www.lavillagardendesign.com\/\",\"logo\":{\"@type\":\"ImageObject\",\"inLanguage\":\"es\",\"@id\":\"https:\/\/www.lavillagardendesign.com\/#\/schema\/logo\/image\/\",\"url\":\"https:\/\/www.lavillagardendesign.com\/wp-content\/uploads\/2024\/04\/logolavilla.png\",\"contentUrl\":\"https:\/\/www.lavillagardendesign.com\/wp-content\/uploads\/2024\/04\/logolavilla.png\",\"width\":682,\"height\":391,\"caption\":\"La Villa Garden&Design\"},\"image\":{\"@id\":\"https:\/\/www.lavillagardendesign.com\/#\/schema\/logo\/image\/\"},\"sameAs\":[\"https:\/\/www.facebook.com\/lavillagardendesign\/\"]}]}<\/script>\n<!-- \/ Yoast SEO plugin. -->","yoast_head_json":{"title":"Africa - Silla de exterior apilable | Dise\u00f1o ecol\u00f3gico","description":"Descubre la silla Africa, apilable y fabricada con pl\u00e1stico 100 % reciclado. Un dise\u00f1o elegante y sostenible, ideal para interior y exterior.","robots":{"index":"index","follow":"follow","max-snippet":"max-snippet:-1","max-image-preview":"max-image-preview:large","max-video-preview":"max-video-preview:-1"},"canonical":"https:\/\/www.lavillagardendesign.com\/es\/producto\/africa-silla-apilable-para-exterior\/","og_locale":"es_ES","og_type":"article","og_title":"Africa - Silla de exterior apilable | Dise\u00f1o ecol\u00f3gico","og_description":"Descubre la silla Africa, apilable y fabricada con pl\u00e1stico 100 % reciclado. Un dise\u00f1o elegante y sostenible, ideal para interior y exterior.","og_url":"https:\/\/www.lavillagardendesign.com\/es\/producto\/africa-silla-apilable-para-exterior\/","og_site_name":"La Villa Garden&amp;Design","article_publisher":"https:\/\/www.facebook.com\/lavillagardendesign\/","article_modified_time":"2026-03-10T02:38:18+00:00","og_image":[{"width":800,"height":800,"url":"https:\/\/www.lavillagardendesign.com\/wp-content\/uploads\/2024\/01\/Vondom_65036_AFRICA_SILLA_1_Ecru.jpg","type":"image\/jpeg"}],"twitter_card":"summary_large_image","schema":{"@context":"https:\/\/schema.org","@graph":[{"@type":"WebPage","@id":"https:\/\/www.lavillagardendesign.com\/es\/producto\/africa-silla-apilable-para-exterior\/","url":"https:\/\/www.lavillagardendesign.com\/es\/producto\/africa-silla-apilable-para-exterior\/","name":"Africa - Silla de exterior apilable | Dise\u00f1o ecol\u00f3gico","isPartOf":{"@id":"https:\/\/www.lavillagardendesign.com\/#website"},"primaryImageOfPage":{"@id":"https:\/\/www.lavillagardendesign.com\/es\/producto\/africa-silla-apilable-para-exterior\/#primaryimage"},"image":{"@id":"https:\/\/www.lavillagardendesign.com\/es\/producto\/africa-silla-apilable-para-exterior\/#primaryimage"},"thumbnailUrl":"https:\/\/www.lavillagardendesign.com\/wp-content\/uploads\/2024\/01\/Vondom_65036_AFRICA_SILLA_1_Ecru.jpg","datePublished":"2024-01-29T19:00:11+00:00","dateModified":"2026-03-10T02:38:18+00:00","description":"Descubre la silla Africa, apilable y fabricada con pl\u00e1stico 100 % reciclado. Un dise\u00f1o elegante y sostenible, ideal para interior y exterior.","breadcrumb":{"@id":"https:\/\/www.lavillagardendesign.com\/es\/producto\/africa-silla-apilable-para-exterior\/#breadcrumb"},"inLanguage":"es","potentialAction":[{"@type":"ReadAction","target":["https:\/\/www.lavillagardendesign.com\/es\/producto\/africa-silla-apilable-para-exterior\/"]}]},{"@type":"ImageObject","inLanguage":"es","@id":"https:\/\/www.lavillagardendesign.com\/es\/producto\/africa-silla-apilable-para-exterior\/#primaryimage","url":"https:\/\/www.lavillagardendesign.com\/wp-content\/uploads\/2024\/01\/Vondom_65036_AFRICA_SILLA_1_Ecru.jpg","contentUrl":"https:\/\/www.lavillagardendesign.com\/wp-content\/uploads\/2024\/01\/Vondom_65036_AFRICA_SILLA_1_Ecru.jpg","width":800,"height":800},{"@type":"BreadcrumbList","@id":"https:\/\/www.lavillagardendesign.com\/es\/producto\/africa-silla-apilable-para-exterior\/#breadcrumb","itemListElement":[{"@type":"ListItem","position":1,"name":"Home","item":"https:\/\/www.lavillagardendesign.com\/"},{"@type":"ListItem","position":2,"name":"Tienda","item":"https:\/\/www.lavillagardendesign.com\/es\/tienda\/"},{"@type":"ListItem","position":3,"name":"AFRICA \u2013 Silla apilable para exterior"}]},{"@type":"WebSite","@id":"https:\/\/www.lavillagardendesign.com\/#website","url":"https:\/\/www.lavillagardendesign.com\/","name":"La Villa Garden&Design","description":"","publisher":{"@id":"https:\/\/www.lavillagardendesign.com\/#organization"},"potentialAction":[{"@type":"SearchAction","target":{"@type":"EntryPoint","urlTemplate":"https:\/\/www.lavillagardendesign.com\/?s={search_term_string}"},"query-input":{"@type":"PropertyValueSpecification","valueRequired":true,"valueName":"search_term_string"}}],"inLanguage":"es"},{"@type":"Organization","@id":"https:\/\/www.lavillagardendesign.com\/#organization","name":"La Villa Garden&Design","url":"https:\/\/www.lavillagardendesign.com\/","logo":{"@type":"ImageObject","inLanguage":"es","@id":"https:\/\/www.lavillagardendesign.com\/#\/schema\/logo\/image\/","url":"https:\/\/www.lavillagardendesign.com\/wp-content\/uploads\/2024\/04\/logolavilla.png","contentUrl":"https:\/\/www.lavillagardendesign.com\/wp-content\/uploads\/2024\/04\/logolavilla.png","width":682,"height":391,"caption":"La Villa Garden&Design"},"image":{"@id":"https:\/\/www.lavillagardendesign.com\/#\/schema\/logo\/image\/"},"sameAs":["https:\/\/www.facebook.com\/lavillagardendesign\/"]}]}},"_links":{"self":[{"href":"https:\/\/www.lavillagardendesign.com\/es\/wp-json\/wp\/v2\/product\/50372","targetHints":{"allow":["GET"]}}],"collection":[{"href":"https:\/\/www.lavillagardendesign.com\/es\/wp-json\/wp\/v2\/product"}],"about":[{"href":"https:\/\/www.lavillagardendesign.com\/es\/wp-json\/wp\/v2\/types\/product"}],"replies":[{"embeddable":true,"href":"https:\/\/www.lavillagardendesign.com\/es\/wp-json\/wp\/v2\/comments?post=50372"}],"version-history":[{"count":1,"href":"https:\/\/www.lavillagardendesign.com\/es\/wp-json\/wp\/v2\/product\/50372\/revisions"}],"predecessor-version":[{"id":51177,"href":"https:\/\/www.lavillagardendesign.com\/es\/wp-json\/wp\/v2\/product\/50372\/revisions\/51177"}],"wp:featuredmedia":[{"embeddable":true,"href":"https:\/\/www.lavillagardendesign.com\/es\/wp-json\/wp\/v2\/media\/50149"}],"wp:attachment":[{"href":"https:\/\/www.lavillagardendesign.com\/es\/wp-json\/wp\/v2\/media?parent=50372"}],"wp:term":[{"taxonomy":"product_brand","embeddable":true,"href":"https:\/\/www.lavillagardendesign.com\/es\/wp-json\/wp\/v2\/product_brand?post=50372"},{"taxonomy":"product_cat","embeddable":true,"href":"https:\/\/www.lavillagardendesign.com\/es\/wp-json\/wp\/v2\/product_cat?post=50372"},{"taxonomy":"product_tag","embeddable":true,"href":"https:\/\/www.lavillagardendesign.com\/es\/wp-json\/wp\/v2\/product_tag?post=50372"}],"curies":[{"name":"wp","href":"https:\/\/api.w.org\/{rel}","templated":true}]}}