{"id":49874,"date":"2025-01-11T13:09:10","date_gmt":"2025-01-11T12:09:10","guid":{"rendered":"https:\/\/www.lavillagardendesign.com\/product\/rio-taburete-de-bar-de-aluminio-y-tejido-de-olefina\/"},"modified":"2026-02-23T13:10:48","modified_gmt":"2026-02-23T11:10:48","slug":"rio-taburete-de-bar-de-aluminio-y-tejido-de-olefina","status":"publish","type":"product","link":"https:\/\/www.lavillagardendesign.com\/es\/producto\/rio-taburete-de-bar-de-aluminio-y-tejido-de-olefina\/","title":{"rendered":"RIO &#8211; Taburete de bar de aluminio y tejido de olefina"},"content":{"rendered":"","protected":false},"excerpt":{"rendered":"<p>El taburete de bar RIO destaca por su dise\u00f1o moderno y su construcci\u00f3n robusta, perfecto para espacios exteriores. Su estructura de aluminio ligera pero resistente se combina con un trenzado de ol\u00e9fine duradero y un coj\u00edn de asiento c\u00f3modo. Disponible en dos acabados elegantes: negro con trenzado gris y coj\u00edn gris, o blanco con trenzado beige y coj\u00edn beige, este taburete es ideal para mesas altas o barras de bar exteriores. Una combinaci\u00f3n perfecta de estilo contempor\u00e1neo y funcionalidad.   <\/p>\n","protected":false},"featured_media":49810,"comment_status":"open","ping_status":"closed","template":"","meta":[],"product_brand":[5001],"product_cat":[6833,3105,3106,5659],"product_tag":[],"class_list":{"0":"post-49874","1":"product","2":"type-product","3":"status-publish","4":"has-post-thumbnail","6":"product_brand-la-villa-garden","7":"product_cat-outdoor-es","8":"product_cat-sillas","9":"product_cat-taburetes","10":"product_cat-promociones-web","12":"first","13":"instock","14":"sale","15":"taxable","16":"shipping-taxable","17":"purchasable","18":"product-type-variable","19":"has-default-attributes"},"yoast_head":"<!-- This site is optimized with the Yoast SEO plugin v27.1.1 - https:\/\/yoast.com\/product\/yoast-seo-wordpress\/ -->\n<title>RIO \u2013 Taburete de bar con estructura de aluminio y trenzado de ol\u00e9fine<\/title>\n<meta name=\"description\" content=\"Elige el taburete de bar RIO: estructura de aluminio, trenzado de ol\u00e9fine duradero y coj\u00edn c\u00f3modo. Disponible en negro\/gris o blanco\/beige.\" \/>\n<meta name=\"robots\" content=\"index, follow, max-snippet:-1, max-image-preview:large, max-video-preview:-1\" \/>\n<link rel=\"canonical\" href=\"https:\/\/www.lavillagardendesign.com\/es\/producto\/rio-taburete-de-bar-de-aluminio-y-tejido-de-olefina\/\" \/>\n<meta property=\"og:locale\" content=\"es_ES\" \/>\n<meta property=\"og:type\" content=\"article\" \/>\n<meta property=\"og:title\" content=\"RIO \u2013 Taburete de bar con estructura de aluminio y trenzado de ol\u00e9fine\" \/>\n<meta property=\"og:description\" content=\"Elige el taburete de bar RIO: estructura de aluminio, trenzado de ol\u00e9fine duradero y coj\u00edn c\u00f3modo. Disponible en negro\/gris o blanco\/beige.\" \/>\n<meta property=\"og:url\" content=\"https:\/\/www.lavillagardendesign.com\/es\/producto\/rio-taburete-de-bar-de-aluminio-y-tejido-de-olefina\/\" \/>\n<meta property=\"og:site_name\" content=\"La Villa Garden&amp;Design\" \/>\n<meta property=\"article:publisher\" content=\"https:\/\/www.facebook.com\/lavillagardendesign\/\" \/>\n<meta property=\"article:modified_time\" content=\"2026-02-23T11:10:48+00:00\" \/>\n<meta property=\"og:image\" content=\"https:\/\/www.lavillagardendesign.com\/wp-content\/uploads\/2025\/01\/AMB-RIO-DAB683ROWH_600x.webp\" \/>\n\t<meta property=\"og:image:width\" content=\"600\" \/>\n\t<meta property=\"og:image:height\" content=\"600\" \/>\n\t<meta property=\"og:image:type\" content=\"image\/webp\" \/>\n<meta name=\"twitter:card\" content=\"summary_large_image\" \/>\n<script type=\"application\/ld+json\" class=\"yoast-schema-graph\">{\"@context\":\"https:\/\/schema.org\",\"@graph\":[{\"@type\":\"WebPage\",\"@id\":\"https:\/\/www.lavillagardendesign.com\/es\/producto\/rio-taburete-de-bar-de-aluminio-y-tejido-de-olefina\/\",\"url\":\"https:\/\/www.lavillagardendesign.com\/es\/producto\/rio-taburete-de-bar-de-aluminio-y-tejido-de-olefina\/\",\"name\":\"RIO \u2013 Taburete de bar con estructura de aluminio y trenzado de ol\u00e9fine\",\"isPartOf\":{\"@id\":\"https:\/\/www.lavillagardendesign.com\/#website\"},\"primaryImageOfPage\":{\"@id\":\"https:\/\/www.lavillagardendesign.com\/es\/producto\/rio-taburete-de-bar-de-aluminio-y-tejido-de-olefina\/#primaryimage\"},\"image\":{\"@id\":\"https:\/\/www.lavillagardendesign.com\/es\/producto\/rio-taburete-de-bar-de-aluminio-y-tejido-de-olefina\/#primaryimage\"},\"thumbnailUrl\":\"https:\/\/www.lavillagardendesign.com\/wp-content\/uploads\/2025\/01\/AMB-RIO-DAB683ROWH_600x.webp\",\"datePublished\":\"2025-01-11T12:09:10+00:00\",\"dateModified\":\"2026-02-23T11:10:48+00:00\",\"description\":\"Elige el taburete de bar RIO: estructura de aluminio, trenzado de ol\u00e9fine duradero y coj\u00edn c\u00f3modo. Disponible en negro\/gris o blanco\/beige.\",\"breadcrumb\":{\"@id\":\"https:\/\/www.lavillagardendesign.com\/es\/producto\/rio-taburete-de-bar-de-aluminio-y-tejido-de-olefina\/#breadcrumb\"},\"inLanguage\":\"es\",\"potentialAction\":[{\"@type\":\"ReadAction\",\"target\":[\"https:\/\/www.lavillagardendesign.com\/es\/producto\/rio-taburete-de-bar-de-aluminio-y-tejido-de-olefina\/\"]}]},{\"@type\":\"ImageObject\",\"inLanguage\":\"es\",\"@id\":\"https:\/\/www.lavillagardendesign.com\/es\/producto\/rio-taburete-de-bar-de-aluminio-y-tejido-de-olefina\/#primaryimage\",\"url\":\"https:\/\/www.lavillagardendesign.com\/wp-content\/uploads\/2025\/01\/AMB-RIO-DAB683ROWH_600x.webp\",\"contentUrl\":\"https:\/\/www.lavillagardendesign.com\/wp-content\/uploads\/2025\/01\/AMB-RIO-DAB683ROWH_600x.webp\",\"width\":600,\"height\":600},{\"@type\":\"BreadcrumbList\",\"@id\":\"https:\/\/www.lavillagardendesign.com\/es\/producto\/rio-taburete-de-bar-de-aluminio-y-tejido-de-olefina\/#breadcrumb\",\"itemListElement\":[{\"@type\":\"ListItem\",\"position\":1,\"name\":\"Home\",\"item\":\"https:\/\/www.lavillagardendesign.com\/\"},{\"@type\":\"ListItem\",\"position\":2,\"name\":\"Tienda\",\"item\":\"https:\/\/www.lavillagardendesign.com\/es\/tienda\/\"},{\"@type\":\"ListItem\",\"position\":3,\"name\":\"RIO &#8211; Taburete de bar de aluminio y tejido de olefina\"}]},{\"@type\":\"WebSite\",\"@id\":\"https:\/\/www.lavillagardendesign.com\/#website\",\"url\":\"https:\/\/www.lavillagardendesign.com\/\",\"name\":\"La Villa Garden&Design\",\"description\":\"\",\"publisher\":{\"@id\":\"https:\/\/www.lavillagardendesign.com\/#organization\"},\"potentialAction\":[{\"@type\":\"SearchAction\",\"target\":{\"@type\":\"EntryPoint\",\"urlTemplate\":\"https:\/\/www.lavillagardendesign.com\/?s={search_term_string}\"},\"query-input\":{\"@type\":\"PropertyValueSpecification\",\"valueRequired\":true,\"valueName\":\"search_term_string\"}}],\"inLanguage\":\"es\"},{\"@type\":\"Organization\",\"@id\":\"https:\/\/www.lavillagardendesign.com\/#organization\",\"name\":\"La Villa Garden&Design\",\"url\":\"https:\/\/www.lavillagardendesign.com\/\",\"logo\":{\"@type\":\"ImageObject\",\"inLanguage\":\"es\",\"@id\":\"https:\/\/www.lavillagardendesign.com\/#\/schema\/logo\/image\/\",\"url\":\"https:\/\/www.lavillagardendesign.com\/wp-content\/uploads\/2024\/04\/logolavilla.png\",\"contentUrl\":\"https:\/\/www.lavillagardendesign.com\/wp-content\/uploads\/2024\/04\/logolavilla.png\",\"width\":682,\"height\":391,\"caption\":\"La Villa Garden&Design\"},\"image\":{\"@id\":\"https:\/\/www.lavillagardendesign.com\/#\/schema\/logo\/image\/\"},\"sameAs\":[\"https:\/\/www.facebook.com\/lavillagardendesign\/\"]}]}<\/script>\n<!-- \/ Yoast SEO plugin. -->","yoast_head_json":{"title":"RIO \u2013 Taburete de bar con estructura de aluminio y trenzado de ol\u00e9fine","description":"Elige el taburete de bar RIO: estructura de aluminio, trenzado de ol\u00e9fine duradero y coj\u00edn c\u00f3modo. Disponible en negro\/gris o blanco\/beige.","robots":{"index":"index","follow":"follow","max-snippet":"max-snippet:-1","max-image-preview":"max-image-preview:large","max-video-preview":"max-video-preview:-1"},"canonical":"https:\/\/www.lavillagardendesign.com\/es\/producto\/rio-taburete-de-bar-de-aluminio-y-tejido-de-olefina\/","og_locale":"es_ES","og_type":"article","og_title":"RIO \u2013 Taburete de bar con estructura de aluminio y trenzado de ol\u00e9fine","og_description":"Elige el taburete de bar RIO: estructura de aluminio, trenzado de ol\u00e9fine duradero y coj\u00edn c\u00f3modo. Disponible en negro\/gris o blanco\/beige.","og_url":"https:\/\/www.lavillagardendesign.com\/es\/producto\/rio-taburete-de-bar-de-aluminio-y-tejido-de-olefina\/","og_site_name":"La Villa Garden&amp;Design","article_publisher":"https:\/\/www.facebook.com\/lavillagardendesign\/","article_modified_time":"2026-02-23T11:10:48+00:00","og_image":[{"width":600,"height":600,"url":"https:\/\/www.lavillagardendesign.com\/wp-content\/uploads\/2025\/01\/AMB-RIO-DAB683ROWH_600x.webp","type":"image\/webp"}],"twitter_card":"summary_large_image","schema":{"@context":"https:\/\/schema.org","@graph":[{"@type":"WebPage","@id":"https:\/\/www.lavillagardendesign.com\/es\/producto\/rio-taburete-de-bar-de-aluminio-y-tejido-de-olefina\/","url":"https:\/\/www.lavillagardendesign.com\/es\/producto\/rio-taburete-de-bar-de-aluminio-y-tejido-de-olefina\/","name":"RIO \u2013 Taburete de bar con estructura de aluminio y trenzado de ol\u00e9fine","isPartOf":{"@id":"https:\/\/www.lavillagardendesign.com\/#website"},"primaryImageOfPage":{"@id":"https:\/\/www.lavillagardendesign.com\/es\/producto\/rio-taburete-de-bar-de-aluminio-y-tejido-de-olefina\/#primaryimage"},"image":{"@id":"https:\/\/www.lavillagardendesign.com\/es\/producto\/rio-taburete-de-bar-de-aluminio-y-tejido-de-olefina\/#primaryimage"},"thumbnailUrl":"https:\/\/www.lavillagardendesign.com\/wp-content\/uploads\/2025\/01\/AMB-RIO-DAB683ROWH_600x.webp","datePublished":"2025-01-11T12:09:10+00:00","dateModified":"2026-02-23T11:10:48+00:00","description":"Elige el taburete de bar RIO: estructura de aluminio, trenzado de ol\u00e9fine duradero y coj\u00edn c\u00f3modo. Disponible en negro\/gris o blanco\/beige.","breadcrumb":{"@id":"https:\/\/www.lavillagardendesign.com\/es\/producto\/rio-taburete-de-bar-de-aluminio-y-tejido-de-olefina\/#breadcrumb"},"inLanguage":"es","potentialAction":[{"@type":"ReadAction","target":["https:\/\/www.lavillagardendesign.com\/es\/producto\/rio-taburete-de-bar-de-aluminio-y-tejido-de-olefina\/"]}]},{"@type":"ImageObject","inLanguage":"es","@id":"https:\/\/www.lavillagardendesign.com\/es\/producto\/rio-taburete-de-bar-de-aluminio-y-tejido-de-olefina\/#primaryimage","url":"https:\/\/www.lavillagardendesign.com\/wp-content\/uploads\/2025\/01\/AMB-RIO-DAB683ROWH_600x.webp","contentUrl":"https:\/\/www.lavillagardendesign.com\/wp-content\/uploads\/2025\/01\/AMB-RIO-DAB683ROWH_600x.webp","width":600,"height":600},{"@type":"BreadcrumbList","@id":"https:\/\/www.lavillagardendesign.com\/es\/producto\/rio-taburete-de-bar-de-aluminio-y-tejido-de-olefina\/#breadcrumb","itemListElement":[{"@type":"ListItem","position":1,"name":"Home","item":"https:\/\/www.lavillagardendesign.com\/"},{"@type":"ListItem","position":2,"name":"Tienda","item":"https:\/\/www.lavillagardendesign.com\/es\/tienda\/"},{"@type":"ListItem","position":3,"name":"RIO &#8211; Taburete de bar de aluminio y tejido de olefina"}]},{"@type":"WebSite","@id":"https:\/\/www.lavillagardendesign.com\/#website","url":"https:\/\/www.lavillagardendesign.com\/","name":"La Villa Garden&Design","description":"","publisher":{"@id":"https:\/\/www.lavillagardendesign.com\/#organization"},"potentialAction":[{"@type":"SearchAction","target":{"@type":"EntryPoint","urlTemplate":"https:\/\/www.lavillagardendesign.com\/?s={search_term_string}"},"query-input":{"@type":"PropertyValueSpecification","valueRequired":true,"valueName":"search_term_string"}}],"inLanguage":"es"},{"@type":"Organization","@id":"https:\/\/www.lavillagardendesign.com\/#organization","name":"La Villa Garden&Design","url":"https:\/\/www.lavillagardendesign.com\/","logo":{"@type":"ImageObject","inLanguage":"es","@id":"https:\/\/www.lavillagardendesign.com\/#\/schema\/logo\/image\/","url":"https:\/\/www.lavillagardendesign.com\/wp-content\/uploads\/2024\/04\/logolavilla.png","contentUrl":"https:\/\/www.lavillagardendesign.com\/wp-content\/uploads\/2024\/04\/logolavilla.png","width":682,"height":391,"caption":"La Villa Garden&Design"},"image":{"@id":"https:\/\/www.lavillagardendesign.com\/#\/schema\/logo\/image\/"},"sameAs":["https:\/\/www.facebook.com\/lavillagardendesign\/"]}]}},"_links":{"self":[{"href":"https:\/\/www.lavillagardendesign.com\/es\/wp-json\/wp\/v2\/product\/49874","targetHints":{"allow":["GET"]}}],"collection":[{"href":"https:\/\/www.lavillagardendesign.com\/es\/wp-json\/wp\/v2\/product"}],"about":[{"href":"https:\/\/www.lavillagardendesign.com\/es\/wp-json\/wp\/v2\/types\/product"}],"replies":[{"embeddable":true,"href":"https:\/\/www.lavillagardendesign.com\/es\/wp-json\/wp\/v2\/comments?post=49874"}],"version-history":[{"count":1,"href":"https:\/\/www.lavillagardendesign.com\/es\/wp-json\/wp\/v2\/product\/49874\/revisions"}],"predecessor-version":[{"id":52251,"href":"https:\/\/www.lavillagardendesign.com\/es\/wp-json\/wp\/v2\/product\/49874\/revisions\/52251"}],"wp:featuredmedia":[{"embeddable":true,"href":"https:\/\/www.lavillagardendesign.com\/es\/wp-json\/wp\/v2\/media\/49810"}],"wp:attachment":[{"href":"https:\/\/www.lavillagardendesign.com\/es\/wp-json\/wp\/v2\/media?parent=49874"}],"wp:term":[{"taxonomy":"product_brand","embeddable":true,"href":"https:\/\/www.lavillagardendesign.com\/es\/wp-json\/wp\/v2\/product_brand?post=49874"},{"taxonomy":"product_cat","embeddable":true,"href":"https:\/\/www.lavillagardendesign.com\/es\/wp-json\/wp\/v2\/product_cat?post=49874"},{"taxonomy":"product_tag","embeddable":true,"href":"https:\/\/www.lavillagardendesign.com\/es\/wp-json\/wp\/v2\/product_tag?post=49874"}],"curies":[{"name":"wp","href":"https:\/\/api.w.org\/{rel}","templated":true}]}}