{"id":48408,"date":"2024-12-06T20:17:00","date_gmt":"2024-12-06T19:17:00","guid":{"rendered":"https:\/\/www.lavillagardendesign.com\/product\/lumo-lampara-solar-de-aluminio\/"},"modified":"2026-02-23T13:10:28","modified_gmt":"2026-02-23T11:10:28","slug":"lumo-lampara-solar-de-aluminio","status":"publish","type":"product","link":"https:\/\/www.lavillagardendesign.com\/es\/producto\/lumo-lampara-solar-de-aluminio\/","title":{"rendered":"LUMO &#8211; L\u00e1mpara solar de aluminio"},"content":{"rendered":"","protected":false},"excerpt":{"rendered":"<p>La l\u00e1mpara solar LUMO, fabricada en aluminio resistente, es una opci\u00f3n elegante para iluminar tus espacios exteriores. Disponible en dos tama\u00f1os, ofrece hasta 18 horas de iluminaci\u00f3n LED gracias a su bater\u00eda de litio alimentada por energ\u00eda solar. Dise\u00f1ada para resistir el agua y con garant\u00eda de 2 a\u00f1os, la LUMO tambi\u00e9n incluye un cargador USB para mayor comodidad. Ideal para a\u00f1adir un toque de luz y modernidad a tus noches al aire libre.   <\/p>\n","protected":false},"featured_media":48389,"comment_status":"open","ping_status":"closed","template":"","meta":[],"product_brand":[5001],"product_cat":[6833,3108,3110,5659],"product_tag":[],"class_list":{"0":"post-48408","1":"product","2":"type-product","3":"status-publish","4":"has-post-thumbnail","6":"product_brand-la-villa-garden","7":"product_cat-outdoor-es","8":"product_cat-iluminacion","9":"product_cat-lamparas-de-mesa","10":"product_cat-promociones-web","12":"first","13":"instock","14":"sale","15":"taxable","16":"shipping-taxable","17":"purchasable","18":"product-type-variable","19":"has-default-attributes"},"yoast_head":"<!-- This site is optimized with the Yoast SEO plugin v27.1.1 - https:\/\/yoast.com\/product\/yoast-seo-wordpress\/ -->\n<title>LUMO \u2013 L\u00e1mpara solar de aluminio disponible en dos tama\u00f1os<\/title>\n<meta name=\"description\" content=\"L\u00e1mpara solar LUMO de aluminio con hasta 18 horas de luz LED. Disponible en dos tama\u00f1os, resistente al agua, con garant\u00eda de 2 a\u00f1os, bater\u00eda de litio, energ\u00eda solar y cargador USB.\" \/>\n<meta name=\"robots\" content=\"index, follow, max-snippet:-1, max-image-preview:large, max-video-preview:-1\" \/>\n<link rel=\"canonical\" href=\"https:\/\/www.lavillagardendesign.com\/es\/producto\/lumo-lampara-solar-de-aluminio\/\" \/>\n<meta property=\"og:locale\" content=\"es_ES\" \/>\n<meta property=\"og:type\" content=\"article\" \/>\n<meta property=\"og:title\" content=\"LUMO \u2013 L\u00e1mpara solar de aluminio disponible en dos tama\u00f1os\" \/>\n<meta property=\"og:description\" content=\"L\u00e1mpara solar LUMO de aluminio con hasta 18 horas de luz LED. Disponible en dos tama\u00f1os, resistente al agua, con garant\u00eda de 2 a\u00f1os, bater\u00eda de litio, energ\u00eda solar y cargador USB.\" \/>\n<meta property=\"og:url\" content=\"https:\/\/www.lavillagardendesign.com\/es\/producto\/lumo-lampara-solar-de-aluminio\/\" \/>\n<meta property=\"og:site_name\" content=\"La Villa Garden&amp;Design\" \/>\n<meta property=\"article:publisher\" content=\"https:\/\/www.facebook.com\/lavillagardendesign\/\" \/>\n<meta property=\"article:modified_time\" content=\"2026-02-23T11:10:28+00:00\" \/>\n<meta property=\"og:image\" content=\"https:\/\/www.lavillagardendesign.com\/wp-content\/uploads\/2024\/12\/1.png\" \/>\n\t<meta property=\"og:image:width\" content=\"700\" \/>\n\t<meta property=\"og:image:height\" content=\"800\" \/>\n\t<meta property=\"og:image:type\" content=\"image\/png\" \/>\n<meta name=\"twitter:card\" content=\"summary_large_image\" \/>\n<script type=\"application\/ld+json\" class=\"yoast-schema-graph\">{\"@context\":\"https:\/\/schema.org\",\"@graph\":[{\"@type\":\"WebPage\",\"@id\":\"https:\/\/www.lavillagardendesign.com\/es\/producto\/lumo-lampara-solar-de-aluminio\/\",\"url\":\"https:\/\/www.lavillagardendesign.com\/es\/producto\/lumo-lampara-solar-de-aluminio\/\",\"name\":\"LUMO \u2013 L\u00e1mpara solar de aluminio disponible en dos tama\u00f1os\",\"isPartOf\":{\"@id\":\"https:\/\/www.lavillagardendesign.com\/#website\"},\"primaryImageOfPage\":{\"@id\":\"https:\/\/www.lavillagardendesign.com\/es\/producto\/lumo-lampara-solar-de-aluminio\/#primaryimage\"},\"image\":{\"@id\":\"https:\/\/www.lavillagardendesign.com\/es\/producto\/lumo-lampara-solar-de-aluminio\/#primaryimage\"},\"thumbnailUrl\":\"https:\/\/www.lavillagardendesign.com\/wp-content\/uploads\/2024\/12\/1.png\",\"datePublished\":\"2024-12-06T19:17:00+00:00\",\"dateModified\":\"2026-02-23T11:10:28+00:00\",\"description\":\"L\u00e1mpara solar LUMO de aluminio con hasta 18 horas de luz LED. Disponible en dos tama\u00f1os, resistente al agua, con garant\u00eda de 2 a\u00f1os, bater\u00eda de litio, energ\u00eda solar y cargador USB.\",\"breadcrumb\":{\"@id\":\"https:\/\/www.lavillagardendesign.com\/es\/producto\/lumo-lampara-solar-de-aluminio\/#breadcrumb\"},\"inLanguage\":\"es\",\"potentialAction\":[{\"@type\":\"ReadAction\",\"target\":[\"https:\/\/www.lavillagardendesign.com\/es\/producto\/lumo-lampara-solar-de-aluminio\/\"]}]},{\"@type\":\"ImageObject\",\"inLanguage\":\"es\",\"@id\":\"https:\/\/www.lavillagardendesign.com\/es\/producto\/lumo-lampara-solar-de-aluminio\/#primaryimage\",\"url\":\"https:\/\/www.lavillagardendesign.com\/wp-content\/uploads\/2024\/12\/1.png\",\"contentUrl\":\"https:\/\/www.lavillagardendesign.com\/wp-content\/uploads\/2024\/12\/1.png\",\"width\":700,\"height\":800},{\"@type\":\"BreadcrumbList\",\"@id\":\"https:\/\/www.lavillagardendesign.com\/es\/producto\/lumo-lampara-solar-de-aluminio\/#breadcrumb\",\"itemListElement\":[{\"@type\":\"ListItem\",\"position\":1,\"name\":\"Home\",\"item\":\"https:\/\/www.lavillagardendesign.com\/\"},{\"@type\":\"ListItem\",\"position\":2,\"name\":\"Tienda\",\"item\":\"https:\/\/www.lavillagardendesign.com\/es\/tienda\/\"},{\"@type\":\"ListItem\",\"position\":3,\"name\":\"LUMO &#8211; L\u00e1mpara solar de aluminio\"}]},{\"@type\":\"WebSite\",\"@id\":\"https:\/\/www.lavillagardendesign.com\/#website\",\"url\":\"https:\/\/www.lavillagardendesign.com\/\",\"name\":\"La Villa Garden&Design\",\"description\":\"\",\"publisher\":{\"@id\":\"https:\/\/www.lavillagardendesign.com\/#organization\"},\"potentialAction\":[{\"@type\":\"SearchAction\",\"target\":{\"@type\":\"EntryPoint\",\"urlTemplate\":\"https:\/\/www.lavillagardendesign.com\/?s={search_term_string}\"},\"query-input\":{\"@type\":\"PropertyValueSpecification\",\"valueRequired\":true,\"valueName\":\"search_term_string\"}}],\"inLanguage\":\"es\"},{\"@type\":\"Organization\",\"@id\":\"https:\/\/www.lavillagardendesign.com\/#organization\",\"name\":\"La Villa Garden&Design\",\"url\":\"https:\/\/www.lavillagardendesign.com\/\",\"logo\":{\"@type\":\"ImageObject\",\"inLanguage\":\"es\",\"@id\":\"https:\/\/www.lavillagardendesign.com\/#\/schema\/logo\/image\/\",\"url\":\"https:\/\/www.lavillagardendesign.com\/wp-content\/uploads\/2024\/04\/logolavilla.png\",\"contentUrl\":\"https:\/\/www.lavillagardendesign.com\/wp-content\/uploads\/2024\/04\/logolavilla.png\",\"width\":682,\"height\":391,\"caption\":\"La Villa Garden&Design\"},\"image\":{\"@id\":\"https:\/\/www.lavillagardendesign.com\/#\/schema\/logo\/image\/\"},\"sameAs\":[\"https:\/\/www.facebook.com\/lavillagardendesign\/\"]}]}<\/script>\n<!-- \/ Yoast SEO plugin. -->","yoast_head_json":{"title":"LUMO \u2013 L\u00e1mpara solar de aluminio disponible en dos tama\u00f1os","description":"L\u00e1mpara solar LUMO de aluminio con hasta 18 horas de luz LED. Disponible en dos tama\u00f1os, resistente al agua, con garant\u00eda de 2 a\u00f1os, bater\u00eda de litio, energ\u00eda solar y cargador USB.","robots":{"index":"index","follow":"follow","max-snippet":"max-snippet:-1","max-image-preview":"max-image-preview:large","max-video-preview":"max-video-preview:-1"},"canonical":"https:\/\/www.lavillagardendesign.com\/es\/producto\/lumo-lampara-solar-de-aluminio\/","og_locale":"es_ES","og_type":"article","og_title":"LUMO \u2013 L\u00e1mpara solar de aluminio disponible en dos tama\u00f1os","og_description":"L\u00e1mpara solar LUMO de aluminio con hasta 18 horas de luz LED. Disponible en dos tama\u00f1os, resistente al agua, con garant\u00eda de 2 a\u00f1os, bater\u00eda de litio, energ\u00eda solar y cargador USB.","og_url":"https:\/\/www.lavillagardendesign.com\/es\/producto\/lumo-lampara-solar-de-aluminio\/","og_site_name":"La Villa Garden&amp;Design","article_publisher":"https:\/\/www.facebook.com\/lavillagardendesign\/","article_modified_time":"2026-02-23T11:10:28+00:00","og_image":[{"width":700,"height":800,"url":"https:\/\/www.lavillagardendesign.com\/wp-content\/uploads\/2024\/12\/1.png","type":"image\/png"}],"twitter_card":"summary_large_image","schema":{"@context":"https:\/\/schema.org","@graph":[{"@type":"WebPage","@id":"https:\/\/www.lavillagardendesign.com\/es\/producto\/lumo-lampara-solar-de-aluminio\/","url":"https:\/\/www.lavillagardendesign.com\/es\/producto\/lumo-lampara-solar-de-aluminio\/","name":"LUMO \u2013 L\u00e1mpara solar de aluminio disponible en dos tama\u00f1os","isPartOf":{"@id":"https:\/\/www.lavillagardendesign.com\/#website"},"primaryImageOfPage":{"@id":"https:\/\/www.lavillagardendesign.com\/es\/producto\/lumo-lampara-solar-de-aluminio\/#primaryimage"},"image":{"@id":"https:\/\/www.lavillagardendesign.com\/es\/producto\/lumo-lampara-solar-de-aluminio\/#primaryimage"},"thumbnailUrl":"https:\/\/www.lavillagardendesign.com\/wp-content\/uploads\/2024\/12\/1.png","datePublished":"2024-12-06T19:17:00+00:00","dateModified":"2026-02-23T11:10:28+00:00","description":"L\u00e1mpara solar LUMO de aluminio con hasta 18 horas de luz LED. Disponible en dos tama\u00f1os, resistente al agua, con garant\u00eda de 2 a\u00f1os, bater\u00eda de litio, energ\u00eda solar y cargador USB.","breadcrumb":{"@id":"https:\/\/www.lavillagardendesign.com\/es\/producto\/lumo-lampara-solar-de-aluminio\/#breadcrumb"},"inLanguage":"es","potentialAction":[{"@type":"ReadAction","target":["https:\/\/www.lavillagardendesign.com\/es\/producto\/lumo-lampara-solar-de-aluminio\/"]}]},{"@type":"ImageObject","inLanguage":"es","@id":"https:\/\/www.lavillagardendesign.com\/es\/producto\/lumo-lampara-solar-de-aluminio\/#primaryimage","url":"https:\/\/www.lavillagardendesign.com\/wp-content\/uploads\/2024\/12\/1.png","contentUrl":"https:\/\/www.lavillagardendesign.com\/wp-content\/uploads\/2024\/12\/1.png","width":700,"height":800},{"@type":"BreadcrumbList","@id":"https:\/\/www.lavillagardendesign.com\/es\/producto\/lumo-lampara-solar-de-aluminio\/#breadcrumb","itemListElement":[{"@type":"ListItem","position":1,"name":"Home","item":"https:\/\/www.lavillagardendesign.com\/"},{"@type":"ListItem","position":2,"name":"Tienda","item":"https:\/\/www.lavillagardendesign.com\/es\/tienda\/"},{"@type":"ListItem","position":3,"name":"LUMO &#8211; L\u00e1mpara solar de aluminio"}]},{"@type":"WebSite","@id":"https:\/\/www.lavillagardendesign.com\/#website","url":"https:\/\/www.lavillagardendesign.com\/","name":"La Villa Garden&Design","description":"","publisher":{"@id":"https:\/\/www.lavillagardendesign.com\/#organization"},"potentialAction":[{"@type":"SearchAction","target":{"@type":"EntryPoint","urlTemplate":"https:\/\/www.lavillagardendesign.com\/?s={search_term_string}"},"query-input":{"@type":"PropertyValueSpecification","valueRequired":true,"valueName":"search_term_string"}}],"inLanguage":"es"},{"@type":"Organization","@id":"https:\/\/www.lavillagardendesign.com\/#organization","name":"La Villa Garden&Design","url":"https:\/\/www.lavillagardendesign.com\/","logo":{"@type":"ImageObject","inLanguage":"es","@id":"https:\/\/www.lavillagardendesign.com\/#\/schema\/logo\/image\/","url":"https:\/\/www.lavillagardendesign.com\/wp-content\/uploads\/2024\/04\/logolavilla.png","contentUrl":"https:\/\/www.lavillagardendesign.com\/wp-content\/uploads\/2024\/04\/logolavilla.png","width":682,"height":391,"caption":"La Villa Garden&Design"},"image":{"@id":"https:\/\/www.lavillagardendesign.com\/#\/schema\/logo\/image\/"},"sameAs":["https:\/\/www.facebook.com\/lavillagardendesign\/"]}]}},"_links":{"self":[{"href":"https:\/\/www.lavillagardendesign.com\/es\/wp-json\/wp\/v2\/product\/48408","targetHints":{"allow":["GET"]}}],"collection":[{"href":"https:\/\/www.lavillagardendesign.com\/es\/wp-json\/wp\/v2\/product"}],"about":[{"href":"https:\/\/www.lavillagardendesign.com\/es\/wp-json\/wp\/v2\/types\/product"}],"replies":[{"embeddable":true,"href":"https:\/\/www.lavillagardendesign.com\/es\/wp-json\/wp\/v2\/comments?post=48408"}],"version-history":[{"count":1,"href":"https:\/\/www.lavillagardendesign.com\/es\/wp-json\/wp\/v2\/product\/48408\/revisions"}],"predecessor-version":[{"id":52274,"href":"https:\/\/www.lavillagardendesign.com\/es\/wp-json\/wp\/v2\/product\/48408\/revisions\/52274"}],"wp:featuredmedia":[{"embeddable":true,"href":"https:\/\/www.lavillagardendesign.com\/es\/wp-json\/wp\/v2\/media\/48389"}],"wp:attachment":[{"href":"https:\/\/www.lavillagardendesign.com\/es\/wp-json\/wp\/v2\/media?parent=48408"}],"wp:term":[{"taxonomy":"product_brand","embeddable":true,"href":"https:\/\/www.lavillagardendesign.com\/es\/wp-json\/wp\/v2\/product_brand?post=48408"},{"taxonomy":"product_cat","embeddable":true,"href":"https:\/\/www.lavillagardendesign.com\/es\/wp-json\/wp\/v2\/product_cat?post=48408"},{"taxonomy":"product_tag","embeddable":true,"href":"https:\/\/www.lavillagardendesign.com\/es\/wp-json\/wp\/v2\/product_tag?post=48408"}],"curies":[{"name":"wp","href":"https:\/\/api.w.org\/{rel}","templated":true}]}}