{"id":42379,"date":"2024-01-29T19:58:19","date_gmt":"2024-01-29T18:58:19","guid":{"rendered":"https:\/\/www.lavillagardendesign.com\/product\/corail-pack-2-butacas-1-sofa-3-plazas\/"},"modified":"2026-03-10T10:34:44","modified_gmt":"2026-03-10T09:34:44","slug":"corail-pack-2-butacas-1-sofa-3-plazas","status":"publish","type":"product","link":"https:\/\/www.lavillagardendesign.com\/es\/producto\/corail-pack-2-butacas-1-sofa-3-plazas\/","title":{"rendered":"CORAIL &#8211; Conjunto de sal\u00f3n de 3 piezas (Sof\u00e1 + 2 Sillones)"},"content":{"rendered":"","protected":false},"excerpt":{"rendered":"<p>Refresca tu terraza con el conjunto completo de sal\u00f3n de la colecci\u00f3n <span class=\"il\">Corail<\/span>. Este pack de dise\u00f1o contempor\u00e1neo incluye un sof\u00e1 de 3 plazas (216 cm) y dos sillones individuales, creando una zona de asientos armoniosa y funcional para 5 personas. Su ligera estructura de aluminio destaca por incorporar respaldos de Textilene tensado, un detalle t\u00e9cnico que aporta frescura y durabilidad, complementado con cojines de asiento y respaldo de tela de exterior de alta calidad. La altura de perfil bajo de 61 cm confiere al conjunto un aspecto moderno y relajado.   <\/p>\n<ul>\n<li>1x Sof\u00e1 de 3 plazas: 216 cm (Ancho) x 84 cm (Fondo) x 61 cm (Alto)<\/li>\n<li>2x Sillones: 75 cm (Ancho) x 75 cm (Fondo) x 61 cm (Alto)<\/li>\n<\/ul>\n","protected":false},"featured_media":63554,"comment_status":"open","ping_status":"closed","template":"","meta":[],"product_brand":[4998],"product_cat":[5987,6833,3111,3113],"product_tag":[],"class_list":{"0":"post-42379","1":"product","2":"type-product","3":"status-publish","4":"has-post-thumbnail","6":"product_brand-la-villa","7":"product_cat-nuevas-colecciones","8":"product_cat-outdoor-es","9":"product_cat-sofas-y-butacas","10":"product_cat-sofas-es","12":"first","13":"instock","14":"taxable","15":"shipping-taxable","16":"purchasable","17":"product-type-variable","18":"has-default-attributes"},"yoast_head":"<!-- This site is optimized with the Yoast SEO plugin v27.1.1 - https:\/\/yoast.com\/product\/yoast-seo-wordpress\/ -->\n<title>Conjunto de jard\u00edn Corail | Sof\u00e1 y 2 sillones | La Villa Garden &amp; Design<\/title>\n<meta name=\"description\" content=\"Pack de sal\u00f3n de exterior de la colecci\u00f3n Corail. Incluye sof\u00e1 de 3 plazas y 2 sillones. Dise\u00f1o moderno en aluminio y textilene. Disponible en blanco y carb\u00f3n.\" \/>\n<meta name=\"robots\" content=\"index, follow, max-snippet:-1, max-image-preview:large, max-video-preview:-1\" \/>\n<link rel=\"canonical\" href=\"https:\/\/www.lavillagardendesign.com\/es\/producto\/corail-pack-2-butacas-1-sofa-3-plazas\/\" \/>\n<meta property=\"og:locale\" content=\"es_ES\" \/>\n<meta property=\"og:type\" content=\"article\" \/>\n<meta property=\"og:title\" content=\"Conjunto de jard\u00edn Corail | Sof\u00e1 y 2 sillones | La Villa Garden &amp; Design\" \/>\n<meta property=\"og:description\" content=\"Pack de sal\u00f3n de exterior de la colecci\u00f3n Corail. Incluye sof\u00e1 de 3 plazas y 2 sillones. Dise\u00f1o moderno en aluminio y textilene. Disponible en blanco y carb\u00f3n.\" \/>\n<meta property=\"og:url\" content=\"https:\/\/www.lavillagardendesign.com\/es\/producto\/corail-pack-2-butacas-1-sofa-3-plazas\/\" \/>\n<meta property=\"og:site_name\" content=\"La Villa Garden&amp;Design\" \/>\n<meta property=\"article:publisher\" content=\"https:\/\/www.facebook.com\/lavillagardendesign\/\" \/>\n<meta property=\"article:modified_time\" content=\"2026-03-10T09:34:44+00:00\" \/>\n<meta property=\"og:image\" content=\"https:\/\/www.lavillagardendesign.com\/wp-content\/uploads\/2024\/01\/Captura-de-pantalla-2026-02-18-a-las-13.16.16.jpg\" \/>\n\t<meta property=\"og:image:width\" content=\"940\" \/>\n\t<meta property=\"og:image:height\" content=\"1102\" \/>\n\t<meta property=\"og:image:type\" content=\"image\/jpeg\" \/>\n<meta name=\"twitter:card\" content=\"summary_large_image\" \/>\n<script type=\"application\/ld+json\" class=\"yoast-schema-graph\">{\"@context\":\"https:\/\/schema.org\",\"@graph\":[{\"@type\":\"WebPage\",\"@id\":\"https:\/\/www.lavillagardendesign.com\/es\/producto\/corail-pack-2-butacas-1-sofa-3-plazas\/\",\"url\":\"https:\/\/www.lavillagardendesign.com\/es\/producto\/corail-pack-2-butacas-1-sofa-3-plazas\/\",\"name\":\"Conjunto de jard\u00edn Corail | Sof\u00e1 y 2 sillones | La Villa Garden & Design\",\"isPartOf\":{\"@id\":\"https:\/\/www.lavillagardendesign.com\/#website\"},\"primaryImageOfPage\":{\"@id\":\"https:\/\/www.lavillagardendesign.com\/es\/producto\/corail-pack-2-butacas-1-sofa-3-plazas\/#primaryimage\"},\"image\":{\"@id\":\"https:\/\/www.lavillagardendesign.com\/es\/producto\/corail-pack-2-butacas-1-sofa-3-plazas\/#primaryimage\"},\"thumbnailUrl\":\"https:\/\/www.lavillagardendesign.com\/wp-content\/uploads\/2024\/01\/Captura-de-pantalla-2026-02-18-a-las-13.16.16.jpg\",\"datePublished\":\"2024-01-29T18:58:19+00:00\",\"dateModified\":\"2026-03-10T09:34:44+00:00\",\"description\":\"Pack de sal\u00f3n de exterior de la colecci\u00f3n Corail. Incluye sof\u00e1 de 3 plazas y 2 sillones. Dise\u00f1o moderno en aluminio y textilene. Disponible en blanco y carb\u00f3n.\",\"breadcrumb\":{\"@id\":\"https:\/\/www.lavillagardendesign.com\/es\/producto\/corail-pack-2-butacas-1-sofa-3-plazas\/#breadcrumb\"},\"inLanguage\":\"es\",\"potentialAction\":[{\"@type\":\"ReadAction\",\"target\":[\"https:\/\/www.lavillagardendesign.com\/es\/producto\/corail-pack-2-butacas-1-sofa-3-plazas\/\"]}]},{\"@type\":\"ImageObject\",\"inLanguage\":\"es\",\"@id\":\"https:\/\/www.lavillagardendesign.com\/es\/producto\/corail-pack-2-butacas-1-sofa-3-plazas\/#primaryimage\",\"url\":\"https:\/\/www.lavillagardendesign.com\/wp-content\/uploads\/2024\/01\/Captura-de-pantalla-2026-02-18-a-las-13.16.16.jpg\",\"contentUrl\":\"https:\/\/www.lavillagardendesign.com\/wp-content\/uploads\/2024\/01\/Captura-de-pantalla-2026-02-18-a-las-13.16.16.jpg\",\"width\":940,\"height\":1102},{\"@type\":\"BreadcrumbList\",\"@id\":\"https:\/\/www.lavillagardendesign.com\/es\/producto\/corail-pack-2-butacas-1-sofa-3-plazas\/#breadcrumb\",\"itemListElement\":[{\"@type\":\"ListItem\",\"position\":1,\"name\":\"Home\",\"item\":\"https:\/\/www.lavillagardendesign.com\/\"},{\"@type\":\"ListItem\",\"position\":2,\"name\":\"Tienda\",\"item\":\"https:\/\/www.lavillagardendesign.com\/es\/tienda\/\"},{\"@type\":\"ListItem\",\"position\":3,\"name\":\"CORAIL &#8211; Conjunto de sal\u00f3n de 3 piezas (Sof\u00e1 + 2 Sillones)\"}]},{\"@type\":\"WebSite\",\"@id\":\"https:\/\/www.lavillagardendesign.com\/#website\",\"url\":\"https:\/\/www.lavillagardendesign.com\/\",\"name\":\"La Villa Garden&Design\",\"description\":\"\",\"publisher\":{\"@id\":\"https:\/\/www.lavillagardendesign.com\/#organization\"},\"potentialAction\":[{\"@type\":\"SearchAction\",\"target\":{\"@type\":\"EntryPoint\",\"urlTemplate\":\"https:\/\/www.lavillagardendesign.com\/?s={search_term_string}\"},\"query-input\":{\"@type\":\"PropertyValueSpecification\",\"valueRequired\":true,\"valueName\":\"search_term_string\"}}],\"inLanguage\":\"es\"},{\"@type\":\"Organization\",\"@id\":\"https:\/\/www.lavillagardendesign.com\/#organization\",\"name\":\"La Villa Garden&Design\",\"url\":\"https:\/\/www.lavillagardendesign.com\/\",\"logo\":{\"@type\":\"ImageObject\",\"inLanguage\":\"es\",\"@id\":\"https:\/\/www.lavillagardendesign.com\/#\/schema\/logo\/image\/\",\"url\":\"https:\/\/www.lavillagardendesign.com\/wp-content\/uploads\/2024\/04\/logolavilla.png\",\"contentUrl\":\"https:\/\/www.lavillagardendesign.com\/wp-content\/uploads\/2024\/04\/logolavilla.png\",\"width\":682,\"height\":391,\"caption\":\"La Villa Garden&Design\"},\"image\":{\"@id\":\"https:\/\/www.lavillagardendesign.com\/#\/schema\/logo\/image\/\"},\"sameAs\":[\"https:\/\/www.facebook.com\/lavillagardendesign\/\"]}]}<\/script>\n<!-- \/ Yoast SEO plugin. -->","yoast_head_json":{"title":"Conjunto de jard\u00edn Corail | Sof\u00e1 y 2 sillones | La Villa Garden & Design","description":"Pack de sal\u00f3n de exterior de la colecci\u00f3n Corail. Incluye sof\u00e1 de 3 plazas y 2 sillones. Dise\u00f1o moderno en aluminio y textilene. Disponible en blanco y carb\u00f3n.","robots":{"index":"index","follow":"follow","max-snippet":"max-snippet:-1","max-image-preview":"max-image-preview:large","max-video-preview":"max-video-preview:-1"},"canonical":"https:\/\/www.lavillagardendesign.com\/es\/producto\/corail-pack-2-butacas-1-sofa-3-plazas\/","og_locale":"es_ES","og_type":"article","og_title":"Conjunto de jard\u00edn Corail | Sof\u00e1 y 2 sillones | La Villa Garden & Design","og_description":"Pack de sal\u00f3n de exterior de la colecci\u00f3n Corail. Incluye sof\u00e1 de 3 plazas y 2 sillones. Dise\u00f1o moderno en aluminio y textilene. Disponible en blanco y carb\u00f3n.","og_url":"https:\/\/www.lavillagardendesign.com\/es\/producto\/corail-pack-2-butacas-1-sofa-3-plazas\/","og_site_name":"La Villa Garden&amp;Design","article_publisher":"https:\/\/www.facebook.com\/lavillagardendesign\/","article_modified_time":"2026-03-10T09:34:44+00:00","og_image":[{"width":940,"height":1102,"url":"https:\/\/www.lavillagardendesign.com\/wp-content\/uploads\/2024\/01\/Captura-de-pantalla-2026-02-18-a-las-13.16.16.jpg","type":"image\/jpeg"}],"twitter_card":"summary_large_image","schema":{"@context":"https:\/\/schema.org","@graph":[{"@type":"WebPage","@id":"https:\/\/www.lavillagardendesign.com\/es\/producto\/corail-pack-2-butacas-1-sofa-3-plazas\/","url":"https:\/\/www.lavillagardendesign.com\/es\/producto\/corail-pack-2-butacas-1-sofa-3-plazas\/","name":"Conjunto de jard\u00edn Corail | Sof\u00e1 y 2 sillones | La Villa Garden & Design","isPartOf":{"@id":"https:\/\/www.lavillagardendesign.com\/#website"},"primaryImageOfPage":{"@id":"https:\/\/www.lavillagardendesign.com\/es\/producto\/corail-pack-2-butacas-1-sofa-3-plazas\/#primaryimage"},"image":{"@id":"https:\/\/www.lavillagardendesign.com\/es\/producto\/corail-pack-2-butacas-1-sofa-3-plazas\/#primaryimage"},"thumbnailUrl":"https:\/\/www.lavillagardendesign.com\/wp-content\/uploads\/2024\/01\/Captura-de-pantalla-2026-02-18-a-las-13.16.16.jpg","datePublished":"2024-01-29T18:58:19+00:00","dateModified":"2026-03-10T09:34:44+00:00","description":"Pack de sal\u00f3n de exterior de la colecci\u00f3n Corail. Incluye sof\u00e1 de 3 plazas y 2 sillones. Dise\u00f1o moderno en aluminio y textilene. Disponible en blanco y carb\u00f3n.","breadcrumb":{"@id":"https:\/\/www.lavillagardendesign.com\/es\/producto\/corail-pack-2-butacas-1-sofa-3-plazas\/#breadcrumb"},"inLanguage":"es","potentialAction":[{"@type":"ReadAction","target":["https:\/\/www.lavillagardendesign.com\/es\/producto\/corail-pack-2-butacas-1-sofa-3-plazas\/"]}]},{"@type":"ImageObject","inLanguage":"es","@id":"https:\/\/www.lavillagardendesign.com\/es\/producto\/corail-pack-2-butacas-1-sofa-3-plazas\/#primaryimage","url":"https:\/\/www.lavillagardendesign.com\/wp-content\/uploads\/2024\/01\/Captura-de-pantalla-2026-02-18-a-las-13.16.16.jpg","contentUrl":"https:\/\/www.lavillagardendesign.com\/wp-content\/uploads\/2024\/01\/Captura-de-pantalla-2026-02-18-a-las-13.16.16.jpg","width":940,"height":1102},{"@type":"BreadcrumbList","@id":"https:\/\/www.lavillagardendesign.com\/es\/producto\/corail-pack-2-butacas-1-sofa-3-plazas\/#breadcrumb","itemListElement":[{"@type":"ListItem","position":1,"name":"Home","item":"https:\/\/www.lavillagardendesign.com\/"},{"@type":"ListItem","position":2,"name":"Tienda","item":"https:\/\/www.lavillagardendesign.com\/es\/tienda\/"},{"@type":"ListItem","position":3,"name":"CORAIL &#8211; Conjunto de sal\u00f3n de 3 piezas (Sof\u00e1 + 2 Sillones)"}]},{"@type":"WebSite","@id":"https:\/\/www.lavillagardendesign.com\/#website","url":"https:\/\/www.lavillagardendesign.com\/","name":"La Villa Garden&Design","description":"","publisher":{"@id":"https:\/\/www.lavillagardendesign.com\/#organization"},"potentialAction":[{"@type":"SearchAction","target":{"@type":"EntryPoint","urlTemplate":"https:\/\/www.lavillagardendesign.com\/?s={search_term_string}"},"query-input":{"@type":"PropertyValueSpecification","valueRequired":true,"valueName":"search_term_string"}}],"inLanguage":"es"},{"@type":"Organization","@id":"https:\/\/www.lavillagardendesign.com\/#organization","name":"La Villa Garden&Design","url":"https:\/\/www.lavillagardendesign.com\/","logo":{"@type":"ImageObject","inLanguage":"es","@id":"https:\/\/www.lavillagardendesign.com\/#\/schema\/logo\/image\/","url":"https:\/\/www.lavillagardendesign.com\/wp-content\/uploads\/2024\/04\/logolavilla.png","contentUrl":"https:\/\/www.lavillagardendesign.com\/wp-content\/uploads\/2024\/04\/logolavilla.png","width":682,"height":391,"caption":"La Villa Garden&Design"},"image":{"@id":"https:\/\/www.lavillagardendesign.com\/#\/schema\/logo\/image\/"},"sameAs":["https:\/\/www.facebook.com\/lavillagardendesign\/"]}]}},"_links":{"self":[{"href":"https:\/\/www.lavillagardendesign.com\/es\/wp-json\/wp\/v2\/product\/42379","targetHints":{"allow":["GET"]}}],"collection":[{"href":"https:\/\/www.lavillagardendesign.com\/es\/wp-json\/wp\/v2\/product"}],"about":[{"href":"https:\/\/www.lavillagardendesign.com\/es\/wp-json\/wp\/v2\/types\/product"}],"replies":[{"embeddable":true,"href":"https:\/\/www.lavillagardendesign.com\/es\/wp-json\/wp\/v2\/comments?post=42379"}],"version-history":[{"count":2,"href":"https:\/\/www.lavillagardendesign.com\/es\/wp-json\/wp\/v2\/product\/42379\/revisions"}],"predecessor-version":[{"id":67313,"href":"https:\/\/www.lavillagardendesign.com\/es\/wp-json\/wp\/v2\/product\/42379\/revisions\/67313"}],"wp:featuredmedia":[{"embeddable":true,"href":"https:\/\/www.lavillagardendesign.com\/es\/wp-json\/wp\/v2\/media\/63554"}],"wp:attachment":[{"href":"https:\/\/www.lavillagardendesign.com\/es\/wp-json\/wp\/v2\/media?parent=42379"}],"wp:term":[{"taxonomy":"product_brand","embeddable":true,"href":"https:\/\/www.lavillagardendesign.com\/es\/wp-json\/wp\/v2\/product_brand?post=42379"},{"taxonomy":"product_cat","embeddable":true,"href":"https:\/\/www.lavillagardendesign.com\/es\/wp-json\/wp\/v2\/product_cat?post=42379"},{"taxonomy":"product_tag","embeddable":true,"href":"https:\/\/www.lavillagardendesign.com\/es\/wp-json\/wp\/v2\/product_tag?post=42379"}],"curies":[{"name":"wp","href":"https:\/\/api.w.org\/{rel}","templated":true}]}}