{"id":40181,"date":"2024-01-29T19:59:24","date_gmt":"2024-01-29T18:59:24","guid":{"rendered":"https:\/\/www.lavillagardendesign.com\/product\/neverland-tumbona-doble-aluminio-agora\/"},"modified":"2026-04-23T07:35:35","modified_gmt":"2026-04-23T06:35:35","slug":"neverland-tumbona-doble-aluminio-agora","status":"publish","type":"product","link":"https:\/\/www.lavillagardendesign.com\/es\/producto\/neverland-tumbona-doble-aluminio-agora\/","title":{"rendered":"NEVERLAND \u2013 Tumbona doble de aluminio y tejido \u00e1gora"},"content":{"rendered":"","protected":false},"excerpt":{"rendered":"<p>Disfrute de momentos de relajaci\u00f3n con el tumbona doble NEVERLAND, dise\u00f1ado por Studio La Villa Garden. Fabricada con una estructura de aluminio resistente y equipada con dos cojines separados pero colocados uno junto al otro, esta tumbona ofrece el m\u00e1ximo confort para dos personas. La tela Agora en color azul \u00e1rtico, resistente a las inclemencias del tiempo y f\u00e1cil de limpiar, aporta un estilo sofisticado a cualquier espacio exterior. Perfecta para disfrutar del sol en pareja con dise\u00f1o y funcionalidad.   <\/p>\n","protected":false},"featured_media":40073,"comment_status":"open","ping_status":"closed","template":"","meta":[],"product_brand":[5001],"product_cat":[6833,5659,3116,3114],"product_tag":[],"class_list":{"0":"post-40181","1":"product","2":"type-product","3":"status-publish","4":"has-post-thumbnail","6":"product_brand-la-villa-garden","7":"product_cat-outdoor-es","8":"product_cat-promociones-web","9":"product_cat-tumbonas","10":"product_cat-tumbonas-camas","12":"first","13":"instock","14":"sale","15":"taxable","16":"shipping-taxable","17":"purchasable","18":"product-type-simple"},"yoast_head":"<!-- This site is optimized with the Yoast SEO plugin v27.4 - https:\/\/yoast.com\/product\/yoast-seo-wordpress\/ -->\n<title>NEVERLAND - Tumbona doble de aluminio y tejido Agora<\/title>\n<meta name=\"description\" content=\"Rel\u00e1jate con estilo en la tumbona doble NEVERLAND: robusto armaz\u00f3n de aluminio, tejido Azul \u00c1rtico Agora. Comodidad y elegancia para dos.\" \/>\n<meta name=\"robots\" content=\"index, follow, max-snippet:-1, max-image-preview:large, max-video-preview:-1\" \/>\n<link rel=\"canonical\" href=\"https:\/\/www.lavillagardendesign.com\/es\/producto\/neverland-tumbona-doble-aluminio-agora\/\" \/>\n<meta property=\"og:locale\" content=\"es_ES\" \/>\n<meta property=\"og:type\" content=\"article\" \/>\n<meta property=\"og:title\" content=\"NEVERLAND - Tumbona doble de aluminio y tejido Agora\" \/>\n<meta property=\"og:description\" content=\"Rel\u00e1jate con estilo en la tumbona doble NEVERLAND: robusto armaz\u00f3n de aluminio, tejido Azul \u00c1rtico Agora. Comodidad y elegancia para dos.\" \/>\n<meta property=\"og:url\" content=\"https:\/\/www.lavillagardendesign.com\/es\/producto\/neverland-tumbona-doble-aluminio-agora\/\" \/>\n<meta property=\"og:site_name\" content=\"La Villa Garden&amp;Design\" \/>\n<meta property=\"article:publisher\" content=\"https:\/\/www.facebook.com\/lavillagardendesign\/\" \/>\n<meta property=\"article:modified_time\" content=\"2026-04-23T06:35:35+00:00\" \/>\n<meta property=\"og:image\" content=\"https:\/\/www.lavillagardendesign.com\/wp-content\/uploads\/2024\/01\/1-158.png\" \/>\n\t<meta property=\"og:image:width\" content=\"700\" \/>\n\t<meta property=\"og:image:height\" content=\"800\" \/>\n\t<meta property=\"og:image:type\" content=\"image\/png\" \/>\n<meta name=\"twitter:card\" content=\"summary_large_image\" \/>\n<script type=\"application\/ld+json\" class=\"yoast-schema-graph\">{\"@context\":\"https:\\\/\\\/schema.org\",\"@graph\":[{\"@type\":\"WebPage\",\"@id\":\"https:\\\/\\\/www.lavillagardendesign.com\\\/es\\\/producto\\\/neverland-tumbona-doble-aluminio-agora\\\/\",\"url\":\"https:\\\/\\\/www.lavillagardendesign.com\\\/es\\\/producto\\\/neverland-tumbona-doble-aluminio-agora\\\/\",\"name\":\"NEVERLAND - Tumbona doble de aluminio y tejido Agora\",\"isPartOf\":{\"@id\":\"https:\\\/\\\/www.lavillagardendesign.com\\\/#website\"},\"primaryImageOfPage\":{\"@id\":\"https:\\\/\\\/www.lavillagardendesign.com\\\/es\\\/producto\\\/neverland-tumbona-doble-aluminio-agora\\\/#primaryimage\"},\"image\":{\"@id\":\"https:\\\/\\\/www.lavillagardendesign.com\\\/es\\\/producto\\\/neverland-tumbona-doble-aluminio-agora\\\/#primaryimage\"},\"thumbnailUrl\":\"https:\\\/\\\/www.lavillagardendesign.com\\\/wp-content\\\/uploads\\\/2024\\\/01\\\/1-158.png\",\"datePublished\":\"2024-01-29T18:59:24+00:00\",\"dateModified\":\"2026-04-23T06:35:35+00:00\",\"description\":\"Rel\u00e1jate con estilo en la tumbona doble NEVERLAND: robusto armaz\u00f3n de aluminio, tejido Azul \u00c1rtico Agora. Comodidad y elegancia para dos.\",\"breadcrumb\":{\"@id\":\"https:\\\/\\\/www.lavillagardendesign.com\\\/es\\\/producto\\\/neverland-tumbona-doble-aluminio-agora\\\/#breadcrumb\"},\"inLanguage\":\"es\",\"potentialAction\":[{\"@type\":\"ReadAction\",\"target\":[\"https:\\\/\\\/www.lavillagardendesign.com\\\/es\\\/producto\\\/neverland-tumbona-doble-aluminio-agora\\\/\"]}]},{\"@type\":\"ImageObject\",\"inLanguage\":\"es\",\"@id\":\"https:\\\/\\\/www.lavillagardendesign.com\\\/es\\\/producto\\\/neverland-tumbona-doble-aluminio-agora\\\/#primaryimage\",\"url\":\"https:\\\/\\\/www.lavillagardendesign.com\\\/wp-content\\\/uploads\\\/2024\\\/01\\\/1-158.png\",\"contentUrl\":\"https:\\\/\\\/www.lavillagardendesign.com\\\/wp-content\\\/uploads\\\/2024\\\/01\\\/1-158.png\",\"width\":700,\"height\":800},{\"@type\":\"BreadcrumbList\",\"@id\":\"https:\\\/\\\/www.lavillagardendesign.com\\\/es\\\/producto\\\/neverland-tumbona-doble-aluminio-agora\\\/#breadcrumb\",\"itemListElement\":[{\"@type\":\"ListItem\",\"position\":1,\"name\":\"Home\",\"item\":\"https:\\\/\\\/www.lavillagardendesign.com\\\/\"},{\"@type\":\"ListItem\",\"position\":2,\"name\":\"Tienda\",\"item\":\"https:\\\/\\\/www.lavillagardendesign.com\\\/es\\\/tienda\\\/\"},{\"@type\":\"ListItem\",\"position\":3,\"name\":\"NEVERLAND \u2013 Tumbona doble de aluminio y tejido \u00e1gora\"}]},{\"@type\":\"WebSite\",\"@id\":\"https:\\\/\\\/www.lavillagardendesign.com\\\/#website\",\"url\":\"https:\\\/\\\/www.lavillagardendesign.com\\\/\",\"name\":\"La Villa Garden&Design\",\"description\":\"\",\"publisher\":{\"@id\":\"https:\\\/\\\/www.lavillagardendesign.com\\\/#organization\"},\"potentialAction\":[{\"@type\":\"SearchAction\",\"target\":{\"@type\":\"EntryPoint\",\"urlTemplate\":\"https:\\\/\\\/www.lavillagardendesign.com\\\/?s={search_term_string}\"},\"query-input\":{\"@type\":\"PropertyValueSpecification\",\"valueRequired\":true,\"valueName\":\"search_term_string\"}}],\"inLanguage\":\"es\"},{\"@type\":\"Organization\",\"@id\":\"https:\\\/\\\/www.lavillagardendesign.com\\\/#organization\",\"name\":\"La Villa Garden&Design\",\"url\":\"https:\\\/\\\/www.lavillagardendesign.com\\\/\",\"logo\":{\"@type\":\"ImageObject\",\"inLanguage\":\"es\",\"@id\":\"https:\\\/\\\/www.lavillagardendesign.com\\\/#\\\/schema\\\/logo\\\/image\\\/\",\"url\":\"https:\\\/\\\/www.lavillagardendesign.com\\\/wp-content\\\/uploads\\\/2024\\\/04\\\/logolavilla.png\",\"contentUrl\":\"https:\\\/\\\/www.lavillagardendesign.com\\\/wp-content\\\/uploads\\\/2024\\\/04\\\/logolavilla.png\",\"width\":682,\"height\":391,\"caption\":\"La Villa Garden&Design\"},\"image\":{\"@id\":\"https:\\\/\\\/www.lavillagardendesign.com\\\/#\\\/schema\\\/logo\\\/image\\\/\"},\"sameAs\":[\"https:\\\/\\\/www.facebook.com\\\/lavillagardendesign\\\/\"]}]}<\/script>\n<!-- \/ Yoast SEO plugin. -->","yoast_head_json":{"title":"NEVERLAND - Tumbona doble de aluminio y tejido Agora","description":"Rel\u00e1jate con estilo en la tumbona doble NEVERLAND: robusto armaz\u00f3n de aluminio, tejido Azul \u00c1rtico Agora. Comodidad y elegancia para dos.","robots":{"index":"index","follow":"follow","max-snippet":"max-snippet:-1","max-image-preview":"max-image-preview:large","max-video-preview":"max-video-preview:-1"},"canonical":"https:\/\/www.lavillagardendesign.com\/es\/producto\/neverland-tumbona-doble-aluminio-agora\/","og_locale":"es_ES","og_type":"article","og_title":"NEVERLAND - Tumbona doble de aluminio y tejido Agora","og_description":"Rel\u00e1jate con estilo en la tumbona doble NEVERLAND: robusto armaz\u00f3n de aluminio, tejido Azul \u00c1rtico Agora. Comodidad y elegancia para dos.","og_url":"https:\/\/www.lavillagardendesign.com\/es\/producto\/neverland-tumbona-doble-aluminio-agora\/","og_site_name":"La Villa Garden&amp;Design","article_publisher":"https:\/\/www.facebook.com\/lavillagardendesign\/","article_modified_time":"2026-04-23T06:35:35+00:00","og_image":[{"width":700,"height":800,"url":"https:\/\/www.lavillagardendesign.com\/wp-content\/uploads\/2024\/01\/1-158.png","type":"image\/png"}],"twitter_card":"summary_large_image","schema":{"@context":"https:\/\/schema.org","@graph":[{"@type":"WebPage","@id":"https:\/\/www.lavillagardendesign.com\/es\/producto\/neverland-tumbona-doble-aluminio-agora\/","url":"https:\/\/www.lavillagardendesign.com\/es\/producto\/neverland-tumbona-doble-aluminio-agora\/","name":"NEVERLAND - Tumbona doble de aluminio y tejido Agora","isPartOf":{"@id":"https:\/\/www.lavillagardendesign.com\/#website"},"primaryImageOfPage":{"@id":"https:\/\/www.lavillagardendesign.com\/es\/producto\/neverland-tumbona-doble-aluminio-agora\/#primaryimage"},"image":{"@id":"https:\/\/www.lavillagardendesign.com\/es\/producto\/neverland-tumbona-doble-aluminio-agora\/#primaryimage"},"thumbnailUrl":"https:\/\/www.lavillagardendesign.com\/wp-content\/uploads\/2024\/01\/1-158.png","datePublished":"2024-01-29T18:59:24+00:00","dateModified":"2026-04-23T06:35:35+00:00","description":"Rel\u00e1jate con estilo en la tumbona doble NEVERLAND: robusto armaz\u00f3n de aluminio, tejido Azul \u00c1rtico Agora. Comodidad y elegancia para dos.","breadcrumb":{"@id":"https:\/\/www.lavillagardendesign.com\/es\/producto\/neverland-tumbona-doble-aluminio-agora\/#breadcrumb"},"inLanguage":"es","potentialAction":[{"@type":"ReadAction","target":["https:\/\/www.lavillagardendesign.com\/es\/producto\/neverland-tumbona-doble-aluminio-agora\/"]}]},{"@type":"ImageObject","inLanguage":"es","@id":"https:\/\/www.lavillagardendesign.com\/es\/producto\/neverland-tumbona-doble-aluminio-agora\/#primaryimage","url":"https:\/\/www.lavillagardendesign.com\/wp-content\/uploads\/2024\/01\/1-158.png","contentUrl":"https:\/\/www.lavillagardendesign.com\/wp-content\/uploads\/2024\/01\/1-158.png","width":700,"height":800},{"@type":"BreadcrumbList","@id":"https:\/\/www.lavillagardendesign.com\/es\/producto\/neverland-tumbona-doble-aluminio-agora\/#breadcrumb","itemListElement":[{"@type":"ListItem","position":1,"name":"Home","item":"https:\/\/www.lavillagardendesign.com\/"},{"@type":"ListItem","position":2,"name":"Tienda","item":"https:\/\/www.lavillagardendesign.com\/es\/tienda\/"},{"@type":"ListItem","position":3,"name":"NEVERLAND \u2013 Tumbona doble de aluminio y tejido \u00e1gora"}]},{"@type":"WebSite","@id":"https:\/\/www.lavillagardendesign.com\/#website","url":"https:\/\/www.lavillagardendesign.com\/","name":"La Villa Garden&Design","description":"","publisher":{"@id":"https:\/\/www.lavillagardendesign.com\/#organization"},"potentialAction":[{"@type":"SearchAction","target":{"@type":"EntryPoint","urlTemplate":"https:\/\/www.lavillagardendesign.com\/?s={search_term_string}"},"query-input":{"@type":"PropertyValueSpecification","valueRequired":true,"valueName":"search_term_string"}}],"inLanguage":"es"},{"@type":"Organization","@id":"https:\/\/www.lavillagardendesign.com\/#organization","name":"La Villa Garden&Design","url":"https:\/\/www.lavillagardendesign.com\/","logo":{"@type":"ImageObject","inLanguage":"es","@id":"https:\/\/www.lavillagardendesign.com\/#\/schema\/logo\/image\/","url":"https:\/\/www.lavillagardendesign.com\/wp-content\/uploads\/2024\/04\/logolavilla.png","contentUrl":"https:\/\/www.lavillagardendesign.com\/wp-content\/uploads\/2024\/04\/logolavilla.png","width":682,"height":391,"caption":"La Villa Garden&Design"},"image":{"@id":"https:\/\/www.lavillagardendesign.com\/#\/schema\/logo\/image\/"},"sameAs":["https:\/\/www.facebook.com\/lavillagardendesign\/"]}]}},"_links":{"self":[{"href":"https:\/\/www.lavillagardendesign.com\/es\/wp-json\/wp\/v2\/product\/40181","targetHints":{"allow":["GET"]}}],"collection":[{"href":"https:\/\/www.lavillagardendesign.com\/es\/wp-json\/wp\/v2\/product"}],"about":[{"href":"https:\/\/www.lavillagardendesign.com\/es\/wp-json\/wp\/v2\/types\/product"}],"replies":[{"embeddable":true,"href":"https:\/\/www.lavillagardendesign.com\/es\/wp-json\/wp\/v2\/comments?post=40181"}],"version-history":[{"count":1,"href":"https:\/\/www.lavillagardendesign.com\/es\/wp-json\/wp\/v2\/product\/40181\/revisions"}],"predecessor-version":[{"id":47824,"href":"https:\/\/www.lavillagardendesign.com\/es\/wp-json\/wp\/v2\/product\/40181\/revisions\/47824"}],"wp:featuredmedia":[{"embeddable":true,"href":"https:\/\/www.lavillagardendesign.com\/es\/wp-json\/wp\/v2\/media\/40073"}],"wp:attachment":[{"href":"https:\/\/www.lavillagardendesign.com\/es\/wp-json\/wp\/v2\/media?parent=40181"}],"wp:term":[{"taxonomy":"product_brand","embeddable":true,"href":"https:\/\/www.lavillagardendesign.com\/es\/wp-json\/wp\/v2\/product_brand?post=40181"},{"taxonomy":"product_cat","embeddable":true,"href":"https:\/\/www.lavillagardendesign.com\/es\/wp-json\/wp\/v2\/product_cat?post=40181"},{"taxonomy":"product_tag","embeddable":true,"href":"https:\/\/www.lavillagardendesign.com\/es\/wp-json\/wp\/v2\/product_tag?post=40181"}],"curies":[{"name":"wp","href":"https:\/\/api.w.org\/{rel}","templated":true}]}}