{"id":39124,"date":"2024-04-05T09:23:47","date_gmt":"2024-04-05T08:23:47","guid":{"rendered":"https:\/\/www.lavillagardendesign.com\/product\/plus4-mesa-extensible-de-acero\/"},"modified":"2026-02-23T13:09:55","modified_gmt":"2026-02-23T11:09:55","slug":"plus4-mesa-extensible-de-acero","status":"publish","type":"product","link":"https:\/\/www.lavillagardendesign.com\/es\/producto\/plus4-mesa-extensible-de-acero\/","title":{"rendered":"PLUS4 &#8211; Mesa extensible de acero"},"content":{"rendered":"<div class=\"fusion-text\">Plus4 collection is made up of extendible tables: one with sizes 160+110x 90 cm and another one with sizes 220+110&#215;90 cm, the new Balcony Tables and Imperial Plus4 Tables. La superficie es de acero conformado a presi\u00f3n, con un cuidadoso trabajo de los acabados para un mejor efecto est\u00e9tico.<br \/>\nUtilizados para permitir la extensibilidad de la superficie, los ra\u00edles han sido dise\u00f1ados espec\u00edficamente por EMU para esta l\u00ednea. El mecanismo de apertura de mariposa de la extensi\u00f3n interior facilita la apertura de estas mesas.<br \/>\nEn comparaci\u00f3n con una mesa extensible tradicional, la extensi\u00f3n de 110 cm permite a\u00f1adir 4 asientos en lugar de 2, aumentando la posibilidad de uso de este producto.  Furthermore, the extension of the table is designed in a way that all the seats fit easily without any impediment.<\/div>\n","protected":false},"excerpt":{"rendered":"<p>Plus4 collection is made up of extendible tables: one with sizes 160+110x 90 cm and another one with sizes 220+110&#215;90 cm, the new Balcony Tables and Imperial Plus4 Tables. La superficie es de acero conformado a presi\u00f3n, con un cuidadoso trabajo de los acabados para un mejor efecto est\u00e9tico.<br \/>\nUtilizados para permitir la extensibilidad de la superficie, los ra\u00edles han sido dise\u00f1ados espec\u00edficamente por EMU para esta l\u00ednea. El mecanismo de apertura de mariposa de la extensi\u00f3n interior facilita la apertura de estas mesas.<br \/>\nEn comparaci\u00f3n con una mesa extensible tradicional, la extensi\u00f3n de 110 cm permite a\u00f1adir 4 asientos en lugar de 2, aumentando la posibilidad de uso de este producto.  Furthermore, the extension of the table is designed in a way that all the seats fit easily without any impediment.<\/p>\n","protected":false},"featured_media":39111,"comment_status":"open","ping_status":"closed","template":"","meta":[],"product_brand":[4999],"product_cat":[6833,3120,3122],"product_tag":[],"class_list":{"0":"post-39124","1":"product","2":"type-product","3":"status-publish","4":"has-post-thumbnail","6":"product_brand-emu","7":"product_cat-outdoor-es","8":"product_cat-mesas","9":"product_cat-mesas-de-comedor","11":"first","12":"instock","13":"taxable","14":"shipping-taxable","15":"purchasable","16":"product-type-variable"},"yoast_head":"<!-- This site is optimized with the Yoast SEO plugin v27.1.1 - https:\/\/yoast.com\/product\/yoast-seo-wordpress\/ -->\n<title>PLUS4 - Mesa extensible de acero - La Villa Garden&amp;Design<\/title>\n<meta name=\"robots\" content=\"index, follow, max-snippet:-1, max-image-preview:large, max-video-preview:-1\" \/>\n<link rel=\"canonical\" href=\"https:\/\/www.lavillagardendesign.com\/es\/producto\/plus4-mesa-extensible-de-acero\/\" \/>\n<meta property=\"og:locale\" content=\"es_ES\" \/>\n<meta property=\"og:type\" content=\"article\" \/>\n<meta property=\"og:title\" content=\"PLUS4 - Mesa extensible de acero - La Villa Garden&amp;Design\" \/>\n<meta property=\"og:description\" content=\"Plus4 collection is made up of extendible tables: one with sizes 160+110x 90 cm and another one with sizes 220+110x90 cm, the new Balcony Tables and Imperial Plus4 Tables. La superficie es de acero conformado a presi\u00f3n, con un cuidadoso trabajo de los acabados para un mejor efecto est\u00e9tico. Utilizados para permitir la extensibilidad de la superficie, los ra\u00edles han sido dise\u00f1ados espec\u00edficamente por EMU para esta l\u00ednea. El mecanismo de apertura de mariposa de la extensi\u00f3n interior facilita la apertura de estas mesas. En comparaci\u00f3n con una mesa extensible tradicional, la extensi\u00f3n de 110 cm permite a\u00f1adir 4 asientos en lugar de 2, aumentando la posibilidad de uso de este producto. Furthermore, the extension of the table is designed in a way that all the seats fit easily without any impediment.\" \/>\n<meta property=\"og:url\" content=\"https:\/\/www.lavillagardendesign.com\/es\/producto\/plus4-mesa-extensible-de-acero\/\" \/>\n<meta property=\"og:site_name\" content=\"La Villa Garden&amp;Design\" \/>\n<meta property=\"article:publisher\" content=\"https:\/\/www.facebook.com\/lavillagardendesign\/\" \/>\n<meta property=\"article:modified_time\" content=\"2026-02-23T11:09:55+00:00\" \/>\n<meta property=\"og:image\" content=\"https:\/\/www.lavillagardendesign.com\/wp-content\/uploads\/2024\/04\/8.png\" \/>\n\t<meta property=\"og:image:width\" content=\"700\" \/>\n\t<meta property=\"og:image:height\" content=\"800\" \/>\n\t<meta property=\"og:image:type\" content=\"image\/png\" \/>\n<meta name=\"twitter:card\" content=\"summary_large_image\" \/>\n<meta name=\"twitter:label1\" content=\"Tiempo de lectura\" \/>\n\t<meta name=\"twitter:data1\" content=\"1 minuto\" \/>\n<script type=\"application\/ld+json\" class=\"yoast-schema-graph\">{\"@context\":\"https:\/\/schema.org\",\"@graph\":[{\"@type\":\"WebPage\",\"@id\":\"https:\/\/www.lavillagardendesign.com\/es\/producto\/plus4-mesa-extensible-de-acero\/\",\"url\":\"https:\/\/www.lavillagardendesign.com\/es\/producto\/plus4-mesa-extensible-de-acero\/\",\"name\":\"PLUS4 - Mesa extensible de acero - La Villa Garden&amp;Design\",\"isPartOf\":{\"@id\":\"https:\/\/www.lavillagardendesign.com\/#website\"},\"primaryImageOfPage\":{\"@id\":\"https:\/\/www.lavillagardendesign.com\/es\/producto\/plus4-mesa-extensible-de-acero\/#primaryimage\"},\"image\":{\"@id\":\"https:\/\/www.lavillagardendesign.com\/es\/producto\/plus4-mesa-extensible-de-acero\/#primaryimage\"},\"thumbnailUrl\":\"https:\/\/www.lavillagardendesign.com\/wp-content\/uploads\/2024\/04\/8.png\",\"datePublished\":\"2024-04-05T08:23:47+00:00\",\"dateModified\":\"2026-02-23T11:09:55+00:00\",\"breadcrumb\":{\"@id\":\"https:\/\/www.lavillagardendesign.com\/es\/producto\/plus4-mesa-extensible-de-acero\/#breadcrumb\"},\"inLanguage\":\"es\",\"potentialAction\":[{\"@type\":\"ReadAction\",\"target\":[\"https:\/\/www.lavillagardendesign.com\/es\/producto\/plus4-mesa-extensible-de-acero\/\"]}]},{\"@type\":\"ImageObject\",\"inLanguage\":\"es\",\"@id\":\"https:\/\/www.lavillagardendesign.com\/es\/producto\/plus4-mesa-extensible-de-acero\/#primaryimage\",\"url\":\"https:\/\/www.lavillagardendesign.com\/wp-content\/uploads\/2024\/04\/8.png\",\"contentUrl\":\"https:\/\/www.lavillagardendesign.com\/wp-content\/uploads\/2024\/04\/8.png\",\"width\":700,\"height\":800},{\"@type\":\"BreadcrumbList\",\"@id\":\"https:\/\/www.lavillagardendesign.com\/es\/producto\/plus4-mesa-extensible-de-acero\/#breadcrumb\",\"itemListElement\":[{\"@type\":\"ListItem\",\"position\":1,\"name\":\"Home\",\"item\":\"https:\/\/www.lavillagardendesign.com\/\"},{\"@type\":\"ListItem\",\"position\":2,\"name\":\"Tienda\",\"item\":\"https:\/\/www.lavillagardendesign.com\/es\/tienda\/\"},{\"@type\":\"ListItem\",\"position\":3,\"name\":\"PLUS4 &#8211; Mesa extensible de acero\"}]},{\"@type\":\"WebSite\",\"@id\":\"https:\/\/www.lavillagardendesign.com\/#website\",\"url\":\"https:\/\/www.lavillagardendesign.com\/\",\"name\":\"La Villa Garden&Design\",\"description\":\"\",\"publisher\":{\"@id\":\"https:\/\/www.lavillagardendesign.com\/#organization\"},\"potentialAction\":[{\"@type\":\"SearchAction\",\"target\":{\"@type\":\"EntryPoint\",\"urlTemplate\":\"https:\/\/www.lavillagardendesign.com\/?s={search_term_string}\"},\"query-input\":{\"@type\":\"PropertyValueSpecification\",\"valueRequired\":true,\"valueName\":\"search_term_string\"}}],\"inLanguage\":\"es\"},{\"@type\":\"Organization\",\"@id\":\"https:\/\/www.lavillagardendesign.com\/#organization\",\"name\":\"La Villa Garden&Design\",\"url\":\"https:\/\/www.lavillagardendesign.com\/\",\"logo\":{\"@type\":\"ImageObject\",\"inLanguage\":\"es\",\"@id\":\"https:\/\/www.lavillagardendesign.com\/#\/schema\/logo\/image\/\",\"url\":\"https:\/\/www.lavillagardendesign.com\/wp-content\/uploads\/2024\/04\/logolavilla.png\",\"contentUrl\":\"https:\/\/www.lavillagardendesign.com\/wp-content\/uploads\/2024\/04\/logolavilla.png\",\"width\":682,\"height\":391,\"caption\":\"La Villa Garden&Design\"},\"image\":{\"@id\":\"https:\/\/www.lavillagardendesign.com\/#\/schema\/logo\/image\/\"},\"sameAs\":[\"https:\/\/www.facebook.com\/lavillagardendesign\/\"]}]}<\/script>\n<!-- \/ Yoast SEO plugin. -->","yoast_head_json":{"title":"PLUS4 - Mesa extensible de acero - La Villa Garden&amp;Design","robots":{"index":"index","follow":"follow","max-snippet":"max-snippet:-1","max-image-preview":"max-image-preview:large","max-video-preview":"max-video-preview:-1"},"canonical":"https:\/\/www.lavillagardendesign.com\/es\/producto\/plus4-mesa-extensible-de-acero\/","og_locale":"es_ES","og_type":"article","og_title":"PLUS4 - Mesa extensible de acero - La Villa Garden&amp;Design","og_description":"Plus4 collection is made up of extendible tables: one with sizes 160+110x 90 cm and another one with sizes 220+110x90 cm, the new Balcony Tables and Imperial Plus4 Tables. La superficie es de acero conformado a presi\u00f3n, con un cuidadoso trabajo de los acabados para un mejor efecto est\u00e9tico. Utilizados para permitir la extensibilidad de la superficie, los ra\u00edles han sido dise\u00f1ados espec\u00edficamente por EMU para esta l\u00ednea. El mecanismo de apertura de mariposa de la extensi\u00f3n interior facilita la apertura de estas mesas. En comparaci\u00f3n con una mesa extensible tradicional, la extensi\u00f3n de 110 cm permite a\u00f1adir 4 asientos en lugar de 2, aumentando la posibilidad de uso de este producto. Furthermore, the extension of the table is designed in a way that all the seats fit easily without any impediment.","og_url":"https:\/\/www.lavillagardendesign.com\/es\/producto\/plus4-mesa-extensible-de-acero\/","og_site_name":"La Villa Garden&amp;Design","article_publisher":"https:\/\/www.facebook.com\/lavillagardendesign\/","article_modified_time":"2026-02-23T11:09:55+00:00","og_image":[{"width":700,"height":800,"url":"https:\/\/www.lavillagardendesign.com\/wp-content\/uploads\/2024\/04\/8.png","type":"image\/png"}],"twitter_card":"summary_large_image","twitter_misc":{"Tiempo de lectura":"1 minuto"},"schema":{"@context":"https:\/\/schema.org","@graph":[{"@type":"WebPage","@id":"https:\/\/www.lavillagardendesign.com\/es\/producto\/plus4-mesa-extensible-de-acero\/","url":"https:\/\/www.lavillagardendesign.com\/es\/producto\/plus4-mesa-extensible-de-acero\/","name":"PLUS4 - Mesa extensible de acero - La Villa Garden&amp;Design","isPartOf":{"@id":"https:\/\/www.lavillagardendesign.com\/#website"},"primaryImageOfPage":{"@id":"https:\/\/www.lavillagardendesign.com\/es\/producto\/plus4-mesa-extensible-de-acero\/#primaryimage"},"image":{"@id":"https:\/\/www.lavillagardendesign.com\/es\/producto\/plus4-mesa-extensible-de-acero\/#primaryimage"},"thumbnailUrl":"https:\/\/www.lavillagardendesign.com\/wp-content\/uploads\/2024\/04\/8.png","datePublished":"2024-04-05T08:23:47+00:00","dateModified":"2026-02-23T11:09:55+00:00","breadcrumb":{"@id":"https:\/\/www.lavillagardendesign.com\/es\/producto\/plus4-mesa-extensible-de-acero\/#breadcrumb"},"inLanguage":"es","potentialAction":[{"@type":"ReadAction","target":["https:\/\/www.lavillagardendesign.com\/es\/producto\/plus4-mesa-extensible-de-acero\/"]}]},{"@type":"ImageObject","inLanguage":"es","@id":"https:\/\/www.lavillagardendesign.com\/es\/producto\/plus4-mesa-extensible-de-acero\/#primaryimage","url":"https:\/\/www.lavillagardendesign.com\/wp-content\/uploads\/2024\/04\/8.png","contentUrl":"https:\/\/www.lavillagardendesign.com\/wp-content\/uploads\/2024\/04\/8.png","width":700,"height":800},{"@type":"BreadcrumbList","@id":"https:\/\/www.lavillagardendesign.com\/es\/producto\/plus4-mesa-extensible-de-acero\/#breadcrumb","itemListElement":[{"@type":"ListItem","position":1,"name":"Home","item":"https:\/\/www.lavillagardendesign.com\/"},{"@type":"ListItem","position":2,"name":"Tienda","item":"https:\/\/www.lavillagardendesign.com\/es\/tienda\/"},{"@type":"ListItem","position":3,"name":"PLUS4 &#8211; Mesa extensible de acero"}]},{"@type":"WebSite","@id":"https:\/\/www.lavillagardendesign.com\/#website","url":"https:\/\/www.lavillagardendesign.com\/","name":"La Villa Garden&Design","description":"","publisher":{"@id":"https:\/\/www.lavillagardendesign.com\/#organization"},"potentialAction":[{"@type":"SearchAction","target":{"@type":"EntryPoint","urlTemplate":"https:\/\/www.lavillagardendesign.com\/?s={search_term_string}"},"query-input":{"@type":"PropertyValueSpecification","valueRequired":true,"valueName":"search_term_string"}}],"inLanguage":"es"},{"@type":"Organization","@id":"https:\/\/www.lavillagardendesign.com\/#organization","name":"La Villa Garden&Design","url":"https:\/\/www.lavillagardendesign.com\/","logo":{"@type":"ImageObject","inLanguage":"es","@id":"https:\/\/www.lavillagardendesign.com\/#\/schema\/logo\/image\/","url":"https:\/\/www.lavillagardendesign.com\/wp-content\/uploads\/2024\/04\/logolavilla.png","contentUrl":"https:\/\/www.lavillagardendesign.com\/wp-content\/uploads\/2024\/04\/logolavilla.png","width":682,"height":391,"caption":"La Villa Garden&Design"},"image":{"@id":"https:\/\/www.lavillagardendesign.com\/#\/schema\/logo\/image\/"},"sameAs":["https:\/\/www.facebook.com\/lavillagardendesign\/"]}]}},"_links":{"self":[{"href":"https:\/\/www.lavillagardendesign.com\/es\/wp-json\/wp\/v2\/product\/39124","targetHints":{"allow":["GET"]}}],"collection":[{"href":"https:\/\/www.lavillagardendesign.com\/es\/wp-json\/wp\/v2\/product"}],"about":[{"href":"https:\/\/www.lavillagardendesign.com\/es\/wp-json\/wp\/v2\/types\/product"}],"replies":[{"embeddable":true,"href":"https:\/\/www.lavillagardendesign.com\/es\/wp-json\/wp\/v2\/comments?post=39124"}],"version-history":[{"count":2,"href":"https:\/\/www.lavillagardendesign.com\/es\/wp-json\/wp\/v2\/product\/39124\/revisions"}],"predecessor-version":[{"id":63776,"href":"https:\/\/www.lavillagardendesign.com\/es\/wp-json\/wp\/v2\/product\/39124\/revisions\/63776"}],"wp:featuredmedia":[{"embeddable":true,"href":"https:\/\/www.lavillagardendesign.com\/es\/wp-json\/wp\/v2\/media\/39111"}],"wp:attachment":[{"href":"https:\/\/www.lavillagardendesign.com\/es\/wp-json\/wp\/v2\/media?parent=39124"}],"wp:term":[{"taxonomy":"product_brand","embeddable":true,"href":"https:\/\/www.lavillagardendesign.com\/es\/wp-json\/wp\/v2\/product_brand?post=39124"},{"taxonomy":"product_cat","embeddable":true,"href":"https:\/\/www.lavillagardendesign.com\/es\/wp-json\/wp\/v2\/product_cat?post=39124"},{"taxonomy":"product_tag","embeddable":true,"href":"https:\/\/www.lavillagardendesign.com\/es\/wp-json\/wp\/v2\/product_tag?post=39124"}],"curies":[{"name":"wp","href":"https:\/\/api.w.org\/{rel}","templated":true}]}}