{"id":34753,"date":"2024-01-29T19:59:38","date_gmt":"2024-01-29T18:59:38","guid":{"rendered":"https:\/\/www.lavillagardendesign.com\/product\/thor-mesa-extensible-con-vidrio-templado-por-10-a-12-personas\/"},"modified":"2026-03-10T03:39:55","modified_gmt":"2026-03-10T02:39:55","slug":"thor-mesa-extensible-con-vidrio-templado-por-10-a-12-personas","status":"publish","type":"product","link":"https:\/\/www.lavillagardendesign.com\/es\/producto\/thor-mesa-extensible-con-vidrio-templado-por-10-a-12-personas\/","title":{"rendered":"THOR &#8211; Mesa de comedor rectangular extensible 240\/296x100cm"},"content":{"rendered":"","protected":false},"excerpt":{"rendered":"<p>Experimenta la excelencia en la hosteler\u00eda de exterior con la mesa THOR, una pieza de proporciones majestuosas dise\u00f1ada para los espacios m\u00e1s exclusivos. Su sistema de extensi\u00f3n alcanza los 296 cm, ofreciendo una impecable superficie de cristal templado sobre un marco de aluminio de alta densidad. Es la s\u00edntesis perfecta de robustez t\u00e9cnica y elegancia contempor\u00e1nea para exteriores de lujo.  <\/p>\n","protected":false},"featured_media":34558,"comment_status":"open","ping_status":"closed","template":"","meta":[],"product_brand":[5001],"product_cat":[6833,3120,3122,5659],"product_tag":[],"class_list":{"0":"post-34753","1":"product","2":"type-product","3":"status-publish","4":"has-post-thumbnail","6":"product_brand-la-villa-garden","7":"product_cat-outdoor-es","8":"product_cat-mesas","9":"product_cat-mesas-de-comedor","10":"product_cat-promociones-web","11":"product_shipping_class-vondom-es","13":"first","14":"instock","15":"sale","16":"taxable","17":"shipping-taxable","18":"purchasable","19":"product-type-variable","20":"has-default-attributes"},"yoast_head":"<!-- This site is optimized with the Yoast SEO plugin v27.1.1 - https:\/\/yoast.com\/product\/yoast-seo-wordpress\/ -->\n<title>Mesa Extensible Grande THOR 240\/296 cm | La Villa Garden &amp; Design<\/title>\n<meta name=\"description\" content=\"Descubre la mesa de comedor THOR. Extensible hasta 296 cm en aluminio y cristal. El mobiliario ideal para grandes terrazas y villas de lujo en Ibiza y la Costa Brava\" \/>\n<meta name=\"robots\" content=\"index, follow, max-snippet:-1, max-image-preview:large, max-video-preview:-1\" \/>\n<link rel=\"canonical\" href=\"https:\/\/www.lavillagardendesign.com\/es\/producto\/thor-mesa-extensible-con-vidrio-templado-por-10-a-12-personas\/\" \/>\n<meta property=\"og:locale\" content=\"es_ES\" \/>\n<meta property=\"og:type\" content=\"article\" \/>\n<meta property=\"og:title\" content=\"Mesa Extensible Grande THOR 240\/296 cm | La Villa Garden &amp; Design\" \/>\n<meta property=\"og:description\" content=\"Descubre la mesa de comedor THOR. Extensible hasta 296 cm en aluminio y cristal. El mobiliario ideal para grandes terrazas y villas de lujo en Ibiza y la Costa Brava\" \/>\n<meta property=\"og:url\" content=\"https:\/\/www.lavillagardendesign.com\/es\/producto\/thor-mesa-extensible-con-vidrio-templado-por-10-a-12-personas\/\" \/>\n<meta property=\"og:site_name\" content=\"La Villa Garden&amp;Design\" \/>\n<meta property=\"article:publisher\" content=\"https:\/\/www.facebook.com\/lavillagardendesign\/\" \/>\n<meta property=\"article:modified_time\" content=\"2026-03-10T02:39:55+00:00\" \/>\n<meta property=\"og:image\" content=\"https:\/\/www.lavillagardendesign.com\/wp-content\/uploads\/2024\/01\/5-65.png\" \/>\n\t<meta property=\"og:image:width\" content=\"700\" \/>\n\t<meta property=\"og:image:height\" content=\"800\" \/>\n\t<meta property=\"og:image:type\" content=\"image\/png\" \/>\n<meta name=\"twitter:card\" content=\"summary_large_image\" \/>\n<script type=\"application\/ld+json\" class=\"yoast-schema-graph\">{\"@context\":\"https:\/\/schema.org\",\"@graph\":[{\"@type\":\"WebPage\",\"@id\":\"https:\/\/www.lavillagardendesign.com\/es\/producto\/thor-mesa-extensible-con-vidrio-templado-por-10-a-12-personas\/\",\"url\":\"https:\/\/www.lavillagardendesign.com\/es\/producto\/thor-mesa-extensible-con-vidrio-templado-por-10-a-12-personas\/\",\"name\":\"Mesa Extensible Grande THOR 240\/296 cm | La Villa Garden & Design\",\"isPartOf\":{\"@id\":\"https:\/\/www.lavillagardendesign.com\/#website\"},\"primaryImageOfPage\":{\"@id\":\"https:\/\/www.lavillagardendesign.com\/es\/producto\/thor-mesa-extensible-con-vidrio-templado-por-10-a-12-personas\/#primaryimage\"},\"image\":{\"@id\":\"https:\/\/www.lavillagardendesign.com\/es\/producto\/thor-mesa-extensible-con-vidrio-templado-por-10-a-12-personas\/#primaryimage\"},\"thumbnailUrl\":\"https:\/\/www.lavillagardendesign.com\/wp-content\/uploads\/2024\/01\/5-65.png\",\"datePublished\":\"2024-01-29T18:59:38+00:00\",\"dateModified\":\"2026-03-10T02:39:55+00:00\",\"description\":\"Descubre la mesa de comedor THOR. Extensible hasta 296 cm en aluminio y cristal. El mobiliario ideal para grandes terrazas y villas de lujo en Ibiza y la Costa Brava\",\"breadcrumb\":{\"@id\":\"https:\/\/www.lavillagardendesign.com\/es\/producto\/thor-mesa-extensible-con-vidrio-templado-por-10-a-12-personas\/#breadcrumb\"},\"inLanguage\":\"es\",\"potentialAction\":[{\"@type\":\"ReadAction\",\"target\":[\"https:\/\/www.lavillagardendesign.com\/es\/producto\/thor-mesa-extensible-con-vidrio-templado-por-10-a-12-personas\/\"]}]},{\"@type\":\"ImageObject\",\"inLanguage\":\"es\",\"@id\":\"https:\/\/www.lavillagardendesign.com\/es\/producto\/thor-mesa-extensible-con-vidrio-templado-por-10-a-12-personas\/#primaryimage\",\"url\":\"https:\/\/www.lavillagardendesign.com\/wp-content\/uploads\/2024\/01\/5-65.png\",\"contentUrl\":\"https:\/\/www.lavillagardendesign.com\/wp-content\/uploads\/2024\/01\/5-65.png\",\"width\":700,\"height\":800},{\"@type\":\"BreadcrumbList\",\"@id\":\"https:\/\/www.lavillagardendesign.com\/es\/producto\/thor-mesa-extensible-con-vidrio-templado-por-10-a-12-personas\/#breadcrumb\",\"itemListElement\":[{\"@type\":\"ListItem\",\"position\":1,\"name\":\"Home\",\"item\":\"https:\/\/www.lavillagardendesign.com\/\"},{\"@type\":\"ListItem\",\"position\":2,\"name\":\"Tienda\",\"item\":\"https:\/\/www.lavillagardendesign.com\/es\/tienda\/\"},{\"@type\":\"ListItem\",\"position\":3,\"name\":\"THOR &#8211; Mesa de comedor rectangular extensible 240\/296x100cm\"}]},{\"@type\":\"WebSite\",\"@id\":\"https:\/\/www.lavillagardendesign.com\/#website\",\"url\":\"https:\/\/www.lavillagardendesign.com\/\",\"name\":\"La Villa Garden&Design\",\"description\":\"\",\"publisher\":{\"@id\":\"https:\/\/www.lavillagardendesign.com\/#organization\"},\"potentialAction\":[{\"@type\":\"SearchAction\",\"target\":{\"@type\":\"EntryPoint\",\"urlTemplate\":\"https:\/\/www.lavillagardendesign.com\/?s={search_term_string}\"},\"query-input\":{\"@type\":\"PropertyValueSpecification\",\"valueRequired\":true,\"valueName\":\"search_term_string\"}}],\"inLanguage\":\"es\"},{\"@type\":\"Organization\",\"@id\":\"https:\/\/www.lavillagardendesign.com\/#organization\",\"name\":\"La Villa Garden&Design\",\"url\":\"https:\/\/www.lavillagardendesign.com\/\",\"logo\":{\"@type\":\"ImageObject\",\"inLanguage\":\"es\",\"@id\":\"https:\/\/www.lavillagardendesign.com\/#\/schema\/logo\/image\/\",\"url\":\"https:\/\/www.lavillagardendesign.com\/wp-content\/uploads\/2024\/04\/logolavilla.png\",\"contentUrl\":\"https:\/\/www.lavillagardendesign.com\/wp-content\/uploads\/2024\/04\/logolavilla.png\",\"width\":682,\"height\":391,\"caption\":\"La Villa Garden&Design\"},\"image\":{\"@id\":\"https:\/\/www.lavillagardendesign.com\/#\/schema\/logo\/image\/\"},\"sameAs\":[\"https:\/\/www.facebook.com\/lavillagardendesign\/\"]}]}<\/script>\n<!-- \/ Yoast SEO plugin. -->","yoast_head_json":{"title":"Mesa Extensible Grande THOR 240\/296 cm | La Villa Garden & Design","description":"Descubre la mesa de comedor THOR. Extensible hasta 296 cm en aluminio y cristal. El mobiliario ideal para grandes terrazas y villas de lujo en Ibiza y la Costa Brava","robots":{"index":"index","follow":"follow","max-snippet":"max-snippet:-1","max-image-preview":"max-image-preview:large","max-video-preview":"max-video-preview:-1"},"canonical":"https:\/\/www.lavillagardendesign.com\/es\/producto\/thor-mesa-extensible-con-vidrio-templado-por-10-a-12-personas\/","og_locale":"es_ES","og_type":"article","og_title":"Mesa Extensible Grande THOR 240\/296 cm | La Villa Garden & Design","og_description":"Descubre la mesa de comedor THOR. Extensible hasta 296 cm en aluminio y cristal. El mobiliario ideal para grandes terrazas y villas de lujo en Ibiza y la Costa Brava","og_url":"https:\/\/www.lavillagardendesign.com\/es\/producto\/thor-mesa-extensible-con-vidrio-templado-por-10-a-12-personas\/","og_site_name":"La Villa Garden&amp;Design","article_publisher":"https:\/\/www.facebook.com\/lavillagardendesign\/","article_modified_time":"2026-03-10T02:39:55+00:00","og_image":[{"width":700,"height":800,"url":"https:\/\/www.lavillagardendesign.com\/wp-content\/uploads\/2024\/01\/5-65.png","type":"image\/png"}],"twitter_card":"summary_large_image","schema":{"@context":"https:\/\/schema.org","@graph":[{"@type":"WebPage","@id":"https:\/\/www.lavillagardendesign.com\/es\/producto\/thor-mesa-extensible-con-vidrio-templado-por-10-a-12-personas\/","url":"https:\/\/www.lavillagardendesign.com\/es\/producto\/thor-mesa-extensible-con-vidrio-templado-por-10-a-12-personas\/","name":"Mesa Extensible Grande THOR 240\/296 cm | La Villa Garden & Design","isPartOf":{"@id":"https:\/\/www.lavillagardendesign.com\/#website"},"primaryImageOfPage":{"@id":"https:\/\/www.lavillagardendesign.com\/es\/producto\/thor-mesa-extensible-con-vidrio-templado-por-10-a-12-personas\/#primaryimage"},"image":{"@id":"https:\/\/www.lavillagardendesign.com\/es\/producto\/thor-mesa-extensible-con-vidrio-templado-por-10-a-12-personas\/#primaryimage"},"thumbnailUrl":"https:\/\/www.lavillagardendesign.com\/wp-content\/uploads\/2024\/01\/5-65.png","datePublished":"2024-01-29T18:59:38+00:00","dateModified":"2026-03-10T02:39:55+00:00","description":"Descubre la mesa de comedor THOR. Extensible hasta 296 cm en aluminio y cristal. El mobiliario ideal para grandes terrazas y villas de lujo en Ibiza y la Costa Brava","breadcrumb":{"@id":"https:\/\/www.lavillagardendesign.com\/es\/producto\/thor-mesa-extensible-con-vidrio-templado-por-10-a-12-personas\/#breadcrumb"},"inLanguage":"es","potentialAction":[{"@type":"ReadAction","target":["https:\/\/www.lavillagardendesign.com\/es\/producto\/thor-mesa-extensible-con-vidrio-templado-por-10-a-12-personas\/"]}]},{"@type":"ImageObject","inLanguage":"es","@id":"https:\/\/www.lavillagardendesign.com\/es\/producto\/thor-mesa-extensible-con-vidrio-templado-por-10-a-12-personas\/#primaryimage","url":"https:\/\/www.lavillagardendesign.com\/wp-content\/uploads\/2024\/01\/5-65.png","contentUrl":"https:\/\/www.lavillagardendesign.com\/wp-content\/uploads\/2024\/01\/5-65.png","width":700,"height":800},{"@type":"BreadcrumbList","@id":"https:\/\/www.lavillagardendesign.com\/es\/producto\/thor-mesa-extensible-con-vidrio-templado-por-10-a-12-personas\/#breadcrumb","itemListElement":[{"@type":"ListItem","position":1,"name":"Home","item":"https:\/\/www.lavillagardendesign.com\/"},{"@type":"ListItem","position":2,"name":"Tienda","item":"https:\/\/www.lavillagardendesign.com\/es\/tienda\/"},{"@type":"ListItem","position":3,"name":"THOR &#8211; Mesa de comedor rectangular extensible 240\/296x100cm"}]},{"@type":"WebSite","@id":"https:\/\/www.lavillagardendesign.com\/#website","url":"https:\/\/www.lavillagardendesign.com\/","name":"La Villa Garden&Design","description":"","publisher":{"@id":"https:\/\/www.lavillagardendesign.com\/#organization"},"potentialAction":[{"@type":"SearchAction","target":{"@type":"EntryPoint","urlTemplate":"https:\/\/www.lavillagardendesign.com\/?s={search_term_string}"},"query-input":{"@type":"PropertyValueSpecification","valueRequired":true,"valueName":"search_term_string"}}],"inLanguage":"es"},{"@type":"Organization","@id":"https:\/\/www.lavillagardendesign.com\/#organization","name":"La Villa Garden&Design","url":"https:\/\/www.lavillagardendesign.com\/","logo":{"@type":"ImageObject","inLanguage":"es","@id":"https:\/\/www.lavillagardendesign.com\/#\/schema\/logo\/image\/","url":"https:\/\/www.lavillagardendesign.com\/wp-content\/uploads\/2024\/04\/logolavilla.png","contentUrl":"https:\/\/www.lavillagardendesign.com\/wp-content\/uploads\/2024\/04\/logolavilla.png","width":682,"height":391,"caption":"La Villa Garden&Design"},"image":{"@id":"https:\/\/www.lavillagardendesign.com\/#\/schema\/logo\/image\/"},"sameAs":["https:\/\/www.facebook.com\/lavillagardendesign\/"]}]}},"_links":{"self":[{"href":"https:\/\/www.lavillagardendesign.com\/es\/wp-json\/wp\/v2\/product\/34753","targetHints":{"allow":["GET"]}}],"collection":[{"href":"https:\/\/www.lavillagardendesign.com\/es\/wp-json\/wp\/v2\/product"}],"about":[{"href":"https:\/\/www.lavillagardendesign.com\/es\/wp-json\/wp\/v2\/types\/product"}],"replies":[{"embeddable":true,"href":"https:\/\/www.lavillagardendesign.com\/es\/wp-json\/wp\/v2\/comments?post=34753"}],"version-history":[{"count":2,"href":"https:\/\/www.lavillagardendesign.com\/es\/wp-json\/wp\/v2\/product\/34753\/revisions"}],"predecessor-version":[{"id":67256,"href":"https:\/\/www.lavillagardendesign.com\/es\/wp-json\/wp\/v2\/product\/34753\/revisions\/67256"}],"wp:featuredmedia":[{"embeddable":true,"href":"https:\/\/www.lavillagardendesign.com\/es\/wp-json\/wp\/v2\/media\/34558"}],"wp:attachment":[{"href":"https:\/\/www.lavillagardendesign.com\/es\/wp-json\/wp\/v2\/media?parent=34753"}],"wp:term":[{"taxonomy":"product_brand","embeddable":true,"href":"https:\/\/www.lavillagardendesign.com\/es\/wp-json\/wp\/v2\/product_brand?post=34753"},{"taxonomy":"product_cat","embeddable":true,"href":"https:\/\/www.lavillagardendesign.com\/es\/wp-json\/wp\/v2\/product_cat?post=34753"},{"taxonomy":"product_tag","embeddable":true,"href":"https:\/\/www.lavillagardendesign.com\/es\/wp-json\/wp\/v2\/product_tag?post=34753"}],"curies":[{"name":"wp","href":"https:\/\/api.w.org\/{rel}","templated":true}]}}